{"id":14230,"date":"2025-05-25T17:35:27","date_gmt":"2025-05-25T14:35:27","guid":{"rendered":"https:\/\/idakorea.ee\/?post_type=product&#038;p=14230"},"modified":"2026-04-03T14:31:46","modified_gmt":"2026-04-03T12:31:46","slug":"medi-peel-hyal-kombucha-tea-tox-ampoule","status":"publish","type":"product","link":"https:\/\/idakorea.ee\/fi\/product\/medi-peel-hyal-kombucha-tea-tox-ampoule\/","title":{"rendered":"Palauttava ampulli Medi-Peel Hyal Kombucha Tea-Tox Ampulli, 50ml"},"content":{"rendered":"<p><strong>Medi-Peel Hyal Kombucha Tea-Tox -ampulli<\/strong> Ravitsee, pehment\u00e4\u00e4 ja kosteuttaa ihoa tehden siit\u00e4 joustavan, sile\u00e4n ja s\u00e4teilev\u00e4n. Tuote palauttaa kosteustasapainon, vahvistaa ihon luonnollista suojakerrosta ja pehment\u00e4\u00e4 karheita alueita.<\/p>\n<p>Ampulli tukee ihon kimmoisuutta, poistaa sameutta, kosteuttaa ihoa syv\u00e4lt\u00e4, tasoittaa ihon s\u00e4vy\u00e4 ja suojaa ulkoisilta \u00e4rsykkeilt\u00e4. Imeytyy nopeasti eik\u00e4 j\u00e4t\u00e4 tahmeaa tunnetta.<\/p>\n<p>Tuotteen koostumus ei perustu veteen, vaan Isossa-Britanniassa tuotettuun 70%-kombuchaan, jota fermentoidaan 336 tuntia 29 \u00b0C:ssa. Kombucha on runsas mineraalien, vitamiinien, polyfenolien ja aminohappojen l\u00e4hde \u2013 se toimii voimakkaana antioksidanttina, hidastaen oksidatiivisia prosesseja ja auttaen yll\u00e4pit\u00e4m\u00e4\u00e4n ihon nuorekkuutta ja kimmoisuutta.<\/p>\n<p>Viisi erilaista keramidia palauttavat, vahvistavat ja pehment\u00e4v\u00e4t ihoa. Keramidit vahvistavat ihon hydrolipidikerrosta, koska ne ovat rakenteeltaan samanlaisia kuin ihon omat lipidit ja siksi imeytyv\u00e4t ja toimivat erityisen tehokkaasti. Ne auttavat est\u00e4m\u00e4\u00e4n kosteuden haihtumista ja suojaavat ihoa kuivumiselta.<\/p>\n<p>Ampullin keramidit toimivat liposomeina, jotka kapseloivat vaikuttavat aineosat \u2013 kombuchaa ja hyaluronihappoa. T\u00e4m\u00e4n ansiosta vaikuttavat aineosat p\u00e4\u00e4sev\u00e4t syvemm\u00e4lle ihokerroksiin, miss\u00e4 ne imeytyv\u00e4t paremmin ja toimivat tehokkaammin.<\/p>\n<p>Tuotteella on kansainv\u00e4linen V-Label\u00ae vegaanisertifikaatti, joka vahvistaa, ettei tuote sis\u00e4ll\u00e4 el\u00e4inper\u00e4isi\u00e4 ainesosia.<\/p>\n<p><strong>Muita vaikuttavia aineita:<\/strong><\/p>\n<ul>\n<li><strong>MadeWhite\u2122<\/strong> \u2013 madekassosidia (aasian vesinavan johdannainen) ja pentyleeniglykolia sis\u00e4lt\u00e4v\u00e4 yhdistelm\u00e4. Est\u00e4\u00e4 tulehdusreaktioista vastaavan entsyymin (syklo-oksigenaasi) tuotantoa, mik\u00e4 auttaa ehk\u00e4isem\u00e4\u00e4n tulehdusta ja aknen j\u00e4lkeisi\u00e4 arpia.<\/li>\n<li><strong>Redsnow<\/strong> \u2013 Jejun saarelta per\u00e4isin olevaan japanilaiseen kameliauutteeseen perustuva ik\u00e4\u00e4ntymist\u00e4 est\u00e4v\u00e4 kompleksi. Stimuloi kollageenin tuotantoa, est\u00e4\u00e4 kollageenia hajottavia MMP-1-geenej\u00e4 ja salpaa oksidatiivisia prosesseja k\u00e4ynnist\u00e4vi\u00e4 reseptoreita.<\/li>\n<li><strong>Eosidin\u2122<\/strong> \u2013 saatu Unshiu-mandariinista. Vaikuttaa immuunivastetta s\u00e4\u00e4telev\u00e4sti, v\u00e4hent\u00e4\u00e4 ihon herkkyytt\u00e4 ja vahvistaa ihon puolustuskyky\u00e4.<\/li>\n<li><strong>Niasiiniamidi (B3-vitamiini)<\/strong> \u2013 vaalentaa pigmenttimuutoksia ja ehk\u00e4isee niiden muodostumista, s\u00e4\u00e4telee talin erityst\u00e4, v\u00e4hent\u00e4\u00e4 kiiltoa T-alueella (otsa, nen\u00e4, posket, leuka), vahvistaa ihon puolustusmekanismeja.<\/li>\n<li><strong>Syanokobalamiini (B12-vitamiini)<\/strong> \u2013 kosteuttaa ja rauhoittaa ihoa, v\u00e4hent\u00e4\u00e4 tulehdusta, vahvistaa kapillaareja ja tukee aknen hoitoa.<\/li>\n<li><strong>6 erilaista hyaluronihappoa<\/strong> Eri molekyylipainoiset koostumukset varmistavat kosteutuksen sek\u00e4 ihon pinnalla ett\u00e4 syvemmill\u00e4 kerroksilla. Ne sitovat kosteutta, est\u00e4v\u00e4t kuivumista, pehment\u00e4v\u00e4t ihoa ja luovat ihon pinnalle suojaavan kerroksen, joka pid\u00e4tt\u00e4\u00e4 kosteutta.<\/li>\n<\/ul>\n<p>&nbsp;<\/p>\n<p>Sopii kaikille ihotyypeille.<\/p>\n<p><strong>K\u00e4ytt\u00f6:<\/strong><br \/>\nPuhdistuksen ja kasvoveden j\u00e4lkeen levit\u00e4 ampulli tasaisesti kasvoillesi.<\/p>","protected":false},"excerpt":{"rendered":"<p>Medi-Peel Hyal Kombucha Tea-Tox Ampoule ravitsee, pehment\u00e4\u00e4 ja kosteuttaa ihoa tehden siit\u00e4 joustavan, sile\u00e4n ja s\u00e4teilev\u00e4n. Tuote palauttaa kosteustasapainon, vahvistaa ihon luonnollista suojakerrosta ja pehment\u00e4\u00e4 karheita alueita. Ampulli tukee ihon kimmoisuutta, poistaa sameutta, kosteuttaa syv\u00e4sti, tasoittaa ihoa ja suojaa ulkoisilta \u00e4rsykkeilt\u00e4. Imeytyy nopeasti eik\u00e4 j\u00e4t\u00e4 tahmeaa tunnetta. Kaava ei perustu...<\/p>","protected":false},"featured_media":14231,"comment_status":"open","ping_status":"closed","template":"","meta":{"_uf_show_specific_survey":0,"_uf_disable_surveys":false,"_bst_post_transparent":"default","_bst_post_title":"","_bst_post_layout":"default","_bst_post_sidebar_id":"","_bst_post_content_style":"default","_bst_post_vertical_padding":"default","_bst_post_feature":"","_bst_post_feature_position":"","_bst_post_header":false,"_bst_post_footer":false},"pwb-brand":[107],"product_brand":[],"product_cat":[92,97],"product_tag":[834,381],"class_list":{"0":"post-14230","1":"product","2":"type-product","3":"status-publish","4":"has-post-thumbnail","6":"pwb-brand-medipeel","7":"product_cat-nagu","8":"product_cat-naoseerumid-ja-olid","9":"product_tag-kombucha","10":"product_tag-medipeel","12":"first","13":"instock","14":"sale","15":"shipping-taxable","16":"purchasable","17":"product-type-simple","18":"entry","19":"content-bg","20":"loop-entry"},"supplier_id":null,"supplier_sku":"","barcode":null,"atum_controlled":true,"out_stock_date":null,"out_stock_threshold":null,"inheritable":false,"inbound_stock":0,"stock_on_hold":0,"sold_today":0,"sales_last_days":0,"out_stock_days":0,"lost_sales":0,"has_location":false,"update_date":"2026-04-14T00:05:12","atum_locations":[],"atum_stock_status":"instock","restock_status":false,"low_stock_amount":"","sales_update_date":"2026-04-14T00:05:12","calc_backorders":null,"yoast_head":"<!-- This site is optimized with the Yoast SEO plugin v27.2 - https:\/\/yoast.com\/product\/yoast-seo-wordpress\/ -->\n<title>Medi-Peel Hyal Kombucha Tea-Tox Ampoule - IDA.KOREA<\/title>\n<meta name=\"description\" content=\"Taastav ampull Medi-Peel Hyal Kombucha Tea-Tox Ampoule toidab, pehmendab ja niisutab nahka, muutes selle elastseks, siledaks ja s\u00e4ravaks. Kiire tarne!\" \/>\n<meta name=\"robots\" content=\"index, follow, max-snippet:-1, max-image-preview:large, max-video-preview:-1\" \/>\n<link rel=\"canonical\" href=\"https:\/\/idakorea.ee\/fi\/product\/medi-peel-hyal-kombucha-tea-tox-ampoule\/\" \/>\n<meta property=\"og:locale\" content=\"fi_FI\" \/>\n<meta property=\"og:type\" content=\"article\" \/>\n<meta property=\"og:title\" content=\"Medi-Peel Hyal Kombucha Tea-Tox Ampoule - IDA.KOREA\" \/>\n<meta property=\"og:description\" content=\"Taastav ampull Medi-Peel Hyal Kombucha Tea-Tox Ampoule toidab, pehmendab ja niisutab nahka, muutes selle elastseks, siledaks ja s\u00e4ravaks. Kiire tarne!\" \/>\n<meta property=\"og:url\" content=\"https:\/\/idakorea.ee\/fi\/product\/medi-peel-hyal-kombucha-tea-tox-ampoule\/\" \/>\n<meta property=\"og:site_name\" content=\"IDA.KOREA\" \/>\n<meta property=\"article:modified_time\" content=\"2026-04-03T12:31:46+00:00\" \/>\n<meta property=\"og:image\" content=\"https:\/\/idakorea.ee\/wp-content\/uploads\/2025\/05\/medi_peel-hyal-kombucha-tea_tox-ampoule-idakorea.jpg\" \/>\n\t<meta property=\"og:image:width\" content=\"1000\" \/>\n\t<meta property=\"og:image:height\" content=\"1000\" \/>\n\t<meta property=\"og:image:type\" content=\"image\/jpeg\" \/>\n<meta name=\"twitter:card\" content=\"summary_large_image\" \/>\n<meta name=\"twitter:label1\" content=\"Arvioitu lukuaika\" \/>\n\t<meta name=\"twitter:data1\" content=\"2 minuuttia\" \/>\n<script type=\"application\/ld+json\" class=\"yoast-schema-graph\">{\"@context\":\"https:\/\/schema.org\",\"@graph\":[{\"@type\":\"WebPage\",\"@id\":\"https:\/\/idakorea.ee\/product\/medi-peel-hyal-kombucha-tea-tox-ampoule\/\",\"url\":\"https:\/\/idakorea.ee\/product\/medi-peel-hyal-kombucha-tea-tox-ampoule\/\",\"name\":\"Medi-Peel Hyal Kombucha Tea-Tox Ampoule - IDA.KOREA\",\"isPartOf\":{\"@id\":\"https:\/\/idakorea.ee\/#website\"},\"primaryImageOfPage\":{\"@id\":\"https:\/\/idakorea.ee\/product\/medi-peel-hyal-kombucha-tea-tox-ampoule\/#primaryimage\"},\"image\":{\"@id\":\"https:\/\/idakorea.ee\/product\/medi-peel-hyal-kombucha-tea-tox-ampoule\/#primaryimage\"},\"thumbnailUrl\":\"https:\/\/idakorea.ee\/wp-content\/uploads\/2025\/05\/medi_peel-hyal-kombucha-tea_tox-ampoule-idakorea.jpg\",\"datePublished\":\"2025-05-25T14:35:27+00:00\",\"dateModified\":\"2026-04-03T12:31:46+00:00\",\"description\":\"Taastav ampull Medi-Peel Hyal Kombucha Tea-Tox Ampoule toidab, pehmendab ja niisutab nahka, muutes selle elastseks, siledaks ja s\u00e4ravaks. Kiire tarne!\",\"breadcrumb\":{\"@id\":\"https:\/\/idakorea.ee\/product\/medi-peel-hyal-kombucha-tea-tox-ampoule\/#breadcrumb\"},\"inLanguage\":\"fi\",\"potentialAction\":[{\"@type\":\"ReadAction\",\"target\":[\"https:\/\/idakorea.ee\/product\/medi-peel-hyal-kombucha-tea-tox-ampoule\/\"]}]},{\"@type\":\"ImageObject\",\"inLanguage\":\"fi\",\"@id\":\"https:\/\/idakorea.ee\/product\/medi-peel-hyal-kombucha-tea-tox-ampoule\/#primaryimage\",\"url\":\"https:\/\/idakorea.ee\/wp-content\/uploads\/2025\/05\/medi_peel-hyal-kombucha-tea_tox-ampoule-idakorea.jpg\",\"contentUrl\":\"https:\/\/idakorea.ee\/wp-content\/uploads\/2025\/05\/medi_peel-hyal-kombucha-tea_tox-ampoule-idakorea.jpg\",\"width\":1000,\"height\":1000},{\"@type\":\"BreadcrumbList\",\"@id\":\"https:\/\/idakorea.ee\/product\/medi-peel-hyal-kombucha-tea-tox-ampoule\/#breadcrumb\",\"itemListElement\":[{\"@type\":\"ListItem\",\"position\":1,\"name\":\"\u0413\u043b\u0430\u0432\u043d\u0430\u044f \u0441\u0442\u0440\u0430\u043d\u0438\u0446\u0430\",\"item\":\"https:\/\/idakorea.ee\/\"},{\"@type\":\"ListItem\",\"position\":2,\"name\":\"Shop\",\"item\":\"https:\/\/idakorea.ee\/shop-2\/\"},{\"@type\":\"ListItem\",\"position\":3,\"name\":\"Taastav ampull Medi-Peel Hyal Kombucha Tea-Tox Ampoule, 50ml\"}]},{\"@type\":\"WebSite\",\"@id\":\"https:\/\/idakorea.ee\/#website\",\"url\":\"https:\/\/idakorea.ee\/\",\"name\":\"IDA.KOREA\",\"description\":\"Korea kosmeetika e-pood\",\"publisher\":{\"@id\":\"https:\/\/idakorea.ee\/#organization\"},\"alternateName\":\"Beauty Shop\",\"potentialAction\":[{\"@type\":\"SearchAction\",\"target\":{\"@type\":\"EntryPoint\",\"urlTemplate\":\"https:\/\/idakorea.ee\/?s={search_term_string}\"},\"query-input\":{\"@type\":\"PropertyValueSpecification\",\"valueRequired\":true,\"valueName\":\"search_term_string\"}}],\"inLanguage\":\"fi\"},{\"@type\":\"Organization\",\"@id\":\"https:\/\/idakorea.ee\/#organization\",\"name\":\"IDA.KOREA\",\"url\":\"https:\/\/idakorea.ee\/\",\"logo\":{\"@type\":\"ImageObject\",\"inLanguage\":\"fi\",\"@id\":\"https:\/\/idakorea.ee\/#\/schema\/logo\/image\/\",\"url\":\"https:\/\/idakorea.ee\/wp-content\/uploads\/2024\/05\/cropped-korea3.png\",\"contentUrl\":\"https:\/\/idakorea.ee\/wp-content\/uploads\/2024\/05\/cropped-korea3.png\",\"width\":688,\"height\":126,\"caption\":\"IDA.KOREA\"},\"image\":{\"@id\":\"https:\/\/idakorea.ee\/#\/schema\/logo\/image\/\"},\"sameAs\":[\"https:\/\/www.instagram.com\/ida.korea\/\"]}]}<\/script>\n<!-- \/ Yoast SEO plugin. -->","yoast_head_json":{"title":"Medi-Peel Hyal Kombucha Tea-Tox -ampulli - IDA.KOREA","description":"Medi-Peel Hyal Kombucha Tea-Tox -ampulli ravitsee, pehment\u00e4\u00e4 ja kosteuttaa ihoa tehden siit\u00e4 joustavan, sile\u00e4n ja s\u00e4teilev\u00e4n. Nopea toimitus!","robots":{"index":"index","follow":"follow","max-snippet":"max-snippet:-1","max-image-preview":"max-image-preview:large","max-video-preview":"max-video-preview:-1"},"canonical":"https:\/\/idakorea.ee\/fi\/product\/medi-peel-hyal-kombucha-tea-tox-ampoule\/","og_locale":"fi_FI","og_type":"article","og_title":"Medi-Peel Hyal Kombucha Tea-Tox Ampoule - IDA.KOREA","og_description":"Taastav ampull Medi-Peel Hyal Kombucha Tea-Tox Ampoule toidab, pehmendab ja niisutab nahka, muutes selle elastseks, siledaks ja s\u00e4ravaks. Kiire tarne!","og_url":"https:\/\/idakorea.ee\/fi\/product\/medi-peel-hyal-kombucha-tea-tox-ampoule\/","og_site_name":"IDA.KOREA","article_modified_time":"2026-04-03T12:31:46+00:00","og_image":[{"width":1000,"height":1000,"url":"https:\/\/idakorea.ee\/wp-content\/uploads\/2025\/05\/medi_peel-hyal-kombucha-tea_tox-ampoule-idakorea.jpg","type":"image\/jpeg"}],"twitter_card":"summary_large_image","twitter_misc":{"Arvioitu lukuaika":"2 minuuttia"},"schema":{"@context":"https:\/\/schema.org","@graph":[{"@type":"WebPage","@id":"https:\/\/idakorea.ee\/product\/medi-peel-hyal-kombucha-tea-tox-ampoule\/","url":"https:\/\/idakorea.ee\/product\/medi-peel-hyal-kombucha-tea-tox-ampoule\/","name":"Medi-Peel Hyal Kombucha Tea-Tox -ampulli - IDA.KOREA","isPartOf":{"@id":"https:\/\/idakorea.ee\/#website"},"primaryImageOfPage":{"@id":"https:\/\/idakorea.ee\/product\/medi-peel-hyal-kombucha-tea-tox-ampoule\/#primaryimage"},"image":{"@id":"https:\/\/idakorea.ee\/product\/medi-peel-hyal-kombucha-tea-tox-ampoule\/#primaryimage"},"thumbnailUrl":"https:\/\/idakorea.ee\/wp-content\/uploads\/2025\/05\/medi_peel-hyal-kombucha-tea_tox-ampoule-idakorea.jpg","datePublished":"2025-05-25T14:35:27+00:00","dateModified":"2026-04-03T12:31:46+00:00","description":"Medi-Peel Hyal Kombucha Tea-Tox -ampulli ravitsee, pehment\u00e4\u00e4 ja kosteuttaa ihoa tehden siit\u00e4 joustavan, sile\u00e4n ja s\u00e4teilev\u00e4n. Nopea toimitus!","breadcrumb":{"@id":"https:\/\/idakorea.ee\/product\/medi-peel-hyal-kombucha-tea-tox-ampoule\/#breadcrumb"},"inLanguage":"fi","potentialAction":[{"@type":"ReadAction","target":["https:\/\/idakorea.ee\/product\/medi-peel-hyal-kombucha-tea-tox-ampoule\/"]}]},{"@type":"ImageObject","inLanguage":"fi","@id":"https:\/\/idakorea.ee\/product\/medi-peel-hyal-kombucha-tea-tox-ampoule\/#primaryimage","url":"https:\/\/idakorea.ee\/wp-content\/uploads\/2025\/05\/medi_peel-hyal-kombucha-tea_tox-ampoule-idakorea.jpg","contentUrl":"https:\/\/idakorea.ee\/wp-content\/uploads\/2025\/05\/medi_peel-hyal-kombucha-tea_tox-ampoule-idakorea.jpg","width":1000,"height":1000},{"@type":"BreadcrumbList","@id":"https:\/\/idakorea.ee\/product\/medi-peel-hyal-kombucha-tea-tox-ampoule\/#breadcrumb","itemListElement":[{"@type":"ListItem","position":1,"name":"\u0413\u043b\u0430\u0432\u043d\u0430\u044f \u0441\u0442\u0440\u0430\u043d\u0438\u0446\u0430","item":"https:\/\/idakorea.ee\/"},{"@type":"ListItem","position":2,"name":"Shop","item":"https:\/\/idakorea.ee\/shop-2\/"},{"@type":"ListItem","position":3,"name":"Taastav ampull Medi-Peel Hyal Kombucha Tea-Tox Ampoule, 50ml"}]},{"@type":"WebSite","@id":"https:\/\/idakorea.ee\/#website","url":"https:\/\/idakorea.ee\/","name":"IDA.KOREA","description":"Korean kosmetiikan verkkokauppa","publisher":{"@id":"https:\/\/idakorea.ee\/#organization"},"alternateName":"Beauty Shop","potentialAction":[{"@type":"SearchAction","target":{"@type":"EntryPoint","urlTemplate":"https:\/\/idakorea.ee\/?s={search_term_string}"},"query-input":{"@type":"PropertyValueSpecification","valueRequired":true,"valueName":"search_term_string"}}],"inLanguage":"fi"},{"@type":"Organization","@id":"https:\/\/idakorea.ee\/#organization","name":"IDA.KOREA","url":"https:\/\/idakorea.ee\/","logo":{"@type":"ImageObject","inLanguage":"fi","@id":"https:\/\/idakorea.ee\/#\/schema\/logo\/image\/","url":"https:\/\/idakorea.ee\/wp-content\/uploads\/2024\/05\/cropped-korea3.png","contentUrl":"https:\/\/idakorea.ee\/wp-content\/uploads\/2024\/05\/cropped-korea3.png","width":688,"height":126,"caption":"IDA.KOREA"},"image":{"@id":"https:\/\/idakorea.ee\/#\/schema\/logo\/image\/"},"sameAs":["https:\/\/www.instagram.com\/ida.korea\/"]}]}},"jetpack_sharing_enabled":true,"brands":[{"id":107,"name":"MEDIPEEL+","slug":"medipeel"}],"_links":{"self":[{"href":"https:\/\/idakorea.ee\/fi\/wp-json\/wp\/v2\/product\/14230","targetHints":{"allow":["GET"]}}],"collection":[{"href":"https:\/\/idakorea.ee\/fi\/wp-json\/wp\/v2\/product"}],"about":[{"href":"https:\/\/idakorea.ee\/fi\/wp-json\/wp\/v2\/types\/product"}],"replies":[{"embeddable":true,"href":"https:\/\/idakorea.ee\/fi\/wp-json\/wp\/v2\/comments?post=14230"}],"version-history":[{"count":1,"href":"https:\/\/idakorea.ee\/fi\/wp-json\/wp\/v2\/product\/14230\/revisions"}],"predecessor-version":[{"id":14234,"href":"https:\/\/idakorea.ee\/fi\/wp-json\/wp\/v2\/product\/14230\/revisions\/14234"}],"wp:featuredmedia":[{"embeddable":true,"href":"https:\/\/idakorea.ee\/fi\/wp-json\/wp\/v2\/media\/14231"}],"wp:attachment":[{"href":"https:\/\/idakorea.ee\/fi\/wp-json\/wp\/v2\/media?parent=14230"}],"wp:term":[{"taxonomy":"pwb-brand","embeddable":true,"href":"https:\/\/idakorea.ee\/fi\/wp-json\/wp\/v2\/pwb-brand?post=14230"},{"taxonomy":"product_brand","embeddable":true,"href":"https:\/\/idakorea.ee\/fi\/wp-json\/wp\/v2\/product_brand?post=14230"},{"taxonomy":"product_cat","embeddable":true,"href":"https:\/\/idakorea.ee\/fi\/wp-json\/wp\/v2\/product_cat?post=14230"},{"taxonomy":"product_tag","embeddable":true,"href":"https:\/\/idakorea.ee\/fi\/wp-json\/wp\/v2\/product_tag?post=14230"}],"curies":[{"name":"wp","href":"https:\/\/api.w.org\/{rel}","templated":true}]}}