{"id":14235,"date":"2025-05-25T17:49:32","date_gmt":"2025-05-25T14:49:32","guid":{"rendered":"https:\/\/idakorea.ee\/?post_type=product&#038;p=14235"},"modified":"2026-04-03T14:36:28","modified_gmt":"2026-04-03T12:36:28","slug":"medi-peel-hyal-kombucha-tea-tox-toner-150ml","status":"publish","type":"product","link":"https:\/\/idakorea.ee\/fi\/product\/medi-peel-hyal-kombucha-tea-tox-toner-150ml\/","title":{"rendered":"Kaksisuuntainen kasvovesi Medipeel Hyal Kombucha Tea-Tox Toner, 150ml"},"content":{"rendered":"<p><strong>Kaksisuuntainen v\u00e4riaine Medipeel Hyal Kombucha Tea-Tox Toner Medipeel Hyal Kombucha Tea-Tox Toner<\/strong> pehment\u00e4\u00e4 ja ravitsee ihoa, palauttaa vaurioituneen ihon, poistaa kuivuutta ja kuoriutumista, silottaa ja tukee ihon kimmoisuutta. pH ~6,0.<\/p>\n<p>Vesi vahvistaa ihon luonnollista suojakerrosta, poistaa sameutta ja antaa terveen hehkun, palauttaa ihon pH-tasapainon ja valmistelee ihon seuraaville hoitotuotteille. Sen koostumus on hennon kermainen. Virkist\u00e4\u00e4 ja imeytyy nopeasti.<\/p>\n<p>Tuote sis\u00e4lt\u00e4\u00e4 Yhdistyneess\u00e4 kuningaskunnassa tuotettua kombuchaa 70%, jota on k\u00e4ynyt 336 tuntia 29 \u00b0C:ssa. Kombucha sis\u00e4lt\u00e4\u00e4 runsaasti vitamiineja, polyfenoleja, aminohappoja ja kivenn\u00e4isaineita, ja se taistelee aktiivisesti vapaita radikaaleja vastaan, hidastaa ik\u00e4\u00e4ntymisprosessia, vahvistaa ihon vastustuskyky\u00e4 ja suojaavia toimintoja.<\/p>\n<p>5 erilaista keramidia tasoittaa ihon rakennetta, poistaa kuivuutta ja kirist\u00e4v\u00e4\u00e4 tunnetta sek\u00e4 pehment\u00e4\u00e4 kuorinta-alueita. Keramidit ovat samankaltaisia kuin ihon omat lipidit, mink\u00e4 ansiosta ne integroituvat sarveiskerrokseen, vahvistavat sit\u00e4 ja suojaavat ihoa kosteuden menetykselt\u00e4 ja haitallisilta ymp\u00e4rist\u00f6vaikutuksilta.<\/p>\n<p>Veden sis\u00e4lt\u00e4m\u00e4t keramidit toimivat my\u00f6s liposomeina, jotka kuljettavat aktiiviset ainesosat - kombucha ja hyaluronihappo - syv\u00e4lle ihoon nopeuttaen ja tehostaen niiden vaikutusta.<\/p>\n<p>Tuotteella on kansainv\u00e4linen V-Label\u00ae-vegaanisertifikaatti, joka vahvistaa, ett\u00e4 se ei sis\u00e4ll\u00e4 el\u00e4inper\u00e4isi\u00e4 ainesosia.<\/p>\n<p><strong>Muita vaikuttavia aineita:<\/strong><\/p>\n<ul>\n<li><strong>6 erilaista hyaluronihappoa<\/strong> kosteuttavat ihon syvempi\u00e4 kerroksia sek\u00e4 sarveiskerrosta sitoen kosteutta ja muodostaen suojakerroksen, joka ehk\u00e4isee ihon kuivumista ja kuivumista.<\/li>\n<li><strong>MadeWhite\u2122<\/strong> - madecassosidin (Centella asiatica -johdannainen) ja pentyleeniglykolin kompleksi, joka est\u00e4\u00e4 syklooksygenaasientsyymin tuotantoa, v\u00e4hent\u00e4\u00e4 tulehdusreaktioita ja ehk\u00e4isee aknen j\u00e4lkeisi\u00e4 j\u00e4lki\u00e4.<\/li>\n<li><strong>Niasiiniamidi (B3-vitamiini)<\/strong> - vaalentaa ja ehk\u00e4isee pigmentaatiota, s\u00e4\u00e4telee \u00f6ljyntuotantoa, v\u00e4hent\u00e4\u00e4 kiiltoa T-alueella (otsa, nen\u00e4, posket, leuka) ja vahvistaa ihon puolustuskyky\u00e4.<\/li>\n<li><strong>Redsnow<\/strong> - ik\u00e4\u00e4ntymist\u00e4 ehk\u00e4isev\u00e4 kompleksi, joka perustuu japanilaiseen kameliauutteeseen Jejun saarelta. Stimuloi kollageenin tuotantoa, est\u00e4\u00e4 kollageenia hajottavia geenej\u00e4 (MMP-1) ja est\u00e4\u00e4 reseptoreita, jotka k\u00e4ynnist\u00e4v\u00e4t hapettumisprosesseja.<\/li>\n<li><strong>Syanokobalamiini (B12-vitamiini)<\/strong> - kosteuttaa, rauhoittaa, lievitt\u00e4\u00e4 tulehdusta, vahvistaa kapillaareja ja auttaa aknen hoidossa.<\/li>\n<li><strong>Eosidin\u2122<\/strong> - joka on per\u00e4isin unsiu-mandariinista, toimii immunomodulaattorina, v\u00e4hent\u00e4\u00e4 ihon herkkyytt\u00e4 ja parantaa barrieritoimintaa.<\/li>\n<li><strong>Adenos<\/strong> - Stimuloi kollageenisynteesi\u00e4, parantaa ihon kimmoisuutta ja tiheytt\u00e4 ja auttaa ehk\u00e4isem\u00e4\u00e4n ryppyj\u00e4.<\/li>\n<\/ul>\n<p>&nbsp;<\/p>\n<p>Sopii kaikille ihotyypeille.<\/p>\n<p><strong>K\u00e4ytt\u00f6: <\/strong>Ravista v\u00e4riainetta ennen k\u00e4ytt\u00f6\u00e4. Kun olet pessyt kasvosi, levit\u00e4 kasvovett\u00e4 kasvoillesi k\u00e4mmenill\u00e4si tai vanulapulla. Voidaan k\u00e4ytt\u00e4\u00e4 my\u00f6s paikallisena naamiona: kostuta vanulappu tonerilla ja aseta se iholle 2-5 minuutiksi.<\/p>","protected":false},"excerpt":{"rendered":"<p>Medipeel Hyal Kombucha Tea-Tox Toner pehment\u00e4\u00e4 ja ravitsee ihoa, palauttaa vaurioita, poistaa kuivuutta ja kuorintaa, silottaa ja tukee ihon kimmoisuutta. pH ~6,0. Toner vahvistaa ihon luonnollista suojamuuria, poistaa sameutta ja palauttaa terveen hehkun, palauttaa ihon pH-tasapainon ja valmistelee ihoa seuraaville hoitotuotteille. Siin\u00e4 on hell\u00e4varainen kermainen koostumus. Virkist\u00e4\u00e4 ja imeytyy nopeasti....<\/p>","protected":false},"featured_media":14236,"comment_status":"open","ping_status":"closed","template":"","meta":{"_uf_show_specific_survey":0,"_uf_disable_surveys":false,"_bst_post_transparent":"default","_bst_post_title":"","_bst_post_layout":"default","_bst_post_sidebar_id":"","_bst_post_content_style":"default","_bst_post_vertical_padding":"default","_bst_post_feature":"","_bst_post_feature_position":"","_bst_post_header":false,"_bst_post_footer":false},"pwb-brand":[107],"product_brand":[],"product_cat":[92,158],"product_tag":[834,381,855],"class_list":{"0":"post-14235","1":"product","2":"type-product","3":"status-publish","4":"has-post-thumbnail","6":"pwb-brand-medipeel","7":"product_cat-nagu","8":"product_cat-toonik","9":"product_tag-kombucha","10":"product_tag-medipeel","11":"product_tag-toner","13":"first","14":"instock","15":"sale","16":"shipping-taxable","17":"purchasable","18":"product-type-simple","19":"entry","20":"content-bg","21":"loop-entry"},"supplier_id":null,"supplier_sku":"","barcode":null,"atum_controlled":true,"out_stock_date":null,"out_stock_threshold":null,"inheritable":false,"inbound_stock":0,"stock_on_hold":0,"sold_today":0,"sales_last_days":0,"out_stock_days":0,"lost_sales":0,"has_location":false,"update_date":"2026-04-14T00:05:12","atum_locations":[],"atum_stock_status":"instock","restock_status":false,"low_stock_amount":"","sales_update_date":"2026-04-14T00:05:12","calc_backorders":null,"yoast_head":"<!-- This site is optimized with the Yoast SEO plugin v27.2 - https:\/\/yoast.com\/product\/yoast-seo-wordpress\/ -->\n<title>Medi-Peel Hyal Kombucha Tea-Tox Toner - IDA.KOREA<\/title>\n<meta name=\"description\" content=\"Kahesuunaline toonik Medipeel Hyal Kombucha Tea-Tox Toner pehmendab ja toidab nahka, k\u00f5rvaldab kuivuse ja kestenduse, silendab ning toetab naha elastsust.\" \/>\n<meta name=\"robots\" content=\"index, follow, max-snippet:-1, max-image-preview:large, max-video-preview:-1\" \/>\n<link rel=\"canonical\" href=\"https:\/\/idakorea.ee\/fi\/product\/medi-peel-hyal-kombucha-tea-tox-toner-150ml\/\" \/>\n<meta property=\"og:locale\" content=\"fi_FI\" \/>\n<meta property=\"og:type\" content=\"article\" \/>\n<meta property=\"og:title\" content=\"Medi-Peel Hyal Kombucha Tea-Tox Toner - IDA.KOREA\" \/>\n<meta property=\"og:description\" content=\"Kahesuunaline toonik Medipeel Hyal Kombucha Tea-Tox Toner pehmendab ja toidab nahka, k\u00f5rvaldab kuivuse ja kestenduse, silendab ning toetab naha elastsust.\" \/>\n<meta property=\"og:url\" content=\"https:\/\/idakorea.ee\/fi\/product\/medi-peel-hyal-kombucha-tea-tox-toner-150ml\/\" \/>\n<meta property=\"og:site_name\" content=\"IDA.KOREA\" \/>\n<meta property=\"article:modified_time\" content=\"2026-04-03T12:36:28+00:00\" \/>\n<meta property=\"og:image\" content=\"https:\/\/idakorea.ee\/wp-content\/uploads\/2025\/05\/medi_peel_-hyal-kombucha-tea_tox-toner-idakorea.ee_.jpg\" \/>\n\t<meta property=\"og:image:width\" content=\"1000\" \/>\n\t<meta property=\"og:image:height\" content=\"1000\" \/>\n\t<meta property=\"og:image:type\" content=\"image\/jpeg\" \/>\n<meta name=\"twitter:card\" content=\"summary_large_image\" \/>\n<meta name=\"twitter:label1\" content=\"Arvioitu lukuaika\" \/>\n\t<meta name=\"twitter:data1\" content=\"2 minuuttia\" \/>\n<script type=\"application\/ld+json\" class=\"yoast-schema-graph\">{\"@context\":\"https:\/\/schema.org\",\"@graph\":[{\"@type\":\"WebPage\",\"@id\":\"https:\/\/idakorea.ee\/product\/medi-peel-hyal-kombucha-tea-tox-toner-150ml\/\",\"url\":\"https:\/\/idakorea.ee\/product\/medi-peel-hyal-kombucha-tea-tox-toner-150ml\/\",\"name\":\"Medi-Peel Hyal Kombucha Tea-Tox Toner - IDA.KOREA\",\"isPartOf\":{\"@id\":\"https:\/\/idakorea.ee\/#website\"},\"primaryImageOfPage\":{\"@id\":\"https:\/\/idakorea.ee\/product\/medi-peel-hyal-kombucha-tea-tox-toner-150ml\/#primaryimage\"},\"image\":{\"@id\":\"https:\/\/idakorea.ee\/product\/medi-peel-hyal-kombucha-tea-tox-toner-150ml\/#primaryimage\"},\"thumbnailUrl\":\"https:\/\/idakorea.ee\/wp-content\/uploads\/2025\/05\/medi_peel_-hyal-kombucha-tea_tox-toner-idakorea.ee_.jpg\",\"datePublished\":\"2025-05-25T14:49:32+00:00\",\"dateModified\":\"2026-04-03T12:36:28+00:00\",\"description\":\"Kahesuunaline toonik Medipeel Hyal Kombucha Tea-Tox Toner pehmendab ja toidab nahka, k\u00f5rvaldab kuivuse ja kestenduse, silendab ning toetab naha elastsust.\",\"breadcrumb\":{\"@id\":\"https:\/\/idakorea.ee\/product\/medi-peel-hyal-kombucha-tea-tox-toner-150ml\/#breadcrumb\"},\"inLanguage\":\"fi\",\"potentialAction\":[{\"@type\":\"ReadAction\",\"target\":[\"https:\/\/idakorea.ee\/product\/medi-peel-hyal-kombucha-tea-tox-toner-150ml\/\"]}]},{\"@type\":\"ImageObject\",\"inLanguage\":\"fi\",\"@id\":\"https:\/\/idakorea.ee\/product\/medi-peel-hyal-kombucha-tea-tox-toner-150ml\/#primaryimage\",\"url\":\"https:\/\/idakorea.ee\/wp-content\/uploads\/2025\/05\/medi_peel_-hyal-kombucha-tea_tox-toner-idakorea.ee_.jpg\",\"contentUrl\":\"https:\/\/idakorea.ee\/wp-content\/uploads\/2025\/05\/medi_peel_-hyal-kombucha-tea_tox-toner-idakorea.ee_.jpg\",\"width\":1000,\"height\":1000},{\"@type\":\"BreadcrumbList\",\"@id\":\"https:\/\/idakorea.ee\/product\/medi-peel-hyal-kombucha-tea-tox-toner-150ml\/#breadcrumb\",\"itemListElement\":[{\"@type\":\"ListItem\",\"position\":1,\"name\":\"\u0413\u043b\u0430\u0432\u043d\u0430\u044f \u0441\u0442\u0440\u0430\u043d\u0438\u0446\u0430\",\"item\":\"https:\/\/idakorea.ee\/\"},{\"@type\":\"ListItem\",\"position\":2,\"name\":\"Shop\",\"item\":\"https:\/\/idakorea.ee\/shop-2\/\"},{\"@type\":\"ListItem\",\"position\":3,\"name\":\"Kahesuunaline toonik Medipeel Hyal Kombucha Tea-Tox Toner, 150ml\"}]},{\"@type\":\"WebSite\",\"@id\":\"https:\/\/idakorea.ee\/#website\",\"url\":\"https:\/\/idakorea.ee\/\",\"name\":\"IDA.KOREA\",\"description\":\"Korea kosmeetika e-pood\",\"publisher\":{\"@id\":\"https:\/\/idakorea.ee\/#organization\"},\"alternateName\":\"Beauty Shop\",\"potentialAction\":[{\"@type\":\"SearchAction\",\"target\":{\"@type\":\"EntryPoint\",\"urlTemplate\":\"https:\/\/idakorea.ee\/?s={search_term_string}\"},\"query-input\":{\"@type\":\"PropertyValueSpecification\",\"valueRequired\":true,\"valueName\":\"search_term_string\"}}],\"inLanguage\":\"fi\"},{\"@type\":\"Organization\",\"@id\":\"https:\/\/idakorea.ee\/#organization\",\"name\":\"IDA.KOREA\",\"url\":\"https:\/\/idakorea.ee\/\",\"logo\":{\"@type\":\"ImageObject\",\"inLanguage\":\"fi\",\"@id\":\"https:\/\/idakorea.ee\/#\/schema\/logo\/image\/\",\"url\":\"https:\/\/idakorea.ee\/wp-content\/uploads\/2024\/05\/cropped-korea3.png\",\"contentUrl\":\"https:\/\/idakorea.ee\/wp-content\/uploads\/2024\/05\/cropped-korea3.png\",\"width\":688,\"height\":126,\"caption\":\"IDA.KOREA\"},\"image\":{\"@id\":\"https:\/\/idakorea.ee\/#\/schema\/logo\/image\/\"},\"sameAs\":[\"https:\/\/www.instagram.com\/ida.korea\/\"]}]}<\/script>\n<!-- \/ Yoast SEO plugin. -->","yoast_head_json":{"title":"Medi-Peel Hyal Kombucha Tea-Tox Toner - IDA.KOREA","description":"Medipeel Hyal Kombucha Tea-Tox Toner pehment\u00e4\u00e4 ja ravitsee ihoa, poistaa kuivuutta ja kuorintaa, silottaa ja tukee ihon kimmoisuutta.","robots":{"index":"index","follow":"follow","max-snippet":"max-snippet:-1","max-image-preview":"max-image-preview:large","max-video-preview":"max-video-preview:-1"},"canonical":"https:\/\/idakorea.ee\/fi\/product\/medi-peel-hyal-kombucha-tea-tox-toner-150ml\/","og_locale":"fi_FI","og_type":"article","og_title":"Medi-Peel Hyal Kombucha Tea-Tox Toner - IDA.KOREA","og_description":"Kahesuunaline toonik Medipeel Hyal Kombucha Tea-Tox Toner pehmendab ja toidab nahka, k\u00f5rvaldab kuivuse ja kestenduse, silendab ning toetab naha elastsust.","og_url":"https:\/\/idakorea.ee\/fi\/product\/medi-peel-hyal-kombucha-tea-tox-toner-150ml\/","og_site_name":"IDA.KOREA","article_modified_time":"2026-04-03T12:36:28+00:00","og_image":[{"width":1000,"height":1000,"url":"https:\/\/idakorea.ee\/wp-content\/uploads\/2025\/05\/medi_peel_-hyal-kombucha-tea_tox-toner-idakorea.ee_.jpg","type":"image\/jpeg"}],"twitter_card":"summary_large_image","twitter_misc":{"Arvioitu lukuaika":"2 minuuttia"},"schema":{"@context":"https:\/\/schema.org","@graph":[{"@type":"WebPage","@id":"https:\/\/idakorea.ee\/product\/medi-peel-hyal-kombucha-tea-tox-toner-150ml\/","url":"https:\/\/idakorea.ee\/product\/medi-peel-hyal-kombucha-tea-tox-toner-150ml\/","name":"Medi-Peel Hyal Kombucha Tea-Tox Toner - IDA.KOREA","isPartOf":{"@id":"https:\/\/idakorea.ee\/#website"},"primaryImageOfPage":{"@id":"https:\/\/idakorea.ee\/product\/medi-peel-hyal-kombucha-tea-tox-toner-150ml\/#primaryimage"},"image":{"@id":"https:\/\/idakorea.ee\/product\/medi-peel-hyal-kombucha-tea-tox-toner-150ml\/#primaryimage"},"thumbnailUrl":"https:\/\/idakorea.ee\/wp-content\/uploads\/2025\/05\/medi_peel_-hyal-kombucha-tea_tox-toner-idakorea.ee_.jpg","datePublished":"2025-05-25T14:49:32+00:00","dateModified":"2026-04-03T12:36:28+00:00","description":"Medipeel Hyal Kombucha Tea-Tox Toner pehment\u00e4\u00e4 ja ravitsee ihoa, poistaa kuivuutta ja kuorintaa, silottaa ja tukee ihon kimmoisuutta.","breadcrumb":{"@id":"https:\/\/idakorea.ee\/product\/medi-peel-hyal-kombucha-tea-tox-toner-150ml\/#breadcrumb"},"inLanguage":"fi","potentialAction":[{"@type":"ReadAction","target":["https:\/\/idakorea.ee\/product\/medi-peel-hyal-kombucha-tea-tox-toner-150ml\/"]}]},{"@type":"ImageObject","inLanguage":"fi","@id":"https:\/\/idakorea.ee\/product\/medi-peel-hyal-kombucha-tea-tox-toner-150ml\/#primaryimage","url":"https:\/\/idakorea.ee\/wp-content\/uploads\/2025\/05\/medi_peel_-hyal-kombucha-tea_tox-toner-idakorea.ee_.jpg","contentUrl":"https:\/\/idakorea.ee\/wp-content\/uploads\/2025\/05\/medi_peel_-hyal-kombucha-tea_tox-toner-idakorea.ee_.jpg","width":1000,"height":1000},{"@type":"BreadcrumbList","@id":"https:\/\/idakorea.ee\/product\/medi-peel-hyal-kombucha-tea-tox-toner-150ml\/#breadcrumb","itemListElement":[{"@type":"ListItem","position":1,"name":"\u0413\u043b\u0430\u0432\u043d\u0430\u044f \u0441\u0442\u0440\u0430\u043d\u0438\u0446\u0430","item":"https:\/\/idakorea.ee\/"},{"@type":"ListItem","position":2,"name":"Shop","item":"https:\/\/idakorea.ee\/shop-2\/"},{"@type":"ListItem","position":3,"name":"Kahesuunaline toonik Medipeel Hyal Kombucha Tea-Tox Toner, 150ml"}]},{"@type":"WebSite","@id":"https:\/\/idakorea.ee\/#website","url":"https:\/\/idakorea.ee\/","name":"IDA.KOREA","description":"Korean kosmetiikan verkkokauppa","publisher":{"@id":"https:\/\/idakorea.ee\/#organization"},"alternateName":"Beauty Shop","potentialAction":[{"@type":"SearchAction","target":{"@type":"EntryPoint","urlTemplate":"https:\/\/idakorea.ee\/?s={search_term_string}"},"query-input":{"@type":"PropertyValueSpecification","valueRequired":true,"valueName":"search_term_string"}}],"inLanguage":"fi"},{"@type":"Organization","@id":"https:\/\/idakorea.ee\/#organization","name":"IDA.KOREA","url":"https:\/\/idakorea.ee\/","logo":{"@type":"ImageObject","inLanguage":"fi","@id":"https:\/\/idakorea.ee\/#\/schema\/logo\/image\/","url":"https:\/\/idakorea.ee\/wp-content\/uploads\/2024\/05\/cropped-korea3.png","contentUrl":"https:\/\/idakorea.ee\/wp-content\/uploads\/2024\/05\/cropped-korea3.png","width":688,"height":126,"caption":"IDA.KOREA"},"image":{"@id":"https:\/\/idakorea.ee\/#\/schema\/logo\/image\/"},"sameAs":["https:\/\/www.instagram.com\/ida.korea\/"]}]}},"jetpack_sharing_enabled":true,"brands":[{"id":107,"name":"MEDIPEEL+","slug":"medipeel"}],"_links":{"self":[{"href":"https:\/\/idakorea.ee\/fi\/wp-json\/wp\/v2\/product\/14235","targetHints":{"allow":["GET"]}}],"collection":[{"href":"https:\/\/idakorea.ee\/fi\/wp-json\/wp\/v2\/product"}],"about":[{"href":"https:\/\/idakorea.ee\/fi\/wp-json\/wp\/v2\/types\/product"}],"replies":[{"embeddable":true,"href":"https:\/\/idakorea.ee\/fi\/wp-json\/wp\/v2\/comments?post=14235"}],"version-history":[{"count":2,"href":"https:\/\/idakorea.ee\/fi\/wp-json\/wp\/v2\/product\/14235\/revisions"}],"predecessor-version":[{"id":14240,"href":"https:\/\/idakorea.ee\/fi\/wp-json\/wp\/v2\/product\/14235\/revisions\/14240"}],"wp:featuredmedia":[{"embeddable":true,"href":"https:\/\/idakorea.ee\/fi\/wp-json\/wp\/v2\/media\/14236"}],"wp:attachment":[{"href":"https:\/\/idakorea.ee\/fi\/wp-json\/wp\/v2\/media?parent=14235"}],"wp:term":[{"taxonomy":"pwb-brand","embeddable":true,"href":"https:\/\/idakorea.ee\/fi\/wp-json\/wp\/v2\/pwb-brand?post=14235"},{"taxonomy":"product_brand","embeddable":true,"href":"https:\/\/idakorea.ee\/fi\/wp-json\/wp\/v2\/product_brand?post=14235"},{"taxonomy":"product_cat","embeddable":true,"href":"https:\/\/idakorea.ee\/fi\/wp-json\/wp\/v2\/product_cat?post=14235"},{"taxonomy":"product_tag","embeddable":true,"href":"https:\/\/idakorea.ee\/fi\/wp-json\/wp\/v2\/product_tag?post=14235"}],"curies":[{"name":"wp","href":"https:\/\/api.w.org\/{rel}","templated":true}]}}