{"id":14248,"date":"2025-05-27T11:16:52","date_gmt":"2025-05-27T08:16:52","guid":{"rendered":"https:\/\/idakorea.ee\/?post_type=product&#038;p=14248"},"modified":"2026-04-03T10:53:10","modified_gmt":"2026-04-03T08:53:10","slug":"vt-cosmetics-pdrn-essence-100","status":"publish","type":"product","link":"https:\/\/idakorea.ee\/fi\/product\/vt-cosmetics-pdrn-essence-100\/","title":{"rendered":"Kiinteytt\u00e4v\u00e4 tehosteuute PDRN VT Cosmetics PDRN Essence 100:lla"},"content":{"rendered":"<p><strong>Tehostava tehosteuute PDRN:ll\u00e4 - VT Cosmetics PDRN Essence 100 - VT Cosmetics PDRN Essence 100<\/strong> lis\u00e4\u00e4 ihon kimmoisuutta ja tiheytt\u00e4, tehostaa ihon kohotusta ja hidastaa ik\u00e4\u00e4ntymisprosessia. V\u00e4hent\u00e4\u00e4 ryppyjen syvyytt\u00e4 ja tasoittaa juonteita, auttaa ehk\u00e4isem\u00e4\u00e4n ihon veltostumista. Palauttaa hydrolipidiesteen, vahvistaa ihon suojaavia toimintoja, poistaa kuivuutta ja antaa kasvoille terveen hehkun.<\/p>\n<p>Cerasome Complex Plus -liposomiteknologia yhdistettyn\u00e4 keramideihin takaa aktiivisten ainesosien syv\u00e4n imeytymisen ja tehokkaan vaikutuksen. Vegaaninen koostumus ei \u00e4rsyt\u00e4 eik\u00e4 kutita, ei sis\u00e4ll\u00e4 hajusteita ja sopii herk\u00e4lle iholle.<\/p>\n<p><strong>T\u00e4rkeimm\u00e4t vaikuttavat aineet:<\/strong><\/p>\n<ul>\n<li><strong>Phyto PDRN\u00ae Panax<\/strong> - ginseng-juuresta saatu polynukleotidi (100 000 ppm). Stimuloi solujen uudistumista, edist\u00e4\u00e4 paranemista, auttaa ehk\u00e4isem\u00e4\u00e4n ryppyj\u00e4 ja yll\u00e4pit\u00e4\u00e4 ihon tiheytt\u00e4 ja kimmoisuutta.<\/li>\n<li><strong>Polyglukuronihappo<\/strong> - oligosakkaridia, jolla on kosteuttava vaikutus ja joka vahvistaa ihon kosteussulkua.<\/li>\n<li><strong>5 erilaista keramidia<\/strong> - palauttaa sarveiskerroksen rakenteen, vahvistaa ihon luonnollista puolustuskyky\u00e4, v\u00e4hent\u00e4\u00e4 herkkyytt\u00e4 ulkoisille tekij\u00f6ille, lievitt\u00e4\u00e4 kuorintaa ja kuivuutta.<\/li>\n<li><strong>Skvala<\/strong> - poistaa kuivuutta ja kuivumista, kosteuttaa intensiivisesti eik\u00e4 j\u00e4t\u00e4 ihoa rasvaiseksi.<\/li>\n<li><strong>Pantenoli (B5-vitamiini)<\/strong> - lievitt\u00e4\u00e4 punoitusta ja kutinaa, vahvistaa hydrolipidibarrieria, ehk\u00e4isee kosteuden menetyst\u00e4 ja edist\u00e4\u00e4 ihon uudistumista.<\/li>\n<li><strong>Allantoiin<\/strong> - pehment\u00e4\u00e4, nopeuttaa paranemista, toimii antioksidanttina ja auttaa v\u00e4hent\u00e4m\u00e4\u00e4n ihon herkkyytt\u00e4.<\/li>\n<\/ul>\n<p>&nbsp;<\/p>\n<p>Sopii kaikille ihotyypeille.<\/p>\n<p><strong>K\u00e4ytt\u00f6:<\/strong><br \/>\nPuhdistuksen j\u00e4lkeen levit\u00e4 ydinvoide kasvoille, levit\u00e4 se tasaisesti ja anna imeyty\u00e4. Viimeistele hoito sopivalla kosteusvoiteella. Osana ihonhoitorutiinia illalla suositellaan k\u00e4ytett\u00e4v\u00e4ksi seuraavien vaiheiden j\u00e4lkeen. <a href=\"https:\/\/idakorea.ee\/fi\/?product_cat=0&amp;s=reedle+shot+booster&amp;post_type=product\">mikroneulaseerumi<\/a>.<\/p>","protected":false},"excerpt":{"rendered":"<p>Kiinteytt\u00e4v\u00e4 tehosteuute PDRN:ll\u00e4 - VT Cosmetics PDRN Essence 100 lis\u00e4\u00e4 ihon kimmoisuutta ja tiheytt\u00e4, antaa kohottavan vaikutuksen ja hidastaa ik\u00e4\u00e4ntymisprosessia. V\u00e4hent\u00e4\u00e4 ryppyjen syvyytt\u00e4 ja tasoittaa juonteita, auttaa ehk\u00e4isem\u00e4\u00e4n ihon veltostumista. Palauttaa hydrolipidiesteen, vahvistaa ihon suojaavia toimintoja, poistaa kuivuutta ja antaa kasvoille terveen hehkun. Cerasome Complex Plus liposomaalinen teknologia keramideineen takaa aktiivisten ainesosien syv\u00e4n imeytymisen ja tehokkaan...<\/p>","protected":false},"featured_media":14249,"comment_status":"open","ping_status":"closed","template":"","meta":{"_uf_show_specific_survey":0,"_uf_disable_surveys":false,"_bst_post_transparent":"default","_bst_post_title":"","_bst_post_layout":"default","_bst_post_sidebar_id":"","_bst_post_content_style":"default","_bst_post_vertical_padding":"default","_bst_post_feature":"","_bst_post_feature_position":"","_bst_post_header":false,"_bst_post_footer":false},"pwb-brand":[493],"product_brand":[],"product_cat":[92,97],"product_tag":[789,624,462],"class_list":{"0":"post-14248","1":"product","2":"type-product","3":"status-publish","4":"has-post-thumbnail","6":"pwb-brand-vt","7":"product_cat-nagu","8":"product_cat-naoseerumid-ja-olid","9":"product_tag-pdrn","10":"product_tag-reedle","11":"product_tag-vt","13":"first","14":"instock","15":"sale","16":"shipping-taxable","17":"purchasable","18":"product-type-variable","19":"has-default-attributes","20":"entry","21":"content-bg","22":"loop-entry"},"supplier_id":null,"supplier_sku":"","barcode":null,"atum_controlled":true,"out_stock_date":"2026-01-03 19:55:41","out_stock_threshold":null,"inheritable":true,"inbound_stock":0,"stock_on_hold":0,"sold_today":0,"sales_last_days":9,"out_stock_days":100,"lost_sales":0,"has_location":false,"update_date":"2026-04-14T00:05:10","atum_locations":[],"atum_stock_status":"instock","restock_status":false,"low_stock_amount":"","sales_update_date":"2026-04-14T00:05:10","calc_backorders":null,"yoast_head":"<!-- This site is optimized with the Yoast SEO plugin v27.2 - https:\/\/yoast.com\/product\/yoast-seo-wordpress\/ -->\n<title>VT Cosmetics PDRN Essence 100 - IDA.KOREA<\/title>\n<meta name=\"description\" content=\"Pinguldav booster-essents VT Cosmetics PDRN Essence 100 suurendab naha elastsust ja tihedust, tagab lifting-efekti ning aeglustab vananemisprotsesse.\" \/>\n<meta name=\"robots\" content=\"index, follow, max-snippet:-1, max-image-preview:large, max-video-preview:-1\" \/>\n<link rel=\"canonical\" href=\"https:\/\/idakorea.ee\/fi\/product\/vt-cosmetics-pdrn-essence-100\/\" \/>\n<meta property=\"og:locale\" content=\"fi_FI\" \/>\n<meta property=\"og:type\" content=\"article\" \/>\n<meta property=\"og:title\" content=\"VT Cosmetics PDRN Essence 100 - IDA.KOREA\" \/>\n<meta property=\"og:description\" content=\"Pinguldav booster-essents VT Cosmetics PDRN Essence 100 suurendab naha elastsust ja tihedust, tagab lifting-efekti ning aeglustab vananemisprotsesse.\" \/>\n<meta property=\"og:url\" content=\"https:\/\/idakorea.ee\/fi\/product\/vt-cosmetics-pdrn-essence-100\/\" \/>\n<meta property=\"og:site_name\" content=\"IDA.KOREA\" \/>\n<meta property=\"article:modified_time\" content=\"2026-04-03T08:53:10+00:00\" \/>\n<meta property=\"og:image\" content=\"https:\/\/idakorea.ee\/wp-content\/uploads\/2025\/05\/vt-cosmetics-pdrn-essence-100-idakorea.ee_.jpg\" \/>\n\t<meta property=\"og:image:width\" content=\"1000\" \/>\n\t<meta property=\"og:image:height\" content=\"1000\" \/>\n\t<meta property=\"og:image:type\" content=\"image\/jpeg\" \/>\n<meta name=\"twitter:card\" content=\"summary_large_image\" \/>\n<meta name=\"twitter:label1\" content=\"Arvioitu lukuaika\" \/>\n\t<meta name=\"twitter:data1\" content=\"2 minuuttia\" \/>\n<script type=\"application\/ld+json\" class=\"yoast-schema-graph\">{\"@context\":\"https:\/\/schema.org\",\"@graph\":[{\"@type\":\"WebPage\",\"@id\":\"https:\/\/idakorea.ee\/product\/vt-cosmetics-pdrn-essence-100\/\",\"url\":\"https:\/\/idakorea.ee\/product\/vt-cosmetics-pdrn-essence-100\/\",\"name\":\"VT Cosmetics PDRN Essence 100 - IDA.KOREA\",\"isPartOf\":{\"@id\":\"https:\/\/idakorea.ee\/#website\"},\"primaryImageOfPage\":{\"@id\":\"https:\/\/idakorea.ee\/product\/vt-cosmetics-pdrn-essence-100\/#primaryimage\"},\"image\":{\"@id\":\"https:\/\/idakorea.ee\/product\/vt-cosmetics-pdrn-essence-100\/#primaryimage\"},\"thumbnailUrl\":\"https:\/\/idakorea.ee\/wp-content\/uploads\/2025\/05\/vt-cosmetics-pdrn-essence-100-idakorea.ee_.jpg\",\"datePublished\":\"2025-05-27T08:16:52+00:00\",\"dateModified\":\"2026-04-03T08:53:10+00:00\",\"description\":\"Pinguldav booster-essents VT Cosmetics PDRN Essence 100 suurendab naha elastsust ja tihedust, tagab lifting-efekti ning aeglustab vananemisprotsesse.\",\"breadcrumb\":{\"@id\":\"https:\/\/idakorea.ee\/product\/vt-cosmetics-pdrn-essence-100\/#breadcrumb\"},\"inLanguage\":\"fi\",\"potentialAction\":[{\"@type\":\"ReadAction\",\"target\":[\"https:\/\/idakorea.ee\/product\/vt-cosmetics-pdrn-essence-100\/\"]}]},{\"@type\":\"ImageObject\",\"inLanguage\":\"fi\",\"@id\":\"https:\/\/idakorea.ee\/product\/vt-cosmetics-pdrn-essence-100\/#primaryimage\",\"url\":\"https:\/\/idakorea.ee\/wp-content\/uploads\/2025\/05\/vt-cosmetics-pdrn-essence-100-idakorea.ee_.jpg\",\"contentUrl\":\"https:\/\/idakorea.ee\/wp-content\/uploads\/2025\/05\/vt-cosmetics-pdrn-essence-100-idakorea.ee_.jpg\",\"width\":1000,\"height\":1000},{\"@type\":\"BreadcrumbList\",\"@id\":\"https:\/\/idakorea.ee\/product\/vt-cosmetics-pdrn-essence-100\/#breadcrumb\",\"itemListElement\":[{\"@type\":\"ListItem\",\"position\":1,\"name\":\"\u0413\u043b\u0430\u0432\u043d\u0430\u044f \u0441\u0442\u0440\u0430\u043d\u0438\u0446\u0430\",\"item\":\"https:\/\/idakorea.ee\/\"},{\"@type\":\"ListItem\",\"position\":2,\"name\":\"Shop\",\"item\":\"https:\/\/idakorea.ee\/shop-2\/\"},{\"@type\":\"ListItem\",\"position\":3,\"name\":\"Pinguldav booster-essents PDRN-iga VT Cosmetics PDRN Essence 100\"}]},{\"@type\":\"WebSite\",\"@id\":\"https:\/\/idakorea.ee\/#website\",\"url\":\"https:\/\/idakorea.ee\/\",\"name\":\"IDA.KOREA\",\"description\":\"Korea kosmeetika e-pood\",\"publisher\":{\"@id\":\"https:\/\/idakorea.ee\/#organization\"},\"alternateName\":\"Beauty Shop\",\"potentialAction\":[{\"@type\":\"SearchAction\",\"target\":{\"@type\":\"EntryPoint\",\"urlTemplate\":\"https:\/\/idakorea.ee\/?s={search_term_string}\"},\"query-input\":{\"@type\":\"PropertyValueSpecification\",\"valueRequired\":true,\"valueName\":\"search_term_string\"}}],\"inLanguage\":\"fi\"},{\"@type\":\"Organization\",\"@id\":\"https:\/\/idakorea.ee\/#organization\",\"name\":\"IDA.KOREA\",\"url\":\"https:\/\/idakorea.ee\/\",\"logo\":{\"@type\":\"ImageObject\",\"inLanguage\":\"fi\",\"@id\":\"https:\/\/idakorea.ee\/#\/schema\/logo\/image\/\",\"url\":\"https:\/\/idakorea.ee\/wp-content\/uploads\/2024\/05\/cropped-korea3.png\",\"contentUrl\":\"https:\/\/idakorea.ee\/wp-content\/uploads\/2024\/05\/cropped-korea3.png\",\"width\":688,\"height\":126,\"caption\":\"IDA.KOREA\"},\"image\":{\"@id\":\"https:\/\/idakorea.ee\/#\/schema\/logo\/image\/\"},\"sameAs\":[\"https:\/\/www.instagram.com\/ida.korea\/\"]}]}<\/script>\n<!-- \/ Yoast SEO plugin. -->","yoast_head_json":{"title":"VT Cosmetics PDRN Essence 100 - IDA.KOREA","description":"Kiinteytt\u00e4v\u00e4 tehosteuute VT Cosmetics PDRN Essence 100 lis\u00e4\u00e4 ihon kimmoisuutta ja tiheytt\u00e4, antaa nostattavaa vaikutusta ja hidastaa ik\u00e4\u00e4ntymisprosessia.","robots":{"index":"index","follow":"follow","max-snippet":"max-snippet:-1","max-image-preview":"max-image-preview:large","max-video-preview":"max-video-preview:-1"},"canonical":"https:\/\/idakorea.ee\/fi\/product\/vt-cosmetics-pdrn-essence-100\/","og_locale":"fi_FI","og_type":"article","og_title":"VT Cosmetics PDRN Essence 100 - IDA.KOREA","og_description":"Pinguldav booster-essents VT Cosmetics PDRN Essence 100 suurendab naha elastsust ja tihedust, tagab lifting-efekti ning aeglustab vananemisprotsesse.","og_url":"https:\/\/idakorea.ee\/fi\/product\/vt-cosmetics-pdrn-essence-100\/","og_site_name":"IDA.KOREA","article_modified_time":"2026-04-03T08:53:10+00:00","og_image":[{"width":1000,"height":1000,"url":"https:\/\/idakorea.ee\/wp-content\/uploads\/2025\/05\/vt-cosmetics-pdrn-essence-100-idakorea.ee_.jpg","type":"image\/jpeg"}],"twitter_card":"summary_large_image","twitter_misc":{"Arvioitu lukuaika":"2 minuuttia"},"schema":{"@context":"https:\/\/schema.org","@graph":[{"@type":"WebPage","@id":"https:\/\/idakorea.ee\/product\/vt-cosmetics-pdrn-essence-100\/","url":"https:\/\/idakorea.ee\/product\/vt-cosmetics-pdrn-essence-100\/","name":"VT Cosmetics PDRN Essence 100 - IDA.KOREA","isPartOf":{"@id":"https:\/\/idakorea.ee\/#website"},"primaryImageOfPage":{"@id":"https:\/\/idakorea.ee\/product\/vt-cosmetics-pdrn-essence-100\/#primaryimage"},"image":{"@id":"https:\/\/idakorea.ee\/product\/vt-cosmetics-pdrn-essence-100\/#primaryimage"},"thumbnailUrl":"https:\/\/idakorea.ee\/wp-content\/uploads\/2025\/05\/vt-cosmetics-pdrn-essence-100-idakorea.ee_.jpg","datePublished":"2025-05-27T08:16:52+00:00","dateModified":"2026-04-03T08:53:10+00:00","description":"Kiinteytt\u00e4v\u00e4 tehosteuute VT Cosmetics PDRN Essence 100 lis\u00e4\u00e4 ihon kimmoisuutta ja tiheytt\u00e4, antaa nostattavaa vaikutusta ja hidastaa ik\u00e4\u00e4ntymisprosessia.","breadcrumb":{"@id":"https:\/\/idakorea.ee\/product\/vt-cosmetics-pdrn-essence-100\/#breadcrumb"},"inLanguage":"fi","potentialAction":[{"@type":"ReadAction","target":["https:\/\/idakorea.ee\/product\/vt-cosmetics-pdrn-essence-100\/"]}]},{"@type":"ImageObject","inLanguage":"fi","@id":"https:\/\/idakorea.ee\/product\/vt-cosmetics-pdrn-essence-100\/#primaryimage","url":"https:\/\/idakorea.ee\/wp-content\/uploads\/2025\/05\/vt-cosmetics-pdrn-essence-100-idakorea.ee_.jpg","contentUrl":"https:\/\/idakorea.ee\/wp-content\/uploads\/2025\/05\/vt-cosmetics-pdrn-essence-100-idakorea.ee_.jpg","width":1000,"height":1000},{"@type":"BreadcrumbList","@id":"https:\/\/idakorea.ee\/product\/vt-cosmetics-pdrn-essence-100\/#breadcrumb","itemListElement":[{"@type":"ListItem","position":1,"name":"\u0413\u043b\u0430\u0432\u043d\u0430\u044f \u0441\u0442\u0440\u0430\u043d\u0438\u0446\u0430","item":"https:\/\/idakorea.ee\/"},{"@type":"ListItem","position":2,"name":"Shop","item":"https:\/\/idakorea.ee\/shop-2\/"},{"@type":"ListItem","position":3,"name":"Pinguldav booster-essents PDRN-iga VT Cosmetics PDRN Essence 100"}]},{"@type":"WebSite","@id":"https:\/\/idakorea.ee\/#website","url":"https:\/\/idakorea.ee\/","name":"IDA.KOREA","description":"Korean kosmetiikan verkkokauppa","publisher":{"@id":"https:\/\/idakorea.ee\/#organization"},"alternateName":"Beauty Shop","potentialAction":[{"@type":"SearchAction","target":{"@type":"EntryPoint","urlTemplate":"https:\/\/idakorea.ee\/?s={search_term_string}"},"query-input":{"@type":"PropertyValueSpecification","valueRequired":true,"valueName":"search_term_string"}}],"inLanguage":"fi"},{"@type":"Organization","@id":"https:\/\/idakorea.ee\/#organization","name":"IDA.KOREA","url":"https:\/\/idakorea.ee\/","logo":{"@type":"ImageObject","inLanguage":"fi","@id":"https:\/\/idakorea.ee\/#\/schema\/logo\/image\/","url":"https:\/\/idakorea.ee\/wp-content\/uploads\/2024\/05\/cropped-korea3.png","contentUrl":"https:\/\/idakorea.ee\/wp-content\/uploads\/2024\/05\/cropped-korea3.png","width":688,"height":126,"caption":"IDA.KOREA"},"image":{"@id":"https:\/\/idakorea.ee\/#\/schema\/logo\/image\/"},"sameAs":["https:\/\/www.instagram.com\/ida.korea\/"]}]}},"jetpack_sharing_enabled":true,"brands":[{"id":493,"name":"VT COSMETICS","slug":"vt"}],"_links":{"self":[{"href":"https:\/\/idakorea.ee\/fi\/wp-json\/wp\/v2\/product\/14248","targetHints":{"allow":["GET"]}}],"collection":[{"href":"https:\/\/idakorea.ee\/fi\/wp-json\/wp\/v2\/product"}],"about":[{"href":"https:\/\/idakorea.ee\/fi\/wp-json\/wp\/v2\/types\/product"}],"replies":[{"embeddable":true,"href":"https:\/\/idakorea.ee\/fi\/wp-json\/wp\/v2\/comments?post=14248"}],"version-history":[{"count":5,"href":"https:\/\/idakorea.ee\/fi\/wp-json\/wp\/v2\/product\/14248\/revisions"}],"predecessor-version":[{"id":17044,"href":"https:\/\/idakorea.ee\/fi\/wp-json\/wp\/v2\/product\/14248\/revisions\/17044"}],"wp:featuredmedia":[{"embeddable":true,"href":"https:\/\/idakorea.ee\/fi\/wp-json\/wp\/v2\/media\/14249"}],"wp:attachment":[{"href":"https:\/\/idakorea.ee\/fi\/wp-json\/wp\/v2\/media?parent=14248"}],"wp:term":[{"taxonomy":"pwb-brand","embeddable":true,"href":"https:\/\/idakorea.ee\/fi\/wp-json\/wp\/v2\/pwb-brand?post=14248"},{"taxonomy":"product_brand","embeddable":true,"href":"https:\/\/idakorea.ee\/fi\/wp-json\/wp\/v2\/product_brand?post=14248"},{"taxonomy":"product_cat","embeddable":true,"href":"https:\/\/idakorea.ee\/fi\/wp-json\/wp\/v2\/product_cat?post=14248"},{"taxonomy":"product_tag","embeddable":true,"href":"https:\/\/idakorea.ee\/fi\/wp-json\/wp\/v2\/product_tag?post=14248"}],"curies":[{"name":"wp","href":"https:\/\/api.w.org\/{rel}","templated":true}]}}