{"id":1427,"date":"2024-05-21T09:30:29","date_gmt":"2024-05-21T09:30:29","guid":{"rendered":"https:\/\/idakorea.ee\/?post_type=product&#038;p=1427"},"modified":"2026-04-06T08:18:36","modified_gmt":"2026-04-06T06:18:36","slug":"vananemisvastane-seerum-kollageeniga-dalba-piedmont-white-truffle-prime-50-ml","status":"publish","type":"product","link":"https:\/\/idakorea.ee\/fi\/product\/vananemisvastane-seerum-kollageeniga-dalba-piedmont-white-truffle-prime-50-ml\/","title":{"rendered":"Anti-ageing seerumi, jossa on kollageenia D'Alba Piemonte White Truffle Prime"},"content":{"rendered":"<p>Intensiivinen seerumi joustavassa suihkeessa<strong> d'Alba White Truffle Prime<\/strong> kosteuttaa ja virkist\u00e4\u00e4 v\u00e4litt\u00f6m\u00e4sti, poistaa kuivuutta ja kiristyst\u00e4 ja varmistaa my\u00f6s aktiivisten anti-ageing-ainesosien syv\u00e4n tunkeutumisen. Eritt\u00e4in tiivis tuote v\u00e4hent\u00e4\u00e4 ryppyjen syvyytt\u00e4, lis\u00e4\u00e4 kimmoisuutta ja kiinteytt\u00e4, kiinteytt\u00e4\u00e4 ihoa ja ehk\u00e4isee ennenaikaista ik\u00e4\u00e4ntymist\u00e4, ravitsee ja pehment\u00e4\u00e4. Hypoallergeeninen koostumus ei \u00e4rsyt\u00e4.<\/p>\n<p>Kaksifaasinen koostumus sis\u00e4lt\u00e4\u00e4 \u00f6ljy- ja vesikartion, jotka yhdess\u00e4 luovat ravitsevan koostumuksen.<\/p>\n<p>Kevyt koostumus ei j\u00e4t\u00e4 rasvaista tai tahmeaa kalvoa koostumuksen sis\u00e4lt\u00e4mist\u00e4 \u00f6ljyist\u00e4 huolimatta. Koostumus sis\u00e4lt\u00e4\u00e4 kolmen peptidin kompleksin \u2013 palmitoyylipentapeptidi-4:n, tripeptidi-1:n ja asetyyliheksapeptidi-8:n (argireliini). N\u00e4m\u00e4 komponentit vahvistavat solumatriisia, est\u00e4v\u00e4t ryppyjen muodostumista ja v\u00e4hent\u00e4v\u00e4t olemassa olevia ryppyj\u00e4, yll\u00e4pit\u00e4v\u00e4t ihon tiheytt\u00e4 ja sile\u00e4\u00e4 rakennetta.<\/p>\n<p>Argireliinilla on botuliiniuutteen kaltainen vaikutus: se rentouttaa kasvolihaksia ja est\u00e4\u00e4 siten kasvojen ryppyjen muodostumista. Peptidit on suljettu \u00f6ljymikrokapseleihin, joiden avulla ne p\u00e4\u00e4sev\u00e4t tunkeutumaan syv\u00e4lle ihoon. Patentoitu vaikuttava aine Trufferol koostuu tryffeliuutteesta (13 000 ppm) ja tokoferolista (1 200 ppm) \u2013 t\u00e4ll\u00e4 aineella on nuorentava vaikutus, se lis\u00e4\u00e4 kudosten kimmoisuutta ja tasoittaa ihon rakennetta tasaisen ja s\u00e4teilev\u00e4n ihon saavuttamiseksi.<\/p>\n<p><strong>Muita vaikuttavia aineita:<\/strong> Koostumus perustuu kollageeniuutteeseen (765 000 ppm). Lis\u00e4\u00e4 kimmoisuutta, kosteuttaa tehokkaasti, sill\u00e4 on kohottava vaikutus, stimuloi ihon omaa kollageenisynteesi\u00e4, vahvistaa ja edist\u00e4\u00e4 uudistumista. 11 kasviproteiinia sis\u00e4lt\u00e4v\u00e4 kompleksi on kyll\u00e4stetty aminohapoilla, kiihdytt\u00e4\u00e4 solujen uusiutumista, sill\u00e4 on antioksidanttinen vaikutus, se antaa pehmeytt\u00e4 ja samettisuutta. 8 \u00f6ljyn (oliivi-, makadamia-, auringonkukka-, haapa-, jojoba-, kamelia-, avokado- ja tyrni\u00f6ljy) kompleksi ehk\u00e4isee kuivumista ja nestehukkaa, tarjoaa antioksidanttisuojaa, pident\u00e4\u00e4 ihon nuoruutta ja suojaa ulkoisilta \u00e4rsykkeilt\u00e4: kylm\u00e4lt\u00e4, tuulelta ja kuivalta ilmalta.<\/p>\n<p>Niasiiniamidi (B3-vitamiini) torjuu rasvaista kiiltoa ja normalisoi talin erityst\u00e4, stimuloi kollageenin tuotantoa sek\u00e4 kirkastaa ja tasoittaa ihon s\u00e4vy\u00e4 ja hidastaa melaniinin kulkeutumista ihoon est\u00e4en pigmentin muodostumista. Sopii kaikille ihotyypeille. K\u00e4ytt\u00f6: Puhdistuksen j\u00e4lkeen ravista tuotetta 3\u20135 kertaa, jotta rasvainen ja vetinen koostumus yhdistyv\u00e4t. Sulje silm\u00e4si ja suihkuta suihketta 10\u201320 senttimetrin et\u00e4isyydelt\u00e4 kasvoille. K\u00e4yt\u00e4 kasvoveten\u00e4 tai milloin tahansa, kun ihosi tarvitsee lis\u00e4kosteutusta.<\/p>\n<p><strong>K\u00e4ytt\u00f6:\u00a0<\/strong>Ravista tuotetta heti puhdistuksen j\u00e4lkeen 3\u20135 kertaa yl\u00f6s ja alas sekoittaaksesi sis\u00e4ll\u00f6n huolellisesti ja sulje sitten silm\u00e4si. Suihkuta sit\u00e4 varovasti kasvoillesi 4\u20135 kertaa 30 cm:n et\u00e4isyydelt\u00e4 ja taputtele kevyesti, jotta se imeytyy ihoon. Ei sovellu rasvaiselle iholle.<\/p>","protected":false},"excerpt":{"rendered":"<p>Intensiivinen seerumi joustavassa suihkeessa<strong> d'Alba White Truffle Prime<\/strong> kosteuttaa ja virkist\u00e4\u00e4 v\u00e4litt\u00f6m\u00e4sti, poistaa kuivuutta ja kiristyst\u00e4 ja varmistaa my\u00f6s aktiivisten anti-ageing-ainesosien syv\u00e4n tunkeutumisen. Eritt\u00e4in tiivis tuote v\u00e4hent\u00e4\u00e4 ryppyjen syvyytt\u00e4, lis\u00e4\u00e4 kimmoisuutta ja kiinteytt\u00e4, kiinteytt\u00e4\u00e4 ihoa ja ehk\u00e4isee ennenaikaista ik\u00e4\u00e4ntymist\u00e4, ravitsee ja pehment\u00e4\u00e4. Hypoallergeeninen koostumus ei \u00e4rsyt\u00e4.<\/p>","protected":false},"featured_media":1430,"comment_status":"open","ping_status":"closed","template":"","meta":{"_uf_show_specific_survey":0,"_uf_disable_surveys":false,"_bst_post_transparent":"default","_bst_post_title":"","_bst_post_layout":"default","_bst_post_sidebar_id":"","_bst_post_content_style":"default","_bst_post_vertical_padding":"default","_bst_post_feature":"","_bst_post_feature_position":"","_bst_post_header":false,"_bst_post_footer":false},"pwb-brand":[105],"product_brand":[],"product_cat":[92,97],"product_tag":[127,635,559],"class_list":{"0":"post-1427","1":"product","2":"type-product","3":"status-publish","4":"has-post-thumbnail","6":"pwb-brand-dalba","7":"product_cat-nagu","8":"product_cat-naoseerumid-ja-olid","9":"product_tag-dalba","10":"product_tag-serum","11":"product_tag-white-truffle","13":"first","14":"instock","15":"sale","16":"shipping-taxable","17":"purchasable","18":"product-type-variable","19":"has-default-attributes","20":"entry","21":"content-bg","22":"loop-entry"},"supplier_id":null,"supplier_sku":"","barcode":null,"atum_controlled":true,"out_stock_date":null,"out_stock_threshold":null,"inheritable":true,"inbound_stock":0,"stock_on_hold":0,"sold_today":0,"sales_last_days":2,"out_stock_days":0,"lost_sales":0,"has_location":false,"update_date":"2026-04-14T00:05:10","atum_locations":[],"atum_stock_status":"instock","restock_status":false,"low_stock_amount":"","sales_update_date":"2026-04-14T00:05:10","calc_backorders":null,"yoast_head":"<!-- This site is optimized with the Yoast SEO plugin v27.2 - https:\/\/yoast.com\/product\/yoast-seo-wordpress\/ -->\n<title>D&#039;Alba Piedmont White Truffle Prime - IDA.KOREA<\/title>\n<meta name=\"description\" content=\"K\u00f5rge kontsentratsiooniga toode v\u00e4hendab kortsude s\u00fcgavust, suurendab elastsust ja tugevust, tugevdab nahka ja ennetab enneaegset vananemist, toidab.\" \/>\n<meta name=\"robots\" content=\"index, follow, max-snippet:-1, max-image-preview:large, max-video-preview:-1\" \/>\n<link rel=\"canonical\" href=\"https:\/\/idakorea.ee\/fi\/product\/vananemisvastane-seerum-kollageeniga-dalba-piedmont-white-truffle-prime-50-ml\/\" \/>\n<meta property=\"og:locale\" content=\"fi_FI\" \/>\n<meta property=\"og:type\" content=\"article\" \/>\n<meta property=\"og:title\" content=\"D&#039;Alba Piedmont White Truffle Prime - IDA.KOREA\" \/>\n<meta property=\"og:description\" content=\"K\u00f5rge kontsentratsiooniga toode v\u00e4hendab kortsude s\u00fcgavust, suurendab elastsust ja tugevust, tugevdab nahka ja ennetab enneaegset vananemist, toidab.\" \/>\n<meta property=\"og:url\" content=\"https:\/\/idakorea.ee\/fi\/product\/vananemisvastane-seerum-kollageeniga-dalba-piedmont-white-truffle-prime-50-ml\/\" \/>\n<meta property=\"og:site_name\" content=\"IDA.KOREA\" \/>\n<meta property=\"article:modified_time\" content=\"2026-04-06T06:18:36+00:00\" \/>\n<meta property=\"og:image\" content=\"https:\/\/idakorea.ee\/wp-content\/uploads\/2024\/05\/d_Alba-White-Truffle-Prime-Intensive-Serum_both-1.jpg\" \/>\n\t<meta property=\"og:image:width\" content=\"1000\" \/>\n\t<meta property=\"og:image:height\" content=\"1000\" \/>\n\t<meta property=\"og:image:type\" content=\"image\/jpeg\" \/>\n<meta name=\"twitter:card\" content=\"summary_large_image\" \/>\n<meta name=\"twitter:label1\" content=\"Arvioitu lukuaika\" \/>\n\t<meta name=\"twitter:data1\" content=\"2 minuuttia\" \/>\n<script type=\"application\/ld+json\" class=\"yoast-schema-graph\">{\"@context\":\"https:\/\/schema.org\",\"@graph\":[{\"@type\":\"WebPage\",\"@id\":\"https:\/\/idakorea.ee\/product\/vananemisvastane-seerum-kollageeniga-dalba-piedmont-white-truffle-prime-50-ml\/\",\"url\":\"https:\/\/idakorea.ee\/product\/vananemisvastane-seerum-kollageeniga-dalba-piedmont-white-truffle-prime-50-ml\/\",\"name\":\"D'Alba Piedmont White Truffle Prime - IDA.KOREA\",\"isPartOf\":{\"@id\":\"https:\/\/idakorea.ee\/#website\"},\"primaryImageOfPage\":{\"@id\":\"https:\/\/idakorea.ee\/product\/vananemisvastane-seerum-kollageeniga-dalba-piedmont-white-truffle-prime-50-ml\/#primaryimage\"},\"image\":{\"@id\":\"https:\/\/idakorea.ee\/product\/vananemisvastane-seerum-kollageeniga-dalba-piedmont-white-truffle-prime-50-ml\/#primaryimage\"},\"thumbnailUrl\":\"https:\/\/idakorea.ee\/wp-content\/uploads\/2024\/05\/d_Alba-White-Truffle-Prime-Intensive-Serum_both-1.jpg\",\"datePublished\":\"2024-05-21T09:30:29+00:00\",\"dateModified\":\"2026-04-06T06:18:36+00:00\",\"description\":\"K\u00f5rge kontsentratsiooniga toode v\u00e4hendab kortsude s\u00fcgavust, suurendab elastsust ja tugevust, tugevdab nahka ja ennetab enneaegset vananemist, toidab.\",\"breadcrumb\":{\"@id\":\"https:\/\/idakorea.ee\/product\/vananemisvastane-seerum-kollageeniga-dalba-piedmont-white-truffle-prime-50-ml\/#breadcrumb\"},\"inLanguage\":\"fi\",\"potentialAction\":[{\"@type\":\"ReadAction\",\"target\":[\"https:\/\/idakorea.ee\/product\/vananemisvastane-seerum-kollageeniga-dalba-piedmont-white-truffle-prime-50-ml\/\"]}]},{\"@type\":\"ImageObject\",\"inLanguage\":\"fi\",\"@id\":\"https:\/\/idakorea.ee\/product\/vananemisvastane-seerum-kollageeniga-dalba-piedmont-white-truffle-prime-50-ml\/#primaryimage\",\"url\":\"https:\/\/idakorea.ee\/wp-content\/uploads\/2024\/05\/d_Alba-White-Truffle-Prime-Intensive-Serum_both-1.jpg\",\"contentUrl\":\"https:\/\/idakorea.ee\/wp-content\/uploads\/2024\/05\/d_Alba-White-Truffle-Prime-Intensive-Serum_both-1.jpg\",\"width\":1000,\"height\":1000,\"caption\":\"dalba prime serum\"},{\"@type\":\"BreadcrumbList\",\"@id\":\"https:\/\/idakorea.ee\/product\/vananemisvastane-seerum-kollageeniga-dalba-piedmont-white-truffle-prime-50-ml\/#breadcrumb\",\"itemListElement\":[{\"@type\":\"ListItem\",\"position\":1,\"name\":\"\u0413\u043b\u0430\u0432\u043d\u0430\u044f \u0441\u0442\u0440\u0430\u043d\u0438\u0446\u0430\",\"item\":\"https:\/\/idakorea.ee\/\"},{\"@type\":\"ListItem\",\"position\":2,\"name\":\"Shop\",\"item\":\"https:\/\/idakorea.ee\/shop-2\/\"},{\"@type\":\"ListItem\",\"position\":3,\"name\":\"Vananemisvastane seerum kollageeniga D&#8217;Alba Piedmont White Truffle Prime\"}]},{\"@type\":\"WebSite\",\"@id\":\"https:\/\/idakorea.ee\/#website\",\"url\":\"https:\/\/idakorea.ee\/\",\"name\":\"IDA.KOREA\",\"description\":\"Korea kosmeetika e-pood\",\"publisher\":{\"@id\":\"https:\/\/idakorea.ee\/#organization\"},\"alternateName\":\"Beauty Shop\",\"potentialAction\":[{\"@type\":\"SearchAction\",\"target\":{\"@type\":\"EntryPoint\",\"urlTemplate\":\"https:\/\/idakorea.ee\/?s={search_term_string}\"},\"query-input\":{\"@type\":\"PropertyValueSpecification\",\"valueRequired\":true,\"valueName\":\"search_term_string\"}}],\"inLanguage\":\"fi\"},{\"@type\":\"Organization\",\"@id\":\"https:\/\/idakorea.ee\/#organization\",\"name\":\"IDA.KOREA\",\"url\":\"https:\/\/idakorea.ee\/\",\"logo\":{\"@type\":\"ImageObject\",\"inLanguage\":\"fi\",\"@id\":\"https:\/\/idakorea.ee\/#\/schema\/logo\/image\/\",\"url\":\"https:\/\/idakorea.ee\/wp-content\/uploads\/2024\/05\/cropped-korea3.png\",\"contentUrl\":\"https:\/\/idakorea.ee\/wp-content\/uploads\/2024\/05\/cropped-korea3.png\",\"width\":688,\"height\":126,\"caption\":\"IDA.KOREA\"},\"image\":{\"@id\":\"https:\/\/idakorea.ee\/#\/schema\/logo\/image\/\"},\"sameAs\":[\"https:\/\/www.instagram.com\/ida.korea\/\"]}]}<\/script>\n<!-- \/ Yoast SEO plugin. -->","yoast_head_json":{"title":"D&#039;Alba Piedmontin valkoinen tryffeli Prime - EAST.KOREA","description":"Eritt\u00e4in tiivistetty tuote v\u00e4hent\u00e4\u00e4 ryppyjen syvyytt\u00e4, lis\u00e4\u00e4 kimmoisuutta ja kiinteytt\u00e4, vahvistaa ihoa ja ehk\u00e4isee ennenaikaista ik\u00e4\u00e4ntymist\u00e4, ravitsee.","robots":{"index":"index","follow":"follow","max-snippet":"max-snippet:-1","max-image-preview":"max-image-preview:large","max-video-preview":"max-video-preview:-1"},"canonical":"https:\/\/idakorea.ee\/fi\/product\/vananemisvastane-seerum-kollageeniga-dalba-piedmont-white-truffle-prime-50-ml\/","og_locale":"fi_FI","og_type":"article","og_title":"D'Alba Piedmont White Truffle Prime - IDA.KOREA","og_description":"K\u00f5rge kontsentratsiooniga toode v\u00e4hendab kortsude s\u00fcgavust, suurendab elastsust ja tugevust, tugevdab nahka ja ennetab enneaegset vananemist, toidab.","og_url":"https:\/\/idakorea.ee\/fi\/product\/vananemisvastane-seerum-kollageeniga-dalba-piedmont-white-truffle-prime-50-ml\/","og_site_name":"IDA.KOREA","article_modified_time":"2026-04-06T06:18:36+00:00","og_image":[{"width":1000,"height":1000,"url":"https:\/\/idakorea.ee\/wp-content\/uploads\/2024\/05\/d_Alba-White-Truffle-Prime-Intensive-Serum_both-1.jpg","type":"image\/jpeg"}],"twitter_card":"summary_large_image","twitter_misc":{"Arvioitu lukuaika":"2 minuuttia"},"schema":{"@context":"https:\/\/schema.org","@graph":[{"@type":"WebPage","@id":"https:\/\/idakorea.ee\/product\/vananemisvastane-seerum-kollageeniga-dalba-piedmont-white-truffle-prime-50-ml\/","url":"https:\/\/idakorea.ee\/product\/vananemisvastane-seerum-kollageeniga-dalba-piedmont-white-truffle-prime-50-ml\/","name":"D&#039;Alba Piedmontin valkoinen tryffeli Prime - EAST.KOREA","isPartOf":{"@id":"https:\/\/idakorea.ee\/#website"},"primaryImageOfPage":{"@id":"https:\/\/idakorea.ee\/product\/vananemisvastane-seerum-kollageeniga-dalba-piedmont-white-truffle-prime-50-ml\/#primaryimage"},"image":{"@id":"https:\/\/idakorea.ee\/product\/vananemisvastane-seerum-kollageeniga-dalba-piedmont-white-truffle-prime-50-ml\/#primaryimage"},"thumbnailUrl":"https:\/\/idakorea.ee\/wp-content\/uploads\/2024\/05\/d_Alba-White-Truffle-Prime-Intensive-Serum_both-1.jpg","datePublished":"2024-05-21T09:30:29+00:00","dateModified":"2026-04-06T06:18:36+00:00","description":"Eritt\u00e4in tiivistetty tuote v\u00e4hent\u00e4\u00e4 ryppyjen syvyytt\u00e4, lis\u00e4\u00e4 kimmoisuutta ja kiinteytt\u00e4, vahvistaa ihoa ja ehk\u00e4isee ennenaikaista ik\u00e4\u00e4ntymist\u00e4, ravitsee.","breadcrumb":{"@id":"https:\/\/idakorea.ee\/product\/vananemisvastane-seerum-kollageeniga-dalba-piedmont-white-truffle-prime-50-ml\/#breadcrumb"},"inLanguage":"fi","potentialAction":[{"@type":"ReadAction","target":["https:\/\/idakorea.ee\/product\/vananemisvastane-seerum-kollageeniga-dalba-piedmont-white-truffle-prime-50-ml\/"]}]},{"@type":"ImageObject","inLanguage":"fi","@id":"https:\/\/idakorea.ee\/product\/vananemisvastane-seerum-kollageeniga-dalba-piedmont-white-truffle-prime-50-ml\/#primaryimage","url":"https:\/\/idakorea.ee\/wp-content\/uploads\/2024\/05\/d_Alba-White-Truffle-Prime-Intensive-Serum_both-1.jpg","contentUrl":"https:\/\/idakorea.ee\/wp-content\/uploads\/2024\/05\/d_Alba-White-Truffle-Prime-Intensive-Serum_both-1.jpg","width":1000,"height":1000,"caption":"dalba prime serum"},{"@type":"BreadcrumbList","@id":"https:\/\/idakorea.ee\/product\/vananemisvastane-seerum-kollageeniga-dalba-piedmont-white-truffle-prime-50-ml\/#breadcrumb","itemListElement":[{"@type":"ListItem","position":1,"name":"\u0413\u043b\u0430\u0432\u043d\u0430\u044f \u0441\u0442\u0440\u0430\u043d\u0438\u0446\u0430","item":"https:\/\/idakorea.ee\/"},{"@type":"ListItem","position":2,"name":"Shop","item":"https:\/\/idakorea.ee\/shop-2\/"},{"@type":"ListItem","position":3,"name":"Vananemisvastane seerum kollageeniga D&#8217;Alba Piedmont White Truffle Prime"}]},{"@type":"WebSite","@id":"https:\/\/idakorea.ee\/#website","url":"https:\/\/idakorea.ee\/","name":"IDA.KOREA","description":"Korean kosmetiikan verkkokauppa","publisher":{"@id":"https:\/\/idakorea.ee\/#organization"},"alternateName":"Beauty Shop","potentialAction":[{"@type":"SearchAction","target":{"@type":"EntryPoint","urlTemplate":"https:\/\/idakorea.ee\/?s={search_term_string}"},"query-input":{"@type":"PropertyValueSpecification","valueRequired":true,"valueName":"search_term_string"}}],"inLanguage":"fi"},{"@type":"Organization","@id":"https:\/\/idakorea.ee\/#organization","name":"IDA.KOREA","url":"https:\/\/idakorea.ee\/","logo":{"@type":"ImageObject","inLanguage":"fi","@id":"https:\/\/idakorea.ee\/#\/schema\/logo\/image\/","url":"https:\/\/idakorea.ee\/wp-content\/uploads\/2024\/05\/cropped-korea3.png","contentUrl":"https:\/\/idakorea.ee\/wp-content\/uploads\/2024\/05\/cropped-korea3.png","width":688,"height":126,"caption":"IDA.KOREA"},"image":{"@id":"https:\/\/idakorea.ee\/#\/schema\/logo\/image\/"},"sameAs":["https:\/\/www.instagram.com\/ida.korea\/"]}]}},"jetpack_sharing_enabled":true,"brands":[{"id":105,"name":"d'ALBA","slug":"dalba"}],"_links":{"self":[{"href":"https:\/\/idakorea.ee\/fi\/wp-json\/wp\/v2\/product\/1427","targetHints":{"allow":["GET"]}}],"collection":[{"href":"https:\/\/idakorea.ee\/fi\/wp-json\/wp\/v2\/product"}],"about":[{"href":"https:\/\/idakorea.ee\/fi\/wp-json\/wp\/v2\/types\/product"}],"replies":[{"embeddable":true,"href":"https:\/\/idakorea.ee\/fi\/wp-json\/wp\/v2\/comments?post=1427"}],"version-history":[{"count":1,"href":"https:\/\/idakorea.ee\/fi\/wp-json\/wp\/v2\/product\/1427\/revisions"}],"predecessor-version":[{"id":10651,"href":"https:\/\/idakorea.ee\/fi\/wp-json\/wp\/v2\/product\/1427\/revisions\/10651"}],"wp:featuredmedia":[{"embeddable":true,"href":"https:\/\/idakorea.ee\/fi\/wp-json\/wp\/v2\/media\/1430"}],"wp:attachment":[{"href":"https:\/\/idakorea.ee\/fi\/wp-json\/wp\/v2\/media?parent=1427"}],"wp:term":[{"taxonomy":"pwb-brand","embeddable":true,"href":"https:\/\/idakorea.ee\/fi\/wp-json\/wp\/v2\/pwb-brand?post=1427"},{"taxonomy":"product_brand","embeddable":true,"href":"https:\/\/idakorea.ee\/fi\/wp-json\/wp\/v2\/product_brand?post=1427"},{"taxonomy":"product_cat","embeddable":true,"href":"https:\/\/idakorea.ee\/fi\/wp-json\/wp\/v2\/product_cat?post=1427"},{"taxonomy":"product_tag","embeddable":true,"href":"https:\/\/idakorea.ee\/fi\/wp-json\/wp\/v2\/product_tag?post=1427"}],"curies":[{"name":"wp","href":"https:\/\/api.w.org\/{rel}","templated":true}]}}