{"id":14275,"date":"2025-05-27T13:45:09","date_gmt":"2025-05-27T10:45:09","guid":{"rendered":"https:\/\/idakorea.ee\/?post_type=product&#038;p=14275"},"modified":"2026-02-25T16:38:40","modified_gmt":"2026-02-25T14:38:40","slug":"dr-g-brightening-peeling-gel","status":"publish","type":"product","link":"https:\/\/idakorea.ee\/fi\/product\/dr-g-brightening-peeling-gel\/","title":{"rendered":"Vitamiinipitoinen kuorintageeli kasvoille Dr.G Brightening Peeling Gel, 120g"},"content":{"rendered":"<p><strong>Vitamiinipitoinen kuorintageeli kasvoille Dr.G Brightening Peeling Gel<\/strong> puhdistaa hell\u00e4varaisesti, poistaa hilseily\u00e4, ei-toivottua pigmentaatiota, virkist\u00e4\u00e4 ja tasoittaa ihon s\u00e4vy\u00e4.<\/p>\n<p>Tuotteella on nuorentava vaikutus: se kosteuttaa ihoa, s\u00e4\u00e4telee \u00f6ljynerityst\u00e4, auttaa torjumaan ep\u00e4puhtauksia ja ehk\u00e4isem\u00e4\u00e4n tulehduksia, aknea ja huokostukoksia.<\/p>\n<p>Selluloosahiukkaset poistavat hell\u00e4varaisesti likaa ja kuolleita ihosoluja, kun ne vieriv\u00e4t pois, kiillottaen ihon pintaa luonnollisella tavalla. Pehme\u00e4n koostumuksensa ansiosta kuorinta ei \u00e4rsyt\u00e4 tai vahingoita ihoa.<\/p>\n<p><strong>T\u00e4rkeimm\u00e4t vaikuttavat aineet:<\/strong><\/p>\n<ul>\n<li><strong>C-vitamiini<\/strong> - kirkastaa pigmenttil\u00e4iski\u00e4, vitaminoi ihoa, supistaa ihohuokosia, palauttaa hydrolipiditasapainon, antaa terveen hehkun, toimii antioksidanttina, hidastaa solujen vanhenemista ja stimuloi kollageenisynteesi\u00e4.<\/li>\n<li><strong>Arginia<\/strong> - aminohappo, jolla on haavoja parantavia ja ihoa kiinteytt\u00e4vi\u00e4 ominaisuuksia, v\u00e4hent\u00e4\u00e4 ihon virheit\u00e4, parantaa ihon s\u00e4vy\u00e4 ja kimmoisuutta.<\/li>\n<li><strong>2 erilaista hyaluronihappoa<\/strong> - Syv\u00e4kosteuttaa, sitoo kosteutta soluihin, vahvistaa ihon suojakerrosta, ehk\u00e4isee ihon kuivumista ja kuivumista, v\u00e4hent\u00e4\u00e4 hilseily\u00e4, parantaa ihon kimmoisuutta ja silottaa ihon \u00e4\u00e4riviivoja.<\/li>\n<li><strong>Allantoiin<\/strong> - pehment\u00e4\u00e4 ja kosteuttaa intensiivisesti, auttaa kirist\u00e4m\u00e4\u00e4n huokosia ja normalisoimaan \u00f6ljyntuotantoa, rauhoittaa \u00e4rtynytt\u00e4 ihoa ja sill\u00e4 on tulehdusta ehk\u00e4isevi\u00e4 ominaisuuksia.<\/li>\n<li><strong>Pantenoli (B5-vitamiini)<\/strong> - nopeuttaa paranemista, korjaa mikrovaurioita, pehment\u00e4\u00e4 ja rauhoittaa ihoa.<\/li>\n<li><strong>Selluloosa<\/strong> - luonnollinen puhdistava ainesosa, joka poistaa likaa, ylim\u00e4\u00e4r\u00e4ist\u00e4 \u00f6ljy\u00e4 ja kuolleita soluja huokosista.<\/li>\n<\/ul>\n<p>&nbsp;<\/p>\n<p>Sopii kaikille ihotyypeille.<\/p>\n<p><strong>K\u00e4ytt\u00f6:<\/strong><br \/>\nLevit\u00e4 kuorinta-aine kuivin k\u00e4sin puhtaalle, kuivalle iholle v\u00e4ltt\u00e4en silm\u00e4nymp\u00e4rysihoa. Hiero kevyesti ja huuhtele vedell\u00e4.<\/p>","protected":false},"excerpt":{"rendered":"<p>Vitamiinipitoinen kuorintageeli kasvoille Dr.G Brightening Peeling Gel puhdistaa hell\u00e4varaisesti, poistaa hilseily\u00e4, ei-toivottua pigmentti\u00e4, virkist\u00e4\u00e4 ja tasoittaa ihon s\u00e4vy\u00e4. Tuotteella on nuorentava vaikutus: se kosteuttaa ihoa, s\u00e4\u00e4telee \u00f6ljynerityst\u00e4, auttaa torjumaan ep\u00e4puhtauksia ja ehk\u00e4isee tulehduksia, aknea ja huokostukoksia. Selluloosahiukkaset vieritt\u00e4v\u00e4t hell\u00e4varaisesti likaa ja kuolleita ihosoluja pois ja kiillottavat ihon pintaa luonnollisella tavalla. Pehme\u00e4n koostumuksen omaava kuorinta-aine ei...<\/p>","protected":false},"featured_media":14279,"comment_status":"open","ping_status":"closed","template":"","meta":{"_uf_show_specific_survey":0,"_uf_disable_surveys":false,"_bst_post_transparent":"default","_bst_post_title":"","_bst_post_layout":"default","_bst_post_sidebar_id":"","_bst_post_content_style":"default","_bst_post_vertical_padding":"default","_bst_post_feature":"","_bst_post_feature_position":"","_bst_post_header":false,"_bst_post_footer":false},"pwb-brand":[458],"product_brand":[],"product_cat":[92,451,100],"product_tag":[574,899],"class_list":{"0":"post-14275","1":"product","2":"type-product","3":"status-publish","4":"has-post-thumbnail","6":"pwb-brand-dr-g","7":"product_cat-nagu","8":"product_cat-naokoorijad","9":"product_cat-puhastusvahendid","10":"product_tag-dr-g","11":"product_tag-peeling-gel","13":"first","14":"instock","15":"sale","16":"shipping-taxable","17":"purchasable","18":"product-type-simple","19":"entry","20":"content-bg","21":"loop-entry"},"supplier_id":null,"supplier_sku":"","barcode":null,"atum_controlled":true,"out_stock_date":null,"out_stock_threshold":null,"inheritable":false,"inbound_stock":0,"stock_on_hold":0,"sold_today":0,"sales_last_days":0,"out_stock_days":0,"lost_sales":0,"has_location":false,"update_date":"2026-04-14T00:05:07","atum_locations":[],"atum_stock_status":"instock","restock_status":false,"low_stock_amount":"","sales_update_date":"2026-04-14T00:05:07","calc_backorders":null,"yoast_head":"<!-- This site is optimized with the Yoast SEO plugin v27.2 - https:\/\/yoast.com\/product\/yoast-seo-wordpress\/ -->\n<title>Dr.G Brightening Peeling Gel - IDA.KOREA<\/title>\n<meta name=\"description\" content=\"Vitamiinirikas kooriv geel n\u00e4ole Dr.G Brightening Peeling Gel puhastab \u00f5rnalt, eemaldab kestenduse, soovimatu pigmentatsiooni, v\u00e4rskendab ja \u00fchtlustab nahatooni.\" \/>\n<meta name=\"robots\" content=\"index, follow, max-snippet:-1, max-image-preview:large, max-video-preview:-1\" \/>\n<link rel=\"canonical\" href=\"https:\/\/idakorea.ee\/fi\/product\/dr-g-brightening-peeling-gel\/\" \/>\n<meta property=\"og:locale\" content=\"fi_FI\" \/>\n<meta property=\"og:type\" content=\"article\" \/>\n<meta property=\"og:title\" content=\"Dr.G Brightening Peeling Gel - IDA.KOREA\" \/>\n<meta property=\"og:description\" content=\"Vitamiinirikas kooriv geel n\u00e4ole Dr.G Brightening Peeling Gel puhastab \u00f5rnalt, eemaldab kestenduse, soovimatu pigmentatsiooni, v\u00e4rskendab ja \u00fchtlustab nahatooni.\" \/>\n<meta property=\"og:url\" content=\"https:\/\/idakorea.ee\/fi\/product\/dr-g-brightening-peeling-gel\/\" \/>\n<meta property=\"og:site_name\" content=\"IDA.KOREA\" \/>\n<meta property=\"article:modified_time\" content=\"2026-02-25T14:38:40+00:00\" \/>\n<meta property=\"og:image\" content=\"https:\/\/idakorea.ee\/wp-content\/uploads\/2025\/05\/dr.g-brightening-peeling-gel-idakorea.ee_.png\" \/>\n\t<meta property=\"og:image:width\" content=\"1000\" \/>\n\t<meta property=\"og:image:height\" content=\"1000\" \/>\n\t<meta property=\"og:image:type\" content=\"image\/png\" \/>\n<meta name=\"twitter:card\" content=\"summary_large_image\" \/>\n<meta name=\"twitter:label1\" content=\"Arvioitu lukuaika\" \/>\n\t<meta name=\"twitter:data1\" content=\"2 minuuttia\" \/>\n<script type=\"application\/ld+json\" class=\"yoast-schema-graph\">{\"@context\":\"https:\/\/schema.org\",\"@graph\":[{\"@type\":\"WebPage\",\"@id\":\"https:\/\/idakorea.ee\/product\/dr-g-brightening-peeling-gel\/\",\"url\":\"https:\/\/idakorea.ee\/product\/dr-g-brightening-peeling-gel\/\",\"name\":\"Dr.G Brightening Peeling Gel - IDA.KOREA\",\"isPartOf\":{\"@id\":\"https:\/\/idakorea.ee\/#website\"},\"primaryImageOfPage\":{\"@id\":\"https:\/\/idakorea.ee\/product\/dr-g-brightening-peeling-gel\/#primaryimage\"},\"image\":{\"@id\":\"https:\/\/idakorea.ee\/product\/dr-g-brightening-peeling-gel\/#primaryimage\"},\"thumbnailUrl\":\"https:\/\/idakorea.ee\/wp-content\/uploads\/2025\/05\/dr.g-brightening-peeling-gel-idakorea.ee_.png\",\"datePublished\":\"2025-05-27T10:45:09+00:00\",\"dateModified\":\"2026-02-25T14:38:40+00:00\",\"description\":\"Vitamiinirikas kooriv geel n\u00e4ole Dr.G Brightening Peeling Gel puhastab \u00f5rnalt, eemaldab kestenduse, soovimatu pigmentatsiooni, v\u00e4rskendab ja \u00fchtlustab nahatooni.\",\"breadcrumb\":{\"@id\":\"https:\/\/idakorea.ee\/product\/dr-g-brightening-peeling-gel\/#breadcrumb\"},\"inLanguage\":\"fi\",\"potentialAction\":[{\"@type\":\"ReadAction\",\"target\":[\"https:\/\/idakorea.ee\/product\/dr-g-brightening-peeling-gel\/\"]}]},{\"@type\":\"ImageObject\",\"inLanguage\":\"fi\",\"@id\":\"https:\/\/idakorea.ee\/product\/dr-g-brightening-peeling-gel\/#primaryimage\",\"url\":\"https:\/\/idakorea.ee\/wp-content\/uploads\/2025\/05\/dr.g-brightening-peeling-gel-idakorea.ee_.png\",\"contentUrl\":\"https:\/\/idakorea.ee\/wp-content\/uploads\/2025\/05\/dr.g-brightening-peeling-gel-idakorea.ee_.png\",\"width\":1000,\"height\":1000},{\"@type\":\"BreadcrumbList\",\"@id\":\"https:\/\/idakorea.ee\/product\/dr-g-brightening-peeling-gel\/#breadcrumb\",\"itemListElement\":[{\"@type\":\"ListItem\",\"position\":1,\"name\":\"\u0413\u043b\u0430\u0432\u043d\u0430\u044f \u0441\u0442\u0440\u0430\u043d\u0438\u0446\u0430\",\"item\":\"https:\/\/idakorea.ee\/\"},{\"@type\":\"ListItem\",\"position\":2,\"name\":\"Shop\",\"item\":\"https:\/\/idakorea.ee\/shop-2\/\"},{\"@type\":\"ListItem\",\"position\":3,\"name\":\"Vitamiinirikas kooriv geel n\u00e4ole Dr.G Brightening Peeling Gel, 120g\"}]},{\"@type\":\"WebSite\",\"@id\":\"https:\/\/idakorea.ee\/#website\",\"url\":\"https:\/\/idakorea.ee\/\",\"name\":\"IDA.KOREA\",\"description\":\"Korea kosmeetika e-pood\",\"publisher\":{\"@id\":\"https:\/\/idakorea.ee\/#organization\"},\"alternateName\":\"Beauty Shop\",\"potentialAction\":[{\"@type\":\"SearchAction\",\"target\":{\"@type\":\"EntryPoint\",\"urlTemplate\":\"https:\/\/idakorea.ee\/?s={search_term_string}\"},\"query-input\":{\"@type\":\"PropertyValueSpecification\",\"valueRequired\":true,\"valueName\":\"search_term_string\"}}],\"inLanguage\":\"fi\"},{\"@type\":\"Organization\",\"@id\":\"https:\/\/idakorea.ee\/#organization\",\"name\":\"IDA.KOREA\",\"url\":\"https:\/\/idakorea.ee\/\",\"logo\":{\"@type\":\"ImageObject\",\"inLanguage\":\"fi\",\"@id\":\"https:\/\/idakorea.ee\/#\/schema\/logo\/image\/\",\"url\":\"https:\/\/idakorea.ee\/wp-content\/uploads\/2024\/05\/cropped-korea3.png\",\"contentUrl\":\"https:\/\/idakorea.ee\/wp-content\/uploads\/2024\/05\/cropped-korea3.png\",\"width\":688,\"height\":126,\"caption\":\"IDA.KOREA\"},\"image\":{\"@id\":\"https:\/\/idakorea.ee\/#\/schema\/logo\/image\/\"},\"sameAs\":[\"https:\/\/www.instagram.com\/ida.korea\/\"]}]}<\/script>\n<!-- \/ Yoast SEO plugin. -->","yoast_head_json":{"title":"Dr.G kirkastava kuorintageeli - IDA.KOREA","description":"Vitamiinipitoinen kuorintageeli kasvoille Dr.G Brightening Peeling Gel puhdistaa hell\u00e4varaisesti, poistaa hilseily\u00e4 ja ei-toivottuja pigmenttil\u00e4iski\u00e4, virkist\u00e4\u00e4 ja tasoittaa ihon s\u00e4vy\u00e4.","robots":{"index":"index","follow":"follow","max-snippet":"max-snippet:-1","max-image-preview":"max-image-preview:large","max-video-preview":"max-video-preview:-1"},"canonical":"https:\/\/idakorea.ee\/fi\/product\/dr-g-brightening-peeling-gel\/","og_locale":"fi_FI","og_type":"article","og_title":"Dr.G Brightening Peeling Gel - IDA.KOREA","og_description":"Vitamiinirikas kooriv geel n\u00e4ole Dr.G Brightening Peeling Gel puhastab \u00f5rnalt, eemaldab kestenduse, soovimatu pigmentatsiooni, v\u00e4rskendab ja \u00fchtlustab nahatooni.","og_url":"https:\/\/idakorea.ee\/fi\/product\/dr-g-brightening-peeling-gel\/","og_site_name":"IDA.KOREA","article_modified_time":"2026-02-25T14:38:40+00:00","og_image":[{"width":1000,"height":1000,"url":"https:\/\/idakorea.ee\/wp-content\/uploads\/2025\/05\/dr.g-brightening-peeling-gel-idakorea.ee_.png","type":"image\/png"}],"twitter_card":"summary_large_image","twitter_misc":{"Arvioitu lukuaika":"2 minuuttia"},"schema":{"@context":"https:\/\/schema.org","@graph":[{"@type":"WebPage","@id":"https:\/\/idakorea.ee\/product\/dr-g-brightening-peeling-gel\/","url":"https:\/\/idakorea.ee\/product\/dr-g-brightening-peeling-gel\/","name":"Dr.G kirkastava kuorintageeli - IDA.KOREA","isPartOf":{"@id":"https:\/\/idakorea.ee\/#website"},"primaryImageOfPage":{"@id":"https:\/\/idakorea.ee\/product\/dr-g-brightening-peeling-gel\/#primaryimage"},"image":{"@id":"https:\/\/idakorea.ee\/product\/dr-g-brightening-peeling-gel\/#primaryimage"},"thumbnailUrl":"https:\/\/idakorea.ee\/wp-content\/uploads\/2025\/05\/dr.g-brightening-peeling-gel-idakorea.ee_.png","datePublished":"2025-05-27T10:45:09+00:00","dateModified":"2026-02-25T14:38:40+00:00","description":"Vitamiinipitoinen kuorintageeli kasvoille Dr.G Brightening Peeling Gel puhdistaa hell\u00e4varaisesti, poistaa hilseily\u00e4 ja ei-toivottuja pigmenttil\u00e4iski\u00e4, virkist\u00e4\u00e4 ja tasoittaa ihon s\u00e4vy\u00e4.","breadcrumb":{"@id":"https:\/\/idakorea.ee\/product\/dr-g-brightening-peeling-gel\/#breadcrumb"},"inLanguage":"fi","potentialAction":[{"@type":"ReadAction","target":["https:\/\/idakorea.ee\/product\/dr-g-brightening-peeling-gel\/"]}]},{"@type":"ImageObject","inLanguage":"fi","@id":"https:\/\/idakorea.ee\/product\/dr-g-brightening-peeling-gel\/#primaryimage","url":"https:\/\/idakorea.ee\/wp-content\/uploads\/2025\/05\/dr.g-brightening-peeling-gel-idakorea.ee_.png","contentUrl":"https:\/\/idakorea.ee\/wp-content\/uploads\/2025\/05\/dr.g-brightening-peeling-gel-idakorea.ee_.png","width":1000,"height":1000},{"@type":"BreadcrumbList","@id":"https:\/\/idakorea.ee\/product\/dr-g-brightening-peeling-gel\/#breadcrumb","itemListElement":[{"@type":"ListItem","position":1,"name":"\u0413\u043b\u0430\u0432\u043d\u0430\u044f \u0441\u0442\u0440\u0430\u043d\u0438\u0446\u0430","item":"https:\/\/idakorea.ee\/"},{"@type":"ListItem","position":2,"name":"Shop","item":"https:\/\/idakorea.ee\/shop-2\/"},{"@type":"ListItem","position":3,"name":"Vitamiinirikas kooriv geel n\u00e4ole Dr.G Brightening Peeling Gel, 120g"}]},{"@type":"WebSite","@id":"https:\/\/idakorea.ee\/#website","url":"https:\/\/idakorea.ee\/","name":"IDA.KOREA","description":"Korean kosmetiikan verkkokauppa","publisher":{"@id":"https:\/\/idakorea.ee\/#organization"},"alternateName":"Beauty Shop","potentialAction":[{"@type":"SearchAction","target":{"@type":"EntryPoint","urlTemplate":"https:\/\/idakorea.ee\/?s={search_term_string}"},"query-input":{"@type":"PropertyValueSpecification","valueRequired":true,"valueName":"search_term_string"}}],"inLanguage":"fi"},{"@type":"Organization","@id":"https:\/\/idakorea.ee\/#organization","name":"IDA.KOREA","url":"https:\/\/idakorea.ee\/","logo":{"@type":"ImageObject","inLanguage":"fi","@id":"https:\/\/idakorea.ee\/#\/schema\/logo\/image\/","url":"https:\/\/idakorea.ee\/wp-content\/uploads\/2024\/05\/cropped-korea3.png","contentUrl":"https:\/\/idakorea.ee\/wp-content\/uploads\/2024\/05\/cropped-korea3.png","width":688,"height":126,"caption":"IDA.KOREA"},"image":{"@id":"https:\/\/idakorea.ee\/#\/schema\/logo\/image\/"},"sameAs":["https:\/\/www.instagram.com\/ida.korea\/"]}]}},"jetpack_sharing_enabled":true,"brands":[{"id":458,"name":"Dr.G","slug":"dr-g"}],"_links":{"self":[{"href":"https:\/\/idakorea.ee\/fi\/wp-json\/wp\/v2\/product\/14275","targetHints":{"allow":["GET"]}}],"collection":[{"href":"https:\/\/idakorea.ee\/fi\/wp-json\/wp\/v2\/product"}],"about":[{"href":"https:\/\/idakorea.ee\/fi\/wp-json\/wp\/v2\/types\/product"}],"replies":[{"embeddable":true,"href":"https:\/\/idakorea.ee\/fi\/wp-json\/wp\/v2\/comments?post=14275"}],"version-history":[{"count":1,"href":"https:\/\/idakorea.ee\/fi\/wp-json\/wp\/v2\/product\/14275\/revisions"}],"predecessor-version":[{"id":14282,"href":"https:\/\/idakorea.ee\/fi\/wp-json\/wp\/v2\/product\/14275\/revisions\/14282"}],"wp:featuredmedia":[{"embeddable":true,"href":"https:\/\/idakorea.ee\/fi\/wp-json\/wp\/v2\/media\/14279"}],"wp:attachment":[{"href":"https:\/\/idakorea.ee\/fi\/wp-json\/wp\/v2\/media?parent=14275"}],"wp:term":[{"taxonomy":"pwb-brand","embeddable":true,"href":"https:\/\/idakorea.ee\/fi\/wp-json\/wp\/v2\/pwb-brand?post=14275"},{"taxonomy":"product_brand","embeddable":true,"href":"https:\/\/idakorea.ee\/fi\/wp-json\/wp\/v2\/product_brand?post=14275"},{"taxonomy":"product_cat","embeddable":true,"href":"https:\/\/idakorea.ee\/fi\/wp-json\/wp\/v2\/product_cat?post=14275"},{"taxonomy":"product_tag","embeddable":true,"href":"https:\/\/idakorea.ee\/fi\/wp-json\/wp\/v2\/product_tag?post=14275"}],"curies":[{"name":"wp","href":"https:\/\/api.w.org\/{rel}","templated":true}]}}