{"id":14303,"date":"2025-05-28T13:34:26","date_gmt":"2025-05-28T10:34:26","guid":{"rendered":"https:\/\/idakorea.ee\/?post_type=product&#038;p=14303"},"modified":"2026-01-30T10:02:36","modified_gmt":"2026-01-30T08:02:36","slug":"medicube-pdrn-pink-tone-up-sun-cream","status":"publish","type":"product","link":"https:\/\/idakorea.ee\/fi\/product\/medicube-pdrn-pink-tone-up-sun-cream\/","title":{"rendered":"Medicube PDRN Pink Tone-Up -aurinkovoide SPF50+ PA++++, 50ml"},"content":{"rendered":"<p>Monik\u00e4ytt\u00f6inen s\u00e4vytetty aurinkovoide, joka yhdist\u00e4\u00e4 korkeatasoisen UV-suojan ja ihoa kirkastavan hoidon. Sis\u00e4lt\u00e4\u00e4 PDRN:\u00e4\u00e4 (polydekstriiniribonukleotidi), joka auttaa parantamaan ihon rakennetta ja kimmoisuutta, stimuloi solujen uusiutumista ja tarjoaa ik\u00e4\u00e4ntymisen merkkej\u00e4 ehk\u00e4isevi\u00e4 ominaisuuksia.<\/p>\n<p>Voiteella on hieman vaaleanpunainen s\u00e4vy, joka tasoittaa ihon s\u00e4vy\u00e4, peitt\u00e4\u00e4 pieni\u00e4 ep\u00e4tasaisuuksia ja antaa iholle luonnollisen hehkun. Se sopii erinomaisesti meikinpohjustukseksi tai jokap\u00e4iv\u00e4iseen k\u00e4ytt\u00f6\u00f6n ilman meikki\u00e4.<\/p>\n<p><strong>Toiminta:<\/strong><\/p>\n<ul>\n<li>Korkea aurinkosuoja SPF50+ PA++++<\/li>\n<li>Kirkastava ja s\u00e4vytt\u00e4v\u00e4 vaikutus (vaaleanpunainen s\u00e4vytys)<\/li>\n<li>PDRN vahvistaa ja palauttaa ihoa<\/li>\n<li>Kosteuttava ja kevyt koostumus, joka ei j\u00e4t\u00e4 valkoista tahraa<\/li>\n<li>Sopii herk\u00e4lle iholle<\/li>\n<\/ul>\n<p>&nbsp;<\/p>\n<p><strong>K\u00e4ytt\u00f6:<\/strong><br \/>\nLevit\u00e4 tasaisesti kasvoille ja kaulalle ihonhoitorutiinisi viimeisen\u00e4 vaiheena ennen auringolle altistumista. Lis\u00e4\u00e4 tarvittaessa p\u00e4iv\u00e4n mittaan.<\/p>\n<p>&nbsp;<\/p>","protected":false},"excerpt":{"rendered":"<p>Monik\u00e4ytt\u00f6inen s\u00e4vytetty aurinkovoide, joka yhdist\u00e4\u00e4 korkeatasoisen UV-suojan ja ihoa kirkastavan hoidon. Sis\u00e4lt\u00e4\u00e4 PDRN:\u00e4\u00e4 (polydekstriiniribonukleotidi), joka auttaa parantamaan ihon rakennetta ja kimmoisuutta, stimuloi solujen uusiutumista ja antaa ik\u00e4\u00e4ntymist\u00e4 ehk\u00e4isevi\u00e4 vaikutuksia. Voiteella on hieman vaaleanpunainen s\u00e4vy, joka tasoittaa ihon s\u00e4vy\u00e4, peitt\u00e4\u00e4 pieni\u00e4 ep\u00e4tasaisuuksia ja antaa iholle luonnollisen hehkun. Ihanteellinen meikinpohjustajaksi tai p\u00e4ivitt\u00e4iseen k\u00e4ytt\u00f6\u00f6n ilman meikki\u00e4. Vaikutus:\u2026<\/p>","protected":false},"featured_media":14304,"comment_status":"open","ping_status":"closed","template":"","meta":{"_uf_show_specific_survey":0,"_uf_disable_surveys":false,"_bst_post_transparent":"default","_bst_post_title":"","_bst_post_layout":"default","_bst_post_sidebar_id":"","_bst_post_content_style":"default","_bst_post_vertical_padding":"default","_bst_post_feature":"","_bst_post_feature_position":"","_bst_post_header":false,"_bst_post_footer":false},"pwb-brand":[490],"product_brand":[],"product_cat":[92,101],"product_tag":[721,789,864,900],"class_list":{"0":"post-14303","1":"product","2":"type-product","3":"status-publish","4":"has-post-thumbnail","6":"pwb-brand-medicube","7":"product_cat-nagu","8":"product_cat-paikesekaitse","9":"product_tag-medicube","10":"product_tag-pdrn","11":"product_tag-spf","12":"product_tag-sun-cream","14":"first","15":"outofstock","16":"sale","17":"shipping-taxable","18":"purchasable","19":"product-type-simple","20":"entry","21":"content-bg","22":"loop-entry"},"supplier_id":null,"supplier_sku":"","barcode":null,"atum_controlled":true,"out_stock_date":"2025-12-20 00:47:37","out_stock_threshold":null,"inheritable":false,"inbound_stock":0,"stock_on_hold":0,"sold_today":0,"sales_last_days":0,"out_stock_days":114,"lost_sales":324,"has_location":false,"update_date":"2026-04-14T00:05:05","atum_locations":[],"atum_stock_status":"outofstock","restock_status":false,"low_stock_amount":"","sales_update_date":"2026-04-14T00:05:05","calc_backorders":null,"yoast_head":"<!-- This site is optimized with the Yoast SEO plugin v27.2 - https:\/\/yoast.com\/product\/yoast-seo-wordpress\/ -->\n<title>Medicube PDRN Pink Tone-Up Sun Cream SPF50+ PA++++, 50ml - IDA.KOREA<\/title>\n<meta name=\"description\" content=\"Sobib ideaalselt meigialuseks v\u00f5i igap\u00e4evaseks kasutamiseks ilma meigita. - Tasuta tarne Eesti piires al. 48\u20ac, L\u00e4ti ja Leedu al. 55\u20ac, Soome al. 85\u20ac\" \/>\n<meta name=\"robots\" content=\"index, follow, max-snippet:-1, max-image-preview:large, max-video-preview:-1\" \/>\n<link rel=\"canonical\" href=\"https:\/\/idakorea.ee\/fi\/product\/medicube-pdrn-pink-tone-up-sun-cream\/\" \/>\n<meta property=\"og:locale\" content=\"fi_FI\" \/>\n<meta property=\"og:type\" content=\"article\" \/>\n<meta property=\"og:title\" content=\"Medicube PDRN Pink Tone-Up Sun Cream SPF50+ PA++++, 50ml - IDA.KOREA\" \/>\n<meta property=\"og:description\" content=\"Sobib ideaalselt meigialuseks v\u00f5i igap\u00e4evaseks kasutamiseks ilma meigita. - Tasuta tarne Eesti piires al. 48\u20ac, L\u00e4ti ja Leedu al. 55\u20ac, Soome al. 85\u20ac\" \/>\n<meta property=\"og:url\" content=\"https:\/\/idakorea.ee\/fi\/product\/medicube-pdrn-pink-tone-up-sun-cream\/\" \/>\n<meta property=\"og:site_name\" content=\"IDA.KOREA\" \/>\n<meta property=\"article:modified_time\" content=\"2026-01-30T08:02:36+00:00\" \/>\n<meta property=\"og:image\" content=\"https:\/\/idakorea.ee\/wp-content\/uploads\/2025\/05\/medicube-pink-tone-up-sunscreen-idakoea.webp\" \/>\n\t<meta property=\"og:image:width\" content=\"596\" \/>\n\t<meta property=\"og:image:height\" content=\"700\" \/>\n\t<meta property=\"og:image:type\" content=\"image\/webp\" \/>\n<meta name=\"twitter:card\" content=\"summary_large_image\" \/>\n<meta name=\"twitter:label1\" content=\"Arvioitu lukuaika\" \/>\n\t<meta name=\"twitter:data1\" content=\"1 minuutti\" \/>\n<script type=\"application\/ld+json\" class=\"yoast-schema-graph\">{\"@context\":\"https:\/\/schema.org\",\"@graph\":[{\"@type\":\"WebPage\",\"@id\":\"https:\/\/idakorea.ee\/product\/medicube-pdrn-pink-tone-up-sun-cream\/\",\"url\":\"https:\/\/idakorea.ee\/product\/medicube-pdrn-pink-tone-up-sun-cream\/\",\"name\":\"Medicube PDRN Pink Tone-Up Sun Cream SPF50+ PA++++, 50ml - IDA.KOREA\",\"isPartOf\":{\"@id\":\"https:\/\/idakorea.ee\/#website\"},\"primaryImageOfPage\":{\"@id\":\"https:\/\/idakorea.ee\/product\/medicube-pdrn-pink-tone-up-sun-cream\/#primaryimage\"},\"image\":{\"@id\":\"https:\/\/idakorea.ee\/product\/medicube-pdrn-pink-tone-up-sun-cream\/#primaryimage\"},\"thumbnailUrl\":\"https:\/\/idakorea.ee\/wp-content\/uploads\/2025\/05\/medicube-pink-tone-up-sunscreen-idakoea.webp\",\"datePublished\":\"2025-05-28T10:34:26+00:00\",\"dateModified\":\"2026-01-30T08:02:36+00:00\",\"description\":\"Sobib ideaalselt meigialuseks v\u00f5i igap\u00e4evaseks kasutamiseks ilma meigita. - Tasuta tarne Eesti piires al. 48\u20ac, L\u00e4ti ja Leedu al. 55\u20ac, Soome al. 85\u20ac\",\"breadcrumb\":{\"@id\":\"https:\/\/idakorea.ee\/product\/medicube-pdrn-pink-tone-up-sun-cream\/#breadcrumb\"},\"inLanguage\":\"fi\",\"potentialAction\":[{\"@type\":\"ReadAction\",\"target\":[\"https:\/\/idakorea.ee\/product\/medicube-pdrn-pink-tone-up-sun-cream\/\"]}]},{\"@type\":\"ImageObject\",\"inLanguage\":\"fi\",\"@id\":\"https:\/\/idakorea.ee\/product\/medicube-pdrn-pink-tone-up-sun-cream\/#primaryimage\",\"url\":\"https:\/\/idakorea.ee\/wp-content\/uploads\/2025\/05\/medicube-pink-tone-up-sunscreen-idakoea.webp\",\"contentUrl\":\"https:\/\/idakorea.ee\/wp-content\/uploads\/2025\/05\/medicube-pink-tone-up-sunscreen-idakoea.webp\",\"width\":596,\"height\":700},{\"@type\":\"BreadcrumbList\",\"@id\":\"https:\/\/idakorea.ee\/product\/medicube-pdrn-pink-tone-up-sun-cream\/#breadcrumb\",\"itemListElement\":[{\"@type\":\"ListItem\",\"position\":1,\"name\":\"\u0413\u043b\u0430\u0432\u043d\u0430\u044f \u0441\u0442\u0440\u0430\u043d\u0438\u0446\u0430\",\"item\":\"https:\/\/idakorea.ee\/\"},{\"@type\":\"ListItem\",\"position\":2,\"name\":\"Shop\",\"item\":\"https:\/\/idakorea.ee\/shop-2\/\"},{\"@type\":\"ListItem\",\"position\":3,\"name\":\"P\u00e4ikesekaitsekreem tooniga Medicube PDRN Pink Tone-Up Sun Cream SPF50+ PA++++, 50ml\"}]},{\"@type\":\"WebSite\",\"@id\":\"https:\/\/idakorea.ee\/#website\",\"url\":\"https:\/\/idakorea.ee\/\",\"name\":\"IDA.KOREA\",\"description\":\"Korea kosmeetika e-pood\",\"publisher\":{\"@id\":\"https:\/\/idakorea.ee\/#organization\"},\"alternateName\":\"Beauty Shop\",\"potentialAction\":[{\"@type\":\"SearchAction\",\"target\":{\"@type\":\"EntryPoint\",\"urlTemplate\":\"https:\/\/idakorea.ee\/?s={search_term_string}\"},\"query-input\":{\"@type\":\"PropertyValueSpecification\",\"valueRequired\":true,\"valueName\":\"search_term_string\"}}],\"inLanguage\":\"fi\"},{\"@type\":\"Organization\",\"@id\":\"https:\/\/idakorea.ee\/#organization\",\"name\":\"IDA.KOREA\",\"url\":\"https:\/\/idakorea.ee\/\",\"logo\":{\"@type\":\"ImageObject\",\"inLanguage\":\"fi\",\"@id\":\"https:\/\/idakorea.ee\/#\/schema\/logo\/image\/\",\"url\":\"https:\/\/idakorea.ee\/wp-content\/uploads\/2024\/05\/cropped-korea3.png\",\"contentUrl\":\"https:\/\/idakorea.ee\/wp-content\/uploads\/2024\/05\/cropped-korea3.png\",\"width\":688,\"height\":126,\"caption\":\"IDA.KOREA\"},\"image\":{\"@id\":\"https:\/\/idakorea.ee\/#\/schema\/logo\/image\/\"},\"sameAs\":[\"https:\/\/www.instagram.com\/ida.korea\/\"]}]}<\/script>\n<!-- \/ Yoast SEO plugin. -->","yoast_head_json":{"title":"Medicube PDRN Pink Tone-Up -aurinkovoide SPF50+ PA++++, 50ml - IDA.KOREA","description":"T\u00e4ydellinen meikinpohjustusvoiteeksi tai jokap\u00e4iv\u00e4iseen k\u00e4ytt\u00f6\u00f6n ilman meikki\u00e4. - Ilmainen toimitus Virossa alkaen 48 \u20ac, Latviassa ja Liettuassa alkaen 55 \u20ac, Suomessa alkaen 85 \u20ac","robots":{"index":"index","follow":"follow","max-snippet":"max-snippet:-1","max-image-preview":"max-image-preview:large","max-video-preview":"max-video-preview:-1"},"canonical":"https:\/\/idakorea.ee\/fi\/product\/medicube-pdrn-pink-tone-up-sun-cream\/","og_locale":"fi_FI","og_type":"article","og_title":"Medicube PDRN Pink Tone-Up Sun Cream SPF50+ PA++++, 50ml - IDA.KOREA","og_description":"Sobib ideaalselt meigialuseks v\u00f5i igap\u00e4evaseks kasutamiseks ilma meigita. - Tasuta tarne Eesti piires al. 48\u20ac, L\u00e4ti ja Leedu al. 55\u20ac, Soome al. 85\u20ac","og_url":"https:\/\/idakorea.ee\/fi\/product\/medicube-pdrn-pink-tone-up-sun-cream\/","og_site_name":"IDA.KOREA","article_modified_time":"2026-01-30T08:02:36+00:00","og_image":[{"width":596,"height":700,"url":"https:\/\/idakorea.ee\/wp-content\/uploads\/2025\/05\/medicube-pink-tone-up-sunscreen-idakoea.webp","type":"image\/webp"}],"twitter_card":"summary_large_image","twitter_misc":{"Arvioitu lukuaika":"1 minuutti"},"schema":{"@context":"https:\/\/schema.org","@graph":[{"@type":"WebPage","@id":"https:\/\/idakorea.ee\/product\/medicube-pdrn-pink-tone-up-sun-cream\/","url":"https:\/\/idakorea.ee\/product\/medicube-pdrn-pink-tone-up-sun-cream\/","name":"Medicube PDRN Pink Tone-Up -aurinkovoide SPF50+ PA++++, 50ml - IDA.KOREA","isPartOf":{"@id":"https:\/\/idakorea.ee\/#website"},"primaryImageOfPage":{"@id":"https:\/\/idakorea.ee\/product\/medicube-pdrn-pink-tone-up-sun-cream\/#primaryimage"},"image":{"@id":"https:\/\/idakorea.ee\/product\/medicube-pdrn-pink-tone-up-sun-cream\/#primaryimage"},"thumbnailUrl":"https:\/\/idakorea.ee\/wp-content\/uploads\/2025\/05\/medicube-pink-tone-up-sunscreen-idakoea.webp","datePublished":"2025-05-28T10:34:26+00:00","dateModified":"2026-01-30T08:02:36+00:00","description":"T\u00e4ydellinen meikinpohjustusvoiteeksi tai jokap\u00e4iv\u00e4iseen k\u00e4ytt\u00f6\u00f6n ilman meikki\u00e4. - Ilmainen toimitus Virossa alkaen 48 \u20ac, Latviassa ja Liettuassa alkaen 55 \u20ac, Suomessa alkaen 85 \u20ac","breadcrumb":{"@id":"https:\/\/idakorea.ee\/product\/medicube-pdrn-pink-tone-up-sun-cream\/#breadcrumb"},"inLanguage":"fi","potentialAction":[{"@type":"ReadAction","target":["https:\/\/idakorea.ee\/product\/medicube-pdrn-pink-tone-up-sun-cream\/"]}]},{"@type":"ImageObject","inLanguage":"fi","@id":"https:\/\/idakorea.ee\/product\/medicube-pdrn-pink-tone-up-sun-cream\/#primaryimage","url":"https:\/\/idakorea.ee\/wp-content\/uploads\/2025\/05\/medicube-pink-tone-up-sunscreen-idakoea.webp","contentUrl":"https:\/\/idakorea.ee\/wp-content\/uploads\/2025\/05\/medicube-pink-tone-up-sunscreen-idakoea.webp","width":596,"height":700},{"@type":"BreadcrumbList","@id":"https:\/\/idakorea.ee\/product\/medicube-pdrn-pink-tone-up-sun-cream\/#breadcrumb","itemListElement":[{"@type":"ListItem","position":1,"name":"\u0413\u043b\u0430\u0432\u043d\u0430\u044f \u0441\u0442\u0440\u0430\u043d\u0438\u0446\u0430","item":"https:\/\/idakorea.ee\/"},{"@type":"ListItem","position":2,"name":"Shop","item":"https:\/\/idakorea.ee\/shop-2\/"},{"@type":"ListItem","position":3,"name":"P\u00e4ikesekaitsekreem tooniga Medicube PDRN Pink Tone-Up Sun Cream SPF50+ PA++++, 50ml"}]},{"@type":"WebSite","@id":"https:\/\/idakorea.ee\/#website","url":"https:\/\/idakorea.ee\/","name":"IDA.KOREA","description":"Korean kosmetiikan verkkokauppa","publisher":{"@id":"https:\/\/idakorea.ee\/#organization"},"alternateName":"Beauty Shop","potentialAction":[{"@type":"SearchAction","target":{"@type":"EntryPoint","urlTemplate":"https:\/\/idakorea.ee\/?s={search_term_string}"},"query-input":{"@type":"PropertyValueSpecification","valueRequired":true,"valueName":"search_term_string"}}],"inLanguage":"fi"},{"@type":"Organization","@id":"https:\/\/idakorea.ee\/#organization","name":"IDA.KOREA","url":"https:\/\/idakorea.ee\/","logo":{"@type":"ImageObject","inLanguage":"fi","@id":"https:\/\/idakorea.ee\/#\/schema\/logo\/image\/","url":"https:\/\/idakorea.ee\/wp-content\/uploads\/2024\/05\/cropped-korea3.png","contentUrl":"https:\/\/idakorea.ee\/wp-content\/uploads\/2024\/05\/cropped-korea3.png","width":688,"height":126,"caption":"IDA.KOREA"},"image":{"@id":"https:\/\/idakorea.ee\/#\/schema\/logo\/image\/"},"sameAs":["https:\/\/www.instagram.com\/ida.korea\/"]}]}},"jetpack_sharing_enabled":true,"brands":[{"id":490,"name":"MEDICUBE","slug":"medicube"}],"_links":{"self":[{"href":"https:\/\/idakorea.ee\/fi\/wp-json\/wp\/v2\/product\/14303","targetHints":{"allow":["GET"]}}],"collection":[{"href":"https:\/\/idakorea.ee\/fi\/wp-json\/wp\/v2\/product"}],"about":[{"href":"https:\/\/idakorea.ee\/fi\/wp-json\/wp\/v2\/types\/product"}],"replies":[{"embeddable":true,"href":"https:\/\/idakorea.ee\/fi\/wp-json\/wp\/v2\/comments?post=14303"}],"version-history":[{"count":2,"href":"https:\/\/idakorea.ee\/fi\/wp-json\/wp\/v2\/product\/14303\/revisions"}],"predecessor-version":[{"id":14307,"href":"https:\/\/idakorea.ee\/fi\/wp-json\/wp\/v2\/product\/14303\/revisions\/14307"}],"wp:featuredmedia":[{"embeddable":true,"href":"https:\/\/idakorea.ee\/fi\/wp-json\/wp\/v2\/media\/14304"}],"wp:attachment":[{"href":"https:\/\/idakorea.ee\/fi\/wp-json\/wp\/v2\/media?parent=14303"}],"wp:term":[{"taxonomy":"pwb-brand","embeddable":true,"href":"https:\/\/idakorea.ee\/fi\/wp-json\/wp\/v2\/pwb-brand?post=14303"},{"taxonomy":"product_brand","embeddable":true,"href":"https:\/\/idakorea.ee\/fi\/wp-json\/wp\/v2\/product_brand?post=14303"},{"taxonomy":"product_cat","embeddable":true,"href":"https:\/\/idakorea.ee\/fi\/wp-json\/wp\/v2\/product_cat?post=14303"},{"taxonomy":"product_tag","embeddable":true,"href":"https:\/\/idakorea.ee\/fi\/wp-json\/wp\/v2\/product_tag?post=14303"}],"curies":[{"name":"wp","href":"https:\/\/api.w.org\/{rel}","templated":true}]}}