{"id":14355,"date":"2025-06-02T09:23:00","date_gmt":"2025-06-02T06:23:00","guid":{"rendered":"https:\/\/idakorea.ee\/?post_type=product&#038;p=14355"},"modified":"2026-04-05T13:49:54","modified_gmt":"2026-04-05T11:49:54","slug":"round-lab-birch-juice-moisturizing-sunscreen-spf50","status":"publish","type":"product","link":"https:\/\/idakorea.ee\/fi\/product\/round-lab-birch-juice-moisturizing-sunscreen-spf50\/","title":{"rendered":"Round Lab Birch Juice -kosteuttava aurinkovoide SPF50+ PA++++, 50ml"},"content":{"rendered":"<p><strong>Round Lab Birch Juice kosteuttava aurinkovoide<\/strong> on k\u00e4tev\u00e4 ja tehokas aurinkovoide, joka suojaa ihoa UV-s\u00e4teilylt\u00e4, ehk\u00e4isee valoik\u00e4\u00e4ntymist\u00e4, pigmenttil\u00e4iski\u00e4 ja auringonpolttamia.<\/p>\n<p>Voide raikastaa ja kosteuttaa syv\u00e4lt\u00e4, ehk\u00e4isee kuivumista ja hilseily\u00e4 sek\u00e4 rauhoittaa \u00e4rtynytt\u00e4 ihoa. Sen kevyt ja kermainen koostumus ei j\u00e4t\u00e4 valkoisia raitoja.<\/p>\n<p>Sis\u00e4lt\u00e4\u00e4 1 425 ppm koivunmahlaa, joka on per\u00e4isin Inje-saaren kasveista Koreassa. Koivunmahla tarjoaa pitk\u00e4kestoista kosteutta, rikastuttaa ihoa mineraaleilla ja aminohapoilla, ehk\u00e4isee kuivumista ja hidastaa ik\u00e4\u00e4ntymisprosessia.<\/p>\n<p><strong>Uuden sukupolven fotostabiilit UV-suodattimet:<\/strong><\/p>\n<ul>\n<li><strong>Uvinul A Plus (dietyyliaminohydroksibentsoyyliheksyylibentsoaatti)<\/strong> \u2013 suojaa UVA-s\u00e4teilt\u00e4<\/li>\n<li><strong>Uvinul T 150 (etyyliheksyylitriatsoni)<\/strong> \u2013 UVB-suoja<\/li>\n<li><strong>Tinosorb M (metyleenibis-bentsotriatsolyylitetrametyylibutyylifenoli)<\/strong> \u2013 Laaja spektri UVA- ja UVB-suoja; imee ja heijastaa s\u00e4teily\u00e4<\/li>\n<li><strong>Iskotritsinoli \/ Uvasorb HEB (dietyyliheksyylibutamidotriatsoni)<\/strong> \u2013 eritt\u00e4in tehokas ja fotostabiili suodatin, joka menett\u00e4\u00e4 tehostaan vain ~10% 25 tunnissa<\/li>\n<\/ul>\n<p><strong>Muita ainesosia:<\/strong><\/p>\n<ul>\n<li><strong>Glyseryyliglukosidi<\/strong> \u2013 parantaa ihon kyky\u00e4 sitoa kosteutta aktivoimalla akvaporiineja (kosteuskanavia)<\/li>\n<li><strong>Allantoiin<\/strong> \u2013 antioksidantti, joka rauhoittaa, v\u00e4hent\u00e4\u00e4 herkkyytt\u00e4 ja tukee uudistumista<\/li>\n<li><strong>Portulakan uute<\/strong> \u2013 nopeuttaa paranemista, supistaa ihohuokosia, v\u00e4hent\u00e4\u00e4 talin erityst\u00e4<\/li>\n<li><strong>M\u00e4nty\u00f6ljy<\/strong> \u2013 antioksidanttinen ja tulehdusta est\u00e4v\u00e4 vaikutus<\/li>\n<li><strong>Kummeliekstrakt<\/strong> \u2013 rauhoittaa, pehment\u00e4\u00e4 ja suojaa vapailta radikaaleilta<\/li>\n<\/ul>\n<p>&nbsp;<\/p>\n<p>Sopii normaalille, sekaiholle ja kuivalle iholle.<\/p>\n<p><strong>K\u00e4ytt\u00f6:<\/strong><\/p>\n<p>Levit\u00e4 noin 1,2 ml voidetta kasvoille ja kaulalle 15\u201320 minuuttia ennen auringolle altistumista, p\u00e4ivitt\u00e4isen ihonhoitorutiinin p\u00e4\u00e4tteeksi ja ennen meikki\u00e4. Jos olet suorassa auringonvalossa (esim. rannalla), levit\u00e4 voidetta uudelleen kahden tunnin v\u00e4lein.<\/p>\n<p>&nbsp;<\/p>","protected":false},"excerpt":{"rendered":"<p>Round Lab Birch Juice Moisturizing Sunscreen on k\u00e4tev\u00e4 ja tehokas aurinkovoide, joka suojaa ihoa UV-s\u00e4teilylt\u00e4, ehk\u00e4isee valoik\u00e4\u00e4ntymist\u00e4, pigmenttil\u00e4iski\u00e4 ja auringonpolttamia. Voide raikastaa ja kosteuttaa syv\u00e4lt\u00e4, ehk\u00e4isee kuivumista ja hilseily\u00e4 sek\u00e4 rauhoittaa \u00e4rtynytt\u00e4 ihoa. Sen kevyt ja kermainen koostumus ei j\u00e4t\u00e4 valkoisia raitoja. Sis\u00e4lt\u00e4\u00e4 1 425 ppm koivunmehua, jota saadaan korealaisesta\u2026<\/p>","protected":false},"featured_media":14356,"comment_status":"open","ping_status":"closed","template":"","meta":{"_uf_show_specific_survey":0,"_uf_disable_surveys":false,"_bst_post_transparent":"default","_bst_post_title":"","_bst_post_layout":"default","_bst_post_sidebar_id":"","_bst_post_content_style":"default","_bst_post_vertical_padding":"default","_bst_post_feature":"","_bst_post_feature_position":"","_bst_post_header":false,"_bst_post_footer":false},"pwb-brand":[645],"product_brand":[],"product_cat":[92,101],"product_tag":[919,918,864],"class_list":{"0":"post-14355","1":"product","2":"type-product","3":"status-publish","4":"has-post-thumbnail","6":"pwb-brand-round-lab","7":"product_cat-nagu","8":"product_cat-paikesekaitse","9":"product_tag-birch","10":"product_tag-round-lsb","11":"product_tag-spf","13":"first","14":"instock","15":"sale","16":"shipping-taxable","17":"purchasable","18":"product-type-simple","19":"entry","20":"content-bg","21":"loop-entry"},"supplier_id":null,"supplier_sku":"","barcode":null,"atum_controlled":true,"out_stock_date":null,"out_stock_threshold":null,"inheritable":false,"inbound_stock":0,"stock_on_hold":0,"sold_today":0,"sales_last_days":2,"out_stock_days":0,"lost_sales":0,"has_location":false,"update_date":"2026-04-14T11:06:27","atum_locations":[],"atum_stock_status":"instock","restock_status":false,"low_stock_amount":"","sales_update_date":"2026-04-14T11:06:27","calc_backorders":null,"yoast_head":"<!-- This site is optimized with the Yoast SEO plugin v27.2 - https:\/\/yoast.com\/product\/yoast-seo-wordpress\/ -->\n<title>Round Lab Birch Juice Moisturizing Sunscreen SPF50+ PA++++, 50ml - IDA.KOREA<\/title>\n<meta name=\"description\" content=\"Niisutav ja rahustav kasemahla p\u00e4ikesekreem, mis kaitseb nahka UVA- ja UVB-kiirguse eest, ennetab pigmentatsiooni ning sobib kuivale ja tundlikule nahale.\" \/>\n<meta name=\"robots\" content=\"index, follow, max-snippet:-1, max-image-preview:large, max-video-preview:-1\" \/>\n<link rel=\"canonical\" href=\"https:\/\/idakorea.ee\/fi\/product\/round-lab-birch-juice-moisturizing-sunscreen-spf50\/\" \/>\n<meta property=\"og:locale\" content=\"fi_FI\" \/>\n<meta property=\"og:type\" content=\"article\" \/>\n<meta property=\"og:title\" content=\"Round Lab Birch Juice Moisturizing Sunscreen SPF50+ PA++++, 50ml - IDA.KOREA\" \/>\n<meta property=\"og:description\" content=\"Niisutav ja rahustav kasemahla p\u00e4ikesekreem, mis kaitseb nahka UVA- ja UVB-kiirguse eest, ennetab pigmentatsiooni ning sobib kuivale ja tundlikule nahale.\" \/>\n<meta property=\"og:url\" content=\"https:\/\/idakorea.ee\/fi\/product\/round-lab-birch-juice-moisturizing-sunscreen-spf50\/\" \/>\n<meta property=\"og:site_name\" content=\"IDA.KOREA\" \/>\n<meta property=\"article:modified_time\" content=\"2026-04-05T11:49:54+00:00\" \/>\n<meta property=\"og:image\" content=\"https:\/\/idakorea.ee\/wp-content\/uploads\/2025\/05\/round-lab-birch-juice-moisturizing-sunscreen-idakorea.jpg\" \/>\n\t<meta property=\"og:image:width\" content=\"1000\" \/>\n\t<meta property=\"og:image:height\" content=\"1000\" \/>\n\t<meta property=\"og:image:type\" content=\"image\/jpeg\" \/>\n<meta name=\"twitter:card\" content=\"summary_large_image\" \/>\n<meta name=\"twitter:label1\" content=\"Arvioitu lukuaika\" \/>\n\t<meta name=\"twitter:data1\" content=\"2 minuuttia\" \/>\n<script type=\"application\/ld+json\" class=\"yoast-schema-graph\">{\"@context\":\"https:\/\/schema.org\",\"@graph\":[{\"@type\":\"WebPage\",\"@id\":\"https:\/\/idakorea.ee\/product\/round-lab-birch-juice-moisturizing-sunscreen-spf50\/\",\"url\":\"https:\/\/idakorea.ee\/product\/round-lab-birch-juice-moisturizing-sunscreen-spf50\/\",\"name\":\"Round Lab Birch Juice Moisturizing Sunscreen SPF50+ PA++++, 50ml - IDA.KOREA\",\"isPartOf\":{\"@id\":\"https:\/\/idakorea.ee\/#website\"},\"primaryImageOfPage\":{\"@id\":\"https:\/\/idakorea.ee\/product\/round-lab-birch-juice-moisturizing-sunscreen-spf50\/#primaryimage\"},\"image\":{\"@id\":\"https:\/\/idakorea.ee\/product\/round-lab-birch-juice-moisturizing-sunscreen-spf50\/#primaryimage\"},\"thumbnailUrl\":\"https:\/\/idakorea.ee\/wp-content\/uploads\/2025\/05\/round-lab-birch-juice-moisturizing-sunscreen-idakorea.jpg\",\"datePublished\":\"2025-06-02T06:23:00+00:00\",\"dateModified\":\"2026-04-05T11:49:54+00:00\",\"description\":\"Niisutav ja rahustav kasemahla p\u00e4ikesekreem, mis kaitseb nahka UVA- ja UVB-kiirguse eest, ennetab pigmentatsiooni ning sobib kuivale ja tundlikule nahale.\",\"breadcrumb\":{\"@id\":\"https:\/\/idakorea.ee\/product\/round-lab-birch-juice-moisturizing-sunscreen-spf50\/#breadcrumb\"},\"inLanguage\":\"fi\",\"potentialAction\":[{\"@type\":\"ReadAction\",\"target\":[\"https:\/\/idakorea.ee\/product\/round-lab-birch-juice-moisturizing-sunscreen-spf50\/\"]}]},{\"@type\":\"ImageObject\",\"inLanguage\":\"fi\",\"@id\":\"https:\/\/idakorea.ee\/product\/round-lab-birch-juice-moisturizing-sunscreen-spf50\/#primaryimage\",\"url\":\"https:\/\/idakorea.ee\/wp-content\/uploads\/2025\/05\/round-lab-birch-juice-moisturizing-sunscreen-idakorea.jpg\",\"contentUrl\":\"https:\/\/idakorea.ee\/wp-content\/uploads\/2025\/05\/round-lab-birch-juice-moisturizing-sunscreen-idakorea.jpg\",\"width\":1000,\"height\":1000},{\"@type\":\"BreadcrumbList\",\"@id\":\"https:\/\/idakorea.ee\/product\/round-lab-birch-juice-moisturizing-sunscreen-spf50\/#breadcrumb\",\"itemListElement\":[{\"@type\":\"ListItem\",\"position\":1,\"name\":\"\u0413\u043b\u0430\u0432\u043d\u0430\u044f \u0441\u0442\u0440\u0430\u043d\u0438\u0446\u0430\",\"item\":\"https:\/\/idakorea.ee\/\"},{\"@type\":\"ListItem\",\"position\":2,\"name\":\"Shop\",\"item\":\"https:\/\/idakorea.ee\/shop-2\/\"},{\"@type\":\"ListItem\",\"position\":3,\"name\":\"P\u00e4ikesekaitsekreem Round Lab Birch Juice Moisturizing Sunscreen SPF50+ PA++++, 50ml\"}]},{\"@type\":\"WebSite\",\"@id\":\"https:\/\/idakorea.ee\/#website\",\"url\":\"https:\/\/idakorea.ee\/\",\"name\":\"IDA.KOREA\",\"description\":\"Korea kosmeetika e-pood\",\"publisher\":{\"@id\":\"https:\/\/idakorea.ee\/#organization\"},\"alternateName\":\"Beauty Shop\",\"potentialAction\":[{\"@type\":\"SearchAction\",\"target\":{\"@type\":\"EntryPoint\",\"urlTemplate\":\"https:\/\/idakorea.ee\/?s={search_term_string}\"},\"query-input\":{\"@type\":\"PropertyValueSpecification\",\"valueRequired\":true,\"valueName\":\"search_term_string\"}}],\"inLanguage\":\"fi\"},{\"@type\":\"Organization\",\"@id\":\"https:\/\/idakorea.ee\/#organization\",\"name\":\"IDA.KOREA\",\"url\":\"https:\/\/idakorea.ee\/\",\"logo\":{\"@type\":\"ImageObject\",\"inLanguage\":\"fi\",\"@id\":\"https:\/\/idakorea.ee\/#\/schema\/logo\/image\/\",\"url\":\"https:\/\/idakorea.ee\/wp-content\/uploads\/2024\/05\/cropped-korea3.png\",\"contentUrl\":\"https:\/\/idakorea.ee\/wp-content\/uploads\/2024\/05\/cropped-korea3.png\",\"width\":688,\"height\":126,\"caption\":\"IDA.KOREA\"},\"image\":{\"@id\":\"https:\/\/idakorea.ee\/#\/schema\/logo\/image\/\"},\"sameAs\":[\"https:\/\/www.instagram.com\/ida.korea\/\"]}]}<\/script>\n<!-- \/ Yoast SEO plugin. -->","yoast_head_json":{"title":"Round Lab Birch Juice -kosteuttava aurinkovoide SPF50+ PA++++, 50ml - IDA.KOREA","description":"Kosteuttava ja rauhoittava koivunmahla-aurinkovoide, joka suojaa ihoa UVA- ja UVB-s\u00e4teilylt\u00e4, ehk\u00e4isee pigmenttimuutoksia ja sopii kuivalle ja herk\u00e4lle iholle.","robots":{"index":"index","follow":"follow","max-snippet":"max-snippet:-1","max-image-preview":"max-image-preview:large","max-video-preview":"max-video-preview:-1"},"canonical":"https:\/\/idakorea.ee\/fi\/product\/round-lab-birch-juice-moisturizing-sunscreen-spf50\/","og_locale":"fi_FI","og_type":"article","og_title":"Round Lab Birch Juice Moisturizing Sunscreen SPF50+ PA++++, 50ml - IDA.KOREA","og_description":"Niisutav ja rahustav kasemahla p\u00e4ikesekreem, mis kaitseb nahka UVA- ja UVB-kiirguse eest, ennetab pigmentatsiooni ning sobib kuivale ja tundlikule nahale.","og_url":"https:\/\/idakorea.ee\/fi\/product\/round-lab-birch-juice-moisturizing-sunscreen-spf50\/","og_site_name":"IDA.KOREA","article_modified_time":"2026-04-05T11:49:54+00:00","og_image":[{"width":1000,"height":1000,"url":"https:\/\/idakorea.ee\/wp-content\/uploads\/2025\/05\/round-lab-birch-juice-moisturizing-sunscreen-idakorea.jpg","type":"image\/jpeg"}],"twitter_card":"summary_large_image","twitter_misc":{"Arvioitu lukuaika":"2 minuuttia"},"schema":{"@context":"https:\/\/schema.org","@graph":[{"@type":"WebPage","@id":"https:\/\/idakorea.ee\/product\/round-lab-birch-juice-moisturizing-sunscreen-spf50\/","url":"https:\/\/idakorea.ee\/product\/round-lab-birch-juice-moisturizing-sunscreen-spf50\/","name":"Round Lab Birch Juice -kosteuttava aurinkovoide SPF50+ PA++++, 50ml - IDA.KOREA","isPartOf":{"@id":"https:\/\/idakorea.ee\/#website"},"primaryImageOfPage":{"@id":"https:\/\/idakorea.ee\/product\/round-lab-birch-juice-moisturizing-sunscreen-spf50\/#primaryimage"},"image":{"@id":"https:\/\/idakorea.ee\/product\/round-lab-birch-juice-moisturizing-sunscreen-spf50\/#primaryimage"},"thumbnailUrl":"https:\/\/idakorea.ee\/wp-content\/uploads\/2025\/05\/round-lab-birch-juice-moisturizing-sunscreen-idakorea.jpg","datePublished":"2025-06-02T06:23:00+00:00","dateModified":"2026-04-05T11:49:54+00:00","description":"Kosteuttava ja rauhoittava koivunmahla-aurinkovoide, joka suojaa ihoa UVA- ja UVB-s\u00e4teilylt\u00e4, ehk\u00e4isee pigmenttimuutoksia ja sopii kuivalle ja herk\u00e4lle iholle.","breadcrumb":{"@id":"https:\/\/idakorea.ee\/product\/round-lab-birch-juice-moisturizing-sunscreen-spf50\/#breadcrumb"},"inLanguage":"fi","potentialAction":[{"@type":"ReadAction","target":["https:\/\/idakorea.ee\/product\/round-lab-birch-juice-moisturizing-sunscreen-spf50\/"]}]},{"@type":"ImageObject","inLanguage":"fi","@id":"https:\/\/idakorea.ee\/product\/round-lab-birch-juice-moisturizing-sunscreen-spf50\/#primaryimage","url":"https:\/\/idakorea.ee\/wp-content\/uploads\/2025\/05\/round-lab-birch-juice-moisturizing-sunscreen-idakorea.jpg","contentUrl":"https:\/\/idakorea.ee\/wp-content\/uploads\/2025\/05\/round-lab-birch-juice-moisturizing-sunscreen-idakorea.jpg","width":1000,"height":1000},{"@type":"BreadcrumbList","@id":"https:\/\/idakorea.ee\/product\/round-lab-birch-juice-moisturizing-sunscreen-spf50\/#breadcrumb","itemListElement":[{"@type":"ListItem","position":1,"name":"\u0413\u043b\u0430\u0432\u043d\u0430\u044f \u0441\u0442\u0440\u0430\u043d\u0438\u0446\u0430","item":"https:\/\/idakorea.ee\/"},{"@type":"ListItem","position":2,"name":"Shop","item":"https:\/\/idakorea.ee\/shop-2\/"},{"@type":"ListItem","position":3,"name":"P\u00e4ikesekaitsekreem Round Lab Birch Juice Moisturizing Sunscreen SPF50+ PA++++, 50ml"}]},{"@type":"WebSite","@id":"https:\/\/idakorea.ee\/#website","url":"https:\/\/idakorea.ee\/","name":"IDA.KOREA","description":"Korean kosmetiikan verkkokauppa","publisher":{"@id":"https:\/\/idakorea.ee\/#organization"},"alternateName":"Beauty Shop","potentialAction":[{"@type":"SearchAction","target":{"@type":"EntryPoint","urlTemplate":"https:\/\/idakorea.ee\/?s={search_term_string}"},"query-input":{"@type":"PropertyValueSpecification","valueRequired":true,"valueName":"search_term_string"}}],"inLanguage":"fi"},{"@type":"Organization","@id":"https:\/\/idakorea.ee\/#organization","name":"IDA.KOREA","url":"https:\/\/idakorea.ee\/","logo":{"@type":"ImageObject","inLanguage":"fi","@id":"https:\/\/idakorea.ee\/#\/schema\/logo\/image\/","url":"https:\/\/idakorea.ee\/wp-content\/uploads\/2024\/05\/cropped-korea3.png","contentUrl":"https:\/\/idakorea.ee\/wp-content\/uploads\/2024\/05\/cropped-korea3.png","width":688,"height":126,"caption":"IDA.KOREA"},"image":{"@id":"https:\/\/idakorea.ee\/#\/schema\/logo\/image\/"},"sameAs":["https:\/\/www.instagram.com\/ida.korea\/"]}]}},"jetpack_sharing_enabled":true,"brands":[{"id":645,"name":"ROUND LAB","slug":"round-lab"}],"_links":{"self":[{"href":"https:\/\/idakorea.ee\/fi\/wp-json\/wp\/v2\/product\/14355","targetHints":{"allow":["GET"]}}],"collection":[{"href":"https:\/\/idakorea.ee\/fi\/wp-json\/wp\/v2\/product"}],"about":[{"href":"https:\/\/idakorea.ee\/fi\/wp-json\/wp\/v2\/types\/product"}],"replies":[{"embeddable":true,"href":"https:\/\/idakorea.ee\/fi\/wp-json\/wp\/v2\/comments?post=14355"}],"version-history":[{"count":1,"href":"https:\/\/idakorea.ee\/fi\/wp-json\/wp\/v2\/product\/14355\/revisions"}],"predecessor-version":[{"id":14361,"href":"https:\/\/idakorea.ee\/fi\/wp-json\/wp\/v2\/product\/14355\/revisions\/14361"}],"wp:featuredmedia":[{"embeddable":true,"href":"https:\/\/idakorea.ee\/fi\/wp-json\/wp\/v2\/media\/14356"}],"wp:attachment":[{"href":"https:\/\/idakorea.ee\/fi\/wp-json\/wp\/v2\/media?parent=14355"}],"wp:term":[{"taxonomy":"pwb-brand","embeddable":true,"href":"https:\/\/idakorea.ee\/fi\/wp-json\/wp\/v2\/pwb-brand?post=14355"},{"taxonomy":"product_brand","embeddable":true,"href":"https:\/\/idakorea.ee\/fi\/wp-json\/wp\/v2\/product_brand?post=14355"},{"taxonomy":"product_cat","embeddable":true,"href":"https:\/\/idakorea.ee\/fi\/wp-json\/wp\/v2\/product_cat?post=14355"},{"taxonomy":"product_tag","embeddable":true,"href":"https:\/\/idakorea.ee\/fi\/wp-json\/wp\/v2\/product_tag?post=14355"}],"curies":[{"name":"wp","href":"https:\/\/api.w.org\/{rel}","templated":true}]}}