{"id":14385,"date":"2025-05-31T14:50:59","date_gmt":"2025-05-31T11:50:59","guid":{"rendered":"https:\/\/idakorea.ee\/?post_type=product&#038;p=14385"},"modified":"2026-04-09T11:28:51","modified_gmt":"2026-04-09T09:28:51","slug":"aprilskin-pink-aloe-pack-cleanser","status":"publish","type":"product","link":"https:\/\/idakorea.ee\/fi\/product\/aprilskin-pink-aloe-pack-cleanser\/","title":{"rendered":"Puhdistusvoide Aprilskin Pink Aloe Pack Cleanser, 120g"},"content":{"rendered":"<p>Koe rauhoittava ja syv\u00e4puhdistava ihohuokoset, kosteutus ja hell\u00e4varainen kuorinta yhdess\u00e4 tuotteessa. Innovatiivinen koostumus muuttuu naamiosta ylelliseksi vaahdoksi iholla, jolloin aktiiviset ainesosat p\u00e4\u00e4sev\u00e4t saavuttamaan maksimaalisen tehonsa ennen huuhtelua. Levit\u00e4 tuotetta iholle naamiona ja anna vaikuttaa 30 sekuntia ennen kuin hierot sen vaahdoksi.<\/p>\n<p>Tuote on rikastettu vaaleanpunaisella aloe veralla, jolla on 198% voimakkaampi rauhoittava vaikutus kuin tavallisella aloe veralla. Se sis\u00e4lt\u00e4\u00e4 my\u00f6s mungpapua ja soijapapua, jotka kuorivat hell\u00e4varaisesti ja puhdistavat ihohuokosia syv\u00e4lt\u00e4 j\u00e4tt\u00e4en ihon sile\u00e4ksi ja raikkaaksi. Gelatomainen koostumus, joka muuttuu joustavammaksi sekoitettuna, lukitsee kosteuden jopa puhdistuksen j\u00e4lkeen est\u00e4en ihon kuivumisen ja kireyden tunteen. Ei-komedogeeninen, dermatologisesti testattu.<\/p>\n<p><strong>Miksi aloe vera on vaaleanpunaista?<\/strong><br \/>\n\u00c4\u00e4rimm\u00e4isiss\u00e4 olosuhteissa aloe tuottaa enemm\u00e4n rauhoittavia yhdisteit\u00e4 ja antioksidantteja, mik\u00e4 saa sen luonnollisesti muuttumaan vaaleanpunaiseksi. Korealainen vaaleanpunainen aloe rauhoittaa ihoa tehokkaammin kuin tavallinen aloe.<\/p>\n<p><strong>T\u00e4rkeimm\u00e4t edut:<\/strong><\/p>\n<ul>\n<li><strong>Rauhoittaa ja lievitt\u00e4\u00e4 \u00e4rtynytt\u00e4 ihoa<\/strong><br \/>\nVaaleanpunainen aloe vera v\u00e4hent\u00e4\u00e4 punoitusta ja ehk\u00e4isee ihon kuivumista tehokkaan rauhoittavan vaikutuksensa ansiosta.<\/li>\n<li><strong>Maskista vaahdoksi muuttuva koostumus<\/strong><br \/>\nToisin kuin tavalliset puhdistusaineet, se j\u00e4tet\u00e4\u00e4n iholle ennen pesua, jotta aktiiviset ainesosat imeytyv\u00e4t paremmin ja iho pysyy raikkaana ja kosteutettuna.<\/li>\n<li><strong>99.99% poistettu ongelman syist\u00e4<\/strong><br \/>\nPoistaa tukkeutuneita j\u00e4\u00e4mi\u00e4 ja v\u00e4hent\u00e4\u00e4 iho\u00e4rsytyst\u00e4, auttaen saavuttamaan kirkkaan ja terveen ihon.<\/li>\n<li><strong>Sopii kaikille ihotyypeille<\/strong><br \/>\nSopii my\u00f6s herk\u00e4lle ja akneen taipuvaiselle iholle, ei tuki ihohuokosia, vaahtoava viimeistely v\u00e4hent\u00e4\u00e4 iho\u00e4rsytyksen riski\u00e4.<\/li>\n<\/ul>\n<p><strong>T\u00e4rkeimm\u00e4t ainesosat:<\/strong><\/p>\n<ul>\n<li><strong>100 ppm korealaista vaaleanpunaista aloe vera -vett\u00e4<\/strong><br \/>\nVoimakkaampi rauhoittava vaikutus kuin vihre\u00e4ll\u00e4 aloe veralla, muuttuu luonnostaan vaaleanpunaiseksi suojatakseen itse\u00e4\u00e4n.<\/li>\n<li><strong>Aasian Centella (Centella Asiatica)<\/strong><br \/>\nVahvistaa ihon luonnollista uusiutumiskyky\u00e4 ja parantaa suojakerrosta.<\/li>\n<li><strong>Mungpapu ja soijapapu (luonnollinen kuorinta-aine)<\/strong><br \/>\nHienot jauhehiukkaset poistavat kuolleita ihosoluja \u00e4rsytt\u00e4m\u00e4tt\u00e4 ihoa.<\/li>\n<\/ul>\n<p>&nbsp;<\/p>\n<p><strong>K\u00e4ytt\u00f6:<\/strong><\/p>\n<p>Purista sopiva m\u00e4\u00e4r\u00e4 tuotetta k\u00e4mmenellesi. Levit\u00e4 hell\u00e4varaisesti kasvoille v\u00e4ltt\u00e4en silm\u00e4nymp\u00e4rysihoa ja suuta. Lis\u00e4\u00e4 hieman vett\u00e4 ja vaahdota kevyesti noin 30 sekunnin tai 1\u20132 minuutin kuluttua. Huuhtele huolellisesti.<\/p>\n<p>&nbsp;<\/p>","protected":false},"excerpt":{"rendered":"<p>Koe rauhoittava, syv\u00e4puhdistava ihohuokoset, kosteutus ja hell\u00e4varainen kuorinta yhdess\u00e4 tuotteessa. Innovatiivinen koostumus muuttuu naamiosta ylelliseksi vaahdoksi iholla, jolloin aktiiviset ainesosat p\u00e4\u00e4sev\u00e4t saavuttamaan maksimaalisen tehonsa ennen huuhtelua. Levit\u00e4 tuotetta iholle naamiona ja anna vaikuttaa 30 sekuntia ennen kuin hierot sen vaahdoksi. Tuote on rikastettu vaaleanpunaisella aloe veralla, jolla on 198% voimakkaampi rauhoittava vaikutus kuin tavallisella aloe veralla...<\/p>","protected":false},"featured_media":14386,"comment_status":"open","ping_status":"closed","template":"","meta":{"_uf_show_specific_survey":0,"_uf_disable_surveys":false,"_bst_post_transparent":"default","_bst_post_title":"","_bst_post_layout":"default","_bst_post_sidebar_id":"","_bst_post_content_style":"default","_bst_post_vertical_padding":"default","_bst_post_feature":"","_bst_post_feature_position":"","_bst_post_header":false,"_bst_post_footer":false},"pwb-brand":[844],"product_brand":[],"product_cat":[92,452,100],"product_tag":[916,845,917],"class_list":{"0":"post-14385","1":"product","2":"type-product","3":"status-publish","4":"has-post-thumbnail","6":"pwb-brand-aprilskin","7":"product_cat-nagu","8":"product_cat-naopuhastusgeelid","9":"product_cat-puhastusvahendid","10":"product_tag-aloe","11":"product_tag-aprilskin","12":"product_tag-balm","14":"first","15":"instock","16":"sale","17":"shipping-taxable","18":"purchasable","19":"product-type-simple","20":"entry","21":"content-bg","22":"loop-entry"},"supplier_id":null,"supplier_sku":"","barcode":null,"atum_controlled":true,"out_stock_date":null,"out_stock_threshold":null,"inheritable":false,"inbound_stock":0,"stock_on_hold":0,"sold_today":0,"sales_last_days":0,"out_stock_days":0,"lost_sales":0,"has_location":false,"update_date":"2026-04-14T00:05:12","atum_locations":[],"atum_stock_status":"instock","restock_status":false,"low_stock_amount":"","sales_update_date":"2026-04-14T00:05:12","calc_backorders":null,"yoast_head":"<!-- This site is optimized with the Yoast SEO plugin v27.2 - https:\/\/yoast.com\/product\/yoast-seo-wordpress\/ -->\n<title>Aprilskin Pink Aloe Pack Cleanser, 120g - IDA.KOREA<\/title>\n<meta name=\"description\" content=\"4-in-1 roosa aaloe puhastusvaht \u2013 mask, niisutus ja koorimine \u00fches. Rahustab, puhastab ja silub nahka. Sobib ka tundlikule nahale. - Kiire tarne!\" \/>\n<meta name=\"robots\" content=\"index, follow, max-snippet:-1, max-image-preview:large, max-video-preview:-1\" \/>\n<link rel=\"canonical\" href=\"https:\/\/idakorea.ee\/fi\/product\/aprilskin-pink-aloe-pack-cleanser\/\" \/>\n<meta property=\"og:locale\" content=\"fi_FI\" \/>\n<meta property=\"og:type\" content=\"article\" \/>\n<meta property=\"og:title\" content=\"Aprilskin Pink Aloe Pack Cleanser, 120g - IDA.KOREA\" \/>\n<meta property=\"og:description\" content=\"4-in-1 roosa aaloe puhastusvaht \u2013 mask, niisutus ja koorimine \u00fches. Rahustab, puhastab ja silub nahka. Sobib ka tundlikule nahale. - Kiire tarne!\" \/>\n<meta property=\"og:url\" content=\"https:\/\/idakorea.ee\/fi\/product\/aprilskin-pink-aloe-pack-cleanser\/\" \/>\n<meta property=\"og:site_name\" content=\"IDA.KOREA\" \/>\n<meta property=\"article:modified_time\" content=\"2026-04-09T09:28:51+00:00\" \/>\n<meta property=\"og:image\" content=\"https:\/\/idakorea.ee\/wp-content\/uploads\/2025\/05\/aprilskin-pink-aloe-pack-cleanser-idakorea.webp\" \/>\n\t<meta property=\"og:image:width\" content=\"640\" \/>\n\t<meta property=\"og:image:height\" content=\"640\" \/>\n\t<meta property=\"og:image:type\" content=\"image\/webp\" \/>\n<meta name=\"twitter:card\" content=\"summary_large_image\" \/>\n<meta name=\"twitter:label1\" content=\"Arvioitu lukuaika\" \/>\n\t<meta name=\"twitter:data1\" content=\"2 minuuttia\" \/>\n<script type=\"application\/ld+json\" class=\"yoast-schema-graph\">{\"@context\":\"https:\/\/schema.org\",\"@graph\":[{\"@type\":\"WebPage\",\"@id\":\"https:\/\/idakorea.ee\/product\/aprilskin-pink-aloe-pack-cleanser\/\",\"url\":\"https:\/\/idakorea.ee\/product\/aprilskin-pink-aloe-pack-cleanser\/\",\"name\":\"Aprilskin Pink Aloe Pack Cleanser, 120g - IDA.KOREA\",\"isPartOf\":{\"@id\":\"https:\/\/idakorea.ee\/#website\"},\"primaryImageOfPage\":{\"@id\":\"https:\/\/idakorea.ee\/product\/aprilskin-pink-aloe-pack-cleanser\/#primaryimage\"},\"image\":{\"@id\":\"https:\/\/idakorea.ee\/product\/aprilskin-pink-aloe-pack-cleanser\/#primaryimage\"},\"thumbnailUrl\":\"https:\/\/idakorea.ee\/wp-content\/uploads\/2025\/05\/aprilskin-pink-aloe-pack-cleanser-idakorea.webp\",\"datePublished\":\"2025-05-31T11:50:59+00:00\",\"dateModified\":\"2026-04-09T09:28:51+00:00\",\"description\":\"4-in-1 roosa aaloe puhastusvaht \u2013 mask, niisutus ja koorimine \u00fches. Rahustab, puhastab ja silub nahka. Sobib ka tundlikule nahale. - Kiire tarne!\",\"breadcrumb\":{\"@id\":\"https:\/\/idakorea.ee\/product\/aprilskin-pink-aloe-pack-cleanser\/#breadcrumb\"},\"inLanguage\":\"fi\",\"potentialAction\":[{\"@type\":\"ReadAction\",\"target\":[\"https:\/\/idakorea.ee\/product\/aprilskin-pink-aloe-pack-cleanser\/\"]}]},{\"@type\":\"ImageObject\",\"inLanguage\":\"fi\",\"@id\":\"https:\/\/idakorea.ee\/product\/aprilskin-pink-aloe-pack-cleanser\/#primaryimage\",\"url\":\"https:\/\/idakorea.ee\/wp-content\/uploads\/2025\/05\/aprilskin-pink-aloe-pack-cleanser-idakorea.webp\",\"contentUrl\":\"https:\/\/idakorea.ee\/wp-content\/uploads\/2025\/05\/aprilskin-pink-aloe-pack-cleanser-idakorea.webp\",\"width\":640,\"height\":640},{\"@type\":\"BreadcrumbList\",\"@id\":\"https:\/\/idakorea.ee\/product\/aprilskin-pink-aloe-pack-cleanser\/#breadcrumb\",\"itemListElement\":[{\"@type\":\"ListItem\",\"position\":1,\"name\":\"\u0413\u043b\u0430\u0432\u043d\u0430\u044f \u0441\u0442\u0440\u0430\u043d\u0438\u0446\u0430\",\"item\":\"https:\/\/idakorea.ee\/\"},{\"@type\":\"ListItem\",\"position\":2,\"name\":\"Shop\",\"item\":\"https:\/\/idakorea.ee\/shop-2\/\"},{\"@type\":\"ListItem\",\"position\":3,\"name\":\"Puhastuspalsam Aprilskin Pink Aloe Pack Cleanser, 120g\"}]},{\"@type\":\"WebSite\",\"@id\":\"https:\/\/idakorea.ee\/#website\",\"url\":\"https:\/\/idakorea.ee\/\",\"name\":\"IDA.KOREA\",\"description\":\"Korea kosmeetika e-pood\",\"publisher\":{\"@id\":\"https:\/\/idakorea.ee\/#organization\"},\"alternateName\":\"Beauty Shop\",\"potentialAction\":[{\"@type\":\"SearchAction\",\"target\":{\"@type\":\"EntryPoint\",\"urlTemplate\":\"https:\/\/idakorea.ee\/?s={search_term_string}\"},\"query-input\":{\"@type\":\"PropertyValueSpecification\",\"valueRequired\":true,\"valueName\":\"search_term_string\"}}],\"inLanguage\":\"fi\"},{\"@type\":\"Organization\",\"@id\":\"https:\/\/idakorea.ee\/#organization\",\"name\":\"IDA.KOREA\",\"url\":\"https:\/\/idakorea.ee\/\",\"logo\":{\"@type\":\"ImageObject\",\"inLanguage\":\"fi\",\"@id\":\"https:\/\/idakorea.ee\/#\/schema\/logo\/image\/\",\"url\":\"https:\/\/idakorea.ee\/wp-content\/uploads\/2024\/05\/cropped-korea3.png\",\"contentUrl\":\"https:\/\/idakorea.ee\/wp-content\/uploads\/2024\/05\/cropped-korea3.png\",\"width\":688,\"height\":126,\"caption\":\"IDA.KOREA\"},\"image\":{\"@id\":\"https:\/\/idakorea.ee\/#\/schema\/logo\/image\/\"},\"sameAs\":[\"https:\/\/www.instagram.com\/ida.korea\/\"]}]}<\/script>\n<!-- \/ Yoast SEO plugin. -->","yoast_head_json":{"title":"Aprilskin Pink Aloe -puhdistuspakkaus, 120g - IDA.KOREA","description":"4-in-1 pinkki aloe vera -puhdistusvaahto \u2013 naamio, kosteusvoide ja kuorinta samassa. Rauhoittaa, puhdistaa ja silottaa ihoa. Sopii my\u00f6s herk\u00e4lle iholle. - Nopea toimitus!","robots":{"index":"index","follow":"follow","max-snippet":"max-snippet:-1","max-image-preview":"max-image-preview:large","max-video-preview":"max-video-preview:-1"},"canonical":"https:\/\/idakorea.ee\/fi\/product\/aprilskin-pink-aloe-pack-cleanser\/","og_locale":"fi_FI","og_type":"article","og_title":"Aprilskin Pink Aloe Pack Cleanser, 120g - IDA.KOREA","og_description":"4-in-1 roosa aaloe puhastusvaht \u2013 mask, niisutus ja koorimine \u00fches. Rahustab, puhastab ja silub nahka. Sobib ka tundlikule nahale. - Kiire tarne!","og_url":"https:\/\/idakorea.ee\/fi\/product\/aprilskin-pink-aloe-pack-cleanser\/","og_site_name":"IDA.KOREA","article_modified_time":"2026-04-09T09:28:51+00:00","og_image":[{"width":640,"height":640,"url":"https:\/\/idakorea.ee\/wp-content\/uploads\/2025\/05\/aprilskin-pink-aloe-pack-cleanser-idakorea.webp","type":"image\/webp"}],"twitter_card":"summary_large_image","twitter_misc":{"Arvioitu lukuaika":"2 minuuttia"},"schema":{"@context":"https:\/\/schema.org","@graph":[{"@type":"WebPage","@id":"https:\/\/idakorea.ee\/product\/aprilskin-pink-aloe-pack-cleanser\/","url":"https:\/\/idakorea.ee\/product\/aprilskin-pink-aloe-pack-cleanser\/","name":"Aprilskin Pink Aloe -puhdistuspakkaus, 120g - IDA.KOREA","isPartOf":{"@id":"https:\/\/idakorea.ee\/#website"},"primaryImageOfPage":{"@id":"https:\/\/idakorea.ee\/product\/aprilskin-pink-aloe-pack-cleanser\/#primaryimage"},"image":{"@id":"https:\/\/idakorea.ee\/product\/aprilskin-pink-aloe-pack-cleanser\/#primaryimage"},"thumbnailUrl":"https:\/\/idakorea.ee\/wp-content\/uploads\/2025\/05\/aprilskin-pink-aloe-pack-cleanser-idakorea.webp","datePublished":"2025-05-31T11:50:59+00:00","dateModified":"2026-04-09T09:28:51+00:00","description":"4-in-1 pinkki aloe vera -puhdistusvaahto \u2013 naamio, kosteusvoide ja kuorinta samassa. Rauhoittaa, puhdistaa ja silottaa ihoa. Sopii my\u00f6s herk\u00e4lle iholle. - Nopea toimitus!","breadcrumb":{"@id":"https:\/\/idakorea.ee\/product\/aprilskin-pink-aloe-pack-cleanser\/#breadcrumb"},"inLanguage":"fi","potentialAction":[{"@type":"ReadAction","target":["https:\/\/idakorea.ee\/product\/aprilskin-pink-aloe-pack-cleanser\/"]}]},{"@type":"ImageObject","inLanguage":"fi","@id":"https:\/\/idakorea.ee\/product\/aprilskin-pink-aloe-pack-cleanser\/#primaryimage","url":"https:\/\/idakorea.ee\/wp-content\/uploads\/2025\/05\/aprilskin-pink-aloe-pack-cleanser-idakorea.webp","contentUrl":"https:\/\/idakorea.ee\/wp-content\/uploads\/2025\/05\/aprilskin-pink-aloe-pack-cleanser-idakorea.webp","width":640,"height":640},{"@type":"BreadcrumbList","@id":"https:\/\/idakorea.ee\/product\/aprilskin-pink-aloe-pack-cleanser\/#breadcrumb","itemListElement":[{"@type":"ListItem","position":1,"name":"\u0413\u043b\u0430\u0432\u043d\u0430\u044f \u0441\u0442\u0440\u0430\u043d\u0438\u0446\u0430","item":"https:\/\/idakorea.ee\/"},{"@type":"ListItem","position":2,"name":"Shop","item":"https:\/\/idakorea.ee\/shop-2\/"},{"@type":"ListItem","position":3,"name":"Puhastuspalsam Aprilskin Pink Aloe Pack Cleanser, 120g"}]},{"@type":"WebSite","@id":"https:\/\/idakorea.ee\/#website","url":"https:\/\/idakorea.ee\/","name":"IDA.KOREA","description":"Korean kosmetiikan verkkokauppa","publisher":{"@id":"https:\/\/idakorea.ee\/#organization"},"alternateName":"Beauty Shop","potentialAction":[{"@type":"SearchAction","target":{"@type":"EntryPoint","urlTemplate":"https:\/\/idakorea.ee\/?s={search_term_string}"},"query-input":{"@type":"PropertyValueSpecification","valueRequired":true,"valueName":"search_term_string"}}],"inLanguage":"fi"},{"@type":"Organization","@id":"https:\/\/idakorea.ee\/#organization","name":"IDA.KOREA","url":"https:\/\/idakorea.ee\/","logo":{"@type":"ImageObject","inLanguage":"fi","@id":"https:\/\/idakorea.ee\/#\/schema\/logo\/image\/","url":"https:\/\/idakorea.ee\/wp-content\/uploads\/2024\/05\/cropped-korea3.png","contentUrl":"https:\/\/idakorea.ee\/wp-content\/uploads\/2024\/05\/cropped-korea3.png","width":688,"height":126,"caption":"IDA.KOREA"},"image":{"@id":"https:\/\/idakorea.ee\/#\/schema\/logo\/image\/"},"sameAs":["https:\/\/www.instagram.com\/ida.korea\/"]}]}},"jetpack_sharing_enabled":true,"brands":[{"id":844,"name":"APRILSKIN","slug":"aprilskin"}],"_links":{"self":[{"href":"https:\/\/idakorea.ee\/fi\/wp-json\/wp\/v2\/product\/14385","targetHints":{"allow":["GET"]}}],"collection":[{"href":"https:\/\/idakorea.ee\/fi\/wp-json\/wp\/v2\/product"}],"about":[{"href":"https:\/\/idakorea.ee\/fi\/wp-json\/wp\/v2\/types\/product"}],"replies":[{"embeddable":true,"href":"https:\/\/idakorea.ee\/fi\/wp-json\/wp\/v2\/comments?post=14385"}],"version-history":[{"count":1,"href":"https:\/\/idakorea.ee\/fi\/wp-json\/wp\/v2\/product\/14385\/revisions"}],"predecessor-version":[{"id":14389,"href":"https:\/\/idakorea.ee\/fi\/wp-json\/wp\/v2\/product\/14385\/revisions\/14389"}],"wp:featuredmedia":[{"embeddable":true,"href":"https:\/\/idakorea.ee\/fi\/wp-json\/wp\/v2\/media\/14386"}],"wp:attachment":[{"href":"https:\/\/idakorea.ee\/fi\/wp-json\/wp\/v2\/media?parent=14385"}],"wp:term":[{"taxonomy":"pwb-brand","embeddable":true,"href":"https:\/\/idakorea.ee\/fi\/wp-json\/wp\/v2\/pwb-brand?post=14385"},{"taxonomy":"product_brand","embeddable":true,"href":"https:\/\/idakorea.ee\/fi\/wp-json\/wp\/v2\/product_brand?post=14385"},{"taxonomy":"product_cat","embeddable":true,"href":"https:\/\/idakorea.ee\/fi\/wp-json\/wp\/v2\/product_cat?post=14385"},{"taxonomy":"product_tag","embeddable":true,"href":"https:\/\/idakorea.ee\/fi\/wp-json\/wp\/v2\/product_tag?post=14385"}],"curies":[{"name":"wp","href":"https:\/\/api.w.org\/{rel}","templated":true}]}}