{"id":14425,"date":"2025-06-02T14:01:44","date_gmt":"2025-06-02T11:01:44","guid":{"rendered":"https:\/\/idakorea.ee\/?post_type=product&#038;p=14425"},"modified":"2026-04-05T13:49:54","modified_gmt":"2026-04-05T11:49:54","slug":"round-lab-camellia-deep-collagen-firming-gel-mask","status":"publish","type":"product","link":"https:\/\/idakorea.ee\/fi\/product\/round-lab-camellia-deep-collagen-firming-gel-mask\/","title":{"rendered":"Kiinteytt\u00e4v\u00e4 hydrogeelinaamio kameliaa ja Round Lab Camellia Deep Collagen Firming Gel Mask"},"content":{"rendered":"<p><strong>Kiinteytt\u00e4v\u00e4 hydrogeelinaamio kameliaa ja Round Lab Camellia Deep Collagen Firming Gel Mask<\/strong> \u2013 sopii ensimm\u00e4isten ik\u00e4\u00e4ntymisen merkkien torjuntaan, parantaa ihon kimmoisuutta ja kiinteytt\u00e4, ehk\u00e4isee ryppyj\u00e4 ja silottaa olemassa olevia juonteita. Kosteuttaa tehokkaasti, vahvistaa verisuonten sein\u00e4mi\u00e4 ja supistaa laajentuneita ihohuokosia.<\/p>\n<p>Tuote palauttaa ihon lipidikerroksen ja vahvistaa ihon suojatoimintoja, poistaa kuivuutta ja hilseily\u00e4. Tasoittaa ihon rakennetta, pehment\u00e4\u00e4 ja torjuu sameutta.<\/p>\n<p>Geelipohja sulaa joutuessaan kosketuksiin ihon l\u00e4mp\u00f6tilan kanssa, mik\u00e4 varmistaa aktiivisten ainesosien nopean ja syv\u00e4n imeytymisen.<\/p>\n<p><strong>T\u00e4rkeimm\u00e4t vaikuttavat aineet:<\/strong><\/p>\n<ul>\n<li><strong>4 kollageenityyppi\u00e4<\/strong> \u2013 kosteuttavat, auttavat yll\u00e4pit\u00e4m\u00e4\u00e4n ihon kosteustasapainoa, parantavat ihon rakennetta, tukevat uusiutumisprosesseja ja v\u00e4hent\u00e4v\u00e4t kuivuudesta johtuvia ryppyj\u00e4.<\/li>\n<li><strong>Kamelia-uute<\/strong> \u2013 luonnollinen antioksidantti, runsaasti B-, C-, K- ja P2-vitamiineja, polyfenoleja ja tanniineja. Kosteuttaa syv\u00e4lt\u00e4, pit\u00e4\u00e4 ihon s\u00e4vyisen\u00e4 ja elastisena, ehk\u00e4isee kudosten veltostumista (ptoosia).<\/li>\n<li><strong>HPR (hydroksipinakoloniretinoaatti)<\/strong> \u2013 uuden sukupolven retinoli, toimii nopeammin ja \u00e4rsytt\u00e4\u00e4 ihoa v\u00e4hemm\u00e4n. Nopeuttaa solujen uusiutumista ja aktivoi reseptoreita, jotka stimuloivat kollageenin ja hyaluronihapon tuotantoa. V\u00e4hent\u00e4\u00e4 ryppyj\u00e4, supistaa ihohuokosia, tasoittaa ik\u00e4l\u00e4iski\u00e4, v\u00e4hent\u00e4\u00e4 rasvaisuutta ja aknea.<\/li>\n<li><strong>Kversetiini<\/strong> \u2013 sill\u00e4 on tulehdusta ja bakteereja est\u00e4vi\u00e4 vaikutuksia, se est\u00e4\u00e4 haitallisten bakteerien kasvua ja tukee tervett\u00e4 ihon mikrobiomia.<\/li>\n<li><strong>Irlannin sammaljauhe<\/strong> \u2013 punalev\u00e4laji, joka v\u00e4hent\u00e4\u00e4 tulehdusta ja turvotusta, s\u00e4ilytt\u00e4\u00e4 kosteutta ja rikastuttaa ihoa mineraaleilla.<\/li>\n<li><strong>Urea<\/strong> \u2013 kosteuttaa, pehment\u00e4\u00e4 karheita alueita, vaikuttaa antibakteerisesti, parantaa elastisuutta ja tehostaa muiden ainesosien vaikutusta.<\/li>\n<\/ul>\n<p>&nbsp;<\/p>\n<p>Sopii kaikille ihotyypeille.<\/p>\n<p><strong>K\u00e4ytt\u00f6:<\/strong>\u00a0 Poista suojakalvo naamion molemmista osista. Puhdistuksen, kasvoveden ja seerumin j\u00e4lkeen levit\u00e4 naamio kasvoillesi. Poista 1\u20132 tunnin kuluttua.<\/p>\n<p>&nbsp;<\/p>","protected":false},"excerpt":{"rendered":"<p>Kiinteytt\u00e4v\u00e4 hydrogeelinaamio kamelialla. Round Lab Camellia Deep Collagen Firming Gel Mask \u2013 sopii ensimm\u00e4isten ik\u00e4\u00e4ntymisen merkkien torjumiseen, parantaa ihon kimmoisuutta ja kiinteytt\u00e4, ehk\u00e4isee ryppyj\u00e4 ja silottaa olemassa olevia juonteita. Kosteuttaa tehokkaasti, vahvistaa verisuonten sein\u00e4mi\u00e4 ja kaventaa laajentuneita ihohuokosia. Tuote palauttaa lipidikerroksen ja vahvistaa ihon suojatoimintoja, poistaa kuivuutta ja hilseily\u00e4. Tasoittaa ihon rakennetta, pehment\u00e4\u00e4 ja torjuu\u2026<\/p>","protected":false},"featured_media":14426,"comment_status":"open","ping_status":"closed","template":"","meta":{"_uf_show_specific_survey":0,"_uf_disable_surveys":false,"_bst_post_transparent":"default","_bst_post_title":"","_bst_post_layout":"default","_bst_post_sidebar_id":"","_bst_post_content_style":"default","_bst_post_vertical_padding":"default","_bst_post_feature":"","_bst_post_feature_position":"","_bst_post_header":false,"_bst_post_footer":false},"pwb-brand":[645],"product_brand":[],"product_cat":[92,98],"product_tag":[921,920,646],"class_list":{"0":"post-14425","1":"product","2":"type-product","3":"status-publish","4":"has-post-thumbnail","6":"pwb-brand-round-lab","7":"product_cat-nagu","8":"product_cat-naomaskid","9":"product_tag-camellia","10":"product_tag-mas","11":"product_tag-round-lab","13":"first","14":"instock","15":"sale","16":"shipping-taxable","17":"purchasable","18":"product-type-simple","19":"entry","20":"content-bg","21":"loop-entry"},"supplier_id":null,"supplier_sku":"","barcode":null,"atum_controlled":true,"out_stock_date":null,"out_stock_threshold":null,"inheritable":false,"inbound_stock":0,"stock_on_hold":0,"sold_today":0,"sales_last_days":1,"out_stock_days":0,"lost_sales":0,"has_location":false,"update_date":"2026-04-14T00:05:12","atum_locations":[],"atum_stock_status":"instock","restock_status":false,"low_stock_amount":"","sales_update_date":"2026-04-14T00:05:12","calc_backorders":null,"yoast_head":"<!-- This site is optimized with the Yoast SEO plugin v27.2 - https:\/\/yoast.com\/product\/yoast-seo-wordpress\/ -->\n<title>Round Lab Camellia Deep Collagen Firming Gel Mask - IDA.KOREA<\/title>\n<meta name=\"description\" content=\"Tugevdav h\u00fcdrogeelmask kamelliaga \u2013 niisutab, silub kortse, parandab elastsust ja ahendab poore. Sobib k\u00f5ikidele nahat\u00fc\u00fcpidele. - Kiire tarne!\" \/>\n<meta name=\"robots\" content=\"index, follow, max-snippet:-1, max-image-preview:large, max-video-preview:-1\" \/>\n<link rel=\"canonical\" href=\"https:\/\/idakorea.ee\/fi\/product\/round-lab-camellia-deep-collagen-firming-gel-mask\/\" \/>\n<meta property=\"og:locale\" content=\"fi_FI\" \/>\n<meta property=\"og:type\" content=\"article\" \/>\n<meta property=\"og:title\" content=\"Round Lab Camellia Deep Collagen Firming Gel Mask - IDA.KOREA\" \/>\n<meta property=\"og:description\" content=\"Tugevdav h\u00fcdrogeelmask kamelliaga \u2013 niisutab, silub kortse, parandab elastsust ja ahendab poore. Sobib k\u00f5ikidele nahat\u00fc\u00fcpidele. - Kiire tarne!\" \/>\n<meta property=\"og:url\" content=\"https:\/\/idakorea.ee\/fi\/product\/round-lab-camellia-deep-collagen-firming-gel-mask\/\" \/>\n<meta property=\"og:site_name\" content=\"IDA.KOREA\" \/>\n<meta property=\"article:modified_time\" content=\"2026-04-05T11:49:54+00:00\" \/>\n<meta property=\"og:image\" content=\"https:\/\/idakorea.ee\/wp-content\/uploads\/2025\/06\/round-lab-camellia-deep-collagen-firming-gel-mask-idakorea.ee_.jpg\" \/>\n\t<meta property=\"og:image:width\" content=\"1000\" \/>\n\t<meta property=\"og:image:height\" content=\"1000\" \/>\n\t<meta property=\"og:image:type\" content=\"image\/jpeg\" \/>\n<meta name=\"twitter:card\" content=\"summary_large_image\" \/>\n<meta name=\"twitter:label1\" content=\"Arvioitu lukuaika\" \/>\n\t<meta name=\"twitter:data1\" content=\"2 minuuttia\" \/>\n<script type=\"application\/ld+json\" class=\"yoast-schema-graph\">{\"@context\":\"https:\/\/schema.org\",\"@graph\":[{\"@type\":\"WebPage\",\"@id\":\"https:\/\/idakorea.ee\/product\/round-lab-camellia-deep-collagen-firming-gel-mask\/\",\"url\":\"https:\/\/idakorea.ee\/product\/round-lab-camellia-deep-collagen-firming-gel-mask\/\",\"name\":\"Round Lab Camellia Deep Collagen Firming Gel Mask - IDA.KOREA\",\"isPartOf\":{\"@id\":\"https:\/\/idakorea.ee\/#website\"},\"primaryImageOfPage\":{\"@id\":\"https:\/\/idakorea.ee\/product\/round-lab-camellia-deep-collagen-firming-gel-mask\/#primaryimage\"},\"image\":{\"@id\":\"https:\/\/idakorea.ee\/product\/round-lab-camellia-deep-collagen-firming-gel-mask\/#primaryimage\"},\"thumbnailUrl\":\"https:\/\/idakorea.ee\/wp-content\/uploads\/2025\/06\/round-lab-camellia-deep-collagen-firming-gel-mask-idakorea.ee_.jpg\",\"datePublished\":\"2025-06-02T11:01:44+00:00\",\"dateModified\":\"2026-04-05T11:49:54+00:00\",\"description\":\"Tugevdav h\u00fcdrogeelmask kamelliaga \u2013 niisutab, silub kortse, parandab elastsust ja ahendab poore. Sobib k\u00f5ikidele nahat\u00fc\u00fcpidele. - Kiire tarne!\",\"breadcrumb\":{\"@id\":\"https:\/\/idakorea.ee\/product\/round-lab-camellia-deep-collagen-firming-gel-mask\/#breadcrumb\"},\"inLanguage\":\"fi\",\"potentialAction\":[{\"@type\":\"ReadAction\",\"target\":[\"https:\/\/idakorea.ee\/product\/round-lab-camellia-deep-collagen-firming-gel-mask\/\"]}]},{\"@type\":\"ImageObject\",\"inLanguage\":\"fi\",\"@id\":\"https:\/\/idakorea.ee\/product\/round-lab-camellia-deep-collagen-firming-gel-mask\/#primaryimage\",\"url\":\"https:\/\/idakorea.ee\/wp-content\/uploads\/2025\/06\/round-lab-camellia-deep-collagen-firming-gel-mask-idakorea.ee_.jpg\",\"contentUrl\":\"https:\/\/idakorea.ee\/wp-content\/uploads\/2025\/06\/round-lab-camellia-deep-collagen-firming-gel-mask-idakorea.ee_.jpg\",\"width\":1000,\"height\":1000},{\"@type\":\"BreadcrumbList\",\"@id\":\"https:\/\/idakorea.ee\/product\/round-lab-camellia-deep-collagen-firming-gel-mask\/#breadcrumb\",\"itemListElement\":[{\"@type\":\"ListItem\",\"position\":1,\"name\":\"\u0413\u043b\u0430\u0432\u043d\u0430\u044f \u0441\u0442\u0440\u0430\u043d\u0438\u0446\u0430\",\"item\":\"https:\/\/idakorea.ee\/\"},{\"@type\":\"ListItem\",\"position\":2,\"name\":\"Shop\",\"item\":\"https:\/\/idakorea.ee\/shop-2\/\"},{\"@type\":\"ListItem\",\"position\":3,\"name\":\"Tugevdav h\u00fcdrogeelmask kamelliaga Round Lab Camellia Deep Collagen Firming Gel Mask\"}]},{\"@type\":\"WebSite\",\"@id\":\"https:\/\/idakorea.ee\/#website\",\"url\":\"https:\/\/idakorea.ee\/\",\"name\":\"IDA.KOREA\",\"description\":\"Korea kosmeetika e-pood\",\"publisher\":{\"@id\":\"https:\/\/idakorea.ee\/#organization\"},\"alternateName\":\"Beauty Shop\",\"potentialAction\":[{\"@type\":\"SearchAction\",\"target\":{\"@type\":\"EntryPoint\",\"urlTemplate\":\"https:\/\/idakorea.ee\/?s={search_term_string}\"},\"query-input\":{\"@type\":\"PropertyValueSpecification\",\"valueRequired\":true,\"valueName\":\"search_term_string\"}}],\"inLanguage\":\"fi\"},{\"@type\":\"Organization\",\"@id\":\"https:\/\/idakorea.ee\/#organization\",\"name\":\"IDA.KOREA\",\"url\":\"https:\/\/idakorea.ee\/\",\"logo\":{\"@type\":\"ImageObject\",\"inLanguage\":\"fi\",\"@id\":\"https:\/\/idakorea.ee\/#\/schema\/logo\/image\/\",\"url\":\"https:\/\/idakorea.ee\/wp-content\/uploads\/2024\/05\/cropped-korea3.png\",\"contentUrl\":\"https:\/\/idakorea.ee\/wp-content\/uploads\/2024\/05\/cropped-korea3.png\",\"width\":688,\"height\":126,\"caption\":\"IDA.KOREA\"},\"image\":{\"@id\":\"https:\/\/idakorea.ee\/#\/schema\/logo\/image\/\"},\"sameAs\":[\"https:\/\/www.instagram.com\/ida.korea\/\"]}]}<\/script>\n<!-- \/ Yoast SEO plugin. -->","yoast_head_json":{"title":"Round Lab Camellia Deep Collagen Firming Gel Mask - IDA.KOREA","description":"Kiinteytt\u00e4v\u00e4 hydrogeelinaamio kamelialla - kosteuttaa, silottaa ryppyj\u00e4, parantaa kimmoisuutta ja supistaa ihohuokosia. Sopii kaikille ihotyypeille. - Nopea toimitus!","robots":{"index":"index","follow":"follow","max-snippet":"max-snippet:-1","max-image-preview":"max-image-preview:large","max-video-preview":"max-video-preview:-1"},"canonical":"https:\/\/idakorea.ee\/fi\/product\/round-lab-camellia-deep-collagen-firming-gel-mask\/","og_locale":"fi_FI","og_type":"article","og_title":"Round Lab Camellia Deep Collagen Firming Gel Mask - IDA.KOREA","og_description":"Tugevdav h\u00fcdrogeelmask kamelliaga \u2013 niisutab, silub kortse, parandab elastsust ja ahendab poore. Sobib k\u00f5ikidele nahat\u00fc\u00fcpidele. - Kiire tarne!","og_url":"https:\/\/idakorea.ee\/fi\/product\/round-lab-camellia-deep-collagen-firming-gel-mask\/","og_site_name":"IDA.KOREA","article_modified_time":"2026-04-05T11:49:54+00:00","og_image":[{"width":1000,"height":1000,"url":"https:\/\/idakorea.ee\/wp-content\/uploads\/2025\/06\/round-lab-camellia-deep-collagen-firming-gel-mask-idakorea.ee_.jpg","type":"image\/jpeg"}],"twitter_card":"summary_large_image","twitter_misc":{"Arvioitu lukuaika":"2 minuuttia"},"schema":{"@context":"https:\/\/schema.org","@graph":[{"@type":"WebPage","@id":"https:\/\/idakorea.ee\/product\/round-lab-camellia-deep-collagen-firming-gel-mask\/","url":"https:\/\/idakorea.ee\/product\/round-lab-camellia-deep-collagen-firming-gel-mask\/","name":"Round Lab Camellia Deep Collagen Firming Gel Mask - IDA.KOREA","isPartOf":{"@id":"https:\/\/idakorea.ee\/#website"},"primaryImageOfPage":{"@id":"https:\/\/idakorea.ee\/product\/round-lab-camellia-deep-collagen-firming-gel-mask\/#primaryimage"},"image":{"@id":"https:\/\/idakorea.ee\/product\/round-lab-camellia-deep-collagen-firming-gel-mask\/#primaryimage"},"thumbnailUrl":"https:\/\/idakorea.ee\/wp-content\/uploads\/2025\/06\/round-lab-camellia-deep-collagen-firming-gel-mask-idakorea.ee_.jpg","datePublished":"2025-06-02T11:01:44+00:00","dateModified":"2026-04-05T11:49:54+00:00","description":"Kiinteytt\u00e4v\u00e4 hydrogeelinaamio kamelialla - kosteuttaa, silottaa ryppyj\u00e4, parantaa kimmoisuutta ja supistaa ihohuokosia. Sopii kaikille ihotyypeille. - Nopea toimitus!","breadcrumb":{"@id":"https:\/\/idakorea.ee\/product\/round-lab-camellia-deep-collagen-firming-gel-mask\/#breadcrumb"},"inLanguage":"fi","potentialAction":[{"@type":"ReadAction","target":["https:\/\/idakorea.ee\/product\/round-lab-camellia-deep-collagen-firming-gel-mask\/"]}]},{"@type":"ImageObject","inLanguage":"fi","@id":"https:\/\/idakorea.ee\/product\/round-lab-camellia-deep-collagen-firming-gel-mask\/#primaryimage","url":"https:\/\/idakorea.ee\/wp-content\/uploads\/2025\/06\/round-lab-camellia-deep-collagen-firming-gel-mask-idakorea.ee_.jpg","contentUrl":"https:\/\/idakorea.ee\/wp-content\/uploads\/2025\/06\/round-lab-camellia-deep-collagen-firming-gel-mask-idakorea.ee_.jpg","width":1000,"height":1000},{"@type":"BreadcrumbList","@id":"https:\/\/idakorea.ee\/product\/round-lab-camellia-deep-collagen-firming-gel-mask\/#breadcrumb","itemListElement":[{"@type":"ListItem","position":1,"name":"\u0413\u043b\u0430\u0432\u043d\u0430\u044f \u0441\u0442\u0440\u0430\u043d\u0438\u0446\u0430","item":"https:\/\/idakorea.ee\/"},{"@type":"ListItem","position":2,"name":"Shop","item":"https:\/\/idakorea.ee\/shop-2\/"},{"@type":"ListItem","position":3,"name":"Tugevdav h\u00fcdrogeelmask kamelliaga Round Lab Camellia Deep Collagen Firming Gel Mask"}]},{"@type":"WebSite","@id":"https:\/\/idakorea.ee\/#website","url":"https:\/\/idakorea.ee\/","name":"IDA.KOREA","description":"Korean kosmetiikan verkkokauppa","publisher":{"@id":"https:\/\/idakorea.ee\/#organization"},"alternateName":"Beauty Shop","potentialAction":[{"@type":"SearchAction","target":{"@type":"EntryPoint","urlTemplate":"https:\/\/idakorea.ee\/?s={search_term_string}"},"query-input":{"@type":"PropertyValueSpecification","valueRequired":true,"valueName":"search_term_string"}}],"inLanguage":"fi"},{"@type":"Organization","@id":"https:\/\/idakorea.ee\/#organization","name":"IDA.KOREA","url":"https:\/\/idakorea.ee\/","logo":{"@type":"ImageObject","inLanguage":"fi","@id":"https:\/\/idakorea.ee\/#\/schema\/logo\/image\/","url":"https:\/\/idakorea.ee\/wp-content\/uploads\/2024\/05\/cropped-korea3.png","contentUrl":"https:\/\/idakorea.ee\/wp-content\/uploads\/2024\/05\/cropped-korea3.png","width":688,"height":126,"caption":"IDA.KOREA"},"image":{"@id":"https:\/\/idakorea.ee\/#\/schema\/logo\/image\/"},"sameAs":["https:\/\/www.instagram.com\/ida.korea\/"]}]}},"jetpack_sharing_enabled":true,"brands":[{"id":645,"name":"ROUND LAB","slug":"round-lab"}],"_links":{"self":[{"href":"https:\/\/idakorea.ee\/fi\/wp-json\/wp\/v2\/product\/14425","targetHints":{"allow":["GET"]}}],"collection":[{"href":"https:\/\/idakorea.ee\/fi\/wp-json\/wp\/v2\/product"}],"about":[{"href":"https:\/\/idakorea.ee\/fi\/wp-json\/wp\/v2\/types\/product"}],"replies":[{"embeddable":true,"href":"https:\/\/idakorea.ee\/fi\/wp-json\/wp\/v2\/comments?post=14425"}],"version-history":[{"count":4,"href":"https:\/\/idakorea.ee\/fi\/wp-json\/wp\/v2\/product\/14425\/revisions"}],"predecessor-version":[{"id":14433,"href":"https:\/\/idakorea.ee\/fi\/wp-json\/wp\/v2\/product\/14425\/revisions\/14433"}],"wp:featuredmedia":[{"embeddable":true,"href":"https:\/\/idakorea.ee\/fi\/wp-json\/wp\/v2\/media\/14426"}],"wp:attachment":[{"href":"https:\/\/idakorea.ee\/fi\/wp-json\/wp\/v2\/media?parent=14425"}],"wp:term":[{"taxonomy":"pwb-brand","embeddable":true,"href":"https:\/\/idakorea.ee\/fi\/wp-json\/wp\/v2\/pwb-brand?post=14425"},{"taxonomy":"product_brand","embeddable":true,"href":"https:\/\/idakorea.ee\/fi\/wp-json\/wp\/v2\/product_brand?post=14425"},{"taxonomy":"product_cat","embeddable":true,"href":"https:\/\/idakorea.ee\/fi\/wp-json\/wp\/v2\/product_cat?post=14425"},{"taxonomy":"product_tag","embeddable":true,"href":"https:\/\/idakorea.ee\/fi\/wp-json\/wp\/v2\/product_tag?post=14425"}],"curies":[{"name":"wp","href":"https:\/\/api.w.org\/{rel}","templated":true}]}}