{"id":14439,"date":"2025-06-03T14:32:29","date_gmt":"2025-06-03T11:32:29","guid":{"rendered":"https:\/\/idakorea.ee\/?post_type=product&#038;p=14439"},"modified":"2026-03-04T13:20:11","modified_gmt":"2026-03-04T11:20:11","slug":"round-lab-camellia-deep-collagen-firming-ampoule-30ml","status":"publish","type":"product","link":"https:\/\/idakorea.ee\/fi\/product\/round-lab-camellia-deep-collagen-firming-ampoule-30ml\/","title":{"rendered":"Round Lab Camellia Deep Collagen Firming -ampulli, 30ml"},"content":{"rendered":"<p><strong>Round Lab Camellia Deep Collagen -kiinteytt\u00e4v\u00e4 ampulli<\/strong>\u00a0on suunniteltu ehk\u00e4isem\u00e4\u00e4n ensimm\u00e4isi\u00e4 ik\u00e4\u00e4ntymisen merkkej\u00e4 \u2013 se vahvistaa ihon rakennetta ja ehk\u00e4isee kudosten veltostumista (ptoosia). Stimuloi kollageenin ja elastiinin synteesi\u00e4, lis\u00e4\u00e4 ihon s\u00e4vy\u00e4 ja auttaa yll\u00e4pit\u00e4m\u00e4\u00e4n kimmoisuutta.<\/p>\n<p>Silottaa ilmejuonteita ja ryppyj\u00e4 ja auttaa ehk\u00e4isem\u00e4\u00e4n niiden muodostumista. Kosteuttaa ja ravitsee syv\u00e4sti, poistaa kuivuutta ja hilseily\u00e4 sek\u00e4 palauttaa ihon hydrolipiditasapainon.<\/p>\n<p><strong>T\u00e4rkeimm\u00e4t vaikuttavat aineet:<\/strong><\/p>\n<ul>\n<li><strong>4 kollageenityyppi\u00e4<\/strong> \u2013 kosteuttaa, auttaa s\u00e4ilytt\u00e4m\u00e4\u00e4n kosteutta, parantaa ihon rakennetta, tukee uusiutumisprosesseja ja v\u00e4hent\u00e4\u00e4 kuivuudesta johtuvia ryppyj\u00e4.<\/li>\n<li><strong>Kamelia-uute<\/strong> \u2013 luonnollinen antioksidantti, joka on runsaasti B-, C-, K- ja P2-vitamiineja, polyfenoleja ja tanniineja. Kosteuttaa syv\u00e4lt\u00e4, yll\u00e4pit\u00e4\u00e4 ihon s\u00e4vy\u00e4 ja kimmoisuutta sek\u00e4 ehk\u00e4isee kudosten veltostumista.<\/li>\n<li><strong>HPR (hydroksipinakoloniretinoaatti)<\/strong> \u2013 uuden sukupolven retinoli, joka toimii nopeammin ja aiheuttaa v\u00e4hemm\u00e4n \u00e4rsytyst\u00e4. Nopeuttaa solujen uusiutumista, aktivoi reseptoreita edist\u00e4en kollageenin ja hyaluronihapon tuotantoa. V\u00e4hent\u00e4\u00e4 ryppyj\u00e4, supistaa ihohuokosia, tasoittaa pigmenttil\u00e4iski\u00e4, s\u00e4\u00e4telee talin erityst\u00e4 ja ehk\u00e4isee aknea.<\/li>\n<li><strong>Kversetiini<\/strong> \u2013 tulehdusta ja bakteereja est\u00e4v\u00e4 vaikutus, est\u00e4\u00e4 haitallisten bakteerien kasvua ja tukee ihon mikrobiomia.<\/li>\n<li><strong>Skvala<\/strong> \u2013 rauhoittaa, v\u00e4hent\u00e4\u00e4 kosteuden haihtumista, suojaa kuivumiselta ja ravitsee ihoa hidastaen ik\u00e4\u00e4ntymisprosessia.<\/li>\n<li><strong>Chlorella-uute<\/strong> \u2013 vahvoilla antioksidanttisilla, kosteuttavilla, vitamiinipitoisilla ja palauttavilla vaikutuksilla, auttaa parantamaan ihon yleiskuntoa.<\/li>\n<\/ul>\n<p>&nbsp;<\/p>\n<p>Sopii kuivalle, normaalille ja sekaiholle.<\/p>\n<p><strong>K\u00e4ytt\u00f6:<\/strong> Puhdistuksen ja kasvoveden j\u00e4lkeen levit\u00e4 ampulli tasaisesti kasvoille. Viimeistele voideella.<\/p>\n<p>&nbsp;<\/p>","protected":false},"excerpt":{"rendered":"<p>Round Lab Camellia Deep Collagen Firming Ampoule on suunniteltu ehk\u00e4isem\u00e4\u00e4n ensimm\u00e4isi\u00e4 ik\u00e4\u00e4ntymisen merkkej\u00e4 \u2013 se vahvistaa ihon rakennetta ja ehk\u00e4isee kudosten veltostumista (ptoosia). Stimuloi kollageenin ja elastiinin synteesi\u00e4, lis\u00e4\u00e4 ihon s\u00e4vy\u00e4 ja auttaa yll\u00e4pit\u00e4m\u00e4\u00e4n kimmoisuutta. Silottaa ilmejuonteita ja ryppyj\u00e4 ja auttaa ehk\u00e4isem\u00e4\u00e4n niiden muodostumista. Kosteuttaa ja ravitsee syv\u00e4lt\u00e4, poistaa kuivuutta ja hilseily\u00e4 sek\u00e4 palauttaa\u2026<\/p>","protected":false},"featured_media":14440,"comment_status":"open","ping_status":"closed","template":"","meta":{"_uf_show_specific_survey":0,"_uf_disable_surveys":false,"_bst_post_transparent":"default","_bst_post_title":"","_bst_post_layout":"default","_bst_post_sidebar_id":"","_bst_post_content_style":"default","_bst_post_vertical_padding":"default","_bst_post_feature":"","_bst_post_feature_position":"","_bst_post_header":false,"_bst_post_footer":false},"pwb-brand":[645],"product_brand":[],"product_cat":[92,97],"product_tag":[922,517,646],"class_list":{"0":"post-14439","1":"product","2":"type-product","3":"status-publish","4":"has-post-thumbnail","6":"pwb-brand-round-lab","7":"product_cat-nagu","8":"product_cat-naoseerumid-ja-olid","9":"product_tag-cammelia","10":"product_tag-collagen","11":"product_tag-round-lab","13":"first","14":"instock","15":"sale","16":"shipping-taxable","17":"purchasable","18":"product-type-simple","19":"entry","20":"content-bg","21":"loop-entry"},"supplier_id":null,"supplier_sku":"","barcode":null,"atum_controlled":true,"out_stock_date":null,"out_stock_threshold":null,"inheritable":false,"inbound_stock":0,"stock_on_hold":0,"sold_today":0,"sales_last_days":0,"out_stock_days":0,"lost_sales":0,"has_location":false,"update_date":"2026-05-10T00:17:47","atum_locations":[],"atum_stock_status":"instock","restock_status":false,"low_stock_amount":"","sales_update_date":"2026-05-10T00:17:47","calc_backorders":null,"yoast_head":"<!-- This site is optimized with the Yoast SEO plugin v27.2 - https:\/\/yoast.com\/product\/yoast-seo-wordpress\/ -->\n<title>Round Lab Camellia Deep Collagen Firming Ampoule, 30ml - IDA.KOREA<\/title>\n<meta name=\"description\" content=\"Tugvdav ampull kamelliaga \u2013 stimuleerib kollageeni tootmist, silub kortse, niisutab ja pinguldab nahka. Sobib kuivale ja kombineeritud nahale. - Kiire tarne\" \/>\n<meta name=\"robots\" content=\"index, follow, max-snippet:-1, max-image-preview:large, max-video-preview:-1\" \/>\n<link rel=\"canonical\" href=\"https:\/\/idakorea.ee\/fi\/product\/round-lab-camellia-deep-collagen-firming-ampoule-30ml\/\" \/>\n<meta property=\"og:locale\" content=\"fi_FI\" \/>\n<meta property=\"og:type\" content=\"article\" \/>\n<meta property=\"og:title\" content=\"Round Lab Camellia Deep Collagen Firming Ampoule, 30ml - IDA.KOREA\" \/>\n<meta property=\"og:description\" content=\"Tugvdav ampull kamelliaga \u2013 stimuleerib kollageeni tootmist, silub kortse, niisutab ja pinguldab nahka. Sobib kuivale ja kombineeritud nahale. - Kiire tarne\" \/>\n<meta property=\"og:url\" content=\"https:\/\/idakorea.ee\/fi\/product\/round-lab-camellia-deep-collagen-firming-ampoule-30ml\/\" \/>\n<meta property=\"og:site_name\" content=\"IDA.KOREA\" \/>\n<meta property=\"article:modified_time\" content=\"2026-03-04T11:20:11+00:00\" \/>\n<meta property=\"og:image\" content=\"https:\/\/idakorea.ee\/wp-content\/uploads\/2025\/06\/round-lab-camellia-deep-collagen-firming-ampoule-idakorea.ee_.jpg\" \/>\n\t<meta property=\"og:image:width\" content=\"1000\" \/>\n\t<meta property=\"og:image:height\" content=\"1000\" \/>\n\t<meta property=\"og:image:type\" content=\"image\/jpeg\" \/>\n<meta name=\"twitter:card\" content=\"summary_large_image\" \/>\n<meta name=\"twitter:label1\" content=\"Arvioitu lukuaika\" \/>\n\t<meta name=\"twitter:data1\" content=\"2 minuuttia\" \/>\n<script type=\"application\/ld+json\" class=\"yoast-schema-graph\">{\"@context\":\"https:\/\/schema.org\",\"@graph\":[{\"@type\":\"WebPage\",\"@id\":\"https:\/\/idakorea.ee\/product\/round-lab-camellia-deep-collagen-firming-ampoule-30ml\/\",\"url\":\"https:\/\/idakorea.ee\/product\/round-lab-camellia-deep-collagen-firming-ampoule-30ml\/\",\"name\":\"Round Lab Camellia Deep Collagen Firming Ampoule, 30ml - IDA.KOREA\",\"isPartOf\":{\"@id\":\"https:\/\/idakorea.ee\/#website\"},\"primaryImageOfPage\":{\"@id\":\"https:\/\/idakorea.ee\/product\/round-lab-camellia-deep-collagen-firming-ampoule-30ml\/#primaryimage\"},\"image\":{\"@id\":\"https:\/\/idakorea.ee\/product\/round-lab-camellia-deep-collagen-firming-ampoule-30ml\/#primaryimage\"},\"thumbnailUrl\":\"https:\/\/idakorea.ee\/wp-content\/uploads\/2025\/06\/round-lab-camellia-deep-collagen-firming-ampoule-idakorea.ee_.jpg\",\"datePublished\":\"2025-06-03T11:32:29+00:00\",\"dateModified\":\"2026-03-04T11:20:11+00:00\",\"description\":\"Tugvdav ampull kamelliaga \u2013 stimuleerib kollageeni tootmist, silub kortse, niisutab ja pinguldab nahka. Sobib kuivale ja kombineeritud nahale. - Kiire tarne\",\"breadcrumb\":{\"@id\":\"https:\/\/idakorea.ee\/product\/round-lab-camellia-deep-collagen-firming-ampoule-30ml\/#breadcrumb\"},\"inLanguage\":\"fi\",\"potentialAction\":[{\"@type\":\"ReadAction\",\"target\":[\"https:\/\/idakorea.ee\/product\/round-lab-camellia-deep-collagen-firming-ampoule-30ml\/\"]}]},{\"@type\":\"ImageObject\",\"inLanguage\":\"fi\",\"@id\":\"https:\/\/idakorea.ee\/product\/round-lab-camellia-deep-collagen-firming-ampoule-30ml\/#primaryimage\",\"url\":\"https:\/\/idakorea.ee\/wp-content\/uploads\/2025\/06\/round-lab-camellia-deep-collagen-firming-ampoule-idakorea.ee_.jpg\",\"contentUrl\":\"https:\/\/idakorea.ee\/wp-content\/uploads\/2025\/06\/round-lab-camellia-deep-collagen-firming-ampoule-idakorea.ee_.jpg\",\"width\":1000,\"height\":1000},{\"@type\":\"BreadcrumbList\",\"@id\":\"https:\/\/idakorea.ee\/product\/round-lab-camellia-deep-collagen-firming-ampoule-30ml\/#breadcrumb\",\"itemListElement\":[{\"@type\":\"ListItem\",\"position\":1,\"name\":\"\u0413\u043b\u0430\u0432\u043d\u0430\u044f \u0441\u0442\u0440\u0430\u043d\u0438\u0446\u0430\",\"item\":\"https:\/\/idakorea.ee\/\"},{\"@type\":\"ListItem\",\"position\":2,\"name\":\"Shop\",\"item\":\"https:\/\/idakorea.ee\/shop-2\/\"},{\"@type\":\"ListItem\",\"position\":3,\"name\":\"Tugevdav kollageeniampull kamelliaga Round Lab Camellia Deep Collagen Firming Ampoule, 30ml\"}]},{\"@type\":\"WebSite\",\"@id\":\"https:\/\/idakorea.ee\/#website\",\"url\":\"https:\/\/idakorea.ee\/\",\"name\":\"IDA.KOREA\",\"description\":\"Korea kosmeetika e-pood\",\"publisher\":{\"@id\":\"https:\/\/idakorea.ee\/#organization\"},\"alternateName\":\"Beauty Shop\",\"potentialAction\":[{\"@type\":\"SearchAction\",\"target\":{\"@type\":\"EntryPoint\",\"urlTemplate\":\"https:\/\/idakorea.ee\/?s={search_term_string}\"},\"query-input\":{\"@type\":\"PropertyValueSpecification\",\"valueRequired\":true,\"valueName\":\"search_term_string\"}}],\"inLanguage\":\"fi\"},{\"@type\":\"Organization\",\"@id\":\"https:\/\/idakorea.ee\/#organization\",\"name\":\"IDA.KOREA\",\"url\":\"https:\/\/idakorea.ee\/\",\"logo\":{\"@type\":\"ImageObject\",\"inLanguage\":\"fi\",\"@id\":\"https:\/\/idakorea.ee\/#\/schema\/logo\/image\/\",\"url\":\"https:\/\/idakorea.ee\/wp-content\/uploads\/2024\/05\/cropped-korea3.png\",\"contentUrl\":\"https:\/\/idakorea.ee\/wp-content\/uploads\/2024\/05\/cropped-korea3.png\",\"width\":688,\"height\":126,\"caption\":\"IDA.KOREA\"},\"image\":{\"@id\":\"https:\/\/idakorea.ee\/#\/schema\/logo\/image\/\"},\"sameAs\":[\"https:\/\/www.instagram.com\/ida.korea\/\"]}]}<\/script>\n<!-- \/ Yoast SEO plugin. -->","yoast_head_json":{"title":"Round Lab Camellia Deep Collagen Firming -ampulli, 30ml - IDA.KOREA","description":"Kiinteytt\u00e4v\u00e4 ampulli kameliaa - stimuloi kollageenin tuotantoa, silottaa ryppyj\u00e4, kosteuttaa ja kiinteytt\u00e4\u00e4 ihoa. Sopii kuivalle ja sekaiholle. - Nopea toimitus","robots":{"index":"index","follow":"follow","max-snippet":"max-snippet:-1","max-image-preview":"max-image-preview:large","max-video-preview":"max-video-preview:-1"},"canonical":"https:\/\/idakorea.ee\/fi\/product\/round-lab-camellia-deep-collagen-firming-ampoule-30ml\/","og_locale":"fi_FI","og_type":"article","og_title":"Round Lab Camellia Deep Collagen Firming Ampoule, 30ml - IDA.KOREA","og_description":"Tugvdav ampull kamelliaga \u2013 stimuleerib kollageeni tootmist, silub kortse, niisutab ja pinguldab nahka. Sobib kuivale ja kombineeritud nahale. - Kiire tarne","og_url":"https:\/\/idakorea.ee\/fi\/product\/round-lab-camellia-deep-collagen-firming-ampoule-30ml\/","og_site_name":"IDA.KOREA","article_modified_time":"2026-03-04T11:20:11+00:00","og_image":[{"width":1000,"height":1000,"url":"https:\/\/idakorea.ee\/wp-content\/uploads\/2025\/06\/round-lab-camellia-deep-collagen-firming-ampoule-idakorea.ee_.jpg","type":"image\/jpeg"}],"twitter_card":"summary_large_image","twitter_misc":{"Arvioitu lukuaika":"2 minuuttia"},"schema":{"@context":"https:\/\/schema.org","@graph":[{"@type":"WebPage","@id":"https:\/\/idakorea.ee\/product\/round-lab-camellia-deep-collagen-firming-ampoule-30ml\/","url":"https:\/\/idakorea.ee\/product\/round-lab-camellia-deep-collagen-firming-ampoule-30ml\/","name":"Round Lab Camellia Deep Collagen Firming -ampulli, 30ml - IDA.KOREA","isPartOf":{"@id":"https:\/\/idakorea.ee\/#website"},"primaryImageOfPage":{"@id":"https:\/\/idakorea.ee\/product\/round-lab-camellia-deep-collagen-firming-ampoule-30ml\/#primaryimage"},"image":{"@id":"https:\/\/idakorea.ee\/product\/round-lab-camellia-deep-collagen-firming-ampoule-30ml\/#primaryimage"},"thumbnailUrl":"https:\/\/idakorea.ee\/wp-content\/uploads\/2025\/06\/round-lab-camellia-deep-collagen-firming-ampoule-idakorea.ee_.jpg","datePublished":"2025-06-03T11:32:29+00:00","dateModified":"2026-03-04T11:20:11+00:00","description":"Kiinteytt\u00e4v\u00e4 ampulli kameliaa - stimuloi kollageenin tuotantoa, silottaa ryppyj\u00e4, kosteuttaa ja kiinteytt\u00e4\u00e4 ihoa. Sopii kuivalle ja sekaiholle. - Nopea toimitus","breadcrumb":{"@id":"https:\/\/idakorea.ee\/product\/round-lab-camellia-deep-collagen-firming-ampoule-30ml\/#breadcrumb"},"inLanguage":"fi","potentialAction":[{"@type":"ReadAction","target":["https:\/\/idakorea.ee\/product\/round-lab-camellia-deep-collagen-firming-ampoule-30ml\/"]}]},{"@type":"ImageObject","inLanguage":"fi","@id":"https:\/\/idakorea.ee\/product\/round-lab-camellia-deep-collagen-firming-ampoule-30ml\/#primaryimage","url":"https:\/\/idakorea.ee\/wp-content\/uploads\/2025\/06\/round-lab-camellia-deep-collagen-firming-ampoule-idakorea.ee_.jpg","contentUrl":"https:\/\/idakorea.ee\/wp-content\/uploads\/2025\/06\/round-lab-camellia-deep-collagen-firming-ampoule-idakorea.ee_.jpg","width":1000,"height":1000},{"@type":"BreadcrumbList","@id":"https:\/\/idakorea.ee\/product\/round-lab-camellia-deep-collagen-firming-ampoule-30ml\/#breadcrumb","itemListElement":[{"@type":"ListItem","position":1,"name":"\u0413\u043b\u0430\u0432\u043d\u0430\u044f \u0441\u0442\u0440\u0430\u043d\u0438\u0446\u0430","item":"https:\/\/idakorea.ee\/"},{"@type":"ListItem","position":2,"name":"Shop","item":"https:\/\/idakorea.ee\/shop-2\/"},{"@type":"ListItem","position":3,"name":"Tugevdav kollageeniampull kamelliaga Round Lab Camellia Deep Collagen Firming Ampoule, 30ml"}]},{"@type":"WebSite","@id":"https:\/\/idakorea.ee\/#website","url":"https:\/\/idakorea.ee\/","name":"IDA.KOREA","description":"Korean kosmetiikan verkkokauppa","publisher":{"@id":"https:\/\/idakorea.ee\/#organization"},"alternateName":"Beauty Shop","potentialAction":[{"@type":"SearchAction","target":{"@type":"EntryPoint","urlTemplate":"https:\/\/idakorea.ee\/?s={search_term_string}"},"query-input":{"@type":"PropertyValueSpecification","valueRequired":true,"valueName":"search_term_string"}}],"inLanguage":"fi"},{"@type":"Organization","@id":"https:\/\/idakorea.ee\/#organization","name":"IDA.KOREA","url":"https:\/\/idakorea.ee\/","logo":{"@type":"ImageObject","inLanguage":"fi","@id":"https:\/\/idakorea.ee\/#\/schema\/logo\/image\/","url":"https:\/\/idakorea.ee\/wp-content\/uploads\/2024\/05\/cropped-korea3.png","contentUrl":"https:\/\/idakorea.ee\/wp-content\/uploads\/2024\/05\/cropped-korea3.png","width":688,"height":126,"caption":"IDA.KOREA"},"image":{"@id":"https:\/\/idakorea.ee\/#\/schema\/logo\/image\/"},"sameAs":["https:\/\/www.instagram.com\/ida.korea\/"]}]}},"jetpack_sharing_enabled":true,"brands":[{"id":645,"name":"ROUND LAB","slug":"round-lab"}],"_links":{"self":[{"href":"https:\/\/idakorea.ee\/fi\/wp-json\/wp\/v2\/product\/14439","targetHints":{"allow":["GET"]}}],"collection":[{"href":"https:\/\/idakorea.ee\/fi\/wp-json\/wp\/v2\/product"}],"about":[{"href":"https:\/\/idakorea.ee\/fi\/wp-json\/wp\/v2\/types\/product"}],"replies":[{"embeddable":true,"href":"https:\/\/idakorea.ee\/fi\/wp-json\/wp\/v2\/comments?post=14439"}],"version-history":[{"count":1,"href":"https:\/\/idakorea.ee\/fi\/wp-json\/wp\/v2\/product\/14439\/revisions"}],"predecessor-version":[{"id":14446,"href":"https:\/\/idakorea.ee\/fi\/wp-json\/wp\/v2\/product\/14439\/revisions\/14446"}],"wp:featuredmedia":[{"embeddable":true,"href":"https:\/\/idakorea.ee\/fi\/wp-json\/wp\/v2\/media\/14440"}],"wp:attachment":[{"href":"https:\/\/idakorea.ee\/fi\/wp-json\/wp\/v2\/media?parent=14439"}],"wp:term":[{"taxonomy":"pwb-brand","embeddable":true,"href":"https:\/\/idakorea.ee\/fi\/wp-json\/wp\/v2\/pwb-brand?post=14439"},{"taxonomy":"product_brand","embeddable":true,"href":"https:\/\/idakorea.ee\/fi\/wp-json\/wp\/v2\/product_brand?post=14439"},{"taxonomy":"product_cat","embeddable":true,"href":"https:\/\/idakorea.ee\/fi\/wp-json\/wp\/v2\/product_cat?post=14439"},{"taxonomy":"product_tag","embeddable":true,"href":"https:\/\/idakorea.ee\/fi\/wp-json\/wp\/v2\/product_tag?post=14439"}],"curies":[{"name":"wp","href":"https:\/\/api.w.org\/{rel}","templated":true}]}}