{"id":14448,"date":"2025-06-03T15:46:17","date_gmt":"2025-06-03T12:46:17","guid":{"rendered":"https:\/\/idakorea.ee\/?post_type=product&#038;p=14448"},"modified":"2026-01-30T23:47:57","modified_gmt":"2026-01-30T21:47:57","slug":"round-lab-camellia-deep-collagen-firming-cream","status":"publish","type":"product","link":"https:\/\/idakorea.ee\/fi\/product\/round-lab-camellia-deep-collagen-firming-cream\/","title":{"rendered":"Kiinteytt\u00e4v\u00e4 kollageenivoide kamelialla Round Lab Camellia Deep Collagen Firming Cream, 50ml"},"content":{"rendered":"<p data-start=\"58\" data-end=\"371\"><strong data-start=\"58\" data-end=\"145\">Round Lab Camellia Deep Collagen -kiinteytt\u00e4v\u00e4 voide \u2013 <\/strong>Voide auttaa ehk\u00e4isem\u00e4\u00e4n ik\u00e4\u00e4ntymisen merkkej\u00e4 ja kudosten veltostumista (ptoosia), silottaa hienoja ryppyj\u00e4 ja juonteita. Kosteuttaa tehokkaasti, palauttaa ihon hydrolipiditasapainon, poistaa kuivuutta ja hilseily\u00e4 sek\u00e4 pehment\u00e4\u00e4 karheaa ihoa.<\/p>\n<p data-start=\"373\" data-end=\"543\">Tuote stimuloi kollageenin tuotantoa, parantaa ihon s\u00e4vy\u00e4 ja kimmoisuutta. Kiinteytt\u00e4\u00e4 ja kohentaa kudoksia, supistaa ihohuokosia. Tasoittaa ihon s\u00e4vy\u00e4 ja palauttaa ihon terveen hehkun.<\/p>\n<p data-start=\"550\" data-end=\"574\"><strong data-start=\"550\" data-end=\"574\">T\u00e4rkeimm\u00e4t vaikuttavat aineet:<\/strong><\/p>\n<ul data-start=\"576\" data-end=\"1642\">\n<li data-start=\"576\" data-end=\"742\">\n<p data-start=\"578\" data-end=\"742\"><strong data-start=\"578\" data-end=\"600\">4 kollageenityyppi\u00e4<\/strong> \u2013 kosteuttaa, auttaa s\u00e4ilytt\u00e4m\u00e4\u00e4n kosteutta, parantaa ihon rakennetta, tukee uusiutumisprosesseja ja v\u00e4hent\u00e4\u00e4 kuivuudesta johtuvia ryppyj\u00e4.<\/p>\n<\/li>\n<li data-start=\"743\" data-end=\"942\">\n<p data-start=\"745\" data-end=\"942\"><strong data-start=\"745\" data-end=\"765\">Kamelia-uute<\/strong> \u2013 luonnollinen antioksidantti, runsaasti B-, C-, K- ja P2-vitamiineja, polyfenoleja ja tanniineja. Kosteuttaa syv\u00e4lt\u00e4, yll\u00e4pit\u00e4\u00e4 ihon kimmoisuutta ja kiinteytt\u00e4, ehk\u00e4isee ptoosia.<\/p>\n<\/li>\n<li data-start=\"943\" data-end=\"1194\">\n<p data-start=\"945\" data-end=\"1194\"><strong data-start=\"945\" data-end=\"983\">HPR (hydroksipinakoloniretinoaatti)<\/strong> \u2013 uuden sukupolven retinoli, joka toimii nopeammin ja hell\u00e4varaisemmin. Nopeuttaa solujen uusiutumista, stimuloi kollageenin ja hyaluronihapon tuotantoa, v\u00e4hent\u00e4\u00e4 ryppyj\u00e4, supistaa ihohuokosia, tasoittaa ihon s\u00e4vy\u00e4 ja ehk\u00e4isee aknea.<\/p>\n<\/li>\n<li data-start=\"1195\" data-end=\"1313\">\n<p data-start=\"1197\" data-end=\"1313\"><strong data-start=\"1197\" data-end=\"1212\">Kversetiini<\/strong> \u2013 sill\u00e4 on tulehdusta ja bakteereja est\u00e4vi\u00e4 vaikutuksia, se tukee ihon mikrobiomia ja suojaa bakteereilta.<\/p>\n<\/li>\n<li data-start=\"1314\" data-end=\"1465\">\n<p data-start=\"1316\" data-end=\"1465\"><strong data-start=\"1316\" data-end=\"1347\">Niasiiniamidi (B3-vitamiini)<\/strong> \u2013 est\u00e4\u00e4 melaniinin siirtymisen ihon pinnalle, mik\u00e4 auttaa ehk\u00e4isem\u00e4\u00e4n ik\u00e4l\u00e4iskien muodostumista. S\u00e4\u00e4telee talin erityst\u00e4 ja supistaa ihohuokosia.<\/p>\n<\/li>\n<li data-start=\"1466\" data-end=\"1642\">\n<p data-start=\"1468\" data-end=\"1642\"><strong data-start=\"1468\" data-end=\"1509\">Meadowfoam-siemen\u00f6ljy<\/strong> \u2013 runsaasti rasvahappoja sis\u00e4lt\u00e4v\u00e4, kosteuttaa, pehment\u00e4\u00e4 ja ravitsee ihoa, parantaa antioksidanttisuojaa ja hidastaa ik\u00e4\u00e4ntymisprosessia.<\/p>\n<\/li>\n<\/ul>\n<p data-start=\"1644\" data-end=\"1695\">Sopii kuivalle, normaalille ja sekaiholle.<\/p>\n<p data-start=\"1702\" data-end=\"1811\"><strong data-start=\"1702\" data-end=\"1717\">K\u00e4ytt\u00f6:<\/strong> Puhdistuksen, kasvoveden ja seerumin k\u00e4yt\u00f6n j\u00e4lkeen levit\u00e4 voide kasvoillesi ja levit\u00e4 tasaisesti.<\/p>","protected":false},"excerpt":{"rendered":"<p>Kiinteytt\u00e4v\u00e4 kollageenivoide kamelialla Round Lab Camellia Deep Collagen Firming Cream \u2013 voide auttaa ehk\u00e4isem\u00e4\u00e4n ik\u00e4\u00e4ntymisen merkkej\u00e4 ja kudosten veltostumista (ptoosia), tasoittaa hienoja ryppyj\u00e4 ja juonteita. Kosteuttaa tehokkaasti, palauttaa ihon hydrolipiditasapainon, poistaa kuivuutta ja hilseily\u00e4, pehment\u00e4\u00e4 karheaa ihoa. Tuote stimuloi kollageenin tuotantoa, parantaa ihon s\u00e4vy\u00e4 ja kimmoisuutta. Kiinteytt\u00e4\u00e4 ja tiivist\u00e4\u00e4 kudoksia, supistaa ihohuokosia. Tasoittaa ihon s\u00e4vy\u00e4 ja\u2026<\/p>","protected":false},"featured_media":14450,"comment_status":"open","ping_status":"closed","template":"","meta":{"_uf_show_specific_survey":0,"_uf_disable_surveys":false,"_bst_post_transparent":"default","_bst_post_title":"","_bst_post_layout":"default","_bst_post_sidebar_id":"","_bst_post_content_style":"default","_bst_post_vertical_padding":"default","_bst_post_feature":"","_bst_post_feature_position":"","_bst_post_header":false,"_bst_post_footer":false},"pwb-brand":[645],"product_brand":[],"product_cat":[92,96],"product_tag":[517,734,646],"class_list":{"0":"post-14448","1":"product","2":"type-product","3":"status-publish","4":"has-post-thumbnail","6":"pwb-brand-round-lab","7":"product_cat-nagu","8":"product_cat-naokreemid","9":"product_tag-collagen","10":"product_tag-cream","11":"product_tag-round-lab","13":"first","14":"instock","15":"sale","16":"shipping-taxable","17":"purchasable","18":"product-type-simple","19":"entry","20":"content-bg","21":"loop-entry"},"supplier_id":null,"supplier_sku":"","barcode":null,"atum_controlled":true,"out_stock_date":null,"out_stock_threshold":null,"inheritable":false,"inbound_stock":0,"stock_on_hold":0,"sold_today":0,"sales_last_days":0,"out_stock_days":0,"lost_sales":0,"has_location":false,"update_date":"2026-04-14T00:05:05","atum_locations":[],"atum_stock_status":"instock","restock_status":false,"low_stock_amount":"","sales_update_date":"2026-04-14T00:05:05","calc_backorders":null,"yoast_head":"<!-- This site is optimized with the Yoast SEO plugin v27.2 - https:\/\/yoast.com\/product\/yoast-seo-wordpress\/ -->\n<title>Round Lab Camellia Deep Collagen Firming Cream, 50ml - IDA.KOREA<\/title>\n<meta name=\"description\" content=\"Tugevdav kollageenkreem kamelliaga \u2013 niisutab, silub kortse, pinguldab ja taastab naha elastsuse. Sobib kuivale ja kombineeritud nahale. - Kiire tarne!\" \/>\n<meta name=\"robots\" content=\"index, follow, max-snippet:-1, max-image-preview:large, max-video-preview:-1\" \/>\n<link rel=\"canonical\" href=\"https:\/\/idakorea.ee\/fi\/product\/round-lab-camellia-deep-collagen-firming-cream\/\" \/>\n<meta property=\"og:locale\" content=\"fi_FI\" \/>\n<meta property=\"og:type\" content=\"article\" \/>\n<meta property=\"og:title\" content=\"Round Lab Camellia Deep Collagen Firming Cream, 50ml - IDA.KOREA\" \/>\n<meta property=\"og:description\" content=\"Tugevdav kollageenkreem kamelliaga \u2013 niisutab, silub kortse, pinguldab ja taastab naha elastsuse. Sobib kuivale ja kombineeritud nahale. - Kiire tarne!\" \/>\n<meta property=\"og:url\" content=\"https:\/\/idakorea.ee\/fi\/product\/round-lab-camellia-deep-collagen-firming-cream\/\" \/>\n<meta property=\"og:site_name\" content=\"IDA.KOREA\" \/>\n<meta property=\"article:modified_time\" content=\"2026-01-30T21:47:57+00:00\" \/>\n<meta property=\"og:image\" content=\"https:\/\/idakorea.ee\/wp-content\/uploads\/2025\/06\/round-lab-cream-collagen-cammelia-idakoea.png\" \/>\n\t<meta property=\"og:image:width\" content=\"1195\" \/>\n\t<meta property=\"og:image:height\" content=\"1188\" \/>\n\t<meta property=\"og:image:type\" content=\"image\/png\" \/>\n<meta name=\"twitter:card\" content=\"summary_large_image\" \/>\n<meta name=\"twitter:label1\" content=\"Arvioitu lukuaika\" \/>\n\t<meta name=\"twitter:data1\" content=\"2 minuuttia\" \/>\n<script type=\"application\/ld+json\" class=\"yoast-schema-graph\">{\"@context\":\"https:\/\/schema.org\",\"@graph\":[{\"@type\":\"WebPage\",\"@id\":\"https:\/\/idakorea.ee\/product\/round-lab-camellia-deep-collagen-firming-cream\/\",\"url\":\"https:\/\/idakorea.ee\/product\/round-lab-camellia-deep-collagen-firming-cream\/\",\"name\":\"Round Lab Camellia Deep Collagen Firming Cream, 50ml - IDA.KOREA\",\"isPartOf\":{\"@id\":\"https:\/\/idakorea.ee\/#website\"},\"primaryImageOfPage\":{\"@id\":\"https:\/\/idakorea.ee\/product\/round-lab-camellia-deep-collagen-firming-cream\/#primaryimage\"},\"image\":{\"@id\":\"https:\/\/idakorea.ee\/product\/round-lab-camellia-deep-collagen-firming-cream\/#primaryimage\"},\"thumbnailUrl\":\"https:\/\/idakorea.ee\/wp-content\/uploads\/2025\/06\/round-lab-cream-collagen-cammelia-idakoea.png\",\"datePublished\":\"2025-06-03T12:46:17+00:00\",\"dateModified\":\"2026-01-30T21:47:57+00:00\",\"description\":\"Tugevdav kollageenkreem kamelliaga \u2013 niisutab, silub kortse, pinguldab ja taastab naha elastsuse. Sobib kuivale ja kombineeritud nahale. - Kiire tarne!\",\"breadcrumb\":{\"@id\":\"https:\/\/idakorea.ee\/product\/round-lab-camellia-deep-collagen-firming-cream\/#breadcrumb\"},\"inLanguage\":\"fi\",\"potentialAction\":[{\"@type\":\"ReadAction\",\"target\":[\"https:\/\/idakorea.ee\/product\/round-lab-camellia-deep-collagen-firming-cream\/\"]}]},{\"@type\":\"ImageObject\",\"inLanguage\":\"fi\",\"@id\":\"https:\/\/idakorea.ee\/product\/round-lab-camellia-deep-collagen-firming-cream\/#primaryimage\",\"url\":\"https:\/\/idakorea.ee\/wp-content\/uploads\/2025\/06\/round-lab-cream-collagen-cammelia-idakoea.png\",\"contentUrl\":\"https:\/\/idakorea.ee\/wp-content\/uploads\/2025\/06\/round-lab-cream-collagen-cammelia-idakoea.png\",\"width\":1195,\"height\":1188},{\"@type\":\"BreadcrumbList\",\"@id\":\"https:\/\/idakorea.ee\/product\/round-lab-camellia-deep-collagen-firming-cream\/#breadcrumb\",\"itemListElement\":[{\"@type\":\"ListItem\",\"position\":1,\"name\":\"\u0413\u043b\u0430\u0432\u043d\u0430\u044f \u0441\u0442\u0440\u0430\u043d\u0438\u0446\u0430\",\"item\":\"https:\/\/idakorea.ee\/\"},{\"@type\":\"ListItem\",\"position\":2,\"name\":\"Shop\",\"item\":\"https:\/\/idakorea.ee\/shop-2\/\"},{\"@type\":\"ListItem\",\"position\":3,\"name\":\"Tugevdav kollageenkreem kamelliaga Round Lab Camellia Deep Collagen Firming Cream, 50ml\"}]},{\"@type\":\"WebSite\",\"@id\":\"https:\/\/idakorea.ee\/#website\",\"url\":\"https:\/\/idakorea.ee\/\",\"name\":\"IDA.KOREA\",\"description\":\"Korea kosmeetika e-pood\",\"publisher\":{\"@id\":\"https:\/\/idakorea.ee\/#organization\"},\"alternateName\":\"Beauty Shop\",\"potentialAction\":[{\"@type\":\"SearchAction\",\"target\":{\"@type\":\"EntryPoint\",\"urlTemplate\":\"https:\/\/idakorea.ee\/?s={search_term_string}\"},\"query-input\":{\"@type\":\"PropertyValueSpecification\",\"valueRequired\":true,\"valueName\":\"search_term_string\"}}],\"inLanguage\":\"fi\"},{\"@type\":\"Organization\",\"@id\":\"https:\/\/idakorea.ee\/#organization\",\"name\":\"IDA.KOREA\",\"url\":\"https:\/\/idakorea.ee\/\",\"logo\":{\"@type\":\"ImageObject\",\"inLanguage\":\"fi\",\"@id\":\"https:\/\/idakorea.ee\/#\/schema\/logo\/image\/\",\"url\":\"https:\/\/idakorea.ee\/wp-content\/uploads\/2024\/05\/cropped-korea3.png\",\"contentUrl\":\"https:\/\/idakorea.ee\/wp-content\/uploads\/2024\/05\/cropped-korea3.png\",\"width\":688,\"height\":126,\"caption\":\"IDA.KOREA\"},\"image\":{\"@id\":\"https:\/\/idakorea.ee\/#\/schema\/logo\/image\/\"},\"sameAs\":[\"https:\/\/www.instagram.com\/ida.korea\/\"]}]}<\/script>\n<!-- \/ Yoast SEO plugin. -->","yoast_head_json":{"title":"Round Lab Camellia Deep Collagen Firming Cream, 50ml - IDA.KOREA","description":"Vahvistava kollageenivoide kamelialla - kosteuttaa, silottaa ryppyj\u00e4, kiinteytt\u00e4\u00e4 ja palauttaa ihon kimmoisuuden. Sopii kuivalle ja sekaiholle. - Nopea toimitus!","robots":{"index":"index","follow":"follow","max-snippet":"max-snippet:-1","max-image-preview":"max-image-preview:large","max-video-preview":"max-video-preview:-1"},"canonical":"https:\/\/idakorea.ee\/fi\/product\/round-lab-camellia-deep-collagen-firming-cream\/","og_locale":"fi_FI","og_type":"article","og_title":"Round Lab Camellia Deep Collagen Firming Cream, 50ml - IDA.KOREA","og_description":"Tugevdav kollageenkreem kamelliaga \u2013 niisutab, silub kortse, pinguldab ja taastab naha elastsuse. Sobib kuivale ja kombineeritud nahale. - Kiire tarne!","og_url":"https:\/\/idakorea.ee\/fi\/product\/round-lab-camellia-deep-collagen-firming-cream\/","og_site_name":"IDA.KOREA","article_modified_time":"2026-01-30T21:47:57+00:00","og_image":[{"width":1195,"height":1188,"url":"https:\/\/idakorea.ee\/wp-content\/uploads\/2025\/06\/round-lab-cream-collagen-cammelia-idakoea.png","type":"image\/png"}],"twitter_card":"summary_large_image","twitter_misc":{"Arvioitu lukuaika":"2 minuuttia"},"schema":{"@context":"https:\/\/schema.org","@graph":[{"@type":"WebPage","@id":"https:\/\/idakorea.ee\/product\/round-lab-camellia-deep-collagen-firming-cream\/","url":"https:\/\/idakorea.ee\/product\/round-lab-camellia-deep-collagen-firming-cream\/","name":"Round Lab Camellia Deep Collagen Firming Cream, 50ml - IDA.KOREA","isPartOf":{"@id":"https:\/\/idakorea.ee\/#website"},"primaryImageOfPage":{"@id":"https:\/\/idakorea.ee\/product\/round-lab-camellia-deep-collagen-firming-cream\/#primaryimage"},"image":{"@id":"https:\/\/idakorea.ee\/product\/round-lab-camellia-deep-collagen-firming-cream\/#primaryimage"},"thumbnailUrl":"https:\/\/idakorea.ee\/wp-content\/uploads\/2025\/06\/round-lab-cream-collagen-cammelia-idakoea.png","datePublished":"2025-06-03T12:46:17+00:00","dateModified":"2026-01-30T21:47:57+00:00","description":"Vahvistava kollageenivoide kamelialla - kosteuttaa, silottaa ryppyj\u00e4, kiinteytt\u00e4\u00e4 ja palauttaa ihon kimmoisuuden. Sopii kuivalle ja sekaiholle. - Nopea toimitus!","breadcrumb":{"@id":"https:\/\/idakorea.ee\/product\/round-lab-camellia-deep-collagen-firming-cream\/#breadcrumb"},"inLanguage":"fi","potentialAction":[{"@type":"ReadAction","target":["https:\/\/idakorea.ee\/product\/round-lab-camellia-deep-collagen-firming-cream\/"]}]},{"@type":"ImageObject","inLanguage":"fi","@id":"https:\/\/idakorea.ee\/product\/round-lab-camellia-deep-collagen-firming-cream\/#primaryimage","url":"https:\/\/idakorea.ee\/wp-content\/uploads\/2025\/06\/round-lab-cream-collagen-cammelia-idakoea.png","contentUrl":"https:\/\/idakorea.ee\/wp-content\/uploads\/2025\/06\/round-lab-cream-collagen-cammelia-idakoea.png","width":1195,"height":1188},{"@type":"BreadcrumbList","@id":"https:\/\/idakorea.ee\/product\/round-lab-camellia-deep-collagen-firming-cream\/#breadcrumb","itemListElement":[{"@type":"ListItem","position":1,"name":"\u0413\u043b\u0430\u0432\u043d\u0430\u044f \u0441\u0442\u0440\u0430\u043d\u0438\u0446\u0430","item":"https:\/\/idakorea.ee\/"},{"@type":"ListItem","position":2,"name":"Shop","item":"https:\/\/idakorea.ee\/shop-2\/"},{"@type":"ListItem","position":3,"name":"Tugevdav kollageenkreem kamelliaga Round Lab Camellia Deep Collagen Firming Cream, 50ml"}]},{"@type":"WebSite","@id":"https:\/\/idakorea.ee\/#website","url":"https:\/\/idakorea.ee\/","name":"IDA.KOREA","description":"Korean kosmetiikan verkkokauppa","publisher":{"@id":"https:\/\/idakorea.ee\/#organization"},"alternateName":"Beauty Shop","potentialAction":[{"@type":"SearchAction","target":{"@type":"EntryPoint","urlTemplate":"https:\/\/idakorea.ee\/?s={search_term_string}"},"query-input":{"@type":"PropertyValueSpecification","valueRequired":true,"valueName":"search_term_string"}}],"inLanguage":"fi"},{"@type":"Organization","@id":"https:\/\/idakorea.ee\/#organization","name":"IDA.KOREA","url":"https:\/\/idakorea.ee\/","logo":{"@type":"ImageObject","inLanguage":"fi","@id":"https:\/\/idakorea.ee\/#\/schema\/logo\/image\/","url":"https:\/\/idakorea.ee\/wp-content\/uploads\/2024\/05\/cropped-korea3.png","contentUrl":"https:\/\/idakorea.ee\/wp-content\/uploads\/2024\/05\/cropped-korea3.png","width":688,"height":126,"caption":"IDA.KOREA"},"image":{"@id":"https:\/\/idakorea.ee\/#\/schema\/logo\/image\/"},"sameAs":["https:\/\/www.instagram.com\/ida.korea\/"]}]}},"jetpack_sharing_enabled":true,"brands":[{"id":645,"name":"ROUND LAB","slug":"round-lab"}],"_links":{"self":[{"href":"https:\/\/idakorea.ee\/fi\/wp-json\/wp\/v2\/product\/14448","targetHints":{"allow":["GET"]}}],"collection":[{"href":"https:\/\/idakorea.ee\/fi\/wp-json\/wp\/v2\/product"}],"about":[{"href":"https:\/\/idakorea.ee\/fi\/wp-json\/wp\/v2\/types\/product"}],"replies":[{"embeddable":true,"href":"https:\/\/idakorea.ee\/fi\/wp-json\/wp\/v2\/comments?post=14448"}],"version-history":[{"count":4,"href":"https:\/\/idakorea.ee\/fi\/wp-json\/wp\/v2\/product\/14448\/revisions"}],"predecessor-version":[{"id":14476,"href":"https:\/\/idakorea.ee\/fi\/wp-json\/wp\/v2\/product\/14448\/revisions\/14476"}],"wp:featuredmedia":[{"embeddable":true,"href":"https:\/\/idakorea.ee\/fi\/wp-json\/wp\/v2\/media\/14450"}],"wp:attachment":[{"href":"https:\/\/idakorea.ee\/fi\/wp-json\/wp\/v2\/media?parent=14448"}],"wp:term":[{"taxonomy":"pwb-brand","embeddable":true,"href":"https:\/\/idakorea.ee\/fi\/wp-json\/wp\/v2\/pwb-brand?post=14448"},{"taxonomy":"product_brand","embeddable":true,"href":"https:\/\/idakorea.ee\/fi\/wp-json\/wp\/v2\/product_brand?post=14448"},{"taxonomy":"product_cat","embeddable":true,"href":"https:\/\/idakorea.ee\/fi\/wp-json\/wp\/v2\/product_cat?post=14448"},{"taxonomy":"product_tag","embeddable":true,"href":"https:\/\/idakorea.ee\/fi\/wp-json\/wp\/v2\/product_tag?post=14448"}],"curies":[{"name":"wp","href":"https:\/\/api.w.org\/{rel}","templated":true}]}}