{"id":14467,"date":"2025-06-05T13:09:14","date_gmt":"2025-06-05T10:09:14","guid":{"rendered":"https:\/\/idakorea.ee\/?post_type=product&#038;p=14467"},"modified":"2026-02-14T12:29:01","modified_gmt":"2026-02-14T10:29:01","slug":"medicube-collagen-glow-booster-serum","status":"publish","type":"product","link":"https:\/\/idakorea.ee\/fi\/product\/medicube-collagen-glow-booster-serum\/","title":{"rendered":"Kirkastava kollageeniseerumi Medicube Collagen Glow Booster Serum, 15ml"},"content":{"rendered":"<p>Kirkastava ja silottava kollageeniseerumi on suunniteltu tasoittamaan ihon pintaa, tasoittamaan sen s\u00e4vy\u00e4 ja palauttamaan hehkun.<\/p>\n<p><strong>Edut:<\/strong><\/p>\n<ul>\n<li>Silottaa ihoa, palauttaa sen kimmoisuuden ja pehmeyden, ehk\u00e4isee ik\u00e4\u00e4ntymisen merkkej\u00e4<\/li>\n<li>Tasoittaa ihon s\u00e4vy\u00e4, ehk\u00e4isee hyperpigmentaatiota ja antaa terveen hehkun ja lasimaisen ihoefektin<\/li>\n<li>Palauttaa ja vahvistaa ihon suojamuuria, suojaten sit\u00e4 ymp\u00e4rist\u00f6n vaikutuksilta ja kosteuden menetykselt\u00e4<\/li>\n<li>Kosteuttaa ja ravitsee ihoa tehokkaasti, poistaa kuivuutta ja ehk\u00e4isee hilseily\u00e4<\/li>\n<\/ul>\n<p><strong>T\u00e4rkeimm\u00e4t ainesosat:<\/strong><\/p>\n<ul>\n<li><strong>Niasiiniamidi<\/strong> \u2013 tasoittaa ihon s\u00e4vy\u00e4, kirkastaa hell\u00e4varaisesti ja ehk\u00e4isee ik\u00e4l\u00e4iskien muodostumista<\/li>\n<li><strong>Maidon proteiinit<\/strong> \u2013 ravitsee ja vahvistaa ihoa, auttaa tasoittamaan ihon s\u00e4vy\u00e4<\/li>\n<li><strong>Kollaasit<\/strong> \u2013 vahvistaa ihon suojakerrosta, auttaa yll\u00e4pit\u00e4m\u00e4\u00e4n ihon kimmoisuutta ja ehk\u00e4isee ik\u00e4\u00e4ntymisen merkkej\u00e4<\/li>\n<li><strong>Chlorella-uute<\/strong> \u2013 on tehokas ik\u00e4\u00e4ntymist\u00e4 ehk\u00e4isev\u00e4 vaikutus, est\u00e4\u00e4 kimmoisuuden menetyst\u00e4 ja tasoittaa ihon pintaa<\/li>\n<li><strong>Lesitiini<\/strong> \u2013 palauttaa ihon suojakerroksen, ehk\u00e4isee \u00e4rsytyst\u00e4 ja kosteuden menetyst\u00e4<\/li>\n<li><strong>Keramidi NP<\/strong> \u2013 vahvistaa aktiivisesti ihon suojakerrosta, suojaa ymp\u00e4rist\u00f6n vaikutuksilta ja v\u00e4hent\u00e4\u00e4 transdermaalista vedenhukkaa<\/li>\n<\/ul>\n<p>&nbsp;<\/p>\n<p>Kaikille ihotyypeille<\/p>\n<p><strong>K\u00e4ytt\u00f6<\/strong><br \/>\nLevit\u00e4 tarvittava m\u00e4\u00e4r\u00e4 tuotetta puhdistetulle ja kasvovedelle iholle ihonhoitorutiinisi viimeisen\u00e4 vaiheena. Levit\u00e4 tasaisesti, kunnes tuote on t\u00e4ysin imeytynyt.<\/p>","protected":false},"excerpt":{"rendered":"<p>S\u00e4teilev\u00e4, silottava seerumi-tehoste kollageenilla on suunniteltu tasoittamaan ihon pintaa, tasoittamaan sen s\u00e4vy\u00e4 ja palauttamaan hehkun. Hy\u00f6dyt: Silottaa ihon rakennetta, palauttaa kimmoisuuden ja pehmeyden, ehk\u00e4isee ik\u00e4\u00e4ntymisen merkkej\u00e4 Tasoittaa ihon s\u00e4vy\u00e4, ehk\u00e4isee hyperpigmentaatiota ja antaa terveen hehkun ja lasimaisen ihovaikutuksen Palauttaa ja vahvistaa ihon suojamuuria suojaamalla sit\u00e4 ymp\u00e4rist\u00f6n vaikutuksilta ja kosteuden menetykselt\u00e4 Kosteuttaa tehokkaasti ja ravitsee ihoa,\u2026<\/p>","protected":false},"featured_media":14468,"comment_status":"open","ping_status":"closed","template":"","meta":{"_uf_show_specific_survey":0,"_uf_disable_surveys":false,"_bst_post_transparent":"default","_bst_post_title":"","_bst_post_layout":"default","_bst_post_sidebar_id":"","_bst_post_content_style":"default","_bst_post_vertical_padding":"default","_bst_post_feature":"","_bst_post_feature_position":"","_bst_post_header":false,"_bst_post_footer":false},"pwb-brand":[490],"product_brand":[],"product_cat":[92,97],"product_tag":[567,721],"class_list":{"0":"post-14467","1":"product","2":"type-product","3":"status-publish","4":"has-post-thumbnail","6":"pwb-brand-medicube","7":"product_cat-nagu","8":"product_cat-naoseerumid-ja-olid","9":"product_tag-glow","10":"product_tag-medicube","12":"first","13":"instock","14":"sale","15":"shipping-taxable","16":"purchasable","17":"product-type-simple","18":"entry","19":"content-bg","20":"loop-entry"},"supplier_id":null,"supplier_sku":"","barcode":null,"atum_controlled":true,"out_stock_date":null,"out_stock_threshold":null,"inheritable":false,"inbound_stock":0,"stock_on_hold":0,"sold_today":0,"sales_last_days":0,"out_stock_days":0,"lost_sales":0,"has_location":false,"update_date":"2026-04-14T00:05:04","atum_locations":[],"atum_stock_status":"instock","restock_status":false,"low_stock_amount":"","sales_update_date":"2026-04-14T00:05:04","calc_backorders":null,"yoast_head":"<!-- This site is optimized with the Yoast SEO plugin v27.2 - https:\/\/yoast.com\/product\/yoast-seo-wordpress\/ -->\n<title>Medicube Collagen Glow Booster Serum, 15ml - IDA.KOREA<\/title>\n<meta name=\"description\" content=\"S\u00e4ra andev siluv seerum-booster kollageeniga on loodud naha reljeefi aktiivseks silumiseks, tooni \u00fchtlustamiseks ja s\u00e4ra taastamiseks. - Kiire tarne!\" \/>\n<meta name=\"robots\" content=\"index, follow, max-snippet:-1, max-image-preview:large, max-video-preview:-1\" \/>\n<link rel=\"canonical\" href=\"https:\/\/idakorea.ee\/fi\/product\/medicube-collagen-glow-booster-serum\/\" \/>\n<meta property=\"og:locale\" content=\"fi_FI\" \/>\n<meta property=\"og:type\" content=\"article\" \/>\n<meta property=\"og:title\" content=\"Medicube Collagen Glow Booster Serum, 15ml - IDA.KOREA\" \/>\n<meta property=\"og:description\" content=\"S\u00e4ra andev siluv seerum-booster kollageeniga on loodud naha reljeefi aktiivseks silumiseks, tooni \u00fchtlustamiseks ja s\u00e4ra taastamiseks. - Kiire tarne!\" \/>\n<meta property=\"og:url\" content=\"https:\/\/idakorea.ee\/fi\/product\/medicube-collagen-glow-booster-serum\/\" \/>\n<meta property=\"og:site_name\" content=\"IDA.KOREA\" \/>\n<meta property=\"article:modified_time\" content=\"2026-02-14T10:29:01+00:00\" \/>\n<meta property=\"og:image\" content=\"https:\/\/idakorea.ee\/wp-content\/uploads\/2025\/06\/medicube_collagen_glow_booster_serum-idakorea.ee_.webp\" \/>\n\t<meta property=\"og:image:width\" content=\"950\" \/>\n\t<meta property=\"og:image:height\" content=\"950\" \/>\n\t<meta property=\"og:image:type\" content=\"image\/webp\" \/>\n<meta name=\"twitter:card\" content=\"summary_large_image\" \/>\n<meta name=\"twitter:label1\" content=\"Arvioitu lukuaika\" \/>\n\t<meta name=\"twitter:data1\" content=\"1 minuutti\" \/>\n<script type=\"application\/ld+json\" class=\"yoast-schema-graph\">{\"@context\":\"https:\/\/schema.org\",\"@graph\":[{\"@type\":\"WebPage\",\"@id\":\"https:\/\/idakorea.ee\/product\/medicube-collagen-glow-booster-serum\/\",\"url\":\"https:\/\/idakorea.ee\/product\/medicube-collagen-glow-booster-serum\/\",\"name\":\"Medicube Collagen Glow Booster Serum, 15ml - IDA.KOREA\",\"isPartOf\":{\"@id\":\"https:\/\/idakorea.ee\/#website\"},\"primaryImageOfPage\":{\"@id\":\"https:\/\/idakorea.ee\/product\/medicube-collagen-glow-booster-serum\/#primaryimage\"},\"image\":{\"@id\":\"https:\/\/idakorea.ee\/product\/medicube-collagen-glow-booster-serum\/#primaryimage\"},\"thumbnailUrl\":\"https:\/\/idakorea.ee\/wp-content\/uploads\/2025\/06\/medicube_collagen_glow_booster_serum-idakorea.ee_.webp\",\"datePublished\":\"2025-06-05T10:09:14+00:00\",\"dateModified\":\"2026-02-14T10:29:01+00:00\",\"description\":\"S\u00e4ra andev siluv seerum-booster kollageeniga on loodud naha reljeefi aktiivseks silumiseks, tooni \u00fchtlustamiseks ja s\u00e4ra taastamiseks. - Kiire tarne!\",\"breadcrumb\":{\"@id\":\"https:\/\/idakorea.ee\/product\/medicube-collagen-glow-booster-serum\/#breadcrumb\"},\"inLanguage\":\"fi\",\"potentialAction\":[{\"@type\":\"ReadAction\",\"target\":[\"https:\/\/idakorea.ee\/product\/medicube-collagen-glow-booster-serum\/\"]}]},{\"@type\":\"ImageObject\",\"inLanguage\":\"fi\",\"@id\":\"https:\/\/idakorea.ee\/product\/medicube-collagen-glow-booster-serum\/#primaryimage\",\"url\":\"https:\/\/idakorea.ee\/wp-content\/uploads\/2025\/06\/medicube_collagen_glow_booster_serum-idakorea.ee_.webp\",\"contentUrl\":\"https:\/\/idakorea.ee\/wp-content\/uploads\/2025\/06\/medicube_collagen_glow_booster_serum-idakorea.ee_.webp\",\"width\":950,\"height\":950},{\"@type\":\"BreadcrumbList\",\"@id\":\"https:\/\/idakorea.ee\/product\/medicube-collagen-glow-booster-serum\/#breadcrumb\",\"itemListElement\":[{\"@type\":\"ListItem\",\"position\":1,\"name\":\"\u0413\u043b\u0430\u0432\u043d\u0430\u044f \u0441\u0442\u0440\u0430\u043d\u0438\u0446\u0430\",\"item\":\"https:\/\/idakorea.ee\/\"},{\"@type\":\"ListItem\",\"position\":2,\"name\":\"Shop\",\"item\":\"https:\/\/idakorea.ee\/shop-2\/\"},{\"@type\":\"ListItem\",\"position\":3,\"name\":\"Kollageeniseerum s\u00e4rava efektiga Medicube Collagen Glow Booster Serum, 15ml\"}]},{\"@type\":\"WebSite\",\"@id\":\"https:\/\/idakorea.ee\/#website\",\"url\":\"https:\/\/idakorea.ee\/\",\"name\":\"IDA.KOREA\",\"description\":\"Korea kosmeetika e-pood\",\"publisher\":{\"@id\":\"https:\/\/idakorea.ee\/#organization\"},\"alternateName\":\"Beauty Shop\",\"potentialAction\":[{\"@type\":\"SearchAction\",\"target\":{\"@type\":\"EntryPoint\",\"urlTemplate\":\"https:\/\/idakorea.ee\/?s={search_term_string}\"},\"query-input\":{\"@type\":\"PropertyValueSpecification\",\"valueRequired\":true,\"valueName\":\"search_term_string\"}}],\"inLanguage\":\"fi\"},{\"@type\":\"Organization\",\"@id\":\"https:\/\/idakorea.ee\/#organization\",\"name\":\"IDA.KOREA\",\"url\":\"https:\/\/idakorea.ee\/\",\"logo\":{\"@type\":\"ImageObject\",\"inLanguage\":\"fi\",\"@id\":\"https:\/\/idakorea.ee\/#\/schema\/logo\/image\/\",\"url\":\"https:\/\/idakorea.ee\/wp-content\/uploads\/2024\/05\/cropped-korea3.png\",\"contentUrl\":\"https:\/\/idakorea.ee\/wp-content\/uploads\/2024\/05\/cropped-korea3.png\",\"width\":688,\"height\":126,\"caption\":\"IDA.KOREA\"},\"image\":{\"@id\":\"https:\/\/idakorea.ee\/#\/schema\/logo\/image\/\"},\"sameAs\":[\"https:\/\/www.instagram.com\/ida.korea\/\"]}]}<\/script>\n<!-- \/ Yoast SEO plugin. -->","yoast_head_json":{"title":"Medicube Collagen Glow Booster -seerumi, 15 ml - IDA.KOREA","description":"Kirkastava ja silottava seerumitehoste, joka sis\u00e4lt\u00e4\u00e4 kollageenia ja on suunniteltu tasoittamaan ihon rakennetta, tasoittamaan ihon s\u00e4vy\u00e4 ja palauttamaan hehkun. - Nopea toimitus!","robots":{"index":"index","follow":"follow","max-snippet":"max-snippet:-1","max-image-preview":"max-image-preview:large","max-video-preview":"max-video-preview:-1"},"canonical":"https:\/\/idakorea.ee\/fi\/product\/medicube-collagen-glow-booster-serum\/","og_locale":"fi_FI","og_type":"article","og_title":"Medicube Collagen Glow Booster Serum, 15ml - IDA.KOREA","og_description":"S\u00e4ra andev siluv seerum-booster kollageeniga on loodud naha reljeefi aktiivseks silumiseks, tooni \u00fchtlustamiseks ja s\u00e4ra taastamiseks. - Kiire tarne!","og_url":"https:\/\/idakorea.ee\/fi\/product\/medicube-collagen-glow-booster-serum\/","og_site_name":"IDA.KOREA","article_modified_time":"2026-02-14T10:29:01+00:00","og_image":[{"width":950,"height":950,"url":"https:\/\/idakorea.ee\/wp-content\/uploads\/2025\/06\/medicube_collagen_glow_booster_serum-idakorea.ee_.webp","type":"image\/webp"}],"twitter_card":"summary_large_image","twitter_misc":{"Arvioitu lukuaika":"1 minuutti"},"schema":{"@context":"https:\/\/schema.org","@graph":[{"@type":"WebPage","@id":"https:\/\/idakorea.ee\/product\/medicube-collagen-glow-booster-serum\/","url":"https:\/\/idakorea.ee\/product\/medicube-collagen-glow-booster-serum\/","name":"Medicube Collagen Glow Booster -seerumi, 15 ml - IDA.KOREA","isPartOf":{"@id":"https:\/\/idakorea.ee\/#website"},"primaryImageOfPage":{"@id":"https:\/\/idakorea.ee\/product\/medicube-collagen-glow-booster-serum\/#primaryimage"},"image":{"@id":"https:\/\/idakorea.ee\/product\/medicube-collagen-glow-booster-serum\/#primaryimage"},"thumbnailUrl":"https:\/\/idakorea.ee\/wp-content\/uploads\/2025\/06\/medicube_collagen_glow_booster_serum-idakorea.ee_.webp","datePublished":"2025-06-05T10:09:14+00:00","dateModified":"2026-02-14T10:29:01+00:00","description":"Kirkastava ja silottava seerumitehoste, joka sis\u00e4lt\u00e4\u00e4 kollageenia ja on suunniteltu tasoittamaan ihon rakennetta, tasoittamaan ihon s\u00e4vy\u00e4 ja palauttamaan hehkun. - Nopea toimitus!","breadcrumb":{"@id":"https:\/\/idakorea.ee\/product\/medicube-collagen-glow-booster-serum\/#breadcrumb"},"inLanguage":"fi","potentialAction":[{"@type":"ReadAction","target":["https:\/\/idakorea.ee\/product\/medicube-collagen-glow-booster-serum\/"]}]},{"@type":"ImageObject","inLanguage":"fi","@id":"https:\/\/idakorea.ee\/product\/medicube-collagen-glow-booster-serum\/#primaryimage","url":"https:\/\/idakorea.ee\/wp-content\/uploads\/2025\/06\/medicube_collagen_glow_booster_serum-idakorea.ee_.webp","contentUrl":"https:\/\/idakorea.ee\/wp-content\/uploads\/2025\/06\/medicube_collagen_glow_booster_serum-idakorea.ee_.webp","width":950,"height":950},{"@type":"BreadcrumbList","@id":"https:\/\/idakorea.ee\/product\/medicube-collagen-glow-booster-serum\/#breadcrumb","itemListElement":[{"@type":"ListItem","position":1,"name":"\u0413\u043b\u0430\u0432\u043d\u0430\u044f \u0441\u0442\u0440\u0430\u043d\u0438\u0446\u0430","item":"https:\/\/idakorea.ee\/"},{"@type":"ListItem","position":2,"name":"Shop","item":"https:\/\/idakorea.ee\/shop-2\/"},{"@type":"ListItem","position":3,"name":"Kollageeniseerum s\u00e4rava efektiga Medicube Collagen Glow Booster Serum, 15ml"}]},{"@type":"WebSite","@id":"https:\/\/idakorea.ee\/#website","url":"https:\/\/idakorea.ee\/","name":"IDA.KOREA","description":"Korean kosmetiikan verkkokauppa","publisher":{"@id":"https:\/\/idakorea.ee\/#organization"},"alternateName":"Beauty Shop","potentialAction":[{"@type":"SearchAction","target":{"@type":"EntryPoint","urlTemplate":"https:\/\/idakorea.ee\/?s={search_term_string}"},"query-input":{"@type":"PropertyValueSpecification","valueRequired":true,"valueName":"search_term_string"}}],"inLanguage":"fi"},{"@type":"Organization","@id":"https:\/\/idakorea.ee\/#organization","name":"IDA.KOREA","url":"https:\/\/idakorea.ee\/","logo":{"@type":"ImageObject","inLanguage":"fi","@id":"https:\/\/idakorea.ee\/#\/schema\/logo\/image\/","url":"https:\/\/idakorea.ee\/wp-content\/uploads\/2024\/05\/cropped-korea3.png","contentUrl":"https:\/\/idakorea.ee\/wp-content\/uploads\/2024\/05\/cropped-korea3.png","width":688,"height":126,"caption":"IDA.KOREA"},"image":{"@id":"https:\/\/idakorea.ee\/#\/schema\/logo\/image\/"},"sameAs":["https:\/\/www.instagram.com\/ida.korea\/"]}]}},"jetpack_sharing_enabled":true,"brands":[{"id":490,"name":"MEDICUBE","slug":"medicube"}],"_links":{"self":[{"href":"https:\/\/idakorea.ee\/fi\/wp-json\/wp\/v2\/product\/14467","targetHints":{"allow":["GET"]}}],"collection":[{"href":"https:\/\/idakorea.ee\/fi\/wp-json\/wp\/v2\/product"}],"about":[{"href":"https:\/\/idakorea.ee\/fi\/wp-json\/wp\/v2\/types\/product"}],"replies":[{"embeddable":true,"href":"https:\/\/idakorea.ee\/fi\/wp-json\/wp\/v2\/comments?post=14467"}],"version-history":[{"count":1,"href":"https:\/\/idakorea.ee\/fi\/wp-json\/wp\/v2\/product\/14467\/revisions"}],"predecessor-version":[{"id":14472,"href":"https:\/\/idakorea.ee\/fi\/wp-json\/wp\/v2\/product\/14467\/revisions\/14472"}],"wp:featuredmedia":[{"embeddable":true,"href":"https:\/\/idakorea.ee\/fi\/wp-json\/wp\/v2\/media\/14468"}],"wp:attachment":[{"href":"https:\/\/idakorea.ee\/fi\/wp-json\/wp\/v2\/media?parent=14467"}],"wp:term":[{"taxonomy":"pwb-brand","embeddable":true,"href":"https:\/\/idakorea.ee\/fi\/wp-json\/wp\/v2\/pwb-brand?post=14467"},{"taxonomy":"product_brand","embeddable":true,"href":"https:\/\/idakorea.ee\/fi\/wp-json\/wp\/v2\/product_brand?post=14467"},{"taxonomy":"product_cat","embeddable":true,"href":"https:\/\/idakorea.ee\/fi\/wp-json\/wp\/v2\/product_cat?post=14467"},{"taxonomy":"product_tag","embeddable":true,"href":"https:\/\/idakorea.ee\/fi\/wp-json\/wp\/v2\/product_tag?post=14467"}],"curies":[{"name":"wp","href":"https:\/\/api.w.org\/{rel}","templated":true}]}}