{"id":14483,"date":"2025-06-05T15:10:57","date_gmt":"2025-06-05T12:10:57","guid":{"rendered":"https:\/\/idakorea.ee\/?post_type=product&#038;p=14483"},"modified":"2026-01-29T16:57:26","modified_gmt":"2026-01-29T14:57:26","slug":"kundal-honey-macadamia-shampoo-pink-grapefruit","status":"publish","type":"product","link":"https:\/\/idakorea.ee\/fi\/product\/kundal-honey-macadamia-shampoo-pink-grapefruit\/","title":{"rendered":"Kundal Honey &amp; Macadamia Shampoo Pink Grapefruit, 500ml"},"content":{"rendered":"<p>Hemmottele hiuksiasi ja hiuspohjaasi Kundal Honey &amp; Macadamia Shampoo Pink Grapefruit -shampoolla!\nHunajalla ja makadamia\u00f6ljyll\u00e4 rikastettu shampoo puhdistaa hell\u00e4varaisesti hiuspohjan ja ravitsee hiuksia, j\u00e4tt\u00e4en ne pitk\u00e4kestoisesti ja ylellisesti tuoksuviksi. Saavuta silkinpehme\u00e4t ja sile\u00e4t hiukset Kundalin avulla!<\/p>\n<p><strong>T\u00e4rkeimm\u00e4t ominaisuudet:<\/strong><\/p>\n<p><strong>Vastustamaton tuoksu:<\/strong> Pink Grapefruit -shampoon tuoksu on kuin raikas sitrusr\u00e4j\u00e4hdys, jossa korostuu vaaleanpunaisen greipin kirkas s\u00e4vy. Eloisat sitrustuoksut virkist\u00e4v\u00e4t aisteja ja antavat jokaisella k\u00e4ytt\u00f6kerralla raikkauden ja elinvoiman tunteen. Hedelm\u00e4llinen tuoksu seuraa sinua koko p\u00e4iv\u00e4n ajan, tuoden energiaa ja positiivisuutta.<br \/>\n<strong>Luonnon kosketus:<\/strong> Shampoo sis\u00e4lt\u00e4\u00e4 yli 40 luonnollista uutetta, kuten piparminttua, riisi\u00e4, karpaloa, merilev\u00e4\u00e4 ja centellaa, jotka virkist\u00e4v\u00e4t ja rauhoittavat hiuspohjaa sek\u00e4 takaavat pitk\u00e4kestoisen puhtauden ja raikkauden tunteen.<br \/>\n<strong>Hell\u00e4varainen puhdistus:<\/strong> Miedosti happamapohjainen ja sulfaatiton koostumus s\u00e4ilytt\u00e4\u00e4 hiuspohjan kosteustasapainon kuivattamatta hiuksia ja tukee luonnollista pH-tasapainoa. Sopii erityisesti kuiville, vaurioituneille ja v\u00e4rj\u00e4tyille hiuksille.<br \/>\n<strong>Hypoallergeeninen tuote:<\/strong> Dermatologisesti testattu eik\u00e4 sis\u00e4ll\u00e4 12 haitallista ainesosaa, kuten parabeeneja, fenoksietanolia tai mineraali\u00f6ljyj\u00e4. Turvallinen p\u00e4ivitt\u00e4iseen k\u00e4ytt\u00f6\u00f6n.<\/p>\n<p><strong>T\u00e4rkeimm\u00e4t vaikuttavat aineet:<\/strong><\/p>\n<ul>\n<li><strong>Hunajauute:<\/strong> Kosteuttaa ja pehment\u00e4\u00e4 hiuksia, tekee niist\u00e4 silkkisen sile\u00e4t ja helposti kammattavat.<\/li>\n<li><strong>Makadamia\u00f6ljy:<\/strong> Tunnetaan kyvyst\u00e4\u00e4n tunkeutua syv\u00e4lle hiuksen rakenteeseen, kosteuttaen sis\u00e4lt\u00e4p\u00e4in. Ehk\u00e4isee kuivuutta ja vaurioita, tehden hiuksista pehme\u00e4t ja kiilt\u00e4v\u00e4t.<\/li>\n<li><strong>44 luonnollisen uutteen kompleksi:<\/strong> Ainutlaatuinen yhdistelm\u00e4 kasviuutteita ja luonnollisia aktiiviaineita, jotka vahvistavat hiuspohjan terveytt\u00e4. Sis\u00e4lt\u00e4\u00e4 antioksidantteja, vitamiineja ja ravinteita, jotka kosteuttavat, rauhoittavat ja suojaavat ihoa ymp\u00e4rist\u00f6n rasituksilta sek\u00e4 vahvistavat hiuksia.<\/li>\n<\/ul>\n<p>Sopii kaikille hiuspohjatyypeille.<\/p>\n<p><strong>K\u00e4ytt\u00f6:<\/strong><br \/>\nLevit\u00e4 tarvittava m\u00e4\u00e4r\u00e4 shampoota kosteisiin hiuksiin, vaahdota ensin k\u00e4siss\u00e4si. Hiero p\u00e4\u00e4nahkaa muutaman minuutin ajan ja huuhtele l\u00e4mpim\u00e4ll\u00e4 vedell\u00e4. Toista tarvittaessa.<\/p>","protected":false},"excerpt":{"rendered":"<p>Hemmottele hiuksiasi ja p\u00e4\u00e4nahkaa Kundal Honey &amp; Macadamia Pink Grapefruit -shampoolla! Hunajalla ja makadamia\u00f6ljyll\u00e4 rikastettu shampoo puhdistaa p\u00e4\u00e4nahan hell\u00e4varaisesti ja ravitsee hiuksia, antaen niille pitk\u00e4kestoisen ja ylellisen tuoksun. Saavuta silkkiset ja pehme\u00e4t hiukset Kundalilla! T\u00e4rkeimm\u00e4t ominaisuudet: Vastustamaton tuoksu: Pink Grapefruit -shampoon tuoksu on kuin sitrushedelmien raikkauden ja energian r\u00e4j\u00e4hdys, jossa on ripaus pinkki\u00e4\u2026<\/p>","protected":false},"featured_media":14484,"comment_status":"open","ping_status":"closed","template":"","meta":{"_uf_show_specific_survey":0,"_uf_disable_surveys":false,"_bst_post_transparent":"default","_bst_post_title":"","_bst_post_layout":"default","_bst_post_sidebar_id":"","_bst_post_content_style":"default","_bst_post_vertical_padding":"default","_bst_post_feature":"","_bst_post_feature_position":"","_bst_post_header":false,"_bst_post_footer":false},"pwb-brand":[924],"product_brand":[],"product_cat":[923],"product_tag":[925,926],"class_list":{"0":"post-14483","1":"product","2":"type-product","3":"status-publish","4":"has-post-thumbnail","6":"pwb-brand-kundal","7":"product_cat-juuksed","8":"product_tag-kundal","9":"product_tag-shampoo","11":"first","12":"outofstock","13":"sale","14":"shipping-taxable","15":"purchasable","16":"product-type-simple","17":"entry","18":"content-bg","19":"loop-entry"},"supplier_id":null,"supplier_sku":"","barcode":null,"atum_controlled":true,"out_stock_date":"2025-08-28 20:05:19","out_stock_threshold":null,"inheritable":false,"inbound_stock":0,"stock_on_hold":0,"sold_today":0,"sales_last_days":0,"out_stock_days":228,"lost_sales":583,"has_location":false,"update_date":"2026-04-14T00:05:04","atum_locations":[],"atum_stock_status":"outofstock","restock_status":false,"low_stock_amount":"","sales_update_date":"2026-04-14T00:05:04","calc_backorders":null,"yoast_head":"<!-- This site is optimized with the Yoast SEO plugin v27.2 - https:\/\/yoast.com\/product\/yoast-seo-wordpress\/ -->\n<title>Kundal Honey &amp; Macadamia Shampoo Pink Grapefruit, 500ml - IDA.KOREA<\/title>\n<meta name=\"description\" content=\"Mesi ja makadaamia\u00f5liga rikastatud \u0161ampoon puhastab \u00f5rnalt peanahka ja toidab juukseid, \u00fcmbritsedes neid p\u00fcsiva ja luksusliku aroomiga!\" \/>\n<meta name=\"robots\" content=\"index, follow, max-snippet:-1, max-image-preview:large, max-video-preview:-1\" \/>\n<link rel=\"canonical\" href=\"https:\/\/idakorea.ee\/fi\/product\/kundal-honey-macadamia-shampoo-pink-grapefruit\/\" \/>\n<meta property=\"og:locale\" content=\"fi_FI\" \/>\n<meta property=\"og:type\" content=\"article\" \/>\n<meta property=\"og:title\" content=\"Kundal Honey &amp; Macadamia Shampoo Pink Grapefruit, 500ml - IDA.KOREA\" \/>\n<meta property=\"og:description\" content=\"Mesi ja makadaamia\u00f5liga rikastatud \u0161ampoon puhastab \u00f5rnalt peanahka ja toidab juukseid, \u00fcmbritsedes neid p\u00fcsiva ja luksusliku aroomiga!\" \/>\n<meta property=\"og:url\" content=\"https:\/\/idakorea.ee\/fi\/product\/kundal-honey-macadamia-shampoo-pink-grapefruit\/\" \/>\n<meta property=\"og:site_name\" content=\"IDA.KOREA\" \/>\n<meta property=\"article:modified_time\" content=\"2026-01-29T14:57:26+00:00\" \/>\n<meta property=\"og:image\" content=\"https:\/\/idakorea.ee\/wp-content\/uploads\/2025\/06\/kundal-pink-greip-shampoo-idakorea.webp\" \/>\n\t<meta property=\"og:image:width\" content=\"1000\" \/>\n\t<meta property=\"og:image:height\" content=\"1000\" \/>\n\t<meta property=\"og:image:type\" content=\"image\/webp\" \/>\n<meta name=\"twitter:card\" content=\"summary_large_image\" \/>\n<meta name=\"twitter:label1\" content=\"Arvioitu lukuaika\" \/>\n\t<meta name=\"twitter:data1\" content=\"2 minuuttia\" \/>\n<script type=\"application\/ld+json\" class=\"yoast-schema-graph\">{\"@context\":\"https:\/\/schema.org\",\"@graph\":[{\"@type\":\"WebPage\",\"@id\":\"https:\/\/idakorea.ee\/product\/kundal-honey-macadamia-shampoo-pink-grapefruit\/\",\"url\":\"https:\/\/idakorea.ee\/product\/kundal-honey-macadamia-shampoo-pink-grapefruit\/\",\"name\":\"Kundal Honey & Macadamia Shampoo Pink Grapefruit, 500ml - IDA.KOREA\",\"isPartOf\":{\"@id\":\"https:\/\/idakorea.ee\/#website\"},\"primaryImageOfPage\":{\"@id\":\"https:\/\/idakorea.ee\/product\/kundal-honey-macadamia-shampoo-pink-grapefruit\/#primaryimage\"},\"image\":{\"@id\":\"https:\/\/idakorea.ee\/product\/kundal-honey-macadamia-shampoo-pink-grapefruit\/#primaryimage\"},\"thumbnailUrl\":\"https:\/\/idakorea.ee\/wp-content\/uploads\/2025\/06\/kundal-pink-greip-shampoo-idakorea.webp\",\"datePublished\":\"2025-06-05T12:10:57+00:00\",\"dateModified\":\"2026-01-29T14:57:26+00:00\",\"description\":\"Mesi ja makadaamia\u00f5liga rikastatud \u0161ampoon puhastab \u00f5rnalt peanahka ja toidab juukseid, \u00fcmbritsedes neid p\u00fcsiva ja luksusliku aroomiga!\",\"breadcrumb\":{\"@id\":\"https:\/\/idakorea.ee\/product\/kundal-honey-macadamia-shampoo-pink-grapefruit\/#breadcrumb\"},\"inLanguage\":\"fi\",\"potentialAction\":[{\"@type\":\"ReadAction\",\"target\":[\"https:\/\/idakorea.ee\/product\/kundal-honey-macadamia-shampoo-pink-grapefruit\/\"]}]},{\"@type\":\"ImageObject\",\"inLanguage\":\"fi\",\"@id\":\"https:\/\/idakorea.ee\/product\/kundal-honey-macadamia-shampoo-pink-grapefruit\/#primaryimage\",\"url\":\"https:\/\/idakorea.ee\/wp-content\/uploads\/2025\/06\/kundal-pink-greip-shampoo-idakorea.webp\",\"contentUrl\":\"https:\/\/idakorea.ee\/wp-content\/uploads\/2025\/06\/kundal-pink-greip-shampoo-idakorea.webp\",\"width\":1000,\"height\":1000},{\"@type\":\"BreadcrumbList\",\"@id\":\"https:\/\/idakorea.ee\/product\/kundal-honey-macadamia-shampoo-pink-grapefruit\/#breadcrumb\",\"itemListElement\":[{\"@type\":\"ListItem\",\"position\":1,\"name\":\"\u0413\u043b\u0430\u0432\u043d\u0430\u044f \u0441\u0442\u0440\u0430\u043d\u0438\u0446\u0430\",\"item\":\"https:\/\/idakorea.ee\/\"},{\"@type\":\"ListItem\",\"position\":2,\"name\":\"Shop\",\"item\":\"https:\/\/idakorea.ee\/shop-2\/\"},{\"@type\":\"ListItem\",\"position\":3,\"name\":\"\u0160ampoon Kundal Honey &#038; Macadamia Shampoo Pink Grapefruit, 500ml\"}]},{\"@type\":\"WebSite\",\"@id\":\"https:\/\/idakorea.ee\/#website\",\"url\":\"https:\/\/idakorea.ee\/\",\"name\":\"IDA.KOREA\",\"description\":\"Korea kosmeetika e-pood\",\"publisher\":{\"@id\":\"https:\/\/idakorea.ee\/#organization\"},\"alternateName\":\"Beauty Shop\",\"potentialAction\":[{\"@type\":\"SearchAction\",\"target\":{\"@type\":\"EntryPoint\",\"urlTemplate\":\"https:\/\/idakorea.ee\/?s={search_term_string}\"},\"query-input\":{\"@type\":\"PropertyValueSpecification\",\"valueRequired\":true,\"valueName\":\"search_term_string\"}}],\"inLanguage\":\"fi\"},{\"@type\":\"Organization\",\"@id\":\"https:\/\/idakorea.ee\/#organization\",\"name\":\"IDA.KOREA\",\"url\":\"https:\/\/idakorea.ee\/\",\"logo\":{\"@type\":\"ImageObject\",\"inLanguage\":\"fi\",\"@id\":\"https:\/\/idakorea.ee\/#\/schema\/logo\/image\/\",\"url\":\"https:\/\/idakorea.ee\/wp-content\/uploads\/2024\/05\/cropped-korea3.png\",\"contentUrl\":\"https:\/\/idakorea.ee\/wp-content\/uploads\/2024\/05\/cropped-korea3.png\",\"width\":688,\"height\":126,\"caption\":\"IDA.KOREA\"},\"image\":{\"@id\":\"https:\/\/idakorea.ee\/#\/schema\/logo\/image\/\"},\"sameAs\":[\"https:\/\/www.instagram.com\/ida.korea\/\"]}]}<\/script>\n<!-- \/ Yoast SEO plugin. -->","yoast_head_json":{"title":"Kundal Honey &amp; Macadamia Shampoo Pink Greippi, 500 ml - IDA.KOREA","description":"Hunajalla ja makadamia\u00f6ljyll\u00e4 rikastettu shampoo puhdistaa hell\u00e4varaisesti p\u00e4\u00e4nahan ja ravitsee hiuksia, antaen niille pitk\u00e4kestoisen ja ylellisen tuoksun!","robots":{"index":"index","follow":"follow","max-snippet":"max-snippet:-1","max-image-preview":"max-image-preview:large","max-video-preview":"max-video-preview:-1"},"canonical":"https:\/\/idakorea.ee\/fi\/product\/kundal-honey-macadamia-shampoo-pink-grapefruit\/","og_locale":"fi_FI","og_type":"article","og_title":"Kundal Honey & Macadamia Shampoo Pink Grapefruit, 500ml - IDA.KOREA","og_description":"Mesi ja makadaamia\u00f5liga rikastatud \u0161ampoon puhastab \u00f5rnalt peanahka ja toidab juukseid, \u00fcmbritsedes neid p\u00fcsiva ja luksusliku aroomiga!","og_url":"https:\/\/idakorea.ee\/fi\/product\/kundal-honey-macadamia-shampoo-pink-grapefruit\/","og_site_name":"IDA.KOREA","article_modified_time":"2026-01-29T14:57:26+00:00","og_image":[{"width":1000,"height":1000,"url":"https:\/\/idakorea.ee\/wp-content\/uploads\/2025\/06\/kundal-pink-greip-shampoo-idakorea.webp","type":"image\/webp"}],"twitter_card":"summary_large_image","twitter_misc":{"Arvioitu lukuaika":"2 minuuttia"},"schema":{"@context":"https:\/\/schema.org","@graph":[{"@type":"WebPage","@id":"https:\/\/idakorea.ee\/product\/kundal-honey-macadamia-shampoo-pink-grapefruit\/","url":"https:\/\/idakorea.ee\/product\/kundal-honey-macadamia-shampoo-pink-grapefruit\/","name":"Kundal Honey &amp; Macadamia Shampoo Pink Greippi, 500 ml - IDA.KOREA","isPartOf":{"@id":"https:\/\/idakorea.ee\/#website"},"primaryImageOfPage":{"@id":"https:\/\/idakorea.ee\/product\/kundal-honey-macadamia-shampoo-pink-grapefruit\/#primaryimage"},"image":{"@id":"https:\/\/idakorea.ee\/product\/kundal-honey-macadamia-shampoo-pink-grapefruit\/#primaryimage"},"thumbnailUrl":"https:\/\/idakorea.ee\/wp-content\/uploads\/2025\/06\/kundal-pink-greip-shampoo-idakorea.webp","datePublished":"2025-06-05T12:10:57+00:00","dateModified":"2026-01-29T14:57:26+00:00","description":"Hunajalla ja makadamia\u00f6ljyll\u00e4 rikastettu shampoo puhdistaa hell\u00e4varaisesti p\u00e4\u00e4nahan ja ravitsee hiuksia, antaen niille pitk\u00e4kestoisen ja ylellisen tuoksun!","breadcrumb":{"@id":"https:\/\/idakorea.ee\/product\/kundal-honey-macadamia-shampoo-pink-grapefruit\/#breadcrumb"},"inLanguage":"fi","potentialAction":[{"@type":"ReadAction","target":["https:\/\/idakorea.ee\/product\/kundal-honey-macadamia-shampoo-pink-grapefruit\/"]}]},{"@type":"ImageObject","inLanguage":"fi","@id":"https:\/\/idakorea.ee\/product\/kundal-honey-macadamia-shampoo-pink-grapefruit\/#primaryimage","url":"https:\/\/idakorea.ee\/wp-content\/uploads\/2025\/06\/kundal-pink-greip-shampoo-idakorea.webp","contentUrl":"https:\/\/idakorea.ee\/wp-content\/uploads\/2025\/06\/kundal-pink-greip-shampoo-idakorea.webp","width":1000,"height":1000},{"@type":"BreadcrumbList","@id":"https:\/\/idakorea.ee\/product\/kundal-honey-macadamia-shampoo-pink-grapefruit\/#breadcrumb","itemListElement":[{"@type":"ListItem","position":1,"name":"\u0413\u043b\u0430\u0432\u043d\u0430\u044f \u0441\u0442\u0440\u0430\u043d\u0438\u0446\u0430","item":"https:\/\/idakorea.ee\/"},{"@type":"ListItem","position":2,"name":"Shop","item":"https:\/\/idakorea.ee\/shop-2\/"},{"@type":"ListItem","position":3,"name":"\u0160ampoon Kundal Honey &#038; Macadamia Shampoo Pink Grapefruit, 500ml"}]},{"@type":"WebSite","@id":"https:\/\/idakorea.ee\/#website","url":"https:\/\/idakorea.ee\/","name":"IDA.KOREA","description":"Korean kosmetiikan verkkokauppa","publisher":{"@id":"https:\/\/idakorea.ee\/#organization"},"alternateName":"Beauty Shop","potentialAction":[{"@type":"SearchAction","target":{"@type":"EntryPoint","urlTemplate":"https:\/\/idakorea.ee\/?s={search_term_string}"},"query-input":{"@type":"PropertyValueSpecification","valueRequired":true,"valueName":"search_term_string"}}],"inLanguage":"fi"},{"@type":"Organization","@id":"https:\/\/idakorea.ee\/#organization","name":"IDA.KOREA","url":"https:\/\/idakorea.ee\/","logo":{"@type":"ImageObject","inLanguage":"fi","@id":"https:\/\/idakorea.ee\/#\/schema\/logo\/image\/","url":"https:\/\/idakorea.ee\/wp-content\/uploads\/2024\/05\/cropped-korea3.png","contentUrl":"https:\/\/idakorea.ee\/wp-content\/uploads\/2024\/05\/cropped-korea3.png","width":688,"height":126,"caption":"IDA.KOREA"},"image":{"@id":"https:\/\/idakorea.ee\/#\/schema\/logo\/image\/"},"sameAs":["https:\/\/www.instagram.com\/ida.korea\/"]}]}},"jetpack_sharing_enabled":true,"brands":[{"id":924,"name":"KUNDAL","slug":"kundal"}],"_links":{"self":[{"href":"https:\/\/idakorea.ee\/fi\/wp-json\/wp\/v2\/product\/14483","targetHints":{"allow":["GET"]}}],"collection":[{"href":"https:\/\/idakorea.ee\/fi\/wp-json\/wp\/v2\/product"}],"about":[{"href":"https:\/\/idakorea.ee\/fi\/wp-json\/wp\/v2\/types\/product"}],"replies":[{"embeddable":true,"href":"https:\/\/idakorea.ee\/fi\/wp-json\/wp\/v2\/comments?post=14483"}],"version-history":[{"count":2,"href":"https:\/\/idakorea.ee\/fi\/wp-json\/wp\/v2\/product\/14483\/revisions"}],"predecessor-version":[{"id":15019,"href":"https:\/\/idakorea.ee\/fi\/wp-json\/wp\/v2\/product\/14483\/revisions\/15019"}],"wp:featuredmedia":[{"embeddable":true,"href":"https:\/\/idakorea.ee\/fi\/wp-json\/wp\/v2\/media\/14484"}],"wp:attachment":[{"href":"https:\/\/idakorea.ee\/fi\/wp-json\/wp\/v2\/media?parent=14483"}],"wp:term":[{"taxonomy":"pwb-brand","embeddable":true,"href":"https:\/\/idakorea.ee\/fi\/wp-json\/wp\/v2\/pwb-brand?post=14483"},{"taxonomy":"product_brand","embeddable":true,"href":"https:\/\/idakorea.ee\/fi\/wp-json\/wp\/v2\/product_brand?post=14483"},{"taxonomy":"product_cat","embeddable":true,"href":"https:\/\/idakorea.ee\/fi\/wp-json\/wp\/v2\/product_cat?post=14483"},{"taxonomy":"product_tag","embeddable":true,"href":"https:\/\/idakorea.ee\/fi\/wp-json\/wp\/v2\/product_tag?post=14483"}],"curies":[{"name":"wp","href":"https:\/\/api.w.org\/{rel}","templated":true}]}}