{"id":14539,"date":"2025-06-06T10:57:39","date_gmt":"2025-06-06T07:57:39","guid":{"rendered":"https:\/\/idakorea.ee\/?post_type=product&#038;p=14539"},"modified":"2026-03-22T19:04:31","modified_gmt":"2026-03-22T17:04:31","slug":"celimax-the-real-noni-energy-ampoule-30ml","status":"publish","type":"product","link":"https:\/\/idakorea.ee\/fi\/product\/celimax-the-real-noni-energy-ampoule-30ml\/","title":{"rendered":"Palauttava seerumi Celimax The Real Noni Energy Ampoule, 30ml"},"content":{"rendered":"<p><strong>Celimax The Real Noni Energy -ampulliseerumi<\/strong> Palauttaa ja vahvistaa ihoa, pehment\u00e4\u00e4, tasoittaa sen rakennetta ja v\u00e4hent\u00e4\u00e4 tulehdusta, lievitt\u00e4\u00e4 \u00e4rsytyst\u00e4 ja kutinaa sek\u00e4 vahvistaa ihon suojakerrosta.<\/p>\n<p>Tuote parantaa ihon kimmoisuutta ja s\u00e4vy\u00e4, sill\u00e4 on ik\u00e4\u00e4ntymist\u00e4 ehk\u00e4isev\u00e4 vaikutus tehokkaan antioksidanttisekoituksen ansiosta. Ei-komedogeeninen koostumus ei tuki ihohuokosia eik\u00e4 \u00e4rsyt\u00e4 ihoa, ja se sopii tulehtuneelle ja akneen taipuvaiselle iholle.<\/p>\n<p>Kevyt koostumus ei tee ihosta raskaan tuntuista, ei j\u00e4t\u00e4 tahmeaa tunnetta ja imeytyy nopeasti. Ei sis\u00e4ll\u00e4 keinotekoisia v\u00e4riaineita \u2013 vihre\u00e4 s\u00e4vy saavutetaan noni-uutteella. Imeytymisen j\u00e4lkeen se sopii erinomaisesti k\u00e4ytett\u00e4v\u00e4ksi meikin alla. Tuote tuoksuu miellytt\u00e4v\u00e4lt\u00e4 rosmariinilta.<\/p>\n<p><strong>T\u00e4rkeimm\u00e4t vaikuttavat aineosat<\/strong> \u2014 noni-uutetta ja noni\u00f6ljy\u00e4. Noni eli morinda on superruoka, joka on t\u00e4ynn\u00e4 vitamiineja, mineraaleja ja polyfenoleja. Noni ravitsee, rauhoittaa ja pehment\u00e4\u00e4 ihoa, sill\u00e4 on antioksidanttinen vaikutus, joka hidastaa ik\u00e4\u00e4ntymist\u00e4 ja est\u00e4\u00e4 tulehdusprosesseja.<\/p>\n<p><strong>Muita vaikuttavia aineita:<\/strong><\/p>\n<ul>\n<li><strong>Kollaasit<\/strong> \u2013 kosteuttaa tehokkaasti, auttaa soluja s\u00e4ilytt\u00e4m\u00e4\u00e4n kosteuden, parantaa ihon rakennetta, stimuloi uusiutumisprosesseja ja silottaa ryppyj\u00e4.<\/li>\n<li><strong>Pantenoli (B5-vitamiini)<\/strong> \u2013 lievitt\u00e4\u00e4 punoitusta ja kutinaa, vahvistaa hydrolipidikerrosta, est\u00e4\u00e4 kosteuden haihtumista ja edist\u00e4\u00e4 palautumista.<\/li>\n<li><strong>Allantoiin<\/strong> \u2013 pehment\u00e4\u00e4, nopeuttaa paranemista, on antioksidanttinen ja auttaa v\u00e4hent\u00e4m\u00e4\u00e4n ihon herkkyytt\u00e4.<\/li>\n<li><strong>Natriumhyaluronaatti<\/strong> \u2013 kosteuttaa, yll\u00e4pit\u00e4\u00e4 ihon kimmoisuutta ja sileytt\u00e4.<\/li>\n<li><strong>Adenos<\/strong> \u2013 tehokas ik\u00e4\u00e4ntymist\u00e4 ehk\u00e4isev\u00e4 ainesosa, joka stimuloi kollageenisynteesi\u00e4, silottaa ja kiinteytt\u00e4\u00e4 ihoa, v\u00e4hent\u00e4\u00e4 ryppyj\u00e4 ja ehk\u00e4isee niiden muodostumista.<\/li>\n<li><strong>Rosmariini-, oliivi-, makadamia-, jojoba- ja viiniryp\u00e4leensiemen\u00f6ljyt<\/strong> \u2013 ravitsee, poistaa kuivuutta, pehment\u00e4\u00e4 ja silottaa ihoa.<\/li>\n<\/ul>\n<p>&nbsp;<\/p>\n<p>Sopii normaalille, sekaiholle, kuivalle ja herk\u00e4lle iholle.<\/p>\n<p><strong>K\u00e4ytt\u00f6:<\/strong> Levit\u00e4 seerumia puhdistetulle ja kasvovedell\u00e4 kasvovedelle.<\/p>","protected":false},"excerpt":{"rendered":"<p>Celimax The Real Noni Energy Ampoule -seerumi palauttaa ja vahvistaa ihoa, pehment\u00e4\u00e4, tasoittaa sen rakennetta ja v\u00e4hent\u00e4\u00e4 tulehdusta, lievitt\u00e4\u00e4 \u00e4rsytyst\u00e4 ja kutinaa sek\u00e4 vahvistaa ihon suojakerrosta. Tuote parantaa ihon kimmoisuutta ja s\u00e4vy\u00e4, sill\u00e4 on ik\u00e4\u00e4ntymist\u00e4 ehk\u00e4isev\u00e4 vaikutus tehokkaan antioksidantticocktailin ansiosta. Ei-komedogeeninen koostumus ei tuki ihohuokosia eik\u00e4 \u00e4rsyt\u00e4 ihoa, sopii tulehtuneelle ja akneen taipuvaiselle iholle. Kevyt koostumus ei\u2026<\/p>","protected":false},"featured_media":14540,"comment_status":"open","ping_status":"closed","template":"","meta":{"_uf_show_specific_survey":0,"_uf_disable_surveys":false,"_bst_post_transparent":"default","_bst_post_title":"","_bst_post_layout":"default","_bst_post_sidebar_id":"","_bst_post_content_style":"default","_bst_post_vertical_padding":"default","_bst_post_feature":"","_bst_post_feature_position":"","_bst_post_header":false,"_bst_post_footer":false},"pwb-brand":[885],"product_brand":[],"product_cat":[92,97],"product_tag":[886,927],"class_list":{"0":"post-14539","1":"product","2":"type-product","3":"status-publish","4":"has-post-thumbnail","6":"pwb-brand-celimax","7":"product_cat-nagu","8":"product_cat-naoseerumid-ja-olid","9":"product_tag-celimax","10":"product_tag-noni","12":"first","13":"instock","14":"sale","15":"shipping-taxable","16":"purchasable","17":"product-type-simple","18":"entry","19":"content-bg","20":"loop-entry"},"supplier_id":null,"supplier_sku":"","barcode":null,"atum_controlled":true,"out_stock_date":null,"out_stock_threshold":null,"inheritable":false,"inbound_stock":0,"stock_on_hold":0,"sold_today":0,"sales_last_days":1,"out_stock_days":0,"lost_sales":0,"has_location":false,"update_date":"2026-04-14T00:05:08","atum_locations":[],"atum_stock_status":"instock","restock_status":false,"low_stock_amount":"","sales_update_date":"2026-04-14T00:05:08","calc_backorders":null,"yoast_head":"<!-- This site is optimized with the Yoast SEO plugin v27.2 - https:\/\/yoast.com\/product\/yoast-seo-wordpress\/ -->\n<title>Celimax The Real Noni Energy Ampoule, 30ml - IDA.KOREA<\/title>\n<meta name=\"description\" content=\"Taastav ja p\u00f5letikuvastane seerum tundlikule ja kuivale nahale. Sisaldab noni ekstrakti, kollageeni ja pantenooli. Kerge tekstuur, mittekomedogeenne.\" \/>\n<meta name=\"robots\" content=\"index, follow, max-snippet:-1, max-image-preview:large, max-video-preview:-1\" \/>\n<link rel=\"canonical\" href=\"https:\/\/idakorea.ee\/fi\/product\/celimax-the-real-noni-energy-ampoule-30ml\/\" \/>\n<meta property=\"og:locale\" content=\"fi_FI\" \/>\n<meta property=\"og:type\" content=\"article\" \/>\n<meta property=\"og:title\" content=\"Celimax The Real Noni Energy Ampoule, 30ml - IDA.KOREA\" \/>\n<meta property=\"og:description\" content=\"Taastav ja p\u00f5letikuvastane seerum tundlikule ja kuivale nahale. Sisaldab noni ekstrakti, kollageeni ja pantenooli. Kerge tekstuur, mittekomedogeenne.\" \/>\n<meta property=\"og:url\" content=\"https:\/\/idakorea.ee\/fi\/product\/celimax-the-real-noni-energy-ampoule-30ml\/\" \/>\n<meta property=\"og:site_name\" content=\"IDA.KOREA\" \/>\n<meta property=\"article:modified_time\" content=\"2026-03-22T17:04:31+00:00\" \/>\n<meta property=\"og:image\" content=\"https:\/\/idakorea.ee\/wp-content\/uploads\/2025\/06\/celimax-the-real-noni-energy-ampoule_30ml-idakorea.ee_.jpg\" \/>\n\t<meta property=\"og:image:width\" content=\"1000\" \/>\n\t<meta property=\"og:image:height\" content=\"1000\" \/>\n\t<meta property=\"og:image:type\" content=\"image\/jpeg\" \/>\n<meta name=\"twitter:card\" content=\"summary_large_image\" \/>\n<meta name=\"twitter:label1\" content=\"Arvioitu lukuaika\" \/>\n\t<meta name=\"twitter:data1\" content=\"2 minuuttia\" \/>\n<script type=\"application\/ld+json\" class=\"yoast-schema-graph\">{\"@context\":\"https:\/\/schema.org\",\"@graph\":[{\"@type\":\"WebPage\",\"@id\":\"https:\/\/idakorea.ee\/product\/celimax-the-real-noni-energy-ampoule-30ml\/\",\"url\":\"https:\/\/idakorea.ee\/product\/celimax-the-real-noni-energy-ampoule-30ml\/\",\"name\":\"Celimax The Real Noni Energy Ampoule, 30ml - IDA.KOREA\",\"isPartOf\":{\"@id\":\"https:\/\/idakorea.ee\/#website\"},\"primaryImageOfPage\":{\"@id\":\"https:\/\/idakorea.ee\/product\/celimax-the-real-noni-energy-ampoule-30ml\/#primaryimage\"},\"image\":{\"@id\":\"https:\/\/idakorea.ee\/product\/celimax-the-real-noni-energy-ampoule-30ml\/#primaryimage\"},\"thumbnailUrl\":\"https:\/\/idakorea.ee\/wp-content\/uploads\/2025\/06\/celimax-the-real-noni-energy-ampoule_30ml-idakorea.ee_.jpg\",\"datePublished\":\"2025-06-06T07:57:39+00:00\",\"dateModified\":\"2026-03-22T17:04:31+00:00\",\"description\":\"Taastav ja p\u00f5letikuvastane seerum tundlikule ja kuivale nahale. Sisaldab noni ekstrakti, kollageeni ja pantenooli. Kerge tekstuur, mittekomedogeenne.\",\"breadcrumb\":{\"@id\":\"https:\/\/idakorea.ee\/product\/celimax-the-real-noni-energy-ampoule-30ml\/#breadcrumb\"},\"inLanguage\":\"fi\",\"potentialAction\":[{\"@type\":\"ReadAction\",\"target\":[\"https:\/\/idakorea.ee\/product\/celimax-the-real-noni-energy-ampoule-30ml\/\"]}]},{\"@type\":\"ImageObject\",\"inLanguage\":\"fi\",\"@id\":\"https:\/\/idakorea.ee\/product\/celimax-the-real-noni-energy-ampoule-30ml\/#primaryimage\",\"url\":\"https:\/\/idakorea.ee\/wp-content\/uploads\/2025\/06\/celimax-the-real-noni-energy-ampoule_30ml-idakorea.ee_.jpg\",\"contentUrl\":\"https:\/\/idakorea.ee\/wp-content\/uploads\/2025\/06\/celimax-the-real-noni-energy-ampoule_30ml-idakorea.ee_.jpg\",\"width\":1000,\"height\":1000},{\"@type\":\"BreadcrumbList\",\"@id\":\"https:\/\/idakorea.ee\/product\/celimax-the-real-noni-energy-ampoule-30ml\/#breadcrumb\",\"itemListElement\":[{\"@type\":\"ListItem\",\"position\":1,\"name\":\"\u0413\u043b\u0430\u0432\u043d\u0430\u044f \u0441\u0442\u0440\u0430\u043d\u0438\u0446\u0430\",\"item\":\"https:\/\/idakorea.ee\/\"},{\"@type\":\"ListItem\",\"position\":2,\"name\":\"Shop\",\"item\":\"https:\/\/idakorea.ee\/shop-2\/\"},{\"@type\":\"ListItem\",\"position\":3,\"name\":\"Taastav seerum Celimax The Real Noni Energy Ampoule, 30ml\"}]},{\"@type\":\"WebSite\",\"@id\":\"https:\/\/idakorea.ee\/#website\",\"url\":\"https:\/\/idakorea.ee\/\",\"name\":\"IDA.KOREA\",\"description\":\"Korea kosmeetika e-pood\",\"publisher\":{\"@id\":\"https:\/\/idakorea.ee\/#organization\"},\"alternateName\":\"Beauty Shop\",\"potentialAction\":[{\"@type\":\"SearchAction\",\"target\":{\"@type\":\"EntryPoint\",\"urlTemplate\":\"https:\/\/idakorea.ee\/?s={search_term_string}\"},\"query-input\":{\"@type\":\"PropertyValueSpecification\",\"valueRequired\":true,\"valueName\":\"search_term_string\"}}],\"inLanguage\":\"fi\"},{\"@type\":\"Organization\",\"@id\":\"https:\/\/idakorea.ee\/#organization\",\"name\":\"IDA.KOREA\",\"url\":\"https:\/\/idakorea.ee\/\",\"logo\":{\"@type\":\"ImageObject\",\"inLanguage\":\"fi\",\"@id\":\"https:\/\/idakorea.ee\/#\/schema\/logo\/image\/\",\"url\":\"https:\/\/idakorea.ee\/wp-content\/uploads\/2024\/05\/cropped-korea3.png\",\"contentUrl\":\"https:\/\/idakorea.ee\/wp-content\/uploads\/2024\/05\/cropped-korea3.png\",\"width\":688,\"height\":126,\"caption\":\"IDA.KOREA\"},\"image\":{\"@id\":\"https:\/\/idakorea.ee\/#\/schema\/logo\/image\/\"},\"sameAs\":[\"https:\/\/www.instagram.com\/ida.korea\/\"]}]}<\/script>\n<!-- \/ Yoast SEO plugin. -->","yoast_head_json":{"title":"Celimax The Real Noni Energy -ampulli, 30ml - IDA.KOREA","description":"Uudistava ja tulehdusta ehk\u00e4isev\u00e4 seerumi herk\u00e4lle ja kuivalle iholle. Sis\u00e4lt\u00e4\u00e4 noni-uutetta, kollageenia ja pantenolia. Kevyt koostumus, ei j\u00e4t\u00e4 ihohuokosia.","robots":{"index":"index","follow":"follow","max-snippet":"max-snippet:-1","max-image-preview":"max-image-preview:large","max-video-preview":"max-video-preview:-1"},"canonical":"https:\/\/idakorea.ee\/fi\/product\/celimax-the-real-noni-energy-ampoule-30ml\/","og_locale":"fi_FI","og_type":"article","og_title":"Celimax The Real Noni Energy Ampoule, 30ml - IDA.KOREA","og_description":"Taastav ja p\u00f5letikuvastane seerum tundlikule ja kuivale nahale. Sisaldab noni ekstrakti, kollageeni ja pantenooli. Kerge tekstuur, mittekomedogeenne.","og_url":"https:\/\/idakorea.ee\/fi\/product\/celimax-the-real-noni-energy-ampoule-30ml\/","og_site_name":"IDA.KOREA","article_modified_time":"2026-03-22T17:04:31+00:00","og_image":[{"width":1000,"height":1000,"url":"https:\/\/idakorea.ee\/wp-content\/uploads\/2025\/06\/celimax-the-real-noni-energy-ampoule_30ml-idakorea.ee_.jpg","type":"image\/jpeg"}],"twitter_card":"summary_large_image","twitter_misc":{"Arvioitu lukuaika":"2 minuuttia"},"schema":{"@context":"https:\/\/schema.org","@graph":[{"@type":"WebPage","@id":"https:\/\/idakorea.ee\/product\/celimax-the-real-noni-energy-ampoule-30ml\/","url":"https:\/\/idakorea.ee\/product\/celimax-the-real-noni-energy-ampoule-30ml\/","name":"Celimax The Real Noni Energy -ampulli, 30ml - IDA.KOREA","isPartOf":{"@id":"https:\/\/idakorea.ee\/#website"},"primaryImageOfPage":{"@id":"https:\/\/idakorea.ee\/product\/celimax-the-real-noni-energy-ampoule-30ml\/#primaryimage"},"image":{"@id":"https:\/\/idakorea.ee\/product\/celimax-the-real-noni-energy-ampoule-30ml\/#primaryimage"},"thumbnailUrl":"https:\/\/idakorea.ee\/wp-content\/uploads\/2025\/06\/celimax-the-real-noni-energy-ampoule_30ml-idakorea.ee_.jpg","datePublished":"2025-06-06T07:57:39+00:00","dateModified":"2026-03-22T17:04:31+00:00","description":"Uudistava ja tulehdusta ehk\u00e4isev\u00e4 seerumi herk\u00e4lle ja kuivalle iholle. Sis\u00e4lt\u00e4\u00e4 noni-uutetta, kollageenia ja pantenolia. Kevyt koostumus, ei j\u00e4t\u00e4 ihohuokosia.","breadcrumb":{"@id":"https:\/\/idakorea.ee\/product\/celimax-the-real-noni-energy-ampoule-30ml\/#breadcrumb"},"inLanguage":"fi","potentialAction":[{"@type":"ReadAction","target":["https:\/\/idakorea.ee\/product\/celimax-the-real-noni-energy-ampoule-30ml\/"]}]},{"@type":"ImageObject","inLanguage":"fi","@id":"https:\/\/idakorea.ee\/product\/celimax-the-real-noni-energy-ampoule-30ml\/#primaryimage","url":"https:\/\/idakorea.ee\/wp-content\/uploads\/2025\/06\/celimax-the-real-noni-energy-ampoule_30ml-idakorea.ee_.jpg","contentUrl":"https:\/\/idakorea.ee\/wp-content\/uploads\/2025\/06\/celimax-the-real-noni-energy-ampoule_30ml-idakorea.ee_.jpg","width":1000,"height":1000},{"@type":"BreadcrumbList","@id":"https:\/\/idakorea.ee\/product\/celimax-the-real-noni-energy-ampoule-30ml\/#breadcrumb","itemListElement":[{"@type":"ListItem","position":1,"name":"\u0413\u043b\u0430\u0432\u043d\u0430\u044f \u0441\u0442\u0440\u0430\u043d\u0438\u0446\u0430","item":"https:\/\/idakorea.ee\/"},{"@type":"ListItem","position":2,"name":"Shop","item":"https:\/\/idakorea.ee\/shop-2\/"},{"@type":"ListItem","position":3,"name":"Taastav seerum Celimax The Real Noni Energy Ampoule, 30ml"}]},{"@type":"WebSite","@id":"https:\/\/idakorea.ee\/#website","url":"https:\/\/idakorea.ee\/","name":"IDA.KOREA","description":"Korean kosmetiikan verkkokauppa","publisher":{"@id":"https:\/\/idakorea.ee\/#organization"},"alternateName":"Beauty Shop","potentialAction":[{"@type":"SearchAction","target":{"@type":"EntryPoint","urlTemplate":"https:\/\/idakorea.ee\/?s={search_term_string}"},"query-input":{"@type":"PropertyValueSpecification","valueRequired":true,"valueName":"search_term_string"}}],"inLanguage":"fi"},{"@type":"Organization","@id":"https:\/\/idakorea.ee\/#organization","name":"IDA.KOREA","url":"https:\/\/idakorea.ee\/","logo":{"@type":"ImageObject","inLanguage":"fi","@id":"https:\/\/idakorea.ee\/#\/schema\/logo\/image\/","url":"https:\/\/idakorea.ee\/wp-content\/uploads\/2024\/05\/cropped-korea3.png","contentUrl":"https:\/\/idakorea.ee\/wp-content\/uploads\/2024\/05\/cropped-korea3.png","width":688,"height":126,"caption":"IDA.KOREA"},"image":{"@id":"https:\/\/idakorea.ee\/#\/schema\/logo\/image\/"},"sameAs":["https:\/\/www.instagram.com\/ida.korea\/"]}]}},"jetpack_sharing_enabled":true,"brands":[{"id":885,"name":"CELIMAX","slug":"celimax"}],"_links":{"self":[{"href":"https:\/\/idakorea.ee\/fi\/wp-json\/wp\/v2\/product\/14539","targetHints":{"allow":["GET"]}}],"collection":[{"href":"https:\/\/idakorea.ee\/fi\/wp-json\/wp\/v2\/product"}],"about":[{"href":"https:\/\/idakorea.ee\/fi\/wp-json\/wp\/v2\/types\/product"}],"replies":[{"embeddable":true,"href":"https:\/\/idakorea.ee\/fi\/wp-json\/wp\/v2\/comments?post=14539"}],"version-history":[{"count":1,"href":"https:\/\/idakorea.ee\/fi\/wp-json\/wp\/v2\/product\/14539\/revisions"}],"predecessor-version":[{"id":14543,"href":"https:\/\/idakorea.ee\/fi\/wp-json\/wp\/v2\/product\/14539\/revisions\/14543"}],"wp:featuredmedia":[{"embeddable":true,"href":"https:\/\/idakorea.ee\/fi\/wp-json\/wp\/v2\/media\/14540"}],"wp:attachment":[{"href":"https:\/\/idakorea.ee\/fi\/wp-json\/wp\/v2\/media?parent=14539"}],"wp:term":[{"taxonomy":"pwb-brand","embeddable":true,"href":"https:\/\/idakorea.ee\/fi\/wp-json\/wp\/v2\/pwb-brand?post=14539"},{"taxonomy":"product_brand","embeddable":true,"href":"https:\/\/idakorea.ee\/fi\/wp-json\/wp\/v2\/product_brand?post=14539"},{"taxonomy":"product_cat","embeddable":true,"href":"https:\/\/idakorea.ee\/fi\/wp-json\/wp\/v2\/product_cat?post=14539"},{"taxonomy":"product_tag","embeddable":true,"href":"https:\/\/idakorea.ee\/fi\/wp-json\/wp\/v2\/product_tag?post=14539"}],"curies":[{"name":"wp","href":"https:\/\/api.w.org\/{rel}","templated":true}]}}