{"id":14552,"date":"2025-06-07T18:06:45","date_gmt":"2025-06-07T15:06:45","guid":{"rendered":"https:\/\/idakorea.ee\/?post_type=product&#038;p=14552"},"modified":"2026-03-13T19:09:01","modified_gmt":"2026-03-13T17:09:01","slug":"celimax-the-real-noni-energy-ampoule-mist-50ml","status":"publish","type":"product","link":"https:\/\/idakorea.ee\/fi\/product\/celimax-the-real-noni-energy-ampoule-mist-50ml\/","title":{"rendered":"Celimax The Real Noni Energy Ampoule Mist, 50ml"},"content":{"rendered":"<p><strong>Celimax Aito Noni-energia-ampullisisu<\/strong> virkist\u00e4\u00e4 ja rauhoittaa ihoa palauttaen kosteustasapainon. Hienojakoisena sumuna suihkutettava tuote tunkeutuu syv\u00e4lle ihoon ja sis\u00e4lt\u00e4\u00e4 aktiivisia ainesosia, jotka auttavat poistamaan kuivuutta ja kireyden tunnetta.<\/p>\n<p>Tuote tarjoaa ik\u00e4\u00e4ntymist\u00e4 ehk\u00e4isev\u00e4\u00e4 hoitoa lis\u00e4\u00e4m\u00e4ll\u00e4 ihon kimmoisuutta ja v\u00e4hent\u00e4m\u00e4ll\u00e4 ryppyjen syvyytt\u00e4 intensiivisen ravitsemuksen ja antioksidanttisuojan avulla. Se my\u00f6s tasoittaa ihon s\u00e4vy\u00e4, antaa sis\u00e4ist\u00e4 hehkua ja v\u00e4hent\u00e4\u00e4 sameutta.<\/p>\n<p>Suihke on koostumukseltaan hypoallergeeninen, ei \u00e4rsyt\u00e4 ihoa ja sopii herk\u00e4lle iholle: kaikki ainesosat on luokiteltu EWG Green -turvallisuusluokan mukaisesti.<\/p>\n<p>Tuote ei valu pois ja sit\u00e4 voidaan k\u00e4ytt\u00e4\u00e4 ennen meikin levitt\u00e4mist\u00e4.<\/p>\n<p>P\u00e4\u00e4ainesosa on 0.8% noni-uute \u2014 trooppinen superruoka, joka on t\u00e4ynn\u00e4 vitamiineja, polyfenoleja ja mineraaleja. Noni pehment\u00e4\u00e4 ja rauhoittaa ihoa, lievitt\u00e4\u00e4 \u00e4rsytyst\u00e4, nopeuttaa kudosten uudistumista, tarjoaa antioksidanttisuojaa ja hidastaa ik\u00e4\u00e4ntymisprosessia.<\/p>\n<p><strong>Muita vaikuttavia aineita:<\/strong><\/p>\n<ul>\n<li><strong>Fytosfingosiini<\/strong> \u2013 fosfolipidi, joka pident\u00e4\u00e4 solujen nuoruutta, jolla on antibakteerisia ja tulehdusta est\u00e4vi\u00e4 vaikutuksia, vahvistaa hydrolipidikerrosta ja nopeuttaa paranemisprosessia.<\/li>\n<li><strong>Adenos<\/strong> \u2013 tunnettu ik\u00e4\u00e4ntymist\u00e4 ehk\u00e4isev\u00e4 ainesosa, joka stimuloi kollageenin tuotantoa, vahvistaa ja tasoittaa ihoa sek\u00e4 lis\u00e4\u00e4 sen kimmoisuutta.<\/li>\n<li><strong>Keramidit<\/strong> \u2013 vahvistaa ihon suojakerrosta est\u00e4en kosteuden haihtumista ja haitallisten aineiden imeytymist\u00e4.<\/li>\n<li><strong>2 erilaista hyaluronihappoa<\/strong> \u2013 erinomaiset kosteuttajat, jotka muodostavat n\u00e4kym\u00e4tt\u00f6m\u00e4n kosteussuojan ja palauttavat ihon kimmoisuuden.<\/li>\n<li><strong>Rosmariininlehti\u00f6ljy<\/strong> \u2013 stimuloi ihon uusiutumista, parantaa mikroverenkiertoa ja sill\u00e4 on antiseptinen vaikutus.<\/li>\n<\/ul>\n<p>&nbsp;<\/p>\n<p>Sopii kaikille ihotyypeille.<\/p>\n<p><strong>K\u00e4ytt\u00f6ohjeet:<\/strong> Suihkuta suihketta kasvoillesi 10\u201315 cm et\u00e4isyydelt\u00e4 pit\u00e4en silm\u00e4t suljettuina. K\u00e4yt\u00e4 tuotetta aina, kun ihosi tarvitsee kosteutusta ja ravintoa. Viilent\u00e4v\u00e4n vaikutuksen saavuttamiseksi s\u00e4ilyt\u00e4 tuotetta j\u00e4\u00e4kaapissa ennen k\u00e4ytt\u00f6\u00e4. Sopii my\u00f6s k\u00e4ytett\u00e4v\u00e4ksi kasvoveden sijaan.<\/p>","protected":false},"excerpt":{"rendered":"<p>Celimax The Real Noni Energy Ampoule Mist virkist\u00e4\u00e4 ja rauhoittaa ihoa palauttaen sen kosteustasapainon. Hienojakoisena sumuna suihkutettava tuote tunkeutuu syv\u00e4lle ihoon ja sis\u00e4lt\u00e4\u00e4 aktiivisia ainesosia, jotka auttavat poistamaan kuivuutta ja kireytt\u00e4. Tuote tarjoaa ik\u00e4\u00e4ntymist\u00e4 ehk\u00e4isev\u00e4\u00e4 hoitoa, lis\u00e4\u00e4 ihon kimmoisuutta ja v\u00e4hent\u00e4\u00e4 ryppyjen syvyytt\u00e4 intensiivisen ravitsemuksen ja antioksidanttisuojan avulla. Se my\u00f6s tasoittaa ihon s\u00e4vy\u00e4, antaa sis\u00e4isen hehkun ja\u2026<\/p>","protected":false},"featured_media":14553,"comment_status":"open","ping_status":"closed","template":"","meta":{"_uf_show_specific_survey":0,"_uf_disable_surveys":false,"_bst_post_transparent":"default","_bst_post_title":"","_bst_post_layout":"default","_bst_post_sidebar_id":"","_bst_post_content_style":"default","_bst_post_vertical_padding":"default","_bst_post_feature":"","_bst_post_feature_position":"","_bst_post_header":false,"_bst_post_footer":false},"pwb-brand":[885],"product_brand":[],"product_cat":[92,158],"product_tag":[886,928,927],"class_list":{"0":"post-14552","1":"product","2":"type-product","3":"status-publish","4":"has-post-thumbnail","6":"pwb-brand-celimax","7":"product_cat-nagu","8":"product_cat-toonik","9":"product_tag-celimax","10":"product_tag-mist","11":"product_tag-noni","13":"first","14":"instock","15":"sale","16":"shipping-taxable","17":"purchasable","18":"product-type-simple","19":"entry","20":"content-bg","21":"loop-entry"},"supplier_id":null,"supplier_sku":"","barcode":null,"atum_controlled":true,"out_stock_date":null,"out_stock_threshold":null,"inheritable":false,"inbound_stock":0,"stock_on_hold":0,"sold_today":0,"sales_last_days":0,"out_stock_days":0,"lost_sales":0,"has_location":false,"update_date":"2026-04-14T00:05:12","atum_locations":[],"atum_stock_status":"instock","restock_status":false,"low_stock_amount":"","sales_update_date":"2026-04-14T00:05:11","calc_backorders":null,"yoast_head":"<!-- This site is optimized with the Yoast SEO plugin v27.2 - https:\/\/yoast.com\/product\/yoast-seo-wordpress\/ -->\n<title>Celimax The Real Noni Energy Ampoule Mist, 50ml - IDA.KOREA<\/title>\n<meta name=\"description\" content=\"Niisutav ja rahustav n\u00e4omist noni ekstraktiga. Pakub vananemisvastast hooldust, taastab elastsuse ja s\u00e4ra, sobib tundlikule nahale. H\u00fcpoallergeenne.\" \/>\n<meta name=\"robots\" content=\"index, follow, max-snippet:-1, max-image-preview:large, max-video-preview:-1\" \/>\n<link rel=\"canonical\" href=\"https:\/\/idakorea.ee\/fi\/product\/celimax-the-real-noni-energy-ampoule-mist-50ml\/\" \/>\n<meta property=\"og:locale\" content=\"fi_FI\" \/>\n<meta property=\"og:type\" content=\"article\" \/>\n<meta property=\"og:title\" content=\"Celimax The Real Noni Energy Ampoule Mist, 50ml - IDA.KOREA\" \/>\n<meta property=\"og:description\" content=\"Niisutav ja rahustav n\u00e4omist noni ekstraktiga. Pakub vananemisvastast hooldust, taastab elastsuse ja s\u00e4ra, sobib tundlikule nahale. H\u00fcpoallergeenne.\" \/>\n<meta property=\"og:url\" content=\"https:\/\/idakorea.ee\/fi\/product\/celimax-the-real-noni-energy-ampoule-mist-50ml\/\" \/>\n<meta property=\"og:site_name\" content=\"IDA.KOREA\" \/>\n<meta property=\"article:modified_time\" content=\"2026-03-13T17:09:01+00:00\" \/>\n<meta property=\"og:image\" content=\"https:\/\/idakorea.ee\/wp-content\/uploads\/2025\/06\/celimax-the-real-noni-energy-ampoule-mist.idakorea.jpg\" \/>\n\t<meta property=\"og:image:width\" content=\"1000\" \/>\n\t<meta property=\"og:image:height\" content=\"1000\" \/>\n\t<meta property=\"og:image:type\" content=\"image\/jpeg\" \/>\n<meta name=\"twitter:card\" content=\"summary_large_image\" \/>\n<meta name=\"twitter:label1\" content=\"Arvioitu lukuaika\" \/>\n\t<meta name=\"twitter:data1\" content=\"2 minuuttia\" \/>\n<script type=\"application\/ld+json\" class=\"yoast-schema-graph\">{\"@context\":\"https:\/\/schema.org\",\"@graph\":[{\"@type\":\"WebPage\",\"@id\":\"https:\/\/idakorea.ee\/product\/celimax-the-real-noni-energy-ampoule-mist-50ml\/\",\"url\":\"https:\/\/idakorea.ee\/product\/celimax-the-real-noni-energy-ampoule-mist-50ml\/\",\"name\":\"Celimax The Real Noni Energy Ampoule Mist, 50ml - IDA.KOREA\",\"isPartOf\":{\"@id\":\"https:\/\/idakorea.ee\/#website\"},\"primaryImageOfPage\":{\"@id\":\"https:\/\/idakorea.ee\/product\/celimax-the-real-noni-energy-ampoule-mist-50ml\/#primaryimage\"},\"image\":{\"@id\":\"https:\/\/idakorea.ee\/product\/celimax-the-real-noni-energy-ampoule-mist-50ml\/#primaryimage\"},\"thumbnailUrl\":\"https:\/\/idakorea.ee\/wp-content\/uploads\/2025\/06\/celimax-the-real-noni-energy-ampoule-mist.idakorea.jpg\",\"datePublished\":\"2025-06-07T15:06:45+00:00\",\"dateModified\":\"2026-03-13T17:09:01+00:00\",\"description\":\"Niisutav ja rahustav n\u00e4omist noni ekstraktiga. Pakub vananemisvastast hooldust, taastab elastsuse ja s\u00e4ra, sobib tundlikule nahale. H\u00fcpoallergeenne.\",\"breadcrumb\":{\"@id\":\"https:\/\/idakorea.ee\/product\/celimax-the-real-noni-energy-ampoule-mist-50ml\/#breadcrumb\"},\"inLanguage\":\"fi\",\"potentialAction\":[{\"@type\":\"ReadAction\",\"target\":[\"https:\/\/idakorea.ee\/product\/celimax-the-real-noni-energy-ampoule-mist-50ml\/\"]}]},{\"@type\":\"ImageObject\",\"inLanguage\":\"fi\",\"@id\":\"https:\/\/idakorea.ee\/product\/celimax-the-real-noni-energy-ampoule-mist-50ml\/#primaryimage\",\"url\":\"https:\/\/idakorea.ee\/wp-content\/uploads\/2025\/06\/celimax-the-real-noni-energy-ampoule-mist.idakorea.jpg\",\"contentUrl\":\"https:\/\/idakorea.ee\/wp-content\/uploads\/2025\/06\/celimax-the-real-noni-energy-ampoule-mist.idakorea.jpg\",\"width\":1000,\"height\":1000},{\"@type\":\"BreadcrumbList\",\"@id\":\"https:\/\/idakorea.ee\/product\/celimax-the-real-noni-energy-ampoule-mist-50ml\/#breadcrumb\",\"itemListElement\":[{\"@type\":\"ListItem\",\"position\":1,\"name\":\"\u0413\u043b\u0430\u0432\u043d\u0430\u044f \u0441\u0442\u0440\u0430\u043d\u0438\u0446\u0430\",\"item\":\"https:\/\/idakorea.ee\/\"},{\"@type\":\"ListItem\",\"position\":2,\"name\":\"Shop\",\"item\":\"https:\/\/idakorea.ee\/shop-2\/\"},{\"@type\":\"ListItem\",\"position\":3,\"name\":\"N\u00e4omist Celimax The Real Noni Energy Ampoule Mist, 50ml\"}]},{\"@type\":\"WebSite\",\"@id\":\"https:\/\/idakorea.ee\/#website\",\"url\":\"https:\/\/idakorea.ee\/\",\"name\":\"IDA.KOREA\",\"description\":\"Korea kosmeetika e-pood\",\"publisher\":{\"@id\":\"https:\/\/idakorea.ee\/#organization\"},\"alternateName\":\"Beauty Shop\",\"potentialAction\":[{\"@type\":\"SearchAction\",\"target\":{\"@type\":\"EntryPoint\",\"urlTemplate\":\"https:\/\/idakorea.ee\/?s={search_term_string}\"},\"query-input\":{\"@type\":\"PropertyValueSpecification\",\"valueRequired\":true,\"valueName\":\"search_term_string\"}}],\"inLanguage\":\"fi\"},{\"@type\":\"Organization\",\"@id\":\"https:\/\/idakorea.ee\/#organization\",\"name\":\"IDA.KOREA\",\"url\":\"https:\/\/idakorea.ee\/\",\"logo\":{\"@type\":\"ImageObject\",\"inLanguage\":\"fi\",\"@id\":\"https:\/\/idakorea.ee\/#\/schema\/logo\/image\/\",\"url\":\"https:\/\/idakorea.ee\/wp-content\/uploads\/2024\/05\/cropped-korea3.png\",\"contentUrl\":\"https:\/\/idakorea.ee\/wp-content\/uploads\/2024\/05\/cropped-korea3.png\",\"width\":688,\"height\":126,\"caption\":\"IDA.KOREA\"},\"image\":{\"@id\":\"https:\/\/idakorea.ee\/#\/schema\/logo\/image\/\"},\"sameAs\":[\"https:\/\/www.instagram.com\/ida.korea\/\"]}]}<\/script>\n<!-- \/ Yoast SEO plugin. -->","yoast_head_json":{"title":"Celimax The Real Noni Energy -ampullisuihke, 50ml - IDA.KOREA","description":"Kosteuttava ja rauhoittava kasvonaamio noni-uutteella. Tarjoaa ik\u00e4\u00e4ntymist\u00e4 ehk\u00e4isev\u00e4\u00e4 hoitoa, palauttaa ihon kimmoisuuden ja hehkun, sopii herk\u00e4lle iholle. Hypoallergeeninen.","robots":{"index":"index","follow":"follow","max-snippet":"max-snippet:-1","max-image-preview":"max-image-preview:large","max-video-preview":"max-video-preview:-1"},"canonical":"https:\/\/idakorea.ee\/fi\/product\/celimax-the-real-noni-energy-ampoule-mist-50ml\/","og_locale":"fi_FI","og_type":"article","og_title":"Celimax The Real Noni Energy Ampoule Mist, 50ml - IDA.KOREA","og_description":"Niisutav ja rahustav n\u00e4omist noni ekstraktiga. Pakub vananemisvastast hooldust, taastab elastsuse ja s\u00e4ra, sobib tundlikule nahale. H\u00fcpoallergeenne.","og_url":"https:\/\/idakorea.ee\/fi\/product\/celimax-the-real-noni-energy-ampoule-mist-50ml\/","og_site_name":"IDA.KOREA","article_modified_time":"2026-03-13T17:09:01+00:00","og_image":[{"width":1000,"height":1000,"url":"https:\/\/idakorea.ee\/wp-content\/uploads\/2025\/06\/celimax-the-real-noni-energy-ampoule-mist.idakorea.jpg","type":"image\/jpeg"}],"twitter_card":"summary_large_image","twitter_misc":{"Arvioitu lukuaika":"2 minuuttia"},"schema":{"@context":"https:\/\/schema.org","@graph":[{"@type":"WebPage","@id":"https:\/\/idakorea.ee\/product\/celimax-the-real-noni-energy-ampoule-mist-50ml\/","url":"https:\/\/idakorea.ee\/product\/celimax-the-real-noni-energy-ampoule-mist-50ml\/","name":"Celimax The Real Noni Energy -ampullisuihke, 50ml - IDA.KOREA","isPartOf":{"@id":"https:\/\/idakorea.ee\/#website"},"primaryImageOfPage":{"@id":"https:\/\/idakorea.ee\/product\/celimax-the-real-noni-energy-ampoule-mist-50ml\/#primaryimage"},"image":{"@id":"https:\/\/idakorea.ee\/product\/celimax-the-real-noni-energy-ampoule-mist-50ml\/#primaryimage"},"thumbnailUrl":"https:\/\/idakorea.ee\/wp-content\/uploads\/2025\/06\/celimax-the-real-noni-energy-ampoule-mist.idakorea.jpg","datePublished":"2025-06-07T15:06:45+00:00","dateModified":"2026-03-13T17:09:01+00:00","description":"Kosteuttava ja rauhoittava kasvonaamio noni-uutteella. Tarjoaa ik\u00e4\u00e4ntymist\u00e4 ehk\u00e4isev\u00e4\u00e4 hoitoa, palauttaa ihon kimmoisuuden ja hehkun, sopii herk\u00e4lle iholle. Hypoallergeeninen.","breadcrumb":{"@id":"https:\/\/idakorea.ee\/product\/celimax-the-real-noni-energy-ampoule-mist-50ml\/#breadcrumb"},"inLanguage":"fi","potentialAction":[{"@type":"ReadAction","target":["https:\/\/idakorea.ee\/product\/celimax-the-real-noni-energy-ampoule-mist-50ml\/"]}]},{"@type":"ImageObject","inLanguage":"fi","@id":"https:\/\/idakorea.ee\/product\/celimax-the-real-noni-energy-ampoule-mist-50ml\/#primaryimage","url":"https:\/\/idakorea.ee\/wp-content\/uploads\/2025\/06\/celimax-the-real-noni-energy-ampoule-mist.idakorea.jpg","contentUrl":"https:\/\/idakorea.ee\/wp-content\/uploads\/2025\/06\/celimax-the-real-noni-energy-ampoule-mist.idakorea.jpg","width":1000,"height":1000},{"@type":"BreadcrumbList","@id":"https:\/\/idakorea.ee\/product\/celimax-the-real-noni-energy-ampoule-mist-50ml\/#breadcrumb","itemListElement":[{"@type":"ListItem","position":1,"name":"\u0413\u043b\u0430\u0432\u043d\u0430\u044f \u0441\u0442\u0440\u0430\u043d\u0438\u0446\u0430","item":"https:\/\/idakorea.ee\/"},{"@type":"ListItem","position":2,"name":"Shop","item":"https:\/\/idakorea.ee\/shop-2\/"},{"@type":"ListItem","position":3,"name":"N\u00e4omist Celimax The Real Noni Energy Ampoule Mist, 50ml"}]},{"@type":"WebSite","@id":"https:\/\/idakorea.ee\/#website","url":"https:\/\/idakorea.ee\/","name":"IDA.KOREA","description":"Korean kosmetiikan verkkokauppa","publisher":{"@id":"https:\/\/idakorea.ee\/#organization"},"alternateName":"Beauty Shop","potentialAction":[{"@type":"SearchAction","target":{"@type":"EntryPoint","urlTemplate":"https:\/\/idakorea.ee\/?s={search_term_string}"},"query-input":{"@type":"PropertyValueSpecification","valueRequired":true,"valueName":"search_term_string"}}],"inLanguage":"fi"},{"@type":"Organization","@id":"https:\/\/idakorea.ee\/#organization","name":"IDA.KOREA","url":"https:\/\/idakorea.ee\/","logo":{"@type":"ImageObject","inLanguage":"fi","@id":"https:\/\/idakorea.ee\/#\/schema\/logo\/image\/","url":"https:\/\/idakorea.ee\/wp-content\/uploads\/2024\/05\/cropped-korea3.png","contentUrl":"https:\/\/idakorea.ee\/wp-content\/uploads\/2024\/05\/cropped-korea3.png","width":688,"height":126,"caption":"IDA.KOREA"},"image":{"@id":"https:\/\/idakorea.ee\/#\/schema\/logo\/image\/"},"sameAs":["https:\/\/www.instagram.com\/ida.korea\/"]}]}},"jetpack_sharing_enabled":true,"brands":[{"id":885,"name":"CELIMAX","slug":"celimax"}],"_links":{"self":[{"href":"https:\/\/idakorea.ee\/fi\/wp-json\/wp\/v2\/product\/14552","targetHints":{"allow":["GET"]}}],"collection":[{"href":"https:\/\/idakorea.ee\/fi\/wp-json\/wp\/v2\/product"}],"about":[{"href":"https:\/\/idakorea.ee\/fi\/wp-json\/wp\/v2\/types\/product"}],"replies":[{"embeddable":true,"href":"https:\/\/idakorea.ee\/fi\/wp-json\/wp\/v2\/comments?post=14552"}],"version-history":[{"count":1,"href":"https:\/\/idakorea.ee\/fi\/wp-json\/wp\/v2\/product\/14552\/revisions"}],"predecessor-version":[{"id":14557,"href":"https:\/\/idakorea.ee\/fi\/wp-json\/wp\/v2\/product\/14552\/revisions\/14557"}],"wp:featuredmedia":[{"embeddable":true,"href":"https:\/\/idakorea.ee\/fi\/wp-json\/wp\/v2\/media\/14553"}],"wp:attachment":[{"href":"https:\/\/idakorea.ee\/fi\/wp-json\/wp\/v2\/media?parent=14552"}],"wp:term":[{"taxonomy":"pwb-brand","embeddable":true,"href":"https:\/\/idakorea.ee\/fi\/wp-json\/wp\/v2\/pwb-brand?post=14552"},{"taxonomy":"product_brand","embeddable":true,"href":"https:\/\/idakorea.ee\/fi\/wp-json\/wp\/v2\/product_brand?post=14552"},{"taxonomy":"product_cat","embeddable":true,"href":"https:\/\/idakorea.ee\/fi\/wp-json\/wp\/v2\/product_cat?post=14552"},{"taxonomy":"product_tag","embeddable":true,"href":"https:\/\/idakorea.ee\/fi\/wp-json\/wp\/v2\/product_tag?post=14552"}],"curies":[{"name":"wp","href":"https:\/\/api.w.org\/{rel}","templated":true}]}}