{"id":14559,"date":"2025-06-07T18:22:30","date_gmt":"2025-06-07T15:22:30","guid":{"rendered":"https:\/\/idakorea.ee\/?post_type=product&#038;p=14559"},"modified":"2026-04-13T17:30:58","modified_gmt":"2026-04-13T15:30:58","slug":"celimax-dual-barrier-creamy-toner-150ml","status":"publish","type":"product","link":"https:\/\/idakorea.ee\/fi\/product\/celimax-dual-barrier-creamy-toner-150ml\/","title":{"rendered":"Celimax Dual Barrier Creamy Toner, 150ml"},"content":{"rendered":"<p><strong>Celimax Dual Barrier -voidekasvovesi<\/strong> Palauttaa kuivan ja ohuen ihon: pehment\u00e4\u00e4, kosteuttaa ja ravitsee, vahvistaa ihon suojatoimintoja ja ehk\u00e4isee kuivumista ja hilseily\u00e4.<\/p>\n<p>Hienovaraisen kermaisen koostumuksen omaava kasvovesi imeytyy t\u00e4ydellisesti eik\u00e4 j\u00e4t\u00e4 tahmeaa tunnetta. Koostumus ei sis\u00e4ll\u00e4 synteettisi\u00e4 hajusteita. Se vahvistaa epidermiksen lipidikerrosta ja parantaa ihon suojakerrosta.<\/p>\n<p>Tuote vahvistaa ihon hydrolipidikerrosta, v\u00e4hent\u00e4\u00e4 herkkyytt\u00e4 ulkoisille \u00e4rsykkeille, rauhoittaa kutinaa ja \u00e4rsytyst\u00e4 sek\u00e4 edist\u00e4\u00e4 mikrovaurioiden paranemista viiden keramidin \u2013 lipidien, jotka integroituvat ihon luonnolliseen suojakerrokseen ja vahvistavat sit\u00e4 \u2013 ansiosta.<\/p>\n<p>Ainutlaatuinen peptidi kaavassa <strong>Aquatide<\/strong> (Heptanatriumheksakarboksimetyylidipeptidi-12) stimuloi autofagiaa, prosessia, jossa solut hajottavat ja kierr\u00e4tt\u00e4v\u00e4t vaurioituneita tai ik\u00e4\u00e4ntyneit\u00e4 komponentteja. T\u00e4m\u00e4 johtaa kollageenin, elastiinin ja hyaluronihapon tuotantoon, jotka auttavat yll\u00e4pit\u00e4m\u00e4\u00e4n ihon nuorekasta ulkon\u00e4k\u00f6\u00e4.<\/p>\n<p><strong>Muita vaikuttavia aineita:<\/strong><\/p>\n<ul>\n<li><strong>Natriumhyaluronaatti<\/strong> \u2013 pienimolekyylinen hyaluronihappo, joka kosteuttaa, palauttaa kimmoisuuden ja poistaa kuivuutta ja nestehukkaa.<\/li>\n<li><strong>Allantoiin<\/strong> \u2013 pehment\u00e4\u00e4, nopeuttaa paranemista, on antioksidanttinen ja v\u00e4hent\u00e4\u00e4 ihon herkkyytt\u00e4.<\/li>\n<li><strong>Pantenoli (B5-vitamiini)<\/strong> \u2013 lievitt\u00e4\u00e4 punoitusta ja kutinaa, vahvistaa hydrolipidisuojaa, est\u00e4\u00e4 kosteuden haihtumista ja edist\u00e4\u00e4 ihon uudistumista.<\/li>\n<li><strong>Fytosfingosiini<\/strong> \u2013 sill\u00e4 on antioksidanttisia ja tulehdusta ehk\u00e4isevi\u00e4 vaikutuksia ja se nopeuttaa paranemisprosessia.<\/li>\n<\/ul>\n<p>&nbsp;<\/p>\n<p>Sopii kaikille ihotyypeille, erityisesti herk\u00e4lle ja kuivalle iholle.<\/p>\n<p><strong>K\u00e4ytt\u00f6ohjeet:<\/strong> Puhdistuksen j\u00e4lkeen levit\u00e4 kasvovett\u00e4 kuivalle iholle, levit\u00e4 sit\u00e4 sormenp\u00e4ill\u00e4 ja anna imeyty\u00e4. Intensiivisemm\u00e4n vaikutuksen saavuttamiseksi kostuta vanulappuja kasvovedell\u00e4 ja aseta niit\u00e4 kuiville alueille 10 minuutiksi.<\/p>","protected":false},"excerpt":{"rendered":"<p>Celimax Dual Barrier Creamy Toner palauttaa kuivan ja ohuen ihon: pehment\u00e4\u00e4, kosteuttaa ja ravitsee, vahvistaa ihon suojatoimintoja ja ehk\u00e4isee kuivumista ja hilseily\u00e4. Hienovaraisen kermainen kasvovesi imeytyy t\u00e4ydellisesti eik\u00e4 j\u00e4t\u00e4 tahmeaa tunnetta. Koostumus ei sis\u00e4ll\u00e4 synteettisi\u00e4 hajusteita. Vahvistaa epidermiksen lipidikerrosta ja parantaa ihon suojatoimintoa. Tuote vahvistaa hydrolipidikerrosta, v\u00e4hent\u00e4\u00e4 herkkyytt\u00e4 ulkoisille \u00e4rsykkeille, rauhoittaa kutinaa\u2026<\/p>","protected":false},"featured_media":14560,"comment_status":"open","ping_status":"closed","template":"","meta":{"_uf_show_specific_survey":0,"_uf_disable_surveys":false,"_bst_post_transparent":"default","_bst_post_title":"","_bst_post_layout":"default","_bst_post_sidebar_id":"","_bst_post_content_style":"default","_bst_post_vertical_padding":"default","_bst_post_feature":"","_bst_post_feature_position":"","_bst_post_header":false,"_bst_post_footer":false},"pwb-brand":[885],"product_brand":[],"product_cat":[92,158],"product_tag":[929,886,855],"class_list":{"0":"post-14559","1":"product","2":"type-product","3":"status-publish","4":"has-post-thumbnail","6":"pwb-brand-celimax","7":"product_cat-nagu","8":"product_cat-toonik","9":"product_tag-barrier","10":"product_tag-celimax","11":"product_tag-toner","13":"first","14":"outofstock","15":"sale","16":"shipping-taxable","17":"purchasable","18":"product-type-simple","19":"entry","20":"content-bg","21":"loop-entry"},"supplier_id":null,"supplier_sku":"","barcode":null,"atum_controlled":true,"out_stock_date":"2026-04-10 10:47:47","out_stock_threshold":null,"inheritable":false,"inbound_stock":0,"stock_on_hold":1,"sold_today":0,"sales_last_days":6,"out_stock_days":3,"lost_sales":9,"has_location":false,"update_date":"2026-04-14T00:05:14","atum_locations":[],"atum_stock_status":"outofstock","restock_status":false,"low_stock_amount":"","sales_update_date":"2026-04-14T00:05:14","calc_backorders":null,"yoast_head":"<!-- This site is optimized with the Yoast SEO plugin v27.2 - https:\/\/yoast.com\/product\/yoast-seo-wordpress\/ -->\n<title>Celimax Dual Barrier Creamy Toner, 150ml - IDA.KOREA<\/title>\n<meta name=\"description\" content=\"Toitev ja taastav toonik kuivale ja tundlikule nahale. Sisaldab 5 tseramiidi, Aquatide-peptiidi ja h\u00fcaluroonhapet. Niisutab ja tugevdab naha barj\u00e4\u00e4ri.\" \/>\n<meta name=\"robots\" content=\"index, follow, max-snippet:-1, max-image-preview:large, max-video-preview:-1\" \/>\n<link rel=\"canonical\" href=\"https:\/\/idakorea.ee\/fi\/product\/celimax-dual-barrier-creamy-toner-150ml\/\" \/>\n<meta property=\"og:locale\" content=\"fi_FI\" \/>\n<meta property=\"og:type\" content=\"article\" \/>\n<meta property=\"og:title\" content=\"Celimax Dual Barrier Creamy Toner, 150ml - IDA.KOREA\" \/>\n<meta property=\"og:description\" content=\"Toitev ja taastav toonik kuivale ja tundlikule nahale. Sisaldab 5 tseramiidi, Aquatide-peptiidi ja h\u00fcaluroonhapet. Niisutab ja tugevdab naha barj\u00e4\u00e4ri.\" \/>\n<meta property=\"og:url\" content=\"https:\/\/idakorea.ee\/fi\/product\/celimax-dual-barrier-creamy-toner-150ml\/\" \/>\n<meta property=\"og:site_name\" content=\"IDA.KOREA\" \/>\n<meta property=\"article:modified_time\" content=\"2026-04-13T15:30:58+00:00\" \/>\n<meta property=\"og:image\" content=\"https:\/\/idakorea.ee\/wp-content\/uploads\/2025\/06\/celimax-dual-barrier-creamy-toner_idakorea.jpg\" \/>\n\t<meta property=\"og:image:width\" content=\"1000\" \/>\n\t<meta property=\"og:image:height\" content=\"1000\" \/>\n\t<meta property=\"og:image:type\" content=\"image\/jpeg\" \/>\n<meta name=\"twitter:card\" content=\"summary_large_image\" \/>\n<meta name=\"twitter:label1\" content=\"Arvioitu lukuaika\" \/>\n\t<meta name=\"twitter:data1\" content=\"2 minuuttia\" \/>\n<script type=\"application\/ld+json\" class=\"yoast-schema-graph\">{\"@context\":\"https:\/\/schema.org\",\"@graph\":[{\"@type\":\"WebPage\",\"@id\":\"https:\/\/idakorea.ee\/product\/celimax-dual-barrier-creamy-toner-150ml\/\",\"url\":\"https:\/\/idakorea.ee\/product\/celimax-dual-barrier-creamy-toner-150ml\/\",\"name\":\"Celimax Dual Barrier Creamy Toner, 150ml - IDA.KOREA\",\"isPartOf\":{\"@id\":\"https:\/\/idakorea.ee\/#website\"},\"primaryImageOfPage\":{\"@id\":\"https:\/\/idakorea.ee\/product\/celimax-dual-barrier-creamy-toner-150ml\/#primaryimage\"},\"image\":{\"@id\":\"https:\/\/idakorea.ee\/product\/celimax-dual-barrier-creamy-toner-150ml\/#primaryimage\"},\"thumbnailUrl\":\"https:\/\/idakorea.ee\/wp-content\/uploads\/2025\/06\/celimax-dual-barrier-creamy-toner_idakorea.jpg\",\"datePublished\":\"2025-06-07T15:22:30+00:00\",\"dateModified\":\"2026-04-13T15:30:58+00:00\",\"description\":\"Toitev ja taastav toonik kuivale ja tundlikule nahale. Sisaldab 5 tseramiidi, Aquatide-peptiidi ja h\u00fcaluroonhapet. Niisutab ja tugevdab naha barj\u00e4\u00e4ri.\",\"breadcrumb\":{\"@id\":\"https:\/\/idakorea.ee\/product\/celimax-dual-barrier-creamy-toner-150ml\/#breadcrumb\"},\"inLanguage\":\"fi\",\"potentialAction\":[{\"@type\":\"ReadAction\",\"target\":[\"https:\/\/idakorea.ee\/product\/celimax-dual-barrier-creamy-toner-150ml\/\"]}]},{\"@type\":\"ImageObject\",\"inLanguage\":\"fi\",\"@id\":\"https:\/\/idakorea.ee\/product\/celimax-dual-barrier-creamy-toner-150ml\/#primaryimage\",\"url\":\"https:\/\/idakorea.ee\/wp-content\/uploads\/2025\/06\/celimax-dual-barrier-creamy-toner_idakorea.jpg\",\"contentUrl\":\"https:\/\/idakorea.ee\/wp-content\/uploads\/2025\/06\/celimax-dual-barrier-creamy-toner_idakorea.jpg\",\"width\":1000,\"height\":1000},{\"@type\":\"BreadcrumbList\",\"@id\":\"https:\/\/idakorea.ee\/product\/celimax-dual-barrier-creamy-toner-150ml\/#breadcrumb\",\"itemListElement\":[{\"@type\":\"ListItem\",\"position\":1,\"name\":\"\u0413\u043b\u0430\u0432\u043d\u0430\u044f \u0441\u0442\u0440\u0430\u043d\u0438\u0446\u0430\",\"item\":\"https:\/\/idakorea.ee\/\"},{\"@type\":\"ListItem\",\"position\":2,\"name\":\"Shop\",\"item\":\"https:\/\/idakorea.ee\/shop-2\/\"},{\"@type\":\"ListItem\",\"position\":3,\"name\":\"Kreemjas toonik Celimax Dual Barrier Creamy Toner, 150ml\"}]},{\"@type\":\"WebSite\",\"@id\":\"https:\/\/idakorea.ee\/#website\",\"url\":\"https:\/\/idakorea.ee\/\",\"name\":\"IDA.KOREA\",\"description\":\"Korea kosmeetika e-pood\",\"publisher\":{\"@id\":\"https:\/\/idakorea.ee\/#organization\"},\"alternateName\":\"Beauty Shop\",\"potentialAction\":[{\"@type\":\"SearchAction\",\"target\":{\"@type\":\"EntryPoint\",\"urlTemplate\":\"https:\/\/idakorea.ee\/?s={search_term_string}\"},\"query-input\":{\"@type\":\"PropertyValueSpecification\",\"valueRequired\":true,\"valueName\":\"search_term_string\"}}],\"inLanguage\":\"fi\"},{\"@type\":\"Organization\",\"@id\":\"https:\/\/idakorea.ee\/#organization\",\"name\":\"IDA.KOREA\",\"url\":\"https:\/\/idakorea.ee\/\",\"logo\":{\"@type\":\"ImageObject\",\"inLanguage\":\"fi\",\"@id\":\"https:\/\/idakorea.ee\/#\/schema\/logo\/image\/\",\"url\":\"https:\/\/idakorea.ee\/wp-content\/uploads\/2024\/05\/cropped-korea3.png\",\"contentUrl\":\"https:\/\/idakorea.ee\/wp-content\/uploads\/2024\/05\/cropped-korea3.png\",\"width\":688,\"height\":126,\"caption\":\"IDA.KOREA\"},\"image\":{\"@id\":\"https:\/\/idakorea.ee\/#\/schema\/logo\/image\/\"},\"sameAs\":[\"https:\/\/www.instagram.com\/ida.korea\/\"]}]}<\/script>\n<!-- \/ Yoast SEO plugin. -->","yoast_head_json":{"title":"Celimax Dual Barrier Creamy Toner, 150ml - IDA.KOREA","description":"Ravitseva ja uudistava kasvovesi kuivalle ja herk\u00e4lle iholle. Sis\u00e4lt\u00e4\u00e4 viitt\u00e4 keramidia, aquatidipeptidi\u00e4 ja hyaluronihappoa. Kosteuttaa ja vahvistaa ihon suojakerrosta.","robots":{"index":"index","follow":"follow","max-snippet":"max-snippet:-1","max-image-preview":"max-image-preview:large","max-video-preview":"max-video-preview:-1"},"canonical":"https:\/\/idakorea.ee\/fi\/product\/celimax-dual-barrier-creamy-toner-150ml\/","og_locale":"fi_FI","og_type":"article","og_title":"Celimax Dual Barrier Creamy Toner, 150ml - IDA.KOREA","og_description":"Toitev ja taastav toonik kuivale ja tundlikule nahale. Sisaldab 5 tseramiidi, Aquatide-peptiidi ja h\u00fcaluroonhapet. Niisutab ja tugevdab naha barj\u00e4\u00e4ri.","og_url":"https:\/\/idakorea.ee\/fi\/product\/celimax-dual-barrier-creamy-toner-150ml\/","og_site_name":"IDA.KOREA","article_modified_time":"2026-04-13T15:30:58+00:00","og_image":[{"width":1000,"height":1000,"url":"https:\/\/idakorea.ee\/wp-content\/uploads\/2025\/06\/celimax-dual-barrier-creamy-toner_idakorea.jpg","type":"image\/jpeg"}],"twitter_card":"summary_large_image","twitter_misc":{"Arvioitu lukuaika":"2 minuuttia"},"schema":{"@context":"https:\/\/schema.org","@graph":[{"@type":"WebPage","@id":"https:\/\/idakorea.ee\/product\/celimax-dual-barrier-creamy-toner-150ml\/","url":"https:\/\/idakorea.ee\/product\/celimax-dual-barrier-creamy-toner-150ml\/","name":"Celimax Dual Barrier Creamy Toner, 150ml - IDA.KOREA","isPartOf":{"@id":"https:\/\/idakorea.ee\/#website"},"primaryImageOfPage":{"@id":"https:\/\/idakorea.ee\/product\/celimax-dual-barrier-creamy-toner-150ml\/#primaryimage"},"image":{"@id":"https:\/\/idakorea.ee\/product\/celimax-dual-barrier-creamy-toner-150ml\/#primaryimage"},"thumbnailUrl":"https:\/\/idakorea.ee\/wp-content\/uploads\/2025\/06\/celimax-dual-barrier-creamy-toner_idakorea.jpg","datePublished":"2025-06-07T15:22:30+00:00","dateModified":"2026-04-13T15:30:58+00:00","description":"Ravitseva ja uudistava kasvovesi kuivalle ja herk\u00e4lle iholle. Sis\u00e4lt\u00e4\u00e4 viitt\u00e4 keramidia, aquatidipeptidi\u00e4 ja hyaluronihappoa. Kosteuttaa ja vahvistaa ihon suojakerrosta.","breadcrumb":{"@id":"https:\/\/idakorea.ee\/product\/celimax-dual-barrier-creamy-toner-150ml\/#breadcrumb"},"inLanguage":"fi","potentialAction":[{"@type":"ReadAction","target":["https:\/\/idakorea.ee\/product\/celimax-dual-barrier-creamy-toner-150ml\/"]}]},{"@type":"ImageObject","inLanguage":"fi","@id":"https:\/\/idakorea.ee\/product\/celimax-dual-barrier-creamy-toner-150ml\/#primaryimage","url":"https:\/\/idakorea.ee\/wp-content\/uploads\/2025\/06\/celimax-dual-barrier-creamy-toner_idakorea.jpg","contentUrl":"https:\/\/idakorea.ee\/wp-content\/uploads\/2025\/06\/celimax-dual-barrier-creamy-toner_idakorea.jpg","width":1000,"height":1000},{"@type":"BreadcrumbList","@id":"https:\/\/idakorea.ee\/product\/celimax-dual-barrier-creamy-toner-150ml\/#breadcrumb","itemListElement":[{"@type":"ListItem","position":1,"name":"\u0413\u043b\u0430\u0432\u043d\u0430\u044f \u0441\u0442\u0440\u0430\u043d\u0438\u0446\u0430","item":"https:\/\/idakorea.ee\/"},{"@type":"ListItem","position":2,"name":"Shop","item":"https:\/\/idakorea.ee\/shop-2\/"},{"@type":"ListItem","position":3,"name":"Kreemjas toonik Celimax Dual Barrier Creamy Toner, 150ml"}]},{"@type":"WebSite","@id":"https:\/\/idakorea.ee\/#website","url":"https:\/\/idakorea.ee\/","name":"IDA.KOREA","description":"Korean kosmetiikan verkkokauppa","publisher":{"@id":"https:\/\/idakorea.ee\/#organization"},"alternateName":"Beauty Shop","potentialAction":[{"@type":"SearchAction","target":{"@type":"EntryPoint","urlTemplate":"https:\/\/idakorea.ee\/?s={search_term_string}"},"query-input":{"@type":"PropertyValueSpecification","valueRequired":true,"valueName":"search_term_string"}}],"inLanguage":"fi"},{"@type":"Organization","@id":"https:\/\/idakorea.ee\/#organization","name":"IDA.KOREA","url":"https:\/\/idakorea.ee\/","logo":{"@type":"ImageObject","inLanguage":"fi","@id":"https:\/\/idakorea.ee\/#\/schema\/logo\/image\/","url":"https:\/\/idakorea.ee\/wp-content\/uploads\/2024\/05\/cropped-korea3.png","contentUrl":"https:\/\/idakorea.ee\/wp-content\/uploads\/2024\/05\/cropped-korea3.png","width":688,"height":126,"caption":"IDA.KOREA"},"image":{"@id":"https:\/\/idakorea.ee\/#\/schema\/logo\/image\/"},"sameAs":["https:\/\/www.instagram.com\/ida.korea\/"]}]}},"jetpack_sharing_enabled":true,"brands":[{"id":885,"name":"CELIMAX","slug":"celimax"}],"_links":{"self":[{"href":"https:\/\/idakorea.ee\/fi\/wp-json\/wp\/v2\/product\/14559","targetHints":{"allow":["GET"]}}],"collection":[{"href":"https:\/\/idakorea.ee\/fi\/wp-json\/wp\/v2\/product"}],"about":[{"href":"https:\/\/idakorea.ee\/fi\/wp-json\/wp\/v2\/types\/product"}],"replies":[{"embeddable":true,"href":"https:\/\/idakorea.ee\/fi\/wp-json\/wp\/v2\/comments?post=14559"}],"version-history":[{"count":1,"href":"https:\/\/idakorea.ee\/fi\/wp-json\/wp\/v2\/product\/14559\/revisions"}],"predecessor-version":[{"id":14564,"href":"https:\/\/idakorea.ee\/fi\/wp-json\/wp\/v2\/product\/14559\/revisions\/14564"}],"wp:featuredmedia":[{"embeddable":true,"href":"https:\/\/idakorea.ee\/fi\/wp-json\/wp\/v2\/media\/14560"}],"wp:attachment":[{"href":"https:\/\/idakorea.ee\/fi\/wp-json\/wp\/v2\/media?parent=14559"}],"wp:term":[{"taxonomy":"pwb-brand","embeddable":true,"href":"https:\/\/idakorea.ee\/fi\/wp-json\/wp\/v2\/pwb-brand?post=14559"},{"taxonomy":"product_brand","embeddable":true,"href":"https:\/\/idakorea.ee\/fi\/wp-json\/wp\/v2\/product_brand?post=14559"},{"taxonomy":"product_cat","embeddable":true,"href":"https:\/\/idakorea.ee\/fi\/wp-json\/wp\/v2\/product_cat?post=14559"},{"taxonomy":"product_tag","embeddable":true,"href":"https:\/\/idakorea.ee\/fi\/wp-json\/wp\/v2\/product_tag?post=14559"}],"curies":[{"name":"wp","href":"https:\/\/api.w.org\/{rel}","templated":true}]}}