{"id":14565,"date":"2025-06-07T18:38:30","date_gmt":"2025-06-07T15:38:30","guid":{"rendered":"https:\/\/idakorea.ee\/?post_type=product&#038;p=14565"},"modified":"2026-02-02T23:49:50","modified_gmt":"2026-02-02T21:49:50","slug":"dearklairs-rich-moist-soothing-serum-80ml","status":"publish","type":"product","link":"https:\/\/idakorea.ee\/fi\/product\/dearklairs-rich-moist-soothing-serum-80ml\/","title":{"rendered":"Dear,Klairs Rich Moist Soothing Serum, 80ml"},"content":{"rendered":"<p>Seerumi sitoo ja s\u00e4ilytt\u00e4\u00e4 kosteutta ihossa poistaen kuivumista, kireytt\u00e4 ja hilseily\u00e4. S\u00e4\u00e4nn\u00f6llisesti k\u00e4ytettyn\u00e4 ihosta tulee vahvempi sis\u00e4lt\u00e4p\u00e4in, sile\u00e4mpi ja visuaalisesti nuorekkaampi ja kirkkaampi.<\/p>\n<p>Seerumilla on geelim\u00e4inen koostumus, se levittyy helposti iholle, imeytyy nopeasti ja antaa iholle v\u00e4litt\u00f6m\u00e4sti sileytt\u00e4, kimmoisuutta ja pehmeytt\u00e4.<\/p>\n<p><strong>T\u00e4rkeimm\u00e4t vaikuttavat aineet:<\/strong><\/p>\n<ul>\n<li><strong>Centella Asiatica -uute<\/strong> \u2013 kosteuttaa, rauhoittaa ja v\u00e4hent\u00e4\u00e4 tulehdusta.<\/li>\n<li><strong>Lakritsinjuuriuute<\/strong> \u2013 auttaa h\u00e4ivytt\u00e4m\u00e4\u00e4n aknearpia ja muuta ei-toivottua pigmenttimuutosta, tasoittaa ihon s\u00e4vy\u00e4 ja parantaa ihonv\u00e4ri\u00e4.<\/li>\n<li><strong>Pantenoli (B5-vitamiini)<\/strong> \u2013 kosteuttaa, rauhoittaa ja silottaa ihoa, nopeuttaa paranemista.<\/li>\n<li><strong>Arginia<\/strong> \u2013 sill\u00e4 on uudistava ja haavaumia parantava vaikutus.<\/li>\n<li><strong>Beetaglukaani<\/strong> \u2013 kauran luonnollinen polysakkaridi, vahvistaa ihon vastustuskyky\u00e4, omaa antioksidanttisia vaikutuksia, suojaa ja korjaa vaurioitunutta ihoa sek\u00e4 ehk\u00e4isee ennenaikaista ik\u00e4\u00e4ntymist\u00e4.<\/li>\n<li><strong>Laventeliuute<\/strong> \u2013 desinfioi, rauhoittaa ja auttaa tulehduksiin.<\/li>\n<li><strong>Eukalyptus\u00f6ljy<\/strong> \u2013 antiseptinen ja tulehdusta est\u00e4v\u00e4, tasapainottaa talirauhasten erityst\u00e4.<\/li>\n<li><strong>Appelsiini- ja sitruuna\u00f6ljyt<\/strong> \u2013 supistaa ihohuokosia, kuorii hell\u00e4varaisesti ja tasoittaa ihon s\u00e4vy\u00e4.<\/li>\n<li><strong>Portulakan uute<\/strong> \u2013 rauhoittaa, v\u00e4hent\u00e4\u00e4 punoitusta ja \u00e4rsytyst\u00e4.<\/li>\n<li><strong>Porkkana-, riisi- ja tomaattiuutteet<\/strong> \u2013 antaa iholle luonnollisen hehkun ja parantaa ihonv\u00e4ri\u00e4 tehden siit\u00e4 kirkkaan, raikkaan ja terveen.<\/li>\n<\/ul>\n<p>Tuote ei sis\u00e4ll\u00e4 silikoneja, parabeeneja tai mineraali\u00f6ljyj\u00e4, ja sen koostumus on t\u00e4ysin turvallinen ja luonnollinen.<\/p>\n<p>&nbsp;<\/p>\n<p>Sopii kaikille ihotyypeille.<\/p>\n<p><strong>K\u00e4ytt\u00f6:<\/strong> Levit\u00e4 seerumia kasvoille puhdistuksen ja kasvoveden j\u00e4lkeen. Sopii p\u00e4ivitt\u00e4iseen k\u00e4ytt\u00f6\u00f6n aamuin illoin.<\/p>\n<p>&nbsp;<\/p>","protected":false},"excerpt":{"rendered":"<p>Seerumi sitoo ja s\u00e4ilytt\u00e4\u00e4 kosteutta ihossa, poistaa kuivumista, kireytt\u00e4 ja hilseily\u00e4. S\u00e4\u00e4nn\u00f6llisesti k\u00e4ytettyn\u00e4 ihosta tulee vahvempi sis\u00e4lt\u00e4p\u00e4in, sile\u00e4mpi ja visuaalisesti nuorempi ja kirkkaampi. Seerumilla on geelim\u00e4inen koostumus, se levittyy helposti iholle, imeytyy nopeasti ja antaa iholle v\u00e4litt\u00f6m\u00e4sti sileytt\u00e4, kimmoisuutta ja pehmeytt\u00e4. T\u00e4rkeimm\u00e4t vaikuttavat aineosat: aasialainen centella-uute \u2013 kosteuttaa, rauhoittaa ja v\u00e4hent\u00e4\u00e4 tulehdusta\u2026.<\/p>","protected":false},"featured_media":14566,"comment_status":"open","ping_status":"closed","template":"","meta":{"_uf_show_specific_survey":0,"_uf_disable_surveys":false,"_bst_post_transparent":"default","_bst_post_title":"","_bst_post_layout":"default","_bst_post_sidebar_id":"","_bst_post_content_style":"default","_bst_post_vertical_padding":"default","_bst_post_feature":"","_bst_post_feature_position":"","_bst_post_header":false,"_bst_post_footer":false},"pwb-brand":[891],"product_brand":[],"product_cat":[92,97],"product_tag":[931,930,635],"class_list":{"0":"post-14565","1":"product","2":"type-product","3":"status-publish","4":"has-post-thumbnail","6":"pwb-brand-dear","7":"product_cat-nagu","8":"product_cat-naoseerumid-ja-olid","9":"product_tag-dry","10":"product_tag-moist","11":"product_tag-serum","13":"first","14":"instock","15":"sale","16":"shipping-taxable","17":"purchasable","18":"product-type-simple","19":"entry","20":"content-bg","21":"loop-entry"},"supplier_id":null,"supplier_sku":"","barcode":null,"atum_controlled":true,"out_stock_date":null,"out_stock_threshold":null,"inheritable":false,"inbound_stock":0,"stock_on_hold":0,"sold_today":0,"sales_last_days":0,"out_stock_days":0,"lost_sales":0,"has_location":false,"update_date":"2026-04-14T00:05:05","atum_locations":[],"atum_stock_status":"instock","restock_status":false,"low_stock_amount":"","sales_update_date":"2026-04-14T00:05:04","calc_backorders":null,"yoast_head":"<!-- This site is optimized with the Yoast SEO plugin v27.2 - https:\/\/yoast.com\/product\/yoast-seo-wordpress\/ -->\n<title>Dear,Klairs Rich Moist Soothing Serum, 80ml - IDA.KOREA<\/title>\n<meta name=\"description\" content=\"S\u00fcgavniisutav ja rahustav seerum k\u00f5ikidele nahat\u00fc\u00fcpidele. Taastab niiskustasakaalu, silub ja rahustab nahka. Ilma parabeenide ja silikoonideta.\" \/>\n<meta name=\"robots\" content=\"index, follow, max-snippet:-1, max-image-preview:large, max-video-preview:-1\" \/>\n<link rel=\"canonical\" href=\"https:\/\/idakorea.ee\/fi\/product\/dearklairs-rich-moist-soothing-serum-80ml\/\" \/>\n<meta property=\"og:locale\" content=\"fi_FI\" \/>\n<meta property=\"og:type\" content=\"article\" \/>\n<meta property=\"og:title\" content=\"Dear,Klairs Rich Moist Soothing Serum, 80ml - IDA.KOREA\" \/>\n<meta property=\"og:description\" content=\"S\u00fcgavniisutav ja rahustav seerum k\u00f5ikidele nahat\u00fc\u00fcpidele. Taastab niiskustasakaalu, silub ja rahustab nahka. Ilma parabeenide ja silikoonideta.\" \/>\n<meta property=\"og:url\" content=\"https:\/\/idakorea.ee\/fi\/product\/dearklairs-rich-moist-soothing-serum-80ml\/\" \/>\n<meta property=\"og:site_name\" content=\"IDA.KOREA\" \/>\n<meta property=\"article:modified_time\" content=\"2026-02-02T21:49:50+00:00\" \/>\n<meta property=\"og:image\" content=\"https:\/\/idakorea.ee\/wp-content\/uploads\/2025\/06\/dear-klairs-rich-moist-soothing-serum-idakorea.ee_.jpg\" \/>\n\t<meta property=\"og:image:width\" content=\"1024\" \/>\n\t<meta property=\"og:image:height\" content=\"1024\" \/>\n\t<meta property=\"og:image:type\" content=\"image\/jpeg\" \/>\n<meta name=\"twitter:card\" content=\"summary_large_image\" \/>\n<meta name=\"twitter:label1\" content=\"Arvioitu lukuaika\" \/>\n\t<meta name=\"twitter:data1\" content=\"2 minuuttia\" \/>\n<script type=\"application\/ld+json\" class=\"yoast-schema-graph\">{\"@context\":\"https:\/\/schema.org\",\"@graph\":[{\"@type\":\"WebPage\",\"@id\":\"https:\/\/idakorea.ee\/product\/dearklairs-rich-moist-soothing-serum-80ml\/\",\"url\":\"https:\/\/idakorea.ee\/product\/dearklairs-rich-moist-soothing-serum-80ml\/\",\"name\":\"Dear,Klairs Rich Moist Soothing Serum, 80ml - IDA.KOREA\",\"isPartOf\":{\"@id\":\"https:\/\/idakorea.ee\/#website\"},\"primaryImageOfPage\":{\"@id\":\"https:\/\/idakorea.ee\/product\/dearklairs-rich-moist-soothing-serum-80ml\/#primaryimage\"},\"image\":{\"@id\":\"https:\/\/idakorea.ee\/product\/dearklairs-rich-moist-soothing-serum-80ml\/#primaryimage\"},\"thumbnailUrl\":\"https:\/\/idakorea.ee\/wp-content\/uploads\/2025\/06\/dear-klairs-rich-moist-soothing-serum-idakorea.ee_.jpg\",\"datePublished\":\"2025-06-07T15:38:30+00:00\",\"dateModified\":\"2026-02-02T21:49:50+00:00\",\"description\":\"S\u00fcgavniisutav ja rahustav seerum k\u00f5ikidele nahat\u00fc\u00fcpidele. Taastab niiskustasakaalu, silub ja rahustab nahka. Ilma parabeenide ja silikoonideta.\",\"breadcrumb\":{\"@id\":\"https:\/\/idakorea.ee\/product\/dearklairs-rich-moist-soothing-serum-80ml\/#breadcrumb\"},\"inLanguage\":\"fi\",\"potentialAction\":[{\"@type\":\"ReadAction\",\"target\":[\"https:\/\/idakorea.ee\/product\/dearklairs-rich-moist-soothing-serum-80ml\/\"]}]},{\"@type\":\"ImageObject\",\"inLanguage\":\"fi\",\"@id\":\"https:\/\/idakorea.ee\/product\/dearklairs-rich-moist-soothing-serum-80ml\/#primaryimage\",\"url\":\"https:\/\/idakorea.ee\/wp-content\/uploads\/2025\/06\/dear-klairs-rich-moist-soothing-serum-idakorea.ee_.jpg\",\"contentUrl\":\"https:\/\/idakorea.ee\/wp-content\/uploads\/2025\/06\/dear-klairs-rich-moist-soothing-serum-idakorea.ee_.jpg\",\"width\":1024,\"height\":1024},{\"@type\":\"BreadcrumbList\",\"@id\":\"https:\/\/idakorea.ee\/product\/dearklairs-rich-moist-soothing-serum-80ml\/#breadcrumb\",\"itemListElement\":[{\"@type\":\"ListItem\",\"position\":1,\"name\":\"\u0413\u043b\u0430\u0432\u043d\u0430\u044f \u0441\u0442\u0440\u0430\u043d\u0438\u0446\u0430\",\"item\":\"https:\/\/idakorea.ee\/\"},{\"@type\":\"ListItem\",\"position\":2,\"name\":\"Shop\",\"item\":\"https:\/\/idakorea.ee\/shop-2\/\"},{\"@type\":\"ListItem\",\"position\":3,\"name\":\"S\u00fcgavniisutav seerum Dear,Klairs Rich Moist Soothing Serum, 80ml\"}]},{\"@type\":\"WebSite\",\"@id\":\"https:\/\/idakorea.ee\/#website\",\"url\":\"https:\/\/idakorea.ee\/\",\"name\":\"IDA.KOREA\",\"description\":\"Korea kosmeetika e-pood\",\"publisher\":{\"@id\":\"https:\/\/idakorea.ee\/#organization\"},\"alternateName\":\"Beauty Shop\",\"potentialAction\":[{\"@type\":\"SearchAction\",\"target\":{\"@type\":\"EntryPoint\",\"urlTemplate\":\"https:\/\/idakorea.ee\/?s={search_term_string}\"},\"query-input\":{\"@type\":\"PropertyValueSpecification\",\"valueRequired\":true,\"valueName\":\"search_term_string\"}}],\"inLanguage\":\"fi\"},{\"@type\":\"Organization\",\"@id\":\"https:\/\/idakorea.ee\/#organization\",\"name\":\"IDA.KOREA\",\"url\":\"https:\/\/idakorea.ee\/\",\"logo\":{\"@type\":\"ImageObject\",\"inLanguage\":\"fi\",\"@id\":\"https:\/\/idakorea.ee\/#\/schema\/logo\/image\/\",\"url\":\"https:\/\/idakorea.ee\/wp-content\/uploads\/2024\/05\/cropped-korea3.png\",\"contentUrl\":\"https:\/\/idakorea.ee\/wp-content\/uploads\/2024\/05\/cropped-korea3.png\",\"width\":688,\"height\":126,\"caption\":\"IDA.KOREA\"},\"image\":{\"@id\":\"https:\/\/idakorea.ee\/#\/schema\/logo\/image\/\"},\"sameAs\":[\"https:\/\/www.instagram.com\/ida.korea\/\"]}]}<\/script>\n<!-- \/ Yoast SEO plugin. -->","yoast_head_json":{"title":"Klairs Rich Moist Soothing Serum, 80ml - IDA.KOREA","description":"Syv\u00e4kosteuttava ja rauhoittava seerumi kaikille ihotyypeille. Palauttaa kosteustasapainon, silottaa ja rauhoittaa ihoa. Ei sis\u00e4ll\u00e4 parabeeneja eik\u00e4 silikoneja.","robots":{"index":"index","follow":"follow","max-snippet":"max-snippet:-1","max-image-preview":"max-image-preview:large","max-video-preview":"max-video-preview:-1"},"canonical":"https:\/\/idakorea.ee\/fi\/product\/dearklairs-rich-moist-soothing-serum-80ml\/","og_locale":"fi_FI","og_type":"article","og_title":"Dear,Klairs Rich Moist Soothing Serum, 80ml - IDA.KOREA","og_description":"S\u00fcgavniisutav ja rahustav seerum k\u00f5ikidele nahat\u00fc\u00fcpidele. Taastab niiskustasakaalu, silub ja rahustab nahka. Ilma parabeenide ja silikoonideta.","og_url":"https:\/\/idakorea.ee\/fi\/product\/dearklairs-rich-moist-soothing-serum-80ml\/","og_site_name":"IDA.KOREA","article_modified_time":"2026-02-02T21:49:50+00:00","og_image":[{"width":1024,"height":1024,"url":"https:\/\/idakorea.ee\/wp-content\/uploads\/2025\/06\/dear-klairs-rich-moist-soothing-serum-idakorea.ee_.jpg","type":"image\/jpeg"}],"twitter_card":"summary_large_image","twitter_misc":{"Arvioitu lukuaika":"2 minuuttia"},"schema":{"@context":"https:\/\/schema.org","@graph":[{"@type":"WebPage","@id":"https:\/\/idakorea.ee\/product\/dearklairs-rich-moist-soothing-serum-80ml\/","url":"https:\/\/idakorea.ee\/product\/dearklairs-rich-moist-soothing-serum-80ml\/","name":"Klairs Rich Moist Soothing Serum, 80ml - IDA.KOREA","isPartOf":{"@id":"https:\/\/idakorea.ee\/#website"},"primaryImageOfPage":{"@id":"https:\/\/idakorea.ee\/product\/dearklairs-rich-moist-soothing-serum-80ml\/#primaryimage"},"image":{"@id":"https:\/\/idakorea.ee\/product\/dearklairs-rich-moist-soothing-serum-80ml\/#primaryimage"},"thumbnailUrl":"https:\/\/idakorea.ee\/wp-content\/uploads\/2025\/06\/dear-klairs-rich-moist-soothing-serum-idakorea.ee_.jpg","datePublished":"2025-06-07T15:38:30+00:00","dateModified":"2026-02-02T21:49:50+00:00","description":"Syv\u00e4kosteuttava ja rauhoittava seerumi kaikille ihotyypeille. Palauttaa kosteustasapainon, silottaa ja rauhoittaa ihoa. Ei sis\u00e4ll\u00e4 parabeeneja eik\u00e4 silikoneja.","breadcrumb":{"@id":"https:\/\/idakorea.ee\/product\/dearklairs-rich-moist-soothing-serum-80ml\/#breadcrumb"},"inLanguage":"fi","potentialAction":[{"@type":"ReadAction","target":["https:\/\/idakorea.ee\/product\/dearklairs-rich-moist-soothing-serum-80ml\/"]}]},{"@type":"ImageObject","inLanguage":"fi","@id":"https:\/\/idakorea.ee\/product\/dearklairs-rich-moist-soothing-serum-80ml\/#primaryimage","url":"https:\/\/idakorea.ee\/wp-content\/uploads\/2025\/06\/dear-klairs-rich-moist-soothing-serum-idakorea.ee_.jpg","contentUrl":"https:\/\/idakorea.ee\/wp-content\/uploads\/2025\/06\/dear-klairs-rich-moist-soothing-serum-idakorea.ee_.jpg","width":1024,"height":1024},{"@type":"BreadcrumbList","@id":"https:\/\/idakorea.ee\/product\/dearklairs-rich-moist-soothing-serum-80ml\/#breadcrumb","itemListElement":[{"@type":"ListItem","position":1,"name":"\u0413\u043b\u0430\u0432\u043d\u0430\u044f \u0441\u0442\u0440\u0430\u043d\u0438\u0446\u0430","item":"https:\/\/idakorea.ee\/"},{"@type":"ListItem","position":2,"name":"Shop","item":"https:\/\/idakorea.ee\/shop-2\/"},{"@type":"ListItem","position":3,"name":"S\u00fcgavniisutav seerum Dear,Klairs Rich Moist Soothing Serum, 80ml"}]},{"@type":"WebSite","@id":"https:\/\/idakorea.ee\/#website","url":"https:\/\/idakorea.ee\/","name":"IDA.KOREA","description":"Korean kosmetiikan verkkokauppa","publisher":{"@id":"https:\/\/idakorea.ee\/#organization"},"alternateName":"Beauty Shop","potentialAction":[{"@type":"SearchAction","target":{"@type":"EntryPoint","urlTemplate":"https:\/\/idakorea.ee\/?s={search_term_string}"},"query-input":{"@type":"PropertyValueSpecification","valueRequired":true,"valueName":"search_term_string"}}],"inLanguage":"fi"},{"@type":"Organization","@id":"https:\/\/idakorea.ee\/#organization","name":"IDA.KOREA","url":"https:\/\/idakorea.ee\/","logo":{"@type":"ImageObject","inLanguage":"fi","@id":"https:\/\/idakorea.ee\/#\/schema\/logo\/image\/","url":"https:\/\/idakorea.ee\/wp-content\/uploads\/2024\/05\/cropped-korea3.png","contentUrl":"https:\/\/idakorea.ee\/wp-content\/uploads\/2024\/05\/cropped-korea3.png","width":688,"height":126,"caption":"IDA.KOREA"},"image":{"@id":"https:\/\/idakorea.ee\/#\/schema\/logo\/image\/"},"sameAs":["https:\/\/www.instagram.com\/ida.korea\/"]}]}},"jetpack_sharing_enabled":true,"brands":[{"id":891,"name":"DEAR, KLAIRS","slug":"dear"}],"_links":{"self":[{"href":"https:\/\/idakorea.ee\/fi\/wp-json\/wp\/v2\/product\/14565","targetHints":{"allow":["GET"]}}],"collection":[{"href":"https:\/\/idakorea.ee\/fi\/wp-json\/wp\/v2\/product"}],"about":[{"href":"https:\/\/idakorea.ee\/fi\/wp-json\/wp\/v2\/types\/product"}],"replies":[{"embeddable":true,"href":"https:\/\/idakorea.ee\/fi\/wp-json\/wp\/v2\/comments?post=14565"}],"version-history":[{"count":2,"href":"https:\/\/idakorea.ee\/fi\/wp-json\/wp\/v2\/product\/14565\/revisions"}],"predecessor-version":[{"id":17120,"href":"https:\/\/idakorea.ee\/fi\/wp-json\/wp\/v2\/product\/14565\/revisions\/17120"}],"wp:featuredmedia":[{"embeddable":true,"href":"https:\/\/idakorea.ee\/fi\/wp-json\/wp\/v2\/media\/14566"}],"wp:attachment":[{"href":"https:\/\/idakorea.ee\/fi\/wp-json\/wp\/v2\/media?parent=14565"}],"wp:term":[{"taxonomy":"pwb-brand","embeddable":true,"href":"https:\/\/idakorea.ee\/fi\/wp-json\/wp\/v2\/pwb-brand?post=14565"},{"taxonomy":"product_brand","embeddable":true,"href":"https:\/\/idakorea.ee\/fi\/wp-json\/wp\/v2\/product_brand?post=14565"},{"taxonomy":"product_cat","embeddable":true,"href":"https:\/\/idakorea.ee\/fi\/wp-json\/wp\/v2\/product_cat?post=14565"},{"taxonomy":"product_tag","embeddable":true,"href":"https:\/\/idakorea.ee\/fi\/wp-json\/wp\/v2\/product_tag?post=14565"}],"curies":[{"name":"wp","href":"https:\/\/api.w.org\/{rel}","templated":true}]}}