{"id":14605,"date":"2025-06-12T09:56:22","date_gmt":"2025-06-12T06:56:22","guid":{"rendered":"https:\/\/idakorea.ee\/?post_type=product&#038;p=14605"},"modified":"2026-04-11T16:30:44","modified_gmt":"2026-04-11T14:30:44","slug":"haruharu-wonder-black-rice-moisture-airyfit-spf50-pa-50ml","status":"publish","type":"product","link":"https:\/\/idakorea.ee\/fi\/product\/haruharu-wonder-black-rice-moisture-airyfit-spf50-pa-50ml\/","title":{"rendered":"Kevyt kosteuttava aurinkovoide Haruharu Wonder Black Rice Moisture Airyfit SPF50+ PA++++, 50ml"},"content":{"rendered":"<p>Kevyt kosteuttava aurinkosuojavoide<strong> Branch Wonder mustan riisin kosteusvoide Airyfit SPF50+ PA++++<\/strong> J\u00e4tt\u00e4\u00e4 silkkisen pinnan ilman valkoista j\u00e4\u00e4m\u00e4\u00e4 ja tahmeutta. Rauhoittaa t\u00e4ydellisesti auringon \u00e4rtym\u00e4\u00e4 ihoa, ehk\u00e4isee kuivuutta ja kireyden tunnetta. Uuden sukupolven kemialliset suodattimet suojaavat luotettavasti UV-s\u00e4teilyn aggressiivisilta vaikutuksilta, est\u00e4v\u00e4t melaniinisynteesi\u00e4 ja ehk\u00e4isev\u00e4t ik\u00e4l\u00e4iskien muodostumista. Tuntuu miellytt\u00e4v\u00e4lt\u00e4 iholla koko p\u00e4iv\u00e4n eik\u00e4 py\u00f6rittele.<\/p>\n<p><strong>T\u00e4rkeimm\u00e4t vaikuttavat aineet:<\/strong><\/p>\n<ul>\n<li><strong>Mustan riisin uute<\/strong> \u2013 vahva antioksidantti, neutraloi vapaiden radikaalien vaikutuksia, parantaa ihonv\u00e4ri\u00e4 ja kiinteytt\u00e4\u00e4 ihoa. V\u00e4hent\u00e4\u00e4 solujen oksidatiivisia prosesseja ja pident\u00e4\u00e4 ihon nuorekkuutta.<\/li>\n<li><strong>Kummeliekstrakt<\/strong> \u2013 rauhoittaa, lievitt\u00e4\u00e4 \u00e4rsytyst\u00e4 ja punoitusta, nopeuttaa ihon uudistumista. Parantaa muiden vaikuttavien aineiden imeytymist\u00e4.<\/li>\n<li><strong>Keramidit<\/strong> \u2013 palauttavat ja vahvistavat ihon suojakerrosta, parantavat kosteustasapainoa ja suojaavat kuivumiselta. Vaikuttavat nuorentavasti.<\/li>\n<li><strong>Houttuynia-uute<\/strong> \u2013 sill\u00e4 on voimakas tulehdusta est\u00e4v\u00e4 ja parantava vaikutus. Rauhoittaa ihoa, v\u00e4hent\u00e4\u00e4 tulehdusta ja \u00e4rsytyst\u00e4.<\/li>\n<li><strong>Moringa\u00f6ljy<\/strong> \u2013 antioksidantti, suojaa ymp\u00e4rist\u00f6n vaikutuksilta ja vapailta radikaaleilta, rauhoittaa.<\/li>\n<li><strong>Auringonkukka\u00f6ljy<\/strong> \u2013 sis\u00e4lt\u00e4\u00e4 E-vitamiinia (tokoferolia), A-, B-, D- ja E-vitamiineja, mineraaleja, proteiineja, tanniineja ja rasvahappoja. Rauhoittaa ja edist\u00e4\u00e4 ihon uusiutumista.<\/li>\n<\/ul>\n<p>&nbsp;<\/p>\n<p>Sopii kuivalle, normaalille ja sekaiholle.<\/p>\n<p><strong>K\u00e4ytt\u00f6:<\/strong><br \/>\nP\u00e4ivitt\u00e4isen ihonhoidon viimeisen vaiheen j\u00e4lkeen levit\u00e4 noin 1,2 ml voidetta kasvoille ja kaulalle. Levit\u00e4 uudelleen 2\u20133 tunnin v\u00e4lein, jos olet auringossa (esim. rannalla).<\/p>\n<p>&nbsp;<\/p>","protected":false},"excerpt":{"rendered":"<p>Kevyt kosteuttava aurinkovoide Haruharu Wonder Black Rice Moisture Airyfit SPF50+ PA++++ j\u00e4tt\u00e4\u00e4 silkkisen pinnan ilman valkoisia j\u00e4lki\u00e4 ja tahmeutta. Rauhoittaa t\u00e4ydellisesti auringon \u00e4rtym\u00e4\u00e4 ihoa, ehk\u00e4isee kuivuutta ja kirist\u00e4v\u00e4n tunteen tunnetta. Uuden sukupolven kemialliset suodattimet suojaavat luotettavasti UV-s\u00e4teilyn aggressiivisilta vaikutuksilta, est\u00e4v\u00e4t melaniinisynteesi\u00e4 ja ehk\u00e4isev\u00e4t ik\u00e4l\u00e4iskien muodostumista. Tuntuu miellytt\u00e4v\u00e4lt\u00e4 iholla koko p\u00e4iv\u00e4n eik\u00e4\u2026<\/p>","protected":false},"featured_media":14606,"comment_status":"open","ping_status":"closed","template":"","meta":{"_uf_show_specific_survey":0,"_uf_disable_surveys":false,"_bst_post_transparent":"default","_bst_post_title":"","_bst_post_layout":"default","_bst_post_sidebar_id":"","_bst_post_content_style":"default","_bst_post_vertical_padding":"default","_bst_post_feature":"","_bst_post_feature_position":"","_bst_post_header":false,"_bst_post_footer":false},"pwb-brand":[763],"product_brand":[],"product_cat":[92,101],"product_tag":[864,935],"class_list":{"0":"post-14605","1":"product","2":"type-product","3":"status-publish","4":"has-post-thumbnail","6":"pwb-brand-haruharu-wonder","7":"product_cat-nagu","8":"product_cat-paikesekaitse","9":"product_tag-spf","10":"product_tag-sunscreen","12":"first","13":"instock","14":"sale","15":"shipping-taxable","16":"purchasable","17":"product-type-simple","18":"entry","19":"content-bg","20":"loop-entry"},"supplier_id":null,"supplier_sku":"","barcode":null,"atum_controlled":true,"out_stock_date":null,"out_stock_threshold":null,"inheritable":false,"inbound_stock":0,"stock_on_hold":0,"sold_today":0,"sales_last_days":0,"out_stock_days":0,"lost_sales":0,"has_location":false,"update_date":"2026-04-14T00:05:12","atum_locations":[],"atum_stock_status":"instock","restock_status":false,"low_stock_amount":"","sales_update_date":"2026-04-14T00:05:12","calc_backorders":null,"yoast_head":"<!-- This site is optimized with the Yoast SEO plugin v27.2 - https:\/\/yoast.com\/product\/yoast-seo-wordpress\/ -->\n<title>Haruharu Wonder Black Rice Moisture Airyfit SPF50+ PA++++, 50ml - IDA.KOREA<\/title>\n<meta name=\"description\" content=\"Kerge SPF50+ p\u00e4ikesekaitsekreem Haruharu Wonder niisutab, kaitseb pigmentatsiooni eest ja rahustab p\u00e4ikese k\u00e4es \u00e4rritunud nahka. Sobib kuivale ja normaalsele nahale.\" \/>\n<meta name=\"robots\" content=\"index, follow, max-snippet:-1, max-image-preview:large, max-video-preview:-1\" \/>\n<link rel=\"canonical\" href=\"https:\/\/idakorea.ee\/fi\/product\/haruharu-wonder-black-rice-moisture-airyfit-spf50-pa-50ml\/\" \/>\n<meta property=\"og:locale\" content=\"fi_FI\" \/>\n<meta property=\"og:type\" content=\"article\" \/>\n<meta property=\"og:title\" content=\"Haruharu Wonder Black Rice Moisture Airyfit SPF50+ PA++++, 50ml - IDA.KOREA\" \/>\n<meta property=\"og:description\" content=\"Kerge SPF50+ p\u00e4ikesekaitsekreem Haruharu Wonder niisutab, kaitseb pigmentatsiooni eest ja rahustab p\u00e4ikese k\u00e4es \u00e4rritunud nahka. Sobib kuivale ja normaalsele nahale.\" \/>\n<meta property=\"og:url\" content=\"https:\/\/idakorea.ee\/fi\/product\/haruharu-wonder-black-rice-moisture-airyfit-spf50-pa-50ml\/\" \/>\n<meta property=\"og:site_name\" content=\"IDA.KOREA\" \/>\n<meta property=\"article:modified_time\" content=\"2026-04-11T14:30:44+00:00\" \/>\n<meta property=\"og:image\" content=\"https:\/\/idakorea.ee\/wp-content\/uploads\/2025\/06\/haruharu-wonder-black-rice-moisture-airyfit-spf50-idakorea.jpg\" \/>\n\t<meta property=\"og:image:width\" content=\"1000\" \/>\n\t<meta property=\"og:image:height\" content=\"1000\" \/>\n\t<meta property=\"og:image:type\" content=\"image\/jpeg\" \/>\n<meta name=\"twitter:card\" content=\"summary_large_image\" \/>\n<meta name=\"twitter:label1\" content=\"Arvioitu lukuaika\" \/>\n\t<meta name=\"twitter:data1\" content=\"2 minuuttia\" \/>\n<script type=\"application\/ld+json\" class=\"yoast-schema-graph\">{\"@context\":\"https:\/\/schema.org\",\"@graph\":[{\"@type\":\"WebPage\",\"@id\":\"https:\/\/idakorea.ee\/product\/haruharu-wonder-black-rice-moisture-airyfit-spf50-pa-50ml\/\",\"url\":\"https:\/\/idakorea.ee\/product\/haruharu-wonder-black-rice-moisture-airyfit-spf50-pa-50ml\/\",\"name\":\"Haruharu Wonder Black Rice Moisture Airyfit SPF50+ PA++++, 50ml - IDA.KOREA\",\"isPartOf\":{\"@id\":\"https:\/\/idakorea.ee\/#website\"},\"primaryImageOfPage\":{\"@id\":\"https:\/\/idakorea.ee\/product\/haruharu-wonder-black-rice-moisture-airyfit-spf50-pa-50ml\/#primaryimage\"},\"image\":{\"@id\":\"https:\/\/idakorea.ee\/product\/haruharu-wonder-black-rice-moisture-airyfit-spf50-pa-50ml\/#primaryimage\"},\"thumbnailUrl\":\"https:\/\/idakorea.ee\/wp-content\/uploads\/2025\/06\/haruharu-wonder-black-rice-moisture-airyfit-spf50-idakorea.jpg\",\"datePublished\":\"2025-06-12T06:56:22+00:00\",\"dateModified\":\"2026-04-11T14:30:44+00:00\",\"description\":\"Kerge SPF50+ p\u00e4ikesekaitsekreem Haruharu Wonder niisutab, kaitseb pigmentatsiooni eest ja rahustab p\u00e4ikese k\u00e4es \u00e4rritunud nahka. Sobib kuivale ja normaalsele nahale.\",\"breadcrumb\":{\"@id\":\"https:\/\/idakorea.ee\/product\/haruharu-wonder-black-rice-moisture-airyfit-spf50-pa-50ml\/#breadcrumb\"},\"inLanguage\":\"fi\",\"potentialAction\":[{\"@type\":\"ReadAction\",\"target\":[\"https:\/\/idakorea.ee\/product\/haruharu-wonder-black-rice-moisture-airyfit-spf50-pa-50ml\/\"]}]},{\"@type\":\"ImageObject\",\"inLanguage\":\"fi\",\"@id\":\"https:\/\/idakorea.ee\/product\/haruharu-wonder-black-rice-moisture-airyfit-spf50-pa-50ml\/#primaryimage\",\"url\":\"https:\/\/idakorea.ee\/wp-content\/uploads\/2025\/06\/haruharu-wonder-black-rice-moisture-airyfit-spf50-idakorea.jpg\",\"contentUrl\":\"https:\/\/idakorea.ee\/wp-content\/uploads\/2025\/06\/haruharu-wonder-black-rice-moisture-airyfit-spf50-idakorea.jpg\",\"width\":1000,\"height\":1000},{\"@type\":\"BreadcrumbList\",\"@id\":\"https:\/\/idakorea.ee\/product\/haruharu-wonder-black-rice-moisture-airyfit-spf50-pa-50ml\/#breadcrumb\",\"itemListElement\":[{\"@type\":\"ListItem\",\"position\":1,\"name\":\"\u0413\u043b\u0430\u0432\u043d\u0430\u044f \u0441\u0442\u0440\u0430\u043d\u0438\u0446\u0430\",\"item\":\"https:\/\/idakorea.ee\/\"},{\"@type\":\"ListItem\",\"position\":2,\"name\":\"Shop\",\"item\":\"https:\/\/idakorea.ee\/shop-2\/\"},{\"@type\":\"ListItem\",\"position\":3,\"name\":\"Kerge niisutav p\u00e4ikesekaitsekreem Haruharu Wonder Black Rice Moisture Airyfit SPF50+ PA++++, 50ml\"}]},{\"@type\":\"WebSite\",\"@id\":\"https:\/\/idakorea.ee\/#website\",\"url\":\"https:\/\/idakorea.ee\/\",\"name\":\"IDA.KOREA\",\"description\":\"Korea kosmeetika e-pood\",\"publisher\":{\"@id\":\"https:\/\/idakorea.ee\/#organization\"},\"alternateName\":\"Beauty Shop\",\"potentialAction\":[{\"@type\":\"SearchAction\",\"target\":{\"@type\":\"EntryPoint\",\"urlTemplate\":\"https:\/\/idakorea.ee\/?s={search_term_string}\"},\"query-input\":{\"@type\":\"PropertyValueSpecification\",\"valueRequired\":true,\"valueName\":\"search_term_string\"}}],\"inLanguage\":\"fi\"},{\"@type\":\"Organization\",\"@id\":\"https:\/\/idakorea.ee\/#organization\",\"name\":\"IDA.KOREA\",\"url\":\"https:\/\/idakorea.ee\/\",\"logo\":{\"@type\":\"ImageObject\",\"inLanguage\":\"fi\",\"@id\":\"https:\/\/idakorea.ee\/#\/schema\/logo\/image\/\",\"url\":\"https:\/\/idakorea.ee\/wp-content\/uploads\/2024\/05\/cropped-korea3.png\",\"contentUrl\":\"https:\/\/idakorea.ee\/wp-content\/uploads\/2024\/05\/cropped-korea3.png\",\"width\":688,\"height\":126,\"caption\":\"IDA.KOREA\"},\"image\":{\"@id\":\"https:\/\/idakorea.ee\/#\/schema\/logo\/image\/\"},\"sameAs\":[\"https:\/\/www.instagram.com\/ida.korea\/\"]}]}<\/script>\n<!-- \/ Yoast SEO plugin. -->","yoast_head_json":{"title":"Haruharu Wonder mustan riisin kosteusvoide Airyfit SPF50+ PA++++, 50ml - IDA.KOREA","description":"Haruharu Wonder SPF50+ -aurinkosuoja kosteuttaa, suojaa pigmenttimuutoksilta ja rauhoittaa auringon \u00e4rtym\u00e4\u00e4 ihoa. Sopii kuivalle ja normaalille iholle.","robots":{"index":"index","follow":"follow","max-snippet":"max-snippet:-1","max-image-preview":"max-image-preview:large","max-video-preview":"max-video-preview:-1"},"canonical":"https:\/\/idakorea.ee\/fi\/product\/haruharu-wonder-black-rice-moisture-airyfit-spf50-pa-50ml\/","og_locale":"fi_FI","og_type":"article","og_title":"Haruharu Wonder Black Rice Moisture Airyfit SPF50+ PA++++, 50ml - IDA.KOREA","og_description":"Kerge SPF50+ p\u00e4ikesekaitsekreem Haruharu Wonder niisutab, kaitseb pigmentatsiooni eest ja rahustab p\u00e4ikese k\u00e4es \u00e4rritunud nahka. Sobib kuivale ja normaalsele nahale.","og_url":"https:\/\/idakorea.ee\/fi\/product\/haruharu-wonder-black-rice-moisture-airyfit-spf50-pa-50ml\/","og_site_name":"IDA.KOREA","article_modified_time":"2026-04-11T14:30:44+00:00","og_image":[{"width":1000,"height":1000,"url":"https:\/\/idakorea.ee\/wp-content\/uploads\/2025\/06\/haruharu-wonder-black-rice-moisture-airyfit-spf50-idakorea.jpg","type":"image\/jpeg"}],"twitter_card":"summary_large_image","twitter_misc":{"Arvioitu lukuaika":"2 minuuttia"},"schema":{"@context":"https:\/\/schema.org","@graph":[{"@type":"WebPage","@id":"https:\/\/idakorea.ee\/product\/haruharu-wonder-black-rice-moisture-airyfit-spf50-pa-50ml\/","url":"https:\/\/idakorea.ee\/product\/haruharu-wonder-black-rice-moisture-airyfit-spf50-pa-50ml\/","name":"Haruharu Wonder mustan riisin kosteusvoide Airyfit SPF50+ PA++++, 50ml - IDA.KOREA","isPartOf":{"@id":"https:\/\/idakorea.ee\/#website"},"primaryImageOfPage":{"@id":"https:\/\/idakorea.ee\/product\/haruharu-wonder-black-rice-moisture-airyfit-spf50-pa-50ml\/#primaryimage"},"image":{"@id":"https:\/\/idakorea.ee\/product\/haruharu-wonder-black-rice-moisture-airyfit-spf50-pa-50ml\/#primaryimage"},"thumbnailUrl":"https:\/\/idakorea.ee\/wp-content\/uploads\/2025\/06\/haruharu-wonder-black-rice-moisture-airyfit-spf50-idakorea.jpg","datePublished":"2025-06-12T06:56:22+00:00","dateModified":"2026-04-11T14:30:44+00:00","description":"Haruharu Wonder SPF50+ -aurinkosuoja kosteuttaa, suojaa pigmenttimuutoksilta ja rauhoittaa auringon \u00e4rtym\u00e4\u00e4 ihoa. Sopii kuivalle ja normaalille iholle.","breadcrumb":{"@id":"https:\/\/idakorea.ee\/product\/haruharu-wonder-black-rice-moisture-airyfit-spf50-pa-50ml\/#breadcrumb"},"inLanguage":"fi","potentialAction":[{"@type":"ReadAction","target":["https:\/\/idakorea.ee\/product\/haruharu-wonder-black-rice-moisture-airyfit-spf50-pa-50ml\/"]}]},{"@type":"ImageObject","inLanguage":"fi","@id":"https:\/\/idakorea.ee\/product\/haruharu-wonder-black-rice-moisture-airyfit-spf50-pa-50ml\/#primaryimage","url":"https:\/\/idakorea.ee\/wp-content\/uploads\/2025\/06\/haruharu-wonder-black-rice-moisture-airyfit-spf50-idakorea.jpg","contentUrl":"https:\/\/idakorea.ee\/wp-content\/uploads\/2025\/06\/haruharu-wonder-black-rice-moisture-airyfit-spf50-idakorea.jpg","width":1000,"height":1000},{"@type":"BreadcrumbList","@id":"https:\/\/idakorea.ee\/product\/haruharu-wonder-black-rice-moisture-airyfit-spf50-pa-50ml\/#breadcrumb","itemListElement":[{"@type":"ListItem","position":1,"name":"\u0413\u043b\u0430\u0432\u043d\u0430\u044f \u0441\u0442\u0440\u0430\u043d\u0438\u0446\u0430","item":"https:\/\/idakorea.ee\/"},{"@type":"ListItem","position":2,"name":"Shop","item":"https:\/\/idakorea.ee\/shop-2\/"},{"@type":"ListItem","position":3,"name":"Kerge niisutav p\u00e4ikesekaitsekreem Haruharu Wonder Black Rice Moisture Airyfit SPF50+ PA++++, 50ml"}]},{"@type":"WebSite","@id":"https:\/\/idakorea.ee\/#website","url":"https:\/\/idakorea.ee\/","name":"IDA.KOREA","description":"Korean kosmetiikan verkkokauppa","publisher":{"@id":"https:\/\/idakorea.ee\/#organization"},"alternateName":"Beauty Shop","potentialAction":[{"@type":"SearchAction","target":{"@type":"EntryPoint","urlTemplate":"https:\/\/idakorea.ee\/?s={search_term_string}"},"query-input":{"@type":"PropertyValueSpecification","valueRequired":true,"valueName":"search_term_string"}}],"inLanguage":"fi"},{"@type":"Organization","@id":"https:\/\/idakorea.ee\/#organization","name":"IDA.KOREA","url":"https:\/\/idakorea.ee\/","logo":{"@type":"ImageObject","inLanguage":"fi","@id":"https:\/\/idakorea.ee\/#\/schema\/logo\/image\/","url":"https:\/\/idakorea.ee\/wp-content\/uploads\/2024\/05\/cropped-korea3.png","contentUrl":"https:\/\/idakorea.ee\/wp-content\/uploads\/2024\/05\/cropped-korea3.png","width":688,"height":126,"caption":"IDA.KOREA"},"image":{"@id":"https:\/\/idakorea.ee\/#\/schema\/logo\/image\/"},"sameAs":["https:\/\/www.instagram.com\/ida.korea\/"]}]}},"jetpack_sharing_enabled":true,"brands":[{"id":763,"name":"HARUHARU IHME","slug":"haruharu-wonder"}],"_links":{"self":[{"href":"https:\/\/idakorea.ee\/fi\/wp-json\/wp\/v2\/product\/14605","targetHints":{"allow":["GET"]}}],"collection":[{"href":"https:\/\/idakorea.ee\/fi\/wp-json\/wp\/v2\/product"}],"about":[{"href":"https:\/\/idakorea.ee\/fi\/wp-json\/wp\/v2\/types\/product"}],"replies":[{"embeddable":true,"href":"https:\/\/idakorea.ee\/fi\/wp-json\/wp\/v2\/comments?post=14605"}],"version-history":[{"count":1,"href":"https:\/\/idakorea.ee\/fi\/wp-json\/wp\/v2\/product\/14605\/revisions"}],"predecessor-version":[{"id":14609,"href":"https:\/\/idakorea.ee\/fi\/wp-json\/wp\/v2\/product\/14605\/revisions\/14609"}],"wp:featuredmedia":[{"embeddable":true,"href":"https:\/\/idakorea.ee\/fi\/wp-json\/wp\/v2\/media\/14606"}],"wp:attachment":[{"href":"https:\/\/idakorea.ee\/fi\/wp-json\/wp\/v2\/media?parent=14605"}],"wp:term":[{"taxonomy":"pwb-brand","embeddable":true,"href":"https:\/\/idakorea.ee\/fi\/wp-json\/wp\/v2\/pwb-brand?post=14605"},{"taxonomy":"product_brand","embeddable":true,"href":"https:\/\/idakorea.ee\/fi\/wp-json\/wp\/v2\/product_brand?post=14605"},{"taxonomy":"product_cat","embeddable":true,"href":"https:\/\/idakorea.ee\/fi\/wp-json\/wp\/v2\/product_cat?post=14605"},{"taxonomy":"product_tag","embeddable":true,"href":"https:\/\/idakorea.ee\/fi\/wp-json\/wp\/v2\/product_tag?post=14605"}],"curies":[{"name":"wp","href":"https:\/\/api.w.org\/{rel}","templated":true}]}}