{"id":14610,"date":"2025-06-17T15:39:33","date_gmt":"2025-06-17T12:39:33","guid":{"rendered":"https:\/\/idakorea.ee\/?post_type=product&#038;p=14610"},"modified":"2026-01-29T16:52:35","modified_gmt":"2026-01-29T14:52:35","slug":"abib-glutathiosome-cc-sunscreen-toning-tube-spf50-pa-50-ml","status":"publish","type":"product","link":"https:\/\/idakorea.ee\/fi\/product\/abib-glutathiosome-cc-sunscreen-toning-tube-spf50-pa-50-ml\/","title":{"rendered":"Abib Glutathiosome CC aurinkovoidetta SPF50+ PA++++, 50 ml"},"content":{"rendered":"<p>Abib Glutathiosome CC -aurinkovoidetuubi SPF50+ PA++++ perustuu uuden sukupolven kemiallisiin ja fysikaalisiin suodattimiin. Se sopii p\u00e4ivitt\u00e4iseen k\u00e4ytt\u00f6\u00f6n ja suojaa ihoa tehokkaasti auringonvalon haitallisilta vaikutuksilta sek\u00e4 auttaa tasoittamaan ja kirkastamaan ihon s\u00e4vy\u00e4.<\/p>\n<p>Korkea suojakerroin SPF50+ PA++++ tarjoaa luotettavan suojan UV-s\u00e4teily\u00e4 vastaan, auttaa ehk\u00e4isem\u00e4\u00e4n ik\u00e4l\u00e4iskien muodostumista ja s\u00e4ilytt\u00e4\u00e4 ihon nuorekkuuden.<\/p>\n<p>Voiteen p\u00e4\u00e4ainesosa on glutationi \u2013 yksi tehokkaimmista antioksidanteista, joka v\u00e4hent\u00e4\u00e4 melaniinitasoja ja edist\u00e4\u00e4 ihon vaalenemista. Sis\u00e4lt\u00e4\u00e4 runsaasti aminohappoja, on t\u00e4ysin turvallinen k\u00e4ytt\u00e4\u00e4, neutraloi vapaita radikaaleja ja poistaa ihosoluja vahingoittavia toksiineja. Glutationi on kapseloitu liposomeihin, mik\u00e4 mahdollistaa aktiivisten ainesosien tunkeutumisen syv\u00e4lle ihoon, parantaen niiden imeytymist\u00e4 ja tehostaen vaikutusta.<\/p>\n<p>Keramidit palauttavat ihon luonnollisen lipidikerroksen, tarjoavat pitk\u00e4aikaisen suojan kuivalle ja herk\u00e4lle iholle, parantavat ihon kosteustasoja ja v\u00e4hent\u00e4v\u00e4t kosteuden menetyst\u00e4, vahvistavat ihon kimmoisuutta, kiinteytt\u00e4v\u00e4t ja suojaavat ulkoisen ymp\u00e4rist\u00f6n haitallisilta vaikutuksilta.<\/p>\n<p>&nbsp;<\/p>\n<p>Sopii kaikille ihotyypeille.<\/p>\n<p><strong>K\u00e4ytt\u00f6:<\/strong><br \/>\nLevit\u00e4 tarvittava m\u00e4\u00e4r\u00e4 voidetta ihonhoitorutiinisi viimeisen\u00e4 vaiheena 15\u201320 minuuttia ennen auringolle l\u00e4ht\u00f6\u00e4.<\/p>\n<p>&nbsp;<\/p>","protected":false},"excerpt":{"rendered":"<p>Abib Glutathiosome CC -aurinkovoidetuubi SPF50+ PA++++ perustuu uuden sukupolven kemiallisiin ja fysikaalisiin suodattimiin. Sopii p\u00e4ivitt\u00e4iseen k\u00e4ytt\u00f6\u00f6n ja suojaa ihoa tehokkaasti auringonvalon haitallisilta vaikutuksilta sek\u00e4 auttaa tasoittamaan ja kirkastamaan ihon s\u00e4vy\u00e4. Korkea suojakerroin SPF50+ PA++++ tarjoaa luotettavan suojan UV-s\u00e4teily\u00e4 vastaan, auttaa ehk\u00e4isem\u00e4\u00e4n ik\u00e4l\u00e4iskien muodostumista ja yll\u00e4pit\u00e4m\u00e4\u00e4n nuorekasta ihoa. T\u00e4rkeimm\u00e4t\u2026<\/p>","protected":false},"featured_media":14611,"comment_status":"open","ping_status":"closed","template":"","meta":{"_uf_show_specific_survey":0,"_uf_disable_surveys":false,"_bst_post_transparent":"default","_bst_post_title":"","_bst_post_layout":"default","_bst_post_sidebar_id":"","_bst_post_content_style":"default","_bst_post_vertical_padding":"default","_bst_post_feature":"","_bst_post_feature_position":"","_bst_post_header":false,"_bst_post_footer":false},"pwb-brand":[883],"product_brand":[],"product_cat":[92,101],"product_tag":[936,864],"class_list":{"0":"post-14610","1":"product","2":"type-product","3":"status-publish","4":"has-post-thumbnail","6":"pwb-brand-abib","7":"product_cat-nagu","8":"product_cat-paikesekaitse","9":"product_tag-cc","10":"product_tag-spf","12":"first","13":"instock","14":"sale","15":"shipping-taxable","16":"purchasable","17":"product-type-simple","18":"entry","19":"content-bg","20":"loop-entry"},"supplier_id":null,"supplier_sku":"","barcode":null,"atum_controlled":true,"out_stock_date":null,"out_stock_threshold":null,"inheritable":false,"inbound_stock":0,"stock_on_hold":0,"sold_today":0,"sales_last_days":0,"out_stock_days":0,"lost_sales":0,"has_location":false,"update_date":"2026-04-15T00:05:13","atum_locations":[],"atum_stock_status":"instock","restock_status":false,"low_stock_amount":"","sales_update_date":"2026-04-15T00:05:13","calc_backorders":null,"yoast_head":"<!-- This site is optimized with the Yoast SEO plugin v27.2 - https:\/\/yoast.com\/product\/yoast-seo-wordpress\/ -->\n<title>Abib Glutathiosome CC Sunscreen Toning Tube SPF50+ PA++++, 50 ml - IDA.KOREA<\/title>\n<meta name=\"description\" content=\"Tooniv p\u00e4ikesekaitsekreem glutatiooniga \u00fchtlustab nahatooni ja kaitseb t\u00f5husalt UV-kiirguse eest. SPF50+ PA++++, sobib igap\u00e4evaseks kasutamiseks.\" \/>\n<meta name=\"robots\" content=\"index, follow, max-snippet:-1, max-image-preview:large, max-video-preview:-1\" \/>\n<link rel=\"canonical\" href=\"https:\/\/idakorea.ee\/fi\/product\/abib-glutathiosome-cc-sunscreen-toning-tube-spf50-pa-50-ml\/\" \/>\n<meta property=\"og:locale\" content=\"fi_FI\" \/>\n<meta property=\"og:type\" content=\"article\" \/>\n<meta property=\"og:title\" content=\"Abib Glutathiosome CC Sunscreen Toning Tube SPF50+ PA++++, 50 ml - IDA.KOREA\" \/>\n<meta property=\"og:description\" content=\"Tooniv p\u00e4ikesekaitsekreem glutatiooniga \u00fchtlustab nahatooni ja kaitseb t\u00f5husalt UV-kiirguse eest. SPF50+ PA++++, sobib igap\u00e4evaseks kasutamiseks.\" \/>\n<meta property=\"og:url\" content=\"https:\/\/idakorea.ee\/fi\/product\/abib-glutathiosome-cc-sunscreen-toning-tube-spf50-pa-50-ml\/\" \/>\n<meta property=\"og:site_name\" content=\"IDA.KOREA\" \/>\n<meta property=\"article:modified_time\" content=\"2026-01-29T14:52:35+00:00\" \/>\n<meta property=\"og:image\" content=\"https:\/\/idakorea.ee\/wp-content\/uploads\/2025\/06\/abib-glutathiosome-cc-sunscreen-toning-tube-idakorea.webp\" \/>\n\t<meta property=\"og:image:width\" content=\"640\" \/>\n\t<meta property=\"og:image:height\" content=\"640\" \/>\n\t<meta property=\"og:image:type\" content=\"image\/webp\" \/>\n<meta name=\"twitter:card\" content=\"summary_large_image\" \/>\n<meta name=\"twitter:label1\" content=\"Arvioitu lukuaika\" \/>\n\t<meta name=\"twitter:data1\" content=\"2 minuuttia\" \/>\n<script type=\"application\/ld+json\" class=\"yoast-schema-graph\">{\"@context\":\"https:\/\/schema.org\",\"@graph\":[{\"@type\":\"WebPage\",\"@id\":\"https:\/\/idakorea.ee\/product\/abib-glutathiosome-cc-sunscreen-toning-tube-spf50-pa-50-ml\/\",\"url\":\"https:\/\/idakorea.ee\/product\/abib-glutathiosome-cc-sunscreen-toning-tube-spf50-pa-50-ml\/\",\"name\":\"Abib Glutathiosome CC Sunscreen Toning Tube SPF50+ PA++++, 50 ml - IDA.KOREA\",\"isPartOf\":{\"@id\":\"https:\/\/idakorea.ee\/#website\"},\"primaryImageOfPage\":{\"@id\":\"https:\/\/idakorea.ee\/product\/abib-glutathiosome-cc-sunscreen-toning-tube-spf50-pa-50-ml\/#primaryimage\"},\"image\":{\"@id\":\"https:\/\/idakorea.ee\/product\/abib-glutathiosome-cc-sunscreen-toning-tube-spf50-pa-50-ml\/#primaryimage\"},\"thumbnailUrl\":\"https:\/\/idakorea.ee\/wp-content\/uploads\/2025\/06\/abib-glutathiosome-cc-sunscreen-toning-tube-idakorea.webp\",\"datePublished\":\"2025-06-17T12:39:33+00:00\",\"dateModified\":\"2026-01-29T14:52:35+00:00\",\"description\":\"Tooniv p\u00e4ikesekaitsekreem glutatiooniga \u00fchtlustab nahatooni ja kaitseb t\u00f5husalt UV-kiirguse eest. SPF50+ PA++++, sobib igap\u00e4evaseks kasutamiseks.\",\"breadcrumb\":{\"@id\":\"https:\/\/idakorea.ee\/product\/abib-glutathiosome-cc-sunscreen-toning-tube-spf50-pa-50-ml\/#breadcrumb\"},\"inLanguage\":\"fi\",\"potentialAction\":[{\"@type\":\"ReadAction\",\"target\":[\"https:\/\/idakorea.ee\/product\/abib-glutathiosome-cc-sunscreen-toning-tube-spf50-pa-50-ml\/\"]}]},{\"@type\":\"ImageObject\",\"inLanguage\":\"fi\",\"@id\":\"https:\/\/idakorea.ee\/product\/abib-glutathiosome-cc-sunscreen-toning-tube-spf50-pa-50-ml\/#primaryimage\",\"url\":\"https:\/\/idakorea.ee\/wp-content\/uploads\/2025\/06\/abib-glutathiosome-cc-sunscreen-toning-tube-idakorea.webp\",\"contentUrl\":\"https:\/\/idakorea.ee\/wp-content\/uploads\/2025\/06\/abib-glutathiosome-cc-sunscreen-toning-tube-idakorea.webp\",\"width\":640,\"height\":640},{\"@type\":\"BreadcrumbList\",\"@id\":\"https:\/\/idakorea.ee\/product\/abib-glutathiosome-cc-sunscreen-toning-tube-spf50-pa-50-ml\/#breadcrumb\",\"itemListElement\":[{\"@type\":\"ListItem\",\"position\":1,\"name\":\"\u0413\u043b\u0430\u0432\u043d\u0430\u044f \u0441\u0442\u0440\u0430\u043d\u0438\u0446\u0430\",\"item\":\"https:\/\/idakorea.ee\/\"},{\"@type\":\"ListItem\",\"position\":2,\"name\":\"Shop\",\"item\":\"https:\/\/idakorea.ee\/shop-2\/\"},{\"@type\":\"ListItem\",\"position\":3,\"name\":\"Tooniv p\u00e4ikesekaitsekreem Abib Glutathiosome CC Sunscreen Toning Tube SPF50+ PA++++, 50 ml\"}]},{\"@type\":\"WebSite\",\"@id\":\"https:\/\/idakorea.ee\/#website\",\"url\":\"https:\/\/idakorea.ee\/\",\"name\":\"IDA.KOREA\",\"description\":\"Korea kosmeetika e-pood\",\"publisher\":{\"@id\":\"https:\/\/idakorea.ee\/#organization\"},\"alternateName\":\"Beauty Shop\",\"potentialAction\":[{\"@type\":\"SearchAction\",\"target\":{\"@type\":\"EntryPoint\",\"urlTemplate\":\"https:\/\/idakorea.ee\/?s={search_term_string}\"},\"query-input\":{\"@type\":\"PropertyValueSpecification\",\"valueRequired\":true,\"valueName\":\"search_term_string\"}}],\"inLanguage\":\"fi\"},{\"@type\":\"Organization\",\"@id\":\"https:\/\/idakorea.ee\/#organization\",\"name\":\"IDA.KOREA\",\"url\":\"https:\/\/idakorea.ee\/\",\"logo\":{\"@type\":\"ImageObject\",\"inLanguage\":\"fi\",\"@id\":\"https:\/\/idakorea.ee\/#\/schema\/logo\/image\/\",\"url\":\"https:\/\/idakorea.ee\/wp-content\/uploads\/2024\/05\/cropped-korea3.png\",\"contentUrl\":\"https:\/\/idakorea.ee\/wp-content\/uploads\/2024\/05\/cropped-korea3.png\",\"width\":688,\"height\":126,\"caption\":\"IDA.KOREA\"},\"image\":{\"@id\":\"https:\/\/idakorea.ee\/#\/schema\/logo\/image\/\"},\"sameAs\":[\"https:\/\/www.instagram.com\/ida.korea\/\"]}]}<\/script>\n<!-- \/ Yoast SEO plugin. -->","yoast_head_json":{"title":"Abib Glutathiosome CC Sunscreen Toning Tube SPF50+ PA++++, 50 ml - IDA.KOREA","description":"S\u00e4vytetty aurinkosuoja glutationilla tasoittaa ihon s\u00e4vy\u00e4 ja suojaa tehokkaasti UV-s\u00e4teilylt\u00e4. SPF50+ PA++++, sopii p\u00e4ivitt\u00e4iseen k\u00e4ytt\u00f6\u00f6n.","robots":{"index":"index","follow":"follow","max-snippet":"max-snippet:-1","max-image-preview":"max-image-preview:large","max-video-preview":"max-video-preview:-1"},"canonical":"https:\/\/idakorea.ee\/fi\/product\/abib-glutathiosome-cc-sunscreen-toning-tube-spf50-pa-50-ml\/","og_locale":"fi_FI","og_type":"article","og_title":"Abib Glutathiosome CC Sunscreen Toning Tube SPF50+ PA++++, 50 ml - IDA.KOREA","og_description":"Tooniv p\u00e4ikesekaitsekreem glutatiooniga \u00fchtlustab nahatooni ja kaitseb t\u00f5husalt UV-kiirguse eest. SPF50+ PA++++, sobib igap\u00e4evaseks kasutamiseks.","og_url":"https:\/\/idakorea.ee\/fi\/product\/abib-glutathiosome-cc-sunscreen-toning-tube-spf50-pa-50-ml\/","og_site_name":"IDA.KOREA","article_modified_time":"2026-01-29T14:52:35+00:00","og_image":[{"width":640,"height":640,"url":"https:\/\/idakorea.ee\/wp-content\/uploads\/2025\/06\/abib-glutathiosome-cc-sunscreen-toning-tube-idakorea.webp","type":"image\/webp"}],"twitter_card":"summary_large_image","twitter_misc":{"Arvioitu lukuaika":"2 minuuttia"},"schema":{"@context":"https:\/\/schema.org","@graph":[{"@type":"WebPage","@id":"https:\/\/idakorea.ee\/product\/abib-glutathiosome-cc-sunscreen-toning-tube-spf50-pa-50-ml\/","url":"https:\/\/idakorea.ee\/product\/abib-glutathiosome-cc-sunscreen-toning-tube-spf50-pa-50-ml\/","name":"Abib Glutathiosome CC Sunscreen Toning Tube SPF50+ PA++++, 50 ml - IDA.KOREA","isPartOf":{"@id":"https:\/\/idakorea.ee\/#website"},"primaryImageOfPage":{"@id":"https:\/\/idakorea.ee\/product\/abib-glutathiosome-cc-sunscreen-toning-tube-spf50-pa-50-ml\/#primaryimage"},"image":{"@id":"https:\/\/idakorea.ee\/product\/abib-glutathiosome-cc-sunscreen-toning-tube-spf50-pa-50-ml\/#primaryimage"},"thumbnailUrl":"https:\/\/idakorea.ee\/wp-content\/uploads\/2025\/06\/abib-glutathiosome-cc-sunscreen-toning-tube-idakorea.webp","datePublished":"2025-06-17T12:39:33+00:00","dateModified":"2026-01-29T14:52:35+00:00","description":"S\u00e4vytetty aurinkosuoja glutationilla tasoittaa ihon s\u00e4vy\u00e4 ja suojaa tehokkaasti UV-s\u00e4teilylt\u00e4. SPF50+ PA++++, sopii p\u00e4ivitt\u00e4iseen k\u00e4ytt\u00f6\u00f6n.","breadcrumb":{"@id":"https:\/\/idakorea.ee\/product\/abib-glutathiosome-cc-sunscreen-toning-tube-spf50-pa-50-ml\/#breadcrumb"},"inLanguage":"fi","potentialAction":[{"@type":"ReadAction","target":["https:\/\/idakorea.ee\/product\/abib-glutathiosome-cc-sunscreen-toning-tube-spf50-pa-50-ml\/"]}]},{"@type":"ImageObject","inLanguage":"fi","@id":"https:\/\/idakorea.ee\/product\/abib-glutathiosome-cc-sunscreen-toning-tube-spf50-pa-50-ml\/#primaryimage","url":"https:\/\/idakorea.ee\/wp-content\/uploads\/2025\/06\/abib-glutathiosome-cc-sunscreen-toning-tube-idakorea.webp","contentUrl":"https:\/\/idakorea.ee\/wp-content\/uploads\/2025\/06\/abib-glutathiosome-cc-sunscreen-toning-tube-idakorea.webp","width":640,"height":640},{"@type":"BreadcrumbList","@id":"https:\/\/idakorea.ee\/product\/abib-glutathiosome-cc-sunscreen-toning-tube-spf50-pa-50-ml\/#breadcrumb","itemListElement":[{"@type":"ListItem","position":1,"name":"\u0413\u043b\u0430\u0432\u043d\u0430\u044f \u0441\u0442\u0440\u0430\u043d\u0438\u0446\u0430","item":"https:\/\/idakorea.ee\/"},{"@type":"ListItem","position":2,"name":"Shop","item":"https:\/\/idakorea.ee\/shop-2\/"},{"@type":"ListItem","position":3,"name":"Tooniv p\u00e4ikesekaitsekreem Abib Glutathiosome CC Sunscreen Toning Tube SPF50+ PA++++, 50 ml"}]},{"@type":"WebSite","@id":"https:\/\/idakorea.ee\/#website","url":"https:\/\/idakorea.ee\/","name":"IDA.KOREA","description":"Korean kosmetiikan verkkokauppa","publisher":{"@id":"https:\/\/idakorea.ee\/#organization"},"alternateName":"Beauty Shop","potentialAction":[{"@type":"SearchAction","target":{"@type":"EntryPoint","urlTemplate":"https:\/\/idakorea.ee\/?s={search_term_string}"},"query-input":{"@type":"PropertyValueSpecification","valueRequired":true,"valueName":"search_term_string"}}],"inLanguage":"fi"},{"@type":"Organization","@id":"https:\/\/idakorea.ee\/#organization","name":"IDA.KOREA","url":"https:\/\/idakorea.ee\/","logo":{"@type":"ImageObject","inLanguage":"fi","@id":"https:\/\/idakorea.ee\/#\/schema\/logo\/image\/","url":"https:\/\/idakorea.ee\/wp-content\/uploads\/2024\/05\/cropped-korea3.png","contentUrl":"https:\/\/idakorea.ee\/wp-content\/uploads\/2024\/05\/cropped-korea3.png","width":688,"height":126,"caption":"IDA.KOREA"},"image":{"@id":"https:\/\/idakorea.ee\/#\/schema\/logo\/image\/"},"sameAs":["https:\/\/www.instagram.com\/ida.korea\/"]}]}},"jetpack_sharing_enabled":true,"brands":[{"id":883,"name":"ABIB","slug":"abib"}],"_links":{"self":[{"href":"https:\/\/idakorea.ee\/fi\/wp-json\/wp\/v2\/product\/14610","targetHints":{"allow":["GET"]}}],"collection":[{"href":"https:\/\/idakorea.ee\/fi\/wp-json\/wp\/v2\/product"}],"about":[{"href":"https:\/\/idakorea.ee\/fi\/wp-json\/wp\/v2\/types\/product"}],"replies":[{"embeddable":true,"href":"https:\/\/idakorea.ee\/fi\/wp-json\/wp\/v2\/comments?post=14610"}],"version-history":[{"count":1,"href":"https:\/\/idakorea.ee\/fi\/wp-json\/wp\/v2\/product\/14610\/revisions"}],"predecessor-version":[{"id":14614,"href":"https:\/\/idakorea.ee\/fi\/wp-json\/wp\/v2\/product\/14610\/revisions\/14614"}],"wp:featuredmedia":[{"embeddable":true,"href":"https:\/\/idakorea.ee\/fi\/wp-json\/wp\/v2\/media\/14611"}],"wp:attachment":[{"href":"https:\/\/idakorea.ee\/fi\/wp-json\/wp\/v2\/media?parent=14610"}],"wp:term":[{"taxonomy":"pwb-brand","embeddable":true,"href":"https:\/\/idakorea.ee\/fi\/wp-json\/wp\/v2\/pwb-brand?post=14610"},{"taxonomy":"product_brand","embeddable":true,"href":"https:\/\/idakorea.ee\/fi\/wp-json\/wp\/v2\/product_brand?post=14610"},{"taxonomy":"product_cat","embeddable":true,"href":"https:\/\/idakorea.ee\/fi\/wp-json\/wp\/v2\/product_cat?post=14610"},{"taxonomy":"product_tag","embeddable":true,"href":"https:\/\/idakorea.ee\/fi\/wp-json\/wp\/v2\/product_tag?post=14610"}],"curies":[{"name":"wp","href":"https:\/\/api.w.org\/{rel}","templated":true}]}}