{"id":14632,"date":"2025-06-12T12:17:40","date_gmt":"2025-06-12T09:17:40","guid":{"rendered":"https:\/\/idakorea.ee\/?post_type=product&#038;p=14632"},"modified":"2026-04-05T12:40:52","modified_gmt":"2026-04-05T10:40:52","slug":"kundal-protein-bonding-care-shampoo-500ml","status":"publish","type":"product","link":"https:\/\/idakorea.ee\/fi\/product\/kundal-protein-bonding-care-shampoo-500ml\/","title":{"rendered":"Kundal Protein Bonding Care Shampoo Violet Muguet, 500ml"},"content":{"rendered":"<p>Shampoo elvytt\u00e4\u00e4 hauraita ja vaurioituneita hiuksia patentoidun koostumusensa ansiosta.<strong> Bonding Technology\u2122<\/strong> teknologia, joka yhdist\u00e4\u00e4 lev\u00e4uutteen ja kasviproteiinien kaksi komponenttia. Proteiini tunkeutuu syv\u00e4lle hiussuoneen tehden hiuksista vahvemmat ja terveemm\u00e4t.<\/p>\n<p>Kosteuttava kompleksi, joka perustuu kahdeksaan hyaluronihappotyyppiin, kosteuttaa tehokkaasti ja vahvistaa hiuksia.<br \/>\n<strong>VAALEANPUNAINEN\u2013GLAM-kompleksi<\/strong> Tekee hiuksista terveet ja kiilt\u00e4v\u00e4t ruusun, liljan ja hibiskuksen uutteen yhdistelm\u00e4n ansiosta.<\/p>\n<p><strong>T\u00e4rkeimm\u00e4t tuotteen ominaisuudet<\/strong>:<\/p>\n<ul>\n<li><strong>Tehokas puhdistus:<\/strong> Poistaa hell\u00e4varaisesti likaa ja rasvaa s\u00e4ilytt\u00e4en ihon luonnollisen pH-tasapainon.<\/li>\n<li><strong>Luonnollinen koostumus:<\/strong> Sis\u00e4lt\u00e4\u00e4 yrttiuutteita ja hoitavia \u00f6ljyj\u00e4, jotka eiv\u00e4t vahingoita hiuksia tai p\u00e4\u00e4nahkaa.<\/li>\n<li><strong>Nesteytys ja ravitsemus:<\/strong> Kosteuttaa ja ravitsee hiuksia, s\u00e4ilytt\u00e4en niiden terveen ja luonnollisen ulkon\u00e4\u00f6n.<\/li>\n<li><strong>Lis\u00e4\u00e4 kiiltoa ja elastisuutta:<\/strong> antaa hiuksille silkinpehmeytt\u00e4, kiiltoa ja parantaa elastisuutta.<\/li>\n<li><strong>Vahvistaa hiuksia:<\/strong> auttaa v\u00e4hent\u00e4m\u00e4\u00e4n hiusten katkeilua ja hiustenl\u00e4ht\u00f6\u00e4.<\/li>\n<li><strong>Sopii jokap\u00e4iv\u00e4iseen k\u00e4ytt\u00f6\u00f6n:<\/strong> sopii kaikille hiustyypeille s\u00e4\u00e4nn\u00f6lliseen k\u00e4ytt\u00f6\u00f6n.<\/li>\n<\/ul>\n<p>&nbsp;<\/p>\n<p>Sopii: kaikille hiustyypeille.<\/p>\n<p>&nbsp;<\/p>\n<p><strong>K\u00e4ytt\u00f6:<\/strong><br \/>\nLevit\u00e4 pieni m\u00e4\u00e4r\u00e4 shampoota kosteisiin hiusjuuriin. Hiero muutaman minuutin ajan ja huuhtele sitten l\u00e4mpim\u00e4ll\u00e4 vedell\u00e4. Toista pesu tarvittaessa kaksi kertaa, kunnes hiukset ja p\u00e4\u00e4nahka ovat t\u00e4ysin puhtaat.<\/p>","protected":false},"excerpt":{"rendered":"<p>Shampoo elvytt\u00e4\u00e4 hauraita ja vaurioituneita hiuksia patentoidun Bonding Technology\u2122 -teknologian ansiosta, joka yhdist\u00e4\u00e4 kaksi lev\u00e4uutetta ja kasviproteiineja. Proteiini tunkeutuu syv\u00e4lle hiussuoneen tehden hiuksista vahvemmat ja terveemm\u00e4t. Kahdeksaan hyaluronihappoon perustuva kosteuttava kompleksi tarjoaa tehokasta kosteutta ja vahvistaa hiuksia. PINK\u2013GLAM-kompleksi tekee hiuksista terveet ja kiilt\u00e4v\u00e4t ruusun, liljan ja hibiskuksen yhdistelm\u00e4n ansiosta. T\u00e4rkeimm\u00e4t\u2026<\/p>","protected":false},"featured_media":14633,"comment_status":"open","ping_status":"closed","template":"","meta":{"_uf_show_specific_survey":0,"_uf_disable_surveys":false,"_bst_post_transparent":"default","_bst_post_title":"","_bst_post_layout":"default","_bst_post_sidebar_id":"","_bst_post_content_style":"default","_bst_post_vertical_padding":"default","_bst_post_feature":"","_bst_post_feature_position":"","_bst_post_header":false,"_bst_post_footer":false},"pwb-brand":[924],"product_brand":[],"product_cat":[923],"product_tag":[925],"class_list":{"0":"post-14632","1":"product","2":"type-product","3":"status-publish","4":"has-post-thumbnail","6":"pwb-brand-kundal","7":"product_cat-juuksed","8":"product_tag-kundal","10":"first","11":"outofstock","12":"sale","13":"shipping-taxable","14":"purchasable","15":"product-type-simple","16":"entry","17":"content-bg","18":"loop-entry"},"supplier_id":null,"supplier_sku":"","barcode":null,"atum_controlled":true,"out_stock_date":"2026-04-05 12:40:52","out_stock_threshold":null,"inheritable":false,"inbound_stock":0,"stock_on_hold":0,"sold_today":0,"sales_last_days":0,"out_stock_days":8,"lost_sales":0,"has_location":false,"update_date":"2026-04-14T00:05:11","atum_locations":[],"atum_stock_status":"outofstock","restock_status":false,"low_stock_amount":"","sales_update_date":"2026-04-14T00:05:11","calc_backorders":null,"yoast_head":"<!-- This site is optimized with the Yoast SEO plugin v27.2 - https:\/\/yoast.com\/product\/yoast-seo-wordpress\/ -->\n<title>Kundal Protein Bonding Care Shampoo Violet Muguet, 500ml - IDA.KOREA<\/title>\n<meta name=\"description\" content=\"\u0160ampoon elustab hapraid ja kahjustatud juukseid t\u00e4nu patenteeritud Bonding Technology\u2122 tehnoloogiale, mis \u00fchendab endas vetikaekstrakti ja taimsete valkude duo.\" \/>\n<meta name=\"robots\" content=\"index, follow, max-snippet:-1, max-image-preview:large, max-video-preview:-1\" \/>\n<link rel=\"canonical\" href=\"https:\/\/idakorea.ee\/fi\/product\/kundal-protein-bonding-care-shampoo-500ml\/\" \/>\n<meta property=\"og:locale\" content=\"fi_FI\" \/>\n<meta property=\"og:type\" content=\"article\" \/>\n<meta property=\"og:title\" content=\"Kundal Protein Bonding Care Shampoo Violet Muguet, 500ml - IDA.KOREA\" \/>\n<meta property=\"og:description\" content=\"\u0160ampoon elustab hapraid ja kahjustatud juukseid t\u00e4nu patenteeritud Bonding Technology\u2122 tehnoloogiale, mis \u00fchendab endas vetikaekstrakti ja taimsete valkude duo.\" \/>\n<meta property=\"og:url\" content=\"https:\/\/idakorea.ee\/fi\/product\/kundal-protein-bonding-care-shampoo-500ml\/\" \/>\n<meta property=\"og:site_name\" content=\"IDA.KOREA\" \/>\n<meta property=\"article:modified_time\" content=\"2026-04-05T10:40:52+00:00\" \/>\n<meta property=\"og:image\" content=\"https:\/\/idakorea.ee\/wp-content\/uploads\/2025\/06\/kundal-protein-bonding-shampoo-idakorea.ee_.webp\" \/>\n\t<meta property=\"og:image:width\" content=\"600\" \/>\n\t<meta property=\"og:image:height\" content=\"600\" \/>\n\t<meta property=\"og:image:type\" content=\"image\/webp\" \/>\n<meta name=\"twitter:card\" content=\"summary_large_image\" \/>\n<meta name=\"twitter:label1\" content=\"Arvioitu lukuaika\" \/>\n\t<meta name=\"twitter:data1\" content=\"2 minuuttia\" \/>\n<script type=\"application\/ld+json\" class=\"yoast-schema-graph\">{\"@context\":\"https:\/\/schema.org\",\"@graph\":[{\"@type\":\"WebPage\",\"@id\":\"https:\/\/idakorea.ee\/product\/kundal-protein-bonding-care-shampoo-500ml\/\",\"url\":\"https:\/\/idakorea.ee\/product\/kundal-protein-bonding-care-shampoo-500ml\/\",\"name\":\"Kundal Protein Bonding Care Shampoo Violet Muguet, 500ml - IDA.KOREA\",\"isPartOf\":{\"@id\":\"https:\/\/idakorea.ee\/#website\"},\"primaryImageOfPage\":{\"@id\":\"https:\/\/idakorea.ee\/product\/kundal-protein-bonding-care-shampoo-500ml\/#primaryimage\"},\"image\":{\"@id\":\"https:\/\/idakorea.ee\/product\/kundal-protein-bonding-care-shampoo-500ml\/#primaryimage\"},\"thumbnailUrl\":\"https:\/\/idakorea.ee\/wp-content\/uploads\/2025\/06\/kundal-protein-bonding-shampoo-idakorea.ee_.webp\",\"datePublished\":\"2025-06-12T09:17:40+00:00\",\"dateModified\":\"2026-04-05T10:40:52+00:00\",\"description\":\"\u0160ampoon elustab hapraid ja kahjustatud juukseid t\u00e4nu patenteeritud Bonding Technology\u2122 tehnoloogiale, mis \u00fchendab endas vetikaekstrakti ja taimsete valkude duo.\",\"breadcrumb\":{\"@id\":\"https:\/\/idakorea.ee\/product\/kundal-protein-bonding-care-shampoo-500ml\/#breadcrumb\"},\"inLanguage\":\"fi\",\"potentialAction\":[{\"@type\":\"ReadAction\",\"target\":[\"https:\/\/idakorea.ee\/product\/kundal-protein-bonding-care-shampoo-500ml\/\"]}]},{\"@type\":\"ImageObject\",\"inLanguage\":\"fi\",\"@id\":\"https:\/\/idakorea.ee\/product\/kundal-protein-bonding-care-shampoo-500ml\/#primaryimage\",\"url\":\"https:\/\/idakorea.ee\/wp-content\/uploads\/2025\/06\/kundal-protein-bonding-shampoo-idakorea.ee_.webp\",\"contentUrl\":\"https:\/\/idakorea.ee\/wp-content\/uploads\/2025\/06\/kundal-protein-bonding-shampoo-idakorea.ee_.webp\",\"width\":600,\"height\":600},{\"@type\":\"BreadcrumbList\",\"@id\":\"https:\/\/idakorea.ee\/product\/kundal-protein-bonding-care-shampoo-500ml\/#breadcrumb\",\"itemListElement\":[{\"@type\":\"ListItem\",\"position\":1,\"name\":\"\u0413\u043b\u0430\u0432\u043d\u0430\u044f \u0441\u0442\u0440\u0430\u043d\u0438\u0446\u0430\",\"item\":\"https:\/\/idakorea.ee\/\"},{\"@type\":\"ListItem\",\"position\":2,\"name\":\"Shop\",\"item\":\"https:\/\/idakorea.ee\/shop-2\/\"},{\"@type\":\"ListItem\",\"position\":3,\"name\":\"Toitev \u0161ampoon Kundal Protein Bonding Care Shampoo Violet Muguet, 500ml\"}]},{\"@type\":\"WebSite\",\"@id\":\"https:\/\/idakorea.ee\/#website\",\"url\":\"https:\/\/idakorea.ee\/\",\"name\":\"IDA.KOREA\",\"description\":\"Korea kosmeetika e-pood\",\"publisher\":{\"@id\":\"https:\/\/idakorea.ee\/#organization\"},\"alternateName\":\"Beauty Shop\",\"potentialAction\":[{\"@type\":\"SearchAction\",\"target\":{\"@type\":\"EntryPoint\",\"urlTemplate\":\"https:\/\/idakorea.ee\/?s={search_term_string}\"},\"query-input\":{\"@type\":\"PropertyValueSpecification\",\"valueRequired\":true,\"valueName\":\"search_term_string\"}}],\"inLanguage\":\"fi\"},{\"@type\":\"Organization\",\"@id\":\"https:\/\/idakorea.ee\/#organization\",\"name\":\"IDA.KOREA\",\"url\":\"https:\/\/idakorea.ee\/\",\"logo\":{\"@type\":\"ImageObject\",\"inLanguage\":\"fi\",\"@id\":\"https:\/\/idakorea.ee\/#\/schema\/logo\/image\/\",\"url\":\"https:\/\/idakorea.ee\/wp-content\/uploads\/2024\/05\/cropped-korea3.png\",\"contentUrl\":\"https:\/\/idakorea.ee\/wp-content\/uploads\/2024\/05\/cropped-korea3.png\",\"width\":688,\"height\":126,\"caption\":\"IDA.KOREA\"},\"image\":{\"@id\":\"https:\/\/idakorea.ee\/#\/schema\/logo\/image\/\"},\"sameAs\":[\"https:\/\/www.instagram.com\/ida.korea\/\"]}]}<\/script>\n<!-- \/ Yoast SEO plugin. -->","yoast_head_json":{"title":"Kundal Protein Bonding Care Shampoo Violet Muguet, 500 ml - IDA.KOREA","description":"Shampoo elvytt\u00e4\u00e4 hauraita ja vaurioituneita hiuksia patentoidun Bonding Technology\u2122 -teknologian ansiosta, joka yhdist\u00e4\u00e4 lev\u00e4uutteen ja kasviproteiinien kaksi ainesosaa.","robots":{"index":"index","follow":"follow","max-snippet":"max-snippet:-1","max-image-preview":"max-image-preview:large","max-video-preview":"max-video-preview:-1"},"canonical":"https:\/\/idakorea.ee\/fi\/product\/kundal-protein-bonding-care-shampoo-500ml\/","og_locale":"fi_FI","og_type":"article","og_title":"Kundal Protein Bonding Care Shampoo Violet Muguet, 500ml - IDA.KOREA","og_description":"\u0160ampoon elustab hapraid ja kahjustatud juukseid t\u00e4nu patenteeritud Bonding Technology\u2122 tehnoloogiale, mis \u00fchendab endas vetikaekstrakti ja taimsete valkude duo.","og_url":"https:\/\/idakorea.ee\/fi\/product\/kundal-protein-bonding-care-shampoo-500ml\/","og_site_name":"IDA.KOREA","article_modified_time":"2026-04-05T10:40:52+00:00","og_image":[{"width":600,"height":600,"url":"https:\/\/idakorea.ee\/wp-content\/uploads\/2025\/06\/kundal-protein-bonding-shampoo-idakorea.ee_.webp","type":"image\/webp"}],"twitter_card":"summary_large_image","twitter_misc":{"Arvioitu lukuaika":"2 minuuttia"},"schema":{"@context":"https:\/\/schema.org","@graph":[{"@type":"WebPage","@id":"https:\/\/idakorea.ee\/product\/kundal-protein-bonding-care-shampoo-500ml\/","url":"https:\/\/idakorea.ee\/product\/kundal-protein-bonding-care-shampoo-500ml\/","name":"Kundal Protein Bonding Care Shampoo Violet Muguet, 500 ml - IDA.KOREA","isPartOf":{"@id":"https:\/\/idakorea.ee\/#website"},"primaryImageOfPage":{"@id":"https:\/\/idakorea.ee\/product\/kundal-protein-bonding-care-shampoo-500ml\/#primaryimage"},"image":{"@id":"https:\/\/idakorea.ee\/product\/kundal-protein-bonding-care-shampoo-500ml\/#primaryimage"},"thumbnailUrl":"https:\/\/idakorea.ee\/wp-content\/uploads\/2025\/06\/kundal-protein-bonding-shampoo-idakorea.ee_.webp","datePublished":"2025-06-12T09:17:40+00:00","dateModified":"2026-04-05T10:40:52+00:00","description":"Shampoo elvytt\u00e4\u00e4 hauraita ja vaurioituneita hiuksia patentoidun Bonding Technology\u2122 -teknologian ansiosta, joka yhdist\u00e4\u00e4 lev\u00e4uutteen ja kasviproteiinien kaksi ainesosaa.","breadcrumb":{"@id":"https:\/\/idakorea.ee\/product\/kundal-protein-bonding-care-shampoo-500ml\/#breadcrumb"},"inLanguage":"fi","potentialAction":[{"@type":"ReadAction","target":["https:\/\/idakorea.ee\/product\/kundal-protein-bonding-care-shampoo-500ml\/"]}]},{"@type":"ImageObject","inLanguage":"fi","@id":"https:\/\/idakorea.ee\/product\/kundal-protein-bonding-care-shampoo-500ml\/#primaryimage","url":"https:\/\/idakorea.ee\/wp-content\/uploads\/2025\/06\/kundal-protein-bonding-shampoo-idakorea.ee_.webp","contentUrl":"https:\/\/idakorea.ee\/wp-content\/uploads\/2025\/06\/kundal-protein-bonding-shampoo-idakorea.ee_.webp","width":600,"height":600},{"@type":"BreadcrumbList","@id":"https:\/\/idakorea.ee\/product\/kundal-protein-bonding-care-shampoo-500ml\/#breadcrumb","itemListElement":[{"@type":"ListItem","position":1,"name":"\u0413\u043b\u0430\u0432\u043d\u0430\u044f \u0441\u0442\u0440\u0430\u043d\u0438\u0446\u0430","item":"https:\/\/idakorea.ee\/"},{"@type":"ListItem","position":2,"name":"Shop","item":"https:\/\/idakorea.ee\/shop-2\/"},{"@type":"ListItem","position":3,"name":"Toitev \u0161ampoon Kundal Protein Bonding Care Shampoo Violet Muguet, 500ml"}]},{"@type":"WebSite","@id":"https:\/\/idakorea.ee\/#website","url":"https:\/\/idakorea.ee\/","name":"IDA.KOREA","description":"Korean kosmetiikan verkkokauppa","publisher":{"@id":"https:\/\/idakorea.ee\/#organization"},"alternateName":"Beauty Shop","potentialAction":[{"@type":"SearchAction","target":{"@type":"EntryPoint","urlTemplate":"https:\/\/idakorea.ee\/?s={search_term_string}"},"query-input":{"@type":"PropertyValueSpecification","valueRequired":true,"valueName":"search_term_string"}}],"inLanguage":"fi"},{"@type":"Organization","@id":"https:\/\/idakorea.ee\/#organization","name":"IDA.KOREA","url":"https:\/\/idakorea.ee\/","logo":{"@type":"ImageObject","inLanguage":"fi","@id":"https:\/\/idakorea.ee\/#\/schema\/logo\/image\/","url":"https:\/\/idakorea.ee\/wp-content\/uploads\/2024\/05\/cropped-korea3.png","contentUrl":"https:\/\/idakorea.ee\/wp-content\/uploads\/2024\/05\/cropped-korea3.png","width":688,"height":126,"caption":"IDA.KOREA"},"image":{"@id":"https:\/\/idakorea.ee\/#\/schema\/logo\/image\/"},"sameAs":["https:\/\/www.instagram.com\/ida.korea\/"]}]}},"jetpack_sharing_enabled":true,"brands":[{"id":924,"name":"KUNDAL","slug":"kundal"}],"_links":{"self":[{"href":"https:\/\/idakorea.ee\/fi\/wp-json\/wp\/v2\/product\/14632","targetHints":{"allow":["GET"]}}],"collection":[{"href":"https:\/\/idakorea.ee\/fi\/wp-json\/wp\/v2\/product"}],"about":[{"href":"https:\/\/idakorea.ee\/fi\/wp-json\/wp\/v2\/types\/product"}],"replies":[{"embeddable":true,"href":"https:\/\/idakorea.ee\/fi\/wp-json\/wp\/v2\/comments?post=14632"}],"version-history":[{"count":2,"href":"https:\/\/idakorea.ee\/fi\/wp-json\/wp\/v2\/product\/14632\/revisions"}],"predecessor-version":[{"id":14638,"href":"https:\/\/idakorea.ee\/fi\/wp-json\/wp\/v2\/product\/14632\/revisions\/14638"}],"wp:featuredmedia":[{"embeddable":true,"href":"https:\/\/idakorea.ee\/fi\/wp-json\/wp\/v2\/media\/14633"}],"wp:attachment":[{"href":"https:\/\/idakorea.ee\/fi\/wp-json\/wp\/v2\/media?parent=14632"}],"wp:term":[{"taxonomy":"pwb-brand","embeddable":true,"href":"https:\/\/idakorea.ee\/fi\/wp-json\/wp\/v2\/pwb-brand?post=14632"},{"taxonomy":"product_brand","embeddable":true,"href":"https:\/\/idakorea.ee\/fi\/wp-json\/wp\/v2\/product_brand?post=14632"},{"taxonomy":"product_cat","embeddable":true,"href":"https:\/\/idakorea.ee\/fi\/wp-json\/wp\/v2\/product_cat?post=14632"},{"taxonomy":"product_tag","embeddable":true,"href":"https:\/\/idakorea.ee\/fi\/wp-json\/wp\/v2\/product_tag?post=14632"}],"curies":[{"name":"wp","href":"https:\/\/api.w.org\/{rel}","templated":true}]}}