{"id":14642,"date":"2025-06-12T15:04:01","date_gmt":"2025-06-12T12:04:01","guid":{"rendered":"https:\/\/idakorea.ee\/?post_type=product&#038;p=14642"},"modified":"2026-01-29T16:54:17","modified_gmt":"2026-01-29T14:54:17","slug":"kundal-protein-bonding-care-treatment-250ml","status":"publish","type":"product","link":"https:\/\/idakorea.ee\/fi\/product\/kundal-protein-bonding-care-treatment-250ml\/","title":{"rendered":"Kundal Protein Bonding Care Treatment, 250ml"},"content":{"rendered":"<p data-start=\"34\" data-end=\"305\"><strong data-start=\"34\" data-end=\"75\">Kundal Protein Bonding Care -hoito<\/strong> \u2013 hiusnaamio palauttaa kiillon vaurioituneisiin hiuksiin ja ravitsee niit\u00e4 tehokkaasti. Provencen ruusun, tulppaanin ja hibiskuksen uutteet tekev\u00e4t elottomista ja p\u00f6rr\u00f6isist\u00e4 hiuksista kauniin kiilt\u00e4v\u00e4t ja terveenn\u00e4k\u00f6iset \u2013 aivan kuin kampaamok\u00e4ynnin j\u00e4lkeen!<\/p>\n<p data-start=\"307\" data-end=\"683\">Innovatiivinen <strong data-start=\"320\" data-end=\"343\">Tuplahoitoinen sidostus<\/strong> teknologia kosteuttaa tehokkaasti, vahvistaa hiuksia lis\u00e4\u00e4m\u00e4ll\u00e4 proteiiniyhdisteit\u00e4 hiuksen suomuihin ja suojaa l\u00e4mp\u00f6k\u00e4sittelylt\u00e4 jo ensimm\u00e4isest\u00e4 k\u00e4ytt\u00f6kerrasta alkaen. Naamio on hell\u00e4varainen ja ravinteikas: se sis\u00e4lt\u00e4\u00e4 esimerkiksi riisiproteiinia sek\u00e4 jojoba- ja kamelia\u00f6ljyj\u00e4, jotka hoitavat hiuksia juuresta latvaan. Tuloksena ovat silkinpehme\u00e4t ja kiilt\u00e4v\u00e4t hiukset!<\/p>\n<p data-start=\"685\" data-end=\"907\">Vegaaninen hiusnaamio hurmaa <strong data-start=\"722\" data-end=\"739\">Violet Muguet<\/strong> tuoksullaan, jossa yhdistyv\u00e4t puuteriset, makeat ja kevyesti mausteiset kukkaisvivahteet. Makea orvokki ja raikas kielo muodostavat yhdess\u00e4 kauniin tulkinnan kev\u00e4\u00e4n kukkaloistosta.<\/p>\n<p data-start=\"909\" data-end=\"924\"><strong data-start=\"909\" data-end=\"924\">K\u00e4ytt\u00f6:<\/strong><\/p>\n<p data-start=\"909\" data-end=\"924\">Levit\u00e4 sopiva m\u00e4\u00e4r\u00e4 naamiota hiuksiin. Hiero hell\u00e4varaisesti. Anna vaikuttaa 2\u20133 minuuttia ja huuhtele huolellisesti.<\/p>","protected":false},"excerpt":{"rendered":"<p>Kundal Protein Bonding Care Treatment \u2013 hiusnaamio palauttaa vaurioituneiden hiusten kiillon ja ravitsee niit\u00e4 tehokkaasti. Provencen ruusun, tulppaanin ja hibiskuksen uutteet tekev\u00e4t elottomista ja p\u00f6rr\u00f6isist\u00e4 hiuksista kauniin kiilt\u00e4v\u00e4t ja terveen n\u00e4k\u00f6iset \u2013 aivan kuin kampaamok\u00e4ynnin j\u00e4lkeen! Innovatiivinen Double Care Bonding -teknologia kosteuttaa tehokkaasti, vahvistaa hiuksia lis\u00e4\u00e4m\u00e4ll\u00e4 proteiinisidoksia hiussuoneen ja suojaa l\u00e4mp\u00f6k\u00e4sittelylt\u00e4 ensimm\u00e4isest\u00e4\u2026<\/p>","protected":false},"featured_media":14643,"comment_status":"open","ping_status":"closed","template":"","meta":{"_uf_show_specific_survey":0,"_uf_disable_surveys":false,"_bst_post_transparent":"default","_bst_post_title":"","_bst_post_layout":"default","_bst_post_sidebar_id":"","_bst_post_content_style":"default","_bst_post_vertical_padding":"default","_bst_post_feature":"","_bst_post_feature_position":"","_bst_post_header":false,"_bst_post_footer":false},"pwb-brand":[924],"product_brand":[],"product_cat":[923],"product_tag":[937,925,614],"class_list":{"0":"post-14642","1":"product","2":"type-product","3":"status-publish","4":"has-post-thumbnail","6":"pwb-brand-kundal","7":"product_cat-juuksed","8":"product_tag-juuksemask","9":"product_tag-kundal","10":"product_tag-mask","12":"first","13":"outofstock","14":"sale","15":"shipping-taxable","16":"purchasable","17":"product-type-simple","18":"entry","19":"content-bg","20":"loop-entry"},"supplier_id":null,"supplier_sku":"","barcode":null,"atum_controlled":true,"out_stock_date":"2025-11-21 11:18:19","out_stock_threshold":null,"inheritable":false,"inbound_stock":0,"stock_on_hold":0,"sold_today":0,"sales_last_days":0,"out_stock_days":143,"lost_sales":0,"has_location":false,"update_date":"2026-04-14T00:05:05","atum_locations":[],"atum_stock_status":"outofstock","restock_status":false,"low_stock_amount":"","sales_update_date":"2026-04-14T00:05:05","calc_backorders":null,"yoast_head":"<!-- This site is optimized with the Yoast SEO plugin v27.2 - https:\/\/yoast.com\/product\/yoast-seo-wordpress\/ -->\n<title>Kundal Protein Bonding Care Treatment, 250ml - IDA.KOREA<\/title>\n<meta name=\"description\" content=\"Kundal Protein Bonding Care Treatment \u2013 juuksemask taastab s\u00e4ra kahjustatud juustele ja toidab neid t\u00f5husalt - just nagu p\u00e4rast salongi k\u00fclastust!\" \/>\n<meta name=\"robots\" content=\"index, follow, max-snippet:-1, max-image-preview:large, max-video-preview:-1\" \/>\n<link rel=\"canonical\" href=\"https:\/\/idakorea.ee\/fi\/product\/kundal-protein-bonding-care-treatment-250ml\/\" \/>\n<meta property=\"og:locale\" content=\"fi_FI\" \/>\n<meta property=\"og:type\" content=\"article\" \/>\n<meta property=\"og:title\" content=\"Kundal Protein Bonding Care Treatment, 250ml - IDA.KOREA\" \/>\n<meta property=\"og:description\" content=\"Kundal Protein Bonding Care Treatment \u2013 juuksemask taastab s\u00e4ra kahjustatud juustele ja toidab neid t\u00f5husalt - just nagu p\u00e4rast salongi k\u00fclastust!\" \/>\n<meta property=\"og:url\" content=\"https:\/\/idakorea.ee\/fi\/product\/kundal-protein-bonding-care-treatment-250ml\/\" \/>\n<meta property=\"og:site_name\" content=\"IDA.KOREA\" \/>\n<meta property=\"article:modified_time\" content=\"2026-01-29T14:54:17+00:00\" \/>\n<meta property=\"og:image\" content=\"https:\/\/idakorea.ee\/wp-content\/uploads\/2025\/06\/kundal-protein-bonding-treatment-idakorea.ee_.webp\" \/>\n\t<meta property=\"og:image:width\" content=\"800\" \/>\n\t<meta property=\"og:image:height\" content=\"800\" \/>\n\t<meta property=\"og:image:type\" content=\"image\/webp\" \/>\n<meta name=\"twitter:card\" content=\"summary_large_image\" \/>\n<meta name=\"twitter:label1\" content=\"Arvioitu lukuaika\" \/>\n\t<meta name=\"twitter:data1\" content=\"1 minuutti\" \/>\n<script type=\"application\/ld+json\" class=\"yoast-schema-graph\">{\"@context\":\"https:\/\/schema.org\",\"@graph\":[{\"@type\":\"WebPage\",\"@id\":\"https:\/\/idakorea.ee\/product\/kundal-protein-bonding-care-treatment-250ml\/\",\"url\":\"https:\/\/idakorea.ee\/product\/kundal-protein-bonding-care-treatment-250ml\/\",\"name\":\"Kundal Protein Bonding Care Treatment, 250ml - IDA.KOREA\",\"isPartOf\":{\"@id\":\"https:\/\/idakorea.ee\/#website\"},\"primaryImageOfPage\":{\"@id\":\"https:\/\/idakorea.ee\/product\/kundal-protein-bonding-care-treatment-250ml\/#primaryimage\"},\"image\":{\"@id\":\"https:\/\/idakorea.ee\/product\/kundal-protein-bonding-care-treatment-250ml\/#primaryimage\"},\"thumbnailUrl\":\"https:\/\/idakorea.ee\/wp-content\/uploads\/2025\/06\/kundal-protein-bonding-treatment-idakorea.ee_.webp\",\"datePublished\":\"2025-06-12T12:04:01+00:00\",\"dateModified\":\"2026-01-29T14:54:17+00:00\",\"description\":\"Kundal Protein Bonding Care Treatment \u2013 juuksemask taastab s\u00e4ra kahjustatud juustele ja toidab neid t\u00f5husalt - just nagu p\u00e4rast salongi k\u00fclastust!\",\"breadcrumb\":{\"@id\":\"https:\/\/idakorea.ee\/product\/kundal-protein-bonding-care-treatment-250ml\/#breadcrumb\"},\"inLanguage\":\"fi\",\"potentialAction\":[{\"@type\":\"ReadAction\",\"target\":[\"https:\/\/idakorea.ee\/product\/kundal-protein-bonding-care-treatment-250ml\/\"]}]},{\"@type\":\"ImageObject\",\"inLanguage\":\"fi\",\"@id\":\"https:\/\/idakorea.ee\/product\/kundal-protein-bonding-care-treatment-250ml\/#primaryimage\",\"url\":\"https:\/\/idakorea.ee\/wp-content\/uploads\/2025\/06\/kundal-protein-bonding-treatment-idakorea.ee_.webp\",\"contentUrl\":\"https:\/\/idakorea.ee\/wp-content\/uploads\/2025\/06\/kundal-protein-bonding-treatment-idakorea.ee_.webp\",\"width\":800,\"height\":800},{\"@type\":\"BreadcrumbList\",\"@id\":\"https:\/\/idakorea.ee\/product\/kundal-protein-bonding-care-treatment-250ml\/#breadcrumb\",\"itemListElement\":[{\"@type\":\"ListItem\",\"position\":1,\"name\":\"\u0413\u043b\u0430\u0432\u043d\u0430\u044f \u0441\u0442\u0440\u0430\u043d\u0438\u0446\u0430\",\"item\":\"https:\/\/idakorea.ee\/\"},{\"@type\":\"ListItem\",\"position\":2,\"name\":\"Shop\",\"item\":\"https:\/\/idakorea.ee\/shop-2\/\"},{\"@type\":\"ListItem\",\"position\":3,\"name\":\"Juuksemask Kundal Protein Bonding Care Treatment, 250ml\"}]},{\"@type\":\"WebSite\",\"@id\":\"https:\/\/idakorea.ee\/#website\",\"url\":\"https:\/\/idakorea.ee\/\",\"name\":\"IDA.KOREA\",\"description\":\"Korea kosmeetika e-pood\",\"publisher\":{\"@id\":\"https:\/\/idakorea.ee\/#organization\"},\"alternateName\":\"Beauty Shop\",\"potentialAction\":[{\"@type\":\"SearchAction\",\"target\":{\"@type\":\"EntryPoint\",\"urlTemplate\":\"https:\/\/idakorea.ee\/?s={search_term_string}\"},\"query-input\":{\"@type\":\"PropertyValueSpecification\",\"valueRequired\":true,\"valueName\":\"search_term_string\"}}],\"inLanguage\":\"fi\"},{\"@type\":\"Organization\",\"@id\":\"https:\/\/idakorea.ee\/#organization\",\"name\":\"IDA.KOREA\",\"url\":\"https:\/\/idakorea.ee\/\",\"logo\":{\"@type\":\"ImageObject\",\"inLanguage\":\"fi\",\"@id\":\"https:\/\/idakorea.ee\/#\/schema\/logo\/image\/\",\"url\":\"https:\/\/idakorea.ee\/wp-content\/uploads\/2024\/05\/cropped-korea3.png\",\"contentUrl\":\"https:\/\/idakorea.ee\/wp-content\/uploads\/2024\/05\/cropped-korea3.png\",\"width\":688,\"height\":126,\"caption\":\"IDA.KOREA\"},\"image\":{\"@id\":\"https:\/\/idakorea.ee\/#\/schema\/logo\/image\/\"},\"sameAs\":[\"https:\/\/www.instagram.com\/ida.korea\/\"]}]}<\/script>\n<!-- \/ Yoast SEO plugin. -->","yoast_head_json":{"title":"Kundal Protein Bonding Care Treatment, 250ml - IDA.KOREA","description":"Kundal Protein Bonding Care Treatment \u2013 hiusnaamio palauttaa vaurioituneiden hiusten kiillon ja ravitsee niit\u00e4 tehokkaasti \u2013 aivan kuin kampaamok\u00e4ynnin j\u00e4lkeen!","robots":{"index":"index","follow":"follow","max-snippet":"max-snippet:-1","max-image-preview":"max-image-preview:large","max-video-preview":"max-video-preview:-1"},"canonical":"https:\/\/idakorea.ee\/fi\/product\/kundal-protein-bonding-care-treatment-250ml\/","og_locale":"fi_FI","og_type":"article","og_title":"Kundal Protein Bonding Care Treatment, 250ml - IDA.KOREA","og_description":"Kundal Protein Bonding Care Treatment \u2013 juuksemask taastab s\u00e4ra kahjustatud juustele ja toidab neid t\u00f5husalt - just nagu p\u00e4rast salongi k\u00fclastust!","og_url":"https:\/\/idakorea.ee\/fi\/product\/kundal-protein-bonding-care-treatment-250ml\/","og_site_name":"IDA.KOREA","article_modified_time":"2026-01-29T14:54:17+00:00","og_image":[{"width":800,"height":800,"url":"https:\/\/idakorea.ee\/wp-content\/uploads\/2025\/06\/kundal-protein-bonding-treatment-idakorea.ee_.webp","type":"image\/webp"}],"twitter_card":"summary_large_image","twitter_misc":{"Arvioitu lukuaika":"1 minuutti"},"schema":{"@context":"https:\/\/schema.org","@graph":[{"@type":"WebPage","@id":"https:\/\/idakorea.ee\/product\/kundal-protein-bonding-care-treatment-250ml\/","url":"https:\/\/idakorea.ee\/product\/kundal-protein-bonding-care-treatment-250ml\/","name":"Kundal Protein Bonding Care Treatment, 250ml - IDA.KOREA","isPartOf":{"@id":"https:\/\/idakorea.ee\/#website"},"primaryImageOfPage":{"@id":"https:\/\/idakorea.ee\/product\/kundal-protein-bonding-care-treatment-250ml\/#primaryimage"},"image":{"@id":"https:\/\/idakorea.ee\/product\/kundal-protein-bonding-care-treatment-250ml\/#primaryimage"},"thumbnailUrl":"https:\/\/idakorea.ee\/wp-content\/uploads\/2025\/06\/kundal-protein-bonding-treatment-idakorea.ee_.webp","datePublished":"2025-06-12T12:04:01+00:00","dateModified":"2026-01-29T14:54:17+00:00","description":"Kundal Protein Bonding Care Treatment \u2013 hiusnaamio palauttaa vaurioituneiden hiusten kiillon ja ravitsee niit\u00e4 tehokkaasti \u2013 aivan kuin kampaamok\u00e4ynnin j\u00e4lkeen!","breadcrumb":{"@id":"https:\/\/idakorea.ee\/product\/kundal-protein-bonding-care-treatment-250ml\/#breadcrumb"},"inLanguage":"fi","potentialAction":[{"@type":"ReadAction","target":["https:\/\/idakorea.ee\/product\/kundal-protein-bonding-care-treatment-250ml\/"]}]},{"@type":"ImageObject","inLanguage":"fi","@id":"https:\/\/idakorea.ee\/product\/kundal-protein-bonding-care-treatment-250ml\/#primaryimage","url":"https:\/\/idakorea.ee\/wp-content\/uploads\/2025\/06\/kundal-protein-bonding-treatment-idakorea.ee_.webp","contentUrl":"https:\/\/idakorea.ee\/wp-content\/uploads\/2025\/06\/kundal-protein-bonding-treatment-idakorea.ee_.webp","width":800,"height":800},{"@type":"BreadcrumbList","@id":"https:\/\/idakorea.ee\/product\/kundal-protein-bonding-care-treatment-250ml\/#breadcrumb","itemListElement":[{"@type":"ListItem","position":1,"name":"\u0413\u043b\u0430\u0432\u043d\u0430\u044f \u0441\u0442\u0440\u0430\u043d\u0438\u0446\u0430","item":"https:\/\/idakorea.ee\/"},{"@type":"ListItem","position":2,"name":"Shop","item":"https:\/\/idakorea.ee\/shop-2\/"},{"@type":"ListItem","position":3,"name":"Juuksemask Kundal Protein Bonding Care Treatment, 250ml"}]},{"@type":"WebSite","@id":"https:\/\/idakorea.ee\/#website","url":"https:\/\/idakorea.ee\/","name":"IDA.KOREA","description":"Korean kosmetiikan verkkokauppa","publisher":{"@id":"https:\/\/idakorea.ee\/#organization"},"alternateName":"Beauty Shop","potentialAction":[{"@type":"SearchAction","target":{"@type":"EntryPoint","urlTemplate":"https:\/\/idakorea.ee\/?s={search_term_string}"},"query-input":{"@type":"PropertyValueSpecification","valueRequired":true,"valueName":"search_term_string"}}],"inLanguage":"fi"},{"@type":"Organization","@id":"https:\/\/idakorea.ee\/#organization","name":"IDA.KOREA","url":"https:\/\/idakorea.ee\/","logo":{"@type":"ImageObject","inLanguage":"fi","@id":"https:\/\/idakorea.ee\/#\/schema\/logo\/image\/","url":"https:\/\/idakorea.ee\/wp-content\/uploads\/2024\/05\/cropped-korea3.png","contentUrl":"https:\/\/idakorea.ee\/wp-content\/uploads\/2024\/05\/cropped-korea3.png","width":688,"height":126,"caption":"IDA.KOREA"},"image":{"@id":"https:\/\/idakorea.ee\/#\/schema\/logo\/image\/"},"sameAs":["https:\/\/www.instagram.com\/ida.korea\/"]}]}},"jetpack_sharing_enabled":true,"brands":[{"id":924,"name":"KUNDAL","slug":"kundal"}],"_links":{"self":[{"href":"https:\/\/idakorea.ee\/fi\/wp-json\/wp\/v2\/product\/14642","targetHints":{"allow":["GET"]}}],"collection":[{"href":"https:\/\/idakorea.ee\/fi\/wp-json\/wp\/v2\/product"}],"about":[{"href":"https:\/\/idakorea.ee\/fi\/wp-json\/wp\/v2\/types\/product"}],"replies":[{"embeddable":true,"href":"https:\/\/idakorea.ee\/fi\/wp-json\/wp\/v2\/comments?post=14642"}],"version-history":[{"count":3,"href":"https:\/\/idakorea.ee\/fi\/wp-json\/wp\/v2\/product\/14642\/revisions"}],"predecessor-version":[{"id":15016,"href":"https:\/\/idakorea.ee\/fi\/wp-json\/wp\/v2\/product\/14642\/revisions\/15016"}],"wp:featuredmedia":[{"embeddable":true,"href":"https:\/\/idakorea.ee\/fi\/wp-json\/wp\/v2\/media\/14643"}],"wp:attachment":[{"href":"https:\/\/idakorea.ee\/fi\/wp-json\/wp\/v2\/media?parent=14642"}],"wp:term":[{"taxonomy":"pwb-brand","embeddable":true,"href":"https:\/\/idakorea.ee\/fi\/wp-json\/wp\/v2\/pwb-brand?post=14642"},{"taxonomy":"product_brand","embeddable":true,"href":"https:\/\/idakorea.ee\/fi\/wp-json\/wp\/v2\/product_brand?post=14642"},{"taxonomy":"product_cat","embeddable":true,"href":"https:\/\/idakorea.ee\/fi\/wp-json\/wp\/v2\/product_cat?post=14642"},{"taxonomy":"product_tag","embeddable":true,"href":"https:\/\/idakorea.ee\/fi\/wp-json\/wp\/v2\/product_tag?post=14642"}],"curies":[{"name":"wp","href":"https:\/\/api.w.org\/{rel}","templated":true}]}}