{"id":14652,"date":"2025-06-12T18:51:07","date_gmt":"2025-06-12T15:51:07","guid":{"rendered":"https:\/\/idakorea.ee\/?post_type=product&#038;p=14652"},"modified":"2026-01-29T16:54:11","modified_gmt":"2026-01-29T14:54:11","slug":"kundal-protein-bonding-care-hair-mist-serum-150ml","status":"publish","type":"product","link":"https:\/\/idakorea.ee\/fi\/product\/kundal-protein-bonding-care-hair-mist-serum-150ml\/","title":{"rendered":"Kundal Protein Bonding Care Hair Mist Serum, 150ml"},"content":{"rendered":"<p>Hell\u00e4varaisen vegaanisen koostumuksensa ja huolellisesti valittujen ainesosien ansiosta t\u00e4m\u00e4 seerumi lupaa merkitt\u00e4vi\u00e4 tuloksia vain 14 p\u00e4iv\u00e4ss\u00e4. Kasviuutteiden ja ravinteiden sekoitus tarjoaa syv\u00e4kosteutusta, ehk\u00e4isee hiusvaurioita ja edist\u00e4\u00e4 hiusten terveytt\u00e4 ja kiiltoa.<\/p>\n<p><strong>T\u00e4rkeimm\u00e4t ominaisuudet:<\/strong><\/p>\n<ul>\n<li><strong>Syv\u00e4kosteutus:<\/strong> Ruusu, hibiskusuute ja keramiikka koostumuksessa kosteuttavat tehokkaasti pit\u00e4en hiukset kosteutettuina ja eloisina.<\/li>\n<li><strong>Kunnostus ja vahvistaminen:<\/strong> Tulppaaniuute ja proteiinikompleksi palauttavat hiusten vahvuuden ja kimmoisuuden, tehden niist\u00e4 pehme\u00e4t ja kest\u00e4v\u00e4mm\u00e4t vaurioille.<\/li>\n<li><strong>Kaksihaaraisten ehk\u00e4isy:<\/strong> Auttaa yll\u00e4pit\u00e4m\u00e4\u00e4n hiusten latvojen eheytt\u00e4 ja v\u00e4hent\u00e4\u00e4 kaksihaaraisia, tasoittaa rakennetta.<\/li>\n<li><strong>L\u00e4mp\u00f6suoja:<\/strong> Suojaa hiuksia jopa 230\u00b0C:n l\u00e4mm\u00f6lt\u00e4 ja luo suojakerroksen l\u00e4mp\u00f6muotoilutuotteita vastaan.<\/li>\n<li><strong>Ymp\u00e4rist\u00f6vaikutusten suojaus:<\/strong> muodostaa suojakerroksen, joka v\u00e4hent\u00e4\u00e4 hiusten katkeilua ja menetyst\u00e4 sek\u00e4 suojaa UV-s\u00e4teilylt\u00e4.<\/li>\n<li><strong>Tekstuurin tasoitus:<\/strong> tekee hiuksista sile\u00e4t ja silkkiset.<\/li>\n<\/ul>\n<p><strong>Aktiiviset ainesosat:<\/strong><\/p>\n<ul>\n<li><strong>Ruusuutetta<\/strong> \u2013 pehment\u00e4\u00e4, v\u00e4hent\u00e4\u00e4 p\u00f6rr\u00f6isyytt\u00e4, lis\u00e4\u00e4 kiiltoa, ehk\u00e4isee kaksihaaraisia, kosteuttaa syv\u00e4lt\u00e4.<\/li>\n<li><strong>Hibiscus-kukkauute<\/strong> \u2013 lis\u00e4\u00e4 volyymia ja kosteuttaa.<\/li>\n<li><strong>Tulppaaniuute<\/strong> \u2013 vahvistaa hiusten proteiinirakennetta.<\/li>\n<li><strong>Pantenoli (provitamiini B5)<\/strong> \u2013 kosteuttaa ja lis\u00e4\u00e4 kiiltoa, auttaa yll\u00e4pit\u00e4m\u00e4\u00e4n kosteustasapainoa.<\/li>\n<li><strong>keramideilla<\/strong> \u2013 suojaa hiusten luonnollista kosteussuojaa.<\/li>\n<li><strong>Proteiinikompleksi<\/strong> \u2013 rikastuttaa hiuksia aminohapoilla ja silkkiproteiineilla, vahvistaen ja palauttaen niit\u00e4.<\/li>\n<\/ul>\n<p><strong>Sopii: <\/strong>Vaurioituneille hiuksille, kuiville hiuksille, hauraille tai helposti katkeileville hiuksille ja kaksihaaraisille hiuksille.<\/p>\n<p><strong>Tuoksun kuvaus:<\/strong><\/p>\n<ul>\n<li>P\u00e4\u00e4tuoksu: bergamotti<\/li>\n<li>Syd\u00e4ntuoksu: valkoinen lilja, orvokki<\/li>\n<li>Pohjatuoksu: vanilja<\/li>\n<\/ul>\n<p><strong>K\u00e4ytt\u00f6:<\/strong><\/p>\n<p>Ravista pulloa ennen k\u00e4ytt\u00f6\u00e4 ainesten sekoittamiseksi. Suihkuta kosteisiin tai kuiviin hiuksiin 10\u201320 cm et\u00e4isyydelt\u00e4. Muotoile tai kuivaa hiukset luonnollisesti tai f\u00f6\u00f6nill\u00e4.<\/p>","protected":false},"excerpt":{"rendered":"<p>Hell\u00e4varaisen vegaanisen koostumuksensa ja huolellisesti valittujen ainesosien ansiosta t\u00e4m\u00e4 seerumi lupaa tuoda merkitt\u00e4vi\u00e4 tuloksia vain 14 p\u00e4iv\u00e4ss\u00e4. Kasviuutteiden ja ravinteiden sekoitus varmistaa syv\u00e4kosteutuksen, ehk\u00e4isee hiusvaurioita ja edist\u00e4\u00e4 hiusten terveytt\u00e4 ja kiiltoa. T\u00e4rkeimm\u00e4t ominaisuudet: Syv\u00e4kosteutus: ruusu, hibiskusuute ja keramiikka koostumuksessa kosteuttavat tehokkaasti pit\u00e4en hiukset kosteutettuina ja eloisina. Palauttaminen ja vahvistaminen: tulppaaniuute\u2026<\/p>","protected":false},"featured_media":14653,"comment_status":"open","ping_status":"closed","template":"","meta":{"_uf_show_specific_survey":0,"_uf_disable_surveys":false,"_bst_post_transparent":"default","_bst_post_title":"","_bst_post_layout":"default","_bst_post_sidebar_id":"","_bst_post_content_style":"default","_bst_post_vertical_padding":"default","_bst_post_feature":"","_bst_post_feature_position":"","_bst_post_header":false,"_bst_post_footer":false},"pwb-brand":[924],"product_brand":[],"product_cat":[923],"product_tag":[],"class_list":{"0":"post-14652","1":"product","2":"type-product","3":"status-publish","4":"has-post-thumbnail","6":"pwb-brand-kundal","7":"product_cat-juuksed","9":"first","10":"outofstock","11":"sale","12":"shipping-taxable","13":"purchasable","14":"product-type-simple","15":"entry","16":"content-bg","17":"loop-entry"},"supplier_id":null,"supplier_sku":"","barcode":null,"atum_controlled":true,"out_stock_date":"2026-01-09 15:30:06","out_stock_threshold":null,"inheritable":false,"inbound_stock":0,"stock_on_hold":0,"sold_today":0,"sales_last_days":0,"out_stock_days":94,"lost_sales":294,"has_location":false,"update_date":"2026-04-14T00:05:04","atum_locations":[],"atum_stock_status":"outofstock","restock_status":false,"low_stock_amount":"","sales_update_date":"2026-04-14T00:05:04","calc_backorders":null,"yoast_head":"<!-- This site is optimized with the Yoast SEO plugin v27.2 - https:\/\/yoast.com\/product\/yoast-seo-wordpress\/ -->\n<title>Kundal Protein Bonding Care Hair Mist Serum, 150ml - IDA.KOREA<\/title>\n<meta name=\"description\" content=\"Kundal seerum niisutab, tugevdab ja kaitseb juukseid kuumuse ja keskkonnam\u00f5jude eest. Tulemuseks on siledad, s\u00e4ravad ja terved juuksed juba 14 p\u00e4evaga.\" \/>\n<meta name=\"robots\" content=\"index, follow, max-snippet:-1, max-image-preview:large, max-video-preview:-1\" \/>\n<link rel=\"canonical\" href=\"https:\/\/idakorea.ee\/fi\/product\/kundal-protein-bonding-care-hair-mist-serum-150ml\/\" \/>\n<meta property=\"og:locale\" content=\"fi_FI\" \/>\n<meta property=\"og:type\" content=\"article\" \/>\n<meta property=\"og:title\" content=\"Kundal Protein Bonding Care Hair Mist Serum, 150ml - IDA.KOREA\" \/>\n<meta property=\"og:description\" content=\"Kundal seerum niisutab, tugevdab ja kaitseb juukseid kuumuse ja keskkonnam\u00f5jude eest. Tulemuseks on siledad, s\u00e4ravad ja terved juuksed juba 14 p\u00e4evaga.\" \/>\n<meta property=\"og:url\" content=\"https:\/\/idakorea.ee\/fi\/product\/kundal-protein-bonding-care-hair-mist-serum-150ml\/\" \/>\n<meta property=\"og:site_name\" content=\"IDA.KOREA\" \/>\n<meta property=\"article:modified_time\" content=\"2026-01-29T14:54:11+00:00\" \/>\n<meta property=\"og:image\" content=\"https:\/\/idakorea.ee\/wp-content\/uploads\/2025\/06\/kundal-protein-bonding-hair-mist-serum-idakorea.ee_.webp\" \/>\n\t<meta property=\"og:image:width\" content=\"800\" \/>\n\t<meta property=\"og:image:height\" content=\"800\" \/>\n\t<meta property=\"og:image:type\" content=\"image\/webp\" \/>\n<meta name=\"twitter:card\" content=\"summary_large_image\" \/>\n<meta name=\"twitter:label1\" content=\"Arvioitu lukuaika\" \/>\n\t<meta name=\"twitter:data1\" content=\"2 minuuttia\" \/>\n<script type=\"application\/ld+json\" class=\"yoast-schema-graph\">{\"@context\":\"https:\/\/schema.org\",\"@graph\":[{\"@type\":\"WebPage\",\"@id\":\"https:\/\/idakorea.ee\/product\/kundal-protein-bonding-care-hair-mist-serum-150ml\/\",\"url\":\"https:\/\/idakorea.ee\/product\/kundal-protein-bonding-care-hair-mist-serum-150ml\/\",\"name\":\"Kundal Protein Bonding Care Hair Mist Serum, 150ml - IDA.KOREA\",\"isPartOf\":{\"@id\":\"https:\/\/idakorea.ee\/#website\"},\"primaryImageOfPage\":{\"@id\":\"https:\/\/idakorea.ee\/product\/kundal-protein-bonding-care-hair-mist-serum-150ml\/#primaryimage\"},\"image\":{\"@id\":\"https:\/\/idakorea.ee\/product\/kundal-protein-bonding-care-hair-mist-serum-150ml\/#primaryimage\"},\"thumbnailUrl\":\"https:\/\/idakorea.ee\/wp-content\/uploads\/2025\/06\/kundal-protein-bonding-hair-mist-serum-idakorea.ee_.webp\",\"datePublished\":\"2025-06-12T15:51:07+00:00\",\"dateModified\":\"2026-01-29T14:54:11+00:00\",\"description\":\"Kundal seerum niisutab, tugevdab ja kaitseb juukseid kuumuse ja keskkonnam\u00f5jude eest. Tulemuseks on siledad, s\u00e4ravad ja terved juuksed juba 14 p\u00e4evaga.\",\"breadcrumb\":{\"@id\":\"https:\/\/idakorea.ee\/product\/kundal-protein-bonding-care-hair-mist-serum-150ml\/#breadcrumb\"},\"inLanguage\":\"fi\",\"potentialAction\":[{\"@type\":\"ReadAction\",\"target\":[\"https:\/\/idakorea.ee\/product\/kundal-protein-bonding-care-hair-mist-serum-150ml\/\"]}]},{\"@type\":\"ImageObject\",\"inLanguage\":\"fi\",\"@id\":\"https:\/\/idakorea.ee\/product\/kundal-protein-bonding-care-hair-mist-serum-150ml\/#primaryimage\",\"url\":\"https:\/\/idakorea.ee\/wp-content\/uploads\/2025\/06\/kundal-protein-bonding-hair-mist-serum-idakorea.ee_.webp\",\"contentUrl\":\"https:\/\/idakorea.ee\/wp-content\/uploads\/2025\/06\/kundal-protein-bonding-hair-mist-serum-idakorea.ee_.webp\",\"width\":800,\"height\":800},{\"@type\":\"BreadcrumbList\",\"@id\":\"https:\/\/idakorea.ee\/product\/kundal-protein-bonding-care-hair-mist-serum-150ml\/#breadcrumb\",\"itemListElement\":[{\"@type\":\"ListItem\",\"position\":1,\"name\":\"\u0413\u043b\u0430\u0432\u043d\u0430\u044f \u0441\u0442\u0440\u0430\u043d\u0438\u0446\u0430\",\"item\":\"https:\/\/idakorea.ee\/\"},{\"@type\":\"ListItem\",\"position\":2,\"name\":\"Shop\",\"item\":\"https:\/\/idakorea.ee\/shop-2\/\"},{\"@type\":\"ListItem\",\"position\":3,\"name\":\"Taastav juukseseerum kuumakaitsega Kundal Protein Bonding Care Hair Mist Serum, 150ml\"}]},{\"@type\":\"WebSite\",\"@id\":\"https:\/\/idakorea.ee\/#website\",\"url\":\"https:\/\/idakorea.ee\/\",\"name\":\"IDA.KOREA\",\"description\":\"Korea kosmeetika e-pood\",\"publisher\":{\"@id\":\"https:\/\/idakorea.ee\/#organization\"},\"alternateName\":\"Beauty Shop\",\"potentialAction\":[{\"@type\":\"SearchAction\",\"target\":{\"@type\":\"EntryPoint\",\"urlTemplate\":\"https:\/\/idakorea.ee\/?s={search_term_string}\"},\"query-input\":{\"@type\":\"PropertyValueSpecification\",\"valueRequired\":true,\"valueName\":\"search_term_string\"}}],\"inLanguage\":\"fi\"},{\"@type\":\"Organization\",\"@id\":\"https:\/\/idakorea.ee\/#organization\",\"name\":\"IDA.KOREA\",\"url\":\"https:\/\/idakorea.ee\/\",\"logo\":{\"@type\":\"ImageObject\",\"inLanguage\":\"fi\",\"@id\":\"https:\/\/idakorea.ee\/#\/schema\/logo\/image\/\",\"url\":\"https:\/\/idakorea.ee\/wp-content\/uploads\/2024\/05\/cropped-korea3.png\",\"contentUrl\":\"https:\/\/idakorea.ee\/wp-content\/uploads\/2024\/05\/cropped-korea3.png\",\"width\":688,\"height\":126,\"caption\":\"IDA.KOREA\"},\"image\":{\"@id\":\"https:\/\/idakorea.ee\/#\/schema\/logo\/image\/\"},\"sameAs\":[\"https:\/\/www.instagram.com\/ida.korea\/\"]}]}<\/script>\n<!-- \/ Yoast SEO plugin. -->","yoast_head_json":{"title":"Kundal Protein Bonding Care Hair Mist Serum, 150 ml - IDA.KOREA","description":"Kundal-seerumi kosteuttaa, vahvistaa ja suojaa hiuksia l\u00e4mm\u00f6lt\u00e4 ja ymp\u00e4rist\u00f6n aiheuttamilta haittavaikutuksilta. Tuloksena on sile\u00e4t, kiilt\u00e4v\u00e4t ja terveet hiukset vain 14 p\u00e4iv\u00e4ss\u00e4.","robots":{"index":"index","follow":"follow","max-snippet":"max-snippet:-1","max-image-preview":"max-image-preview:large","max-video-preview":"max-video-preview:-1"},"canonical":"https:\/\/idakorea.ee\/fi\/product\/kundal-protein-bonding-care-hair-mist-serum-150ml\/","og_locale":"fi_FI","og_type":"article","og_title":"Kundal Protein Bonding Care Hair Mist Serum, 150ml - IDA.KOREA","og_description":"Kundal seerum niisutab, tugevdab ja kaitseb juukseid kuumuse ja keskkonnam\u00f5jude eest. Tulemuseks on siledad, s\u00e4ravad ja terved juuksed juba 14 p\u00e4evaga.","og_url":"https:\/\/idakorea.ee\/fi\/product\/kundal-protein-bonding-care-hair-mist-serum-150ml\/","og_site_name":"IDA.KOREA","article_modified_time":"2026-01-29T14:54:11+00:00","og_image":[{"width":800,"height":800,"url":"https:\/\/idakorea.ee\/wp-content\/uploads\/2025\/06\/kundal-protein-bonding-hair-mist-serum-idakorea.ee_.webp","type":"image\/webp"}],"twitter_card":"summary_large_image","twitter_misc":{"Arvioitu lukuaika":"2 minuuttia"},"schema":{"@context":"https:\/\/schema.org","@graph":[{"@type":"WebPage","@id":"https:\/\/idakorea.ee\/product\/kundal-protein-bonding-care-hair-mist-serum-150ml\/","url":"https:\/\/idakorea.ee\/product\/kundal-protein-bonding-care-hair-mist-serum-150ml\/","name":"Kundal Protein Bonding Care Hair Mist Serum, 150 ml - IDA.KOREA","isPartOf":{"@id":"https:\/\/idakorea.ee\/#website"},"primaryImageOfPage":{"@id":"https:\/\/idakorea.ee\/product\/kundal-protein-bonding-care-hair-mist-serum-150ml\/#primaryimage"},"image":{"@id":"https:\/\/idakorea.ee\/product\/kundal-protein-bonding-care-hair-mist-serum-150ml\/#primaryimage"},"thumbnailUrl":"https:\/\/idakorea.ee\/wp-content\/uploads\/2025\/06\/kundal-protein-bonding-hair-mist-serum-idakorea.ee_.webp","datePublished":"2025-06-12T15:51:07+00:00","dateModified":"2026-01-29T14:54:11+00:00","description":"Kundal-seerumi kosteuttaa, vahvistaa ja suojaa hiuksia l\u00e4mm\u00f6lt\u00e4 ja ymp\u00e4rist\u00f6n aiheuttamilta haittavaikutuksilta. Tuloksena on sile\u00e4t, kiilt\u00e4v\u00e4t ja terveet hiukset vain 14 p\u00e4iv\u00e4ss\u00e4.","breadcrumb":{"@id":"https:\/\/idakorea.ee\/product\/kundal-protein-bonding-care-hair-mist-serum-150ml\/#breadcrumb"},"inLanguage":"fi","potentialAction":[{"@type":"ReadAction","target":["https:\/\/idakorea.ee\/product\/kundal-protein-bonding-care-hair-mist-serum-150ml\/"]}]},{"@type":"ImageObject","inLanguage":"fi","@id":"https:\/\/idakorea.ee\/product\/kundal-protein-bonding-care-hair-mist-serum-150ml\/#primaryimage","url":"https:\/\/idakorea.ee\/wp-content\/uploads\/2025\/06\/kundal-protein-bonding-hair-mist-serum-idakorea.ee_.webp","contentUrl":"https:\/\/idakorea.ee\/wp-content\/uploads\/2025\/06\/kundal-protein-bonding-hair-mist-serum-idakorea.ee_.webp","width":800,"height":800},{"@type":"BreadcrumbList","@id":"https:\/\/idakorea.ee\/product\/kundal-protein-bonding-care-hair-mist-serum-150ml\/#breadcrumb","itemListElement":[{"@type":"ListItem","position":1,"name":"\u0413\u043b\u0430\u0432\u043d\u0430\u044f \u0441\u0442\u0440\u0430\u043d\u0438\u0446\u0430","item":"https:\/\/idakorea.ee\/"},{"@type":"ListItem","position":2,"name":"Shop","item":"https:\/\/idakorea.ee\/shop-2\/"},{"@type":"ListItem","position":3,"name":"Taastav juukseseerum kuumakaitsega Kundal Protein Bonding Care Hair Mist Serum, 150ml"}]},{"@type":"WebSite","@id":"https:\/\/idakorea.ee\/#website","url":"https:\/\/idakorea.ee\/","name":"IDA.KOREA","description":"Korean kosmetiikan verkkokauppa","publisher":{"@id":"https:\/\/idakorea.ee\/#organization"},"alternateName":"Beauty Shop","potentialAction":[{"@type":"SearchAction","target":{"@type":"EntryPoint","urlTemplate":"https:\/\/idakorea.ee\/?s={search_term_string}"},"query-input":{"@type":"PropertyValueSpecification","valueRequired":true,"valueName":"search_term_string"}}],"inLanguage":"fi"},{"@type":"Organization","@id":"https:\/\/idakorea.ee\/#organization","name":"IDA.KOREA","url":"https:\/\/idakorea.ee\/","logo":{"@type":"ImageObject","inLanguage":"fi","@id":"https:\/\/idakorea.ee\/#\/schema\/logo\/image\/","url":"https:\/\/idakorea.ee\/wp-content\/uploads\/2024\/05\/cropped-korea3.png","contentUrl":"https:\/\/idakorea.ee\/wp-content\/uploads\/2024\/05\/cropped-korea3.png","width":688,"height":126,"caption":"IDA.KOREA"},"image":{"@id":"https:\/\/idakorea.ee\/#\/schema\/logo\/image\/"},"sameAs":["https:\/\/www.instagram.com\/ida.korea\/"]}]}},"jetpack_sharing_enabled":true,"brands":[{"id":924,"name":"KUNDAL","slug":"kundal"}],"_links":{"self":[{"href":"https:\/\/idakorea.ee\/fi\/wp-json\/wp\/v2\/product\/14652","targetHints":{"allow":["GET"]}}],"collection":[{"href":"https:\/\/idakorea.ee\/fi\/wp-json\/wp\/v2\/product"}],"about":[{"href":"https:\/\/idakorea.ee\/fi\/wp-json\/wp\/v2\/types\/product"}],"replies":[{"embeddable":true,"href":"https:\/\/idakorea.ee\/fi\/wp-json\/wp\/v2\/comments?post=14652"}],"version-history":[{"count":2,"href":"https:\/\/idakorea.ee\/fi\/wp-json\/wp\/v2\/product\/14652\/revisions"}],"predecessor-version":[{"id":14812,"href":"https:\/\/idakorea.ee\/fi\/wp-json\/wp\/v2\/product\/14652\/revisions\/14812"}],"wp:featuredmedia":[{"embeddable":true,"href":"https:\/\/idakorea.ee\/fi\/wp-json\/wp\/v2\/media\/14653"}],"wp:attachment":[{"href":"https:\/\/idakorea.ee\/fi\/wp-json\/wp\/v2\/media?parent=14652"}],"wp:term":[{"taxonomy":"pwb-brand","embeddable":true,"href":"https:\/\/idakorea.ee\/fi\/wp-json\/wp\/v2\/pwb-brand?post=14652"},{"taxonomy":"product_brand","embeddable":true,"href":"https:\/\/idakorea.ee\/fi\/wp-json\/wp\/v2\/product_brand?post=14652"},{"taxonomy":"product_cat","embeddable":true,"href":"https:\/\/idakorea.ee\/fi\/wp-json\/wp\/v2\/product_cat?post=14652"},{"taxonomy":"product_tag","embeddable":true,"href":"https:\/\/idakorea.ee\/fi\/wp-json\/wp\/v2\/product_tag?post=14652"}],"curies":[{"name":"wp","href":"https:\/\/api.w.org\/{rel}","templated":true}]}}