{"id":14688,"date":"2025-06-17T09:57:29","date_gmt":"2025-06-17T07:57:29","guid":{"rendered":"https:\/\/idakorea.ee\/?post_type=product&#038;p=14688"},"modified":"2026-03-21T21:54:27","modified_gmt":"2026-03-21T19:54:27","slug":"round-lab-birch-juice-moisturizing-cleansing-pad","status":"publish","type":"product","link":"https:\/\/idakorea.ee\/fi\/product\/round-lab-birch-juice-moisturizing-cleansing-pad\/","title":{"rendered":"Round Lab Birch Juice Moisturizing Cleansing Pad, 60 kpl"},"content":{"rendered":"<p><strong>Round Lab Birch Juice Moisturizing Cleansing Pad <\/strong>Meikinpoistolaput poistavat hell\u00e4varaisesti kaiken lian, meikin ja ylim\u00e4\u00e4r\u00e4isen rasvan vahingoittamatta ihon lipidikerrosta tai \u00e4rsytt\u00e4m\u00e4tt\u00e4 herkint\u00e4k\u00e4\u00e4n ja ohuinta ihoa. Lapuilla poistetaan my\u00f6s aurinkosuoja ja meikkituotteet sek\u00e4 ihohuokoset. Niill\u00e4 on neutraali pH-arvo, eiv\u00e4tk\u00e4 ne kuivata ihoa eiv\u00e4tk\u00e4 aiheuta kirist\u00e4v\u00e4n tunnetta. K\u00e4yt\u00f6n j\u00e4lkeen iho pysyy pehme\u00e4n\u00e4, ravittuna ja kosteutettuna.<\/p>\n<p>Lapuilla on suuri halkaisija \u2013 8 cm \u2013 ja ne ovat eritt\u00e4in mukavat k\u00e4ytt\u00e4\u00e4. Ne sopivat erinomaisesti matkalle tai kuntosalille mukaan otettavaksi. Rikkaan, essenssej\u00e4 sis\u00e4lt\u00e4v\u00e4n koostumuksen ansiosta meikki voidaan poistaa nopeasti ja ilman vett\u00e4, mik\u00e4 kosteuttaa ihoa syv\u00e4lt\u00e4 ja rauhoittaa sit\u00e4.<\/p>\n<p><strong>Aktiiviset ainesosat:<\/strong><\/p>\n<ul>\n<li><strong>Koivunmahla (10 069 ppm):<\/strong> Runsas mineraalien, hivenaineiden ja aminohappojen l\u00e4hde. Vahvistaa ihon suojatoimintoja, v\u00e4hent\u00e4\u00e4 herkkyytt\u00e4 ja \u00e4rsytyst\u00e4 sek\u00e4 edist\u00e4\u00e4 ihon paranemista.<\/li>\n<li><strong>Pantenoli:<\/strong> lievitt\u00e4\u00e4 punoitusta ja \u00e4rsytyst\u00e4, nopeuttaa ihon uusiutumista ja edist\u00e4\u00e4 haavan paranemista.<\/li>\n<li><strong>Glyseryyliglukosidi:<\/strong> glyseriinin ja glukoosin johdannainen, joka parantaa akvaporiinien toimintaa, auttaen ihoa imem\u00e4\u00e4n ja s\u00e4ilytt\u00e4m\u00e4\u00e4n kosteutta paremmin.<\/li>\n<li><strong>Hyaluronihappo:<\/strong> Tunkeutuu syv\u00e4lle ihoon, kosteuttaa tehokkaasti ja luo suojaavan kerroksen, joka v\u00e4hent\u00e4\u00e4 kosteuden haihtumista.<\/li>\n<li><strong>Askorbiinihappo (C-vitamiini):<\/strong> voimakas antioksidantti, joka suojaa ihoa UV-s\u00e4teilyn haitoilta, stimuloi kollageenin tuotantoa ja parantaa ihon kimmoisuutta.<\/li>\n<\/ul>\n<p>&nbsp;<\/p>\n<p>Sopii kaikille ihotyypeille.<\/p>\n<p><strong>K\u00e4ytt\u00f6:<\/strong> Pyyhi ihosi varovasti meikin ja lian poistamiseksi vanulapulla. K\u00e4yt\u00e4 sen j\u00e4lkeen puhdistusgeeli\u00e4 tai -vaahtoa.<\/p>\n<p>&nbsp;<\/p>","protected":false},"excerpt":{"rendered":"<p>Round Lab Birch Juice -kosteuttavat puhdistuslaput poistavat hell\u00e4varaisesti kaiken lian, meikin ja ylim\u00e4\u00e4r\u00e4isen rasvan vahingoittamatta ihon lipidikerrosta tai \u00e4rsytt\u00e4m\u00e4tt\u00e4 herkint\u00e4k\u00e4\u00e4n ja ohuinta ihoa. Lapuilla poistetaan my\u00f6s aurinkosuoja ja meikkituotteet sek\u00e4 ihohuokoset. Niill\u00e4 on neutraali pH-arvo, eiv\u00e4tk\u00e4 ne kuivata ihoa eiv\u00e4tk\u00e4 aiheuta kirist\u00e4v\u00e4n tunnetta. K\u00e4yt\u00f6n j\u00e4lkeen iho j\u00e4\u00e4 pehme\u00e4ksi, ravituksi ja kosteutetuksi\u2026.<\/p>","protected":false},"featured_media":14689,"comment_status":"open","ping_status":"closed","template":"","meta":{"_uf_show_specific_survey":0,"_uf_disable_surveys":false,"_bst_post_transparent":"default","_bst_post_title":"","_bst_post_layout":"default","_bst_post_sidebar_id":"","_bst_post_content_style":"default","_bst_post_vertical_padding":"default","_bst_post_feature":"","_bst_post_feature_position":"","_bst_post_header":false,"_bst_post_footer":false},"pwb-brand":[645],"product_brand":[],"product_cat":[1029,92],"product_tag":[919,737],"class_list":{"0":"post-14688","1":"product","2":"type-product","3":"status-publish","4":"has-post-thumbnail","6":"pwb-brand-round-lab","7":"product_cat-meigieemaldus","8":"product_cat-nagu","9":"product_tag-birch","10":"product_tag-pad","12":"first","13":"outofstock","14":"sale","15":"shipping-taxable","16":"purchasable","17":"product-type-simple","18":"entry","19":"content-bg","20":"loop-entry"},"supplier_id":null,"supplier_sku":"","barcode":null,"atum_controlled":true,"out_stock_date":"2026-03-20 15:11:34","out_stock_threshold":null,"inheritable":false,"inbound_stock":0,"stock_on_hold":0,"sold_today":0,"sales_last_days":2,"out_stock_days":24,"lost_sales":136,"has_location":false,"update_date":"2026-04-14T00:05:09","atum_locations":[],"atum_stock_status":"outofstock","restock_status":false,"low_stock_amount":"","sales_update_date":"2026-04-14T00:05:09","calc_backorders":null,"yoast_head":"<!-- This site is optimized with the Yoast SEO plugin v27.2 - https:\/\/yoast.com\/product\/yoast-seo-wordpress\/ -->\n<title>Round Lab Birch Juice Moisturizing Cleansing Pad, 60tk - IDA.KOREA<\/title>\n<meta name=\"description\" content=\"Niisutavad ja rahustavad meigieemalduspadjad kase mahlaga. Eemaldavad \u00f5rnalt meigi, p\u00e4ikesekaitse ja mustuse, s\u00e4ilitades naha niiskustasakaalu. Kiire tarne!\" \/>\n<meta name=\"robots\" content=\"index, follow, max-snippet:-1, max-image-preview:large, max-video-preview:-1\" \/>\n<link rel=\"canonical\" href=\"https:\/\/idakorea.ee\/fi\/product\/round-lab-birch-juice-moisturizing-cleansing-pad\/\" \/>\n<meta property=\"og:locale\" content=\"fi_FI\" \/>\n<meta property=\"og:type\" content=\"article\" \/>\n<meta property=\"og:title\" content=\"Round Lab Birch Juice Moisturizing Cleansing Pad, 60tk - IDA.KOREA\" \/>\n<meta property=\"og:description\" content=\"Niisutavad ja rahustavad meigieemalduspadjad kase mahlaga. Eemaldavad \u00f5rnalt meigi, p\u00e4ikesekaitse ja mustuse, s\u00e4ilitades naha niiskustasakaalu. Kiire tarne!\" \/>\n<meta property=\"og:url\" content=\"https:\/\/idakorea.ee\/fi\/product\/round-lab-birch-juice-moisturizing-cleansing-pad\/\" \/>\n<meta property=\"og:site_name\" content=\"IDA.KOREA\" \/>\n<meta property=\"article:modified_time\" content=\"2026-03-21T19:54:27+00:00\" \/>\n<meta property=\"og:image\" content=\"https:\/\/idakorea.ee\/wp-content\/uploads\/2025\/06\/round-lab-birch-juice-moisturizing-cleansing-pad-idakorea.jpg\" \/>\n\t<meta property=\"og:image:width\" content=\"650\" \/>\n\t<meta property=\"og:image:height\" content=\"650\" \/>\n\t<meta property=\"og:image:type\" content=\"image\/jpeg\" \/>\n<meta name=\"twitter:card\" content=\"summary_large_image\" \/>\n<meta name=\"twitter:label1\" content=\"Arvioitu lukuaika\" \/>\n\t<meta name=\"twitter:data1\" content=\"2 minuuttia\" \/>\n<script type=\"application\/ld+json\" class=\"yoast-schema-graph\">{\"@context\":\"https:\/\/schema.org\",\"@graph\":[{\"@type\":\"WebPage\",\"@id\":\"https:\/\/idakorea.ee\/product\/round-lab-birch-juice-moisturizing-cleansing-pad\/\",\"url\":\"https:\/\/idakorea.ee\/product\/round-lab-birch-juice-moisturizing-cleansing-pad\/\",\"name\":\"Round Lab Birch Juice Moisturizing Cleansing Pad, 60tk - IDA.KOREA\",\"isPartOf\":{\"@id\":\"https:\/\/idakorea.ee\/#website\"},\"primaryImageOfPage\":{\"@id\":\"https:\/\/idakorea.ee\/product\/round-lab-birch-juice-moisturizing-cleansing-pad\/#primaryimage\"},\"image\":{\"@id\":\"https:\/\/idakorea.ee\/product\/round-lab-birch-juice-moisturizing-cleansing-pad\/#primaryimage\"},\"thumbnailUrl\":\"https:\/\/idakorea.ee\/wp-content\/uploads\/2025\/06\/round-lab-birch-juice-moisturizing-cleansing-pad-idakorea.jpg\",\"datePublished\":\"2025-06-17T07:57:29+00:00\",\"dateModified\":\"2026-03-21T19:54:27+00:00\",\"description\":\"Niisutavad ja rahustavad meigieemalduspadjad kase mahlaga. Eemaldavad \u00f5rnalt meigi, p\u00e4ikesekaitse ja mustuse, s\u00e4ilitades naha niiskustasakaalu. Kiire tarne!\",\"breadcrumb\":{\"@id\":\"https:\/\/idakorea.ee\/product\/round-lab-birch-juice-moisturizing-cleansing-pad\/#breadcrumb\"},\"inLanguage\":\"fi\",\"potentialAction\":[{\"@type\":\"ReadAction\",\"target\":[\"https:\/\/idakorea.ee\/product\/round-lab-birch-juice-moisturizing-cleansing-pad\/\"]}]},{\"@type\":\"ImageObject\",\"inLanguage\":\"fi\",\"@id\":\"https:\/\/idakorea.ee\/product\/round-lab-birch-juice-moisturizing-cleansing-pad\/#primaryimage\",\"url\":\"https:\/\/idakorea.ee\/wp-content\/uploads\/2025\/06\/round-lab-birch-juice-moisturizing-cleansing-pad-idakorea.jpg\",\"contentUrl\":\"https:\/\/idakorea.ee\/wp-content\/uploads\/2025\/06\/round-lab-birch-juice-moisturizing-cleansing-pad-idakorea.jpg\",\"width\":650,\"height\":650},{\"@type\":\"BreadcrumbList\",\"@id\":\"https:\/\/idakorea.ee\/product\/round-lab-birch-juice-moisturizing-cleansing-pad\/#breadcrumb\",\"itemListElement\":[{\"@type\":\"ListItem\",\"position\":1,\"name\":\"\u0413\u043b\u0430\u0432\u043d\u0430\u044f \u0441\u0442\u0440\u0430\u043d\u0438\u0446\u0430\",\"item\":\"https:\/\/idakorea.ee\/\"},{\"@type\":\"ListItem\",\"position\":2,\"name\":\"Shop\",\"item\":\"https:\/\/idakorea.ee\/shop-2\/\"},{\"@type\":\"ListItem\",\"position\":3,\"name\":\"Meigieemalduspadjad Round Lab Birch Juice Moisturizing Cleansing Pad, 60tk\"}]},{\"@type\":\"WebSite\",\"@id\":\"https:\/\/idakorea.ee\/#website\",\"url\":\"https:\/\/idakorea.ee\/\",\"name\":\"IDA.KOREA\",\"description\":\"Korea kosmeetika e-pood\",\"publisher\":{\"@id\":\"https:\/\/idakorea.ee\/#organization\"},\"alternateName\":\"Beauty Shop\",\"potentialAction\":[{\"@type\":\"SearchAction\",\"target\":{\"@type\":\"EntryPoint\",\"urlTemplate\":\"https:\/\/idakorea.ee\/?s={search_term_string}\"},\"query-input\":{\"@type\":\"PropertyValueSpecification\",\"valueRequired\":true,\"valueName\":\"search_term_string\"}}],\"inLanguage\":\"fi\"},{\"@type\":\"Organization\",\"@id\":\"https:\/\/idakorea.ee\/#organization\",\"name\":\"IDA.KOREA\",\"url\":\"https:\/\/idakorea.ee\/\",\"logo\":{\"@type\":\"ImageObject\",\"inLanguage\":\"fi\",\"@id\":\"https:\/\/idakorea.ee\/#\/schema\/logo\/image\/\",\"url\":\"https:\/\/idakorea.ee\/wp-content\/uploads\/2024\/05\/cropped-korea3.png\",\"contentUrl\":\"https:\/\/idakorea.ee\/wp-content\/uploads\/2024\/05\/cropped-korea3.png\",\"width\":688,\"height\":126,\"caption\":\"IDA.KOREA\"},\"image\":{\"@id\":\"https:\/\/idakorea.ee\/#\/schema\/logo\/image\/\"},\"sameAs\":[\"https:\/\/www.instagram.com\/ida.korea\/\"]}]}<\/script>\n<!-- \/ Yoast SEO plugin. -->","yoast_head_json":{"title":"Round Lab Birch Juice -kosteuttava puhdistuslappu, 60 kpl - IDA.KOREA","description":"Kosteuttavat ja rauhoittavat meikinpoistolaput koivunmahlalla. Poistaa hell\u00e4varaisesti meikin, aurinkosuojan ja lian s\u00e4ilytt\u00e4en samalla ihon kosteustasapainon. Nopea toimitus!","robots":{"index":"index","follow":"follow","max-snippet":"max-snippet:-1","max-image-preview":"max-image-preview:large","max-video-preview":"max-video-preview:-1"},"canonical":"https:\/\/idakorea.ee\/fi\/product\/round-lab-birch-juice-moisturizing-cleansing-pad\/","og_locale":"fi_FI","og_type":"article","og_title":"Round Lab Birch Juice Moisturizing Cleansing Pad, 60tk - IDA.KOREA","og_description":"Niisutavad ja rahustavad meigieemalduspadjad kase mahlaga. Eemaldavad \u00f5rnalt meigi, p\u00e4ikesekaitse ja mustuse, s\u00e4ilitades naha niiskustasakaalu. Kiire tarne!","og_url":"https:\/\/idakorea.ee\/fi\/product\/round-lab-birch-juice-moisturizing-cleansing-pad\/","og_site_name":"IDA.KOREA","article_modified_time":"2026-03-21T19:54:27+00:00","og_image":[{"width":650,"height":650,"url":"https:\/\/idakorea.ee\/wp-content\/uploads\/2025\/06\/round-lab-birch-juice-moisturizing-cleansing-pad-idakorea.jpg","type":"image\/jpeg"}],"twitter_card":"summary_large_image","twitter_misc":{"Arvioitu lukuaika":"2 minuuttia"},"schema":{"@context":"https:\/\/schema.org","@graph":[{"@type":"WebPage","@id":"https:\/\/idakorea.ee\/product\/round-lab-birch-juice-moisturizing-cleansing-pad\/","url":"https:\/\/idakorea.ee\/product\/round-lab-birch-juice-moisturizing-cleansing-pad\/","name":"Round Lab Birch Juice -kosteuttava puhdistuslappu, 60 kpl - IDA.KOREA","isPartOf":{"@id":"https:\/\/idakorea.ee\/#website"},"primaryImageOfPage":{"@id":"https:\/\/idakorea.ee\/product\/round-lab-birch-juice-moisturizing-cleansing-pad\/#primaryimage"},"image":{"@id":"https:\/\/idakorea.ee\/product\/round-lab-birch-juice-moisturizing-cleansing-pad\/#primaryimage"},"thumbnailUrl":"https:\/\/idakorea.ee\/wp-content\/uploads\/2025\/06\/round-lab-birch-juice-moisturizing-cleansing-pad-idakorea.jpg","datePublished":"2025-06-17T07:57:29+00:00","dateModified":"2026-03-21T19:54:27+00:00","description":"Kosteuttavat ja rauhoittavat meikinpoistolaput koivunmahlalla. Poistaa hell\u00e4varaisesti meikin, aurinkosuojan ja lian s\u00e4ilytt\u00e4en samalla ihon kosteustasapainon. Nopea toimitus!","breadcrumb":{"@id":"https:\/\/idakorea.ee\/product\/round-lab-birch-juice-moisturizing-cleansing-pad\/#breadcrumb"},"inLanguage":"fi","potentialAction":[{"@type":"ReadAction","target":["https:\/\/idakorea.ee\/product\/round-lab-birch-juice-moisturizing-cleansing-pad\/"]}]},{"@type":"ImageObject","inLanguage":"fi","@id":"https:\/\/idakorea.ee\/product\/round-lab-birch-juice-moisturizing-cleansing-pad\/#primaryimage","url":"https:\/\/idakorea.ee\/wp-content\/uploads\/2025\/06\/round-lab-birch-juice-moisturizing-cleansing-pad-idakorea.jpg","contentUrl":"https:\/\/idakorea.ee\/wp-content\/uploads\/2025\/06\/round-lab-birch-juice-moisturizing-cleansing-pad-idakorea.jpg","width":650,"height":650},{"@type":"BreadcrumbList","@id":"https:\/\/idakorea.ee\/product\/round-lab-birch-juice-moisturizing-cleansing-pad\/#breadcrumb","itemListElement":[{"@type":"ListItem","position":1,"name":"\u0413\u043b\u0430\u0432\u043d\u0430\u044f \u0441\u0442\u0440\u0430\u043d\u0438\u0446\u0430","item":"https:\/\/idakorea.ee\/"},{"@type":"ListItem","position":2,"name":"Shop","item":"https:\/\/idakorea.ee\/shop-2\/"},{"@type":"ListItem","position":3,"name":"Meigieemalduspadjad Round Lab Birch Juice Moisturizing Cleansing Pad, 60tk"}]},{"@type":"WebSite","@id":"https:\/\/idakorea.ee\/#website","url":"https:\/\/idakorea.ee\/","name":"IDA.KOREA","description":"Korean kosmetiikan verkkokauppa","publisher":{"@id":"https:\/\/idakorea.ee\/#organization"},"alternateName":"Beauty Shop","potentialAction":[{"@type":"SearchAction","target":{"@type":"EntryPoint","urlTemplate":"https:\/\/idakorea.ee\/?s={search_term_string}"},"query-input":{"@type":"PropertyValueSpecification","valueRequired":true,"valueName":"search_term_string"}}],"inLanguage":"fi"},{"@type":"Organization","@id":"https:\/\/idakorea.ee\/#organization","name":"IDA.KOREA","url":"https:\/\/idakorea.ee\/","logo":{"@type":"ImageObject","inLanguage":"fi","@id":"https:\/\/idakorea.ee\/#\/schema\/logo\/image\/","url":"https:\/\/idakorea.ee\/wp-content\/uploads\/2024\/05\/cropped-korea3.png","contentUrl":"https:\/\/idakorea.ee\/wp-content\/uploads\/2024\/05\/cropped-korea3.png","width":688,"height":126,"caption":"IDA.KOREA"},"image":{"@id":"https:\/\/idakorea.ee\/#\/schema\/logo\/image\/"},"sameAs":["https:\/\/www.instagram.com\/ida.korea\/"]}]}},"jetpack_sharing_enabled":true,"brands":[{"id":645,"name":"ROUND LAB","slug":"round-lab"}],"_links":{"self":[{"href":"https:\/\/idakorea.ee\/fi\/wp-json\/wp\/v2\/product\/14688","targetHints":{"allow":["GET"]}}],"collection":[{"href":"https:\/\/idakorea.ee\/fi\/wp-json\/wp\/v2\/product"}],"about":[{"href":"https:\/\/idakorea.ee\/fi\/wp-json\/wp\/v2\/types\/product"}],"replies":[{"embeddable":true,"href":"https:\/\/idakorea.ee\/fi\/wp-json\/wp\/v2\/comments?post=14688"}],"version-history":[{"count":4,"href":"https:\/\/idakorea.ee\/fi\/wp-json\/wp\/v2\/product\/14688\/revisions"}],"predecessor-version":[{"id":18192,"href":"https:\/\/idakorea.ee\/fi\/wp-json\/wp\/v2\/product\/14688\/revisions\/18192"}],"wp:featuredmedia":[{"embeddable":true,"href":"https:\/\/idakorea.ee\/fi\/wp-json\/wp\/v2\/media\/14689"}],"wp:attachment":[{"href":"https:\/\/idakorea.ee\/fi\/wp-json\/wp\/v2\/media?parent=14688"}],"wp:term":[{"taxonomy":"pwb-brand","embeddable":true,"href":"https:\/\/idakorea.ee\/fi\/wp-json\/wp\/v2\/pwb-brand?post=14688"},{"taxonomy":"product_brand","embeddable":true,"href":"https:\/\/idakorea.ee\/fi\/wp-json\/wp\/v2\/product_brand?post=14688"},{"taxonomy":"product_cat","embeddable":true,"href":"https:\/\/idakorea.ee\/fi\/wp-json\/wp\/v2\/product_cat?post=14688"},{"taxonomy":"product_tag","embeddable":true,"href":"https:\/\/idakorea.ee\/fi\/wp-json\/wp\/v2\/product_tag?post=14688"}],"curies":[{"name":"wp","href":"https:\/\/api.w.org\/{rel}","templated":true}]}}