{"id":14698,"date":"2025-06-17T11:18:30","date_gmt":"2025-06-17T08:18:30","guid":{"rendered":"https:\/\/idakorea.ee\/?post_type=product&#038;p=14698"},"modified":"2026-03-06T15:42:53","modified_gmt":"2026-03-06T13:42:53","slug":"losjoon-ongredients-centella-asiatica-skin-barrier-calming-lotion","status":"publish","type":"product","link":"https:\/\/idakorea.ee\/fi\/product\/losjoon-ongredients-centella-asiatica-skin-barrier-calming-lotion\/","title":{"rendered":"Voiteen ainesosat Centella Asiatica Skin Barrier Calming Lotion"},"content":{"rendered":"<p data-start=\"65\" data-end=\"254\"><strong data-start=\"69\" data-end=\"147\">Koe maksimaalinen ihon mukavuus Ongredients Skin Barrier Calming Lotionin avulla<\/strong> \u2013 hypoallergeeninen ja vegaaninen voide, joka on suunniteltu rauhoittamaan ja suojaamaan herkk\u00e4\u00e4 ihoa.<\/p>\n<p data-start=\"256\" data-end=\"463\">Patentoidun NB P -kompleksin ja 9 peptidin kompleksin ansiosta t\u00e4m\u00e4 kevyt, esanssin kaltainen emulsio vahvistaa ihon suojakerrosta ja lukitsee kosteuden sis\u00e4\u00e4ns\u00e4 j\u00e4tt\u00e4en ihon pehme\u00e4ksi, sile\u00e4ksi ja joustavaksi.<\/p>\n<p data-start=\"465\" data-end=\"820\">Sis\u00e4lt\u00e4\u00e4 Centella Asiatica- ja Coptis Japonica -uutteita, jotka rauhoittavat \u00e4rsytyst\u00e4 ja kuivuutta j\u00e4tt\u00e4en ihon raikkaaksi ja uudistuneeksi. Kliinisesti testattu v\u00e4hent\u00e4m\u00e4\u00e4n merkitt\u00e4v\u00e4sti ihon \u00e4rsytyst\u00e4 ja kosteuden menetyst\u00e4. Voiteen silkkisen pehme\u00e4 koostumus sopii ihanteellisesti ymp\u00e4rivuotiseen k\u00e4ytt\u00f6\u00f6n, sill\u00e4 se varmistaa, ett\u00e4 iho pysyy kosteutettuna, pehme\u00e4n\u00e4 ja hehkuvana.<\/p>\n<p data-start=\"822\" data-end=\"873\">\n<p data-start=\"822\" data-end=\"873\">Suositellaan: kuivalle ja kaikille ihotyypeille.<\/p>\n<p data-start=\"880\" data-end=\"899\"><strong data-start=\"884\" data-end=\"899\">K\u00e4ytt\u00f6:<\/strong><\/p>\n<p data-start=\"880\" data-end=\"899\">Levit\u00e4 sopiva m\u00e4\u00e4r\u00e4 voidetta iholle ihonhoidon viimeisess\u00e4 vaiheessa v\u00e4ltt\u00e4en silm\u00e4nymp\u00e4rysihoa ja huulia. Taputtele hell\u00e4varaisesti, kunnes voide on imeytynyt. Ihotyypist\u00e4 riippuen voi levitt\u00e4\u00e4 1-2 kerrosta kosteuttavan vaikutuksen tehostamiseksi.<\/p>","protected":false},"excerpt":{"rendered":"<p>Koe maksimaalinen ihon mukavuus Ongredients Skin Barrier Calming Lotionin avulla \u2013 hypoallergeeninen ja vegaaninen voide, joka on suunniteltu rauhoittamaan ja suojaamaan herkk\u00e4\u00e4 ihoa. Patentoidun NB P -kompleksin ja 9 peptidin kompleksin ansiosta t\u00e4m\u00e4 kevyt, essenssim\u00e4inen emulsio vahvistaa ihon suojakerrosta ja lukitsee kosteuden sis\u00e4\u00e4n j\u00e4tt\u00e4en ihon pehme\u00e4ksi, sile\u00e4ksi ja joustavaksi. Sis\u00e4lt\u00e4\u00e4 Centella asiatica- ja japaninkultajuuren (Coptis japonica) uutteita, jotka\u2026<\/p>","protected":false},"featured_media":14699,"comment_status":"open","ping_status":"closed","template":"","meta":{"_uf_show_specific_survey":0,"_uf_disable_surveys":false,"_bst_post_transparent":"default","_bst_post_title":"","_bst_post_layout":"default","_bst_post_sidebar_id":"","_bst_post_content_style":"default","_bst_post_vertical_padding":"default","_bst_post_feature":"","_bst_post_feature_position":"","_bst_post_header":false,"_bst_post_footer":false},"pwb-brand":[901],"product_brand":[],"product_cat":[92,97],"product_tag":[580,903,902],"class_list":{"0":"post-14698","1":"product","2":"type-product","3":"status-publish","4":"has-post-thumbnail","6":"pwb-brand-ongredients","7":"product_cat-nagu","8":"product_cat-naoseerumid-ja-olid","9":"product_tag-calming","10":"product_tag-lotion","11":"product_tag-ongredients","13":"first","14":"instock","15":"sale","16":"shipping-taxable","17":"purchasable","18":"product-type-variable","19":"has-default-attributes","20":"entry","21":"content-bg","22":"loop-entry"},"supplier_id":null,"supplier_sku":"","barcode":null,"atum_controlled":true,"out_stock_date":null,"out_stock_threshold":null,"inheritable":false,"inbound_stock":0,"stock_on_hold":0,"sold_today":0,"sales_last_days":0,"out_stock_days":0,"lost_sales":0,"has_location":false,"update_date":"2026-04-14T00:05:09","atum_locations":[],"atum_stock_status":"instock","restock_status":false,"low_stock_amount":"","sales_update_date":"2026-04-14T00:05:09","calc_backorders":null,"yoast_head":"<!-- This site is optimized with the Yoast SEO plugin v27.2 - https:\/\/yoast.com\/product\/yoast-seo-wordpress\/ -->\n<title>Ongredients Centella Asiatica Skin Barrier Calming Lotion - IDA.KOREA<\/title>\n<meta name=\"description\" content=\"Ongredients Skin Barrier Calming Lotion \u2013 h\u00fcpoallergeenne ja vegan-koostisega losjoon, mis on loodud tundliku naha rahustamiseks ja kaitsmiseks.\" \/>\n<meta name=\"robots\" content=\"index, follow, max-snippet:-1, max-image-preview:large, max-video-preview:-1\" \/>\n<link rel=\"canonical\" href=\"https:\/\/idakorea.ee\/fi\/product\/losjoon-ongredients-centella-asiatica-skin-barrier-calming-lotion\/\" \/>\n<meta property=\"og:locale\" content=\"fi_FI\" \/>\n<meta property=\"og:type\" content=\"article\" \/>\n<meta property=\"og:title\" content=\"Ongredients Centella Asiatica Skin Barrier Calming Lotion - IDA.KOREA\" \/>\n<meta property=\"og:description\" content=\"Ongredients Skin Barrier Calming Lotion \u2013 h\u00fcpoallergeenne ja vegan-koostisega losjoon, mis on loodud tundliku naha rahustamiseks ja kaitsmiseks.\" \/>\n<meta property=\"og:url\" content=\"https:\/\/idakorea.ee\/fi\/product\/losjoon-ongredients-centella-asiatica-skin-barrier-calming-lotion\/\" \/>\n<meta property=\"og:site_name\" content=\"IDA.KOREA\" \/>\n<meta property=\"article:modified_time\" content=\"2026-03-06T13:42:53+00:00\" \/>\n<meta property=\"og:image\" content=\"https:\/\/idakorea.ee\/wp-content\/uploads\/2025\/06\/ongredients-skin-barrier-lotion-4ml-idakorea.webp\" \/>\n\t<meta property=\"og:image:width\" content=\"640\" \/>\n\t<meta property=\"og:image:height\" content=\"640\" \/>\n\t<meta property=\"og:image:type\" content=\"image\/webp\" \/>\n<meta name=\"twitter:card\" content=\"summary_large_image\" \/>\n<meta name=\"twitter:label1\" content=\"Arvioitu lukuaika\" \/>\n\t<meta name=\"twitter:data1\" content=\"1 minuutti\" \/>\n<script type=\"application\/ld+json\" class=\"yoast-schema-graph\">{\"@context\":\"https:\/\/schema.org\",\"@graph\":[{\"@type\":\"WebPage\",\"@id\":\"https:\/\/idakorea.ee\/product\/losjoon-ongredients-centella-asiatica-skin-barrier-calming-lotion\/\",\"url\":\"https:\/\/idakorea.ee\/product\/losjoon-ongredients-centella-asiatica-skin-barrier-calming-lotion\/\",\"name\":\"Ongredients Centella Asiatica Skin Barrier Calming Lotion - IDA.KOREA\",\"isPartOf\":{\"@id\":\"https:\/\/idakorea.ee\/#website\"},\"primaryImageOfPage\":{\"@id\":\"https:\/\/idakorea.ee\/product\/losjoon-ongredients-centella-asiatica-skin-barrier-calming-lotion\/#primaryimage\"},\"image\":{\"@id\":\"https:\/\/idakorea.ee\/product\/losjoon-ongredients-centella-asiatica-skin-barrier-calming-lotion\/#primaryimage\"},\"thumbnailUrl\":\"https:\/\/idakorea.ee\/wp-content\/uploads\/2025\/06\/ongredients-skin-barrier-lotion-4ml-idakorea.webp\",\"datePublished\":\"2025-06-17T08:18:30+00:00\",\"dateModified\":\"2026-03-06T13:42:53+00:00\",\"description\":\"Ongredients Skin Barrier Calming Lotion \u2013 h\u00fcpoallergeenne ja vegan-koostisega losjoon, mis on loodud tundliku naha rahustamiseks ja kaitsmiseks.\",\"breadcrumb\":{\"@id\":\"https:\/\/idakorea.ee\/product\/losjoon-ongredients-centella-asiatica-skin-barrier-calming-lotion\/#breadcrumb\"},\"inLanguage\":\"fi\",\"potentialAction\":[{\"@type\":\"ReadAction\",\"target\":[\"https:\/\/idakorea.ee\/product\/losjoon-ongredients-centella-asiatica-skin-barrier-calming-lotion\/\"]}]},{\"@type\":\"ImageObject\",\"inLanguage\":\"fi\",\"@id\":\"https:\/\/idakorea.ee\/product\/losjoon-ongredients-centella-asiatica-skin-barrier-calming-lotion\/#primaryimage\",\"url\":\"https:\/\/idakorea.ee\/wp-content\/uploads\/2025\/06\/ongredients-skin-barrier-lotion-4ml-idakorea.webp\",\"contentUrl\":\"https:\/\/idakorea.ee\/wp-content\/uploads\/2025\/06\/ongredients-skin-barrier-lotion-4ml-idakorea.webp\",\"width\":640,\"height\":640},{\"@type\":\"BreadcrumbList\",\"@id\":\"https:\/\/idakorea.ee\/product\/losjoon-ongredients-centella-asiatica-skin-barrier-calming-lotion\/#breadcrumb\",\"itemListElement\":[{\"@type\":\"ListItem\",\"position\":1,\"name\":\"\u0413\u043b\u0430\u0432\u043d\u0430\u044f \u0441\u0442\u0440\u0430\u043d\u0438\u0446\u0430\",\"item\":\"https:\/\/idakorea.ee\/\"},{\"@type\":\"ListItem\",\"position\":2,\"name\":\"Shop\",\"item\":\"https:\/\/idakorea.ee\/shop-2\/\"},{\"@type\":\"ListItem\",\"position\":3,\"name\":\"Losjoon Ongredients Centella Asiatica Skin Barrier Calming Lotion\"}]},{\"@type\":\"WebSite\",\"@id\":\"https:\/\/idakorea.ee\/#website\",\"url\":\"https:\/\/idakorea.ee\/\",\"name\":\"IDA.KOREA\",\"description\":\"Korea kosmeetika e-pood\",\"publisher\":{\"@id\":\"https:\/\/idakorea.ee\/#organization\"},\"alternateName\":\"Beauty Shop\",\"potentialAction\":[{\"@type\":\"SearchAction\",\"target\":{\"@type\":\"EntryPoint\",\"urlTemplate\":\"https:\/\/idakorea.ee\/?s={search_term_string}\"},\"query-input\":{\"@type\":\"PropertyValueSpecification\",\"valueRequired\":true,\"valueName\":\"search_term_string\"}}],\"inLanguage\":\"fi\"},{\"@type\":\"Organization\",\"@id\":\"https:\/\/idakorea.ee\/#organization\",\"name\":\"IDA.KOREA\",\"url\":\"https:\/\/idakorea.ee\/\",\"logo\":{\"@type\":\"ImageObject\",\"inLanguage\":\"fi\",\"@id\":\"https:\/\/idakorea.ee\/#\/schema\/logo\/image\/\",\"url\":\"https:\/\/idakorea.ee\/wp-content\/uploads\/2024\/05\/cropped-korea3.png\",\"contentUrl\":\"https:\/\/idakorea.ee\/wp-content\/uploads\/2024\/05\/cropped-korea3.png\",\"width\":688,\"height\":126,\"caption\":\"IDA.KOREA\"},\"image\":{\"@id\":\"https:\/\/idakorea.ee\/#\/schema\/logo\/image\/\"},\"sameAs\":[\"https:\/\/www.instagram.com\/ida.korea\/\"]}]}<\/script>\n<!-- \/ Yoast SEO plugin. -->","yoast_head_json":{"title":"Ainesosat Centella Asiatica Skin Barrier Calming Lotion - IDA.KOREA","description":"Ongregents Skin Barrier Calming Lotion \u2013 hypoallergeeninen ja vegaaninen voide, joka on suunniteltu rauhoittamaan ja suojaamaan herkk\u00e4\u00e4 ihoa.","robots":{"index":"index","follow":"follow","max-snippet":"max-snippet:-1","max-image-preview":"max-image-preview:large","max-video-preview":"max-video-preview:-1"},"canonical":"https:\/\/idakorea.ee\/fi\/product\/losjoon-ongredients-centella-asiatica-skin-barrier-calming-lotion\/","og_locale":"fi_FI","og_type":"article","og_title":"Ongredients Centella Asiatica Skin Barrier Calming Lotion - IDA.KOREA","og_description":"Ongredients Skin Barrier Calming Lotion \u2013 h\u00fcpoallergeenne ja vegan-koostisega losjoon, mis on loodud tundliku naha rahustamiseks ja kaitsmiseks.","og_url":"https:\/\/idakorea.ee\/fi\/product\/losjoon-ongredients-centella-asiatica-skin-barrier-calming-lotion\/","og_site_name":"IDA.KOREA","article_modified_time":"2026-03-06T13:42:53+00:00","og_image":[{"width":640,"height":640,"url":"https:\/\/idakorea.ee\/wp-content\/uploads\/2025\/06\/ongredients-skin-barrier-lotion-4ml-idakorea.webp","type":"image\/webp"}],"twitter_card":"summary_large_image","twitter_misc":{"Arvioitu lukuaika":"1 minuutti"},"schema":{"@context":"https:\/\/schema.org","@graph":[{"@type":"WebPage","@id":"https:\/\/idakorea.ee\/product\/losjoon-ongredients-centella-asiatica-skin-barrier-calming-lotion\/","url":"https:\/\/idakorea.ee\/product\/losjoon-ongredients-centella-asiatica-skin-barrier-calming-lotion\/","name":"Ainesosat Centella Asiatica Skin Barrier Calming Lotion - IDA.KOREA","isPartOf":{"@id":"https:\/\/idakorea.ee\/#website"},"primaryImageOfPage":{"@id":"https:\/\/idakorea.ee\/product\/losjoon-ongredients-centella-asiatica-skin-barrier-calming-lotion\/#primaryimage"},"image":{"@id":"https:\/\/idakorea.ee\/product\/losjoon-ongredients-centella-asiatica-skin-barrier-calming-lotion\/#primaryimage"},"thumbnailUrl":"https:\/\/idakorea.ee\/wp-content\/uploads\/2025\/06\/ongredients-skin-barrier-lotion-4ml-idakorea.webp","datePublished":"2025-06-17T08:18:30+00:00","dateModified":"2026-03-06T13:42:53+00:00","description":"Ongregents Skin Barrier Calming Lotion \u2013 hypoallergeeninen ja vegaaninen voide, joka on suunniteltu rauhoittamaan ja suojaamaan herkk\u00e4\u00e4 ihoa.","breadcrumb":{"@id":"https:\/\/idakorea.ee\/product\/losjoon-ongredients-centella-asiatica-skin-barrier-calming-lotion\/#breadcrumb"},"inLanguage":"fi","potentialAction":[{"@type":"ReadAction","target":["https:\/\/idakorea.ee\/product\/losjoon-ongredients-centella-asiatica-skin-barrier-calming-lotion\/"]}]},{"@type":"ImageObject","inLanguage":"fi","@id":"https:\/\/idakorea.ee\/product\/losjoon-ongredients-centella-asiatica-skin-barrier-calming-lotion\/#primaryimage","url":"https:\/\/idakorea.ee\/wp-content\/uploads\/2025\/06\/ongredients-skin-barrier-lotion-4ml-idakorea.webp","contentUrl":"https:\/\/idakorea.ee\/wp-content\/uploads\/2025\/06\/ongredients-skin-barrier-lotion-4ml-idakorea.webp","width":640,"height":640},{"@type":"BreadcrumbList","@id":"https:\/\/idakorea.ee\/product\/losjoon-ongredients-centella-asiatica-skin-barrier-calming-lotion\/#breadcrumb","itemListElement":[{"@type":"ListItem","position":1,"name":"\u0413\u043b\u0430\u0432\u043d\u0430\u044f \u0441\u0442\u0440\u0430\u043d\u0438\u0446\u0430","item":"https:\/\/idakorea.ee\/"},{"@type":"ListItem","position":2,"name":"Shop","item":"https:\/\/idakorea.ee\/shop-2\/"},{"@type":"ListItem","position":3,"name":"Losjoon Ongredients Centella Asiatica Skin Barrier Calming Lotion"}]},{"@type":"WebSite","@id":"https:\/\/idakorea.ee\/#website","url":"https:\/\/idakorea.ee\/","name":"IDA.KOREA","description":"Korean kosmetiikan verkkokauppa","publisher":{"@id":"https:\/\/idakorea.ee\/#organization"},"alternateName":"Beauty Shop","potentialAction":[{"@type":"SearchAction","target":{"@type":"EntryPoint","urlTemplate":"https:\/\/idakorea.ee\/?s={search_term_string}"},"query-input":{"@type":"PropertyValueSpecification","valueRequired":true,"valueName":"search_term_string"}}],"inLanguage":"fi"},{"@type":"Organization","@id":"https:\/\/idakorea.ee\/#organization","name":"IDA.KOREA","url":"https:\/\/idakorea.ee\/","logo":{"@type":"ImageObject","inLanguage":"fi","@id":"https:\/\/idakorea.ee\/#\/schema\/logo\/image\/","url":"https:\/\/idakorea.ee\/wp-content\/uploads\/2024\/05\/cropped-korea3.png","contentUrl":"https:\/\/idakorea.ee\/wp-content\/uploads\/2024\/05\/cropped-korea3.png","width":688,"height":126,"caption":"IDA.KOREA"},"image":{"@id":"https:\/\/idakorea.ee\/#\/schema\/logo\/image\/"},"sameAs":["https:\/\/www.instagram.com\/ida.korea\/"]}]}},"jetpack_sharing_enabled":true,"brands":[{"id":901,"name":"AINESOSAT","slug":"ongredients"}],"_links":{"self":[{"href":"https:\/\/idakorea.ee\/fi\/wp-json\/wp\/v2\/product\/14698","targetHints":{"allow":["GET"]}}],"collection":[{"href":"https:\/\/idakorea.ee\/fi\/wp-json\/wp\/v2\/product"}],"about":[{"href":"https:\/\/idakorea.ee\/fi\/wp-json\/wp\/v2\/types\/product"}],"replies":[{"embeddable":true,"href":"https:\/\/idakorea.ee\/fi\/wp-json\/wp\/v2\/comments?post=14698"}],"version-history":[{"count":1,"href":"https:\/\/idakorea.ee\/fi\/wp-json\/wp\/v2\/product\/14698\/revisions"}],"predecessor-version":[{"id":14702,"href":"https:\/\/idakorea.ee\/fi\/wp-json\/wp\/v2\/product\/14698\/revisions\/14702"}],"wp:featuredmedia":[{"embeddable":true,"href":"https:\/\/idakorea.ee\/fi\/wp-json\/wp\/v2\/media\/14699"}],"wp:attachment":[{"href":"https:\/\/idakorea.ee\/fi\/wp-json\/wp\/v2\/media?parent=14698"}],"wp:term":[{"taxonomy":"pwb-brand","embeddable":true,"href":"https:\/\/idakorea.ee\/fi\/wp-json\/wp\/v2\/pwb-brand?post=14698"},{"taxonomy":"product_brand","embeddable":true,"href":"https:\/\/idakorea.ee\/fi\/wp-json\/wp\/v2\/product_brand?post=14698"},{"taxonomy":"product_cat","embeddable":true,"href":"https:\/\/idakorea.ee\/fi\/wp-json\/wp\/v2\/product_cat?post=14698"},{"taxonomy":"product_tag","embeddable":true,"href":"https:\/\/idakorea.ee\/fi\/wp-json\/wp\/v2\/product_tag?post=14698"}],"curies":[{"name":"wp","href":"https:\/\/api.w.org\/{rel}","templated":true}]}}