{"id":14723,"date":"2025-06-19T11:43:02","date_gmt":"2025-06-19T08:43:02","guid":{"rendered":"https:\/\/idakorea.ee\/?post_type=product&#038;p=14723"},"modified":"2026-04-04T11:08:08","modified_gmt":"2026-04-04T09:08:08","slug":"round-lab-birch-juice-moisturizing-tone-up-sunscreen-spf50","status":"publish","type":"product","link":"https:\/\/idakorea.ee\/fi\/product\/round-lab-birch-juice-moisturizing-tone-up-sunscreen-spf50\/","title":{"rendered":"Round Lab Birch Juice -kosteuttava aurinkovoide SPF50+ PA++++, 50ml"},"content":{"rendered":"<p><strong>Round Lab Birch Juice kosteuttava s\u00e4vytt\u00e4v\u00e4 aurinkovoide SPF50+ PA++++<\/strong> mukautuu ihon s\u00e4vyyn ja suojaa ultraviolettis\u00e4teilylt\u00e4, ehk\u00e4isten valon ik\u00e4\u00e4ntymist\u00e4, pigmenttil\u00e4iski\u00e4 ja auringonpolttamia.<\/p>\n<p>Voiteella on maitomainen, voidemainen koostumus, joka muodostaa ohuen ja sile\u00e4n kalvon \u2013 se tasoittaa ihon s\u00e4vy\u00e4, v\u00e4hent\u00e4\u00e4 punoitusta ja supistaa visuaalisesti laajentuneita ihohuokosia.<\/p>\n<p>Tuote kosteuttaa ihoa, ehk\u00e4isee kuivumista ja hilseily\u00e4, antaa luonnollisen hehkun ja toimittaa iholle antioksidantteja, jotka auttavat torjumaan UV-s\u00e4teilyn aiheuttamaa oksidatiivista stressi\u00e4.<\/p>\n<p>Sis\u00e4lt\u00e4\u00e4 hypoallergeenisen fysikaalisen suodattimen (titaanidioksidi) ja fotostabiileja kemiallisia UV-suodattimia uuden sukupolven koostumuksessa, joka ei vaadi vaihtoa jopa 8 tuntiin kaupunkiolosuhteissa:<\/p>\n<ul>\n<li><strong>Uvinul A Plus (dietyyliaminohydroksibentsoyyliheksyylibentsoaatti)<\/strong> \u2013 suojaa UVA-s\u00e4teilt\u00e4.<\/li>\n<li><strong>Uvinul T 150 (etyyliheksyylitriatsoni)<\/strong> \u2013 suojaa UVB-s\u00e4teilylt\u00e4.<\/li>\n<li><strong>Iskotritsinoli \/ Uvasorb HEB (dietyyliheksyylibutamidotriatsoni)<\/strong> \u2013 eritt\u00e4in fotostabiili laajakirjoinen suodin, suojaa UVA- ja UVB-s\u00e4teilylt\u00e4, menett\u00e4\u00e4 tehokkuudestaan noin 10% vain 25 tunnissa.<\/li>\n<\/ul>\n<p><strong>T\u00e4rkeimm\u00e4t vaikuttavat aineet:<\/strong><\/p>\n<ul>\n<li><strong>Koivunmahla<\/strong> \u2013 sis\u00e4lt\u00e4\u00e4 vitamiineja, fruktoosia, sakkaroosia ja orgaanisia happoja. Rikastaa ihoa mineraaleilla, kiinteytt\u00e4\u00e4, v\u00e4hent\u00e4\u00e4 ik\u00e4\u00e4ntymisen merkkej\u00e4 ja tasapainottaa talirauhasten toimintaa.<\/li>\n<li><strong>Glyseryyliglukosidi<\/strong> \u2013 glyseriinin ja glukoosin johdannainen, parantaa akvaporiinien toimintaa, jotka auttavat ihoa imem\u00e4\u00e4n ja s\u00e4ilytt\u00e4m\u00e4\u00e4n kosteutta. V\u00e4hent\u00e4\u00e4 kuivuutta.<\/li>\n<li><strong>Askorbiinihappo (C-vitamiini)<\/strong> \u2013 vahva antioksidantti, joka yll\u00e4pit\u00e4\u00e4 ihon kimmoisuutta ja nuorekkuutta, tasoittaa ja kirkastaa ihon s\u00e4vy\u00e4.<\/li>\n<li><strong>M\u00e4nnynsiemen\u00f6ljy<\/strong> \u2013 antioksidanttinen ja tulehdusta est\u00e4v\u00e4 vaikutus.<\/li>\n<li><strong>Kummeliekstrakt<\/strong> \u2013 rauhoittaa ja lievitt\u00e4\u00e4 \u00e4rsytyst\u00e4, pehment\u00e4\u00e4 ja suojaa vapailta radikaaleilta.<\/li>\n<li><strong>Allantoiin<\/strong> \u2013 antioksidantti, hidastaa solujen ik\u00e4\u00e4ntymist\u00e4, v\u00e4hent\u00e4\u00e4 herkkyytt\u00e4 ja stimuloi uudistumista.<\/li>\n<li><strong>Portulakan uute<\/strong> \u2013 nopeuttaa paranemisprosesseja, supistaa ihohuokosia ja v\u00e4hent\u00e4\u00e4 talin erityst\u00e4.<\/li>\n<\/ul>\n<p>&nbsp;<\/p>\n<p>Sopii kaikille ihotyypeille.<\/p>\n<p><strong>K\u00e4ytt\u00f6:<\/strong><\/p>\n<p>Levit\u00e4 noin 1,2 ml tuotetta kasvoille ja kaulalle p\u00e4ivitt\u00e4isen ihonhoitorutiinisi j\u00e4lkeen. Levit\u00e4 aurinkovoidetta muille paljaille ihoalueille 20\u201330 minuuttia ennen ulos l\u00e4ht\u00f6\u00e4. Jos olet suorassa auringonvalossa (esim. rannalla), levit\u00e4 voidetta uudelleen 2\u20133 tunnin v\u00e4lein.<\/p>\n<p>&nbsp;<\/p>","protected":false},"excerpt":{"rendered":"<p>Round Lab Birch Juice Moisturizing Tone-Up Sunscreen SPF50+ PA++++ mukautuu ihosi s\u00e4vyyn ja suojaa ultraviolettis\u00e4teilylt\u00e4 est\u00e4en valon ik\u00e4\u00e4ntymist\u00e4, pigmenttimuutoksia ja auringonpolttamia. Voiteella on maitomainen koostumus, joka muodostaa ohuen ja sile\u00e4n kalvon - se tasoittaa ihon s\u00e4vy\u00e4, v\u00e4hent\u00e4\u00e4 punoitusta ja supistaa visuaalisesti laajentuneita ihohuokosia. Tuote kosteuttaa ihoa, ehk\u00e4isee kuivumista ja hilseily\u00e4, antaa luonnollisen hehkun ja\u2026<\/p>","protected":false},"featured_media":14724,"comment_status":"open","ping_status":"closed","template":"","meta":{"_uf_show_specific_survey":0,"_uf_disable_surveys":false,"_bst_post_transparent":"default","_bst_post_title":"","_bst_post_layout":"default","_bst_post_sidebar_id":"","_bst_post_content_style":"default","_bst_post_vertical_padding":"default","_bst_post_feature":"","_bst_post_feature_position":"","_bst_post_header":false,"_bst_post_footer":false},"pwb-brand":[645],"product_brand":[],"product_cat":[92,101],"product_tag":[919,864,940],"class_list":{"0":"post-14723","1":"product","2":"type-product","3":"status-publish","4":"has-post-thumbnail","6":"pwb-brand-round-lab","7":"product_cat-nagu","8":"product_cat-paikesekaitse","9":"product_tag-birch","10":"product_tag-spf","11":"product_tag-toon","13":"first","14":"instock","15":"sale","16":"shipping-taxable","17":"purchasable","18":"product-type-simple","19":"entry","20":"content-bg","21":"loop-entry"},"supplier_id":null,"supplier_sku":"","barcode":null,"atum_controlled":true,"out_stock_date":null,"out_stock_threshold":null,"inheritable":false,"inbound_stock":0,"stock_on_hold":0,"sold_today":0,"sales_last_days":1,"out_stock_days":0,"lost_sales":0,"has_location":false,"update_date":"2026-04-14T00:05:03","atum_locations":[],"atum_stock_status":"instock","restock_status":false,"low_stock_amount":"","sales_update_date":"2026-04-14T00:05:03","calc_backorders":null,"yoast_head":"<!-- This site is optimized with the Yoast SEO plugin v27.2 - https:\/\/yoast.com\/product\/yoast-seo-wordpress\/ -->\n<title>Round Lab Birch Juice Moisturizing Tone-Up Sunscreen SPF50+ PA++++, 50ml - IDA.KOREA<\/title>\n<meta name=\"description\" content=\"Tooniv ja niisutav p\u00e4ikesekaitsekreem SPF50+ PA++++ kaitseb nahka UV-kiirguse eest, ennetab pigmendilaike ja annab terve s\u00e4ra. Sobib k\u00f5igile nahat\u00fc\u00fcpidele.\" \/>\n<meta name=\"robots\" content=\"index, follow, max-snippet:-1, max-image-preview:large, max-video-preview:-1\" \/>\n<link rel=\"canonical\" href=\"https:\/\/idakorea.ee\/fi\/product\/round-lab-birch-juice-moisturizing-tone-up-sunscreen-spf50\/\" \/>\n<meta property=\"og:locale\" content=\"fi_FI\" \/>\n<meta property=\"og:type\" content=\"article\" \/>\n<meta property=\"og:title\" content=\"Round Lab Birch Juice Moisturizing Tone-Up Sunscreen SPF50+ PA++++, 50ml - IDA.KOREA\" \/>\n<meta property=\"og:description\" content=\"Tooniv ja niisutav p\u00e4ikesekaitsekreem SPF50+ PA++++ kaitseb nahka UV-kiirguse eest, ennetab pigmendilaike ja annab terve s\u00e4ra. Sobib k\u00f5igile nahat\u00fc\u00fcpidele.\" \/>\n<meta property=\"og:url\" content=\"https:\/\/idakorea.ee\/fi\/product\/round-lab-birch-juice-moisturizing-tone-up-sunscreen-spf50\/\" \/>\n<meta property=\"og:site_name\" content=\"IDA.KOREA\" \/>\n<meta property=\"article:modified_time\" content=\"2026-04-04T09:08:08+00:00\" \/>\n<meta property=\"og:image\" content=\"https:\/\/idakorea.ee\/wp-content\/uploads\/2025\/06\/roundlabbirchjuicemoisturizingtone-upsunscreenspf50_idakorea.ee_.webp\" \/>\n\t<meta property=\"og:image:width\" content=\"950\" \/>\n\t<meta property=\"og:image:height\" content=\"950\" \/>\n\t<meta property=\"og:image:type\" content=\"image\/webp\" \/>\n<meta name=\"twitter:card\" content=\"summary_large_image\" \/>\n<meta name=\"twitter:label1\" content=\"Arvioitu lukuaika\" \/>\n\t<meta name=\"twitter:data1\" content=\"2 minuuttia\" \/>\n<script type=\"application\/ld+json\" class=\"yoast-schema-graph\">{\"@context\":\"https:\/\/schema.org\",\"@graph\":[{\"@type\":\"WebPage\",\"@id\":\"https:\/\/idakorea.ee\/product\/round-lab-birch-juice-moisturizing-tone-up-sunscreen-spf50\/\",\"url\":\"https:\/\/idakorea.ee\/product\/round-lab-birch-juice-moisturizing-tone-up-sunscreen-spf50\/\",\"name\":\"Round Lab Birch Juice Moisturizing Tone-Up Sunscreen SPF50+ PA++++, 50ml - IDA.KOREA\",\"isPartOf\":{\"@id\":\"https:\/\/idakorea.ee\/#website\"},\"primaryImageOfPage\":{\"@id\":\"https:\/\/idakorea.ee\/product\/round-lab-birch-juice-moisturizing-tone-up-sunscreen-spf50\/#primaryimage\"},\"image\":{\"@id\":\"https:\/\/idakorea.ee\/product\/round-lab-birch-juice-moisturizing-tone-up-sunscreen-spf50\/#primaryimage\"},\"thumbnailUrl\":\"https:\/\/idakorea.ee\/wp-content\/uploads\/2025\/06\/roundlabbirchjuicemoisturizingtone-upsunscreenspf50_idakorea.ee_.webp\",\"datePublished\":\"2025-06-19T08:43:02+00:00\",\"dateModified\":\"2026-04-04T09:08:08+00:00\",\"description\":\"Tooniv ja niisutav p\u00e4ikesekaitsekreem SPF50+ PA++++ kaitseb nahka UV-kiirguse eest, ennetab pigmendilaike ja annab terve s\u00e4ra. Sobib k\u00f5igile nahat\u00fc\u00fcpidele.\",\"breadcrumb\":{\"@id\":\"https:\/\/idakorea.ee\/product\/round-lab-birch-juice-moisturizing-tone-up-sunscreen-spf50\/#breadcrumb\"},\"inLanguage\":\"fi\",\"potentialAction\":[{\"@type\":\"ReadAction\",\"target\":[\"https:\/\/idakorea.ee\/product\/round-lab-birch-juice-moisturizing-tone-up-sunscreen-spf50\/\"]}]},{\"@type\":\"ImageObject\",\"inLanguage\":\"fi\",\"@id\":\"https:\/\/idakorea.ee\/product\/round-lab-birch-juice-moisturizing-tone-up-sunscreen-spf50\/#primaryimage\",\"url\":\"https:\/\/idakorea.ee\/wp-content\/uploads\/2025\/06\/roundlabbirchjuicemoisturizingtone-upsunscreenspf50_idakorea.ee_.webp\",\"contentUrl\":\"https:\/\/idakorea.ee\/wp-content\/uploads\/2025\/06\/roundlabbirchjuicemoisturizingtone-upsunscreenspf50_idakorea.ee_.webp\",\"width\":950,\"height\":950},{\"@type\":\"BreadcrumbList\",\"@id\":\"https:\/\/idakorea.ee\/product\/round-lab-birch-juice-moisturizing-tone-up-sunscreen-spf50\/#breadcrumb\",\"itemListElement\":[{\"@type\":\"ListItem\",\"position\":1,\"name\":\"\u0413\u043b\u0430\u0432\u043d\u0430\u044f \u0441\u0442\u0440\u0430\u043d\u0438\u0446\u0430\",\"item\":\"https:\/\/idakorea.ee\/\"},{\"@type\":\"ListItem\",\"position\":2,\"name\":\"Shop\",\"item\":\"https:\/\/idakorea.ee\/shop-2\/\"},{\"@type\":\"ListItem\",\"position\":3,\"name\":\"Tooni andev p\u00e4kesekreem Round Lab Birch Juice Moisturizing Tone-Up Sunscreen SPF50+ PA++++, 50ml\"}]},{\"@type\":\"WebSite\",\"@id\":\"https:\/\/idakorea.ee\/#website\",\"url\":\"https:\/\/idakorea.ee\/\",\"name\":\"IDA.KOREA\",\"description\":\"Korea kosmeetika e-pood\",\"publisher\":{\"@id\":\"https:\/\/idakorea.ee\/#organization\"},\"alternateName\":\"Beauty Shop\",\"potentialAction\":[{\"@type\":\"SearchAction\",\"target\":{\"@type\":\"EntryPoint\",\"urlTemplate\":\"https:\/\/idakorea.ee\/?s={search_term_string}\"},\"query-input\":{\"@type\":\"PropertyValueSpecification\",\"valueRequired\":true,\"valueName\":\"search_term_string\"}}],\"inLanguage\":\"fi\"},{\"@type\":\"Organization\",\"@id\":\"https:\/\/idakorea.ee\/#organization\",\"name\":\"IDA.KOREA\",\"url\":\"https:\/\/idakorea.ee\/\",\"logo\":{\"@type\":\"ImageObject\",\"inLanguage\":\"fi\",\"@id\":\"https:\/\/idakorea.ee\/#\/schema\/logo\/image\/\",\"url\":\"https:\/\/idakorea.ee\/wp-content\/uploads\/2024\/05\/cropped-korea3.png\",\"contentUrl\":\"https:\/\/idakorea.ee\/wp-content\/uploads\/2024\/05\/cropped-korea3.png\",\"width\":688,\"height\":126,\"caption\":\"IDA.KOREA\"},\"image\":{\"@id\":\"https:\/\/idakorea.ee\/#\/schema\/logo\/image\/\"},\"sameAs\":[\"https:\/\/www.instagram.com\/ida.korea\/\"]}]}<\/script>\n<!-- \/ Yoast SEO plugin. -->","yoast_head_json":{"title":"Round Lab Birch Juice -kosteuttava aurinkovoide SPF50+ PA++++, 50ml - IDA.KOREA","description":"S\u00e4vytetty ja kosteuttava aurinkovoide SPF50+ PA++++ suojaa ihoa UV-s\u00e4teilylt\u00e4, ehk\u00e4isee ik\u00e4l\u00e4iskien muodostumista ja antaa terveen hehkun. Sopii kaikille ihotyypeille.","robots":{"index":"index","follow":"follow","max-snippet":"max-snippet:-1","max-image-preview":"max-image-preview:large","max-video-preview":"max-video-preview:-1"},"canonical":"https:\/\/idakorea.ee\/fi\/product\/round-lab-birch-juice-moisturizing-tone-up-sunscreen-spf50\/","og_locale":"fi_FI","og_type":"article","og_title":"Round Lab Birch Juice Moisturizing Tone-Up Sunscreen SPF50+ PA++++, 50ml - IDA.KOREA","og_description":"Tooniv ja niisutav p\u00e4ikesekaitsekreem SPF50+ PA++++ kaitseb nahka UV-kiirguse eest, ennetab pigmendilaike ja annab terve s\u00e4ra. Sobib k\u00f5igile nahat\u00fc\u00fcpidele.","og_url":"https:\/\/idakorea.ee\/fi\/product\/round-lab-birch-juice-moisturizing-tone-up-sunscreen-spf50\/","og_site_name":"IDA.KOREA","article_modified_time":"2026-04-04T09:08:08+00:00","og_image":[{"width":950,"height":950,"url":"https:\/\/idakorea.ee\/wp-content\/uploads\/2025\/06\/roundlabbirchjuicemoisturizingtone-upsunscreenspf50_idakorea.ee_.webp","type":"image\/webp"}],"twitter_card":"summary_large_image","twitter_misc":{"Arvioitu lukuaika":"2 minuuttia"},"schema":{"@context":"https:\/\/schema.org","@graph":[{"@type":"WebPage","@id":"https:\/\/idakorea.ee\/product\/round-lab-birch-juice-moisturizing-tone-up-sunscreen-spf50\/","url":"https:\/\/idakorea.ee\/product\/round-lab-birch-juice-moisturizing-tone-up-sunscreen-spf50\/","name":"Round Lab Birch Juice -kosteuttava aurinkovoide SPF50+ PA++++, 50ml - IDA.KOREA","isPartOf":{"@id":"https:\/\/idakorea.ee\/#website"},"primaryImageOfPage":{"@id":"https:\/\/idakorea.ee\/product\/round-lab-birch-juice-moisturizing-tone-up-sunscreen-spf50\/#primaryimage"},"image":{"@id":"https:\/\/idakorea.ee\/product\/round-lab-birch-juice-moisturizing-tone-up-sunscreen-spf50\/#primaryimage"},"thumbnailUrl":"https:\/\/idakorea.ee\/wp-content\/uploads\/2025\/06\/roundlabbirchjuicemoisturizingtone-upsunscreenspf50_idakorea.ee_.webp","datePublished":"2025-06-19T08:43:02+00:00","dateModified":"2026-04-04T09:08:08+00:00","description":"S\u00e4vytetty ja kosteuttava aurinkovoide SPF50+ PA++++ suojaa ihoa UV-s\u00e4teilylt\u00e4, ehk\u00e4isee ik\u00e4l\u00e4iskien muodostumista ja antaa terveen hehkun. Sopii kaikille ihotyypeille.","breadcrumb":{"@id":"https:\/\/idakorea.ee\/product\/round-lab-birch-juice-moisturizing-tone-up-sunscreen-spf50\/#breadcrumb"},"inLanguage":"fi","potentialAction":[{"@type":"ReadAction","target":["https:\/\/idakorea.ee\/product\/round-lab-birch-juice-moisturizing-tone-up-sunscreen-spf50\/"]}]},{"@type":"ImageObject","inLanguage":"fi","@id":"https:\/\/idakorea.ee\/product\/round-lab-birch-juice-moisturizing-tone-up-sunscreen-spf50\/#primaryimage","url":"https:\/\/idakorea.ee\/wp-content\/uploads\/2025\/06\/roundlabbirchjuicemoisturizingtone-upsunscreenspf50_idakorea.ee_.webp","contentUrl":"https:\/\/idakorea.ee\/wp-content\/uploads\/2025\/06\/roundlabbirchjuicemoisturizingtone-upsunscreenspf50_idakorea.ee_.webp","width":950,"height":950},{"@type":"BreadcrumbList","@id":"https:\/\/idakorea.ee\/product\/round-lab-birch-juice-moisturizing-tone-up-sunscreen-spf50\/#breadcrumb","itemListElement":[{"@type":"ListItem","position":1,"name":"\u0413\u043b\u0430\u0432\u043d\u0430\u044f \u0441\u0442\u0440\u0430\u043d\u0438\u0446\u0430","item":"https:\/\/idakorea.ee\/"},{"@type":"ListItem","position":2,"name":"Shop","item":"https:\/\/idakorea.ee\/shop-2\/"},{"@type":"ListItem","position":3,"name":"Tooni andev p\u00e4kesekreem Round Lab Birch Juice Moisturizing Tone-Up Sunscreen SPF50+ PA++++, 50ml"}]},{"@type":"WebSite","@id":"https:\/\/idakorea.ee\/#website","url":"https:\/\/idakorea.ee\/","name":"IDA.KOREA","description":"Korean kosmetiikan verkkokauppa","publisher":{"@id":"https:\/\/idakorea.ee\/#organization"},"alternateName":"Beauty Shop","potentialAction":[{"@type":"SearchAction","target":{"@type":"EntryPoint","urlTemplate":"https:\/\/idakorea.ee\/?s={search_term_string}"},"query-input":{"@type":"PropertyValueSpecification","valueRequired":true,"valueName":"search_term_string"}}],"inLanguage":"fi"},{"@type":"Organization","@id":"https:\/\/idakorea.ee\/#organization","name":"IDA.KOREA","url":"https:\/\/idakorea.ee\/","logo":{"@type":"ImageObject","inLanguage":"fi","@id":"https:\/\/idakorea.ee\/#\/schema\/logo\/image\/","url":"https:\/\/idakorea.ee\/wp-content\/uploads\/2024\/05\/cropped-korea3.png","contentUrl":"https:\/\/idakorea.ee\/wp-content\/uploads\/2024\/05\/cropped-korea3.png","width":688,"height":126,"caption":"IDA.KOREA"},"image":{"@id":"https:\/\/idakorea.ee\/#\/schema\/logo\/image\/"},"sameAs":["https:\/\/www.instagram.com\/ida.korea\/"]}]}},"jetpack_sharing_enabled":true,"brands":[{"id":645,"name":"ROUND LAB","slug":"round-lab"}],"_links":{"self":[{"href":"https:\/\/idakorea.ee\/fi\/wp-json\/wp\/v2\/product\/14723","targetHints":{"allow":["GET"]}}],"collection":[{"href":"https:\/\/idakorea.ee\/fi\/wp-json\/wp\/v2\/product"}],"about":[{"href":"https:\/\/idakorea.ee\/fi\/wp-json\/wp\/v2\/types\/product"}],"replies":[{"embeddable":true,"href":"https:\/\/idakorea.ee\/fi\/wp-json\/wp\/v2\/comments?post=14723"}],"version-history":[{"count":2,"href":"https:\/\/idakorea.ee\/fi\/wp-json\/wp\/v2\/product\/14723\/revisions"}],"predecessor-version":[{"id":17489,"href":"https:\/\/idakorea.ee\/fi\/wp-json\/wp\/v2\/product\/14723\/revisions\/17489"}],"wp:featuredmedia":[{"embeddable":true,"href":"https:\/\/idakorea.ee\/fi\/wp-json\/wp\/v2\/media\/14724"}],"wp:attachment":[{"href":"https:\/\/idakorea.ee\/fi\/wp-json\/wp\/v2\/media?parent=14723"}],"wp:term":[{"taxonomy":"pwb-brand","embeddable":true,"href":"https:\/\/idakorea.ee\/fi\/wp-json\/wp\/v2\/pwb-brand?post=14723"},{"taxonomy":"product_brand","embeddable":true,"href":"https:\/\/idakorea.ee\/fi\/wp-json\/wp\/v2\/product_brand?post=14723"},{"taxonomy":"product_cat","embeddable":true,"href":"https:\/\/idakorea.ee\/fi\/wp-json\/wp\/v2\/product_cat?post=14723"},{"taxonomy":"product_tag","embeddable":true,"href":"https:\/\/idakorea.ee\/fi\/wp-json\/wp\/v2\/product_tag?post=14723"}],"curies":[{"name":"wp","href":"https:\/\/api.w.org\/{rel}","templated":true}]}}