{"id":14728,"date":"2025-06-19T11:56:42","date_gmt":"2025-06-19T08:56:42","guid":{"rendered":"https:\/\/idakorea.ee\/?post_type=product&#038;p=14728"},"modified":"2026-03-22T19:04:25","modified_gmt":"2026-03-22T17:04:25","slug":"round-lab-mugwort-calming-toner-300ml","status":"publish","type":"product","link":"https:\/\/idakorea.ee\/fi\/product\/round-lab-mugwort-calming-toner-300ml\/","title":{"rendered":"Round Lab Mugwort -rauhoittava kasvovesi, 300ml"},"content":{"rendered":"<p><strong>Round Lab Mugwort -rauhoittava kasvovesi<\/strong> rauhoittaa ihoa, edist\u00e4\u00e4 tulehtuneiden vaurioiden paranemista ja v\u00e4hent\u00e4\u00e4 punoitusta. S\u00e4\u00e4telee talirauhasten toimintaa ja palauttaa ihon lipidikerroksen, joka on v\u00e4ltt\u00e4m\u00e4t\u00f6n ihon suojaukselle. Vahvistaa kapillaareja ja v\u00e4hent\u00e4\u00e4 n\u00e4kyvi\u00e4 verisuonia, joten se sopii my\u00f6s ruusufinnin taipuvaiselle iholle.<\/p>\n<p>Tuotteen p\u00e4\u00e4ainesosa on pujon uute (12 000 ppm), jolla on antibakteerisia ja tulehdusta ehk\u00e4isevi\u00e4 vaikutuksia. Se auttaa normalisoimaan ihon hydrolipiditasapainoa, v\u00e4hent\u00e4\u00e4 aknea ja tarjoaa antioksidanttista suojaa neutraloimalla vapaita radikaaleja.<\/p>\n<p>Kasvovedell\u00e4 on kevyt, vesipohjainen koostumus, joka imeytyy nopeasti ja j\u00e4tt\u00e4\u00e4 ihon raikkaaksi ja tasapainoiseksi.<\/p>\n<p><strong>Muita vaikuttavia aineita:<\/strong><\/p>\n<ul>\n<li><strong>Irlannin sammaluute<\/strong> \u2013 punalev\u00e4\u00e4, jolla on tulehdusta ja turvotusta ehk\u00e4isevi\u00e4 vaikutuksia. V\u00e4hent\u00e4\u00e4 kosteuden haihtumista ja rikastuttaa ihoa mineraaleilla.<\/li>\n<li><strong>Pantenoli (B5-vitamiini)<\/strong> \u2013 rauhoittaa, lievitt\u00e4\u00e4 punoitusta ja \u00e4rsytyst\u00e4, nopeuttaa ihon paranemista.<\/li>\n<li><strong>Madekassosidi<\/strong> \u2013 puhdas vaikuttava aine aasialaisen lumpeen uutteesta. Sopii kaikille ihotyypeille, vahvistaa ihon puolustuskyky\u00e4 ja on tulehdusta ehk\u00e4isev\u00e4, uudistava ja ik\u00e4\u00e4ntymist\u00e4 ehk\u00e4isev\u00e4.<\/li>\n<li><strong>Chlorella-uute<\/strong> \u2013 antioksidanttinen, antibakteerinen ja ihoa ravitseva vaikutus.<\/li>\n<li><strong>Kaakaopapujen uute<\/strong> \u2013 kiinteytt\u00e4\u00e4, v\u00e4hent\u00e4\u00e4 turvotusta, toimii antioksidanttisesti ja tukee ihon paranemista.<\/li>\n<\/ul>\n<p>&nbsp;<\/p>\n<p>Sopii normaalille, sekaiholle ja herk\u00e4lle iholle.<\/p>\n<p><strong>K\u00e4ytt\u00f6:<\/strong><\/p>\n<p>Levit\u00e4 sopiva m\u00e4\u00e4r\u00e4 kasvovett\u00e4 puhdistetulle iholle vanulapulla tai taputtelemalla kevyesti k\u00e4sin.<\/p>","protected":false},"excerpt":{"rendered":"<p>Round Lab Mugwort Calming Toner rauhoittaa ihoa, edist\u00e4\u00e4 tulehtuneiden vaurioiden paranemista ja v\u00e4hent\u00e4\u00e4 punoitusta. S\u00e4\u00e4telee talirauhasten toimintaa ja palauttaa ihon lipidikerroksen, joka on v\u00e4ltt\u00e4m\u00e4t\u00f6n ihon suojaksi. Vahvistaa kapillaareja ja v\u00e4hent\u00e4\u00e4 n\u00e4kyvi\u00e4 verisuonia, mink\u00e4 vuoksi se sopii my\u00f6s ruusufinniin taipuvaiselle iholle. Tuotteen p\u00e4\u00e4ainesosa on pujon uute (12 000 ppm), jolla on antibakteerisia ja tulehdusta ehk\u00e4isevi\u00e4 vaikutuksia. Auttaa normalisoimaan\u2026<\/p>","protected":false},"featured_media":14729,"comment_status":"open","ping_status":"closed","template":"","meta":{"_uf_show_specific_survey":0,"_uf_disable_surveys":false,"_bst_post_transparent":"default","_bst_post_title":"","_bst_post_layout":"default","_bst_post_sidebar_id":"","_bst_post_content_style":"default","_bst_post_vertical_padding":"default","_bst_post_feature":"","_bst_post_feature_position":"","_bst_post_header":false,"_bst_post_footer":false},"pwb-brand":[645],"product_brand":[],"product_cat":[92,158],"product_tag":[580,646,855,750],"class_list":{"0":"post-14728","1":"product","2":"type-product","3":"status-publish","4":"has-post-thumbnail","6":"pwb-brand-round-lab","7":"product_cat-nagu","8":"product_cat-toonik","9":"product_tag-calming","10":"product_tag-round-lab","11":"product_tag-toner","12":"product_tag-tundlik","14":"first","15":"instock","16":"sale","17":"shipping-taxable","18":"purchasable","19":"product-type-simple","20":"entry","21":"content-bg","22":"loop-entry"},"supplier_id":null,"supplier_sku":"","barcode":null,"atum_controlled":true,"out_stock_date":null,"out_stock_threshold":null,"inheritable":false,"inbound_stock":0,"stock_on_hold":0,"sold_today":0,"sales_last_days":0,"out_stock_days":0,"lost_sales":0,"has_location":false,"update_date":"2026-04-14T00:05:09","atum_locations":[],"atum_stock_status":"instock","restock_status":false,"low_stock_amount":"","sales_update_date":"2026-04-14T00:05:09","calc_backorders":null,"yoast_head":"<!-- This site is optimized with the Yoast SEO plugin v27.2 - https:\/\/yoast.com\/product\/yoast-seo-wordpress\/ -->\n<title>Round Lab Mugwort Calming Toner, 300ml - IDA.KOREA<\/title>\n<meta name=\"description\" content=\"P\u00f5letikuvastane ja rahustav toonik puju ekstraktiga v\u00e4hendab punetust ja toetab naha paranemist. Sobib tundlikule ja kombineeritud nahale.\" \/>\n<meta name=\"robots\" content=\"index, follow, max-snippet:-1, max-image-preview:large, max-video-preview:-1\" \/>\n<link rel=\"canonical\" href=\"https:\/\/idakorea.ee\/fi\/product\/round-lab-mugwort-calming-toner-300ml\/\" \/>\n<meta property=\"og:locale\" content=\"fi_FI\" \/>\n<meta property=\"og:type\" content=\"article\" \/>\n<meta property=\"og:title\" content=\"Round Lab Mugwort Calming Toner, 300ml - IDA.KOREA\" \/>\n<meta property=\"og:description\" content=\"P\u00f5letikuvastane ja rahustav toonik puju ekstraktiga v\u00e4hendab punetust ja toetab naha paranemist. Sobib tundlikule ja kombineeritud nahale.\" \/>\n<meta property=\"og:url\" content=\"https:\/\/idakorea.ee\/fi\/product\/round-lab-mugwort-calming-toner-300ml\/\" \/>\n<meta property=\"og:site_name\" content=\"IDA.KOREA\" \/>\n<meta property=\"article:modified_time\" content=\"2026-03-22T17:04:25+00:00\" \/>\n<meta property=\"og:image\" content=\"https:\/\/idakorea.ee\/wp-content\/uploads\/2025\/06\/round-lab-mugwort-calming-toner300ml-idakorea.ee_.png\" \/>\n\t<meta property=\"og:image:width\" content=\"1000\" \/>\n\t<meta property=\"og:image:height\" content=\"1000\" \/>\n\t<meta property=\"og:image:type\" content=\"image\/png\" \/>\n<meta name=\"twitter:card\" content=\"summary_large_image\" \/>\n<meta name=\"twitter:label1\" content=\"Arvioitu lukuaika\" \/>\n\t<meta name=\"twitter:data1\" content=\"2 minuuttia\" \/>\n<script type=\"application\/ld+json\" class=\"yoast-schema-graph\">{\"@context\":\"https:\/\/schema.org\",\"@graph\":[{\"@type\":\"WebPage\",\"@id\":\"https:\/\/idakorea.ee\/product\/round-lab-mugwort-calming-toner-300ml\/\",\"url\":\"https:\/\/idakorea.ee\/product\/round-lab-mugwort-calming-toner-300ml\/\",\"name\":\"Round Lab Mugwort Calming Toner, 300ml - IDA.KOREA\",\"isPartOf\":{\"@id\":\"https:\/\/idakorea.ee\/#website\"},\"primaryImageOfPage\":{\"@id\":\"https:\/\/idakorea.ee\/product\/round-lab-mugwort-calming-toner-300ml\/#primaryimage\"},\"image\":{\"@id\":\"https:\/\/idakorea.ee\/product\/round-lab-mugwort-calming-toner-300ml\/#primaryimage\"},\"thumbnailUrl\":\"https:\/\/idakorea.ee\/wp-content\/uploads\/2025\/06\/round-lab-mugwort-calming-toner300ml-idakorea.ee_.png\",\"datePublished\":\"2025-06-19T08:56:42+00:00\",\"dateModified\":\"2026-03-22T17:04:25+00:00\",\"description\":\"P\u00f5letikuvastane ja rahustav toonik puju ekstraktiga v\u00e4hendab punetust ja toetab naha paranemist. Sobib tundlikule ja kombineeritud nahale.\",\"breadcrumb\":{\"@id\":\"https:\/\/idakorea.ee\/product\/round-lab-mugwort-calming-toner-300ml\/#breadcrumb\"},\"inLanguage\":\"fi\",\"potentialAction\":[{\"@type\":\"ReadAction\",\"target\":[\"https:\/\/idakorea.ee\/product\/round-lab-mugwort-calming-toner-300ml\/\"]}]},{\"@type\":\"ImageObject\",\"inLanguage\":\"fi\",\"@id\":\"https:\/\/idakorea.ee\/product\/round-lab-mugwort-calming-toner-300ml\/#primaryimage\",\"url\":\"https:\/\/idakorea.ee\/wp-content\/uploads\/2025\/06\/round-lab-mugwort-calming-toner300ml-idakorea.ee_.png\",\"contentUrl\":\"https:\/\/idakorea.ee\/wp-content\/uploads\/2025\/06\/round-lab-mugwort-calming-toner300ml-idakorea.ee_.png\",\"width\":1000,\"height\":1000},{\"@type\":\"BreadcrumbList\",\"@id\":\"https:\/\/idakorea.ee\/product\/round-lab-mugwort-calming-toner-300ml\/#breadcrumb\",\"itemListElement\":[{\"@type\":\"ListItem\",\"position\":1,\"name\":\"\u0413\u043b\u0430\u0432\u043d\u0430\u044f \u0441\u0442\u0440\u0430\u043d\u0438\u0446\u0430\",\"item\":\"https:\/\/idakorea.ee\/\"},{\"@type\":\"ListItem\",\"position\":2,\"name\":\"Shop\",\"item\":\"https:\/\/idakorea.ee\/shop-2\/\"},{\"@type\":\"ListItem\",\"position\":3,\"name\":\"Rahustav tooner Round Lab Mugwort Calming Toner, 300ml\"}]},{\"@type\":\"WebSite\",\"@id\":\"https:\/\/idakorea.ee\/#website\",\"url\":\"https:\/\/idakorea.ee\/\",\"name\":\"IDA.KOREA\",\"description\":\"Korea kosmeetika e-pood\",\"publisher\":{\"@id\":\"https:\/\/idakorea.ee\/#organization\"},\"alternateName\":\"Beauty Shop\",\"potentialAction\":[{\"@type\":\"SearchAction\",\"target\":{\"@type\":\"EntryPoint\",\"urlTemplate\":\"https:\/\/idakorea.ee\/?s={search_term_string}\"},\"query-input\":{\"@type\":\"PropertyValueSpecification\",\"valueRequired\":true,\"valueName\":\"search_term_string\"}}],\"inLanguage\":\"fi\"},{\"@type\":\"Organization\",\"@id\":\"https:\/\/idakorea.ee\/#organization\",\"name\":\"IDA.KOREA\",\"url\":\"https:\/\/idakorea.ee\/\",\"logo\":{\"@type\":\"ImageObject\",\"inLanguage\":\"fi\",\"@id\":\"https:\/\/idakorea.ee\/#\/schema\/logo\/image\/\",\"url\":\"https:\/\/idakorea.ee\/wp-content\/uploads\/2024\/05\/cropped-korea3.png\",\"contentUrl\":\"https:\/\/idakorea.ee\/wp-content\/uploads\/2024\/05\/cropped-korea3.png\",\"width\":688,\"height\":126,\"caption\":\"IDA.KOREA\"},\"image\":{\"@id\":\"https:\/\/idakorea.ee\/#\/schema\/logo\/image\/\"},\"sameAs\":[\"https:\/\/www.instagram.com\/ida.korea\/\"]}]}<\/script>\n<!-- \/ Yoast SEO plugin. -->","yoast_head_json":{"title":"Round Lab Mugwort Calming Toner, 300ml - IDA.KOREA","description":"Tulehdusta ehk\u00e4isev\u00e4 ja rauhoittava kasvovesi, jossa on pujon uuttetta, v\u00e4hent\u00e4\u00e4 punoitusta ja edist\u00e4\u00e4 ihon paranemista. Sopii herk\u00e4lle ja sekaiholle.","robots":{"index":"index","follow":"follow","max-snippet":"max-snippet:-1","max-image-preview":"max-image-preview:large","max-video-preview":"max-video-preview:-1"},"canonical":"https:\/\/idakorea.ee\/fi\/product\/round-lab-mugwort-calming-toner-300ml\/","og_locale":"fi_FI","og_type":"article","og_title":"Round Lab Mugwort Calming Toner, 300ml - IDA.KOREA","og_description":"P\u00f5letikuvastane ja rahustav toonik puju ekstraktiga v\u00e4hendab punetust ja toetab naha paranemist. Sobib tundlikule ja kombineeritud nahale.","og_url":"https:\/\/idakorea.ee\/fi\/product\/round-lab-mugwort-calming-toner-300ml\/","og_site_name":"IDA.KOREA","article_modified_time":"2026-03-22T17:04:25+00:00","og_image":[{"width":1000,"height":1000,"url":"https:\/\/idakorea.ee\/wp-content\/uploads\/2025\/06\/round-lab-mugwort-calming-toner300ml-idakorea.ee_.png","type":"image\/png"}],"twitter_card":"summary_large_image","twitter_misc":{"Arvioitu lukuaika":"2 minuuttia"},"schema":{"@context":"https:\/\/schema.org","@graph":[{"@type":"WebPage","@id":"https:\/\/idakorea.ee\/product\/round-lab-mugwort-calming-toner-300ml\/","url":"https:\/\/idakorea.ee\/product\/round-lab-mugwort-calming-toner-300ml\/","name":"Round Lab Mugwort Calming Toner, 300ml - IDA.KOREA","isPartOf":{"@id":"https:\/\/idakorea.ee\/#website"},"primaryImageOfPage":{"@id":"https:\/\/idakorea.ee\/product\/round-lab-mugwort-calming-toner-300ml\/#primaryimage"},"image":{"@id":"https:\/\/idakorea.ee\/product\/round-lab-mugwort-calming-toner-300ml\/#primaryimage"},"thumbnailUrl":"https:\/\/idakorea.ee\/wp-content\/uploads\/2025\/06\/round-lab-mugwort-calming-toner300ml-idakorea.ee_.png","datePublished":"2025-06-19T08:56:42+00:00","dateModified":"2026-03-22T17:04:25+00:00","description":"Tulehdusta ehk\u00e4isev\u00e4 ja rauhoittava kasvovesi, jossa on pujon uuttetta, v\u00e4hent\u00e4\u00e4 punoitusta ja edist\u00e4\u00e4 ihon paranemista. Sopii herk\u00e4lle ja sekaiholle.","breadcrumb":{"@id":"https:\/\/idakorea.ee\/product\/round-lab-mugwort-calming-toner-300ml\/#breadcrumb"},"inLanguage":"fi","potentialAction":[{"@type":"ReadAction","target":["https:\/\/idakorea.ee\/product\/round-lab-mugwort-calming-toner-300ml\/"]}]},{"@type":"ImageObject","inLanguage":"fi","@id":"https:\/\/idakorea.ee\/product\/round-lab-mugwort-calming-toner-300ml\/#primaryimage","url":"https:\/\/idakorea.ee\/wp-content\/uploads\/2025\/06\/round-lab-mugwort-calming-toner300ml-idakorea.ee_.png","contentUrl":"https:\/\/idakorea.ee\/wp-content\/uploads\/2025\/06\/round-lab-mugwort-calming-toner300ml-idakorea.ee_.png","width":1000,"height":1000},{"@type":"BreadcrumbList","@id":"https:\/\/idakorea.ee\/product\/round-lab-mugwort-calming-toner-300ml\/#breadcrumb","itemListElement":[{"@type":"ListItem","position":1,"name":"\u0413\u043b\u0430\u0432\u043d\u0430\u044f \u0441\u0442\u0440\u0430\u043d\u0438\u0446\u0430","item":"https:\/\/idakorea.ee\/"},{"@type":"ListItem","position":2,"name":"Shop","item":"https:\/\/idakorea.ee\/shop-2\/"},{"@type":"ListItem","position":3,"name":"Rahustav tooner Round Lab Mugwort Calming Toner, 300ml"}]},{"@type":"WebSite","@id":"https:\/\/idakorea.ee\/#website","url":"https:\/\/idakorea.ee\/","name":"IDA.KOREA","description":"Korean kosmetiikan verkkokauppa","publisher":{"@id":"https:\/\/idakorea.ee\/#organization"},"alternateName":"Beauty Shop","potentialAction":[{"@type":"SearchAction","target":{"@type":"EntryPoint","urlTemplate":"https:\/\/idakorea.ee\/?s={search_term_string}"},"query-input":{"@type":"PropertyValueSpecification","valueRequired":true,"valueName":"search_term_string"}}],"inLanguage":"fi"},{"@type":"Organization","@id":"https:\/\/idakorea.ee\/#organization","name":"IDA.KOREA","url":"https:\/\/idakorea.ee\/","logo":{"@type":"ImageObject","inLanguage":"fi","@id":"https:\/\/idakorea.ee\/#\/schema\/logo\/image\/","url":"https:\/\/idakorea.ee\/wp-content\/uploads\/2024\/05\/cropped-korea3.png","contentUrl":"https:\/\/idakorea.ee\/wp-content\/uploads\/2024\/05\/cropped-korea3.png","width":688,"height":126,"caption":"IDA.KOREA"},"image":{"@id":"https:\/\/idakorea.ee\/#\/schema\/logo\/image\/"},"sameAs":["https:\/\/www.instagram.com\/ida.korea\/"]}]}},"jetpack_sharing_enabled":true,"brands":[{"id":645,"name":"ROUND LAB","slug":"round-lab"}],"_links":{"self":[{"href":"https:\/\/idakorea.ee\/fi\/wp-json\/wp\/v2\/product\/14728","targetHints":{"allow":["GET"]}}],"collection":[{"href":"https:\/\/idakorea.ee\/fi\/wp-json\/wp\/v2\/product"}],"about":[{"href":"https:\/\/idakorea.ee\/fi\/wp-json\/wp\/v2\/types\/product"}],"replies":[{"embeddable":true,"href":"https:\/\/idakorea.ee\/fi\/wp-json\/wp\/v2\/comments?post=14728"}],"version-history":[{"count":1,"href":"https:\/\/idakorea.ee\/fi\/wp-json\/wp\/v2\/product\/14728\/revisions"}],"predecessor-version":[{"id":14732,"href":"https:\/\/idakorea.ee\/fi\/wp-json\/wp\/v2\/product\/14728\/revisions\/14732"}],"wp:featuredmedia":[{"embeddable":true,"href":"https:\/\/idakorea.ee\/fi\/wp-json\/wp\/v2\/media\/14729"}],"wp:attachment":[{"href":"https:\/\/idakorea.ee\/fi\/wp-json\/wp\/v2\/media?parent=14728"}],"wp:term":[{"taxonomy":"pwb-brand","embeddable":true,"href":"https:\/\/idakorea.ee\/fi\/wp-json\/wp\/v2\/pwb-brand?post=14728"},{"taxonomy":"product_brand","embeddable":true,"href":"https:\/\/idakorea.ee\/fi\/wp-json\/wp\/v2\/product_brand?post=14728"},{"taxonomy":"product_cat","embeddable":true,"href":"https:\/\/idakorea.ee\/fi\/wp-json\/wp\/v2\/product_cat?post=14728"},{"taxonomy":"product_tag","embeddable":true,"href":"https:\/\/idakorea.ee\/fi\/wp-json\/wp\/v2\/product_tag?post=14728"}],"curies":[{"name":"wp","href":"https:\/\/api.w.org\/{rel}","templated":true}]}}