{"id":14749,"date":"2025-06-19T13:22:15","date_gmt":"2025-06-19T10:22:15","guid":{"rendered":"https:\/\/idakorea.ee\/?post_type=product&#038;p=14749"},"modified":"2026-03-16T19:20:49","modified_gmt":"2026-03-16T17:20:49","slug":"masil-8-seconds-liquid-hair-mask","status":"publish","type":"product","link":"https:\/\/idakorea.ee\/fi\/product\/masil-8-seconds-liquid-hair-mask\/","title":{"rendered":"Masil 8 Seconds nestem\u00e4inen hiusnaamio, 8ml"},"content":{"rendered":"<p><strong>Masil 8 sekunnin nestem\u00e4inen hiusnaamio<\/strong> Palauttaa hiusten rakenteen muutamassa hetkess\u00e4, vahvistaa niit\u00e4 ja palauttaa niiden luonnollisen kiillon ja elinvoiman. Antaa volyymia tyveen, tekee hiuksista sile\u00e4mm\u00e4t ja helpommin k\u00e4sitelt\u00e4v\u00e4t sek\u00e4 auttaa v\u00e4hent\u00e4m\u00e4\u00e4n liiallista talin tuotantoa p\u00e4\u00e4nahassa.<\/p>\n<p>Naamio hoitaa hell\u00e4varaisesti ohuita, heikentyneit\u00e4 ja elottomia hiuksia, ravitsee aktiivisesti ja korjaa vaurioituneita alueita. Palauttaa kosteustasapainon, ehk\u00e4isee kaksihaaraisia ja luo suojakerroksen, joka suojaa hiuksia hiustenkuivaajan, l\u00e4mm\u00f6n ja vesijohtoveden haitallisilta vaikutuksilta.<\/p>\n<p>Naamio parantaa my\u00f6s p\u00e4\u00e4nahan kuntoa, normalisoi sen luonnollisen pH-tason, v\u00e4hent\u00e4\u00e4 rasvaisuutta, vahvistaa juuria ja auttaa ehk\u00e4isem\u00e4\u00e4n hiustenl\u00e4ht\u00f6\u00e4.<\/p>\n<p>Tuote alkaa vaikuttaa vain 8 sekunnissa \u2013 se on l\u00e4pin\u00e4kyv\u00e4 koostumus, joka vaikuttaa suoraan hiuksiin ja p\u00e4\u00e4nahkaan.<\/p>\n<p><strong>T\u00e4rkeimm\u00e4t vaikuttavat aineet:<\/strong><\/p>\n<ul>\n<li><strong>Salisyylihappo<\/strong> \u2013 puhdistaa tehokkaasti p\u00e4\u00e4nahan, poistaa likaa ja kuolleita ihosoluja.<\/li>\n<li><strong>Pantenoli (B5-vitamiini)<\/strong> \u2013 tukee uusien hiusjuurien muodostumista, ehk\u00e4isee hiustenl\u00e4ht\u00f6\u00e4 ja varmistaa pitk\u00e4aikaisen kosteutuksen.<\/li>\n<li><strong>Silkkiproteiinit<\/strong> \u2013 antaa hiuksille pehmeytt\u00e4, sileytt\u00e4 ja kimmoisuutta, helpottaa kampaamista ja muotoilua sek\u00e4 suojaa UV-s\u00e4teilt\u00e4.<\/li>\n<li><strong>Hydrolysoitu kollageeni<\/strong> \u2013 parantaa hiusten rakennetta, v\u00e4hent\u00e4\u00e4 katkeilua ja hiustenl\u00e4ht\u00f6\u00e4, palauttaa kiillon ja joustavuuden.<\/li>\n<li><strong>Lactobacillus-entsyymit<\/strong> \u2013 stimuloivat solujen uusiutumista ja hiusten kasvua, kosteuttavat hiuksia ja antavat niille sileytt\u00e4 ja kiiltoa.<\/li>\n<li><strong>Aminohappokompleksi<\/strong> \u2013 palauttaa hiusten ulkon\u00e4\u00f6n, parantaa niiden ulkon\u00e4k\u00f6\u00e4 ja luo suojaavan kerroksen, joka s\u00e4ilytt\u00e4\u00e4 kosteuden.<\/li>\n<li><strong>Yrttiuutteet<\/strong> \u2013 rauhoittaa \u00e4rtynytt\u00e4 p\u00e4\u00e4nahkaa, lievitt\u00e4\u00e4 tulehdusta, v\u00e4hent\u00e4\u00e4 kutinaa ja ep\u00e4mukavuutta.<\/li>\n<\/ul>\n<p>&nbsp;<\/p>\n<p>Sopii heikentyneille ja vaurioituneille hiuksille.<\/p>\n<p><strong>K\u00e4ytt\u00f6:<\/strong><\/p>\n<p>Levit\u00e4 naamio pestyihin ja kosteisiin hiuksiin, levit\u00e4 tasaisesti koko pituudelle. Anna vaikuttaa v\u00e4hint\u00e4\u00e4n 8 sekuntia, 3\u20135 minuuttia tehokkaamman hoidon saamiseksi, hiero kevyesti ja huuhtele huolellisesti l\u00e4mpim\u00e4ll\u00e4 vedell\u00e4.<\/p>\n<p>&nbsp;<\/p>","protected":false},"excerpt":{"rendered":"<p>Masil 8 Seconds Liquid Hair Mask palauttaa hiusten rakenteen muutamassa hetkess\u00e4, vahvistaa niit\u00e4 ja palauttaa niiden luonnollisen kiillon ja elinvoiman. Antaa volyymia tyveen, tekee hiuksista sile\u00e4mm\u00e4t ja helpommin k\u00e4sitelt\u00e4v\u00e4t sek\u00e4 auttaa v\u00e4hent\u00e4m\u00e4\u00e4n liiallista talin erityst\u00e4 p\u00e4\u00e4nahasta. Naamio hoitaa hell\u00e4varaisesti ohuita, heikentyneit\u00e4 ja elottomia hiuksia, ravitsee aktiivisesti ja korjaa vaurioituneita alueita. Palauttaa kosteustasapainon, ehk\u00e4isee kaksihaaraisia ja luo\u2026<\/p>","protected":false},"featured_media":14750,"comment_status":"open","ping_status":"closed","template":"","meta":{"_uf_show_specific_survey":0,"_uf_disable_surveys":false,"_bst_post_transparent":"default","_bst_post_title":"","_bst_post_layout":"default","_bst_post_sidebar_id":"","_bst_post_content_style":"default","_bst_post_vertical_padding":"default","_bst_post_feature":"","_bst_post_feature_position":"","_bst_post_header":false,"_bst_post_footer":false},"pwb-brand":[489],"product_brand":[],"product_cat":[923],"product_tag":[941,614],"class_list":{"0":"post-14749","1":"product","2":"type-product","3":"status-publish","4":"has-post-thumbnail","6":"pwb-brand-masil","7":"product_cat-juuksed","8":"product_tag-masil","9":"product_tag-mask","11":"first","12":"instock","13":"sale","14":"shipping-taxable","15":"purchasable","16":"product-type-simple","17":"entry","18":"content-bg","19":"loop-entry"},"supplier_id":null,"supplier_sku":"","barcode":null,"atum_controlled":true,"out_stock_date":null,"out_stock_threshold":null,"inheritable":false,"inbound_stock":0,"stock_on_hold":0,"sold_today":0,"sales_last_days":1,"out_stock_days":0,"lost_sales":0,"has_location":false,"update_date":"2026-04-14T00:05:09","atum_locations":[],"atum_stock_status":"instock","restock_status":false,"low_stock_amount":"","sales_update_date":"2026-04-14T00:05:09","calc_backorders":null,"yoast_head":"<!-- This site is optimized with the Yoast SEO plugin v27.2 - https:\/\/yoast.com\/product\/yoast-seo-wordpress\/ -->\n<title>Masil 8 Seconds Liquid Hair Mask, 8ml - IDA.KOREA<\/title>\n<meta name=\"description\" content=\"Kiirtoimeline juuksemask taastab juuste struktuuri vaid 8 sekundiga, lisab vol\u00fc\u00fcmi, silendab ja v\u00e4hendab rasusust. Sobib \u00f5hukestele ja n\u00f5rgenenud juustele.\" \/>\n<meta name=\"robots\" content=\"index, follow, max-snippet:-1, max-image-preview:large, max-video-preview:-1\" \/>\n<link rel=\"canonical\" href=\"https:\/\/idakorea.ee\/fi\/product\/masil-8-seconds-liquid-hair-mask\/\" \/>\n<meta property=\"og:locale\" content=\"fi_FI\" \/>\n<meta property=\"og:type\" content=\"article\" \/>\n<meta property=\"og:title\" content=\"Masil 8 Seconds Liquid Hair Mask, 8ml - IDA.KOREA\" \/>\n<meta property=\"og:description\" content=\"Kiirtoimeline juuksemask taastab juuste struktuuri vaid 8 sekundiga, lisab vol\u00fc\u00fcmi, silendab ja v\u00e4hendab rasusust. Sobib \u00f5hukestele ja n\u00f5rgenenud juustele.\" \/>\n<meta property=\"og:url\" content=\"https:\/\/idakorea.ee\/fi\/product\/masil-8-seconds-liquid-hair-mask\/\" \/>\n<meta property=\"og:site_name\" content=\"IDA.KOREA\" \/>\n<meta property=\"article:modified_time\" content=\"2026-03-16T17:20:49+00:00\" \/>\n<meta property=\"og:image\" content=\"https:\/\/idakorea.ee\/wp-content\/uploads\/2025\/06\/masil-8-seconds-liquid-hair-mask-idakorea.ee_.jpg\" \/>\n\t<meta property=\"og:image:width\" content=\"1000\" \/>\n\t<meta property=\"og:image:height\" content=\"1000\" \/>\n\t<meta property=\"og:image:type\" content=\"image\/jpeg\" \/>\n<meta name=\"twitter:card\" content=\"summary_large_image\" \/>\n<meta name=\"twitter:label1\" content=\"Arvioitu lukuaika\" \/>\n\t<meta name=\"twitter:data1\" content=\"2 minuuttia\" \/>\n<script type=\"application\/ld+json\" class=\"yoast-schema-graph\">{\"@context\":\"https:\/\/schema.org\",\"@graph\":[{\"@type\":\"WebPage\",\"@id\":\"https:\/\/idakorea.ee\/product\/masil-8-seconds-liquid-hair-mask\/\",\"url\":\"https:\/\/idakorea.ee\/product\/masil-8-seconds-liquid-hair-mask\/\",\"name\":\"Masil 8 Seconds Liquid Hair Mask, 8ml - IDA.KOREA\",\"isPartOf\":{\"@id\":\"https:\/\/idakorea.ee\/#website\"},\"primaryImageOfPage\":{\"@id\":\"https:\/\/idakorea.ee\/product\/masil-8-seconds-liquid-hair-mask\/#primaryimage\"},\"image\":{\"@id\":\"https:\/\/idakorea.ee\/product\/masil-8-seconds-liquid-hair-mask\/#primaryimage\"},\"thumbnailUrl\":\"https:\/\/idakorea.ee\/wp-content\/uploads\/2025\/06\/masil-8-seconds-liquid-hair-mask-idakorea.ee_.jpg\",\"datePublished\":\"2025-06-19T10:22:15+00:00\",\"dateModified\":\"2026-03-16T17:20:49+00:00\",\"description\":\"Kiirtoimeline juuksemask taastab juuste struktuuri vaid 8 sekundiga, lisab vol\u00fc\u00fcmi, silendab ja v\u00e4hendab rasusust. Sobib \u00f5hukestele ja n\u00f5rgenenud juustele.\",\"breadcrumb\":{\"@id\":\"https:\/\/idakorea.ee\/product\/masil-8-seconds-liquid-hair-mask\/#breadcrumb\"},\"inLanguage\":\"fi\",\"potentialAction\":[{\"@type\":\"ReadAction\",\"target\":[\"https:\/\/idakorea.ee\/product\/masil-8-seconds-liquid-hair-mask\/\"]}]},{\"@type\":\"ImageObject\",\"inLanguage\":\"fi\",\"@id\":\"https:\/\/idakorea.ee\/product\/masil-8-seconds-liquid-hair-mask\/#primaryimage\",\"url\":\"https:\/\/idakorea.ee\/wp-content\/uploads\/2025\/06\/masil-8-seconds-liquid-hair-mask-idakorea.ee_.jpg\",\"contentUrl\":\"https:\/\/idakorea.ee\/wp-content\/uploads\/2025\/06\/masil-8-seconds-liquid-hair-mask-idakorea.ee_.jpg\",\"width\":1000,\"height\":1000},{\"@type\":\"BreadcrumbList\",\"@id\":\"https:\/\/idakorea.ee\/product\/masil-8-seconds-liquid-hair-mask\/#breadcrumb\",\"itemListElement\":[{\"@type\":\"ListItem\",\"position\":1,\"name\":\"\u0413\u043b\u0430\u0432\u043d\u0430\u044f \u0441\u0442\u0440\u0430\u043d\u0438\u0446\u0430\",\"item\":\"https:\/\/idakorea.ee\/\"},{\"@type\":\"ListItem\",\"position\":2,\"name\":\"Shop\",\"item\":\"https:\/\/idakorea.ee\/shop-2\/\"},{\"@type\":\"ListItem\",\"position\":3,\"name\":\"Vol\u00fc\u00fcmi andev kiirmask juustele Masil 8 Seconds Liquid Hair Mask, 8ml\"}]},{\"@type\":\"WebSite\",\"@id\":\"https:\/\/idakorea.ee\/#website\",\"url\":\"https:\/\/idakorea.ee\/\",\"name\":\"IDA.KOREA\",\"description\":\"Korea kosmeetika e-pood\",\"publisher\":{\"@id\":\"https:\/\/idakorea.ee\/#organization\"},\"alternateName\":\"Beauty Shop\",\"potentialAction\":[{\"@type\":\"SearchAction\",\"target\":{\"@type\":\"EntryPoint\",\"urlTemplate\":\"https:\/\/idakorea.ee\/?s={search_term_string}\"},\"query-input\":{\"@type\":\"PropertyValueSpecification\",\"valueRequired\":true,\"valueName\":\"search_term_string\"}}],\"inLanguage\":\"fi\"},{\"@type\":\"Organization\",\"@id\":\"https:\/\/idakorea.ee\/#organization\",\"name\":\"IDA.KOREA\",\"url\":\"https:\/\/idakorea.ee\/\",\"logo\":{\"@type\":\"ImageObject\",\"inLanguage\":\"fi\",\"@id\":\"https:\/\/idakorea.ee\/#\/schema\/logo\/image\/\",\"url\":\"https:\/\/idakorea.ee\/wp-content\/uploads\/2024\/05\/cropped-korea3.png\",\"contentUrl\":\"https:\/\/idakorea.ee\/wp-content\/uploads\/2024\/05\/cropped-korea3.png\",\"width\":688,\"height\":126,\"caption\":\"IDA.KOREA\"},\"image\":{\"@id\":\"https:\/\/idakorea.ee\/#\/schema\/logo\/image\/\"},\"sameAs\":[\"https:\/\/www.instagram.com\/ida.korea\/\"]}]}<\/script>\n<!-- \/ Yoast SEO plugin. -->","yoast_head_json":{"title":"Masil 8 Seconds nestem\u00e4inen hiusnaamio, 8ml - IDA.KOREA","description":"Nopeasti vaikuttava hiusnaamio palauttaa hiusten rakenteen vain 8 sekunnissa, lis\u00e4\u00e4 volyymia, silottaa ja v\u00e4hent\u00e4\u00e4 rasvoittumista. Sopii ohuille ja heikentyneille hiuksille.","robots":{"index":"index","follow":"follow","max-snippet":"max-snippet:-1","max-image-preview":"max-image-preview:large","max-video-preview":"max-video-preview:-1"},"canonical":"https:\/\/idakorea.ee\/fi\/product\/masil-8-seconds-liquid-hair-mask\/","og_locale":"fi_FI","og_type":"article","og_title":"Masil 8 Seconds Liquid Hair Mask, 8ml - IDA.KOREA","og_description":"Kiirtoimeline juuksemask taastab juuste struktuuri vaid 8 sekundiga, lisab vol\u00fc\u00fcmi, silendab ja v\u00e4hendab rasusust. Sobib \u00f5hukestele ja n\u00f5rgenenud juustele.","og_url":"https:\/\/idakorea.ee\/fi\/product\/masil-8-seconds-liquid-hair-mask\/","og_site_name":"IDA.KOREA","article_modified_time":"2026-03-16T17:20:49+00:00","og_image":[{"width":1000,"height":1000,"url":"https:\/\/idakorea.ee\/wp-content\/uploads\/2025\/06\/masil-8-seconds-liquid-hair-mask-idakorea.ee_.jpg","type":"image\/jpeg"}],"twitter_card":"summary_large_image","twitter_misc":{"Arvioitu lukuaika":"2 minuuttia"},"schema":{"@context":"https:\/\/schema.org","@graph":[{"@type":"WebPage","@id":"https:\/\/idakorea.ee\/product\/masil-8-seconds-liquid-hair-mask\/","url":"https:\/\/idakorea.ee\/product\/masil-8-seconds-liquid-hair-mask\/","name":"Masil 8 Seconds nestem\u00e4inen hiusnaamio, 8ml - IDA.KOREA","isPartOf":{"@id":"https:\/\/idakorea.ee\/#website"},"primaryImageOfPage":{"@id":"https:\/\/idakorea.ee\/product\/masil-8-seconds-liquid-hair-mask\/#primaryimage"},"image":{"@id":"https:\/\/idakorea.ee\/product\/masil-8-seconds-liquid-hair-mask\/#primaryimage"},"thumbnailUrl":"https:\/\/idakorea.ee\/wp-content\/uploads\/2025\/06\/masil-8-seconds-liquid-hair-mask-idakorea.ee_.jpg","datePublished":"2025-06-19T10:22:15+00:00","dateModified":"2026-03-16T17:20:49+00:00","description":"Nopeasti vaikuttava hiusnaamio palauttaa hiusten rakenteen vain 8 sekunnissa, lis\u00e4\u00e4 volyymia, silottaa ja v\u00e4hent\u00e4\u00e4 rasvoittumista. Sopii ohuille ja heikentyneille hiuksille.","breadcrumb":{"@id":"https:\/\/idakorea.ee\/product\/masil-8-seconds-liquid-hair-mask\/#breadcrumb"},"inLanguage":"fi","potentialAction":[{"@type":"ReadAction","target":["https:\/\/idakorea.ee\/product\/masil-8-seconds-liquid-hair-mask\/"]}]},{"@type":"ImageObject","inLanguage":"fi","@id":"https:\/\/idakorea.ee\/product\/masil-8-seconds-liquid-hair-mask\/#primaryimage","url":"https:\/\/idakorea.ee\/wp-content\/uploads\/2025\/06\/masil-8-seconds-liquid-hair-mask-idakorea.ee_.jpg","contentUrl":"https:\/\/idakorea.ee\/wp-content\/uploads\/2025\/06\/masil-8-seconds-liquid-hair-mask-idakorea.ee_.jpg","width":1000,"height":1000},{"@type":"BreadcrumbList","@id":"https:\/\/idakorea.ee\/product\/masil-8-seconds-liquid-hair-mask\/#breadcrumb","itemListElement":[{"@type":"ListItem","position":1,"name":"\u0413\u043b\u0430\u0432\u043d\u0430\u044f \u0441\u0442\u0440\u0430\u043d\u0438\u0446\u0430","item":"https:\/\/idakorea.ee\/"},{"@type":"ListItem","position":2,"name":"Shop","item":"https:\/\/idakorea.ee\/shop-2\/"},{"@type":"ListItem","position":3,"name":"Vol\u00fc\u00fcmi andev kiirmask juustele Masil 8 Seconds Liquid Hair Mask, 8ml"}]},{"@type":"WebSite","@id":"https:\/\/idakorea.ee\/#website","url":"https:\/\/idakorea.ee\/","name":"IDA.KOREA","description":"Korean kosmetiikan verkkokauppa","publisher":{"@id":"https:\/\/idakorea.ee\/#organization"},"alternateName":"Beauty Shop","potentialAction":[{"@type":"SearchAction","target":{"@type":"EntryPoint","urlTemplate":"https:\/\/idakorea.ee\/?s={search_term_string}"},"query-input":{"@type":"PropertyValueSpecification","valueRequired":true,"valueName":"search_term_string"}}],"inLanguage":"fi"},{"@type":"Organization","@id":"https:\/\/idakorea.ee\/#organization","name":"IDA.KOREA","url":"https:\/\/idakorea.ee\/","logo":{"@type":"ImageObject","inLanguage":"fi","@id":"https:\/\/idakorea.ee\/#\/schema\/logo\/image\/","url":"https:\/\/idakorea.ee\/wp-content\/uploads\/2024\/05\/cropped-korea3.png","contentUrl":"https:\/\/idakorea.ee\/wp-content\/uploads\/2024\/05\/cropped-korea3.png","width":688,"height":126,"caption":"IDA.KOREA"},"image":{"@id":"https:\/\/idakorea.ee\/#\/schema\/logo\/image\/"},"sameAs":["https:\/\/www.instagram.com\/ida.korea\/"]}]}},"jetpack_sharing_enabled":true,"brands":[{"id":489,"name":"MASIL","slug":"masil"}],"_links":{"self":[{"href":"https:\/\/idakorea.ee\/fi\/wp-json\/wp\/v2\/product\/14749","targetHints":{"allow":["GET"]}}],"collection":[{"href":"https:\/\/idakorea.ee\/fi\/wp-json\/wp\/v2\/product"}],"about":[{"href":"https:\/\/idakorea.ee\/fi\/wp-json\/wp\/v2\/types\/product"}],"replies":[{"embeddable":true,"href":"https:\/\/idakorea.ee\/fi\/wp-json\/wp\/v2\/comments?post=14749"}],"version-history":[{"count":1,"href":"https:\/\/idakorea.ee\/fi\/wp-json\/wp\/v2\/product\/14749\/revisions"}],"predecessor-version":[{"id":14751,"href":"https:\/\/idakorea.ee\/fi\/wp-json\/wp\/v2\/product\/14749\/revisions\/14751"}],"wp:featuredmedia":[{"embeddable":true,"href":"https:\/\/idakorea.ee\/fi\/wp-json\/wp\/v2\/media\/14750"}],"wp:attachment":[{"href":"https:\/\/idakorea.ee\/fi\/wp-json\/wp\/v2\/media?parent=14749"}],"wp:term":[{"taxonomy":"pwb-brand","embeddable":true,"href":"https:\/\/idakorea.ee\/fi\/wp-json\/wp\/v2\/pwb-brand?post=14749"},{"taxonomy":"product_brand","embeddable":true,"href":"https:\/\/idakorea.ee\/fi\/wp-json\/wp\/v2\/product_brand?post=14749"},{"taxonomy":"product_cat","embeddable":true,"href":"https:\/\/idakorea.ee\/fi\/wp-json\/wp\/v2\/product_cat?post=14749"},{"taxonomy":"product_tag","embeddable":true,"href":"https:\/\/idakorea.ee\/fi\/wp-json\/wp\/v2\/product_tag?post=14749"}],"curies":[{"name":"wp","href":"https:\/\/api.w.org\/{rel}","templated":true}]}}