{"id":14755,"date":"2025-06-19T13:39:18","date_gmt":"2025-06-19T10:39:18","guid":{"rendered":"https:\/\/idakorea.ee\/?post_type=product&#038;p=14755"},"modified":"2026-03-12T10:31:47","modified_gmt":"2026-03-12T08:31:47","slug":"masil-8-seconds-salon-hair-mask","status":"publish","type":"product","link":"https:\/\/idakorea.ee\/fi\/product\/masil-8-seconds-salon-hair-mask\/","title":{"rendered":"Tehokas hiusnaamio Masil 8 Seconds Salon -hiusnaamio, 8ml"},"content":{"rendered":"<p><strong>Masil 8 sekunnin salonkihiusnaamio<\/strong> on intensiivinen pikanaamio, joka tekee hiuksista silkkisen pehme\u00e4t, sile\u00e4t ja eloisat vain 8 sekunnissa. Antaa luonnollista kiiltoa ja pehmeytt\u00e4, palauttaa vaurioituneet hiukset tyvest\u00e4 latvaan.<\/p>\n<p>Eritt\u00e4in tiivistetty koostumus tunkeutuu syv\u00e4lle hiussuoneen, parantaa rakennetta ja palauttaa kimmoisuuden jopa vaurioituneimmissa hiuksissa. Naamio hoitaa my\u00f6s p\u00e4\u00e4nahkaa, tasapainottaa pH-tasoa, v\u00e4hent\u00e4\u00e4 rasvaisuutta, vahvistaa juuria ja auttaa ehk\u00e4isem\u00e4\u00e4n hiustenl\u00e4ht\u00f6\u00e4.<\/p>\n<p>Tuote sis\u00e4lt\u00e4\u00e4 16 yrttiuutetta, mukaan lukien lakritsia, vihre\u00e4\u00e4 teet\u00e4, laventelia, sitruunaa, centellaa, appelsiinia, gingkoa ja paljon muuta \u2013 kaikki n\u00e4m\u00e4 ainesosat vahvistavat hiuksia, v\u00e4hent\u00e4v\u00e4t haurautta ja antavat niille kauniin, kiilt\u00e4v\u00e4n pinnan.<\/p>\n<p>Pohjimmiltaan tuote levittyy helposti ja alkaa vaikuttaa v\u00e4litt\u00f6m\u00e4sti \u2013 vain 8 sekunnissa tuloksena on vahvemmat, sile\u00e4mm\u00e4t ja terveemm\u00e4t hiukset.<\/p>\n<p><strong>T\u00e4rkeimm\u00e4t vaikuttavat aineet:<\/strong><\/p>\n<ul>\n<li><strong>Hydrolysoitu keratiini<\/strong> \u2013 palauttaa hiuksia, silottaa ja lis\u00e4\u00e4 kimmoisuutta, muodostaa suojaavan kerroksen kosteuden s\u00e4ilytt\u00e4miseksi.<\/li>\n<li><strong>Hydrolysoitu kollageeni<\/strong> \u2013 tekee hiuksista pehme\u00e4t ja kimmoisat, v\u00e4hent\u00e4\u00e4 katkeilua ja palauttaa luonnollisen kiillon.<\/li>\n<li><strong>Keramidit<\/strong> \u2013 vahvistaa hiuskuituja, korjaa vaurioituneita alueita, antaa hiuksille vahvuutta ja silkkisen pehmeytt\u00e4.<\/li>\n<li><strong>Silkkiproteiinit<\/strong> \u2013 antaa silkkisen pehmeyden ja UV-suojan, parantaa harjattavuutta ja pitoa.<\/li>\n<li><strong>Spirulina-uute<\/strong> \u2013 stimuloi hiustenkasvua, vahvistaa hiusjuuria, parantaa solujen aineenvaihduntaa ja kosteuttaa tehokkaasti.<\/li>\n<\/ul>\n<p>&nbsp;<\/p>\n<p><strong>K\u00e4ytt\u00f6:<\/strong><\/p>\n<p>Levit\u00e4 naamio kosteisiin, puhtaisiin hiuksiin. Levit\u00e4 tasaisesti koko pituudelle. Anna vaikuttaa v\u00e4hint\u00e4\u00e4n 8 sekuntia tai 3\u20135 minuuttia eritt\u00e4in vaurioituneille hiuksille. Huuhtele huolellisesti l\u00e4mpim\u00e4ll\u00e4 vedell\u00e4.<\/p>\n<p>&nbsp;<\/p>\n<p>&nbsp;<\/p>\n<p>&nbsp;<\/p>","protected":false},"excerpt":{"rendered":"<p>Masil 8 Seconds Salon Hair Mask on intensiivinen pikanaamio, joka tekee hiuksista silkkisen pehme\u00e4t ja eloisat vain 8 sekunnissa. Se antaa luonnollista kiiltoa ja pehmeytt\u00e4, palauttaa vaurioituneet hiukset tyvest\u00e4 latvaan. Eritt\u00e4in tiivistetty koostumus tunkeutuu syv\u00e4lle hiussuoneen, parantaa rakennetta ja palauttaa kimmoisuuden jopa vaurioituneimmissa hiuksissa. Naamio hoitaa my\u00f6s p\u00e4\u00e4nahkaa, tasapainottaa pH-tasoa, v\u00e4hent\u00e4\u00e4 rasvaisuutta, vahvistaa tyvi\u00e4 ja auttaa\u2026<\/p>","protected":false},"featured_media":14756,"comment_status":"open","ping_status":"closed","template":"","meta":{"_uf_show_specific_survey":0,"_uf_disable_surveys":false,"_bst_post_transparent":"default","_bst_post_title":"","_bst_post_layout":"default","_bst_post_sidebar_id":"","_bst_post_content_style":"default","_bst_post_vertical_padding":"default","_bst_post_feature":"","_bst_post_feature_position":"","_bst_post_header":false,"_bst_post_footer":false},"pwb-brand":[489],"product_brand":[],"product_cat":[923],"product_tag":[941,614],"class_list":{"0":"post-14755","1":"product","2":"type-product","3":"status-publish","4":"has-post-thumbnail","6":"pwb-brand-masil","7":"product_cat-juuksed","8":"product_tag-masil","9":"product_tag-mask","11":"first","12":"instock","13":"sale","14":"shipping-taxable","15":"purchasable","16":"product-type-simple","17":"entry","18":"content-bg","19":"loop-entry"},"supplier_id":null,"supplier_sku":"","barcode":null,"atum_controlled":true,"out_stock_date":null,"out_stock_threshold":null,"inheritable":false,"inbound_stock":0,"stock_on_hold":0,"sold_today":0,"sales_last_days":0,"out_stock_days":0,"lost_sales":0,"has_location":false,"update_date":"2026-04-14T00:05:08","atum_locations":[],"atum_stock_status":"instock","restock_status":false,"low_stock_amount":"","sales_update_date":"2026-04-14T00:05:08","calc_backorders":null,"yoast_head":"<!-- This site is optimized with the Yoast SEO plugin v27.2 - https:\/\/yoast.com\/product\/yoast-seo-wordpress\/ -->\n<title>Masil 8 Seconds Salon Hair Mask, 8ml - IDA.KOREA<\/title>\n<meta name=\"description\" content=\"Kiirm\u00f5juline juuksemask taastab kahjustatud juukseid juba 8 sekundiga, lisab sileduse ja s\u00e4ra, tugevdab juuri ja v\u00e4hendab juuste v\u00e4ljalangemist.\" \/>\n<meta name=\"robots\" content=\"index, follow, max-snippet:-1, max-image-preview:large, max-video-preview:-1\" \/>\n<link rel=\"canonical\" href=\"https:\/\/idakorea.ee\/fi\/product\/masil-8-seconds-salon-hair-mask\/\" \/>\n<meta property=\"og:locale\" content=\"fi_FI\" \/>\n<meta property=\"og:type\" content=\"article\" \/>\n<meta property=\"og:title\" content=\"Masil 8 Seconds Salon Hair Mask, 8ml - IDA.KOREA\" \/>\n<meta property=\"og:description\" content=\"Kiirm\u00f5juline juuksemask taastab kahjustatud juukseid juba 8 sekundiga, lisab sileduse ja s\u00e4ra, tugevdab juuri ja v\u00e4hendab juuste v\u00e4ljalangemist.\" \/>\n<meta property=\"og:url\" content=\"https:\/\/idakorea.ee\/fi\/product\/masil-8-seconds-salon-hair-mask\/\" \/>\n<meta property=\"og:site_name\" content=\"IDA.KOREA\" \/>\n<meta property=\"article:modified_time\" content=\"2026-03-12T08:31:47+00:00\" \/>\n<meta property=\"og:image\" content=\"https:\/\/idakorea.ee\/wp-content\/uploads\/2025\/06\/masil_8_seconds_salon_hair_mask_8-idakorea.ee_.jpg\" \/>\n\t<meta property=\"og:image:width\" content=\"1000\" \/>\n\t<meta property=\"og:image:height\" content=\"1000\" \/>\n\t<meta property=\"og:image:type\" content=\"image\/jpeg\" \/>\n<meta name=\"twitter:card\" content=\"summary_large_image\" \/>\n<meta name=\"twitter:label1\" content=\"Arvioitu lukuaika\" \/>\n\t<meta name=\"twitter:data1\" content=\"2 minuuttia\" \/>\n<script type=\"application\/ld+json\" class=\"yoast-schema-graph\">{\"@context\":\"https:\/\/schema.org\",\"@graph\":[{\"@type\":\"WebPage\",\"@id\":\"https:\/\/idakorea.ee\/product\/masil-8-seconds-salon-hair-mask\/\",\"url\":\"https:\/\/idakorea.ee\/product\/masil-8-seconds-salon-hair-mask\/\",\"name\":\"Masil 8 Seconds Salon Hair Mask, 8ml - IDA.KOREA\",\"isPartOf\":{\"@id\":\"https:\/\/idakorea.ee\/#website\"},\"primaryImageOfPage\":{\"@id\":\"https:\/\/idakorea.ee\/product\/masil-8-seconds-salon-hair-mask\/#primaryimage\"},\"image\":{\"@id\":\"https:\/\/idakorea.ee\/product\/masil-8-seconds-salon-hair-mask\/#primaryimage\"},\"thumbnailUrl\":\"https:\/\/idakorea.ee\/wp-content\/uploads\/2025\/06\/masil_8_seconds_salon_hair_mask_8-idakorea.ee_.jpg\",\"datePublished\":\"2025-06-19T10:39:18+00:00\",\"dateModified\":\"2026-03-12T08:31:47+00:00\",\"description\":\"Kiirm\u00f5juline juuksemask taastab kahjustatud juukseid juba 8 sekundiga, lisab sileduse ja s\u00e4ra, tugevdab juuri ja v\u00e4hendab juuste v\u00e4ljalangemist.\",\"breadcrumb\":{\"@id\":\"https:\/\/idakorea.ee\/product\/masil-8-seconds-salon-hair-mask\/#breadcrumb\"},\"inLanguage\":\"fi\",\"potentialAction\":[{\"@type\":\"ReadAction\",\"target\":[\"https:\/\/idakorea.ee\/product\/masil-8-seconds-salon-hair-mask\/\"]}]},{\"@type\":\"ImageObject\",\"inLanguage\":\"fi\",\"@id\":\"https:\/\/idakorea.ee\/product\/masil-8-seconds-salon-hair-mask\/#primaryimage\",\"url\":\"https:\/\/idakorea.ee\/wp-content\/uploads\/2025\/06\/masil_8_seconds_salon_hair_mask_8-idakorea.ee_.jpg\",\"contentUrl\":\"https:\/\/idakorea.ee\/wp-content\/uploads\/2025\/06\/masil_8_seconds_salon_hair_mask_8-idakorea.ee_.jpg\",\"width\":1000,\"height\":1000},{\"@type\":\"BreadcrumbList\",\"@id\":\"https:\/\/idakorea.ee\/product\/masil-8-seconds-salon-hair-mask\/#breadcrumb\",\"itemListElement\":[{\"@type\":\"ListItem\",\"position\":1,\"name\":\"\u0413\u043b\u0430\u0432\u043d\u0430\u044f \u0441\u0442\u0440\u0430\u043d\u0438\u0446\u0430\",\"item\":\"https:\/\/idakorea.ee\/\"},{\"@type\":\"ListItem\",\"position\":2,\"name\":\"Shop\",\"item\":\"https:\/\/idakorea.ee\/shop-2\/\"},{\"@type\":\"ListItem\",\"position\":3,\"name\":\"Intensiivne juuksemask Masil 8 Seconds Salon Hair Mask, 8ml\"}]},{\"@type\":\"WebSite\",\"@id\":\"https:\/\/idakorea.ee\/#website\",\"url\":\"https:\/\/idakorea.ee\/\",\"name\":\"IDA.KOREA\",\"description\":\"Korea kosmeetika e-pood\",\"publisher\":{\"@id\":\"https:\/\/idakorea.ee\/#organization\"},\"alternateName\":\"Beauty Shop\",\"potentialAction\":[{\"@type\":\"SearchAction\",\"target\":{\"@type\":\"EntryPoint\",\"urlTemplate\":\"https:\/\/idakorea.ee\/?s={search_term_string}\"},\"query-input\":{\"@type\":\"PropertyValueSpecification\",\"valueRequired\":true,\"valueName\":\"search_term_string\"}}],\"inLanguage\":\"fi\"},{\"@type\":\"Organization\",\"@id\":\"https:\/\/idakorea.ee\/#organization\",\"name\":\"IDA.KOREA\",\"url\":\"https:\/\/idakorea.ee\/\",\"logo\":{\"@type\":\"ImageObject\",\"inLanguage\":\"fi\",\"@id\":\"https:\/\/idakorea.ee\/#\/schema\/logo\/image\/\",\"url\":\"https:\/\/idakorea.ee\/wp-content\/uploads\/2024\/05\/cropped-korea3.png\",\"contentUrl\":\"https:\/\/idakorea.ee\/wp-content\/uploads\/2024\/05\/cropped-korea3.png\",\"width\":688,\"height\":126,\"caption\":\"IDA.KOREA\"},\"image\":{\"@id\":\"https:\/\/idakorea.ee\/#\/schema\/logo\/image\/\"},\"sameAs\":[\"https:\/\/www.instagram.com\/ida.korea\/\"]}]}<\/script>\n<!-- \/ Yoast SEO plugin. -->","yoast_head_json":{"title":"Masil 8 Seconds Salon -hiusnaamio, 8ml - IDA.KOREA","description":"Nopeasti vaikuttava hiusnaamio korjaa vaurioituneita hiuksia vain 8 sekunnissa, lis\u00e4\u00e4 sileytt\u00e4 ja kiiltoa, vahvistaa hiusjuuria ja v\u00e4hent\u00e4\u00e4 hiustenl\u00e4ht\u00f6\u00e4.","robots":{"index":"index","follow":"follow","max-snippet":"max-snippet:-1","max-image-preview":"max-image-preview:large","max-video-preview":"max-video-preview:-1"},"canonical":"https:\/\/idakorea.ee\/fi\/product\/masil-8-seconds-salon-hair-mask\/","og_locale":"fi_FI","og_type":"article","og_title":"Masil 8 Seconds Salon Hair Mask, 8ml - IDA.KOREA","og_description":"Kiirm\u00f5juline juuksemask taastab kahjustatud juukseid juba 8 sekundiga, lisab sileduse ja s\u00e4ra, tugevdab juuri ja v\u00e4hendab juuste v\u00e4ljalangemist.","og_url":"https:\/\/idakorea.ee\/fi\/product\/masil-8-seconds-salon-hair-mask\/","og_site_name":"IDA.KOREA","article_modified_time":"2026-03-12T08:31:47+00:00","og_image":[{"width":1000,"height":1000,"url":"https:\/\/idakorea.ee\/wp-content\/uploads\/2025\/06\/masil_8_seconds_salon_hair_mask_8-idakorea.ee_.jpg","type":"image\/jpeg"}],"twitter_card":"summary_large_image","twitter_misc":{"Arvioitu lukuaika":"2 minuuttia"},"schema":{"@context":"https:\/\/schema.org","@graph":[{"@type":"WebPage","@id":"https:\/\/idakorea.ee\/product\/masil-8-seconds-salon-hair-mask\/","url":"https:\/\/idakorea.ee\/product\/masil-8-seconds-salon-hair-mask\/","name":"Masil 8 Seconds Salon -hiusnaamio, 8ml - IDA.KOREA","isPartOf":{"@id":"https:\/\/idakorea.ee\/#website"},"primaryImageOfPage":{"@id":"https:\/\/idakorea.ee\/product\/masil-8-seconds-salon-hair-mask\/#primaryimage"},"image":{"@id":"https:\/\/idakorea.ee\/product\/masil-8-seconds-salon-hair-mask\/#primaryimage"},"thumbnailUrl":"https:\/\/idakorea.ee\/wp-content\/uploads\/2025\/06\/masil_8_seconds_salon_hair_mask_8-idakorea.ee_.jpg","datePublished":"2025-06-19T10:39:18+00:00","dateModified":"2026-03-12T08:31:47+00:00","description":"Nopeasti vaikuttava hiusnaamio korjaa vaurioituneita hiuksia vain 8 sekunnissa, lis\u00e4\u00e4 sileytt\u00e4 ja kiiltoa, vahvistaa hiusjuuria ja v\u00e4hent\u00e4\u00e4 hiustenl\u00e4ht\u00f6\u00e4.","breadcrumb":{"@id":"https:\/\/idakorea.ee\/product\/masil-8-seconds-salon-hair-mask\/#breadcrumb"},"inLanguage":"fi","potentialAction":[{"@type":"ReadAction","target":["https:\/\/idakorea.ee\/product\/masil-8-seconds-salon-hair-mask\/"]}]},{"@type":"ImageObject","inLanguage":"fi","@id":"https:\/\/idakorea.ee\/product\/masil-8-seconds-salon-hair-mask\/#primaryimage","url":"https:\/\/idakorea.ee\/wp-content\/uploads\/2025\/06\/masil_8_seconds_salon_hair_mask_8-idakorea.ee_.jpg","contentUrl":"https:\/\/idakorea.ee\/wp-content\/uploads\/2025\/06\/masil_8_seconds_salon_hair_mask_8-idakorea.ee_.jpg","width":1000,"height":1000},{"@type":"BreadcrumbList","@id":"https:\/\/idakorea.ee\/product\/masil-8-seconds-salon-hair-mask\/#breadcrumb","itemListElement":[{"@type":"ListItem","position":1,"name":"\u0413\u043b\u0430\u0432\u043d\u0430\u044f \u0441\u0442\u0440\u0430\u043d\u0438\u0446\u0430","item":"https:\/\/idakorea.ee\/"},{"@type":"ListItem","position":2,"name":"Shop","item":"https:\/\/idakorea.ee\/shop-2\/"},{"@type":"ListItem","position":3,"name":"Intensiivne juuksemask Masil 8 Seconds Salon Hair Mask, 8ml"}]},{"@type":"WebSite","@id":"https:\/\/idakorea.ee\/#website","url":"https:\/\/idakorea.ee\/","name":"IDA.KOREA","description":"Korean kosmetiikan verkkokauppa","publisher":{"@id":"https:\/\/idakorea.ee\/#organization"},"alternateName":"Beauty Shop","potentialAction":[{"@type":"SearchAction","target":{"@type":"EntryPoint","urlTemplate":"https:\/\/idakorea.ee\/?s={search_term_string}"},"query-input":{"@type":"PropertyValueSpecification","valueRequired":true,"valueName":"search_term_string"}}],"inLanguage":"fi"},{"@type":"Organization","@id":"https:\/\/idakorea.ee\/#organization","name":"IDA.KOREA","url":"https:\/\/idakorea.ee\/","logo":{"@type":"ImageObject","inLanguage":"fi","@id":"https:\/\/idakorea.ee\/#\/schema\/logo\/image\/","url":"https:\/\/idakorea.ee\/wp-content\/uploads\/2024\/05\/cropped-korea3.png","contentUrl":"https:\/\/idakorea.ee\/wp-content\/uploads\/2024\/05\/cropped-korea3.png","width":688,"height":126,"caption":"IDA.KOREA"},"image":{"@id":"https:\/\/idakorea.ee\/#\/schema\/logo\/image\/"},"sameAs":["https:\/\/www.instagram.com\/ida.korea\/"]}]}},"jetpack_sharing_enabled":true,"brands":[{"id":489,"name":"MASIL","slug":"masil"}],"_links":{"self":[{"href":"https:\/\/idakorea.ee\/fi\/wp-json\/wp\/v2\/product\/14755","targetHints":{"allow":["GET"]}}],"collection":[{"href":"https:\/\/idakorea.ee\/fi\/wp-json\/wp\/v2\/product"}],"about":[{"href":"https:\/\/idakorea.ee\/fi\/wp-json\/wp\/v2\/types\/product"}],"replies":[{"embeddable":true,"href":"https:\/\/idakorea.ee\/fi\/wp-json\/wp\/v2\/comments?post=14755"}],"version-history":[{"count":1,"href":"https:\/\/idakorea.ee\/fi\/wp-json\/wp\/v2\/product\/14755\/revisions"}],"predecessor-version":[{"id":14757,"href":"https:\/\/idakorea.ee\/fi\/wp-json\/wp\/v2\/product\/14755\/revisions\/14757"}],"wp:featuredmedia":[{"embeddable":true,"href":"https:\/\/idakorea.ee\/fi\/wp-json\/wp\/v2\/media\/14756"}],"wp:attachment":[{"href":"https:\/\/idakorea.ee\/fi\/wp-json\/wp\/v2\/media?parent=14755"}],"wp:term":[{"taxonomy":"pwb-brand","embeddable":true,"href":"https:\/\/idakorea.ee\/fi\/wp-json\/wp\/v2\/pwb-brand?post=14755"},{"taxonomy":"product_brand","embeddable":true,"href":"https:\/\/idakorea.ee\/fi\/wp-json\/wp\/v2\/product_brand?post=14755"},{"taxonomy":"product_cat","embeddable":true,"href":"https:\/\/idakorea.ee\/fi\/wp-json\/wp\/v2\/product_cat?post=14755"},{"taxonomy":"product_tag","embeddable":true,"href":"https:\/\/idakorea.ee\/fi\/wp-json\/wp\/v2\/product_tag?post=14755"}],"curies":[{"name":"wp","href":"https:\/\/api.w.org\/{rel}","templated":true}]}}