{"id":14758,"date":"2025-06-19T14:36:15","date_gmt":"2025-06-19T11:36:15","guid":{"rendered":"https:\/\/idakorea.ee\/?post_type=product&#038;p=14758"},"modified":"2026-04-04T18:38:09","modified_gmt":"2026-04-04T16:38:09","slug":"medicube-txa-niacinamide-15-serum","status":"publish","type":"product","link":"https:\/\/idakorea.ee\/fi\/product\/medicube-txa-niacinamide-15-serum\/","title":{"rendered":"Ihonv\u00e4ri\u00e4 iltaseerumi Medicube TXA Niacinamide 15% Serum, 30ml"},"content":{"rendered":"<p>T\u00e4m\u00e4 kosteuttava ja kirkastava seerumi tasoittaa ihon s\u00e4vy\u00e4 j\u00e4tt\u00e4en ihon sile\u00e4mm\u00e4ksi ja hoidetummaksi. Tehokkaat antioksidantit auttavat hidastamaan ik\u00e4\u00e4ntymisprosessia, suojaamaan ymp\u00e4rist\u00f6n haittavaikutuksilta ja v\u00e4hent\u00e4m\u00e4\u00e4n ihon valoherkkyytt\u00e4.<\/p>\n<p>Tuote v\u00e4hent\u00e4\u00e4 tyrosinaasin \u2013 melaniinin tuotantoon osallistuvan entsyymin \u2013 aktiivisuutta, mik\u00e4 auttaa torjumaan pigmenttil\u00e4iski\u00e4 ja aknearpia. Tehokasta kosteutusta tarjoaa 10 eri molekyylipainoisen hyaluronihapon kompleksi, joka kosteuttaa sek\u00e4 ihon pintaa ett\u00e4 syvempi\u00e4 kerroksia. Ihosta tulee pehme\u00e4 ja joustava, ja kosteustasapaino palautuu. Seerumilla on ik\u00e4\u00e4ntymist\u00e4 ehk\u00e4isevi\u00e4 ja tulehdusta ehk\u00e4isevi\u00e4 vaikutuksia.<\/p>\n<p>Kevyt ja nopeasti imeytyv\u00e4 koostumus ei j\u00e4t\u00e4 iholle tahmeaa kerrosta tai rasvaista kiiltoa.<\/p>\n<p><strong>T\u00e4rkeimm\u00e4t vaikuttavat aineet:<\/strong><\/p>\n<ul>\n<li><strong>Niasiiniamidi (100 000 ppm)<\/strong> \u2013 v\u00e4hent\u00e4\u00e4 melaniinin tuotantoa, kirkastaa ja tasoittaa ihon s\u00e4vy\u00e4, parantaa ihon suojakerrosta, supistaa ihohuokosia, v\u00e4hent\u00e4\u00e4 talin erityst\u00e4 ja antaa iholle raikkauden ja hehkun.<\/li>\n<li><strong>Traneksaamihappo (50 000 ppm)<\/strong> \u2013 turvallinen ja tehokas pigmentaatiota vastaan, est\u00e4\u00e4 tyrosinaasin toimintaa eik\u00e4 aiheuta valoherkkyytt\u00e4.<\/li>\n<li><strong>Arbutiin<\/strong> \u2013 kirkastaa ihoa, rauhoittaa \u00e4rsytyst\u00e4, v\u00e4hent\u00e4\u00e4 pigmenttil\u00e4iski\u00e4 ja aknearpia.<\/li>\n<li><strong>Adenos<\/strong> \u2013 stimuloi kollageenin tuotantoa, parantaa ihon kimmoisuutta ja auttaa silottamaan ryppyj\u00e4, rauhoittaa punoitusta ja suojaa vapailta radikaaleilta.<\/li>\n<li><strong>Guava-uute<\/strong> \u2013 kosteuttaa ja ravitsee ihoa, lievitt\u00e4\u00e4 tulehdusta, parantaa ihon s\u00e4vy\u00e4 ja antaa raikkauden.<\/li>\n<li><strong>Pantenol<\/strong> \u2013 edist\u00e4\u00e4 ihosolujen uusiutumista, kosteuttaa ja lievitt\u00e4\u00e4 kuivuutta ja \u00e4rsytyst\u00e4, v\u00e4hent\u00e4\u00e4 ryppyjen n\u00e4kyvyytt\u00e4.<\/li>\n<li><strong>Betaiini<\/strong> \u2013 kosteuttaa ja pehment\u00e4\u00e4 ihoa, palauttaa nestetasapainon.<\/li>\n<li><strong>Ruusu\u00f6ljy<\/strong> \u2013 antioksidanttinen vaikutus, rauhoittaa ja nuorentaa ihoa, tasoittaa ihon s\u00e4vy\u00e4 ja s\u00e4\u00e4telee talin erityst\u00e4.<\/li>\n<li><strong>Ferulihappo<\/strong> \u2013 voimakas luonnollinen antioksidantti, suojaa stressilt\u00e4 ja ik\u00e4\u00e4ntymiselt\u00e4, v\u00e4hent\u00e4\u00e4 pigmentaatiota ja tulehdusta.<\/li>\n<li><strong>Glutationi<\/strong> \u2013 voimakas antioksidantti, kirkastaa ja silottaa ihoa, v\u00e4hent\u00e4\u00e4 pigmenttil\u00e4iski\u00e4 ja hidastaa ik\u00e4\u00e4ntymisprosessia.<\/li>\n<li><strong>10-hyaluronihappokompleksi<\/strong> \u2013 kosteuttaa tehokkaasti sek\u00e4 pinnallisia ett\u00e4 syvi\u00e4 kerroksia, parantaa ihon kimmoisuutta, v\u00e4hent\u00e4\u00e4 ryppyj\u00e4 ja tasoittaa pintakerrosta.<\/li>\n<li><strong>Peptidikompleksi (asetyylitetrapeptidi-5, heksapeptidi-9, palmitoyylitripeptidi-5)<\/strong> \u2013 stimuloi kollageenin ja elastiinin tuotantoa, kiinteytt\u00e4\u00e4 ihoa, silottaa ryppyj\u00e4 ja auttaa v\u00e4hent\u00e4m\u00e4\u00e4n turvotusta sek\u00e4 antaa n\u00e4kyv\u00e4n kohottavan vaikutuksen.<\/li>\n<\/ul>\n<p>&nbsp;<\/p>\n<p>Sopii kaikille ihotyypeille, my\u00f6s herk\u00e4lle iholle.<\/p>\n<p><strong>K\u00e4ytt\u00f6:<\/strong><\/p>\n<p>Puhdistuksen ja kasvoveden j\u00e4lkeen levit\u00e4 tarvittava m\u00e4\u00e4r\u00e4 seerumia kasvoillesi ja taputtele kevyesti, kunnes se on t\u00e4ysin imeytynyt.<\/p>\n<p>&nbsp;<\/p>","protected":false},"excerpt":{"rendered":"<p>T\u00e4m\u00e4 kosteuttava ja kirkastava seerumi tasoittaa ihon s\u00e4vy\u00e4 j\u00e4tt\u00e4en ihon sile\u00e4mm\u00e4ksi ja hoidetummaksi. Tehokkaat antioksidantit auttavat hidastamaan ik\u00e4\u00e4ntymisprosessia, suojaamaan ymp\u00e4rist\u00f6n haittavaikutuksilta ja v\u00e4hent\u00e4m\u00e4\u00e4n ihon valoherkkyytt\u00e4. Tuote v\u00e4hent\u00e4\u00e4 tyrosinaasin \u2013 melaniinin tuotantoon osallistuvan entsyymin \u2013 aktiivisuutta ja auttaa torjumaan ik\u00e4l\u00e4iski\u00e4 ja aknearpia. Tehokasta kosteutusta tarjoaa 10 eri molekyylipainoisen hyaluronihapon kompleksi, joka kosteuttaa sek\u00e4 ihon pintaa ett\u00e4\u2026<\/p>","protected":false},"featured_media":14759,"comment_status":"open","ping_status":"closed","template":"","meta":{"_uf_show_specific_survey":0,"_uf_disable_surveys":false,"_bst_post_transparent":"default","_bst_post_title":"","_bst_post_layout":"default","_bst_post_sidebar_id":"","_bst_post_content_style":"default","_bst_post_vertical_padding":"default","_bst_post_feature":"","_bst_post_feature_position":"","_bst_post_header":false,"_bst_post_footer":false},"pwb-brand":[490],"product_brand":[],"product_cat":[92,97],"product_tag":[721,943,942],"class_list":{"0":"post-14758","1":"product","2":"type-product","3":"status-publish","4":"has-post-thumbnail","6":"pwb-brand-medicube","7":"product_cat-nagu","8":"product_cat-naoseerumid-ja-olid","9":"product_tag-medicube","10":"product_tag-niacinamide","11":"product_tag-txa","13":"first","14":"instock","15":"sale","16":"shipping-taxable","17":"purchasable","18":"product-type-simple","19":"entry","20":"content-bg","21":"loop-entry"},"supplier_id":null,"supplier_sku":"","barcode":null,"atum_controlled":true,"out_stock_date":null,"out_stock_threshold":null,"inheritable":false,"inbound_stock":0,"stock_on_hold":0,"sold_today":0,"sales_last_days":1,"out_stock_days":0,"lost_sales":0,"has_location":false,"update_date":"2026-04-14T00:05:09","atum_locations":[],"atum_stock_status":"instock","restock_status":false,"low_stock_amount":"","sales_update_date":"2026-04-14T00:05:09","calc_backorders":null,"yoast_head":"<!-- This site is optimized with the Yoast SEO plugin v27.2 - https:\/\/yoast.com\/product\/yoast-seo-wordpress\/ -->\n<title>Medicube TXA Niacinamide 15% Serum, 30ml - IDA.KOREA<\/title>\n<meta name=\"description\" content=\"Niatsiinamiidi ja h\u00fcaluroonhappega seerum \u00fchtlustab nahatooni, v\u00e4hendab pigmentatsiooni, niisutab s\u00fcgavuti ja annab nahale terve s\u00e4ra.\" \/>\n<meta name=\"robots\" content=\"index, follow, max-snippet:-1, max-image-preview:large, max-video-preview:-1\" \/>\n<link rel=\"canonical\" href=\"https:\/\/idakorea.ee\/fi\/product\/medicube-txa-niacinamide-15-serum\/\" \/>\n<meta property=\"og:locale\" content=\"fi_FI\" \/>\n<meta property=\"og:type\" content=\"article\" \/>\n<meta property=\"og:title\" content=\"Medicube TXA Niacinamide 15% Serum, 30ml - IDA.KOREA\" \/>\n<meta property=\"og:description\" content=\"Niatsiinamiidi ja h\u00fcaluroonhappega seerum \u00fchtlustab nahatooni, v\u00e4hendab pigmentatsiooni, niisutab s\u00fcgavuti ja annab nahale terve s\u00e4ra.\" \/>\n<meta property=\"og:url\" content=\"https:\/\/idakorea.ee\/fi\/product\/medicube-txa-niacinamide-15-serum\/\" \/>\n<meta property=\"og:site_name\" content=\"IDA.KOREA\" \/>\n<meta property=\"article:modified_time\" content=\"2026-04-04T16:38:09+00:00\" \/>\n<meta property=\"og:image\" content=\"https:\/\/idakorea.ee\/wp-content\/uploads\/2025\/06\/medicube-txa-niacinamide-15-serum-idakorea.ee_.webp\" \/>\n\t<meta property=\"og:image:width\" content=\"640\" \/>\n\t<meta property=\"og:image:height\" content=\"640\" \/>\n\t<meta property=\"og:image:type\" content=\"image\/webp\" \/>\n<meta name=\"twitter:card\" content=\"summary_large_image\" \/>\n<meta name=\"twitter:label1\" content=\"Arvioitu lukuaika\" \/>\n\t<meta name=\"twitter:data1\" content=\"2 minuuttia\" \/>\n<script type=\"application\/ld+json\" class=\"yoast-schema-graph\">{\"@context\":\"https:\/\/schema.org\",\"@graph\":[{\"@type\":\"WebPage\",\"@id\":\"https:\/\/idakorea.ee\/product\/medicube-txa-niacinamide-15-serum\/\",\"url\":\"https:\/\/idakorea.ee\/product\/medicube-txa-niacinamide-15-serum\/\",\"name\":\"Medicube TXA Niacinamide 15% Serum, 30ml - IDA.KOREA\",\"isPartOf\":{\"@id\":\"https:\/\/idakorea.ee\/#website\"},\"primaryImageOfPage\":{\"@id\":\"https:\/\/idakorea.ee\/product\/medicube-txa-niacinamide-15-serum\/#primaryimage\"},\"image\":{\"@id\":\"https:\/\/idakorea.ee\/product\/medicube-txa-niacinamide-15-serum\/#primaryimage\"},\"thumbnailUrl\":\"https:\/\/idakorea.ee\/wp-content\/uploads\/2025\/06\/medicube-txa-niacinamide-15-serum-idakorea.ee_.webp\",\"datePublished\":\"2025-06-19T11:36:15+00:00\",\"dateModified\":\"2026-04-04T16:38:09+00:00\",\"description\":\"Niatsiinamiidi ja h\u00fcaluroonhappega seerum \u00fchtlustab nahatooni, v\u00e4hendab pigmentatsiooni, niisutab s\u00fcgavuti ja annab nahale terve s\u00e4ra.\",\"breadcrumb\":{\"@id\":\"https:\/\/idakorea.ee\/product\/medicube-txa-niacinamide-15-serum\/#breadcrumb\"},\"inLanguage\":\"fi\",\"potentialAction\":[{\"@type\":\"ReadAction\",\"target\":[\"https:\/\/idakorea.ee\/product\/medicube-txa-niacinamide-15-serum\/\"]}]},{\"@type\":\"ImageObject\",\"inLanguage\":\"fi\",\"@id\":\"https:\/\/idakorea.ee\/product\/medicube-txa-niacinamide-15-serum\/#primaryimage\",\"url\":\"https:\/\/idakorea.ee\/wp-content\/uploads\/2025\/06\/medicube-txa-niacinamide-15-serum-idakorea.ee_.webp\",\"contentUrl\":\"https:\/\/idakorea.ee\/wp-content\/uploads\/2025\/06\/medicube-txa-niacinamide-15-serum-idakorea.ee_.webp\",\"width\":640,\"height\":640},{\"@type\":\"BreadcrumbList\",\"@id\":\"https:\/\/idakorea.ee\/product\/medicube-txa-niacinamide-15-serum\/#breadcrumb\",\"itemListElement\":[{\"@type\":\"ListItem\",\"position\":1,\"name\":\"\u0413\u043b\u0430\u0432\u043d\u0430\u044f \u0441\u0442\u0440\u0430\u043d\u0438\u0446\u0430\",\"item\":\"https:\/\/idakorea.ee\/\"},{\"@type\":\"ListItem\",\"position\":2,\"name\":\"Shop\",\"item\":\"https:\/\/idakorea.ee\/shop-2\/\"},{\"@type\":\"ListItem\",\"position\":3,\"name\":\"Nahatooni \u00fchtlustav seerum Medicube TXA Niacinamide 15% Serum, 30ml\"}]},{\"@type\":\"WebSite\",\"@id\":\"https:\/\/idakorea.ee\/#website\",\"url\":\"https:\/\/idakorea.ee\/\",\"name\":\"IDA.KOREA\",\"description\":\"Korea kosmeetika e-pood\",\"publisher\":{\"@id\":\"https:\/\/idakorea.ee\/#organization\"},\"alternateName\":\"Beauty Shop\",\"potentialAction\":[{\"@type\":\"SearchAction\",\"target\":{\"@type\":\"EntryPoint\",\"urlTemplate\":\"https:\/\/idakorea.ee\/?s={search_term_string}\"},\"query-input\":{\"@type\":\"PropertyValueSpecification\",\"valueRequired\":true,\"valueName\":\"search_term_string\"}}],\"inLanguage\":\"fi\"},{\"@type\":\"Organization\",\"@id\":\"https:\/\/idakorea.ee\/#organization\",\"name\":\"IDA.KOREA\",\"url\":\"https:\/\/idakorea.ee\/\",\"logo\":{\"@type\":\"ImageObject\",\"inLanguage\":\"fi\",\"@id\":\"https:\/\/idakorea.ee\/#\/schema\/logo\/image\/\",\"url\":\"https:\/\/idakorea.ee\/wp-content\/uploads\/2024\/05\/cropped-korea3.png\",\"contentUrl\":\"https:\/\/idakorea.ee\/wp-content\/uploads\/2024\/05\/cropped-korea3.png\",\"width\":688,\"height\":126,\"caption\":\"IDA.KOREA\"},\"image\":{\"@id\":\"https:\/\/idakorea.ee\/#\/schema\/logo\/image\/\"},\"sameAs\":[\"https:\/\/www.instagram.com\/ida.korea\/\"]}]}<\/script>\n<!-- \/ Yoast SEO plugin. -->","yoast_head_json":{"title":"Medicube TXA Niacinamide 15% -seerumi, 30 ml - IDA.KOREA","description":"Niasiiniamidia ja hyaluronihappoa sis\u00e4lt\u00e4v\u00e4 seerumi tasoittaa ihon s\u00e4vy\u00e4, v\u00e4hent\u00e4\u00e4 pigmenttimuutoksia, kosteuttaa syv\u00e4lt\u00e4 ja antaa iholle terveen hehkun.","robots":{"index":"index","follow":"follow","max-snippet":"max-snippet:-1","max-image-preview":"max-image-preview:large","max-video-preview":"max-video-preview:-1"},"canonical":"https:\/\/idakorea.ee\/fi\/product\/medicube-txa-niacinamide-15-serum\/","og_locale":"fi_FI","og_type":"article","og_title":"Medicube TXA Niacinamide 15% Serum, 30ml - IDA.KOREA","og_description":"Niatsiinamiidi ja h\u00fcaluroonhappega seerum \u00fchtlustab nahatooni, v\u00e4hendab pigmentatsiooni, niisutab s\u00fcgavuti ja annab nahale terve s\u00e4ra.","og_url":"https:\/\/idakorea.ee\/fi\/product\/medicube-txa-niacinamide-15-serum\/","og_site_name":"IDA.KOREA","article_modified_time":"2026-04-04T16:38:09+00:00","og_image":[{"width":640,"height":640,"url":"https:\/\/idakorea.ee\/wp-content\/uploads\/2025\/06\/medicube-txa-niacinamide-15-serum-idakorea.ee_.webp","type":"image\/webp"}],"twitter_card":"summary_large_image","twitter_misc":{"Arvioitu lukuaika":"2 minuuttia"},"schema":{"@context":"https:\/\/schema.org","@graph":[{"@type":"WebPage","@id":"https:\/\/idakorea.ee\/product\/medicube-txa-niacinamide-15-serum\/","url":"https:\/\/idakorea.ee\/product\/medicube-txa-niacinamide-15-serum\/","name":"Medicube TXA Niacinamide 15% -seerumi, 30 ml - IDA.KOREA","isPartOf":{"@id":"https:\/\/idakorea.ee\/#website"},"primaryImageOfPage":{"@id":"https:\/\/idakorea.ee\/product\/medicube-txa-niacinamide-15-serum\/#primaryimage"},"image":{"@id":"https:\/\/idakorea.ee\/product\/medicube-txa-niacinamide-15-serum\/#primaryimage"},"thumbnailUrl":"https:\/\/idakorea.ee\/wp-content\/uploads\/2025\/06\/medicube-txa-niacinamide-15-serum-idakorea.ee_.webp","datePublished":"2025-06-19T11:36:15+00:00","dateModified":"2026-04-04T16:38:09+00:00","description":"Niasiiniamidia ja hyaluronihappoa sis\u00e4lt\u00e4v\u00e4 seerumi tasoittaa ihon s\u00e4vy\u00e4, v\u00e4hent\u00e4\u00e4 pigmenttimuutoksia, kosteuttaa syv\u00e4lt\u00e4 ja antaa iholle terveen hehkun.","breadcrumb":{"@id":"https:\/\/idakorea.ee\/product\/medicube-txa-niacinamide-15-serum\/#breadcrumb"},"inLanguage":"fi","potentialAction":[{"@type":"ReadAction","target":["https:\/\/idakorea.ee\/product\/medicube-txa-niacinamide-15-serum\/"]}]},{"@type":"ImageObject","inLanguage":"fi","@id":"https:\/\/idakorea.ee\/product\/medicube-txa-niacinamide-15-serum\/#primaryimage","url":"https:\/\/idakorea.ee\/wp-content\/uploads\/2025\/06\/medicube-txa-niacinamide-15-serum-idakorea.ee_.webp","contentUrl":"https:\/\/idakorea.ee\/wp-content\/uploads\/2025\/06\/medicube-txa-niacinamide-15-serum-idakorea.ee_.webp","width":640,"height":640},{"@type":"BreadcrumbList","@id":"https:\/\/idakorea.ee\/product\/medicube-txa-niacinamide-15-serum\/#breadcrumb","itemListElement":[{"@type":"ListItem","position":1,"name":"\u0413\u043b\u0430\u0432\u043d\u0430\u044f \u0441\u0442\u0440\u0430\u043d\u0438\u0446\u0430","item":"https:\/\/idakorea.ee\/"},{"@type":"ListItem","position":2,"name":"Shop","item":"https:\/\/idakorea.ee\/shop-2\/"},{"@type":"ListItem","position":3,"name":"Nahatooni \u00fchtlustav seerum Medicube TXA Niacinamide 15% Serum, 30ml"}]},{"@type":"WebSite","@id":"https:\/\/idakorea.ee\/#website","url":"https:\/\/idakorea.ee\/","name":"IDA.KOREA","description":"Korean kosmetiikan verkkokauppa","publisher":{"@id":"https:\/\/idakorea.ee\/#organization"},"alternateName":"Beauty Shop","potentialAction":[{"@type":"SearchAction","target":{"@type":"EntryPoint","urlTemplate":"https:\/\/idakorea.ee\/?s={search_term_string}"},"query-input":{"@type":"PropertyValueSpecification","valueRequired":true,"valueName":"search_term_string"}}],"inLanguage":"fi"},{"@type":"Organization","@id":"https:\/\/idakorea.ee\/#organization","name":"IDA.KOREA","url":"https:\/\/idakorea.ee\/","logo":{"@type":"ImageObject","inLanguage":"fi","@id":"https:\/\/idakorea.ee\/#\/schema\/logo\/image\/","url":"https:\/\/idakorea.ee\/wp-content\/uploads\/2024\/05\/cropped-korea3.png","contentUrl":"https:\/\/idakorea.ee\/wp-content\/uploads\/2024\/05\/cropped-korea3.png","width":688,"height":126,"caption":"IDA.KOREA"},"image":{"@id":"https:\/\/idakorea.ee\/#\/schema\/logo\/image\/"},"sameAs":["https:\/\/www.instagram.com\/ida.korea\/"]}]}},"jetpack_sharing_enabled":true,"brands":[{"id":490,"name":"MEDICUBE","slug":"medicube"}],"_links":{"self":[{"href":"https:\/\/idakorea.ee\/fi\/wp-json\/wp\/v2\/product\/14758","targetHints":{"allow":["GET"]}}],"collection":[{"href":"https:\/\/idakorea.ee\/fi\/wp-json\/wp\/v2\/product"}],"about":[{"href":"https:\/\/idakorea.ee\/fi\/wp-json\/wp\/v2\/types\/product"}],"replies":[{"embeddable":true,"href":"https:\/\/idakorea.ee\/fi\/wp-json\/wp\/v2\/comments?post=14758"}],"version-history":[{"count":2,"href":"https:\/\/idakorea.ee\/fi\/wp-json\/wp\/v2\/product\/14758\/revisions"}],"predecessor-version":[{"id":15007,"href":"https:\/\/idakorea.ee\/fi\/wp-json\/wp\/v2\/product\/14758\/revisions\/15007"}],"wp:featuredmedia":[{"embeddable":true,"href":"https:\/\/idakorea.ee\/fi\/wp-json\/wp\/v2\/media\/14759"}],"wp:attachment":[{"href":"https:\/\/idakorea.ee\/fi\/wp-json\/wp\/v2\/media?parent=14758"}],"wp:term":[{"taxonomy":"pwb-brand","embeddable":true,"href":"https:\/\/idakorea.ee\/fi\/wp-json\/wp\/v2\/pwb-brand?post=14758"},{"taxonomy":"product_brand","embeddable":true,"href":"https:\/\/idakorea.ee\/fi\/wp-json\/wp\/v2\/product_brand?post=14758"},{"taxonomy":"product_cat","embeddable":true,"href":"https:\/\/idakorea.ee\/fi\/wp-json\/wp\/v2\/product_cat?post=14758"},{"taxonomy":"product_tag","embeddable":true,"href":"https:\/\/idakorea.ee\/fi\/wp-json\/wp\/v2\/product_tag?post=14758"}],"curies":[{"name":"wp","href":"https:\/\/api.w.org\/{rel}","templated":true}]}}