{"id":14780,"date":"2025-06-20T11:09:15","date_gmt":"2025-06-20T08:09:15","guid":{"rendered":"https:\/\/idakorea.ee\/?post_type=product&#038;p=14780"},"modified":"2026-03-24T08:20:13","modified_gmt":"2026-03-24T06:20:13","slug":"medicube-hyaluronic-multi-peptide-serum","status":"publish","type":"product","link":"https:\/\/idakorea.ee\/fi\/product\/medicube-hyaluronic-multi-peptide-serum\/","title":{"rendered":"Kosteuttava seerumi Medicube Hyaluronic Multi Peptide Serum, 30ml"},"content":{"rendered":"<p><strong>Medicube Hyaluronic Multi Peptide Serum<\/strong> on tehokkaasti kosteuttava seerumi, joka yhdist\u00e4\u00e4 99 % puhdasta hyaluronihappoa, polypeptidikompleksin ja PDRN:n antaen iholle t\u00e4ytel\u00e4isen, s\u00e4teilev\u00e4n ja terveen ulkon\u00e4\u00f6n.<\/p>\n<p><strong>Kosteuttaa syv\u00e4sti ja j\u00e4tt\u00e4\u00e4 ihon s\u00e4teilev\u00e4ksi<\/strong><\/p>\n<ul>\n<li>Tarjoaa jopa 144 tuntia kosteuttavaa &quot;t\u00e4ytel\u00e4ist\u00e4v\u00e4\u00e4&quot; vaikutusta, parantaen ihon kimmoisuutta ja rakennetta.<\/li>\n<li>Kaksinkertainen vesiseerumi: \u00f6ljy lukitsee kosteuden, seerumi uudistaa syv\u00e4sti.<\/li>\n<\/ul>\n<p><strong>Kiinteytt\u00e4v\u00e4 ja ik\u00e4\u00e4ntymist\u00e4 ehk\u00e4isev\u00e4 vaikutus<\/strong><\/p>\n<ul>\n<li>Peptidit ja PDRN stimuloivat kollageenin ja elastiinin tuotantoa, silottavat ryppyj\u00e4 ja kiihdytt\u00e4v\u00e4t solujen uudistumista.<\/li>\n<li>Parantaa n\u00e4kyv\u00e4sti ihon silkkisyytt\u00e4 ja v\u00e4hent\u00e4\u00e4 ryppyjen n\u00e4kymist\u00e4.<\/li>\n<\/ul>\n<p><strong>Hell\u00e4varainen, nopeasti imeytyv\u00e4 koostumus<\/strong><\/p>\n<ul>\n<li>Kevyt, ei tahmaa \u2013 ihanteellinen sek\u00e4 aamu- ett\u00e4 iltarutiineihin kaikille ihotyypeille.<\/li>\n<\/ul>\n<p><strong>T\u00e4rkeimm\u00e4t vaikuttavat aineosat<\/strong><\/p>\n<ul>\n<li><strong>99 % hyaluronihappo<\/strong>\u2013 kosteuttaa syv\u00e4sti, auttaa t\u00e4ytt\u00e4m\u00e4\u00e4n ihoa j\u00e4tt\u00e4m\u00e4tt\u00e4 sit\u00e4 rasvaiseksi.<\/li>\n<li><strong>PDRN (lohen DNA)<\/strong>\u2013 edist\u00e4\u00e4 uudistumista ja tasoittaa ihon s\u00e4vy\u00e4.<\/li>\n<li><strong>Polypeptidikompleksi<\/strong>(sis\u00e4lt\u00e4\u00e4 kuusitoista peptidi\u00e4, esim. asetyyli-tetrapeptidi-3, palmitoyyli-pentapeptidi-4, Cooper-tripeptidi-1 jne.) \u2013 voimakas ik\u00e4\u00e4ntymist\u00e4 ehk\u00e4isev\u00e4 vaikutus, kiinteytt\u00e4\u00e4 ja parantaa kimmoisuutta.<\/li>\n<li><strong>Niasiiniamidi<\/strong>\u2013 valkaiseva vaikutus ja ihohuokosten supistuminen.<\/li>\n<li><strong>Skvalaani, pantenoli, allantoiini, arbutiini, kasviuutteet<\/strong>\u2013 rauhoittava, kosteuttava ja suojaava sekoitus.<\/li>\n<\/ul>\n<p>&nbsp;<\/p>\n<p>Kaikille ihotyypeille, erityisesti kuivalle, v\u00e4syneelle tai ik\u00e4\u00e4ntyv\u00e4lle iholle, joka kaipaa v\u00e4lit\u00f6nt\u00e4 hehkua ja kosteutusta.<\/p>\n<p><strong>K\u00e4ytt\u00f6:<\/strong><\/p>\n<p>Puhdista ja kasvovesi iholle. Ravista pulloa, jotta \u00f6ljy- ja seerumikerrokset sekoittuvat. Levit\u00e4 muutama tippa kasvoille ja taputtele kevyesti, kunnes \u00f6ljy on imeytynyt.<\/p>\n<p>&nbsp;<\/p>","protected":false},"excerpt":{"rendered":"<p>Medicube Hyaluronic Multi Peptide Serum on intensiivisesti kosteuttava seerumi, joka yhdist\u00e4\u00e4 99 % puhdasta hyaluronihappoa, polypeptidikompleksin ja PDRN:n saavuttaakseen t\u00e4ytel\u00e4isen, s\u00e4teilev\u00e4n ja terveen ulkon\u00e4\u00f6n iholle. Kosteuttaa syv\u00e4lt\u00e4 ja j\u00e4tt\u00e4\u00e4 ihon s\u00e4teilev\u00e4ksi. Tarjoaa jopa 144 tuntia kosteuttavaa &quot;t\u00e4ytel\u00e4ist\u00e4v\u00e4\u00e4&quot; vaikutusta, parantaen ihon kimmoisuutta ja rakennetta. Kaksikerroksinen vesiseerumi: \u00f6ljy lukitsee kosteuden, seerumi uudistaa syv\u00e4sti. Kiinteytt\u00e4v\u00e4 ja ik\u00e4\u00e4ntymist\u00e4 ehk\u00e4isev\u00e4 vaikutus. Peptidit\u2026<\/p>","protected":false},"featured_media":14781,"comment_status":"open","ping_status":"closed","template":"","meta":{"_uf_show_specific_survey":0,"_uf_disable_surveys":false,"_bst_post_transparent":"default","_bst_post_title":"","_bst_post_layout":"default","_bst_post_sidebar_id":"","_bst_post_content_style":"default","_bst_post_vertical_padding":"default","_bst_post_feature":"","_bst_post_feature_position":"","_bst_post_header":false,"_bst_post_footer":false},"pwb-brand":[490],"product_brand":[],"product_cat":[92,97],"product_tag":[721,789,830],"class_list":{"0":"post-14780","1":"product","2":"type-product","3":"status-publish","4":"has-post-thumbnail","6":"pwb-brand-medicube","7":"product_cat-nagu","8":"product_cat-naoseerumid-ja-olid","9":"product_tag-medicube","10":"product_tag-pdrn","11":"product_tag-peptide","13":"first","14":"instock","15":"sale","16":"shipping-taxable","17":"purchasable","18":"product-type-simple","19":"entry","20":"content-bg","21":"loop-entry"},"supplier_id":null,"supplier_sku":"","barcode":null,"atum_controlled":true,"out_stock_date":null,"out_stock_threshold":null,"inheritable":false,"inbound_stock":0,"stock_on_hold":0,"sold_today":0,"sales_last_days":1,"out_stock_days":0,"lost_sales":0,"has_location":false,"update_date":"2026-04-15T00:05:15","atum_locations":[],"atum_stock_status":"instock","restock_status":false,"low_stock_amount":"","sales_update_date":"2026-04-15T00:05:15","calc_backorders":null,"yoast_head":"<!-- This site is optimized with the Yoast SEO plugin v27.2 - https:\/\/yoast.com\/product\/yoast-seo-wordpress\/ -->\n<title>Medicube Hyaluronic Multi Peptide Serum, 30ml - IDA.KOREA<\/title>\n<meta name=\"description\" content=\"Niatsiinamiidi, h\u00fcaluroonhappe ja peptiididega rikastatud kahekihiline seerum, mis niisutab, taastab ja silub nahka. Sobib k\u00f5ikidele nahat\u00fc\u00fcpidele.\" \/>\n<meta name=\"robots\" content=\"index, follow, max-snippet:-1, max-image-preview:large, max-video-preview:-1\" \/>\n<link rel=\"canonical\" href=\"https:\/\/idakorea.ee\/fi\/product\/medicube-hyaluronic-multi-peptide-serum\/\" \/>\n<meta property=\"og:locale\" content=\"fi_FI\" \/>\n<meta property=\"og:type\" content=\"article\" \/>\n<meta property=\"og:title\" content=\"Medicube Hyaluronic Multi Peptide Serum, 30ml - IDA.KOREA\" \/>\n<meta property=\"og:description\" content=\"Niatsiinamiidi, h\u00fcaluroonhappe ja peptiididega rikastatud kahekihiline seerum, mis niisutab, taastab ja silub nahka. Sobib k\u00f5ikidele nahat\u00fc\u00fcpidele.\" \/>\n<meta property=\"og:url\" content=\"https:\/\/idakorea.ee\/fi\/product\/medicube-hyaluronic-multi-peptide-serum\/\" \/>\n<meta property=\"og:site_name\" content=\"IDA.KOREA\" \/>\n<meta property=\"article:modified_time\" content=\"2026-03-24T06:20:13+00:00\" \/>\n<meta property=\"og:image\" content=\"https:\/\/idakorea.ee\/wp-content\/uploads\/2025\/06\/medicube-hyaluronic-multi-peptide-serum-idakorea.ee_.webp\" \/>\n\t<meta property=\"og:image:width\" content=\"640\" \/>\n\t<meta property=\"og:image:height\" content=\"640\" \/>\n\t<meta property=\"og:image:type\" content=\"image\/webp\" \/>\n<meta name=\"twitter:card\" content=\"summary_large_image\" \/>\n<meta name=\"twitter:label1\" content=\"Arvioitu lukuaika\" \/>\n\t<meta name=\"twitter:data1\" content=\"2 minuuttia\" \/>\n<script type=\"application\/ld+json\" class=\"yoast-schema-graph\">{\"@context\":\"https:\/\/schema.org\",\"@graph\":[{\"@type\":\"WebPage\",\"@id\":\"https:\/\/idakorea.ee\/product\/medicube-hyaluronic-multi-peptide-serum\/\",\"url\":\"https:\/\/idakorea.ee\/product\/medicube-hyaluronic-multi-peptide-serum\/\",\"name\":\"Medicube Hyaluronic Multi Peptide Serum, 30ml - IDA.KOREA\",\"isPartOf\":{\"@id\":\"https:\/\/idakorea.ee\/#website\"},\"primaryImageOfPage\":{\"@id\":\"https:\/\/idakorea.ee\/product\/medicube-hyaluronic-multi-peptide-serum\/#primaryimage\"},\"image\":{\"@id\":\"https:\/\/idakorea.ee\/product\/medicube-hyaluronic-multi-peptide-serum\/#primaryimage\"},\"thumbnailUrl\":\"https:\/\/idakorea.ee\/wp-content\/uploads\/2025\/06\/medicube-hyaluronic-multi-peptide-serum-idakorea.ee_.webp\",\"datePublished\":\"2025-06-20T08:09:15+00:00\",\"dateModified\":\"2026-03-24T06:20:13+00:00\",\"description\":\"Niatsiinamiidi, h\u00fcaluroonhappe ja peptiididega rikastatud kahekihiline seerum, mis niisutab, taastab ja silub nahka. Sobib k\u00f5ikidele nahat\u00fc\u00fcpidele.\",\"breadcrumb\":{\"@id\":\"https:\/\/idakorea.ee\/product\/medicube-hyaluronic-multi-peptide-serum\/#breadcrumb\"},\"inLanguage\":\"fi\",\"potentialAction\":[{\"@type\":\"ReadAction\",\"target\":[\"https:\/\/idakorea.ee\/product\/medicube-hyaluronic-multi-peptide-serum\/\"]}]},{\"@type\":\"ImageObject\",\"inLanguage\":\"fi\",\"@id\":\"https:\/\/idakorea.ee\/product\/medicube-hyaluronic-multi-peptide-serum\/#primaryimage\",\"url\":\"https:\/\/idakorea.ee\/wp-content\/uploads\/2025\/06\/medicube-hyaluronic-multi-peptide-serum-idakorea.ee_.webp\",\"contentUrl\":\"https:\/\/idakorea.ee\/wp-content\/uploads\/2025\/06\/medicube-hyaluronic-multi-peptide-serum-idakorea.ee_.webp\",\"width\":640,\"height\":640},{\"@type\":\"BreadcrumbList\",\"@id\":\"https:\/\/idakorea.ee\/product\/medicube-hyaluronic-multi-peptide-serum\/#breadcrumb\",\"itemListElement\":[{\"@type\":\"ListItem\",\"position\":1,\"name\":\"\u0413\u043b\u0430\u0432\u043d\u0430\u044f \u0441\u0442\u0440\u0430\u043d\u0438\u0446\u0430\",\"item\":\"https:\/\/idakorea.ee\/\"},{\"@type\":\"ListItem\",\"position\":2,\"name\":\"Shop\",\"item\":\"https:\/\/idakorea.ee\/shop-2\/\"},{\"@type\":\"ListItem\",\"position\":3,\"name\":\"Niisutav seerum Medicube Hyaluronic Multi Peptide Serum, 30ml\"}]},{\"@type\":\"WebSite\",\"@id\":\"https:\/\/idakorea.ee\/#website\",\"url\":\"https:\/\/idakorea.ee\/\",\"name\":\"IDA.KOREA\",\"description\":\"Korea kosmeetika e-pood\",\"publisher\":{\"@id\":\"https:\/\/idakorea.ee\/#organization\"},\"alternateName\":\"Beauty Shop\",\"potentialAction\":[{\"@type\":\"SearchAction\",\"target\":{\"@type\":\"EntryPoint\",\"urlTemplate\":\"https:\/\/idakorea.ee\/?s={search_term_string}\"},\"query-input\":{\"@type\":\"PropertyValueSpecification\",\"valueRequired\":true,\"valueName\":\"search_term_string\"}}],\"inLanguage\":\"fi\"},{\"@type\":\"Organization\",\"@id\":\"https:\/\/idakorea.ee\/#organization\",\"name\":\"IDA.KOREA\",\"url\":\"https:\/\/idakorea.ee\/\",\"logo\":{\"@type\":\"ImageObject\",\"inLanguage\":\"fi\",\"@id\":\"https:\/\/idakorea.ee\/#\/schema\/logo\/image\/\",\"url\":\"https:\/\/idakorea.ee\/wp-content\/uploads\/2024\/05\/cropped-korea3.png\",\"contentUrl\":\"https:\/\/idakorea.ee\/wp-content\/uploads\/2024\/05\/cropped-korea3.png\",\"width\":688,\"height\":126,\"caption\":\"IDA.KOREA\"},\"image\":{\"@id\":\"https:\/\/idakorea.ee\/#\/schema\/logo\/image\/\"},\"sameAs\":[\"https:\/\/www.instagram.com\/ida.korea\/\"]}]}<\/script>\n<!-- \/ Yoast SEO plugin. -->","yoast_head_json":{"title":"Medicube Hyaluronic Multi Peptide Serum, 30ml - IDA.KOREA","description":"Kaksikerroksinen seerumi, joka on rikastettu niasiinamidilla, hyaluronihapolla ja peptideill\u00e4. Se kosteuttaa, palauttaa ja silottaa ihoa. Sopii kaikille ihotyypeille.","robots":{"index":"index","follow":"follow","max-snippet":"max-snippet:-1","max-image-preview":"max-image-preview:large","max-video-preview":"max-video-preview:-1"},"canonical":"https:\/\/idakorea.ee\/fi\/product\/medicube-hyaluronic-multi-peptide-serum\/","og_locale":"fi_FI","og_type":"article","og_title":"Medicube Hyaluronic Multi Peptide Serum, 30ml - IDA.KOREA","og_description":"Niatsiinamiidi, h\u00fcaluroonhappe ja peptiididega rikastatud kahekihiline seerum, mis niisutab, taastab ja silub nahka. Sobib k\u00f5ikidele nahat\u00fc\u00fcpidele.","og_url":"https:\/\/idakorea.ee\/fi\/product\/medicube-hyaluronic-multi-peptide-serum\/","og_site_name":"IDA.KOREA","article_modified_time":"2026-03-24T06:20:13+00:00","og_image":[{"width":640,"height":640,"url":"https:\/\/idakorea.ee\/wp-content\/uploads\/2025\/06\/medicube-hyaluronic-multi-peptide-serum-idakorea.ee_.webp","type":"image\/webp"}],"twitter_card":"summary_large_image","twitter_misc":{"Arvioitu lukuaika":"2 minuuttia"},"schema":{"@context":"https:\/\/schema.org","@graph":[{"@type":"WebPage","@id":"https:\/\/idakorea.ee\/product\/medicube-hyaluronic-multi-peptide-serum\/","url":"https:\/\/idakorea.ee\/product\/medicube-hyaluronic-multi-peptide-serum\/","name":"Medicube Hyaluronic Multi Peptide Serum, 30ml - IDA.KOREA","isPartOf":{"@id":"https:\/\/idakorea.ee\/#website"},"primaryImageOfPage":{"@id":"https:\/\/idakorea.ee\/product\/medicube-hyaluronic-multi-peptide-serum\/#primaryimage"},"image":{"@id":"https:\/\/idakorea.ee\/product\/medicube-hyaluronic-multi-peptide-serum\/#primaryimage"},"thumbnailUrl":"https:\/\/idakorea.ee\/wp-content\/uploads\/2025\/06\/medicube-hyaluronic-multi-peptide-serum-idakorea.ee_.webp","datePublished":"2025-06-20T08:09:15+00:00","dateModified":"2026-03-24T06:20:13+00:00","description":"Kaksikerroksinen seerumi, joka on rikastettu niasiinamidilla, hyaluronihapolla ja peptideill\u00e4. Se kosteuttaa, palauttaa ja silottaa ihoa. Sopii kaikille ihotyypeille.","breadcrumb":{"@id":"https:\/\/idakorea.ee\/product\/medicube-hyaluronic-multi-peptide-serum\/#breadcrumb"},"inLanguage":"fi","potentialAction":[{"@type":"ReadAction","target":["https:\/\/idakorea.ee\/product\/medicube-hyaluronic-multi-peptide-serum\/"]}]},{"@type":"ImageObject","inLanguage":"fi","@id":"https:\/\/idakorea.ee\/product\/medicube-hyaluronic-multi-peptide-serum\/#primaryimage","url":"https:\/\/idakorea.ee\/wp-content\/uploads\/2025\/06\/medicube-hyaluronic-multi-peptide-serum-idakorea.ee_.webp","contentUrl":"https:\/\/idakorea.ee\/wp-content\/uploads\/2025\/06\/medicube-hyaluronic-multi-peptide-serum-idakorea.ee_.webp","width":640,"height":640},{"@type":"BreadcrumbList","@id":"https:\/\/idakorea.ee\/product\/medicube-hyaluronic-multi-peptide-serum\/#breadcrumb","itemListElement":[{"@type":"ListItem","position":1,"name":"\u0413\u043b\u0430\u0432\u043d\u0430\u044f \u0441\u0442\u0440\u0430\u043d\u0438\u0446\u0430","item":"https:\/\/idakorea.ee\/"},{"@type":"ListItem","position":2,"name":"Shop","item":"https:\/\/idakorea.ee\/shop-2\/"},{"@type":"ListItem","position":3,"name":"Niisutav seerum Medicube Hyaluronic Multi Peptide Serum, 30ml"}]},{"@type":"WebSite","@id":"https:\/\/idakorea.ee\/#website","url":"https:\/\/idakorea.ee\/","name":"IDA.KOREA","description":"Korean kosmetiikan verkkokauppa","publisher":{"@id":"https:\/\/idakorea.ee\/#organization"},"alternateName":"Beauty Shop","potentialAction":[{"@type":"SearchAction","target":{"@type":"EntryPoint","urlTemplate":"https:\/\/idakorea.ee\/?s={search_term_string}"},"query-input":{"@type":"PropertyValueSpecification","valueRequired":true,"valueName":"search_term_string"}}],"inLanguage":"fi"},{"@type":"Organization","@id":"https:\/\/idakorea.ee\/#organization","name":"IDA.KOREA","url":"https:\/\/idakorea.ee\/","logo":{"@type":"ImageObject","inLanguage":"fi","@id":"https:\/\/idakorea.ee\/#\/schema\/logo\/image\/","url":"https:\/\/idakorea.ee\/wp-content\/uploads\/2024\/05\/cropped-korea3.png","contentUrl":"https:\/\/idakorea.ee\/wp-content\/uploads\/2024\/05\/cropped-korea3.png","width":688,"height":126,"caption":"IDA.KOREA"},"image":{"@id":"https:\/\/idakorea.ee\/#\/schema\/logo\/image\/"},"sameAs":["https:\/\/www.instagram.com\/ida.korea\/"]}]}},"jetpack_sharing_enabled":true,"brands":[{"id":490,"name":"MEDICUBE","slug":"medicube"}],"_links":{"self":[{"href":"https:\/\/idakorea.ee\/fi\/wp-json\/wp\/v2\/product\/14780","targetHints":{"allow":["GET"]}}],"collection":[{"href":"https:\/\/idakorea.ee\/fi\/wp-json\/wp\/v2\/product"}],"about":[{"href":"https:\/\/idakorea.ee\/fi\/wp-json\/wp\/v2\/types\/product"}],"replies":[{"embeddable":true,"href":"https:\/\/idakorea.ee\/fi\/wp-json\/wp\/v2\/comments?post=14780"}],"version-history":[{"count":1,"href":"https:\/\/idakorea.ee\/fi\/wp-json\/wp\/v2\/product\/14780\/revisions"}],"predecessor-version":[{"id":14784,"href":"https:\/\/idakorea.ee\/fi\/wp-json\/wp\/v2\/product\/14780\/revisions\/14784"}],"wp:featuredmedia":[{"embeddable":true,"href":"https:\/\/idakorea.ee\/fi\/wp-json\/wp\/v2\/media\/14781"}],"wp:attachment":[{"href":"https:\/\/idakorea.ee\/fi\/wp-json\/wp\/v2\/media?parent=14780"}],"wp:term":[{"taxonomy":"pwb-brand","embeddable":true,"href":"https:\/\/idakorea.ee\/fi\/wp-json\/wp\/v2\/pwb-brand?post=14780"},{"taxonomy":"product_brand","embeddable":true,"href":"https:\/\/idakorea.ee\/fi\/wp-json\/wp\/v2\/product_brand?post=14780"},{"taxonomy":"product_cat","embeddable":true,"href":"https:\/\/idakorea.ee\/fi\/wp-json\/wp\/v2\/product_cat?post=14780"},{"taxonomy":"product_tag","embeddable":true,"href":"https:\/\/idakorea.ee\/fi\/wp-json\/wp\/v2\/product_tag?post=14780"}],"curies":[{"name":"wp","href":"https:\/\/api.w.org\/{rel}","templated":true}]}}