{"id":14804,"date":"2025-06-24T15:13:01","date_gmt":"2025-06-24T12:13:01","guid":{"rendered":"https:\/\/idakorea.ee\/?post_type=product&#038;p=14804"},"modified":"2026-01-29T16:47:43","modified_gmt":"2026-01-29T14:47:43","slug":"kundal-honey-macadamia-shampoo-amber-vanilla-500ml","status":"publish","type":"product","link":"https:\/\/idakorea.ee\/fi\/product\/kundal-honey-macadamia-shampoo-amber-vanilla-500ml\/","title":{"rendered":"Kundal Honey &amp; Macadamia Shampoo Amber Vanilla, 500ml"},"content":{"rendered":"<p>Kundal Amber Vanilla -shampoo sopii t\u00e4ydellisesti hiustenhoitoon v\u00e4rj\u00e4yksen ja keratiinioikaisun j\u00e4lkeen.<br \/>\nTuote puhdistaa hiukset hell\u00e4varaisesti ja sis\u00e4lt\u00e4\u00e4 intensiivisesti palauttavan ja kosteuttavan koostumuksen, joka auttaa hiusten uudistumisessa tehden niist\u00e4 hyvin hoidetut ja helposti muotoiltavat. Shampoo parantaa hiusten yleiskuntoa ja tarjoaa upeita tuloksia.<\/p>\n<p>Antaa hiuksille kiiltoa ja vahvuutta, joita tarvitaan upean ilmeen saavuttamiseen joka p\u00e4iv\u00e4!<\/p>\n<p>Tuoksu: meripihkan vanilja<\/p>\n<ul>\n<li>P\u00e4\u00e4tuoksut: kookos, omena<\/li>\n<li>Keskimm\u00e4iset nuotit: orkidea, lilja, freesia, gardenia<\/li>\n<li>Pohjatuoksut: myski, santelipuu, vanilja, meripihka<\/li>\n<\/ul>\n<p>Se on miellytt\u00e4v\u00e4n makea tuoksu, jossa aistillinen ambra sekoittuu luonnollisesti l\u00e4mpim\u00e4n vaniljan aromiin. Pehme\u00e4 ja makea orkidean tuoksu kest\u00e4\u00e4 pitk\u00e4\u00e4n ja antaa raikkauden tunteen. Ilmaise vieh\u00e4tysvoimaasi hajuvedell\u00e4, joka antaa l\u00e4mp\u00f6\u00e4 ja itsevarmuutta!<\/p>\n<p><strong>T\u00e4rkeimm\u00e4t vaikuttavat aineet:<\/strong><\/p>\n<ul>\n<li><strong>Hunaja<\/strong> \u2013 loistava ainesosa, joka ravitsee hiuksia ja tarjoaa niille tarvittavat ravintoaineet terveelle ja vahvalle kasvulle. Kosteuttaa ja helpottaa hiusten kammattavuutta. Auttaa v\u00e4hent\u00e4m\u00e4\u00e4n p\u00e4\u00e4nahan talin erityst\u00e4, antaa hiuksille pitk\u00e4kestoisen raikkaan ilmeen ja torjuu hilsett\u00e4.<\/li>\n<li><strong>Macadamia\u00f6ljy<\/strong> \u2013 ravitsee hiuksia runsaan v\u00e4ltt\u00e4m\u00e4tt\u00f6mien rasvahappojen pitoisuuden ansiosta ja suojaa niit\u00e4 ulkoisen ymp\u00e4rist\u00f6n haitallisilta vaikutuksilta. Jos hiuksesi ovat vaativat, vaurioituneet tai tarvitsevat erityist\u00e4 hoitoa, t\u00e4ydellinen yhdistelm\u00e4 makadamia\u00f6ljy\u00e4 ja hunajaa auttaa palauttamaan niiden kauneuden ja elinvoiman.<\/li>\n<\/ul>\n<p><strong>Sopii:<\/strong><br \/>\nKaikille p\u00e4\u00e4nahkatyypeille.<\/p>\n<p><strong>K\u00e4ytt\u00f6ohjeet:<\/strong><br \/>\nLevit\u00e4 tarvittava m\u00e4\u00e4r\u00e4 shampoota m\u00e4rkiin hiuksiin, vaahdota k\u00e4mmenten v\u00e4liss\u00e4. Hiero p\u00e4\u00e4nahkaan muutaman minuutin ajan ja huuhtele sitten l\u00e4mpim\u00e4ll\u00e4 vedell\u00e4. Toista toimenpide tehostaaksesi puhdistustehoa.<\/p>\n<p>&nbsp;<\/p>","protected":false},"excerpt":{"rendered":"<p>Kundal Amber Vanilla -shampoo on t\u00e4ydellinen hiustenhoitoon v\u00e4rj\u00e4yksen ja keratiinioikaisun j\u00e4lkeen. Tuote puhdistaa hiukset hell\u00e4varaisesti ja sis\u00e4lt\u00e4\u00e4 intensiivisesti palauttavan ja kosteuttavan koostumuksen, joka auttaa hiusten uudistumisessa tehden niist\u00e4 hyvin hoidetut ja helposti muotoiltavat. Shampoo parantaa hiusten yleiskuntoa ja tarjoaa upeita tuloksia. Antaa hiuksille kiiltoa ja vahvuutta, joita tarvitaan upean ilmeen saavuttamiseksi joka\u2026<\/p>","protected":false},"featured_media":14805,"comment_status":"open","ping_status":"closed","template":"","meta":{"_uf_show_specific_survey":0,"_uf_disable_surveys":false,"_bst_post_transparent":"default","_bst_post_title":"","_bst_post_layout":"default","_bst_post_sidebar_id":"","_bst_post_content_style":"default","_bst_post_vertical_padding":"default","_bst_post_feature":"","_bst_post_feature_position":"","_bst_post_header":false,"_bst_post_footer":false},"pwb-brand":[924],"product_brand":[],"product_cat":[923],"product_tag":[925,926],"class_list":{"0":"post-14804","1":"product","2":"type-product","3":"status-publish","4":"has-post-thumbnail","6":"pwb-brand-kundal","7":"product_cat-juuksed","8":"product_tag-kundal","9":"product_tag-shampoo","11":"first","12":"outofstock","13":"sale","14":"shipping-taxable","15":"purchasable","16":"product-type-simple","17":"entry","18":"content-bg","19":"loop-entry"},"supplier_id":null,"supplier_sku":"","barcode":null,"atum_controlled":true,"out_stock_date":"2025-12-15 06:48:54","out_stock_threshold":null,"inheritable":false,"inbound_stock":0,"stock_on_hold":0,"sold_today":0,"sales_last_days":0,"out_stock_days":119,"lost_sales":304,"has_location":false,"update_date":"2026-04-14T00:05:04","atum_locations":[],"atum_stock_status":"outofstock","restock_status":false,"low_stock_amount":"","sales_update_date":"2026-04-14T00:05:04","calc_backorders":null,"yoast_head":"<!-- This site is optimized with the Yoast SEO plugin v27.2 - https:\/\/yoast.com\/product\/yoast-seo-wordpress\/ -->\n<title>Kundal Honey &amp; Macadamia Shampoo Amber Vanilla, 500ml - IDA.KOREA<\/title>\n<meta name=\"description\" content=\"Luksuslik hoolitsus sinu juustele: Kundal Amber Vanilla \u0161ampoon taastab, tugevdab ja kingib kauakestva aroomi. Tervemad juuksed iga pesuga! - Kiire tarne!\" \/>\n<meta name=\"robots\" content=\"index, follow, max-snippet:-1, max-image-preview:large, max-video-preview:-1\" \/>\n<link rel=\"canonical\" href=\"https:\/\/idakorea.ee\/fi\/product\/kundal-honey-macadamia-shampoo-amber-vanilla-500ml\/\" \/>\n<meta property=\"og:locale\" content=\"fi_FI\" \/>\n<meta property=\"og:type\" content=\"article\" \/>\n<meta property=\"og:title\" content=\"Kundal Honey &amp; Macadamia Shampoo Amber Vanilla, 500ml - IDA.KOREA\" \/>\n<meta property=\"og:description\" content=\"Luksuslik hoolitsus sinu juustele: Kundal Amber Vanilla \u0161ampoon taastab, tugevdab ja kingib kauakestva aroomi. Tervemad juuksed iga pesuga! - Kiire tarne!\" \/>\n<meta property=\"og:url\" content=\"https:\/\/idakorea.ee\/fi\/product\/kundal-honey-macadamia-shampoo-amber-vanilla-500ml\/\" \/>\n<meta property=\"og:site_name\" content=\"IDA.KOREA\" \/>\n<meta property=\"article:modified_time\" content=\"2026-01-29T14:47:43+00:00\" \/>\n<meta property=\"og:image\" content=\"https:\/\/idakorea.ee\/wp-content\/uploads\/2025\/06\/kundal-honey-macadamia-shampoo-amber-vanilla-idakorea.webp\" \/>\n\t<meta property=\"og:image:width\" content=\"1000\" \/>\n\t<meta property=\"og:image:height\" content=\"1000\" \/>\n\t<meta property=\"og:image:type\" content=\"image\/webp\" \/>\n<meta name=\"twitter:card\" content=\"summary_large_image\" \/>\n<meta name=\"twitter:label1\" content=\"Arvioitu lukuaika\" \/>\n\t<meta name=\"twitter:data1\" content=\"2 minuuttia\" \/>\n<script type=\"application\/ld+json\" class=\"yoast-schema-graph\">{\"@context\":\"https:\/\/schema.org\",\"@graph\":[{\"@type\":\"WebPage\",\"@id\":\"https:\/\/idakorea.ee\/product\/kundal-honey-macadamia-shampoo-amber-vanilla-500ml\/\",\"url\":\"https:\/\/idakorea.ee\/product\/kundal-honey-macadamia-shampoo-amber-vanilla-500ml\/\",\"name\":\"Kundal Honey & Macadamia Shampoo Amber Vanilla, 500ml - IDA.KOREA\",\"isPartOf\":{\"@id\":\"https:\/\/idakorea.ee\/#website\"},\"primaryImageOfPage\":{\"@id\":\"https:\/\/idakorea.ee\/product\/kundal-honey-macadamia-shampoo-amber-vanilla-500ml\/#primaryimage\"},\"image\":{\"@id\":\"https:\/\/idakorea.ee\/product\/kundal-honey-macadamia-shampoo-amber-vanilla-500ml\/#primaryimage\"},\"thumbnailUrl\":\"https:\/\/idakorea.ee\/wp-content\/uploads\/2025\/06\/kundal-honey-macadamia-shampoo-amber-vanilla-idakorea.webp\",\"datePublished\":\"2025-06-24T12:13:01+00:00\",\"dateModified\":\"2026-01-29T14:47:43+00:00\",\"description\":\"Luksuslik hoolitsus sinu juustele: Kundal Amber Vanilla \u0161ampoon taastab, tugevdab ja kingib kauakestva aroomi. Tervemad juuksed iga pesuga! - Kiire tarne!\",\"breadcrumb\":{\"@id\":\"https:\/\/idakorea.ee\/product\/kundal-honey-macadamia-shampoo-amber-vanilla-500ml\/#breadcrumb\"},\"inLanguage\":\"fi\",\"potentialAction\":[{\"@type\":\"ReadAction\",\"target\":[\"https:\/\/idakorea.ee\/product\/kundal-honey-macadamia-shampoo-amber-vanilla-500ml\/\"]}]},{\"@type\":\"ImageObject\",\"inLanguage\":\"fi\",\"@id\":\"https:\/\/idakorea.ee\/product\/kundal-honey-macadamia-shampoo-amber-vanilla-500ml\/#primaryimage\",\"url\":\"https:\/\/idakorea.ee\/wp-content\/uploads\/2025\/06\/kundal-honey-macadamia-shampoo-amber-vanilla-idakorea.webp\",\"contentUrl\":\"https:\/\/idakorea.ee\/wp-content\/uploads\/2025\/06\/kundal-honey-macadamia-shampoo-amber-vanilla-idakorea.webp\",\"width\":1000,\"height\":1000},{\"@type\":\"BreadcrumbList\",\"@id\":\"https:\/\/idakorea.ee\/product\/kundal-honey-macadamia-shampoo-amber-vanilla-500ml\/#breadcrumb\",\"itemListElement\":[{\"@type\":\"ListItem\",\"position\":1,\"name\":\"\u0413\u043b\u0430\u0432\u043d\u0430\u044f \u0441\u0442\u0440\u0430\u043d\u0438\u0446\u0430\",\"item\":\"https:\/\/idakorea.ee\/\"},{\"@type\":\"ListItem\",\"position\":2,\"name\":\"Shop\",\"item\":\"https:\/\/idakorea.ee\/shop-2\/\"},{\"@type\":\"ListItem\",\"position\":3,\"name\":\"\u0160ampoon Kundal Honey &#038; Macadamia Shampoo Amber Vanilla, 500ml\"}]},{\"@type\":\"WebSite\",\"@id\":\"https:\/\/idakorea.ee\/#website\",\"url\":\"https:\/\/idakorea.ee\/\",\"name\":\"IDA.KOREA\",\"description\":\"Korea kosmeetika e-pood\",\"publisher\":{\"@id\":\"https:\/\/idakorea.ee\/#organization\"},\"alternateName\":\"Beauty Shop\",\"potentialAction\":[{\"@type\":\"SearchAction\",\"target\":{\"@type\":\"EntryPoint\",\"urlTemplate\":\"https:\/\/idakorea.ee\/?s={search_term_string}\"},\"query-input\":{\"@type\":\"PropertyValueSpecification\",\"valueRequired\":true,\"valueName\":\"search_term_string\"}}],\"inLanguage\":\"fi\"},{\"@type\":\"Organization\",\"@id\":\"https:\/\/idakorea.ee\/#organization\",\"name\":\"IDA.KOREA\",\"url\":\"https:\/\/idakorea.ee\/\",\"logo\":{\"@type\":\"ImageObject\",\"inLanguage\":\"fi\",\"@id\":\"https:\/\/idakorea.ee\/#\/schema\/logo\/image\/\",\"url\":\"https:\/\/idakorea.ee\/wp-content\/uploads\/2024\/05\/cropped-korea3.png\",\"contentUrl\":\"https:\/\/idakorea.ee\/wp-content\/uploads\/2024\/05\/cropped-korea3.png\",\"width\":688,\"height\":126,\"caption\":\"IDA.KOREA\"},\"image\":{\"@id\":\"https:\/\/idakorea.ee\/#\/schema\/logo\/image\/\"},\"sameAs\":[\"https:\/\/www.instagram.com\/ida.korea\/\"]}]}<\/script>\n<!-- \/ Yoast SEO plugin. -->","yoast_head_json":{"title":"Kundal Honey &amp; Macadamia Shampoo Amber Vanilla, 500 ml - IDA.KOREA","description":"Ylellist\u00e4 hoitoa hiuksillesi: Kundal Amber Vanilla -shampoo palauttaa, vahvistaa ja antaa pitk\u00e4kestoisen tuoksun. Terveemm\u00e4t hiukset jokaisella pesukerralla! - Nopea toimitus!","robots":{"index":"index","follow":"follow","max-snippet":"max-snippet:-1","max-image-preview":"max-image-preview:large","max-video-preview":"max-video-preview:-1"},"canonical":"https:\/\/idakorea.ee\/fi\/product\/kundal-honey-macadamia-shampoo-amber-vanilla-500ml\/","og_locale":"fi_FI","og_type":"article","og_title":"Kundal Honey & Macadamia Shampoo Amber Vanilla, 500ml - IDA.KOREA","og_description":"Luksuslik hoolitsus sinu juustele: Kundal Amber Vanilla \u0161ampoon taastab, tugevdab ja kingib kauakestva aroomi. Tervemad juuksed iga pesuga! - Kiire tarne!","og_url":"https:\/\/idakorea.ee\/fi\/product\/kundal-honey-macadamia-shampoo-amber-vanilla-500ml\/","og_site_name":"IDA.KOREA","article_modified_time":"2026-01-29T14:47:43+00:00","og_image":[{"width":1000,"height":1000,"url":"https:\/\/idakorea.ee\/wp-content\/uploads\/2025\/06\/kundal-honey-macadamia-shampoo-amber-vanilla-idakorea.webp","type":"image\/webp"}],"twitter_card":"summary_large_image","twitter_misc":{"Arvioitu lukuaika":"2 minuuttia"},"schema":{"@context":"https:\/\/schema.org","@graph":[{"@type":"WebPage","@id":"https:\/\/idakorea.ee\/product\/kundal-honey-macadamia-shampoo-amber-vanilla-500ml\/","url":"https:\/\/idakorea.ee\/product\/kundal-honey-macadamia-shampoo-amber-vanilla-500ml\/","name":"Kundal Honey &amp; Macadamia Shampoo Amber Vanilla, 500 ml - IDA.KOREA","isPartOf":{"@id":"https:\/\/idakorea.ee\/#website"},"primaryImageOfPage":{"@id":"https:\/\/idakorea.ee\/product\/kundal-honey-macadamia-shampoo-amber-vanilla-500ml\/#primaryimage"},"image":{"@id":"https:\/\/idakorea.ee\/product\/kundal-honey-macadamia-shampoo-amber-vanilla-500ml\/#primaryimage"},"thumbnailUrl":"https:\/\/idakorea.ee\/wp-content\/uploads\/2025\/06\/kundal-honey-macadamia-shampoo-amber-vanilla-idakorea.webp","datePublished":"2025-06-24T12:13:01+00:00","dateModified":"2026-01-29T14:47:43+00:00","description":"Ylellist\u00e4 hoitoa hiuksillesi: Kundal Amber Vanilla -shampoo palauttaa, vahvistaa ja antaa pitk\u00e4kestoisen tuoksun. Terveemm\u00e4t hiukset jokaisella pesukerralla! - Nopea toimitus!","breadcrumb":{"@id":"https:\/\/idakorea.ee\/product\/kundal-honey-macadamia-shampoo-amber-vanilla-500ml\/#breadcrumb"},"inLanguage":"fi","potentialAction":[{"@type":"ReadAction","target":["https:\/\/idakorea.ee\/product\/kundal-honey-macadamia-shampoo-amber-vanilla-500ml\/"]}]},{"@type":"ImageObject","inLanguage":"fi","@id":"https:\/\/idakorea.ee\/product\/kundal-honey-macadamia-shampoo-amber-vanilla-500ml\/#primaryimage","url":"https:\/\/idakorea.ee\/wp-content\/uploads\/2025\/06\/kundal-honey-macadamia-shampoo-amber-vanilla-idakorea.webp","contentUrl":"https:\/\/idakorea.ee\/wp-content\/uploads\/2025\/06\/kundal-honey-macadamia-shampoo-amber-vanilla-idakorea.webp","width":1000,"height":1000},{"@type":"BreadcrumbList","@id":"https:\/\/idakorea.ee\/product\/kundal-honey-macadamia-shampoo-amber-vanilla-500ml\/#breadcrumb","itemListElement":[{"@type":"ListItem","position":1,"name":"\u0413\u043b\u0430\u0432\u043d\u0430\u044f \u0441\u0442\u0440\u0430\u043d\u0438\u0446\u0430","item":"https:\/\/idakorea.ee\/"},{"@type":"ListItem","position":2,"name":"Shop","item":"https:\/\/idakorea.ee\/shop-2\/"},{"@type":"ListItem","position":3,"name":"\u0160ampoon Kundal Honey &#038; Macadamia Shampoo Amber Vanilla, 500ml"}]},{"@type":"WebSite","@id":"https:\/\/idakorea.ee\/#website","url":"https:\/\/idakorea.ee\/","name":"IDA.KOREA","description":"Korean kosmetiikan verkkokauppa","publisher":{"@id":"https:\/\/idakorea.ee\/#organization"},"alternateName":"Beauty Shop","potentialAction":[{"@type":"SearchAction","target":{"@type":"EntryPoint","urlTemplate":"https:\/\/idakorea.ee\/?s={search_term_string}"},"query-input":{"@type":"PropertyValueSpecification","valueRequired":true,"valueName":"search_term_string"}}],"inLanguage":"fi"},{"@type":"Organization","@id":"https:\/\/idakorea.ee\/#organization","name":"IDA.KOREA","url":"https:\/\/idakorea.ee\/","logo":{"@type":"ImageObject","inLanguage":"fi","@id":"https:\/\/idakorea.ee\/#\/schema\/logo\/image\/","url":"https:\/\/idakorea.ee\/wp-content\/uploads\/2024\/05\/cropped-korea3.png","contentUrl":"https:\/\/idakorea.ee\/wp-content\/uploads\/2024\/05\/cropped-korea3.png","width":688,"height":126,"caption":"IDA.KOREA"},"image":{"@id":"https:\/\/idakorea.ee\/#\/schema\/logo\/image\/"},"sameAs":["https:\/\/www.instagram.com\/ida.korea\/"]}]}},"jetpack_sharing_enabled":true,"brands":[{"id":924,"name":"KUNDAL","slug":"kundal"}],"_links":{"self":[{"href":"https:\/\/idakorea.ee\/fi\/wp-json\/wp\/v2\/product\/14804","targetHints":{"allow":["GET"]}}],"collection":[{"href":"https:\/\/idakorea.ee\/fi\/wp-json\/wp\/v2\/product"}],"about":[{"href":"https:\/\/idakorea.ee\/fi\/wp-json\/wp\/v2\/types\/product"}],"replies":[{"embeddable":true,"href":"https:\/\/idakorea.ee\/fi\/wp-json\/wp\/v2\/comments?post=14804"}],"version-history":[{"count":1,"href":"https:\/\/idakorea.ee\/fi\/wp-json\/wp\/v2\/product\/14804\/revisions"}],"predecessor-version":[{"id":14806,"href":"https:\/\/idakorea.ee\/fi\/wp-json\/wp\/v2\/product\/14804\/revisions\/14806"}],"wp:featuredmedia":[{"embeddable":true,"href":"https:\/\/idakorea.ee\/fi\/wp-json\/wp\/v2\/media\/14805"}],"wp:attachment":[{"href":"https:\/\/idakorea.ee\/fi\/wp-json\/wp\/v2\/media?parent=14804"}],"wp:term":[{"taxonomy":"pwb-brand","embeddable":true,"href":"https:\/\/idakorea.ee\/fi\/wp-json\/wp\/v2\/pwb-brand?post=14804"},{"taxonomy":"product_brand","embeddable":true,"href":"https:\/\/idakorea.ee\/fi\/wp-json\/wp\/v2\/product_brand?post=14804"},{"taxonomy":"product_cat","embeddable":true,"href":"https:\/\/idakorea.ee\/fi\/wp-json\/wp\/v2\/product_cat?post=14804"},{"taxonomy":"product_tag","embeddable":true,"href":"https:\/\/idakorea.ee\/fi\/wp-json\/wp\/v2\/product_tag?post=14804"}],"curies":[{"name":"wp","href":"https:\/\/api.w.org\/{rel}","templated":true}]}}