{"id":14807,"date":"2025-06-24T15:33:17","date_gmt":"2025-06-24T12:33:17","guid":{"rendered":"https:\/\/idakorea.ee\/?post_type=product&#038;p=14807"},"modified":"2026-01-29T16:47:35","modified_gmt":"2026-01-29T14:47:35","slug":"kundal-protein-bonding-care-no-wash-treatment-violet-muguet-130ml","status":"publish","type":"product","link":"https:\/\/idakorea.ee\/fi\/product\/kundal-protein-bonding-care-no-wash-treatment-violet-muguet-130ml\/","title":{"rendered":"Kundal  Protein Bonding Care No Wash Treatment Violet Muguet, 130ml"},"content":{"rendered":"<p data-start=\"169\" data-end=\"419\">Vahvistaa ja korjaa vaurioituneita ja rikkin\u00e4isi\u00e4 hiuksia!<br data-start=\"236\" data-end=\"239\" \/>Patentoidun tekniikan ansiosta <strong data-start=\"258\" data-end=\"281\">Bonding Technology\u2122<\/strong>-, joka yhdist\u00e4\u00e4 lev\u00e4uutetta ja kasviproteiineja, proteiinit tunkeutuvat syv\u00e4lle hiussuoneen tehden hiuksista vahvemmat ja terveemm\u00e4t.<\/p>\n<p data-start=\"421\" data-end=\"639\"><strong data-start=\"424\" data-end=\"442\">Hydro<\/strong> \u2013 Kahdeksan hyaluronihapon sekoitus, joka kosteuttaa ja vahvistaa hiuksia tehokkaasti.<br data-start=\"526\" data-end=\"529\" \/><strong data-start=\"532\" data-end=\"554\">PINK-GLAM-kompleksi<\/strong> \u2013 ruusu-, tulppaani- ja hibiskusuutteiden yhdistelm\u00e4 antaa hiuksille terveen kiillon ja elinvoiman.<\/p>\n<p data-start=\"641\" data-end=\"657\"><strong data-start=\"645\" data-end=\"657\">Vaikutukset:<\/strong><\/p>\n<ul data-start=\"659\" data-end=\"1260\">\n<li data-start=\"659\" data-end=\"815\">\n<p data-start=\"661\" data-end=\"815\"><strong data-start=\"661\" data-end=\"701\">Silkkisen pehme\u00e4t ja kiilt\u00e4v\u00e4t hiukset:<\/strong> Kaksoishoitoteknologia proteiinia sitovalla ja samettisella viimeistelyll\u00e4 antaa hiuksille ihanan pehmeyden ja kiillon.<\/p>\n<\/li>\n<li data-start=\"816\" data-end=\"921\">\n<p data-start=\"818\" data-end=\"921\"><strong data-start=\"818\" data-end=\"834\">L\u00e4mp\u00f6suoja:<\/strong> K\u00e4ytt\u00e4m\u00e4ll\u00e4 tuotetta ennen l\u00e4mp\u00f6k\u00e4sittelyj\u00e4 (hiustenkuivaaja, suoristusrauta) v\u00e4henn\u00e4t hiusten vaurioitumista.<\/p>\n<\/li>\n<li data-start=\"922\" data-end=\"1023\">\n<p data-start=\"924\" data-end=\"1023\"><strong data-start=\"924\" data-end=\"942\">Palauttava vaikutus:<\/strong> Kaksinkertainen k\u00e4sittely vahvistaa proteiinisidoksia ja varmistaa hiusten t\u00e4ydellisen sileyden.<\/p>\n<\/li>\n<li data-start=\"1024\" data-end=\"1138\">\n<p data-start=\"1026\" data-end=\"1138\"><strong data-start=\"1026\" data-end=\"1051\">Huomattavia tuloksia:<\/strong> Jo kahdessa viikossa hiusnauhojen siloittuminen ja proteiinien sitoutumisen paraneminen n\u00e4kyv\u00e4t.<\/p>\n<\/li>\n<li data-start=\"1139\" data-end=\"1260\">\n<p data-start=\"1141\" data-end=\"1260\"><strong data-start=\"1141\" data-end=\"1160\">Syv\u00e4kosteutus:<\/strong> Ampullien, hiusnaamion ja tehohoidon pohjalta luotu tuote tarjoaa syv\u00e4ravitsevaa ja kosteuttavaa hoitoa.<\/p>\n<\/li>\n<\/ul>\n<p data-start=\"1262\" data-end=\"1281\"><strong data-start=\"1266\" data-end=\"1281\">K\u00e4ytt\u00f6:<\/strong><\/p>\n<ul data-start=\"1283\" data-end=\"1512\">\n<li data-start=\"1283\" data-end=\"1404\">\n<p data-start=\"1285\" data-end=\"1404\"><strong data-start=\"1285\" data-end=\"1308\">M\u00e4rk\u00e4hiuksille:<\/strong> Shampoopesun j\u00e4lkeen levit\u00e4 tasaisesti hiuksiin ja vaurioituneisiin latvoihin (v\u00e4ltt\u00e4en p\u00e4\u00e4nahkaa).<\/p>\n<\/li>\n<li data-start=\"1405\" data-end=\"1512\">\n<p data-start=\"1407\" data-end=\"1512\"><strong data-start=\"1407\" data-end=\"1430\">Kuiville hiuksille:<\/strong> Pieni m\u00e4\u00e4r\u00e4 hoidettavalle alueelle \u2013 imeyt\u00e4 huolellisesti, jotta tuote ei tartu hiuksiin.<\/p>\n<\/li>\n<\/ul>","protected":false},"excerpt":{"rendered":"<p>Vahvistaa ja palauttaa rikkoutuneita ja vaurioituneita hiuksia! Patentoidun Bonding Technology\u2122 -teknologian ansiosta, joka yhdist\u00e4\u00e4 lev\u00e4uutteen ja kasviproteiinit, proteiinit tunkeutuvat syv\u00e4lle hiussuoneen tehden hiuksista vahvemmat ja terveemm\u00e4t. Hydro-kompleksi \u2013 8 hyaluronihapon seos, joka kosteuttaa ja vahvistaa hiuksia tehokkaasti. PINK-GLAM-kompleksi \u2013 ruusu-, tulppaani- ja hibiskusuutteiden yhdistelm\u00e4 antaa hiuksille terveen kiillon ja elinvoiman. Vaikutukset: Silkinpehme\u00e4t ja\u2026<\/p>","protected":false},"featured_media":14808,"comment_status":"open","ping_status":"closed","template":"","meta":{"_uf_show_specific_survey":0,"_uf_disable_surveys":false,"_bst_post_transparent":"default","_bst_post_title":"","_bst_post_layout":"default","_bst_post_sidebar_id":"","_bst_post_content_style":"default","_bst_post_vertical_padding":"default","_bst_post_feature":"","_bst_post_feature_position":"","_bst_post_header":false,"_bst_post_footer":false},"pwb-brand":[924],"product_brand":[],"product_cat":[923],"product_tag":[925,945,944],"class_list":{"0":"post-14807","1":"product","2":"type-product","3":"status-publish","4":"has-post-thumbnail","6":"pwb-brand-kundal","7":"product_cat-juuksed","8":"product_tag-kundal","9":"product_tag-kuumakaitse","10":"product_tag-thermo","12":"first","13":"outofstock","14":"sale","15":"shipping-taxable","16":"purchasable","17":"product-type-simple","18":"entry","19":"content-bg","20":"loop-entry"},"supplier_id":null,"supplier_sku":"","barcode":null,"atum_controlled":true,"out_stock_date":"2025-08-03 15:13:45","out_stock_threshold":null,"inheritable":false,"inbound_stock":0,"stock_on_hold":0,"sold_today":0,"sales_last_days":0,"out_stock_days":253,"lost_sales":610,"has_location":false,"update_date":"2026-04-14T00:05:04","atum_locations":[],"atum_stock_status":"outofstock","restock_status":false,"low_stock_amount":"","sales_update_date":"2026-04-14T00:05:04","calc_backorders":null,"yoast_head":"<!-- This site is optimized with the Yoast SEO plugin v27.2 - https:\/\/yoast.com\/product\/yoast-seo-wordpress\/ -->\n<title>Kundal Protein Bonding Care No Wash Treatment Violet Muguet, 130ml - IDA.KOREA<\/title>\n<meta name=\"description\" content=\"Taastav juuksehooldus h\u00fcaluroonhappe ja taimsete proteiinidega. Kaitseb kuumuse eest, niisutab s\u00fcgavuti ja silub juuksekutiikulit. - Kiire tarne!\" \/>\n<meta name=\"robots\" content=\"index, follow, max-snippet:-1, max-image-preview:large, max-video-preview:-1\" \/>\n<link rel=\"canonical\" href=\"https:\/\/idakorea.ee\/fi\/product\/kundal-protein-bonding-care-no-wash-treatment-violet-muguet-130ml\/\" \/>\n<meta property=\"og:locale\" content=\"fi_FI\" \/>\n<meta property=\"og:type\" content=\"article\" \/>\n<meta property=\"og:title\" content=\"Kundal Protein Bonding Care No Wash Treatment Violet Muguet, 130ml - IDA.KOREA\" \/>\n<meta property=\"og:description\" content=\"Taastav juuksehooldus h\u00fcaluroonhappe ja taimsete proteiinidega. Kaitseb kuumuse eest, niisutab s\u00fcgavuti ja silub juuksekutiikulit. - Kiire tarne!\" \/>\n<meta property=\"og:url\" content=\"https:\/\/idakorea.ee\/fi\/product\/kundal-protein-bonding-care-no-wash-treatment-violet-muguet-130ml\/\" \/>\n<meta property=\"og:site_name\" content=\"IDA.KOREA\" \/>\n<meta property=\"article:modified_time\" content=\"2026-01-29T14:47:35+00:00\" \/>\n<meta property=\"og:image\" content=\"https:\/\/idakorea.ee\/wp-content\/uploads\/2025\/06\/kundal-protein_bonding_no_wash_treatment_idakorea.ee_.webp\" \/>\n\t<meta property=\"og:image:width\" content=\"1600\" \/>\n\t<meta property=\"og:image:height\" content=\"1600\" \/>\n\t<meta property=\"og:image:type\" content=\"image\/webp\" \/>\n<meta name=\"twitter:card\" content=\"summary_large_image\" \/>\n<meta name=\"twitter:label1\" content=\"Arvioitu lukuaika\" \/>\n\t<meta name=\"twitter:data1\" content=\"1 minuutti\" \/>\n<script type=\"application\/ld+json\" class=\"yoast-schema-graph\">{\"@context\":\"https:\/\/schema.org\",\"@graph\":[{\"@type\":\"WebPage\",\"@id\":\"https:\/\/idakorea.ee\/product\/kundal-protein-bonding-care-no-wash-treatment-violet-muguet-130ml\/\",\"url\":\"https:\/\/idakorea.ee\/product\/kundal-protein-bonding-care-no-wash-treatment-violet-muguet-130ml\/\",\"name\":\"Kundal Protein Bonding Care No Wash Treatment Violet Muguet, 130ml - IDA.KOREA\",\"isPartOf\":{\"@id\":\"https:\/\/idakorea.ee\/#website\"},\"primaryImageOfPage\":{\"@id\":\"https:\/\/idakorea.ee\/product\/kundal-protein-bonding-care-no-wash-treatment-violet-muguet-130ml\/#primaryimage\"},\"image\":{\"@id\":\"https:\/\/idakorea.ee\/product\/kundal-protein-bonding-care-no-wash-treatment-violet-muguet-130ml\/#primaryimage\"},\"thumbnailUrl\":\"https:\/\/idakorea.ee\/wp-content\/uploads\/2025\/06\/kundal-protein_bonding_no_wash_treatment_idakorea.ee_.webp\",\"datePublished\":\"2025-06-24T12:33:17+00:00\",\"dateModified\":\"2026-01-29T14:47:35+00:00\",\"description\":\"Taastav juuksehooldus h\u00fcaluroonhappe ja taimsete proteiinidega. Kaitseb kuumuse eest, niisutab s\u00fcgavuti ja silub juuksekutiikulit. - Kiire tarne!\",\"breadcrumb\":{\"@id\":\"https:\/\/idakorea.ee\/product\/kundal-protein-bonding-care-no-wash-treatment-violet-muguet-130ml\/#breadcrumb\"},\"inLanguage\":\"fi\",\"potentialAction\":[{\"@type\":\"ReadAction\",\"target\":[\"https:\/\/idakorea.ee\/product\/kundal-protein-bonding-care-no-wash-treatment-violet-muguet-130ml\/\"]}]},{\"@type\":\"ImageObject\",\"inLanguage\":\"fi\",\"@id\":\"https:\/\/idakorea.ee\/product\/kundal-protein-bonding-care-no-wash-treatment-violet-muguet-130ml\/#primaryimage\",\"url\":\"https:\/\/idakorea.ee\/wp-content\/uploads\/2025\/06\/kundal-protein_bonding_no_wash_treatment_idakorea.ee_.webp\",\"contentUrl\":\"https:\/\/idakorea.ee\/wp-content\/uploads\/2025\/06\/kundal-protein_bonding_no_wash_treatment_idakorea.ee_.webp\",\"width\":1600,\"height\":1600},{\"@type\":\"BreadcrumbList\",\"@id\":\"https:\/\/idakorea.ee\/product\/kundal-protein-bonding-care-no-wash-treatment-violet-muguet-130ml\/#breadcrumb\",\"itemListElement\":[{\"@type\":\"ListItem\",\"position\":1,\"name\":\"\u0413\u043b\u0430\u0432\u043d\u0430\u044f \u0441\u0442\u0440\u0430\u043d\u0438\u0446\u0430\",\"item\":\"https:\/\/idakorea.ee\/\"},{\"@type\":\"ListItem\",\"position\":2,\"name\":\"Shop\",\"item\":\"https:\/\/idakorea.ee\/shop-2\/\"},{\"@type\":\"ListItem\",\"position\":3,\"name\":\"J\u00e4etav juuksepalsam kuumakaitsega Kundal Protein Bonding Care No Wash Treatment Violet Muguet, 130ml\"}]},{\"@type\":\"WebSite\",\"@id\":\"https:\/\/idakorea.ee\/#website\",\"url\":\"https:\/\/idakorea.ee\/\",\"name\":\"IDA.KOREA\",\"description\":\"Korea kosmeetika e-pood\",\"publisher\":{\"@id\":\"https:\/\/idakorea.ee\/#organization\"},\"alternateName\":\"Beauty Shop\",\"potentialAction\":[{\"@type\":\"SearchAction\",\"target\":{\"@type\":\"EntryPoint\",\"urlTemplate\":\"https:\/\/idakorea.ee\/?s={search_term_string}\"},\"query-input\":{\"@type\":\"PropertyValueSpecification\",\"valueRequired\":true,\"valueName\":\"search_term_string\"}}],\"inLanguage\":\"fi\"},{\"@type\":\"Organization\",\"@id\":\"https:\/\/idakorea.ee\/#organization\",\"name\":\"IDA.KOREA\",\"url\":\"https:\/\/idakorea.ee\/\",\"logo\":{\"@type\":\"ImageObject\",\"inLanguage\":\"fi\",\"@id\":\"https:\/\/idakorea.ee\/#\/schema\/logo\/image\/\",\"url\":\"https:\/\/idakorea.ee\/wp-content\/uploads\/2024\/05\/cropped-korea3.png\",\"contentUrl\":\"https:\/\/idakorea.ee\/wp-content\/uploads\/2024\/05\/cropped-korea3.png\",\"width\":688,\"height\":126,\"caption\":\"IDA.KOREA\"},\"image\":{\"@id\":\"https:\/\/idakorea.ee\/#\/schema\/logo\/image\/\"},\"sameAs\":[\"https:\/\/www.instagram.com\/ida.korea\/\"]}]}<\/script>\n<!-- \/ Yoast SEO plugin. -->","yoast_head_json":{"title":"Kundal Protein Bonding Care -hoitoaine, jota ei tarvitse pest\u00e4, violetti Muguet, 130ml - IDA.KOREA","description":"Palauttava hiushoito hyaluronihapolla ja kasviproteiineilla. Suojaa l\u00e4mm\u00f6lt\u00e4, kosteuttaa syv\u00e4lt\u00e4 ja silottaa hiussuortumaa. - Nopea toimitus!","robots":{"index":"index","follow":"follow","max-snippet":"max-snippet:-1","max-image-preview":"max-image-preview:large","max-video-preview":"max-video-preview:-1"},"canonical":"https:\/\/idakorea.ee\/fi\/product\/kundal-protein-bonding-care-no-wash-treatment-violet-muguet-130ml\/","og_locale":"fi_FI","og_type":"article","og_title":"Kundal Protein Bonding Care No Wash Treatment Violet Muguet, 130ml - IDA.KOREA","og_description":"Taastav juuksehooldus h\u00fcaluroonhappe ja taimsete proteiinidega. Kaitseb kuumuse eest, niisutab s\u00fcgavuti ja silub juuksekutiikulit. - Kiire tarne!","og_url":"https:\/\/idakorea.ee\/fi\/product\/kundal-protein-bonding-care-no-wash-treatment-violet-muguet-130ml\/","og_site_name":"IDA.KOREA","article_modified_time":"2026-01-29T14:47:35+00:00","og_image":[{"width":1600,"height":1600,"url":"https:\/\/idakorea.ee\/wp-content\/uploads\/2025\/06\/kundal-protein_bonding_no_wash_treatment_idakorea.ee_.webp","type":"image\/webp"}],"twitter_card":"summary_large_image","twitter_misc":{"Arvioitu lukuaika":"1 minuutti"},"schema":{"@context":"https:\/\/schema.org","@graph":[{"@type":"WebPage","@id":"https:\/\/idakorea.ee\/product\/kundal-protein-bonding-care-no-wash-treatment-violet-muguet-130ml\/","url":"https:\/\/idakorea.ee\/product\/kundal-protein-bonding-care-no-wash-treatment-violet-muguet-130ml\/","name":"Kundal Protein Bonding Care -hoitoaine, jota ei tarvitse pest\u00e4, violetti Muguet, 130ml - IDA.KOREA","isPartOf":{"@id":"https:\/\/idakorea.ee\/#website"},"primaryImageOfPage":{"@id":"https:\/\/idakorea.ee\/product\/kundal-protein-bonding-care-no-wash-treatment-violet-muguet-130ml\/#primaryimage"},"image":{"@id":"https:\/\/idakorea.ee\/product\/kundal-protein-bonding-care-no-wash-treatment-violet-muguet-130ml\/#primaryimage"},"thumbnailUrl":"https:\/\/idakorea.ee\/wp-content\/uploads\/2025\/06\/kundal-protein_bonding_no_wash_treatment_idakorea.ee_.webp","datePublished":"2025-06-24T12:33:17+00:00","dateModified":"2026-01-29T14:47:35+00:00","description":"Palauttava hiushoito hyaluronihapolla ja kasviproteiineilla. Suojaa l\u00e4mm\u00f6lt\u00e4, kosteuttaa syv\u00e4lt\u00e4 ja silottaa hiussuortumaa. - Nopea toimitus!","breadcrumb":{"@id":"https:\/\/idakorea.ee\/product\/kundal-protein-bonding-care-no-wash-treatment-violet-muguet-130ml\/#breadcrumb"},"inLanguage":"fi","potentialAction":[{"@type":"ReadAction","target":["https:\/\/idakorea.ee\/product\/kundal-protein-bonding-care-no-wash-treatment-violet-muguet-130ml\/"]}]},{"@type":"ImageObject","inLanguage":"fi","@id":"https:\/\/idakorea.ee\/product\/kundal-protein-bonding-care-no-wash-treatment-violet-muguet-130ml\/#primaryimage","url":"https:\/\/idakorea.ee\/wp-content\/uploads\/2025\/06\/kundal-protein_bonding_no_wash_treatment_idakorea.ee_.webp","contentUrl":"https:\/\/idakorea.ee\/wp-content\/uploads\/2025\/06\/kundal-protein_bonding_no_wash_treatment_idakorea.ee_.webp","width":1600,"height":1600},{"@type":"BreadcrumbList","@id":"https:\/\/idakorea.ee\/product\/kundal-protein-bonding-care-no-wash-treatment-violet-muguet-130ml\/#breadcrumb","itemListElement":[{"@type":"ListItem","position":1,"name":"\u0413\u043b\u0430\u0432\u043d\u0430\u044f \u0441\u0442\u0440\u0430\u043d\u0438\u0446\u0430","item":"https:\/\/idakorea.ee\/"},{"@type":"ListItem","position":2,"name":"Shop","item":"https:\/\/idakorea.ee\/shop-2\/"},{"@type":"ListItem","position":3,"name":"J\u00e4etav juuksepalsam kuumakaitsega Kundal Protein Bonding Care No Wash Treatment Violet Muguet, 130ml"}]},{"@type":"WebSite","@id":"https:\/\/idakorea.ee\/#website","url":"https:\/\/idakorea.ee\/","name":"IDA.KOREA","description":"Korean kosmetiikan verkkokauppa","publisher":{"@id":"https:\/\/idakorea.ee\/#organization"},"alternateName":"Beauty Shop","potentialAction":[{"@type":"SearchAction","target":{"@type":"EntryPoint","urlTemplate":"https:\/\/idakorea.ee\/?s={search_term_string}"},"query-input":{"@type":"PropertyValueSpecification","valueRequired":true,"valueName":"search_term_string"}}],"inLanguage":"fi"},{"@type":"Organization","@id":"https:\/\/idakorea.ee\/#organization","name":"IDA.KOREA","url":"https:\/\/idakorea.ee\/","logo":{"@type":"ImageObject","inLanguage":"fi","@id":"https:\/\/idakorea.ee\/#\/schema\/logo\/image\/","url":"https:\/\/idakorea.ee\/wp-content\/uploads\/2024\/05\/cropped-korea3.png","contentUrl":"https:\/\/idakorea.ee\/wp-content\/uploads\/2024\/05\/cropped-korea3.png","width":688,"height":126,"caption":"IDA.KOREA"},"image":{"@id":"https:\/\/idakorea.ee\/#\/schema\/logo\/image\/"},"sameAs":["https:\/\/www.instagram.com\/ida.korea\/"]}]}},"jetpack_sharing_enabled":true,"brands":[{"id":924,"name":"KUNDAL","slug":"kundal"}],"_links":{"self":[{"href":"https:\/\/idakorea.ee\/fi\/wp-json\/wp\/v2\/product\/14807","targetHints":{"allow":["GET"]}}],"collection":[{"href":"https:\/\/idakorea.ee\/fi\/wp-json\/wp\/v2\/product"}],"about":[{"href":"https:\/\/idakorea.ee\/fi\/wp-json\/wp\/v2\/types\/product"}],"replies":[{"embeddable":true,"href":"https:\/\/idakorea.ee\/fi\/wp-json\/wp\/v2\/comments?post=14807"}],"version-history":[{"count":2,"href":"https:\/\/idakorea.ee\/fi\/wp-json\/wp\/v2\/product\/14807\/revisions"}],"predecessor-version":[{"id":15012,"href":"https:\/\/idakorea.ee\/fi\/wp-json\/wp\/v2\/product\/14807\/revisions\/15012"}],"wp:featuredmedia":[{"embeddable":true,"href":"https:\/\/idakorea.ee\/fi\/wp-json\/wp\/v2\/media\/14808"}],"wp:attachment":[{"href":"https:\/\/idakorea.ee\/fi\/wp-json\/wp\/v2\/media?parent=14807"}],"wp:term":[{"taxonomy":"pwb-brand","embeddable":true,"href":"https:\/\/idakorea.ee\/fi\/wp-json\/wp\/v2\/pwb-brand?post=14807"},{"taxonomy":"product_brand","embeddable":true,"href":"https:\/\/idakorea.ee\/fi\/wp-json\/wp\/v2\/product_brand?post=14807"},{"taxonomy":"product_cat","embeddable":true,"href":"https:\/\/idakorea.ee\/fi\/wp-json\/wp\/v2\/product_cat?post=14807"},{"taxonomy":"product_tag","embeddable":true,"href":"https:\/\/idakorea.ee\/fi\/wp-json\/wp\/v2\/product_tag?post=14807"}],"curies":[{"name":"wp","href":"https:\/\/api.w.org\/{rel}","templated":true}]}}