{"id":14816,"date":"2025-06-24T16:28:11","date_gmt":"2025-06-24T13:28:11","guid":{"rendered":"https:\/\/idakorea.ee\/?post_type=product&#038;p=14816"},"modified":"2026-04-14T00:24:07","modified_gmt":"2026-04-13T22:24:07","slug":"celimax-the-vita-a-retinol-shot-tightening-serum-30ml","status":"publish","type":"product","link":"https:\/\/idakorea.ee\/fi\/product\/celimax-the-vita-a-retinol-shot-tightening-serum-30ml\/","title":{"rendered":"Celimax The Vita-A Retinol Shot Tightening Serum, 30ml"},"content":{"rendered":"<p>Kiinteytt\u00e4v\u00e4 seerumi retinolia ja mikrohiukkasia sis\u00e4lt\u00e4v\u00e4n\u00e4 tarjoaa tehohoitoa ik\u00e4\u00e4ntyv\u00e4lle ja akneen taipuvaiselle iholle. Kevyt ja kosteuttava koostumus imeytyy nopeasti j\u00e4tt\u00e4m\u00e4tt\u00e4 tahmeaa tai ep\u00e4puhdasta tunnetta.<\/p>\n<p>Voimakas kohottava vaikutus \u2013 ehk\u00e4isee kudosten veltostumista, parantaa kimmoisuutta ja kiinteytt\u00e4, v\u00e4hent\u00e4\u00e4 miimisten ja staattisten ryppyjen syvyytt\u00e4 ja auttaa ehk\u00e4isem\u00e4\u00e4n niiden muodostumista.<\/p>\n<p>Jatkuvassa k\u00e4yt\u00f6ss\u00e4:<\/p>\n<ul>\n<li>S\u00e4\u00e4telee talirauhasten toimintaa<\/li>\n<li>V\u00e4hent\u00e4\u00e4 komedonien ja tulehduksen riski\u00e4<\/li>\n<li>V\u00e4hent\u00e4\u00e4 ihon liiallista kiiltoa<\/li>\n<li>Auttaa tasoittamaan ihon s\u00e4vy\u00e4 ja rakennetta<\/li>\n<li>Vaalentaa i\u00e4n tai tulehduksen aiheuttamaa pigmentaatiota<\/li>\n<li>Silottaa aknen j\u00e4lkeisi\u00e4 ep\u00e4puhtauksia ja korostaa luonnollista ihons\u00e4vy\u00e4<\/li>\n<\/ul>\n<p><strong>T\u00e4rkeimm\u00e4t vaikuttavat aineet:<\/strong><\/p>\n<ul>\n<li><strong>Retinoli (0.1%)<\/strong> \u2013 stimuloi solujen uusiutumista, edist\u00e4\u00e4 kollageenin ja elastiinin tuotantoa, v\u00e4hent\u00e4\u00e4 aknea ja ryppyj\u00e4 sek\u00e4 tasoittaa ihon pintaa ja ihohuokosia.<\/li>\n<li><strong>A-Shot\u2122-teknologia<\/strong> \u2013 162 000 mikrohiukkasta kuljettavat aktiivisia ainesosia syv\u00e4lle ihoon, aktivoivat solujen uusiutumista ja kuorivat ihoa hell\u00e4varaisesti auttaen v\u00e4hent\u00e4m\u00e4\u00e4n ik\u00e4l\u00e4iski\u00e4.<\/li>\n<li><strong>Kuparitripeptidi<\/strong> \u2013 tukee kollageenin ja elastiinin synteesi\u00e4, vahvistaa ja rauhoittaa ihoa, nopeuttaa paranemista ja suojaa antioksidanttina.<\/li>\n<li><strong>Nonapeptidi (7 aminohappoa)<\/strong> \u2013 hidastaa melaniinin synteesi\u00e4, est\u00e4\u00e4 pigmenttil\u00e4iskien muodostumista.<\/li>\n<li><strong>Palmitoyylipentapeptidi-4<\/strong> \u2013 tunnettu ik\u00e4\u00e4ntymist\u00e4 hidastava peptidi, joka stimuloi ihon uusiutumista ilman retinoliin liittyv\u00e4\u00e4 \u00e4rsytyst\u00e4.<\/li>\n<li><strong>Pantenoli (B5-vitamiini)<\/strong> \u2013 palauttaa ihon suojakerroksen, nopeuttaa mikrohaavojen paranemista, rauhoittaa ja kosteuttaa ihoa.<\/li>\n<\/ul>\n<p>&nbsp;<\/p>\n<p><strong>Sopii ihotyypeille:<\/strong><\/p>\n<p>Rasvoittuva, sekaiho, normaali, kuiva<\/p>\n<p><strong>K\u00e4ytt\u00f6:<\/strong><\/p>\n<p>Levit\u00e4 tarvittava m\u00e4\u00e4r\u00e4 seerumia puhdistetulle iholle iltaisin, levit\u00e4 tasaisesti sormilla ja anna imeyty\u00e4. Levit\u00e4 sen j\u00e4lkeen aurinkovoide. K\u00e4yt\u00e4 p\u00e4iv\u00e4ll\u00e4 SPF50 PA++++ aurinkosuojakerrointa!<\/p>\n<p><strong>S\u00e4ilytys:<\/strong> S\u00e4ilyt\u00e4 viile\u00e4ss\u00e4 (3\u201310 \u00b0C), poissa suorasta auringonvalosta.<\/p>\n<p><strong>Huomio!<\/strong> Jos et ole koskaan aiemmin k\u00e4ytt\u00e4nyt retinolia, aloita hitaasti:<\/p>\n<ul>\n<li>Ensimm\u00e4iset 2 viikkoa \u2013 2 kertaa viikossa<\/li>\n<li>Seuraavat 2 viikkoa \u2013 3 kertaa viikossa<br \/>\nJos iho ei \u00e4rdy, k\u00e4ytt\u00f6kertoja voidaan lis\u00e4t\u00e4. \u00c4l\u00e4 k\u00e4yt\u00e4 raskauden, imetyksen tai ennen suunniteltua raskautta (6 kuukauden sis\u00e4ll\u00e4).<\/li>\n<\/ul>","protected":false},"excerpt":{"rendered":"<p>Kiinteytt\u00e4v\u00e4 seerumi retinolia ja mikrohiukkasia sis\u00e4lt\u00e4v\u00e4n\u00e4 tarjoaa tehohoitoa ik\u00e4\u00e4ntyv\u00e4lle ja akneen taipuvaiselle iholle. Kevyt, kosteuttava koostumus imeytyy nopeasti eik\u00e4 j\u00e4t\u00e4 kirist\u00e4v\u00e4\u00e4 tai tahmeaa tunnetta. Voimakas kohottava vaikutus - est\u00e4\u00e4 kudosten veltostumista, parantaa kimmoisuutta ja kiinteytt\u00e4, v\u00e4hent\u00e4\u00e4 ilmeiden syvyytt\u00e4 ja staattisia ryppyj\u00e4 ja auttaa ehk\u00e4isem\u00e4\u00e4n niiden muodostumista. Jatkuvassa k\u00e4yt\u00f6ss\u00e4: S\u00e4\u00e4telee talirauhasten toimintaa V\u00e4hent\u00e4\u00e4 komedoneja ja tulehdusta\u2026<\/p>","protected":false},"featured_media":14817,"comment_status":"open","ping_status":"closed","template":"","meta":{"_uf_show_specific_survey":0,"_uf_disable_surveys":false,"_bst_post_transparent":"default","_bst_post_title":"","_bst_post_layout":"default","_bst_post_sidebar_id":"","_bst_post_content_style":"default","_bst_post_vertical_padding":"default","_bst_post_feature":"","_bst_post_feature_position":"","_bst_post_header":false,"_bst_post_footer":false},"pwb-brand":[885],"product_brand":[],"product_cat":[92,97],"product_tag":[946,830,213],"class_list":{"0":"post-14816","1":"product","2":"type-product","3":"status-publish","4":"has-post-thumbnail","6":"pwb-brand-celimax","7":"product_cat-nagu","8":"product_cat-naoseerumid-ja-olid","9":"product_tag-panthenol","10":"product_tag-peptide","11":"product_tag-retinol","13":"first","14":"instock","15":"sale","16":"shipping-taxable","17":"purchasable","18":"product-type-simple","19":"entry","20":"content-bg","21":"loop-entry"},"supplier_id":null,"supplier_sku":"","barcode":null,"atum_controlled":true,"out_stock_date":null,"out_stock_threshold":null,"inheritable":false,"inbound_stock":0,"stock_on_hold":0,"sold_today":0,"sales_last_days":4,"out_stock_days":0,"lost_sales":0,"has_location":false,"update_date":"2026-04-14T12:37:28","atum_locations":[],"atum_stock_status":"instock","restock_status":false,"low_stock_amount":"","sales_update_date":"2026-04-14T12:37:28","calc_backorders":null,"yoast_head":"<!-- This site is optimized with the Yoast SEO plugin v27.2 - https:\/\/yoast.com\/product\/yoast-seo-wordpress\/ -->\n<title>Celimax The Vita-A Retinol Shot Tightening Serum, 30ml - IDA.KOREA<\/title>\n<meta name=\"description\" content=\"Retinooliseerum mikroosakestega pinguldab, silub kortse, v\u00e4hendab aknet ja pigmenti. Sobib igale nahat\u00fc\u00fcbile, SPF kohustuslik p\u00e4eval. - Kiire tarne!\" \/>\n<meta name=\"robots\" content=\"index, follow, max-snippet:-1, max-image-preview:large, max-video-preview:-1\" \/>\n<link rel=\"canonical\" href=\"https:\/\/idakorea.ee\/fi\/product\/celimax-the-vita-a-retinol-shot-tightening-serum-30ml\/\" \/>\n<meta property=\"og:locale\" content=\"fi_FI\" \/>\n<meta property=\"og:type\" content=\"article\" \/>\n<meta property=\"og:title\" content=\"Celimax The Vita-A Retinol Shot Tightening Serum, 30ml - IDA.KOREA\" \/>\n<meta property=\"og:description\" content=\"Retinooliseerum mikroosakestega pinguldab, silub kortse, v\u00e4hendab aknet ja pigmenti. Sobib igale nahat\u00fc\u00fcbile, SPF kohustuslik p\u00e4eval. - Kiire tarne!\" \/>\n<meta property=\"og:url\" content=\"https:\/\/idakorea.ee\/fi\/product\/celimax-the-vita-a-retinol-shot-tightening-serum-30ml\/\" \/>\n<meta property=\"og:site_name\" content=\"IDA.KOREA\" \/>\n<meta property=\"article:modified_time\" content=\"2026-04-13T22:24:07+00:00\" \/>\n<meta property=\"og:image\" content=\"https:\/\/idakorea.ee\/wp-content\/uploads\/2025\/06\/celimax-the-vita_a-retinol-shot-tightening-serum-idakorea.ee_.jpg\" \/>\n\t<meta property=\"og:image:width\" content=\"1000\" \/>\n\t<meta property=\"og:image:height\" content=\"1000\" \/>\n\t<meta property=\"og:image:type\" content=\"image\/jpeg\" \/>\n<meta name=\"twitter:card\" content=\"summary_large_image\" \/>\n<meta name=\"twitter:label1\" content=\"Arvioitu lukuaika\" \/>\n\t<meta name=\"twitter:data1\" content=\"2 minuuttia\" \/>\n<script type=\"application\/ld+json\" class=\"yoast-schema-graph\">{\"@context\":\"https:\/\/schema.org\",\"@graph\":[{\"@type\":\"WebPage\",\"@id\":\"https:\/\/idakorea.ee\/product\/celimax-the-vita-a-retinol-shot-tightening-serum-30ml\/\",\"url\":\"https:\/\/idakorea.ee\/product\/celimax-the-vita-a-retinol-shot-tightening-serum-30ml\/\",\"name\":\"Celimax The Vita-A Retinol Shot Tightening Serum, 30ml - IDA.KOREA\",\"isPartOf\":{\"@id\":\"https:\/\/idakorea.ee\/#website\"},\"primaryImageOfPage\":{\"@id\":\"https:\/\/idakorea.ee\/product\/celimax-the-vita-a-retinol-shot-tightening-serum-30ml\/#primaryimage\"},\"image\":{\"@id\":\"https:\/\/idakorea.ee\/product\/celimax-the-vita-a-retinol-shot-tightening-serum-30ml\/#primaryimage\"},\"thumbnailUrl\":\"https:\/\/idakorea.ee\/wp-content\/uploads\/2025\/06\/celimax-the-vita_a-retinol-shot-tightening-serum-idakorea.ee_.jpg\",\"datePublished\":\"2025-06-24T13:28:11+00:00\",\"dateModified\":\"2026-04-13T22:24:07+00:00\",\"description\":\"Retinooliseerum mikroosakestega pinguldab, silub kortse, v\u00e4hendab aknet ja pigmenti. Sobib igale nahat\u00fc\u00fcbile, SPF kohustuslik p\u00e4eval. - Kiire tarne!\",\"breadcrumb\":{\"@id\":\"https:\/\/idakorea.ee\/product\/celimax-the-vita-a-retinol-shot-tightening-serum-30ml\/#breadcrumb\"},\"inLanguage\":\"fi\",\"potentialAction\":[{\"@type\":\"ReadAction\",\"target\":[\"https:\/\/idakorea.ee\/product\/celimax-the-vita-a-retinol-shot-tightening-serum-30ml\/\"]}]},{\"@type\":\"ImageObject\",\"inLanguage\":\"fi\",\"@id\":\"https:\/\/idakorea.ee\/product\/celimax-the-vita-a-retinol-shot-tightening-serum-30ml\/#primaryimage\",\"url\":\"https:\/\/idakorea.ee\/wp-content\/uploads\/2025\/06\/celimax-the-vita_a-retinol-shot-tightening-serum-idakorea.ee_.jpg\",\"contentUrl\":\"https:\/\/idakorea.ee\/wp-content\/uploads\/2025\/06\/celimax-the-vita_a-retinol-shot-tightening-serum-idakorea.ee_.jpg\",\"width\":1000,\"height\":1000},{\"@type\":\"BreadcrumbList\",\"@id\":\"https:\/\/idakorea.ee\/product\/celimax-the-vita-a-retinol-shot-tightening-serum-30ml\/#breadcrumb\",\"itemListElement\":[{\"@type\":\"ListItem\",\"position\":1,\"name\":\"\u0413\u043b\u0430\u0432\u043d\u0430\u044f \u0441\u0442\u0440\u0430\u043d\u0438\u0446\u0430\",\"item\":\"https:\/\/idakorea.ee\/\"},{\"@type\":\"ListItem\",\"position\":2,\"name\":\"Shop\",\"item\":\"https:\/\/idakorea.ee\/shop-2\/\"},{\"@type\":\"ListItem\",\"position\":3,\"name\":\"Pinguldav seerum retinooli ja mikroosakestega Celimax The Vita-A Retinol Shot Tightening Serum, 30ml\"}]},{\"@type\":\"WebSite\",\"@id\":\"https:\/\/idakorea.ee\/#website\",\"url\":\"https:\/\/idakorea.ee\/\",\"name\":\"IDA.KOREA\",\"description\":\"Korea kosmeetika e-pood\",\"publisher\":{\"@id\":\"https:\/\/idakorea.ee\/#organization\"},\"alternateName\":\"Beauty Shop\",\"potentialAction\":[{\"@type\":\"SearchAction\",\"target\":{\"@type\":\"EntryPoint\",\"urlTemplate\":\"https:\/\/idakorea.ee\/?s={search_term_string}\"},\"query-input\":{\"@type\":\"PropertyValueSpecification\",\"valueRequired\":true,\"valueName\":\"search_term_string\"}}],\"inLanguage\":\"fi\"},{\"@type\":\"Organization\",\"@id\":\"https:\/\/idakorea.ee\/#organization\",\"name\":\"IDA.KOREA\",\"url\":\"https:\/\/idakorea.ee\/\",\"logo\":{\"@type\":\"ImageObject\",\"inLanguage\":\"fi\",\"@id\":\"https:\/\/idakorea.ee\/#\/schema\/logo\/image\/\",\"url\":\"https:\/\/idakorea.ee\/wp-content\/uploads\/2024\/05\/cropped-korea3.png\",\"contentUrl\":\"https:\/\/idakorea.ee\/wp-content\/uploads\/2024\/05\/cropped-korea3.png\",\"width\":688,\"height\":126,\"caption\":\"IDA.KOREA\"},\"image\":{\"@id\":\"https:\/\/idakorea.ee\/#\/schema\/logo\/image\/\"},\"sameAs\":[\"https:\/\/www.instagram.com\/ida.korea\/\"]}]}<\/script>\n<!-- \/ Yoast SEO plugin. -->","yoast_head_json":{"title":"Celimax The Vita-A Retinol Shot kiinteytt\u00e4v\u00e4 seerumi, 30ml - IDA.KOREA","description":"Retinoli-seerumi mikrohiukkasilla kiinteytt\u00e4\u00e4, silottaa ryppyj\u00e4, v\u00e4hent\u00e4\u00e4 aknea ja pigmenttimuutoksia. Sopii kaikille ihotyypeille, aurinkosuojakerroin on pakollinen p\u00e4iv\u00e4ll\u00e4. - Nopea toimitus!","robots":{"index":"index","follow":"follow","max-snippet":"max-snippet:-1","max-image-preview":"max-image-preview:large","max-video-preview":"max-video-preview:-1"},"canonical":"https:\/\/idakorea.ee\/fi\/product\/celimax-the-vita-a-retinol-shot-tightening-serum-30ml\/","og_locale":"fi_FI","og_type":"article","og_title":"Celimax The Vita-A Retinol Shot Tightening Serum, 30ml - IDA.KOREA","og_description":"Retinooliseerum mikroosakestega pinguldab, silub kortse, v\u00e4hendab aknet ja pigmenti. Sobib igale nahat\u00fc\u00fcbile, SPF kohustuslik p\u00e4eval. - Kiire tarne!","og_url":"https:\/\/idakorea.ee\/fi\/product\/celimax-the-vita-a-retinol-shot-tightening-serum-30ml\/","og_site_name":"IDA.KOREA","article_modified_time":"2026-04-13T22:24:07+00:00","og_image":[{"width":1000,"height":1000,"url":"https:\/\/idakorea.ee\/wp-content\/uploads\/2025\/06\/celimax-the-vita_a-retinol-shot-tightening-serum-idakorea.ee_.jpg","type":"image\/jpeg"}],"twitter_card":"summary_large_image","twitter_misc":{"Arvioitu lukuaika":"2 minuuttia"},"schema":{"@context":"https:\/\/schema.org","@graph":[{"@type":"WebPage","@id":"https:\/\/idakorea.ee\/product\/celimax-the-vita-a-retinol-shot-tightening-serum-30ml\/","url":"https:\/\/idakorea.ee\/product\/celimax-the-vita-a-retinol-shot-tightening-serum-30ml\/","name":"Celimax The Vita-A Retinol Shot kiinteytt\u00e4v\u00e4 seerumi, 30ml - IDA.KOREA","isPartOf":{"@id":"https:\/\/idakorea.ee\/#website"},"primaryImageOfPage":{"@id":"https:\/\/idakorea.ee\/product\/celimax-the-vita-a-retinol-shot-tightening-serum-30ml\/#primaryimage"},"image":{"@id":"https:\/\/idakorea.ee\/product\/celimax-the-vita-a-retinol-shot-tightening-serum-30ml\/#primaryimage"},"thumbnailUrl":"https:\/\/idakorea.ee\/wp-content\/uploads\/2025\/06\/celimax-the-vita_a-retinol-shot-tightening-serum-idakorea.ee_.jpg","datePublished":"2025-06-24T13:28:11+00:00","dateModified":"2026-04-13T22:24:07+00:00","description":"Retinoli-seerumi mikrohiukkasilla kiinteytt\u00e4\u00e4, silottaa ryppyj\u00e4, v\u00e4hent\u00e4\u00e4 aknea ja pigmenttimuutoksia. Sopii kaikille ihotyypeille, aurinkosuojakerroin on pakollinen p\u00e4iv\u00e4ll\u00e4. - Nopea toimitus!","breadcrumb":{"@id":"https:\/\/idakorea.ee\/product\/celimax-the-vita-a-retinol-shot-tightening-serum-30ml\/#breadcrumb"},"inLanguage":"fi","potentialAction":[{"@type":"ReadAction","target":["https:\/\/idakorea.ee\/product\/celimax-the-vita-a-retinol-shot-tightening-serum-30ml\/"]}]},{"@type":"ImageObject","inLanguage":"fi","@id":"https:\/\/idakorea.ee\/product\/celimax-the-vita-a-retinol-shot-tightening-serum-30ml\/#primaryimage","url":"https:\/\/idakorea.ee\/wp-content\/uploads\/2025\/06\/celimax-the-vita_a-retinol-shot-tightening-serum-idakorea.ee_.jpg","contentUrl":"https:\/\/idakorea.ee\/wp-content\/uploads\/2025\/06\/celimax-the-vita_a-retinol-shot-tightening-serum-idakorea.ee_.jpg","width":1000,"height":1000},{"@type":"BreadcrumbList","@id":"https:\/\/idakorea.ee\/product\/celimax-the-vita-a-retinol-shot-tightening-serum-30ml\/#breadcrumb","itemListElement":[{"@type":"ListItem","position":1,"name":"\u0413\u043b\u0430\u0432\u043d\u0430\u044f \u0441\u0442\u0440\u0430\u043d\u0438\u0446\u0430","item":"https:\/\/idakorea.ee\/"},{"@type":"ListItem","position":2,"name":"Shop","item":"https:\/\/idakorea.ee\/shop-2\/"},{"@type":"ListItem","position":3,"name":"Pinguldav seerum retinooli ja mikroosakestega Celimax The Vita-A Retinol Shot Tightening Serum, 30ml"}]},{"@type":"WebSite","@id":"https:\/\/idakorea.ee\/#website","url":"https:\/\/idakorea.ee\/","name":"IDA.KOREA","description":"Korean kosmetiikan verkkokauppa","publisher":{"@id":"https:\/\/idakorea.ee\/#organization"},"alternateName":"Beauty Shop","potentialAction":[{"@type":"SearchAction","target":{"@type":"EntryPoint","urlTemplate":"https:\/\/idakorea.ee\/?s={search_term_string}"},"query-input":{"@type":"PropertyValueSpecification","valueRequired":true,"valueName":"search_term_string"}}],"inLanguage":"fi"},{"@type":"Organization","@id":"https:\/\/idakorea.ee\/#organization","name":"IDA.KOREA","url":"https:\/\/idakorea.ee\/","logo":{"@type":"ImageObject","inLanguage":"fi","@id":"https:\/\/idakorea.ee\/#\/schema\/logo\/image\/","url":"https:\/\/idakorea.ee\/wp-content\/uploads\/2024\/05\/cropped-korea3.png","contentUrl":"https:\/\/idakorea.ee\/wp-content\/uploads\/2024\/05\/cropped-korea3.png","width":688,"height":126,"caption":"IDA.KOREA"},"image":{"@id":"https:\/\/idakorea.ee\/#\/schema\/logo\/image\/"},"sameAs":["https:\/\/www.instagram.com\/ida.korea\/"]}]}},"jetpack_sharing_enabled":true,"brands":[{"id":885,"name":"CELIMAX","slug":"celimax"}],"_links":{"self":[{"href":"https:\/\/idakorea.ee\/fi\/wp-json\/wp\/v2\/product\/14816","targetHints":{"allow":["GET"]}}],"collection":[{"href":"https:\/\/idakorea.ee\/fi\/wp-json\/wp\/v2\/product"}],"about":[{"href":"https:\/\/idakorea.ee\/fi\/wp-json\/wp\/v2\/types\/product"}],"replies":[{"embeddable":true,"href":"https:\/\/idakorea.ee\/fi\/wp-json\/wp\/v2\/comments?post=14816"}],"version-history":[{"count":1,"href":"https:\/\/idakorea.ee\/fi\/wp-json\/wp\/v2\/product\/14816\/revisions"}],"predecessor-version":[{"id":14820,"href":"https:\/\/idakorea.ee\/fi\/wp-json\/wp\/v2\/product\/14816\/revisions\/14820"}],"wp:featuredmedia":[{"embeddable":true,"href":"https:\/\/idakorea.ee\/fi\/wp-json\/wp\/v2\/media\/14817"}],"wp:attachment":[{"href":"https:\/\/idakorea.ee\/fi\/wp-json\/wp\/v2\/media?parent=14816"}],"wp:term":[{"taxonomy":"pwb-brand","embeddable":true,"href":"https:\/\/idakorea.ee\/fi\/wp-json\/wp\/v2\/pwb-brand?post=14816"},{"taxonomy":"product_brand","embeddable":true,"href":"https:\/\/idakorea.ee\/fi\/wp-json\/wp\/v2\/product_brand?post=14816"},{"taxonomy":"product_cat","embeddable":true,"href":"https:\/\/idakorea.ee\/fi\/wp-json\/wp\/v2\/product_cat?post=14816"},{"taxonomy":"product_tag","embeddable":true,"href":"https:\/\/idakorea.ee\/fi\/wp-json\/wp\/v2\/product_tag?post=14816"}],"curies":[{"name":"wp","href":"https:\/\/api.w.org\/{rel}","templated":true}]}}