{"id":14827,"date":"2025-06-25T11:33:46","date_gmt":"2025-06-25T08:33:46","guid":{"rendered":"https:\/\/idakorea.ee\/?post_type=product&#038;p=14827"},"modified":"2026-03-26T08:50:23","modified_gmt":"2026-03-26T06:50:23","slug":"abib-quick-sunstick-protection-bar-spf50-pa","status":"publish","type":"product","link":"https:\/\/idakorea.ee\/fi\/product\/abib-quick-sunstick-protection-bar-spf50-pa\/","title":{"rendered":"Abib Quick Sunstick Protection Bar SPF50+ PA++++"},"content":{"rendered":"<p>Universaali aurinkovoidepuikko <strong>Quick Sunstick -suojapaletti SPF50+ PA++++ auttaa<\/strong> Sopii aurinkosuojan virkist\u00e4miseen p\u00e4iv\u00e4n aikana. Suuren kokonsa ja k\u00e4tev\u00e4n muotonsa ansiosta puikko on helppo levitt\u00e4\u00e4 sek\u00e4 kasvoille ett\u00e4 koko vartalolle.<\/p>\n<p>Uuden sukupolven kemialliset suodattimet tarjoavat luotettavan suojan UV-s\u00e4teily\u00e4 vastaan, eiv\u00e4tk\u00e4 ne vaadi vaihtoa jopa 7 tuntiin kaupunkiymp\u00e4rist\u00f6ss\u00e4:<\/p>\n<ul>\n<li><strong>Uvinul A Plus (dietyyliaminohydroksibentsoyyliheksyylibentsoaatti)<\/strong> suojaa UVA-s\u00e4teilt\u00e4.<\/li>\n<li><strong>Tinosorb S (Bis-Ethylhexyloxyphenol Methoxyphenyl Triazine)<\/strong> on laajakirjoinen suodatin, joka suojaa sek\u00e4 UVA- ett\u00e4 UVB-s\u00e4teilt\u00e4.<\/li>\n<\/ul>\n<p>Puikolla on kevyt ja virkist\u00e4v\u00e4 koostumus, eik\u00e4 se j\u00e4t\u00e4 iholle tahmeaa tunnetta. Useammankin kerroksen levitt\u00e4minen ei aiheuta naamioefekti\u00e4 tai py\u00f6rittely\u00e4. Tasapainottaa talirauhasten toimintaa ja pit\u00e4\u00e4 ihon kosteutettuna. Rauhoittaa auringon \u00e4rtym\u00e4\u00e4 ihoa, lievitt\u00e4\u00e4 kutinaa ja punoitusta.<\/p>\n<p><strong>T\u00e4rkeimm\u00e4t vaikuttavat aineet:<\/strong><\/p>\n<ul>\n<li><strong>Hydrolysoitu kasviproteiini<\/strong> rikastuttaa ihoa aminohapoilla, edist\u00e4\u00e4 solujen uusiutumista, on vahva antioksidanttivaikutus, vahvistaa ihon suojatoimintoja ja tekee ihosta pehme\u00e4n ja samettisen.<\/li>\n<li><strong>Vihre\u00e4n teen lehtiuute<\/strong> s\u00e4vytt\u00e4\u00e4, toimii antioksidanttina, yll\u00e4pit\u00e4\u00e4 solujen eheytt\u00e4 ja hidastaa ik\u00e4\u00e4ntymist\u00e4.<\/li>\n<li><strong>Aasian vesikrassiuute<\/strong> rauhoittaa kutinaa ja punoitusta, korjaa ihon mikrovaurioita ja vahvistaa kapillaareja, auttaa torjumaan ruusufinni\u00e4.<\/li>\n<li><strong>Aloe-lehtimehu<\/strong> tarjoaa tehokasta kosteutta, auttaa s\u00e4ilytt\u00e4m\u00e4\u00e4n kosteuden ja palauttamaan solurakenteen.<\/li>\n<li><strong>Kurkkuuute<\/strong> v\u00e4hent\u00e4\u00e4 turvotusta, kiinteytt\u00e4\u00e4, pehment\u00e4\u00e4, lievitt\u00e4\u00e4 tulehdusta, taistelee vapaita radikaaleja vastaan, virkist\u00e4\u00e4 ja viilent\u00e4\u00e4.<\/li>\n<\/ul>\n<p>&nbsp;<\/p>\n<p>Sopii kaikille ihotyypeille.<\/p>\n<p><strong>K\u00e4ytt\u00f6ohjeet:<\/strong> Levit\u00e4 puikkoa kasvoillesi 3\u20134 kerrosta p\u00e4ivitt\u00e4isen ihonhoitorutiinisi j\u00e4lkeen. Jos altistut suoralle auringonvalolle (esim. rannalla), levit\u00e4 uudelleen 2\u20133 tunnin v\u00e4lein.<\/p>\n<p>&nbsp;<\/p>","protected":false},"excerpt":{"rendered":"<p>Universaali aurinkosuojapuikko Abib Quick Sunstick Protection Bar SPF50+ PA++++ sopii aurinkosuojakerroksen virkist\u00e4miseen koko p\u00e4iv\u00e4n. Suuren kokonsa ja k\u00e4tev\u00e4n muotonsa ansiosta puikkoa on helppo levitt\u00e4\u00e4 sek\u00e4 kasvoille ett\u00e4 koko vartalolle. Uuden sukupolven kemialliset suodattimet tarjoavat luotettavan suojan UV-s\u00e4teily\u00e4 vastaan eiv\u00e4tk\u00e4 vaadi uusimista jopa 7 tuntiin kaupunkiymp\u00e4rist\u00f6ss\u00e4: Uvinul A Plus (dietyyliaminohydroksibentsoyyliheksyylibentsoaatti)\u2026<\/p>","protected":false},"featured_media":14828,"comment_status":"open","ping_status":"closed","template":"","meta":{"_uf_show_specific_survey":0,"_uf_disable_surveys":false,"_bst_post_transparent":"default","_bst_post_title":"","_bst_post_layout":"default","_bst_post_sidebar_id":"","_bst_post_content_style":"default","_bst_post_vertical_padding":"default","_bst_post_feature":"","_bst_post_feature_position":"","_bst_post_header":false,"_bst_post_footer":false},"pwb-brand":[883],"product_brand":[],"product_cat":[92,101],"product_tag":[947,875],"class_list":{"0":"post-14827","1":"product","2":"type-product","3":"status-publish","4":"has-post-thumbnail","6":"pwb-brand-abib","7":"product_cat-nagu","8":"product_cat-paikesekaitse","9":"product_tag-paikesekaitsepulk","10":"product_tag-spf50","12":"first","13":"outofstock","14":"sale","15":"shipping-taxable","16":"purchasable","17":"product-type-simple","18":"entry","19":"content-bg","20":"loop-entry"},"supplier_id":null,"supplier_sku":"","barcode":null,"atum_controlled":true,"out_stock_date":"2026-03-26 08:50:23","out_stock_threshold":null,"inheritable":false,"inbound_stock":0,"stock_on_hold":0,"sold_today":0,"sales_last_days":1,"out_stock_days":18,"lost_sales":56,"has_location":false,"update_date":"2026-04-14T00:05:09","atum_locations":[],"atum_stock_status":"outofstock","restock_status":false,"low_stock_amount":"","sales_update_date":"2026-04-14T00:05:09","calc_backorders":null,"yoast_head":"<!-- This site is optimized with the Yoast SEO plugin v27.2 - https:\/\/yoast.com\/product\/yoast-seo-wordpress\/ -->\n<title>Abib Quick Sunstick Protection Bar SPF50+ PA++++ - IDA.KOREA<\/title>\n<meta name=\"description\" content=\"Universaalne p\u00e4ikesekaitsepulk SPF50+ PA++++, mis kaitseb UVA- ja UVB-kiirte eest kuni 7 tundi. Sobib k\u00f5igile nahat\u00fc\u00fcpidele, ideaalne n\u00e4ole ja kehale.\" \/>\n<meta name=\"robots\" content=\"index, follow, max-snippet:-1, max-image-preview:large, max-video-preview:-1\" \/>\n<link rel=\"canonical\" href=\"https:\/\/idakorea.ee\/fi\/product\/abib-quick-sunstick-protection-bar-spf50-pa\/\" \/>\n<meta property=\"og:locale\" content=\"fi_FI\" \/>\n<meta property=\"og:type\" content=\"article\" \/>\n<meta property=\"og:title\" content=\"Abib Quick Sunstick Protection Bar SPF50+ PA++++ - IDA.KOREA\" \/>\n<meta property=\"og:description\" content=\"Universaalne p\u00e4ikesekaitsepulk SPF50+ PA++++, mis kaitseb UVA- ja UVB-kiirte eest kuni 7 tundi. Sobib k\u00f5igile nahat\u00fc\u00fcpidele, ideaalne n\u00e4ole ja kehale.\" \/>\n<meta property=\"og:url\" content=\"https:\/\/idakorea.ee\/fi\/product\/abib-quick-sunstick-protection-bar-spf50-pa\/\" \/>\n<meta property=\"og:site_name\" content=\"IDA.KOREA\" \/>\n<meta property=\"article:modified_time\" content=\"2026-03-26T06:50:23+00:00\" \/>\n<meta property=\"og:image\" content=\"https:\/\/idakorea.ee\/wp-content\/uploads\/2025\/06\/abib-quick-sunstick-protection-bar-spf50-idakorea.ee_.jpg\" \/>\n\t<meta property=\"og:image:width\" content=\"1000\" \/>\n\t<meta property=\"og:image:height\" content=\"1000\" \/>\n\t<meta property=\"og:image:type\" content=\"image\/jpeg\" \/>\n<meta name=\"twitter:card\" content=\"summary_large_image\" \/>\n<meta name=\"twitter:label1\" content=\"Arvioitu lukuaika\" \/>\n\t<meta name=\"twitter:data1\" content=\"2 minuuttia\" \/>\n<script type=\"application\/ld+json\" class=\"yoast-schema-graph\">{\"@context\":\"https:\/\/schema.org\",\"@graph\":[{\"@type\":\"WebPage\",\"@id\":\"https:\/\/idakorea.ee\/product\/abib-quick-sunstick-protection-bar-spf50-pa\/\",\"url\":\"https:\/\/idakorea.ee\/product\/abib-quick-sunstick-protection-bar-spf50-pa\/\",\"name\":\"Abib Quick Sunstick Protection Bar SPF50+ PA++++ - IDA.KOREA\",\"isPartOf\":{\"@id\":\"https:\/\/idakorea.ee\/#website\"},\"primaryImageOfPage\":{\"@id\":\"https:\/\/idakorea.ee\/product\/abib-quick-sunstick-protection-bar-spf50-pa\/#primaryimage\"},\"image\":{\"@id\":\"https:\/\/idakorea.ee\/product\/abib-quick-sunstick-protection-bar-spf50-pa\/#primaryimage\"},\"thumbnailUrl\":\"https:\/\/idakorea.ee\/wp-content\/uploads\/2025\/06\/abib-quick-sunstick-protection-bar-spf50-idakorea.ee_.jpg\",\"datePublished\":\"2025-06-25T08:33:46+00:00\",\"dateModified\":\"2026-03-26T06:50:23+00:00\",\"description\":\"Universaalne p\u00e4ikesekaitsepulk SPF50+ PA++++, mis kaitseb UVA- ja UVB-kiirte eest kuni 7 tundi. Sobib k\u00f5igile nahat\u00fc\u00fcpidele, ideaalne n\u00e4ole ja kehale.\",\"breadcrumb\":{\"@id\":\"https:\/\/idakorea.ee\/product\/abib-quick-sunstick-protection-bar-spf50-pa\/#breadcrumb\"},\"inLanguage\":\"fi\",\"potentialAction\":[{\"@type\":\"ReadAction\",\"target\":[\"https:\/\/idakorea.ee\/product\/abib-quick-sunstick-protection-bar-spf50-pa\/\"]}]},{\"@type\":\"ImageObject\",\"inLanguage\":\"fi\",\"@id\":\"https:\/\/idakorea.ee\/product\/abib-quick-sunstick-protection-bar-spf50-pa\/#primaryimage\",\"url\":\"https:\/\/idakorea.ee\/wp-content\/uploads\/2025\/06\/abib-quick-sunstick-protection-bar-spf50-idakorea.ee_.jpg\",\"contentUrl\":\"https:\/\/idakorea.ee\/wp-content\/uploads\/2025\/06\/abib-quick-sunstick-protection-bar-spf50-idakorea.ee_.jpg\",\"width\":1000,\"height\":1000},{\"@type\":\"BreadcrumbList\",\"@id\":\"https:\/\/idakorea.ee\/product\/abib-quick-sunstick-protection-bar-spf50-pa\/#breadcrumb\",\"itemListElement\":[{\"@type\":\"ListItem\",\"position\":1,\"name\":\"\u0413\u043b\u0430\u0432\u043d\u0430\u044f \u0441\u0442\u0440\u0430\u043d\u0438\u0446\u0430\",\"item\":\"https:\/\/idakorea.ee\/\"},{\"@type\":\"ListItem\",\"position\":2,\"name\":\"Shop\",\"item\":\"https:\/\/idakorea.ee\/shop-2\/\"},{\"@type\":\"ListItem\",\"position\":3,\"name\":\"Universaalne p\u00e4ikesekaitsepulk Abib Quick Sunstick Protection Bar SPF50+ PA++++\"}]},{\"@type\":\"WebSite\",\"@id\":\"https:\/\/idakorea.ee\/#website\",\"url\":\"https:\/\/idakorea.ee\/\",\"name\":\"IDA.KOREA\",\"description\":\"Korea kosmeetika e-pood\",\"publisher\":{\"@id\":\"https:\/\/idakorea.ee\/#organization\"},\"alternateName\":\"Beauty Shop\",\"potentialAction\":[{\"@type\":\"SearchAction\",\"target\":{\"@type\":\"EntryPoint\",\"urlTemplate\":\"https:\/\/idakorea.ee\/?s={search_term_string}\"},\"query-input\":{\"@type\":\"PropertyValueSpecification\",\"valueRequired\":true,\"valueName\":\"search_term_string\"}}],\"inLanguage\":\"fi\"},{\"@type\":\"Organization\",\"@id\":\"https:\/\/idakorea.ee\/#organization\",\"name\":\"IDA.KOREA\",\"url\":\"https:\/\/idakorea.ee\/\",\"logo\":{\"@type\":\"ImageObject\",\"inLanguage\":\"fi\",\"@id\":\"https:\/\/idakorea.ee\/#\/schema\/logo\/image\/\",\"url\":\"https:\/\/idakorea.ee\/wp-content\/uploads\/2024\/05\/cropped-korea3.png\",\"contentUrl\":\"https:\/\/idakorea.ee\/wp-content\/uploads\/2024\/05\/cropped-korea3.png\",\"width\":688,\"height\":126,\"caption\":\"IDA.KOREA\"},\"image\":{\"@id\":\"https:\/\/idakorea.ee\/#\/schema\/logo\/image\/\"},\"sameAs\":[\"https:\/\/www.instagram.com\/ida.korea\/\"]}]}<\/script>\n<!-- \/ Yoast SEO plugin. -->","yoast_head_json":{"title":"Abib Quick Sunstick Protection Bar SPF50+ PA++++ - IDA.KOREA","description":"Yleisk\u00e4ytt\u00f6inen aurinkosuojapuikko SPF50+ PA++++, joka suojaa UVA- ja UVB-s\u00e4teilt\u00e4 jopa 7 tuntia. Sopii kaikille ihotyypeille, ihanteellinen kasvoille ja vartalolle.","robots":{"index":"index","follow":"follow","max-snippet":"max-snippet:-1","max-image-preview":"max-image-preview:large","max-video-preview":"max-video-preview:-1"},"canonical":"https:\/\/idakorea.ee\/fi\/product\/abib-quick-sunstick-protection-bar-spf50-pa\/","og_locale":"fi_FI","og_type":"article","og_title":"Abib Quick Sunstick Protection Bar SPF50+ PA++++ - IDA.KOREA","og_description":"Universaalne p\u00e4ikesekaitsepulk SPF50+ PA++++, mis kaitseb UVA- ja UVB-kiirte eest kuni 7 tundi. Sobib k\u00f5igile nahat\u00fc\u00fcpidele, ideaalne n\u00e4ole ja kehale.","og_url":"https:\/\/idakorea.ee\/fi\/product\/abib-quick-sunstick-protection-bar-spf50-pa\/","og_site_name":"IDA.KOREA","article_modified_time":"2026-03-26T06:50:23+00:00","og_image":[{"width":1000,"height":1000,"url":"https:\/\/idakorea.ee\/wp-content\/uploads\/2025\/06\/abib-quick-sunstick-protection-bar-spf50-idakorea.ee_.jpg","type":"image\/jpeg"}],"twitter_card":"summary_large_image","twitter_misc":{"Arvioitu lukuaika":"2 minuuttia"},"schema":{"@context":"https:\/\/schema.org","@graph":[{"@type":"WebPage","@id":"https:\/\/idakorea.ee\/product\/abib-quick-sunstick-protection-bar-spf50-pa\/","url":"https:\/\/idakorea.ee\/product\/abib-quick-sunstick-protection-bar-spf50-pa\/","name":"Abib Quick Sunstick Protection Bar SPF50+ PA++++ - IDA.KOREA","isPartOf":{"@id":"https:\/\/idakorea.ee\/#website"},"primaryImageOfPage":{"@id":"https:\/\/idakorea.ee\/product\/abib-quick-sunstick-protection-bar-spf50-pa\/#primaryimage"},"image":{"@id":"https:\/\/idakorea.ee\/product\/abib-quick-sunstick-protection-bar-spf50-pa\/#primaryimage"},"thumbnailUrl":"https:\/\/idakorea.ee\/wp-content\/uploads\/2025\/06\/abib-quick-sunstick-protection-bar-spf50-idakorea.ee_.jpg","datePublished":"2025-06-25T08:33:46+00:00","dateModified":"2026-03-26T06:50:23+00:00","description":"Yleisk\u00e4ytt\u00f6inen aurinkosuojapuikko SPF50+ PA++++, joka suojaa UVA- ja UVB-s\u00e4teilt\u00e4 jopa 7 tuntia. Sopii kaikille ihotyypeille, ihanteellinen kasvoille ja vartalolle.","breadcrumb":{"@id":"https:\/\/idakorea.ee\/product\/abib-quick-sunstick-protection-bar-spf50-pa\/#breadcrumb"},"inLanguage":"fi","potentialAction":[{"@type":"ReadAction","target":["https:\/\/idakorea.ee\/product\/abib-quick-sunstick-protection-bar-spf50-pa\/"]}]},{"@type":"ImageObject","inLanguage":"fi","@id":"https:\/\/idakorea.ee\/product\/abib-quick-sunstick-protection-bar-spf50-pa\/#primaryimage","url":"https:\/\/idakorea.ee\/wp-content\/uploads\/2025\/06\/abib-quick-sunstick-protection-bar-spf50-idakorea.ee_.jpg","contentUrl":"https:\/\/idakorea.ee\/wp-content\/uploads\/2025\/06\/abib-quick-sunstick-protection-bar-spf50-idakorea.ee_.jpg","width":1000,"height":1000},{"@type":"BreadcrumbList","@id":"https:\/\/idakorea.ee\/product\/abib-quick-sunstick-protection-bar-spf50-pa\/#breadcrumb","itemListElement":[{"@type":"ListItem","position":1,"name":"\u0413\u043b\u0430\u0432\u043d\u0430\u044f \u0441\u0442\u0440\u0430\u043d\u0438\u0446\u0430","item":"https:\/\/idakorea.ee\/"},{"@type":"ListItem","position":2,"name":"Shop","item":"https:\/\/idakorea.ee\/shop-2\/"},{"@type":"ListItem","position":3,"name":"Universaalne p\u00e4ikesekaitsepulk Abib Quick Sunstick Protection Bar SPF50+ PA++++"}]},{"@type":"WebSite","@id":"https:\/\/idakorea.ee\/#website","url":"https:\/\/idakorea.ee\/","name":"IDA.KOREA","description":"Korean kosmetiikan verkkokauppa","publisher":{"@id":"https:\/\/idakorea.ee\/#organization"},"alternateName":"Beauty Shop","potentialAction":[{"@type":"SearchAction","target":{"@type":"EntryPoint","urlTemplate":"https:\/\/idakorea.ee\/?s={search_term_string}"},"query-input":{"@type":"PropertyValueSpecification","valueRequired":true,"valueName":"search_term_string"}}],"inLanguage":"fi"},{"@type":"Organization","@id":"https:\/\/idakorea.ee\/#organization","name":"IDA.KOREA","url":"https:\/\/idakorea.ee\/","logo":{"@type":"ImageObject","inLanguage":"fi","@id":"https:\/\/idakorea.ee\/#\/schema\/logo\/image\/","url":"https:\/\/idakorea.ee\/wp-content\/uploads\/2024\/05\/cropped-korea3.png","contentUrl":"https:\/\/idakorea.ee\/wp-content\/uploads\/2024\/05\/cropped-korea3.png","width":688,"height":126,"caption":"IDA.KOREA"},"image":{"@id":"https:\/\/idakorea.ee\/#\/schema\/logo\/image\/"},"sameAs":["https:\/\/www.instagram.com\/ida.korea\/"]}]}},"jetpack_sharing_enabled":true,"brands":[{"id":883,"name":"ABIB","slug":"abib"}],"_links":{"self":[{"href":"https:\/\/idakorea.ee\/fi\/wp-json\/wp\/v2\/product\/14827","targetHints":{"allow":["GET"]}}],"collection":[{"href":"https:\/\/idakorea.ee\/fi\/wp-json\/wp\/v2\/product"}],"about":[{"href":"https:\/\/idakorea.ee\/fi\/wp-json\/wp\/v2\/types\/product"}],"replies":[{"embeddable":true,"href":"https:\/\/idakorea.ee\/fi\/wp-json\/wp\/v2\/comments?post=14827"}],"version-history":[{"count":2,"href":"https:\/\/idakorea.ee\/fi\/wp-json\/wp\/v2\/product\/14827\/revisions"}],"predecessor-version":[{"id":17487,"href":"https:\/\/idakorea.ee\/fi\/wp-json\/wp\/v2\/product\/14827\/revisions\/17487"}],"wp:featuredmedia":[{"embeddable":true,"href":"https:\/\/idakorea.ee\/fi\/wp-json\/wp\/v2\/media\/14828"}],"wp:attachment":[{"href":"https:\/\/idakorea.ee\/fi\/wp-json\/wp\/v2\/media?parent=14827"}],"wp:term":[{"taxonomy":"pwb-brand","embeddable":true,"href":"https:\/\/idakorea.ee\/fi\/wp-json\/wp\/v2\/pwb-brand?post=14827"},{"taxonomy":"product_brand","embeddable":true,"href":"https:\/\/idakorea.ee\/fi\/wp-json\/wp\/v2\/product_brand?post=14827"},{"taxonomy":"product_cat","embeddable":true,"href":"https:\/\/idakorea.ee\/fi\/wp-json\/wp\/v2\/product_cat?post=14827"},{"taxonomy":"product_tag","embeddable":true,"href":"https:\/\/idakorea.ee\/fi\/wp-json\/wp\/v2\/product_tag?post=14827"}],"curies":[{"name":"wp","href":"https:\/\/api.w.org\/{rel}","templated":true}]}}