{"id":14900,"date":"2025-06-28T12:12:37","date_gmt":"2025-06-28T09:12:37","guid":{"rendered":"https:\/\/idakorea.ee\/?post_type=product&#038;p=14900"},"modified":"2026-03-04T16:58:23","modified_gmt":"2026-03-04T14:58:23","slug":"the-history-of-whoo-whoospa-essence-shampoo","status":"publish","type":"product","link":"https:\/\/idakorea.ee\/fi\/product\/the-history-of-whoo-whoospa-essence-shampoo\/","title":{"rendered":"The History of Whoo Whoospa Essence Shampoo"},"content":{"rendered":"<p><strong>The History of Whoo SPA<\/strong> on ylellinen hoitosarja tunnetulta korealaiselta tuotemerkilt\u00e4 <strong>The History of Whoo.<\/strong>Tuotemerkin tuotteet perustuvat keisarillisiin resepteihin ja sis\u00e4lt\u00e4v\u00e4t harvinaisia it\u00e4maisia rohtoja, joiden tehokkuus on vahvistettu vuosisatojen kokemuksella. N\u00e4m\u00e4 reseptit ovat per\u00e4isin muinaisista keisarillisista tutkielmista, jotka paljastivat pitk\u00e4ik\u00e4isyyden ja nuoruuden salaisuudet.<\/p>\n<p><strong>T\u00e4rkeimm\u00e4t ominaisuudet:<\/strong><\/p>\n<ul>\n<li>Vahvistaa tehokkaasti hiusjuuria<\/li>\n<li>Stimuloi p\u00e4\u00e4nahan verenkiertoa<\/li>\n<li>Palauttaa p\u00e4\u00e4nahan luonnollisen kosteus- ja \u00f6ljytasapainon<\/li>\n<li>Puhdistaa hiukset syv\u00e4lt\u00e4 kuivattamatta p\u00e4\u00e4nahkaa<\/li>\n<li>Tekee hiuksista silkkisen pehme\u00e4t ja sile\u00e4t<\/li>\n<li>Auttaa ehk\u00e4isem\u00e4\u00e4n hiustenl\u00e4ht\u00f6\u00e4 ja hilsett\u00e4<\/li>\n<li>Parantaa hiusten kuntoa n\u00e4kyv\u00e4sti jo 7 p\u00e4iv\u00e4n p\u00e4ivitt\u00e4isess\u00e4 k\u00e4yt\u00f6ss\u00e4<\/li>\n<\/ul>\n<h3 data-start=\"592\" data-end=\"641\"><\/h3>\n<p data-start=\"642\" data-end=\"880\">Tuote perustuu arvokkaisiin it\u00e4maisten l\u00e4\u00e4kekasvien uutteisiin:<br data-start=\"704\" data-end=\"707\" \/>peuransarvia, orjantappuaomenaa, merihein\u00e4n juurta, parsaa, japanilaisia kirsikankukkia, timjamia, liriopejuurta, aprikoosin siemeni\u00e4 sek\u00e4 ylellinen uutteiden yhdistelm\u00e4: kulta, helmi ja meripihka.<\/p>\n<p data-start=\"882\" data-end=\"1159\">Perinteisen kiinalaisen l\u00e4\u00e4ketieteen reseptien mukaan luotu shampoo auttaa vahvistamaan vaurioituneita hiuksia ja heikentynytt\u00e4 p\u00e4\u00e4nahkaa. Shampoo palauttaa aktiivisesti hiusrakenteen, ravitsee sit\u00e4 tyvest\u00e4 alkaen, stimuloi verenkiertoa ja auttaa ehk\u00e4isem\u00e4\u00e4n hilsett\u00e4 ja hiustenl\u00e4ht\u00f6\u00e4.<\/p>\n<p>N\u00e4m\u00e4 muinaisten kiinalaisen l\u00e4\u00e4ketieteen reseptien mukaan valitut ainesosat auttavat palauttamaan vaurioituneita hiuksia ja vahvistamaan heikentynytt\u00e4 p\u00e4\u00e4nahkaa.<\/p>\n<p>&nbsp;<\/p>\n<p>Sopii kaikille hiustyypeille.<\/p>\n<p><strong>K\u00e4ytt\u00f6:<\/strong><br \/>\nKastele hiukset l\u00e4mpim\u00e4ll\u00e4 vedell\u00e4. Levit\u00e4 pieni m\u00e4\u00e4r\u00e4 shampoota tyveen ja levit\u00e4 latvoihin. Hiero 2\u20133 minuuttia. Huuhtele huolellisesti l\u00e4mpim\u00e4ll\u00e4 vedell\u00e4. Toista tarvittaessa. Parhaan tuloksen saavuttamiseksi suositellaan k\u00e4ytt\u00f6\u00e4 Whoospa-hoitoaineen kanssa.<\/p>\n<p>&nbsp;<\/p>","protected":false},"excerpt":{"rendered":"<p>The History of Whoo SPA on ylellinen hoitosarja tunnetulta korealaiselta The History of Whoo -br\u00e4ndilt\u00e4. Br\u00e4ndin tuotteet perustuvat keisarillisiin resepteihin ja sis\u00e4lt\u00e4v\u00e4t harvinaisia it\u00e4maisia rohtoja, joiden tehokkuus on vahvistettu vuosisatojen kokemuksella. N\u00e4m\u00e4 reseptit ovat per\u00e4isin vanhoista keisarillisista tutkielmista, jotka paljastivat pitk\u00e4ik\u00e4isyyden ja nuoruuden salaisuudet. T\u00e4rkeimm\u00e4t ominaisuudet: Vahvistaa tehokkaasti hiusjuuria Stimuloi p\u00e4\u00e4nahan verenkiertoa Palauttaa p\u00e4\u00e4nahan luonnollisen\u2026<\/p>","protected":false},"featured_media":14901,"comment_status":"open","ping_status":"closed","template":"","meta":{"_uf_show_specific_survey":0,"_uf_disable_surveys":false,"_bst_post_transparent":"default","_bst_post_title":"","_bst_post_layout":"default","_bst_post_sidebar_id":"","_bst_post_content_style":"default","_bst_post_vertical_padding":"default","_bst_post_feature":"","_bst_post_feature_position":"","_bst_post_header":false,"_bst_post_footer":false},"pwb-brand":[494],"product_brand":[],"product_cat":[923],"product_tag":[],"class_list":{"0":"post-14900","1":"product","2":"type-product","3":"status-publish","4":"has-post-thumbnail","6":"pwb-brand-the-history-of-whoo","7":"product_cat-juuksed","9":"first","10":"instock","11":"sale","12":"shipping-taxable","13":"purchasable","14":"product-type-variable","15":"entry","16":"content-bg","17":"loop-entry"},"supplier_id":null,"supplier_sku":"","barcode":null,"atum_controlled":true,"out_stock_date":null,"out_stock_threshold":null,"inheritable":true,"inbound_stock":0,"stock_on_hold":0,"sold_today":0,"sales_last_days":0,"out_stock_days":0,"lost_sales":0,"has_location":false,"update_date":"2026-04-14T00:05:08","atum_locations":[],"atum_stock_status":"instock","restock_status":false,"low_stock_amount":"","sales_update_date":"2026-04-14T00:05:08","calc_backorders":null,"yoast_head":"<!-- This site is optimized with the Yoast SEO plugin v27.2 - https:\/\/yoast.com\/product\/yoast-seo-wordpress\/ -->\n<title>The History of Whoo Whoospa Essence Shampoo - IDA.KOREA<\/title>\n<meta name=\"description\" content=\"Luksuslik juuksehooldus The History of Whoo Whoospa \u0161ampooniga \u2013 idamaiste ravimtaimede ekstraktid tugevdavad juuri, taastavad juukseid ja hoiavad \u00e4ra v\u00e4ljalangemise.\" \/>\n<meta name=\"robots\" content=\"index, follow, max-snippet:-1, max-image-preview:large, max-video-preview:-1\" \/>\n<link rel=\"canonical\" href=\"https:\/\/idakorea.ee\/fi\/product\/the-history-of-whoo-whoospa-essence-shampoo\/\" \/>\n<meta property=\"og:locale\" content=\"fi_FI\" \/>\n<meta property=\"og:type\" content=\"article\" \/>\n<meta property=\"og:title\" content=\"The History of Whoo Whoospa Essence Shampoo - IDA.KOREA\" \/>\n<meta property=\"og:description\" content=\"Luksuslik juuksehooldus The History of Whoo Whoospa \u0161ampooniga \u2013 idamaiste ravimtaimede ekstraktid tugevdavad juuri, taastavad juukseid ja hoiavad \u00e4ra v\u00e4ljalangemise.\" \/>\n<meta property=\"og:url\" content=\"https:\/\/idakorea.ee\/fi\/product\/the-history-of-whoo-whoospa-essence-shampoo\/\" \/>\n<meta property=\"og:site_name\" content=\"IDA.KOREA\" \/>\n<meta property=\"article:modified_time\" content=\"2026-03-04T14:58:23+00:00\" \/>\n<meta property=\"og:image\" content=\"https:\/\/idakorea.ee\/wp-content\/uploads\/2025\/06\/the-history-of-whoo-shampoo-idakorea.ee_.jpg\" \/>\n\t<meta property=\"og:image:width\" content=\"1000\" \/>\n\t<meta property=\"og:image:height\" content=\"1000\" \/>\n\t<meta property=\"og:image:type\" content=\"image\/jpeg\" \/>\n<meta name=\"twitter:card\" content=\"summary_large_image\" \/>\n<meta name=\"twitter:label1\" content=\"Arvioitu lukuaika\" \/>\n\t<meta name=\"twitter:data1\" content=\"2 minuuttia\" \/>\n<script type=\"application\/ld+json\" class=\"yoast-schema-graph\">{\"@context\":\"https:\/\/schema.org\",\"@graph\":[{\"@type\":\"WebPage\",\"@id\":\"https:\/\/idakorea.ee\/product\/the-history-of-whoo-whoospa-essence-shampoo\/\",\"url\":\"https:\/\/idakorea.ee\/product\/the-history-of-whoo-whoospa-essence-shampoo\/\",\"name\":\"The History of Whoo Whoospa Essence Shampoo - IDA.KOREA\",\"isPartOf\":{\"@id\":\"https:\/\/idakorea.ee\/#website\"},\"primaryImageOfPage\":{\"@id\":\"https:\/\/idakorea.ee\/product\/the-history-of-whoo-whoospa-essence-shampoo\/#primaryimage\"},\"image\":{\"@id\":\"https:\/\/idakorea.ee\/product\/the-history-of-whoo-whoospa-essence-shampoo\/#primaryimage\"},\"thumbnailUrl\":\"https:\/\/idakorea.ee\/wp-content\/uploads\/2025\/06\/the-history-of-whoo-shampoo-idakorea.ee_.jpg\",\"datePublished\":\"2025-06-28T09:12:37+00:00\",\"dateModified\":\"2026-03-04T14:58:23+00:00\",\"description\":\"Luksuslik juuksehooldus The History of Whoo Whoospa \u0161ampooniga \u2013 idamaiste ravimtaimede ekstraktid tugevdavad juuri, taastavad juukseid ja hoiavad \u00e4ra v\u00e4ljalangemise.\",\"breadcrumb\":{\"@id\":\"https:\/\/idakorea.ee\/product\/the-history-of-whoo-whoospa-essence-shampoo\/#breadcrumb\"},\"inLanguage\":\"fi\",\"potentialAction\":[{\"@type\":\"ReadAction\",\"target\":[\"https:\/\/idakorea.ee\/product\/the-history-of-whoo-whoospa-essence-shampoo\/\"]}]},{\"@type\":\"ImageObject\",\"inLanguage\":\"fi\",\"@id\":\"https:\/\/idakorea.ee\/product\/the-history-of-whoo-whoospa-essence-shampoo\/#primaryimage\",\"url\":\"https:\/\/idakorea.ee\/wp-content\/uploads\/2025\/06\/the-history-of-whoo-shampoo-idakorea.ee_.jpg\",\"contentUrl\":\"https:\/\/idakorea.ee\/wp-content\/uploads\/2025\/06\/the-history-of-whoo-shampoo-idakorea.ee_.jpg\",\"width\":1000,\"height\":1000},{\"@type\":\"BreadcrumbList\",\"@id\":\"https:\/\/idakorea.ee\/product\/the-history-of-whoo-whoospa-essence-shampoo\/#breadcrumb\",\"itemListElement\":[{\"@type\":\"ListItem\",\"position\":1,\"name\":\"\u0413\u043b\u0430\u0432\u043d\u0430\u044f \u0441\u0442\u0440\u0430\u043d\u0438\u0446\u0430\",\"item\":\"https:\/\/idakorea.ee\/\"},{\"@type\":\"ListItem\",\"position\":2,\"name\":\"Shop\",\"item\":\"https:\/\/idakorea.ee\/shop-2\/\"},{\"@type\":\"ListItem\",\"position\":3,\"name\":\"Idamaistest ravimtaimedest \u0161ampoon juustele The History of Whoo Whoospa Essence Shampoo\"}]},{\"@type\":\"WebSite\",\"@id\":\"https:\/\/idakorea.ee\/#website\",\"url\":\"https:\/\/idakorea.ee\/\",\"name\":\"IDA.KOREA\",\"description\":\"Korea kosmeetika e-pood\",\"publisher\":{\"@id\":\"https:\/\/idakorea.ee\/#organization\"},\"alternateName\":\"Beauty Shop\",\"potentialAction\":[{\"@type\":\"SearchAction\",\"target\":{\"@type\":\"EntryPoint\",\"urlTemplate\":\"https:\/\/idakorea.ee\/?s={search_term_string}\"},\"query-input\":{\"@type\":\"PropertyValueSpecification\",\"valueRequired\":true,\"valueName\":\"search_term_string\"}}],\"inLanguage\":\"fi\"},{\"@type\":\"Organization\",\"@id\":\"https:\/\/idakorea.ee\/#organization\",\"name\":\"IDA.KOREA\",\"url\":\"https:\/\/idakorea.ee\/\",\"logo\":{\"@type\":\"ImageObject\",\"inLanguage\":\"fi\",\"@id\":\"https:\/\/idakorea.ee\/#\/schema\/logo\/image\/\",\"url\":\"https:\/\/idakorea.ee\/wp-content\/uploads\/2024\/05\/cropped-korea3.png\",\"contentUrl\":\"https:\/\/idakorea.ee\/wp-content\/uploads\/2024\/05\/cropped-korea3.png\",\"width\":688,\"height\":126,\"caption\":\"IDA.KOREA\"},\"image\":{\"@id\":\"https:\/\/idakorea.ee\/#\/schema\/logo\/image\/\"},\"sameAs\":[\"https:\/\/www.instagram.com\/ida.korea\/\"]}]}<\/script>\n<!-- \/ Yoast SEO plugin. -->","yoast_head_json":{"title":"Whoo Whoospa Essence -shampoon historia - IDA.KOREA","description":"Ylellist\u00e4 hiustenhoitoa The History of Whoo Whoospa -shampoolla \u2013 it\u00e4maisten l\u00e4\u00e4keyrttien uutteet vahvistavat hiusjuuria, elvytt\u00e4v\u00e4t hiuksia ja ehk\u00e4isev\u00e4t hiustenl\u00e4ht\u00f6\u00e4.","robots":{"index":"index","follow":"follow","max-snippet":"max-snippet:-1","max-image-preview":"max-image-preview:large","max-video-preview":"max-video-preview:-1"},"canonical":"https:\/\/idakorea.ee\/fi\/product\/the-history-of-whoo-whoospa-essence-shampoo\/","og_locale":"fi_FI","og_type":"article","og_title":"The History of Whoo Whoospa Essence Shampoo - IDA.KOREA","og_description":"Luksuslik juuksehooldus The History of Whoo Whoospa \u0161ampooniga \u2013 idamaiste ravimtaimede ekstraktid tugevdavad juuri, taastavad juukseid ja hoiavad \u00e4ra v\u00e4ljalangemise.","og_url":"https:\/\/idakorea.ee\/fi\/product\/the-history-of-whoo-whoospa-essence-shampoo\/","og_site_name":"IDA.KOREA","article_modified_time":"2026-03-04T14:58:23+00:00","og_image":[{"width":1000,"height":1000,"url":"https:\/\/idakorea.ee\/wp-content\/uploads\/2025\/06\/the-history-of-whoo-shampoo-idakorea.ee_.jpg","type":"image\/jpeg"}],"twitter_card":"summary_large_image","twitter_misc":{"Arvioitu lukuaika":"2 minuuttia"},"schema":{"@context":"https:\/\/schema.org","@graph":[{"@type":"WebPage","@id":"https:\/\/idakorea.ee\/product\/the-history-of-whoo-whoospa-essence-shampoo\/","url":"https:\/\/idakorea.ee\/product\/the-history-of-whoo-whoospa-essence-shampoo\/","name":"Whoo Whoospa Essence -shampoon historia - IDA.KOREA","isPartOf":{"@id":"https:\/\/idakorea.ee\/#website"},"primaryImageOfPage":{"@id":"https:\/\/idakorea.ee\/product\/the-history-of-whoo-whoospa-essence-shampoo\/#primaryimage"},"image":{"@id":"https:\/\/idakorea.ee\/product\/the-history-of-whoo-whoospa-essence-shampoo\/#primaryimage"},"thumbnailUrl":"https:\/\/idakorea.ee\/wp-content\/uploads\/2025\/06\/the-history-of-whoo-shampoo-idakorea.ee_.jpg","datePublished":"2025-06-28T09:12:37+00:00","dateModified":"2026-03-04T14:58:23+00:00","description":"Ylellist\u00e4 hiustenhoitoa The History of Whoo Whoospa -shampoolla \u2013 it\u00e4maisten l\u00e4\u00e4keyrttien uutteet vahvistavat hiusjuuria, elvytt\u00e4v\u00e4t hiuksia ja ehk\u00e4isev\u00e4t hiustenl\u00e4ht\u00f6\u00e4.","breadcrumb":{"@id":"https:\/\/idakorea.ee\/product\/the-history-of-whoo-whoospa-essence-shampoo\/#breadcrumb"},"inLanguage":"fi","potentialAction":[{"@type":"ReadAction","target":["https:\/\/idakorea.ee\/product\/the-history-of-whoo-whoospa-essence-shampoo\/"]}]},{"@type":"ImageObject","inLanguage":"fi","@id":"https:\/\/idakorea.ee\/product\/the-history-of-whoo-whoospa-essence-shampoo\/#primaryimage","url":"https:\/\/idakorea.ee\/wp-content\/uploads\/2025\/06\/the-history-of-whoo-shampoo-idakorea.ee_.jpg","contentUrl":"https:\/\/idakorea.ee\/wp-content\/uploads\/2025\/06\/the-history-of-whoo-shampoo-idakorea.ee_.jpg","width":1000,"height":1000},{"@type":"BreadcrumbList","@id":"https:\/\/idakorea.ee\/product\/the-history-of-whoo-whoospa-essence-shampoo\/#breadcrumb","itemListElement":[{"@type":"ListItem","position":1,"name":"\u0413\u043b\u0430\u0432\u043d\u0430\u044f \u0441\u0442\u0440\u0430\u043d\u0438\u0446\u0430","item":"https:\/\/idakorea.ee\/"},{"@type":"ListItem","position":2,"name":"Shop","item":"https:\/\/idakorea.ee\/shop-2\/"},{"@type":"ListItem","position":3,"name":"Idamaistest ravimtaimedest \u0161ampoon juustele The History of Whoo Whoospa Essence Shampoo"}]},{"@type":"WebSite","@id":"https:\/\/idakorea.ee\/#website","url":"https:\/\/idakorea.ee\/","name":"IDA.KOREA","description":"Korean kosmetiikan verkkokauppa","publisher":{"@id":"https:\/\/idakorea.ee\/#organization"},"alternateName":"Beauty Shop","potentialAction":[{"@type":"SearchAction","target":{"@type":"EntryPoint","urlTemplate":"https:\/\/idakorea.ee\/?s={search_term_string}"},"query-input":{"@type":"PropertyValueSpecification","valueRequired":true,"valueName":"search_term_string"}}],"inLanguage":"fi"},{"@type":"Organization","@id":"https:\/\/idakorea.ee\/#organization","name":"IDA.KOREA","url":"https:\/\/idakorea.ee\/","logo":{"@type":"ImageObject","inLanguage":"fi","@id":"https:\/\/idakorea.ee\/#\/schema\/logo\/image\/","url":"https:\/\/idakorea.ee\/wp-content\/uploads\/2024\/05\/cropped-korea3.png","contentUrl":"https:\/\/idakorea.ee\/wp-content\/uploads\/2024\/05\/cropped-korea3.png","width":688,"height":126,"caption":"IDA.KOREA"},"image":{"@id":"https:\/\/idakorea.ee\/#\/schema\/logo\/image\/"},"sameAs":["https:\/\/www.instagram.com\/ida.korea\/"]}]}},"jetpack_sharing_enabled":true,"brands":[{"id":494,"name":"WHOON HISTORIA","slug":"the-history-of-whoo"}],"_links":{"self":[{"href":"https:\/\/idakorea.ee\/fi\/wp-json\/wp\/v2\/product\/14900","targetHints":{"allow":["GET"]}}],"collection":[{"href":"https:\/\/idakorea.ee\/fi\/wp-json\/wp\/v2\/product"}],"about":[{"href":"https:\/\/idakorea.ee\/fi\/wp-json\/wp\/v2\/types\/product"}],"replies":[{"embeddable":true,"href":"https:\/\/idakorea.ee\/fi\/wp-json\/wp\/v2\/comments?post=14900"}],"version-history":[{"count":3,"href":"https:\/\/idakorea.ee\/fi\/wp-json\/wp\/v2\/product\/14900\/revisions"}],"predecessor-version":[{"id":14908,"href":"https:\/\/idakorea.ee\/fi\/wp-json\/wp\/v2\/product\/14900\/revisions\/14908"}],"wp:featuredmedia":[{"embeddable":true,"href":"https:\/\/idakorea.ee\/fi\/wp-json\/wp\/v2\/media\/14901"}],"wp:attachment":[{"href":"https:\/\/idakorea.ee\/fi\/wp-json\/wp\/v2\/media?parent=14900"}],"wp:term":[{"taxonomy":"pwb-brand","embeddable":true,"href":"https:\/\/idakorea.ee\/fi\/wp-json\/wp\/v2\/pwb-brand?post=14900"},{"taxonomy":"product_brand","embeddable":true,"href":"https:\/\/idakorea.ee\/fi\/wp-json\/wp\/v2\/product_brand?post=14900"},{"taxonomy":"product_cat","embeddable":true,"href":"https:\/\/idakorea.ee\/fi\/wp-json\/wp\/v2\/product_cat?post=14900"},{"taxonomy":"product_tag","embeddable":true,"href":"https:\/\/idakorea.ee\/fi\/wp-json\/wp\/v2\/product_tag?post=14900"}],"curies":[{"name":"wp","href":"https:\/\/api.w.org\/{rel}","templated":true}]}}