{"id":14906,"date":"2025-06-28T12:31:42","date_gmt":"2025-06-28T09:31:42","guid":{"rendered":"https:\/\/idakorea.ee\/?post_type=product&#038;p=14906"},"modified":"2026-03-04T16:58:23","modified_gmt":"2026-03-04T14:58:23","slug":"the-history-of-whoo-whoospa-essence-rinse","status":"publish","type":"product","link":"https:\/\/idakorea.ee\/fi\/product\/the-history-of-whoo-whoospa-essence-rinse\/","title":{"rendered":"The History of Whoo Whoospa Essence Rinse"},"content":{"rendered":"<p data-start=\"85\" data-end=\"528\"><strong data-start=\"85\" data-end=\"112\">The History of Whoo SPA<\/strong> on korealainen luksusmerkki <strong>The History of Whoo.<\/strong> sarja. Tuotemerkki valmistaa niin kutsuttua it\u00e4maista kosmetiikkaa. T\u00e4m\u00e4n tuotemerkin koostumukset perustuvat kuninkaallisten perheiden muinaisiin resepteihin ja sis\u00e4lt\u00e4v\u00e4t suuren m\u00e4\u00e4r\u00e4n parantavia kasviuutteita, joiden tehokkuus on todistettu vuosisatojen ajan. T\u00e4m\u00e4n sarjan tuotteet on kehitetty muinaisten tutkielmien pohjalta, joista keisarilliset perheet ammensivat pitk\u00e4n nuoruuden ja terveyden salaisuudet.<\/p>\n<p data-start=\"530\" data-end=\"572\"><strong data-start=\"530\" data-end=\"572\">Hiustenhoitotuotteiden p\u00e4\u00e4toiminnot:<\/strong><\/p>\n<ul data-start=\"573\" data-end=\"965\">\n<li data-start=\"573\" data-end=\"613\">\n<p data-start=\"575\" data-end=\"613\">vahvistaa intensiivisesti hiusjuuria<\/p>\n<\/li>\n<li data-start=\"614\" data-end=\"650\">\n<p data-start=\"616\" data-end=\"650\">stimuloi p\u00e4\u00e4nahan verenkiertoa<\/p>\n<\/li>\n<li data-start=\"651\" data-end=\"708\">\n<p data-start=\"653\" data-end=\"708\">palauttaa p\u00e4\u00e4nahan luonnollisen \u00f6ljy- ja kosteustasapainon<\/p>\n<\/li>\n<li data-start=\"709\" data-end=\"768\">\n<p data-start=\"711\" data-end=\"768\">korkealaatuinen hiustenpuhdistus, joka ei kuivata p\u00e4\u00e4nahkaa<\/p>\n<\/li>\n<li data-start=\"769\" data-end=\"799\">\n<p data-start=\"771\" data-end=\"799\">antaa hiuksille silkkisen kimmoisuuden<\/p>\n<\/li>\n<li data-start=\"800\" data-end=\"874\">\n<p data-start=\"802\" data-end=\"874\">T\u00e4m\u00e4 shampoo auttaa my\u00f6s ehk\u00e4isem\u00e4\u00e4n hiustenl\u00e4ht\u00f6\u00e4 ja hilsett\u00e4.<\/p>\n<\/li>\n<li data-start=\"875\" data-end=\"965\">\n<p data-start=\"877\" data-end=\"965\">hiusten kunnon huomattava parannus seitsem\u00e4n p\u00e4iv\u00e4n p\u00e4ivitt\u00e4isen k\u00e4yt\u00f6n j\u00e4lkeen<\/p>\n<\/li>\n<\/ul>\n<p data-start=\"967\" data-end=\"1393\">Palauttava hiustenhoitoaine p\u00e4ivitt\u00e4iseen k\u00e4ytt\u00f6\u00f6n \u2013 ravitsee, kosteuttaa tehokkaasti, palauttaa hiusten rakenteen, silkkisyyden ja luonnollisen kiillon, auttaa ehk\u00e4isem\u00e4\u00e4n hilsett\u00e4. P\u00e4ivitt\u00e4iseen hoitoon tarkoitettu kylpyl\u00e4hoitoaine sis\u00e4lt\u00e4\u00e4 it\u00e4maisten rohtokasvien uutteita: ginseng-uutetta, ankeriasvahaa, helmijauhetta, kultaa, peuransarviuutetta jne. Suositellaan p\u00e4ivitt\u00e4iseen k\u00e4ytt\u00f6\u00f6n. Tehon tehostamiseksi on suositeltavaa k\u00e4ytt\u00e4\u00e4 saman sarjan shampoota.<\/p>\n<p data-start=\"1395\" data-end=\"1431\">Sopii kaikille hiustyypeille.<\/p>\n<p data-start=\"1433\" data-end=\"1548\"><strong data-start=\"1433\" data-end=\"1449\">K\u00e4ytt\u00f6ohjeet:<\/strong><br data-start=\"1449\" data-end=\"1452\" \/>K\u00e4yt\u00e4 hoitoainetta shampoopesun j\u00e4lkeen. Anna vaikuttaa 5\u201310 minuuttia ja huuhtele sitten l\u00e4mpim\u00e4ll\u00e4 vedell\u00e4.<\/p>","protected":false},"excerpt":{"rendered":"<p>The History of Whoo SPA on korealaisen luksusbr\u00e4ndin The History of Whoo -tuotelinja. Merkki valmistaa niin kutsuttua it\u00e4maista kosmetiikkaa. Merkin koostumukset perustuvat kuninkaallisten perheiden muinaisiin resepteihin ja sis\u00e4lt\u00e4v\u00e4t runsaasti parantavia kasviuutteita, joiden tehokkuus on todistettu vuosisatojen ajan. T\u00e4m\u00e4n sarjan tuotteet on kehitetty muinaisten tutkielmien pohjalta, joista keisarilliset perheet ammensivat pitk\u00e4n nuoruuden ja terveyden salaisuudet...<\/p>","protected":false},"featured_media":14910,"comment_status":"open","ping_status":"closed","template":"","meta":{"_uf_show_specific_survey":0,"_uf_disable_surveys":false,"_bst_post_transparent":"default","_bst_post_title":"","_bst_post_layout":"default","_bst_post_sidebar_id":"","_bst_post_content_style":"default","_bst_post_vertical_padding":"default","_bst_post_feature":"","_bst_post_feature_position":"","_bst_post_header":false,"_bst_post_footer":false},"pwb-brand":[494],"product_brand":[],"product_cat":[923],"product_tag":[554,751],"class_list":{"0":"post-14906","1":"product","2":"type-product","3":"status-publish","4":"has-post-thumbnail","6":"pwb-brand-the-history-of-whoo","7":"product_cat-juuksed","8":"product_tag-lux","9":"product_tag-whoo","11":"first","12":"instock","13":"sale","14":"shipping-taxable","15":"purchasable","16":"product-type-variable","17":"entry","18":"content-bg","19":"loop-entry"},"supplier_id":null,"supplier_sku":"","barcode":null,"atum_controlled":true,"out_stock_date":null,"out_stock_threshold":null,"inheritable":true,"inbound_stock":0,"stock_on_hold":0,"sold_today":0,"sales_last_days":0,"out_stock_days":0,"lost_sales":0,"has_location":false,"update_date":"2026-04-14T00:05:09","atum_locations":[],"atum_stock_status":"instock","restock_status":false,"low_stock_amount":"","sales_update_date":"2026-04-14T00:05:09","calc_backorders":null,"yoast_head":"<!-- This site is optimized with the Yoast SEO plugin v27.2 - https:\/\/yoast.com\/product\/yoast-seo-wordpress\/ -->\n<title>The History of Whoo Whoospa Essence Rinse - IDA.KOREA<\/title>\n<meta name=\"description\" content=\"Idamaine taastav juuksepalsam Whoospa niisutab ja tugevdab juukseid, muudab need siidiseks ja s\u00e4ravaks. Sisaldab ravimtaimede ekstrakte. - Kiire tarne!\" \/>\n<meta name=\"robots\" content=\"index, follow, max-snippet:-1, max-image-preview:large, max-video-preview:-1\" \/>\n<link rel=\"canonical\" href=\"https:\/\/idakorea.ee\/fi\/product\/the-history-of-whoo-whoospa-essence-rinse\/\" \/>\n<meta property=\"og:locale\" content=\"fi_FI\" \/>\n<meta property=\"og:type\" content=\"article\" \/>\n<meta property=\"og:title\" content=\"The History of Whoo Whoospa Essence Rinse - IDA.KOREA\" \/>\n<meta property=\"og:description\" content=\"Idamaine taastav juuksepalsam Whoospa niisutab ja tugevdab juukseid, muudab need siidiseks ja s\u00e4ravaks. Sisaldab ravimtaimede ekstrakte. - Kiire tarne!\" \/>\n<meta property=\"og:url\" content=\"https:\/\/idakorea.ee\/fi\/product\/the-history-of-whoo-whoospa-essence-rinse\/\" \/>\n<meta property=\"og:site_name\" content=\"IDA.KOREA\" \/>\n<meta property=\"article:modified_time\" content=\"2026-03-04T14:58:23+00:00\" \/>\n<meta property=\"og:image\" content=\"https:\/\/idakorea.ee\/wp-content\/uploads\/2025\/06\/whoospa-rinse-idakorea.png\" \/>\n\t<meta property=\"og:image:width\" content=\"500\" \/>\n\t<meta property=\"og:image:height\" content=\"500\" \/>\n\t<meta property=\"og:image:type\" content=\"image\/png\" \/>\n<meta name=\"twitter:card\" content=\"summary_large_image\" \/>\n<meta name=\"twitter:label1\" content=\"Arvioitu lukuaika\" \/>\n\t<meta name=\"twitter:data1\" content=\"1 minuutti\" \/>\n<script type=\"application\/ld+json\" class=\"yoast-schema-graph\">{\"@context\":\"https:\/\/schema.org\",\"@graph\":[{\"@type\":\"WebPage\",\"@id\":\"https:\/\/idakorea.ee\/product\/the-history-of-whoo-whoospa-essence-rinse\/\",\"url\":\"https:\/\/idakorea.ee\/product\/the-history-of-whoo-whoospa-essence-rinse\/\",\"name\":\"The History of Whoo Whoospa Essence Rinse - IDA.KOREA\",\"isPartOf\":{\"@id\":\"https:\/\/idakorea.ee\/#website\"},\"primaryImageOfPage\":{\"@id\":\"https:\/\/idakorea.ee\/product\/the-history-of-whoo-whoospa-essence-rinse\/#primaryimage\"},\"image\":{\"@id\":\"https:\/\/idakorea.ee\/product\/the-history-of-whoo-whoospa-essence-rinse\/#primaryimage\"},\"thumbnailUrl\":\"https:\/\/idakorea.ee\/wp-content\/uploads\/2025\/06\/whoospa-rinse-idakorea.png\",\"datePublished\":\"2025-06-28T09:31:42+00:00\",\"dateModified\":\"2026-03-04T14:58:23+00:00\",\"description\":\"Idamaine taastav juuksepalsam Whoospa niisutab ja tugevdab juukseid, muudab need siidiseks ja s\u00e4ravaks. Sisaldab ravimtaimede ekstrakte. - Kiire tarne!\",\"breadcrumb\":{\"@id\":\"https:\/\/idakorea.ee\/product\/the-history-of-whoo-whoospa-essence-rinse\/#breadcrumb\"},\"inLanguage\":\"fi\",\"potentialAction\":[{\"@type\":\"ReadAction\",\"target\":[\"https:\/\/idakorea.ee\/product\/the-history-of-whoo-whoospa-essence-rinse\/\"]}]},{\"@type\":\"ImageObject\",\"inLanguage\":\"fi\",\"@id\":\"https:\/\/idakorea.ee\/product\/the-history-of-whoo-whoospa-essence-rinse\/#primaryimage\",\"url\":\"https:\/\/idakorea.ee\/wp-content\/uploads\/2025\/06\/whoospa-rinse-idakorea.png\",\"contentUrl\":\"https:\/\/idakorea.ee\/wp-content\/uploads\/2025\/06\/whoospa-rinse-idakorea.png\",\"width\":500,\"height\":500},{\"@type\":\"BreadcrumbList\",\"@id\":\"https:\/\/idakorea.ee\/product\/the-history-of-whoo-whoospa-essence-rinse\/#breadcrumb\",\"itemListElement\":[{\"@type\":\"ListItem\",\"position\":1,\"name\":\"\u0413\u043b\u0430\u0432\u043d\u0430\u044f \u0441\u0442\u0440\u0430\u043d\u0438\u0446\u0430\",\"item\":\"https:\/\/idakorea.ee\/\"},{\"@type\":\"ListItem\",\"position\":2,\"name\":\"Shop\",\"item\":\"https:\/\/idakorea.ee\/shop-2\/\"},{\"@type\":\"ListItem\",\"position\":3,\"name\":\"Idamaistest ravimtaimedest taastav juuksepalsam The History of Whoo Whoospa Essence Rinse\"}]},{\"@type\":\"WebSite\",\"@id\":\"https:\/\/idakorea.ee\/#website\",\"url\":\"https:\/\/idakorea.ee\/\",\"name\":\"IDA.KOREA\",\"description\":\"Korea kosmeetika e-pood\",\"publisher\":{\"@id\":\"https:\/\/idakorea.ee\/#organization\"},\"alternateName\":\"Beauty Shop\",\"potentialAction\":[{\"@type\":\"SearchAction\",\"target\":{\"@type\":\"EntryPoint\",\"urlTemplate\":\"https:\/\/idakorea.ee\/?s={search_term_string}\"},\"query-input\":{\"@type\":\"PropertyValueSpecification\",\"valueRequired\":true,\"valueName\":\"search_term_string\"}}],\"inLanguage\":\"fi\"},{\"@type\":\"Organization\",\"@id\":\"https:\/\/idakorea.ee\/#organization\",\"name\":\"IDA.KOREA\",\"url\":\"https:\/\/idakorea.ee\/\",\"logo\":{\"@type\":\"ImageObject\",\"inLanguage\":\"fi\",\"@id\":\"https:\/\/idakorea.ee\/#\/schema\/logo\/image\/\",\"url\":\"https:\/\/idakorea.ee\/wp-content\/uploads\/2024\/05\/cropped-korea3.png\",\"contentUrl\":\"https:\/\/idakorea.ee\/wp-content\/uploads\/2024\/05\/cropped-korea3.png\",\"width\":688,\"height\":126,\"caption\":\"IDA.KOREA\"},\"image\":{\"@id\":\"https:\/\/idakorea.ee\/#\/schema\/logo\/image\/\"},\"sameAs\":[\"https:\/\/www.instagram.com\/ida.korea\/\"]}]}<\/script>\n<!-- \/ Yoast SEO plugin. -->","yoast_head_json":{"title":"Whoo Whoospa Essence Rinse -huuhteen historia - IDA.KOREA","description":"It\u00e4mainen palauttava hiustenhoitoaine Whoospa kosteuttaa ja vahvistaa hiuksia, tekee niist\u00e4 silkkiset ja kiilt\u00e4v\u00e4t. Sis\u00e4lt\u00e4\u00e4 yrttiuutteita. - Nopea toimitus!","robots":{"index":"index","follow":"follow","max-snippet":"max-snippet:-1","max-image-preview":"max-image-preview:large","max-video-preview":"max-video-preview:-1"},"canonical":"https:\/\/idakorea.ee\/fi\/product\/the-history-of-whoo-whoospa-essence-rinse\/","og_locale":"fi_FI","og_type":"article","og_title":"The History of Whoo Whoospa Essence Rinse - IDA.KOREA","og_description":"Idamaine taastav juuksepalsam Whoospa niisutab ja tugevdab juukseid, muudab need siidiseks ja s\u00e4ravaks. Sisaldab ravimtaimede ekstrakte. - Kiire tarne!","og_url":"https:\/\/idakorea.ee\/fi\/product\/the-history-of-whoo-whoospa-essence-rinse\/","og_site_name":"IDA.KOREA","article_modified_time":"2026-03-04T14:58:23+00:00","og_image":[{"width":500,"height":500,"url":"https:\/\/idakorea.ee\/wp-content\/uploads\/2025\/06\/whoospa-rinse-idakorea.png","type":"image\/png"}],"twitter_card":"summary_large_image","twitter_misc":{"Arvioitu lukuaika":"1 minuutti"},"schema":{"@context":"https:\/\/schema.org","@graph":[{"@type":"WebPage","@id":"https:\/\/idakorea.ee\/product\/the-history-of-whoo-whoospa-essence-rinse\/","url":"https:\/\/idakorea.ee\/product\/the-history-of-whoo-whoospa-essence-rinse\/","name":"Whoo Whoospa Essence Rinse -huuhteen historia - IDA.KOREA","isPartOf":{"@id":"https:\/\/idakorea.ee\/#website"},"primaryImageOfPage":{"@id":"https:\/\/idakorea.ee\/product\/the-history-of-whoo-whoospa-essence-rinse\/#primaryimage"},"image":{"@id":"https:\/\/idakorea.ee\/product\/the-history-of-whoo-whoospa-essence-rinse\/#primaryimage"},"thumbnailUrl":"https:\/\/idakorea.ee\/wp-content\/uploads\/2025\/06\/whoospa-rinse-idakorea.png","datePublished":"2025-06-28T09:31:42+00:00","dateModified":"2026-03-04T14:58:23+00:00","description":"It\u00e4mainen palauttava hiustenhoitoaine Whoospa kosteuttaa ja vahvistaa hiuksia, tekee niist\u00e4 silkkiset ja kiilt\u00e4v\u00e4t. Sis\u00e4lt\u00e4\u00e4 yrttiuutteita. - Nopea toimitus!","breadcrumb":{"@id":"https:\/\/idakorea.ee\/product\/the-history-of-whoo-whoospa-essence-rinse\/#breadcrumb"},"inLanguage":"fi","potentialAction":[{"@type":"ReadAction","target":["https:\/\/idakorea.ee\/product\/the-history-of-whoo-whoospa-essence-rinse\/"]}]},{"@type":"ImageObject","inLanguage":"fi","@id":"https:\/\/idakorea.ee\/product\/the-history-of-whoo-whoospa-essence-rinse\/#primaryimage","url":"https:\/\/idakorea.ee\/wp-content\/uploads\/2025\/06\/whoospa-rinse-idakorea.png","contentUrl":"https:\/\/idakorea.ee\/wp-content\/uploads\/2025\/06\/whoospa-rinse-idakorea.png","width":500,"height":500},{"@type":"BreadcrumbList","@id":"https:\/\/idakorea.ee\/product\/the-history-of-whoo-whoospa-essence-rinse\/#breadcrumb","itemListElement":[{"@type":"ListItem","position":1,"name":"\u0413\u043b\u0430\u0432\u043d\u0430\u044f \u0441\u0442\u0440\u0430\u043d\u0438\u0446\u0430","item":"https:\/\/idakorea.ee\/"},{"@type":"ListItem","position":2,"name":"Shop","item":"https:\/\/idakorea.ee\/shop-2\/"},{"@type":"ListItem","position":3,"name":"Idamaistest ravimtaimedest taastav juuksepalsam The History of Whoo Whoospa Essence Rinse"}]},{"@type":"WebSite","@id":"https:\/\/idakorea.ee\/#website","url":"https:\/\/idakorea.ee\/","name":"IDA.KOREA","description":"Korean kosmetiikan verkkokauppa","publisher":{"@id":"https:\/\/idakorea.ee\/#organization"},"alternateName":"Beauty Shop","potentialAction":[{"@type":"SearchAction","target":{"@type":"EntryPoint","urlTemplate":"https:\/\/idakorea.ee\/?s={search_term_string}"},"query-input":{"@type":"PropertyValueSpecification","valueRequired":true,"valueName":"search_term_string"}}],"inLanguage":"fi"},{"@type":"Organization","@id":"https:\/\/idakorea.ee\/#organization","name":"IDA.KOREA","url":"https:\/\/idakorea.ee\/","logo":{"@type":"ImageObject","inLanguage":"fi","@id":"https:\/\/idakorea.ee\/#\/schema\/logo\/image\/","url":"https:\/\/idakorea.ee\/wp-content\/uploads\/2024\/05\/cropped-korea3.png","contentUrl":"https:\/\/idakorea.ee\/wp-content\/uploads\/2024\/05\/cropped-korea3.png","width":688,"height":126,"caption":"IDA.KOREA"},"image":{"@id":"https:\/\/idakorea.ee\/#\/schema\/logo\/image\/"},"sameAs":["https:\/\/www.instagram.com\/ida.korea\/"]}]}},"jetpack_sharing_enabled":true,"brands":[{"id":494,"name":"WHOON HISTORIA","slug":"the-history-of-whoo"}],"_links":{"self":[{"href":"https:\/\/idakorea.ee\/fi\/wp-json\/wp\/v2\/product\/14906","targetHints":{"allow":["GET"]}}],"collection":[{"href":"https:\/\/idakorea.ee\/fi\/wp-json\/wp\/v2\/product"}],"about":[{"href":"https:\/\/idakorea.ee\/fi\/wp-json\/wp\/v2\/types\/product"}],"replies":[{"embeddable":true,"href":"https:\/\/idakorea.ee\/fi\/wp-json\/wp\/v2\/comments?post=14906"}],"version-history":[{"count":2,"href":"https:\/\/idakorea.ee\/fi\/wp-json\/wp\/v2\/product\/14906\/revisions"}],"predecessor-version":[{"id":15011,"href":"https:\/\/idakorea.ee\/fi\/wp-json\/wp\/v2\/product\/14906\/revisions\/15011"}],"wp:featuredmedia":[{"embeddable":true,"href":"https:\/\/idakorea.ee\/fi\/wp-json\/wp\/v2\/media\/14910"}],"wp:attachment":[{"href":"https:\/\/idakorea.ee\/fi\/wp-json\/wp\/v2\/media?parent=14906"}],"wp:term":[{"taxonomy":"pwb-brand","embeddable":true,"href":"https:\/\/idakorea.ee\/fi\/wp-json\/wp\/v2\/pwb-brand?post=14906"},{"taxonomy":"product_brand","embeddable":true,"href":"https:\/\/idakorea.ee\/fi\/wp-json\/wp\/v2\/product_brand?post=14906"},{"taxonomy":"product_cat","embeddable":true,"href":"https:\/\/idakorea.ee\/fi\/wp-json\/wp\/v2\/product_cat?post=14906"},{"taxonomy":"product_tag","embeddable":true,"href":"https:\/\/idakorea.ee\/fi\/wp-json\/wp\/v2\/product_tag?post=14906"}],"curies":[{"name":"wp","href":"https:\/\/api.w.org\/{rel}","templated":true}]}}