{"id":14933,"date":"2025-06-29T14:05:50","date_gmt":"2025-06-29T11:05:50","guid":{"rendered":"https:\/\/idakorea.ee\/?post_type=product&#038;p=14933"},"modified":"2026-04-05T13:49:54","modified_gmt":"2026-04-05T11:49:54","slug":"round-lab-birch-juice-moisturizing-sun-stick-spf50-pa-19g","status":"publish","type":"product","link":"https:\/\/idakorea.ee\/fi\/product\/round-lab-birch-juice-moisturizing-sun-stick-spf50-pa-19g\/","title":{"rendered":"Round Lab Birch Juice Moisturizing Sun Stick SPF50+ PA++++, 19g"},"content":{"rendered":"<p data-start=\"120\" data-end=\"402\"><strong data-start=\"120\" data-end=\"182\">Round Lab Birch Juice Moisturizing Sun Stick SPF50+ PA++++<\/strong> on herk\u00e4lle iholle sopiva aurinkovoide. Kosteuttaa, pehment\u00e4\u00e4 ja suojaa luotettavasti UVA- ja UVB-s\u00e4teilt\u00e4 ehk\u00e4isten palovammoja, pigmenttil\u00e4iski\u00e4 ja valon aiheuttamaa ik\u00e4\u00e4ntymist\u00e4. Auttaa yll\u00e4pit\u00e4m\u00e4\u00e4n ihon kimmoisuutta ja sileytt\u00e4.<\/p>\n<p data-start=\"404\" data-end=\"597\">Tuote viilent\u00e4\u00e4 ja raikastaa miellytt\u00e4v\u00e4sti, rauhoittaen ihoa auringonoton j\u00e4lkeen. Kompakti koko sopii t\u00e4ydellisesti suojakerroksen uudistamiseen p\u00e4iv\u00e4n aikana - puikko mahtuu mukavasti k\u00e4silaukkuun.<\/p>\n<p data-start=\"599\" data-end=\"717\">Kevyt koostumus ei j\u00e4t\u00e4 tahmeaa kerrosta eik\u00e4 tee ihosta raskaan tuntuista edes kerroksittain levitettyn\u00e4. Se sopii my\u00f6s k\u00e4ytett\u00e4v\u00e4ksi meikin alla.<\/p>\n<p data-start=\"719\" data-end=\"950\">Koostumuksen koivunmahla on per\u00e4isin Etel\u00e4-Korean ekologisesti puhtaalta Injen alueelta. Se on t\u00e4ynn\u00e4 mineraaleja, vitamiineja ja aminohappoja, jotka kosteuttavat ja ravitsevat ihoa syv\u00e4lt\u00e4 sek\u00e4 suojaavat kuivumiselta ja hilseilylt\u00e4.<\/p>\n<p data-start=\"952\" data-end=\"1060\">Sis\u00e4lt\u00e4\u00e4 uuden sukupolven fotostabiileja UV-suodattimia, jotka eiv\u00e4t vaadi vaihtoa jopa 8 tuntiin kaupunkiymp\u00e4rist\u00f6ss\u00e4:<\/p>\n<ul data-start=\"1061\" data-end=\"1465\">\n<li data-start=\"1061\" data-end=\"1154\">\n<p data-start=\"1063\" data-end=\"1154\"><strong data-start=\"1063\" data-end=\"1125\">Uvinul A Plus (dietyyliaminohydroksibentsoyyliheksyylibentsoaatti)<\/strong> \u2013 suojaa UVA-s\u00e4teilt\u00e4.<\/p>\n<\/li>\n<li data-start=\"1155\" data-end=\"1224\">\n<p data-start=\"1157\" data-end=\"1224\"><strong data-start=\"1157\" data-end=\"1195\">Uvinul T 150 (etyyliheksyylitriatsoni)<\/strong> \u2013 suojaa UVB-s\u00e4teilt\u00e4.<\/p>\n<\/li>\n<li data-start=\"1225\" data-end=\"1359\">\n<p data-start=\"1227\" data-end=\"1359\"><strong data-start=\"1227\" data-end=\"1290\">Tinosorb S (Bis-Ethylhexyloxyphenol Methoxyphenyl Triazine)<\/strong> \u2013 laajakirjoinen suodatin, joka suojaa sek\u00e4 UVA- ett\u00e4 UVB-s\u00e4teilt\u00e4.<\/p>\n<\/li>\n<li data-start=\"1360\" data-end=\"1465\">\n<p data-start=\"1362\" data-end=\"1465\"><strong data-start=\"1362\" data-end=\"1394\">Parsol SLX (polysilikoni-15)<\/strong> \u2013 suojaa UVB-s\u00e4teilt\u00e4, antaa silkkisen ja rasvattoman lopputuloksen.<\/p>\n<\/li>\n<\/ul>\n<p data-start=\"1467\" data-end=\"1493\"><strong data-start=\"1467\" data-end=\"1493\">Muita vaikuttavia aineita:<\/strong><\/p>\n<ul data-start=\"1494\" data-end=\"2720\">\n<li data-start=\"1494\" data-end=\"1680\">\n<p data-start=\"1496\" data-end=\"1680\"><strong data-start=\"1496\" data-end=\"1509\">Peptidit<\/strong> stimuloivat kollageenin tuotantoa, toimivat antioksidanttina, est\u00e4v\u00e4t glykaatiota ja edist\u00e4v\u00e4t solujen uusiutumista, silottavat ryppyj\u00e4 ja vahvistavat ihon uusiutumiskyky\u00e4.<\/p>\n<\/li>\n<li data-start=\"1681\" data-end=\"1894\">\n<p data-start=\"1683\" data-end=\"1894\"><strong data-start=\"1683\" data-end=\"1702\">Rauhoittava j\u00e4\u00e4hdytin<\/strong> \u2013 patentoitu yrttiyhdistelm\u00e4 aloe veraa, levi\u00e4, dioscoreaa, daavidinjalavaa ja mant\u0161urianviolettiuutteita. Imee l\u00e4mp\u00f6\u00e4, alentaa ihon l\u00e4mp\u00f6tilaa ja auttaa ehk\u00e4isem\u00e4\u00e4n l\u00e4mp\u00f6ik\u00e4\u00e4ntymist\u00e4.<\/p>\n<\/li>\n<li data-start=\"1895\" data-end=\"2086\">\n<p data-start=\"1897\" data-end=\"2086\"><strong data-start=\"1897\" data-end=\"1920\">Glyseryyliglukosidi<\/strong> (glyseriinin ja glukoosin johdannainen) parantaa akvaporiinien \u2013 ihon kosteuden liikkumista s\u00e4\u00e4televien proteiinien \u2013 toimintaa. Lievitt\u00e4\u00e4 kuivuutta ja auttaa s\u00e4ilytt\u00e4m\u00e4\u00e4n kosteuden.<\/p>\n<\/li>\n<li data-start=\"2087\" data-end=\"2259\">\n<p data-start=\"2089\" data-end=\"2259\"><strong data-start=\"2089\" data-end=\"2106\">Askorbiinihappo<\/strong> (C-vitamiini) toimii antioksidanttina, suojaa soluja vapailta radikaaleilta, hidastaa ik\u00e4\u00e4ntymist\u00e4 ja auttaa v\u00e4hent\u00e4m\u00e4\u00e4n pigmenttil\u00e4iski\u00e4 ja tasoittamaan ihonv\u00e4ri\u00e4.<\/p>\n<\/li>\n<li data-start=\"2260\" data-end=\"2468\">\n<p data-start=\"2262\" data-end=\"2468\"><strong data-start=\"2262\" data-end=\"2292\">Niasiiniamidi (B3-vitamiini)<\/strong> vaalentaa ik\u00e4l\u00e4iski\u00e4, v\u00e4hent\u00e4\u00e4 niiden syntymisen riski\u00e4, s\u00e4\u00e4telee talin erityst\u00e4, v\u00e4hent\u00e4\u00e4 T-alueen (otsa, nen\u00e4, posket ja leuka) kiiltoa ja vahvistaa ihon suojakyky\u00e4.<\/p>\n<\/li>\n<li data-start=\"2469\" data-end=\"2625\">\n<p data-start=\"2471\" data-end=\"2625\"><strong data-start=\"2471\" data-end=\"2497\">2 erilaista hyaluronihappoa<\/strong> sitovat kosteutta, ehk\u00e4isev\u00e4t kuivumista ja kuivumista, pehment\u00e4v\u00e4t ihoa ja muodostavat suojaavan, kosteutta s\u00e4ilytt\u00e4v\u00e4n kerroksen.<\/p>\n<\/li>\n<li data-start=\"2626\" data-end=\"2720\">\n<p data-start=\"2628\" data-end=\"2720\"><strong data-start=\"2628\" data-end=\"2642\">Allantoiin<\/strong> neutraloi oksidatiivista stressi\u00e4, v\u00e4hent\u00e4\u00e4 herkkyytt\u00e4 ja kosteuttaa ihoa.<\/p>\n<\/li>\n<\/ul>\n<p data-start=\"2722\" data-end=\"2786\">Sopii kaikille ihotyypeille, my\u00f6s herk\u00e4lle iholle.<\/p>\n<p data-start=\"2793\" data-end=\"3172\"><strong data-start=\"2793\" data-end=\"2808\">K\u00e4ytt\u00f6:<\/strong><br data-start=\"2808\" data-end=\"2811\" \/>Levit\u00e4 aurinkovoidepuikkoa kasvoille, kaulalle ja muille paljaille ihoalueille p\u00e4iv\u00e4n meikin levitt\u00e4misen j\u00e4lkeen. Jos iho altistuu suoralle auringonvalolle (esim. rannalla), levit\u00e4 puikkoa uudelleen 2\u20133 tunnin v\u00e4lein. Ihanteellinen aurinkovoiteen p\u00e4ivitt\u00e4iseen k\u00e4ytt\u00f6\u00f6n. \u00c4l\u00e4 kierr\u00e4 puikkoa yli 5 mm, jotta tuote ei rikkoudu tai murene.<\/p>","protected":false},"excerpt":{"rendered":"<p>Round Lab Birch Juice Moisturizing Sun Stick SPF50+ PA++++ on herk\u00e4lle iholle sopiva aurinkovoide. Kosteuttaa, pehment\u00e4\u00e4 ja suojaa luotettavasti UVA- ja UVB-s\u00e4teilt\u00e4 ehk\u00e4isten palovammoja, pigmenttil\u00e4iski\u00e4 ja valon aiheuttamaa ik\u00e4\u00e4ntymist\u00e4. Auttaa yll\u00e4pit\u00e4m\u00e4\u00e4n ihon kimmoisuutta ja sileytt\u00e4. Tuote viilent\u00e4\u00e4 ja raikastaa miellytt\u00e4v\u00e4sti, rauhoittaa ihoa auringonoton j\u00e4lkeen. Kompakti muoto sopii t\u00e4ydellisesti suojakerroksen uudistamiseen p\u00e4iv\u00e4n aikana -\u2026<\/p>","protected":false},"featured_media":14934,"comment_status":"open","ping_status":"closed","template":"","meta":{"_uf_show_specific_survey":0,"_uf_disable_surveys":false,"_bst_post_transparent":"default","_bst_post_title":"","_bst_post_layout":"default","_bst_post_sidebar_id":"","_bst_post_content_style":"default","_bst_post_vertical_padding":"default","_bst_post_feature":"","_bst_post_feature_position":"","_bst_post_header":false,"_bst_post_footer":false},"pwb-brand":[645],"product_brand":[],"product_cat":[92,101],"product_tag":[919,375,875],"class_list":{"0":"post-14933","1":"product","2":"type-product","3":"status-publish","4":"has-post-thumbnail","6":"pwb-brand-round-lab","7":"product_cat-nagu","8":"product_cat-paikesekaitse","9":"product_tag-birch","10":"product_tag-paikesekaitse","11":"product_tag-spf50","13":"first","14":"instock","15":"sale","16":"shipping-taxable","17":"purchasable","18":"product-type-simple","19":"entry","20":"content-bg","21":"loop-entry"},"supplier_id":null,"supplier_sku":"","barcode":null,"atum_controlled":true,"out_stock_date":null,"out_stock_threshold":null,"inheritable":false,"inbound_stock":0,"stock_on_hold":0,"sold_today":0,"sales_last_days":2,"out_stock_days":0,"lost_sales":0,"has_location":false,"update_date":"2026-04-14T00:05:11","atum_locations":[],"atum_stock_status":"instock","restock_status":false,"low_stock_amount":"","sales_update_date":"2026-04-14T00:05:11","calc_backorders":null,"yoast_head":"<!-- This site is optimized with the Yoast SEO plugin v27.2 - https:\/\/yoast.com\/product\/yoast-seo-wordpress\/ -->\n<title>Round Lab Birch Juice Moisturizing Sun Stick SPF50+ PA++++, 19g - IDA.KOREA<\/title>\n<meta name=\"description\" content=\"Niisutav p\u00e4ikesekaitsepulk tundlikule nahale kase mahlaga. SPF50+ PA++++ kaitse UVA- ja UVB-kiirte eest, kerge tekstuur, sobib igap\u00e4evaseks kasutamiseks ja meigi alla.\" \/>\n<meta name=\"robots\" content=\"index, follow, max-snippet:-1, max-image-preview:large, max-video-preview:-1\" \/>\n<link rel=\"canonical\" href=\"https:\/\/idakorea.ee\/fi\/product\/round-lab-birch-juice-moisturizing-sun-stick-spf50-pa-19g\/\" \/>\n<meta property=\"og:locale\" content=\"fi_FI\" \/>\n<meta property=\"og:type\" content=\"article\" \/>\n<meta property=\"og:title\" content=\"Round Lab Birch Juice Moisturizing Sun Stick SPF50+ PA++++, 19g - IDA.KOREA\" \/>\n<meta property=\"og:description\" content=\"Niisutav p\u00e4ikesekaitsepulk tundlikule nahale kase mahlaga. SPF50+ PA++++ kaitse UVA- ja UVB-kiirte eest, kerge tekstuur, sobib igap\u00e4evaseks kasutamiseks ja meigi alla.\" \/>\n<meta property=\"og:url\" content=\"https:\/\/idakorea.ee\/fi\/product\/round-lab-birch-juice-moisturizing-sun-stick-spf50-pa-19g\/\" \/>\n<meta property=\"og:site_name\" content=\"IDA.KOREA\" \/>\n<meta property=\"article:modified_time\" content=\"2026-04-05T11:49:54+00:00\" \/>\n<meta property=\"og:image\" content=\"https:\/\/idakorea.ee\/wp-content\/uploads\/2025\/06\/round-lab-birch-juice-moisturizing-sun-stick_idakorea.jpg\" \/>\n\t<meta property=\"og:image:width\" content=\"1600\" \/>\n\t<meta property=\"og:image:height\" content=\"1600\" \/>\n\t<meta property=\"og:image:type\" content=\"image\/jpeg\" \/>\n<meta name=\"twitter:card\" content=\"summary_large_image\" \/>\n<meta name=\"twitter:label1\" content=\"Arvioitu lukuaika\" \/>\n\t<meta name=\"twitter:data1\" content=\"3 minuuttia\" \/>\n<script type=\"application\/ld+json\" class=\"yoast-schema-graph\">{\"@context\":\"https:\/\/schema.org\",\"@graph\":[{\"@type\":\"WebPage\",\"@id\":\"https:\/\/idakorea.ee\/product\/round-lab-birch-juice-moisturizing-sun-stick-spf50-pa-19g\/\",\"url\":\"https:\/\/idakorea.ee\/product\/round-lab-birch-juice-moisturizing-sun-stick-spf50-pa-19g\/\",\"name\":\"Round Lab Birch Juice Moisturizing Sun Stick SPF50+ PA++++, 19g - IDA.KOREA\",\"isPartOf\":{\"@id\":\"https:\/\/idakorea.ee\/#website\"},\"primaryImageOfPage\":{\"@id\":\"https:\/\/idakorea.ee\/product\/round-lab-birch-juice-moisturizing-sun-stick-spf50-pa-19g\/#primaryimage\"},\"image\":{\"@id\":\"https:\/\/idakorea.ee\/product\/round-lab-birch-juice-moisturizing-sun-stick-spf50-pa-19g\/#primaryimage\"},\"thumbnailUrl\":\"https:\/\/idakorea.ee\/wp-content\/uploads\/2025\/06\/round-lab-birch-juice-moisturizing-sun-stick_idakorea.jpg\",\"datePublished\":\"2025-06-29T11:05:50+00:00\",\"dateModified\":\"2026-04-05T11:49:54+00:00\",\"description\":\"Niisutav p\u00e4ikesekaitsepulk tundlikule nahale kase mahlaga. SPF50+ PA++++ kaitse UVA- ja UVB-kiirte eest, kerge tekstuur, sobib igap\u00e4evaseks kasutamiseks ja meigi alla.\",\"breadcrumb\":{\"@id\":\"https:\/\/idakorea.ee\/product\/round-lab-birch-juice-moisturizing-sun-stick-spf50-pa-19g\/#breadcrumb\"},\"inLanguage\":\"fi\",\"potentialAction\":[{\"@type\":\"ReadAction\",\"target\":[\"https:\/\/idakorea.ee\/product\/round-lab-birch-juice-moisturizing-sun-stick-spf50-pa-19g\/\"]}]},{\"@type\":\"ImageObject\",\"inLanguage\":\"fi\",\"@id\":\"https:\/\/idakorea.ee\/product\/round-lab-birch-juice-moisturizing-sun-stick-spf50-pa-19g\/#primaryimage\",\"url\":\"https:\/\/idakorea.ee\/wp-content\/uploads\/2025\/06\/round-lab-birch-juice-moisturizing-sun-stick_idakorea.jpg\",\"contentUrl\":\"https:\/\/idakorea.ee\/wp-content\/uploads\/2025\/06\/round-lab-birch-juice-moisturizing-sun-stick_idakorea.jpg\",\"width\":1600,\"height\":1600},{\"@type\":\"BreadcrumbList\",\"@id\":\"https:\/\/idakorea.ee\/product\/round-lab-birch-juice-moisturizing-sun-stick-spf50-pa-19g\/#breadcrumb\",\"itemListElement\":[{\"@type\":\"ListItem\",\"position\":1,\"name\":\"\u0413\u043b\u0430\u0432\u043d\u0430\u044f \u0441\u0442\u0440\u0430\u043d\u0438\u0446\u0430\",\"item\":\"https:\/\/idakorea.ee\/\"},{\"@type\":\"ListItem\",\"position\":2,\"name\":\"Shop\",\"item\":\"https:\/\/idakorea.ee\/shop-2\/\"},{\"@type\":\"ListItem\",\"position\":3,\"name\":\"P\u00e4ikesekaitsepulk kase mahlaga Round Lab Birch Juice Moisturizing Sun Stick SPF50+ PA++++, 19g\"}]},{\"@type\":\"WebSite\",\"@id\":\"https:\/\/idakorea.ee\/#website\",\"url\":\"https:\/\/idakorea.ee\/\",\"name\":\"IDA.KOREA\",\"description\":\"Korea kosmeetika e-pood\",\"publisher\":{\"@id\":\"https:\/\/idakorea.ee\/#organization\"},\"alternateName\":\"Beauty Shop\",\"potentialAction\":[{\"@type\":\"SearchAction\",\"target\":{\"@type\":\"EntryPoint\",\"urlTemplate\":\"https:\/\/idakorea.ee\/?s={search_term_string}\"},\"query-input\":{\"@type\":\"PropertyValueSpecification\",\"valueRequired\":true,\"valueName\":\"search_term_string\"}}],\"inLanguage\":\"fi\"},{\"@type\":\"Organization\",\"@id\":\"https:\/\/idakorea.ee\/#organization\",\"name\":\"IDA.KOREA\",\"url\":\"https:\/\/idakorea.ee\/\",\"logo\":{\"@type\":\"ImageObject\",\"inLanguage\":\"fi\",\"@id\":\"https:\/\/idakorea.ee\/#\/schema\/logo\/image\/\",\"url\":\"https:\/\/idakorea.ee\/wp-content\/uploads\/2024\/05\/cropped-korea3.png\",\"contentUrl\":\"https:\/\/idakorea.ee\/wp-content\/uploads\/2024\/05\/cropped-korea3.png\",\"width\":688,\"height\":126,\"caption\":\"IDA.KOREA\"},\"image\":{\"@id\":\"https:\/\/idakorea.ee\/#\/schema\/logo\/image\/\"},\"sameAs\":[\"https:\/\/www.instagram.com\/ida.korea\/\"]}]}<\/script>\n<!-- \/ Yoast SEO plugin. -->","yoast_head_json":{"title":"Round Lab Birch Juice -kosteuttava aurinkosuojapuikko SPF50+ PA++++, 19g - IDA.KOREA","description":"Kosteuttava aurinkosuojapuikko herk\u00e4lle iholle koivunmahlalla. SPF50+ PA++++ suoja UVA- ja UVB-s\u00e4teit\u00e4 vastaan, kevyt koostumus, sopii jokap\u00e4iv\u00e4iseen k\u00e4ytt\u00f6\u00f6n ja meikin alle.","robots":{"index":"index","follow":"follow","max-snippet":"max-snippet:-1","max-image-preview":"max-image-preview:large","max-video-preview":"max-video-preview:-1"},"canonical":"https:\/\/idakorea.ee\/fi\/product\/round-lab-birch-juice-moisturizing-sun-stick-spf50-pa-19g\/","og_locale":"fi_FI","og_type":"article","og_title":"Round Lab Birch Juice Moisturizing Sun Stick SPF50+ PA++++, 19g - IDA.KOREA","og_description":"Niisutav p\u00e4ikesekaitsepulk tundlikule nahale kase mahlaga. SPF50+ PA++++ kaitse UVA- ja UVB-kiirte eest, kerge tekstuur, sobib igap\u00e4evaseks kasutamiseks ja meigi alla.","og_url":"https:\/\/idakorea.ee\/fi\/product\/round-lab-birch-juice-moisturizing-sun-stick-spf50-pa-19g\/","og_site_name":"IDA.KOREA","article_modified_time":"2026-04-05T11:49:54+00:00","og_image":[{"width":1600,"height":1600,"url":"https:\/\/idakorea.ee\/wp-content\/uploads\/2025\/06\/round-lab-birch-juice-moisturizing-sun-stick_idakorea.jpg","type":"image\/jpeg"}],"twitter_card":"summary_large_image","twitter_misc":{"Arvioitu lukuaika":"3 minuuttia"},"schema":{"@context":"https:\/\/schema.org","@graph":[{"@type":"WebPage","@id":"https:\/\/idakorea.ee\/product\/round-lab-birch-juice-moisturizing-sun-stick-spf50-pa-19g\/","url":"https:\/\/idakorea.ee\/product\/round-lab-birch-juice-moisturizing-sun-stick-spf50-pa-19g\/","name":"Round Lab Birch Juice -kosteuttava aurinkosuojapuikko SPF50+ PA++++, 19g - IDA.KOREA","isPartOf":{"@id":"https:\/\/idakorea.ee\/#website"},"primaryImageOfPage":{"@id":"https:\/\/idakorea.ee\/product\/round-lab-birch-juice-moisturizing-sun-stick-spf50-pa-19g\/#primaryimage"},"image":{"@id":"https:\/\/idakorea.ee\/product\/round-lab-birch-juice-moisturizing-sun-stick-spf50-pa-19g\/#primaryimage"},"thumbnailUrl":"https:\/\/idakorea.ee\/wp-content\/uploads\/2025\/06\/round-lab-birch-juice-moisturizing-sun-stick_idakorea.jpg","datePublished":"2025-06-29T11:05:50+00:00","dateModified":"2026-04-05T11:49:54+00:00","description":"Kosteuttava aurinkosuojapuikko herk\u00e4lle iholle koivunmahlalla. SPF50+ PA++++ suoja UVA- ja UVB-s\u00e4teit\u00e4 vastaan, kevyt koostumus, sopii jokap\u00e4iv\u00e4iseen k\u00e4ytt\u00f6\u00f6n ja meikin alle.","breadcrumb":{"@id":"https:\/\/idakorea.ee\/product\/round-lab-birch-juice-moisturizing-sun-stick-spf50-pa-19g\/#breadcrumb"},"inLanguage":"fi","potentialAction":[{"@type":"ReadAction","target":["https:\/\/idakorea.ee\/product\/round-lab-birch-juice-moisturizing-sun-stick-spf50-pa-19g\/"]}]},{"@type":"ImageObject","inLanguage":"fi","@id":"https:\/\/idakorea.ee\/product\/round-lab-birch-juice-moisturizing-sun-stick-spf50-pa-19g\/#primaryimage","url":"https:\/\/idakorea.ee\/wp-content\/uploads\/2025\/06\/round-lab-birch-juice-moisturizing-sun-stick_idakorea.jpg","contentUrl":"https:\/\/idakorea.ee\/wp-content\/uploads\/2025\/06\/round-lab-birch-juice-moisturizing-sun-stick_idakorea.jpg","width":1600,"height":1600},{"@type":"BreadcrumbList","@id":"https:\/\/idakorea.ee\/product\/round-lab-birch-juice-moisturizing-sun-stick-spf50-pa-19g\/#breadcrumb","itemListElement":[{"@type":"ListItem","position":1,"name":"\u0413\u043b\u0430\u0432\u043d\u0430\u044f \u0441\u0442\u0440\u0430\u043d\u0438\u0446\u0430","item":"https:\/\/idakorea.ee\/"},{"@type":"ListItem","position":2,"name":"Shop","item":"https:\/\/idakorea.ee\/shop-2\/"},{"@type":"ListItem","position":3,"name":"P\u00e4ikesekaitsepulk kase mahlaga Round Lab Birch Juice Moisturizing Sun Stick SPF50+ PA++++, 19g"}]},{"@type":"WebSite","@id":"https:\/\/idakorea.ee\/#website","url":"https:\/\/idakorea.ee\/","name":"IDA.KOREA","description":"Korean kosmetiikan verkkokauppa","publisher":{"@id":"https:\/\/idakorea.ee\/#organization"},"alternateName":"Beauty Shop","potentialAction":[{"@type":"SearchAction","target":{"@type":"EntryPoint","urlTemplate":"https:\/\/idakorea.ee\/?s={search_term_string}"},"query-input":{"@type":"PropertyValueSpecification","valueRequired":true,"valueName":"search_term_string"}}],"inLanguage":"fi"},{"@type":"Organization","@id":"https:\/\/idakorea.ee\/#organization","name":"IDA.KOREA","url":"https:\/\/idakorea.ee\/","logo":{"@type":"ImageObject","inLanguage":"fi","@id":"https:\/\/idakorea.ee\/#\/schema\/logo\/image\/","url":"https:\/\/idakorea.ee\/wp-content\/uploads\/2024\/05\/cropped-korea3.png","contentUrl":"https:\/\/idakorea.ee\/wp-content\/uploads\/2024\/05\/cropped-korea3.png","width":688,"height":126,"caption":"IDA.KOREA"},"image":{"@id":"https:\/\/idakorea.ee\/#\/schema\/logo\/image\/"},"sameAs":["https:\/\/www.instagram.com\/ida.korea\/"]}]}},"jetpack_sharing_enabled":true,"brands":[{"id":645,"name":"ROUND LAB","slug":"round-lab"}],"_links":{"self":[{"href":"https:\/\/idakorea.ee\/fi\/wp-json\/wp\/v2\/product\/14933","targetHints":{"allow":["GET"]}}],"collection":[{"href":"https:\/\/idakorea.ee\/fi\/wp-json\/wp\/v2\/product"}],"about":[{"href":"https:\/\/idakorea.ee\/fi\/wp-json\/wp\/v2\/types\/product"}],"replies":[{"embeddable":true,"href":"https:\/\/idakorea.ee\/fi\/wp-json\/wp\/v2\/comments?post=14933"}],"version-history":[{"count":3,"href":"https:\/\/idakorea.ee\/fi\/wp-json\/wp\/v2\/product\/14933\/revisions"}],"predecessor-version":[{"id":15009,"href":"https:\/\/idakorea.ee\/fi\/wp-json\/wp\/v2\/product\/14933\/revisions\/15009"}],"wp:featuredmedia":[{"embeddable":true,"href":"https:\/\/idakorea.ee\/fi\/wp-json\/wp\/v2\/media\/14934"}],"wp:attachment":[{"href":"https:\/\/idakorea.ee\/fi\/wp-json\/wp\/v2\/media?parent=14933"}],"wp:term":[{"taxonomy":"pwb-brand","embeddable":true,"href":"https:\/\/idakorea.ee\/fi\/wp-json\/wp\/v2\/pwb-brand?post=14933"},{"taxonomy":"product_brand","embeddable":true,"href":"https:\/\/idakorea.ee\/fi\/wp-json\/wp\/v2\/product_brand?post=14933"},{"taxonomy":"product_cat","embeddable":true,"href":"https:\/\/idakorea.ee\/fi\/wp-json\/wp\/v2\/product_cat?post=14933"},{"taxonomy":"product_tag","embeddable":true,"href":"https:\/\/idakorea.ee\/fi\/wp-json\/wp\/v2\/product_tag?post=14933"}],"curies":[{"name":"wp","href":"https:\/\/api.w.org\/{rel}","templated":true}]}}