{"id":14946,"date":"2025-06-30T13:36:16","date_gmt":"2025-06-30T10:36:16","guid":{"rendered":"https:\/\/idakorea.ee\/?post_type=product&#038;p=14946"},"modified":"2026-01-29T16:45:34","modified_gmt":"2026-01-29T14:45:34","slug":"veekindel-paikesekaitsepulk-abib-airy-sunstick-smoothing-bar-spf50-pa-23g","status":"publish","type":"product","link":"https:\/\/idakorea.ee\/fi\/product\/veekindel-paikesekaitsepulk-abib-airy-sunstick-smoothing-bar-spf50-pa-23g\/","title":{"rendered":"Vedenkest\u00e4v\u00e4 aurinkovoidepuikko Abib Airy Sunstick Smoothing Bar SPF50+ PA++++, 23g"},"content":{"rendered":"<p data-start=\"176\" data-end=\"393\">Vedenkest\u00e4v\u00e4 aurinkosuojapuikko puolimattapintaisella pinnalla. Toimii kemiallisten suodattimien kanssa ja suojaa ihoa luotettavasti UV-s\u00e4teilyn haitallisilta vaikutuksilta. Est\u00e4\u00e4 melaniinin tuotantoa, mik\u00e4 auttaa ehk\u00e4isem\u00e4\u00e4n ik\u00e4l\u00e4iskien muodostumista.<\/p>\n<p data-start=\"395\" data-end=\"652\">Kevyt ja ilmava koostumus samettisella viimeistelyll\u00e4 sopii ihanteellisesti ihon suojaavan kerroksen virkist\u00e4miseen p\u00e4iv\u00e4n aikana. Suuri puikkokoko (5,7 cm) ja aaltoileva ergonominen muoto tekev\u00e4t tuotteesta mukavan k\u00e4ytt\u00e4\u00e4 sek\u00e4 kasvoilla ett\u00e4 vartalolla - se on helppoa ja hygieenist\u00e4.<\/p>\n<p data-start=\"654\" data-end=\"824\">Puikko kosteuttaa ja ravitsee ihoa, poistaa kuivuutta ja hilseily\u00e4. Auttaa vahvistamaan ja palauttamaan ihon lipidisuojan. Rauhoittaa UV-s\u00e4teilyn \u00e4rtym\u00e4\u00e4 ihoa ja v\u00e4hent\u00e4\u00e4 punoitusta.<\/p>\n<p data-start=\"826\" data-end=\"855\"><strong data-start=\"831\" data-end=\"855\">T\u00e4rkeimm\u00e4t vaikuttavat aineet:<\/strong><\/p>\n<ul data-start=\"857\" data-end=\"1494\">\n<li data-start=\"857\" data-end=\"1016\">\n<p data-start=\"859\" data-end=\"1016\"><strong data-start=\"859\" data-end=\"874\">Kamelia\u00f6ljy<\/strong> \u2013 kosteuttaa syv\u00e4lt\u00e4, vahvistaa ihon suojakerrosta ja parantaa ihon suojakerrosta est\u00e4en kosteuden haihtumista ja suojaten ihoa ymp\u00e4rist\u00f6n vaikutuksilta.<\/p>\n<\/li>\n<li data-start=\"1017\" data-end=\"1178\">\n<p data-start=\"1019\" data-end=\"1178\"><strong data-start=\"1019\" data-end=\"1030\">Ektoiin<\/strong> \u2013 luonnollinen aminohappo, joka suojaa ihoa UV-s\u00e4teilt\u00e4 ja ymp\u00e4rist\u00f6n rasitukselta. Lievitt\u00e4\u00e4 tulehdusta, rauhoittaa ja pehment\u00e4\u00e4 ihoa, v\u00e4hent\u00e4\u00e4 punoitusta.<\/p>\n<\/li>\n<li data-start=\"1179\" data-end=\"1308\">\n<p data-start=\"1181\" data-end=\"1308\"><strong data-start=\"1181\" data-end=\"1195\">Allantoiin<\/strong> \u2013 kosteuttaa tehokkaasti, pehment\u00e4\u00e4, auttaa supistamaan ihohuokosia ja s\u00e4\u00e4telee talin erityst\u00e4. Rauhoittaa \u00e4rtynytt\u00e4 ihoa.<\/p>\n<\/li>\n<li data-start=\"1309\" data-end=\"1494\">\n<p data-start=\"1311\" data-end=\"1494\"><strong data-start=\"1311\" data-end=\"1328\">Auringonkukka\u00f6ljy<\/strong> \u2013 palauttaa ihon rakenteen, tekee siit\u00e4 pehme\u00e4mm\u00e4n ja kimmoisamman, poistaa kuivuutta ja hilseily\u00e4. Silottaa hienoja ryppyj\u00e4, vahvistaa suojakerrosta ja supistaa ihohuokosia.<\/p>\n<\/li>\n<\/ul>\n<p data-start=\"1496\" data-end=\"1530\">Sopii kaikille ihotyypeille.<\/p>\n<p data-start=\"1537\" data-end=\"1558\"><strong data-start=\"1541\" data-end=\"1556\">K\u00e4ytt\u00f6:<\/strong><\/p>\n<p data-start=\"1559\" data-end=\"1726\">Levit\u00e4 kasvoillesi 3\u20134 kerrosta aurinkovoidetta p\u00e4ivitt\u00e4isen ihonhoitorutiinisi j\u00e4lkeen. Jos altistut suoralle auringonvalolle (esim. rannalla), levit\u00e4 voidetta uudelleen 2\u20133 tunnin v\u00e4lein.<\/p>\n<p data-start=\"176\" data-end=\"393\">","protected":false},"excerpt":{"rendered":"<p>Vedenkest\u00e4v\u00e4 aurinkosuojapuikko, jossa on puolimattapinta. Vaikuttaa kemiallisiin suodattimiin ja suojaa ihoa luotettavasti UV-s\u00e4teilyn haitallisilta vaikutuksilta. Est\u00e4\u00e4 melaniinin tuotantoa, mik\u00e4 auttaa ehk\u00e4isem\u00e4\u00e4n ik\u00e4l\u00e4iskien muodostumista. Kevyt ja ilmava koostumus samettisella viimeistelyll\u00e4 sopii ihanteellisesti ihon suojaavan kerroksen virkist\u00e4miseen p\u00e4iv\u00e4n aikana. Puikon suuri koko (5,7 cm) ja aaltoileva ergonominen muoto tekev\u00e4t tuotteesta mukavan k\u00e4ytt\u00e4\u00e4 sek\u00e4 kasvoilla ett\u00e4 vartalolla \u2013 se on helppo\u2026<\/p>","protected":false},"featured_media":14947,"comment_status":"open","ping_status":"closed","template":"","meta":{"_uf_show_specific_survey":0,"_uf_disable_surveys":false,"_bst_post_transparent":"default","_bst_post_title":"","_bst_post_layout":"default","_bst_post_sidebar_id":"","_bst_post_content_style":"default","_bst_post_vertical_padding":"default","_bst_post_feature":"","_bst_post_feature_position":"","_bst_post_header":false,"_bst_post_footer":false},"pwb-brand":[883],"product_brand":[],"product_cat":[92,101],"product_tag":[955,875],"class_list":{"0":"post-14946","1":"product","2":"type-product","3":"status-publish","4":"has-post-thumbnail","6":"pwb-brand-abib","7":"product_cat-nagu","8":"product_cat-paikesekaitse","9":"product_tag-korea-paikesekaitsevahend","10":"product_tag-spf50","12":"first","13":"instock","14":"sale","15":"shipping-taxable","16":"purchasable","17":"product-type-simple","18":"entry","19":"content-bg","20":"loop-entry"},"supplier_id":null,"supplier_sku":"","barcode":null,"atum_controlled":true,"out_stock_date":null,"out_stock_threshold":null,"inheritable":false,"inbound_stock":0,"stock_on_hold":0,"sold_today":0,"sales_last_days":0,"out_stock_days":0,"lost_sales":0,"has_location":false,"update_date":"2026-04-14T00:05:04","atum_locations":[],"atum_stock_status":"instock","restock_status":false,"low_stock_amount":"","sales_update_date":"2026-04-14T00:05:04","calc_backorders":null,"yoast_head":"<!-- This site is optimized with the Yoast SEO plugin v27.2 - https:\/\/yoast.com\/product\/yoast-seo-wordpress\/ -->\n<title>Abib Airy Sunstick Smoothing Bar SPF50+ PA++++, 23g - IDA.KOREA<\/title>\n<meta name=\"description\" content=\"Abib Airy Sunstick \u2013 veekindel p\u00e4ikesekaitsepulk SPF50+ PA++++ poolmati viimistlusega. Kaitseb nahka, niisutab ja rahustab, sobib tundlikule nahale.\" \/>\n<meta name=\"robots\" content=\"index, follow, max-snippet:-1, max-image-preview:large, max-video-preview:-1\" \/>\n<link rel=\"canonical\" href=\"https:\/\/idakorea.ee\/fi\/product\/veekindel-paikesekaitsepulk-abib-airy-sunstick-smoothing-bar-spf50-pa-23g\/\" \/>\n<meta property=\"og:locale\" content=\"fi_FI\" \/>\n<meta property=\"og:type\" content=\"article\" \/>\n<meta property=\"og:title\" content=\"Abib Airy Sunstick Smoothing Bar SPF50+ PA++++, 23g - IDA.KOREA\" \/>\n<meta property=\"og:description\" content=\"Abib Airy Sunstick \u2013 veekindel p\u00e4ikesekaitsepulk SPF50+ PA++++ poolmati viimistlusega. Kaitseb nahka, niisutab ja rahustab, sobib tundlikule nahale.\" \/>\n<meta property=\"og:url\" content=\"https:\/\/idakorea.ee\/fi\/product\/veekindel-paikesekaitsepulk-abib-airy-sunstick-smoothing-bar-spf50-pa-23g\/\" \/>\n<meta property=\"og:site_name\" content=\"IDA.KOREA\" \/>\n<meta property=\"article:modified_time\" content=\"2026-01-29T14:45:34+00:00\" \/>\n<meta property=\"og:image\" content=\"https:\/\/idakorea.ee\/wp-content\/uploads\/2025\/06\/abib-airy-sunstick-smoothing-bar-spf50-pa-idakorea.jpg\" \/>\n\t<meta property=\"og:image:width\" content=\"1000\" \/>\n\t<meta property=\"og:image:height\" content=\"1000\" \/>\n\t<meta property=\"og:image:type\" content=\"image\/jpeg\" \/>\n<meta name=\"twitter:card\" content=\"summary_large_image\" \/>\n<meta name=\"twitter:label1\" content=\"Arvioitu lukuaika\" \/>\n\t<meta name=\"twitter:data1\" content=\"2 minuuttia\" \/>\n<script type=\"application\/ld+json\" class=\"yoast-schema-graph\">{\"@context\":\"https:\/\/schema.org\",\"@graph\":[{\"@type\":\"WebPage\",\"@id\":\"https:\/\/idakorea.ee\/product\/veekindel-paikesekaitsepulk-abib-airy-sunstick-smoothing-bar-spf50-pa-23g\/\",\"url\":\"https:\/\/idakorea.ee\/product\/veekindel-paikesekaitsepulk-abib-airy-sunstick-smoothing-bar-spf50-pa-23g\/\",\"name\":\"Abib Airy Sunstick Smoothing Bar SPF50+ PA++++, 23g - IDA.KOREA\",\"isPartOf\":{\"@id\":\"https:\/\/idakorea.ee\/#website\"},\"primaryImageOfPage\":{\"@id\":\"https:\/\/idakorea.ee\/product\/veekindel-paikesekaitsepulk-abib-airy-sunstick-smoothing-bar-spf50-pa-23g\/#primaryimage\"},\"image\":{\"@id\":\"https:\/\/idakorea.ee\/product\/veekindel-paikesekaitsepulk-abib-airy-sunstick-smoothing-bar-spf50-pa-23g\/#primaryimage\"},\"thumbnailUrl\":\"https:\/\/idakorea.ee\/wp-content\/uploads\/2025\/06\/abib-airy-sunstick-smoothing-bar-spf50-pa-idakorea.jpg\",\"datePublished\":\"2025-06-30T10:36:16+00:00\",\"dateModified\":\"2026-01-29T14:45:34+00:00\",\"description\":\"Abib Airy Sunstick \u2013 veekindel p\u00e4ikesekaitsepulk SPF50+ PA++++ poolmati viimistlusega. Kaitseb nahka, niisutab ja rahustab, sobib tundlikule nahale.\",\"breadcrumb\":{\"@id\":\"https:\/\/idakorea.ee\/product\/veekindel-paikesekaitsepulk-abib-airy-sunstick-smoothing-bar-spf50-pa-23g\/#breadcrumb\"},\"inLanguage\":\"fi\",\"potentialAction\":[{\"@type\":\"ReadAction\",\"target\":[\"https:\/\/idakorea.ee\/product\/veekindel-paikesekaitsepulk-abib-airy-sunstick-smoothing-bar-spf50-pa-23g\/\"]}]},{\"@type\":\"ImageObject\",\"inLanguage\":\"fi\",\"@id\":\"https:\/\/idakorea.ee\/product\/veekindel-paikesekaitsepulk-abib-airy-sunstick-smoothing-bar-spf50-pa-23g\/#primaryimage\",\"url\":\"https:\/\/idakorea.ee\/wp-content\/uploads\/2025\/06\/abib-airy-sunstick-smoothing-bar-spf50-pa-idakorea.jpg\",\"contentUrl\":\"https:\/\/idakorea.ee\/wp-content\/uploads\/2025\/06\/abib-airy-sunstick-smoothing-bar-spf50-pa-idakorea.jpg\",\"width\":1000,\"height\":1000},{\"@type\":\"BreadcrumbList\",\"@id\":\"https:\/\/idakorea.ee\/product\/veekindel-paikesekaitsepulk-abib-airy-sunstick-smoothing-bar-spf50-pa-23g\/#breadcrumb\",\"itemListElement\":[{\"@type\":\"ListItem\",\"position\":1,\"name\":\"\u0413\u043b\u0430\u0432\u043d\u0430\u044f \u0441\u0442\u0440\u0430\u043d\u0438\u0446\u0430\",\"item\":\"https:\/\/idakorea.ee\/\"},{\"@type\":\"ListItem\",\"position\":2,\"name\":\"Shop\",\"item\":\"https:\/\/idakorea.ee\/shop-2\/\"},{\"@type\":\"ListItem\",\"position\":3,\"name\":\"Veekindel p\u00e4ikesekaitsepulk Abib Airy Sunstick Smoothing Bar SPF50+ PA++++, 23g\"}]},{\"@type\":\"WebSite\",\"@id\":\"https:\/\/idakorea.ee\/#website\",\"url\":\"https:\/\/idakorea.ee\/\",\"name\":\"IDA.KOREA\",\"description\":\"Korea kosmeetika e-pood\",\"publisher\":{\"@id\":\"https:\/\/idakorea.ee\/#organization\"},\"alternateName\":\"Beauty Shop\",\"potentialAction\":[{\"@type\":\"SearchAction\",\"target\":{\"@type\":\"EntryPoint\",\"urlTemplate\":\"https:\/\/idakorea.ee\/?s={search_term_string}\"},\"query-input\":{\"@type\":\"PropertyValueSpecification\",\"valueRequired\":true,\"valueName\":\"search_term_string\"}}],\"inLanguage\":\"fi\"},{\"@type\":\"Organization\",\"@id\":\"https:\/\/idakorea.ee\/#organization\",\"name\":\"IDA.KOREA\",\"url\":\"https:\/\/idakorea.ee\/\",\"logo\":{\"@type\":\"ImageObject\",\"inLanguage\":\"fi\",\"@id\":\"https:\/\/idakorea.ee\/#\/schema\/logo\/image\/\",\"url\":\"https:\/\/idakorea.ee\/wp-content\/uploads\/2024\/05\/cropped-korea3.png\",\"contentUrl\":\"https:\/\/idakorea.ee\/wp-content\/uploads\/2024\/05\/cropped-korea3.png\",\"width\":688,\"height\":126,\"caption\":\"IDA.KOREA\"},\"image\":{\"@id\":\"https:\/\/idakorea.ee\/#\/schema\/logo\/image\/\"},\"sameAs\":[\"https:\/\/www.instagram.com\/ida.korea\/\"]}]}<\/script>\n<!-- \/ Yoast SEO plugin. -->","yoast_head_json":{"title":"Abib Airy Sunstick Smoothing Bar SPF50+ PA++++, 23g - IDA.KOREA","description":"Abib Airy Sunstick \u2013 vedenpit\u00e4v\u00e4 aurinkosuojapuikko, jossa on SPF50+ PA++++ ja puolimattapinta. Suojaa, kosteuttaa ja rauhoittaa ihoa, sopii herk\u00e4lle iholle.","robots":{"index":"index","follow":"follow","max-snippet":"max-snippet:-1","max-image-preview":"max-image-preview:large","max-video-preview":"max-video-preview:-1"},"canonical":"https:\/\/idakorea.ee\/fi\/product\/veekindel-paikesekaitsepulk-abib-airy-sunstick-smoothing-bar-spf50-pa-23g\/","og_locale":"fi_FI","og_type":"article","og_title":"Abib Airy Sunstick Smoothing Bar SPF50+ PA++++, 23g - IDA.KOREA","og_description":"Abib Airy Sunstick \u2013 veekindel p\u00e4ikesekaitsepulk SPF50+ PA++++ poolmati viimistlusega. Kaitseb nahka, niisutab ja rahustab, sobib tundlikule nahale.","og_url":"https:\/\/idakorea.ee\/fi\/product\/veekindel-paikesekaitsepulk-abib-airy-sunstick-smoothing-bar-spf50-pa-23g\/","og_site_name":"IDA.KOREA","article_modified_time":"2026-01-29T14:45:34+00:00","og_image":[{"width":1000,"height":1000,"url":"https:\/\/idakorea.ee\/wp-content\/uploads\/2025\/06\/abib-airy-sunstick-smoothing-bar-spf50-pa-idakorea.jpg","type":"image\/jpeg"}],"twitter_card":"summary_large_image","twitter_misc":{"Arvioitu lukuaika":"2 minuuttia"},"schema":{"@context":"https:\/\/schema.org","@graph":[{"@type":"WebPage","@id":"https:\/\/idakorea.ee\/product\/veekindel-paikesekaitsepulk-abib-airy-sunstick-smoothing-bar-spf50-pa-23g\/","url":"https:\/\/idakorea.ee\/product\/veekindel-paikesekaitsepulk-abib-airy-sunstick-smoothing-bar-spf50-pa-23g\/","name":"Abib Airy Sunstick Smoothing Bar SPF50+ PA++++, 23g - IDA.KOREA","isPartOf":{"@id":"https:\/\/idakorea.ee\/#website"},"primaryImageOfPage":{"@id":"https:\/\/idakorea.ee\/product\/veekindel-paikesekaitsepulk-abib-airy-sunstick-smoothing-bar-spf50-pa-23g\/#primaryimage"},"image":{"@id":"https:\/\/idakorea.ee\/product\/veekindel-paikesekaitsepulk-abib-airy-sunstick-smoothing-bar-spf50-pa-23g\/#primaryimage"},"thumbnailUrl":"https:\/\/idakorea.ee\/wp-content\/uploads\/2025\/06\/abib-airy-sunstick-smoothing-bar-spf50-pa-idakorea.jpg","datePublished":"2025-06-30T10:36:16+00:00","dateModified":"2026-01-29T14:45:34+00:00","description":"Abib Airy Sunstick \u2013 vedenpit\u00e4v\u00e4 aurinkosuojapuikko, jossa on SPF50+ PA++++ ja puolimattapinta. Suojaa, kosteuttaa ja rauhoittaa ihoa, sopii herk\u00e4lle iholle.","breadcrumb":{"@id":"https:\/\/idakorea.ee\/product\/veekindel-paikesekaitsepulk-abib-airy-sunstick-smoothing-bar-spf50-pa-23g\/#breadcrumb"},"inLanguage":"fi","potentialAction":[{"@type":"ReadAction","target":["https:\/\/idakorea.ee\/product\/veekindel-paikesekaitsepulk-abib-airy-sunstick-smoothing-bar-spf50-pa-23g\/"]}]},{"@type":"ImageObject","inLanguage":"fi","@id":"https:\/\/idakorea.ee\/product\/veekindel-paikesekaitsepulk-abib-airy-sunstick-smoothing-bar-spf50-pa-23g\/#primaryimage","url":"https:\/\/idakorea.ee\/wp-content\/uploads\/2025\/06\/abib-airy-sunstick-smoothing-bar-spf50-pa-idakorea.jpg","contentUrl":"https:\/\/idakorea.ee\/wp-content\/uploads\/2025\/06\/abib-airy-sunstick-smoothing-bar-spf50-pa-idakorea.jpg","width":1000,"height":1000},{"@type":"BreadcrumbList","@id":"https:\/\/idakorea.ee\/product\/veekindel-paikesekaitsepulk-abib-airy-sunstick-smoothing-bar-spf50-pa-23g\/#breadcrumb","itemListElement":[{"@type":"ListItem","position":1,"name":"\u0413\u043b\u0430\u0432\u043d\u0430\u044f \u0441\u0442\u0440\u0430\u043d\u0438\u0446\u0430","item":"https:\/\/idakorea.ee\/"},{"@type":"ListItem","position":2,"name":"Shop","item":"https:\/\/idakorea.ee\/shop-2\/"},{"@type":"ListItem","position":3,"name":"Veekindel p\u00e4ikesekaitsepulk Abib Airy Sunstick Smoothing Bar SPF50+ PA++++, 23g"}]},{"@type":"WebSite","@id":"https:\/\/idakorea.ee\/#website","url":"https:\/\/idakorea.ee\/","name":"IDA.KOREA","description":"Korean kosmetiikan verkkokauppa","publisher":{"@id":"https:\/\/idakorea.ee\/#organization"},"alternateName":"Beauty Shop","potentialAction":[{"@type":"SearchAction","target":{"@type":"EntryPoint","urlTemplate":"https:\/\/idakorea.ee\/?s={search_term_string}"},"query-input":{"@type":"PropertyValueSpecification","valueRequired":true,"valueName":"search_term_string"}}],"inLanguage":"fi"},{"@type":"Organization","@id":"https:\/\/idakorea.ee\/#organization","name":"IDA.KOREA","url":"https:\/\/idakorea.ee\/","logo":{"@type":"ImageObject","inLanguage":"fi","@id":"https:\/\/idakorea.ee\/#\/schema\/logo\/image\/","url":"https:\/\/idakorea.ee\/wp-content\/uploads\/2024\/05\/cropped-korea3.png","contentUrl":"https:\/\/idakorea.ee\/wp-content\/uploads\/2024\/05\/cropped-korea3.png","width":688,"height":126,"caption":"IDA.KOREA"},"image":{"@id":"https:\/\/idakorea.ee\/#\/schema\/logo\/image\/"},"sameAs":["https:\/\/www.instagram.com\/ida.korea\/"]}]}},"jetpack_sharing_enabled":true,"brands":[{"id":883,"name":"ABIB","slug":"abib"}],"_links":{"self":[{"href":"https:\/\/idakorea.ee\/fi\/wp-json\/wp\/v2\/product\/14946","targetHints":{"allow":["GET"]}}],"collection":[{"href":"https:\/\/idakorea.ee\/fi\/wp-json\/wp\/v2\/product"}],"about":[{"href":"https:\/\/idakorea.ee\/fi\/wp-json\/wp\/v2\/types\/product"}],"replies":[{"embeddable":true,"href":"https:\/\/idakorea.ee\/fi\/wp-json\/wp\/v2\/comments?post=14946"}],"version-history":[{"count":2,"href":"https:\/\/idakorea.ee\/fi\/wp-json\/wp\/v2\/product\/14946\/revisions"}],"predecessor-version":[{"id":14953,"href":"https:\/\/idakorea.ee\/fi\/wp-json\/wp\/v2\/product\/14946\/revisions\/14953"}],"wp:featuredmedia":[{"embeddable":true,"href":"https:\/\/idakorea.ee\/fi\/wp-json\/wp\/v2\/media\/14947"}],"wp:attachment":[{"href":"https:\/\/idakorea.ee\/fi\/wp-json\/wp\/v2\/media?parent=14946"}],"wp:term":[{"taxonomy":"pwb-brand","embeddable":true,"href":"https:\/\/idakorea.ee\/fi\/wp-json\/wp\/v2\/pwb-brand?post=14946"},{"taxonomy":"product_brand","embeddable":true,"href":"https:\/\/idakorea.ee\/fi\/wp-json\/wp\/v2\/product_brand?post=14946"},{"taxonomy":"product_cat","embeddable":true,"href":"https:\/\/idakorea.ee\/fi\/wp-json\/wp\/v2\/product_cat?post=14946"},{"taxonomy":"product_tag","embeddable":true,"href":"https:\/\/idakorea.ee\/fi\/wp-json\/wp\/v2\/product_tag?post=14946"}],"curies":[{"name":"wp","href":"https:\/\/api.w.org\/{rel}","templated":true}]}}