{"id":14974,"date":"2025-07-01T18:53:37","date_gmt":"2025-07-01T15:53:37","guid":{"rendered":"https:\/\/idakorea.ee\/?post_type=product&#038;p=14974"},"modified":"2026-04-04T11:08:08","modified_gmt":"2026-04-04T09:08:08","slug":"lifting-efektiga-mask-avajar-rejuvenating-double-v-mask","status":"publish","type":"product","link":"https:\/\/idakorea.ee\/fi\/product\/lifting-efektiga-mask-avajar-rejuvenating-double-v-mask\/","title":{"rendered":"Avajar Rejuvenating Double V Mask"},"content":{"rendered":"<p data-start=\"98\" data-end=\"256\"><strong data-start=\"98\" data-end=\"135\">Avajar Rejuvenating Double V Mask<\/strong> \u2013 huipputeknologinen kiinteytt\u00e4v\u00e4 naamio, joka on suunniteltu parantamaan kasvojen muotoja ja v\u00e4hent\u00e4m\u00e4\u00e4n ryppyjen n\u00e4kymist\u00e4.<\/p>\n<p data-start=\"258\" data-end=\"450\">Innovatiivisen koostumuksensa ansiosta, joka sis\u00e4lt\u00e4\u00e4 aktiivisten ainesosien, kuten kollageenin, hyaluronihapon ja aloe veran, naamio kosteuttaa ja ravitsee ihoa tehokkaasti palauttaen sen kimmoisuuden ja kiinteyden.<\/p>\n<p data-start=\"452\" data-end=\"535\">Kangas on kyll\u00e4stetty kosteuttavalla hydrogeeliuutteella. Tulokset ovat v\u00e4litt\u00f6mi\u00e4 ja n\u00e4kyvi\u00e4.<\/p>\n<p data-start=\"537\" data-end=\"823\">Tarjoaa v\u00e4liaikaisen mutta pysyv\u00e4n kohottavan vaikutuksen, parantaen ihon sileytt\u00e4 ja kimmoisuutta jo ensimm\u00e4isen k\u00e4ytt\u00f6kerran j\u00e4lkeen.<\/p>\n<p data-start=\"825\" data-end=\"912\">Ihanteellinen niille, jotka haluavat saavuttaa kohottavan vaikutuksen ilman leikkausta.<\/p>\n<p data-start=\"914\" data-end=\"944\">K\u00e4tev\u00e4 ja helppok\u00e4ytt\u00f6inen<\/p>\n<p data-start=\"945\" data-end=\"1090\">Erityisesti kehitetty muoto mahdollistaa tarkan mukautumisen kasvojen muotoihin ja tehostaa tehokkaasti ongelma-alueita, kuten leukaa ja leukalinjaa.<\/p>\n<p data-start=\"1092\" data-end=\"1141\">Kliinisesti ja dermatologisesti testattu<\/p>\n<p data-start=\"1142\" data-end=\"1226\">Sopii kaikille ihotyypeille, mukaan lukien herk\u00e4lle, eritt\u00e4in kuivalle ja rasvoittuvalle iholle.<\/p>\n<p data-start=\"1233\" data-end=\"1254\"><strong data-start=\"1237\" data-end=\"1252\">K\u00e4ytt\u00f6:<\/strong><\/p>\n<p data-start=\"1255\" data-end=\"1490\">Avaa naamio ja poista suojakerros. Aseta leukasi siteen keskelle ja ved\u00e4 siteen p\u00e4\u00e4t korviesi ymp\u00e4rille. Anna vaikuttaa 30 minuutista tuntiin. Poista sitten naamio ja hiero ihoa hell\u00e4varaisesti sormenp\u00e4ill\u00e4si, kunnes voide on t\u00e4ysin imeytynyt.<\/p>","protected":false},"excerpt":{"rendered":"<p>Avajar Rejuvenating Double V Mask \u2013 huipputeknologinen kiinteytt\u00e4v\u00e4 naamio, joka on suunniteltu parantamaan kasvojen muotoja ja v\u00e4hent\u00e4m\u00e4\u00e4n ryppyjen n\u00e4kyvyytt\u00e4. Innovatiivisen koostumuksensa ansiosta, joka sis\u00e4lt\u00e4\u00e4 aktiiviainekompleksin, kuten kollageenia, hyaluronihappoa ja aloe veraa, naamio kosteuttaa ja ravitsee ihoa tehokkaasti palauttaen sen kimmoisuuden ja kiinteyden. Kangas on kyll\u00e4stetty kosteuttavalla hydrogeeliuutteella. V\u00e4litt\u00f6m\u00e4t ja n\u00e4kyv\u00e4t tulokset. Tarjoaa tilap\u00e4isen mutta pysyv\u00e4n kiinteytt\u00e4v\u00e4n vaikutuksen,\u2026<\/p>","protected":false},"featured_media":14975,"comment_status":"open","ping_status":"closed","template":"","meta":{"_uf_show_specific_survey":0,"_uf_disable_surveys":false,"_bst_post_transparent":"default","_bst_post_title":"","_bst_post_layout":"default","_bst_post_sidebar_id":"","_bst_post_content_style":"default","_bst_post_vertical_padding":"default","_bst_post_feature":"","_bst_post_feature_position":"","_bst_post_header":false,"_bst_post_footer":false},"pwb-brand":[782],"product_brand":[],"product_cat":[92,98],"product_tag":[],"class_list":{"0":"post-14974","1":"product","2":"type-product","3":"status-publish","4":"has-post-thumbnail","6":"pwb-brand-avajar","7":"product_cat-nagu","8":"product_cat-naomaskid","10":"first","11":"outofstock","12":"sale","13":"shipping-taxable","14":"purchasable","15":"product-type-simple","16":"entry","17":"content-bg","18":"loop-entry"},"supplier_id":null,"supplier_sku":"","barcode":null,"atum_controlled":true,"out_stock_date":"2026-04-04 11:08:08","out_stock_threshold":null,"inheritable":false,"inbound_stock":0,"stock_on_hold":0,"sold_today":0,"sales_last_days":1,"out_stock_days":9,"lost_sales":10,"has_location":false,"update_date":"2026-04-14T00:05:04","atum_locations":[],"atum_stock_status":"outofstock","restock_status":false,"low_stock_amount":"","sales_update_date":"2026-04-14T00:05:04","calc_backorders":null,"yoast_head":"<!-- This site is optimized with the Yoast SEO plugin v27.2 - https:\/\/yoast.com\/product\/yoast-seo-wordpress\/ -->\n<title>Avajar Rejuvenating Double V Mask - IDA.KOREA<\/title>\n<meta name=\"description\" content=\"Avajar Rejuvenating Double V Mask \u2013 uuenduslik l\u00f5ua- ja p\u00f5sepiirkonda t\u00f5stev n\u00e4omask. Sisaldab kollageeni ja h\u00fcaluroonhapet, parandab n\u00e4okontuuri ja naha elastsust.\" \/>\n<meta name=\"robots\" content=\"index, follow, max-snippet:-1, max-image-preview:large, max-video-preview:-1\" \/>\n<link rel=\"canonical\" href=\"https:\/\/idakorea.ee\/fi\/product\/lifting-efektiga-mask-avajar-rejuvenating-double-v-mask\/\" \/>\n<meta property=\"og:locale\" content=\"fi_FI\" \/>\n<meta property=\"og:type\" content=\"article\" \/>\n<meta property=\"og:title\" content=\"Avajar Rejuvenating Double V Mask - IDA.KOREA\" \/>\n<meta property=\"og:description\" content=\"Avajar Rejuvenating Double V Mask \u2013 uuenduslik l\u00f5ua- ja p\u00f5sepiirkonda t\u00f5stev n\u00e4omask. Sisaldab kollageeni ja h\u00fcaluroonhapet, parandab n\u00e4okontuuri ja naha elastsust.\" \/>\n<meta property=\"og:url\" content=\"https:\/\/idakorea.ee\/fi\/product\/lifting-efektiga-mask-avajar-rejuvenating-double-v-mask\/\" \/>\n<meta property=\"og:site_name\" content=\"IDA.KOREA\" \/>\n<meta property=\"article:modified_time\" content=\"2026-04-04T09:08:08+00:00\" \/>\n<meta property=\"og:image\" content=\"https:\/\/idakorea.ee\/wp-content\/uploads\/2025\/07\/avajar-rejuvenating-double-v-mask-idakorea.webp\" \/>\n\t<meta property=\"og:image:width\" content=\"2000\" \/>\n\t<meta property=\"og:image:height\" content=\"2000\" \/>\n\t<meta property=\"og:image:type\" content=\"image\/webp\" \/>\n<meta name=\"twitter:card\" content=\"summary_large_image\" \/>\n<meta name=\"twitter:label1\" content=\"Arvioitu lukuaika\" \/>\n\t<meta name=\"twitter:data1\" content=\"1 minuutti\" \/>\n<script type=\"application\/ld+json\" class=\"yoast-schema-graph\">{\"@context\":\"https:\/\/schema.org\",\"@graph\":[{\"@type\":\"WebPage\",\"@id\":\"https:\/\/idakorea.ee\/product\/lifting-efektiga-mask-avajar-rejuvenating-double-v-mask\/\",\"url\":\"https:\/\/idakorea.ee\/product\/lifting-efektiga-mask-avajar-rejuvenating-double-v-mask\/\",\"name\":\"Avajar Rejuvenating Double V Mask - IDA.KOREA\",\"isPartOf\":{\"@id\":\"https:\/\/idakorea.ee\/#website\"},\"primaryImageOfPage\":{\"@id\":\"https:\/\/idakorea.ee\/product\/lifting-efektiga-mask-avajar-rejuvenating-double-v-mask\/#primaryimage\"},\"image\":{\"@id\":\"https:\/\/idakorea.ee\/product\/lifting-efektiga-mask-avajar-rejuvenating-double-v-mask\/#primaryimage\"},\"thumbnailUrl\":\"https:\/\/idakorea.ee\/wp-content\/uploads\/2025\/07\/avajar-rejuvenating-double-v-mask-idakorea.webp\",\"datePublished\":\"2025-07-01T15:53:37+00:00\",\"dateModified\":\"2026-04-04T09:08:08+00:00\",\"description\":\"Avajar Rejuvenating Double V Mask \u2013 uuenduslik l\u00f5ua- ja p\u00f5sepiirkonda t\u00f5stev n\u00e4omask. Sisaldab kollageeni ja h\u00fcaluroonhapet, parandab n\u00e4okontuuri ja naha elastsust.\",\"breadcrumb\":{\"@id\":\"https:\/\/idakorea.ee\/product\/lifting-efektiga-mask-avajar-rejuvenating-double-v-mask\/#breadcrumb\"},\"inLanguage\":\"fi\",\"potentialAction\":[{\"@type\":\"ReadAction\",\"target\":[\"https:\/\/idakorea.ee\/product\/lifting-efektiga-mask-avajar-rejuvenating-double-v-mask\/\"]}]},{\"@type\":\"ImageObject\",\"inLanguage\":\"fi\",\"@id\":\"https:\/\/idakorea.ee\/product\/lifting-efektiga-mask-avajar-rejuvenating-double-v-mask\/#primaryimage\",\"url\":\"https:\/\/idakorea.ee\/wp-content\/uploads\/2025\/07\/avajar-rejuvenating-double-v-mask-idakorea.webp\",\"contentUrl\":\"https:\/\/idakorea.ee\/wp-content\/uploads\/2025\/07\/avajar-rejuvenating-double-v-mask-idakorea.webp\",\"width\":2000,\"height\":2000},{\"@type\":\"BreadcrumbList\",\"@id\":\"https:\/\/idakorea.ee\/product\/lifting-efektiga-mask-avajar-rejuvenating-double-v-mask\/#breadcrumb\",\"itemListElement\":[{\"@type\":\"ListItem\",\"position\":1,\"name\":\"\u0413\u043b\u0430\u0432\u043d\u0430\u044f \u0441\u0442\u0440\u0430\u043d\u0438\u0446\u0430\",\"item\":\"https:\/\/idakorea.ee\/\"},{\"@type\":\"ListItem\",\"position\":2,\"name\":\"Shop\",\"item\":\"https:\/\/idakorea.ee\/shop-2\/\"},{\"@type\":\"ListItem\",\"position\":3,\"name\":\"Lifting-efektiga mask Avajar Rejuvenating Double V Mask\"}]},{\"@type\":\"WebSite\",\"@id\":\"https:\/\/idakorea.ee\/#website\",\"url\":\"https:\/\/idakorea.ee\/\",\"name\":\"IDA.KOREA\",\"description\":\"Korea kosmeetika e-pood\",\"publisher\":{\"@id\":\"https:\/\/idakorea.ee\/#organization\"},\"alternateName\":\"Beauty Shop\",\"potentialAction\":[{\"@type\":\"SearchAction\",\"target\":{\"@type\":\"EntryPoint\",\"urlTemplate\":\"https:\/\/idakorea.ee\/?s={search_term_string}\"},\"query-input\":{\"@type\":\"PropertyValueSpecification\",\"valueRequired\":true,\"valueName\":\"search_term_string\"}}],\"inLanguage\":\"fi\"},{\"@type\":\"Organization\",\"@id\":\"https:\/\/idakorea.ee\/#organization\",\"name\":\"IDA.KOREA\",\"url\":\"https:\/\/idakorea.ee\/\",\"logo\":{\"@type\":\"ImageObject\",\"inLanguage\":\"fi\",\"@id\":\"https:\/\/idakorea.ee\/#\/schema\/logo\/image\/\",\"url\":\"https:\/\/idakorea.ee\/wp-content\/uploads\/2024\/05\/cropped-korea3.png\",\"contentUrl\":\"https:\/\/idakorea.ee\/wp-content\/uploads\/2024\/05\/cropped-korea3.png\",\"width\":688,\"height\":126,\"caption\":\"IDA.KOREA\"},\"image\":{\"@id\":\"https:\/\/idakorea.ee\/#\/schema\/logo\/image\/\"},\"sameAs\":[\"https:\/\/www.instagram.com\/ida.korea\/\"]}]}<\/script>\n<!-- \/ Yoast SEO plugin. -->","yoast_head_json":{"title":"Avajar Nuorentava Tupla-V-naamio - IDA.KOREA","description":"Avajar Rejuvenating Double V Mask \u2013 innovatiivinen kasvonaamio, joka kohottaa leukaa ja poskip\u00e4it\u00e4. Sis\u00e4lt\u00e4\u00e4 kollageenia ja hyaluronihappoa, parantaa kasvojen muotoja ja ihon kimmoisuutta.","robots":{"index":"index","follow":"follow","max-snippet":"max-snippet:-1","max-image-preview":"max-image-preview:large","max-video-preview":"max-video-preview:-1"},"canonical":"https:\/\/idakorea.ee\/fi\/product\/lifting-efektiga-mask-avajar-rejuvenating-double-v-mask\/","og_locale":"fi_FI","og_type":"article","og_title":"Avajar Rejuvenating Double V Mask - IDA.KOREA","og_description":"Avajar Rejuvenating Double V Mask \u2013 uuenduslik l\u00f5ua- ja p\u00f5sepiirkonda t\u00f5stev n\u00e4omask. Sisaldab kollageeni ja h\u00fcaluroonhapet, parandab n\u00e4okontuuri ja naha elastsust.","og_url":"https:\/\/idakorea.ee\/fi\/product\/lifting-efektiga-mask-avajar-rejuvenating-double-v-mask\/","og_site_name":"IDA.KOREA","article_modified_time":"2026-04-04T09:08:08+00:00","og_image":[{"width":2000,"height":2000,"url":"https:\/\/idakorea.ee\/wp-content\/uploads\/2025\/07\/avajar-rejuvenating-double-v-mask-idakorea.webp","type":"image\/webp"}],"twitter_card":"summary_large_image","twitter_misc":{"Arvioitu lukuaika":"1 minuutti"},"schema":{"@context":"https:\/\/schema.org","@graph":[{"@type":"WebPage","@id":"https:\/\/idakorea.ee\/product\/lifting-efektiga-mask-avajar-rejuvenating-double-v-mask\/","url":"https:\/\/idakorea.ee\/product\/lifting-efektiga-mask-avajar-rejuvenating-double-v-mask\/","name":"Avajar Nuorentava Tupla-V-naamio - IDA.KOREA","isPartOf":{"@id":"https:\/\/idakorea.ee\/#website"},"primaryImageOfPage":{"@id":"https:\/\/idakorea.ee\/product\/lifting-efektiga-mask-avajar-rejuvenating-double-v-mask\/#primaryimage"},"image":{"@id":"https:\/\/idakorea.ee\/product\/lifting-efektiga-mask-avajar-rejuvenating-double-v-mask\/#primaryimage"},"thumbnailUrl":"https:\/\/idakorea.ee\/wp-content\/uploads\/2025\/07\/avajar-rejuvenating-double-v-mask-idakorea.webp","datePublished":"2025-07-01T15:53:37+00:00","dateModified":"2026-04-04T09:08:08+00:00","description":"Avajar Rejuvenating Double V Mask \u2013 innovatiivinen kasvonaamio, joka kohottaa leukaa ja poskip\u00e4it\u00e4. Sis\u00e4lt\u00e4\u00e4 kollageenia ja hyaluronihappoa, parantaa kasvojen muotoja ja ihon kimmoisuutta.","breadcrumb":{"@id":"https:\/\/idakorea.ee\/product\/lifting-efektiga-mask-avajar-rejuvenating-double-v-mask\/#breadcrumb"},"inLanguage":"fi","potentialAction":[{"@type":"ReadAction","target":["https:\/\/idakorea.ee\/product\/lifting-efektiga-mask-avajar-rejuvenating-double-v-mask\/"]}]},{"@type":"ImageObject","inLanguage":"fi","@id":"https:\/\/idakorea.ee\/product\/lifting-efektiga-mask-avajar-rejuvenating-double-v-mask\/#primaryimage","url":"https:\/\/idakorea.ee\/wp-content\/uploads\/2025\/07\/avajar-rejuvenating-double-v-mask-idakorea.webp","contentUrl":"https:\/\/idakorea.ee\/wp-content\/uploads\/2025\/07\/avajar-rejuvenating-double-v-mask-idakorea.webp","width":2000,"height":2000},{"@type":"BreadcrumbList","@id":"https:\/\/idakorea.ee\/product\/lifting-efektiga-mask-avajar-rejuvenating-double-v-mask\/#breadcrumb","itemListElement":[{"@type":"ListItem","position":1,"name":"\u0413\u043b\u0430\u0432\u043d\u0430\u044f \u0441\u0442\u0440\u0430\u043d\u0438\u0446\u0430","item":"https:\/\/idakorea.ee\/"},{"@type":"ListItem","position":2,"name":"Shop","item":"https:\/\/idakorea.ee\/shop-2\/"},{"@type":"ListItem","position":3,"name":"Lifting-efektiga mask Avajar Rejuvenating Double V Mask"}]},{"@type":"WebSite","@id":"https:\/\/idakorea.ee\/#website","url":"https:\/\/idakorea.ee\/","name":"IDA.KOREA","description":"Korean kosmetiikan verkkokauppa","publisher":{"@id":"https:\/\/idakorea.ee\/#organization"},"alternateName":"Beauty Shop","potentialAction":[{"@type":"SearchAction","target":{"@type":"EntryPoint","urlTemplate":"https:\/\/idakorea.ee\/?s={search_term_string}"},"query-input":{"@type":"PropertyValueSpecification","valueRequired":true,"valueName":"search_term_string"}}],"inLanguage":"fi"},{"@type":"Organization","@id":"https:\/\/idakorea.ee\/#organization","name":"IDA.KOREA","url":"https:\/\/idakorea.ee\/","logo":{"@type":"ImageObject","inLanguage":"fi","@id":"https:\/\/idakorea.ee\/#\/schema\/logo\/image\/","url":"https:\/\/idakorea.ee\/wp-content\/uploads\/2024\/05\/cropped-korea3.png","contentUrl":"https:\/\/idakorea.ee\/wp-content\/uploads\/2024\/05\/cropped-korea3.png","width":688,"height":126,"caption":"IDA.KOREA"},"image":{"@id":"https:\/\/idakorea.ee\/#\/schema\/logo\/image\/"},"sameAs":["https:\/\/www.instagram.com\/ida.korea\/"]}]}},"jetpack_sharing_enabled":true,"brands":[{"id":782,"name":"AVAJAR","slug":"avajar"}],"_links":{"self":[{"href":"https:\/\/idakorea.ee\/fi\/wp-json\/wp\/v2\/product\/14974","targetHints":{"allow":["GET"]}}],"collection":[{"href":"https:\/\/idakorea.ee\/fi\/wp-json\/wp\/v2\/product"}],"about":[{"href":"https:\/\/idakorea.ee\/fi\/wp-json\/wp\/v2\/types\/product"}],"replies":[{"embeddable":true,"href":"https:\/\/idakorea.ee\/fi\/wp-json\/wp\/v2\/comments?post=14974"}],"version-history":[{"count":2,"href":"https:\/\/idakorea.ee\/fi\/wp-json\/wp\/v2\/product\/14974\/revisions"}],"predecessor-version":[{"id":14979,"href":"https:\/\/idakorea.ee\/fi\/wp-json\/wp\/v2\/product\/14974\/revisions\/14979"}],"wp:featuredmedia":[{"embeddable":true,"href":"https:\/\/idakorea.ee\/fi\/wp-json\/wp\/v2\/media\/14975"}],"wp:attachment":[{"href":"https:\/\/idakorea.ee\/fi\/wp-json\/wp\/v2\/media?parent=14974"}],"wp:term":[{"taxonomy":"pwb-brand","embeddable":true,"href":"https:\/\/idakorea.ee\/fi\/wp-json\/wp\/v2\/pwb-brand?post=14974"},{"taxonomy":"product_brand","embeddable":true,"href":"https:\/\/idakorea.ee\/fi\/wp-json\/wp\/v2\/product_brand?post=14974"},{"taxonomy":"product_cat","embeddable":true,"href":"https:\/\/idakorea.ee\/fi\/wp-json\/wp\/v2\/product_cat?post=14974"},{"taxonomy":"product_tag","embeddable":true,"href":"https:\/\/idakorea.ee\/fi\/wp-json\/wp\/v2\/product_tag?post=14974"}],"curies":[{"name":"wp","href":"https:\/\/api.w.org\/{rel}","templated":true}]}}