{"id":14993,"date":"2025-07-03T12:04:56","date_gmt":"2025-07-03T10:04:56","guid":{"rendered":"https:\/\/idakorea.ee\/?post_type=product&#038;p=14993"},"modified":"2026-04-09T14:43:15","modified_gmt":"2026-04-09T12:43:15","slug":"masil-3-salon-hair-cmc-shampoo-8ml","status":"publish","type":"product","link":"https:\/\/idakorea.ee\/fi\/product\/masil-3-salon-hair-cmc-shampoo-8ml\/","title":{"rendered":"Masil 3 Salon Hair CMC Shampoo, 8ml Parasta ennen 11.05.2026"},"content":{"rendered":"<p data-start=\"169\" data-end=\"367\">Masil 3 ammattimainen, keramiikkaa sis\u00e4lt\u00e4v\u00e4 shampoo puhdistaa hiukset hell\u00e4varaisesti kaikenlaisesta liasta, ei \u00e4rsyt\u00e4 tai kutinaa, auttaa silottamaan hiuksia ja ehk\u00e4isee katkeilua.<\/p>\n<p data-start=\"369\" data-end=\"520\">Tuote poistaa kuivia alueita ja hoitaa vaurioituneita hiuksia tehden niist\u00e4 sile\u00e4t ja helposti k\u00e4sitelt\u00e4v\u00e4t sek\u00e4 rikastuttaen niit\u00e4 hy\u00f6dyllisill\u00e4 aktiiviaineilla.<\/p>\n<p data-start=\"522\" data-end=\"710\">Shampoo kuorii kuolleita ihosoluja ja sis\u00e4lt\u00e4\u00e4 p\u00e4\u00e4nahkaa hoitavia ainesosia: edist\u00e4\u00e4 solujen uusiutumista, vahvistaa hiusjuuria ja suojaa ennenaikaiselta hiustenl\u00e4hd\u00f6lt\u00e4 ja hilseelt\u00e4.<\/p>\n<p data-start=\"712\" data-end=\"944\">K\u00e4yt\u00f6n j\u00e4lkeen hiuksista tulee vahvat, silkkisen pehme\u00e4t ja kiilt\u00e4v\u00e4t. Shampoo antaa raikkaan ja puhtaan tunteen, palauttaa hiusten pehmeyden ja sileyden ja j\u00e4tt\u00e4\u00e4 ne hoidetuksi. Lis\u00e4ksi se viilent\u00e4\u00e4 ja virkist\u00e4\u00e4 miellytt\u00e4v\u00e4sti p\u00e4\u00e4nahkaa.<\/p>\n<p data-start=\"946\" data-end=\"1180\">Shampoo vaahtoaa hyvin ja poistaa helposti kaikenlaisen lian, ylim\u00e4\u00e4r\u00e4isen rasvan ja muotoilutuotteiden j\u00e4\u00e4m\u00e4t h\u00e4iritsem\u00e4tt\u00e4 ihon luonnollista happotasapainoa tai aiheuttamatta kuivuutta tai hilsett\u00e4. Se auttaa my\u00f6s est\u00e4m\u00e4\u00e4n hiusten takkuuntumista.<\/p>\n<p data-start=\"1187\" data-end=\"1215\"><strong data-start=\"1191\" data-end=\"1215\">T\u00e4rkeimm\u00e4t vaikuttavat aineet:<\/strong><\/p>\n<ul data-start=\"1216\" data-end=\"1725\">\n<li data-start=\"1216\" data-end=\"1303\">\n<p data-start=\"1218\" data-end=\"1303\"><strong data-start=\"1218\" data-end=\"1230\">Keramiikka<\/strong> \u2013 vahvistaa hiuksia, korjaa vaurioita, antaa kiiltoa ja silkkisyytt\u00e4.<\/p>\n<\/li>\n<li data-start=\"1304\" data-end=\"1374\">\n<p data-start=\"1306\" data-end=\"1374\"><strong data-start=\"1306\" data-end=\"1319\">Kollaasit<\/strong> \u2013 kosteuttaa, korjaa ja vahvistaa hiuksia ja p\u00e4\u00e4nahkaa.<\/p>\n<\/li>\n<li data-start=\"1375\" data-end=\"1480\">\n<p data-start=\"1377\" data-end=\"1480\"><strong data-start=\"1377\" data-end=\"1391\">Allantoiin<\/strong> \u2013 pehment\u00e4\u00e4 ja kosteuttaa tehokkaasti, rauhoittaa \u00e4rsytyst\u00e4 ja tasapainottaa talirauhasten erityst\u00e4.<\/p>\n<\/li>\n<li data-start=\"1481\" data-end=\"1594\">\n<p data-start=\"1483\" data-end=\"1594\"><strong data-start=\"1483\" data-end=\"1500\">Salisyylihappo<\/strong> \u2013 kuorii kuolleita ihosoluja ja poistaa ylim\u00e4\u00e4r\u00e4ist\u00e4 talia, puhdistaa ihohuokosia ja est\u00e4\u00e4 bakteerien muodostumista.<\/p>\n<\/li>\n<li data-start=\"1595\" data-end=\"1725\">\n<p data-start=\"1597\" data-end=\"1725\"><strong data-start=\"1597\" data-end=\"1608\">Mentoli<\/strong> \u2013 stimuloi verenkiertoa, parantaa ravinteiden imeytymist\u00e4 hiusjuuriin ja stimuloi kasvua samalla v\u00e4hent\u00e4en talin erityst\u00e4.<\/p>\n<\/li>\n<\/ul>\n<p data-start=\"1732\" data-end=\"1748\"><strong data-start=\"1736\" data-end=\"1745\">Sopii<\/strong>:<\/p>\n<p data-start=\"1749\" data-end=\"1817\">Kuiville ja vaurioituneille hiuksille sek\u00e4 rasvoittuvalle p\u00e4\u00e4nahalle.<\/p>\n<p data-start=\"1824\" data-end=\"1845\"><strong data-start=\"1828\" data-end=\"1843\">K\u00e4ytt\u00f6:<\/strong><\/p>\n<p data-start=\"1846\" data-end=\"1963\">Levit\u00e4 pieni m\u00e4\u00e4r\u00e4 shampoota m\u00e4rkiin hiuksiin ja p\u00e4\u00e4nahkaan, hiero ja huuhtele l\u00e4mpim\u00e4ll\u00e4 vedell\u00e4. Toista tarvittaessa.<\/p>","protected":false},"excerpt":{"rendered":"<p>Palauttava ammattimainen keramiikkashampoo Masil 3 puhdistaa hiukset hell\u00e4varaisesti kaikenlaisesta liasta, ei \u00e4rsyt\u00e4 eik\u00e4 aiheuta kutinaa, auttaa silottamaan hiuksia ja ehk\u00e4isee katkeilua. Tuote poistaa kuivia alueita ja hoitaa vaurioituneita hiuksia, tekee niist\u00e4 sile\u00e4t ja helposti k\u00e4sitelt\u00e4v\u00e4t ja rikastuttaa niit\u00e4 hy\u00f6dyllisill\u00e4 aktiiviaineilla. Shampoo kuorii kuolleita ihosoluja ja sis\u00e4lt\u00e4\u00e4 p\u00e4\u00e4nahkaa hoitavia ainesosia: edist\u00e4\u00e4 solujen uusiutumista,\u2026<\/p>","protected":false},"featured_media":14994,"comment_status":"open","ping_status":"closed","template":"","meta":{"_uf_show_specific_survey":0,"_uf_disable_surveys":false,"_bst_post_transparent":"default","_bst_post_title":"","_bst_post_layout":"default","_bst_post_sidebar_id":"","_bst_post_content_style":"default","_bst_post_vertical_padding":"default","_bst_post_feature":"","_bst_post_feature_position":"","_bst_post_header":false,"_bst_post_footer":false},"pwb-brand":[489],"product_brand":[],"product_cat":[923],"product_tag":[941],"class_list":{"0":"post-14993","1":"product","2":"type-product","3":"status-publish","4":"has-post-thumbnail","6":"pwb-brand-masil","7":"product_cat-juuksed","8":"product_tag-masil","10":"first","11":"instock","12":"sale","13":"shipping-taxable","14":"purchasable","15":"product-type-simple","16":"entry","17":"content-bg","18":"loop-entry"},"supplier_id":null,"supplier_sku":"","barcode":null,"atum_controlled":true,"out_stock_date":null,"out_stock_threshold":null,"inheritable":false,"inbound_stock":0,"stock_on_hold":0,"sold_today":0,"sales_last_days":9,"out_stock_days":0,"lost_sales":0,"has_location":false,"update_date":"2026-04-14T00:05:13","atum_locations":[],"atum_stock_status":"instock","restock_status":false,"low_stock_amount":"","sales_update_date":"2026-04-14T00:05:13","calc_backorders":null,"yoast_head":"<!-- This site is optimized with the Yoast SEO plugin v27.2 - https:\/\/yoast.com\/product\/yoast-seo-wordpress\/ -->\n<title>Masil 3 Salon Hair CMC Shampoo, 8ml - IDA.KOREA<\/title>\n<meta name=\"description\" content=\"\u00d5rnalt puhastav professionaalne \u0161ampoon Masil 3 taastab kuivad ja kahjustatud juuksed, silub, tugevdab juuri ja v\u00e4hendab rasueritust. - Kiire tarne!\" \/>\n<meta name=\"robots\" content=\"index, follow, max-snippet:-1, max-image-preview:large, max-video-preview:-1\" \/>\n<link rel=\"canonical\" href=\"https:\/\/idakorea.ee\/fi\/product\/masil-3-salon-hair-cmc-shampoo-8ml\/\" \/>\n<meta property=\"og:locale\" content=\"fi_FI\" \/>\n<meta property=\"og:type\" content=\"article\" \/>\n<meta property=\"og:title\" content=\"Masil 3 Salon Hair CMC Shampoo, 8ml - IDA.KOREA\" \/>\n<meta property=\"og:description\" content=\"\u00d5rnalt puhastav professionaalne \u0161ampoon Masil 3 taastab kuivad ja kahjustatud juuksed, silub, tugevdab juuri ja v\u00e4hendab rasueritust. - Kiire tarne!\" \/>\n<meta property=\"og:url\" content=\"https:\/\/idakorea.ee\/fi\/product\/masil-3-salon-hair-cmc-shampoo-8ml\/\" \/>\n<meta property=\"og:site_name\" content=\"IDA.KOREA\" \/>\n<meta property=\"article:modified_time\" content=\"2026-04-09T12:43:15+00:00\" \/>\n<meta property=\"og:image\" content=\"https:\/\/idakorea.ee\/wp-content\/uploads\/2025\/07\/masil-3-salon-hair-cmc-shampoo-idakorea.png\" \/>\n\t<meta property=\"og:image:width\" content=\"970\" \/>\n\t<meta property=\"og:image:height\" content=\"952\" \/>\n\t<meta property=\"og:image:type\" content=\"image\/png\" \/>\n<meta name=\"twitter:card\" content=\"summary_large_image\" \/>\n<meta name=\"twitter:label1\" content=\"Arvioitu lukuaika\" \/>\n\t<meta name=\"twitter:data1\" content=\"2 minuuttia\" \/>\n<script type=\"application\/ld+json\" class=\"yoast-schema-graph\">{\"@context\":\"https:\/\/schema.org\",\"@graph\":[{\"@type\":\"WebPage\",\"@id\":\"https:\/\/idakorea.ee\/product\/masil-3-salon-hair-cmc-shampoo-8ml\/\",\"url\":\"https:\/\/idakorea.ee\/product\/masil-3-salon-hair-cmc-shampoo-8ml\/\",\"name\":\"Masil 3 Salon Hair CMC Shampoo, 8ml - IDA.KOREA\",\"isPartOf\":{\"@id\":\"https:\/\/idakorea.ee\/#website\"},\"primaryImageOfPage\":{\"@id\":\"https:\/\/idakorea.ee\/product\/masil-3-salon-hair-cmc-shampoo-8ml\/#primaryimage\"},\"image\":{\"@id\":\"https:\/\/idakorea.ee\/product\/masil-3-salon-hair-cmc-shampoo-8ml\/#primaryimage\"},\"thumbnailUrl\":\"https:\/\/idakorea.ee\/wp-content\/uploads\/2025\/07\/masil-3-salon-hair-cmc-shampoo-idakorea.png\",\"datePublished\":\"2025-07-03T10:04:56+00:00\",\"dateModified\":\"2026-04-09T12:43:15+00:00\",\"description\":\"\u00d5rnalt puhastav professionaalne \u0161ampoon Masil 3 taastab kuivad ja kahjustatud juuksed, silub, tugevdab juuri ja v\u00e4hendab rasueritust. - Kiire tarne!\",\"breadcrumb\":{\"@id\":\"https:\/\/idakorea.ee\/product\/masil-3-salon-hair-cmc-shampoo-8ml\/#breadcrumb\"},\"inLanguage\":\"fi\",\"potentialAction\":[{\"@type\":\"ReadAction\",\"target\":[\"https:\/\/idakorea.ee\/product\/masil-3-salon-hair-cmc-shampoo-8ml\/\"]}]},{\"@type\":\"ImageObject\",\"inLanguage\":\"fi\",\"@id\":\"https:\/\/idakorea.ee\/product\/masil-3-salon-hair-cmc-shampoo-8ml\/#primaryimage\",\"url\":\"https:\/\/idakorea.ee\/wp-content\/uploads\/2025\/07\/masil-3-salon-hair-cmc-shampoo-idakorea.png\",\"contentUrl\":\"https:\/\/idakorea.ee\/wp-content\/uploads\/2025\/07\/masil-3-salon-hair-cmc-shampoo-idakorea.png\",\"width\":970,\"height\":952},{\"@type\":\"BreadcrumbList\",\"@id\":\"https:\/\/idakorea.ee\/product\/masil-3-salon-hair-cmc-shampoo-8ml\/#breadcrumb\",\"itemListElement\":[{\"@type\":\"ListItem\",\"position\":1,\"name\":\"\u0413\u043b\u0430\u0432\u043d\u0430\u044f \u0441\u0442\u0440\u0430\u043d\u0438\u0446\u0430\",\"item\":\"https:\/\/idakorea.ee\/\"},{\"@type\":\"ListItem\",\"position\":2,\"name\":\"Shop\",\"item\":\"https:\/\/idakorea.ee\/shop-2\/\"},{\"@type\":\"ListItem\",\"position\":3,\"name\":\"Taastav \u0161ampoon keraamidega Masil 3 Salon Hair CMC Shampoo, 8ml EXP 11.05.2026\"}]},{\"@type\":\"WebSite\",\"@id\":\"https:\/\/idakorea.ee\/#website\",\"url\":\"https:\/\/idakorea.ee\/\",\"name\":\"IDA.KOREA\",\"description\":\"Korea kosmeetika e-pood\",\"publisher\":{\"@id\":\"https:\/\/idakorea.ee\/#organization\"},\"alternateName\":\"Beauty Shop\",\"potentialAction\":[{\"@type\":\"SearchAction\",\"target\":{\"@type\":\"EntryPoint\",\"urlTemplate\":\"https:\/\/idakorea.ee\/?s={search_term_string}\"},\"query-input\":{\"@type\":\"PropertyValueSpecification\",\"valueRequired\":true,\"valueName\":\"search_term_string\"}}],\"inLanguage\":\"fi\"},{\"@type\":\"Organization\",\"@id\":\"https:\/\/idakorea.ee\/#organization\",\"name\":\"IDA.KOREA\",\"url\":\"https:\/\/idakorea.ee\/\",\"logo\":{\"@type\":\"ImageObject\",\"inLanguage\":\"fi\",\"@id\":\"https:\/\/idakorea.ee\/#\/schema\/logo\/image\/\",\"url\":\"https:\/\/idakorea.ee\/wp-content\/uploads\/2024\/05\/cropped-korea3.png\",\"contentUrl\":\"https:\/\/idakorea.ee\/wp-content\/uploads\/2024\/05\/cropped-korea3.png\",\"width\":688,\"height\":126,\"caption\":\"IDA.KOREA\"},\"image\":{\"@id\":\"https:\/\/idakorea.ee\/#\/schema\/logo\/image\/\"},\"sameAs\":[\"https:\/\/www.instagram.com\/ida.korea\/\"]}]}<\/script>\n<!-- \/ Yoast SEO plugin. -->","yoast_head_json":{"title":"Masil 3 Salon Hair CMC -shampoo, 8ml - IDA.KOREA","description":"Masil 3, hell\u00e4varainen puhdistava ammattilaistason shampoo, palauttaa kuivat ja vaurioituneet hiukset, silottaa, vahvistaa tyve\u00e4 ja v\u00e4hent\u00e4\u00e4 talin erityst\u00e4. - Nopea toimitus!","robots":{"index":"index","follow":"follow","max-snippet":"max-snippet:-1","max-image-preview":"max-image-preview:large","max-video-preview":"max-video-preview:-1"},"canonical":"https:\/\/idakorea.ee\/fi\/product\/masil-3-salon-hair-cmc-shampoo-8ml\/","og_locale":"fi_FI","og_type":"article","og_title":"Masil 3 Salon Hair CMC Shampoo, 8ml - IDA.KOREA","og_description":"\u00d5rnalt puhastav professionaalne \u0161ampoon Masil 3 taastab kuivad ja kahjustatud juuksed, silub, tugevdab juuri ja v\u00e4hendab rasueritust. - Kiire tarne!","og_url":"https:\/\/idakorea.ee\/fi\/product\/masil-3-salon-hair-cmc-shampoo-8ml\/","og_site_name":"IDA.KOREA","article_modified_time":"2026-04-09T12:43:15+00:00","og_image":[{"width":970,"height":952,"url":"https:\/\/idakorea.ee\/wp-content\/uploads\/2025\/07\/masil-3-salon-hair-cmc-shampoo-idakorea.png","type":"image\/png"}],"twitter_card":"summary_large_image","twitter_misc":{"Arvioitu lukuaika":"2 minuuttia"},"schema":{"@context":"https:\/\/schema.org","@graph":[{"@type":"WebPage","@id":"https:\/\/idakorea.ee\/product\/masil-3-salon-hair-cmc-shampoo-8ml\/","url":"https:\/\/idakorea.ee\/product\/masil-3-salon-hair-cmc-shampoo-8ml\/","name":"Masil 3 Salon Hair CMC -shampoo, 8ml - IDA.KOREA","isPartOf":{"@id":"https:\/\/idakorea.ee\/#website"},"primaryImageOfPage":{"@id":"https:\/\/idakorea.ee\/product\/masil-3-salon-hair-cmc-shampoo-8ml\/#primaryimage"},"image":{"@id":"https:\/\/idakorea.ee\/product\/masil-3-salon-hair-cmc-shampoo-8ml\/#primaryimage"},"thumbnailUrl":"https:\/\/idakorea.ee\/wp-content\/uploads\/2025\/07\/masil-3-salon-hair-cmc-shampoo-idakorea.png","datePublished":"2025-07-03T10:04:56+00:00","dateModified":"2026-04-09T12:43:15+00:00","description":"Masil 3, hell\u00e4varainen puhdistava ammattilaistason shampoo, palauttaa kuivat ja vaurioituneet hiukset, silottaa, vahvistaa tyve\u00e4 ja v\u00e4hent\u00e4\u00e4 talin erityst\u00e4. - Nopea toimitus!","breadcrumb":{"@id":"https:\/\/idakorea.ee\/product\/masil-3-salon-hair-cmc-shampoo-8ml\/#breadcrumb"},"inLanguage":"fi","potentialAction":[{"@type":"ReadAction","target":["https:\/\/idakorea.ee\/product\/masil-3-salon-hair-cmc-shampoo-8ml\/"]}]},{"@type":"ImageObject","inLanguage":"fi","@id":"https:\/\/idakorea.ee\/product\/masil-3-salon-hair-cmc-shampoo-8ml\/#primaryimage","url":"https:\/\/idakorea.ee\/wp-content\/uploads\/2025\/07\/masil-3-salon-hair-cmc-shampoo-idakorea.png","contentUrl":"https:\/\/idakorea.ee\/wp-content\/uploads\/2025\/07\/masil-3-salon-hair-cmc-shampoo-idakorea.png","width":970,"height":952},{"@type":"BreadcrumbList","@id":"https:\/\/idakorea.ee\/product\/masil-3-salon-hair-cmc-shampoo-8ml\/#breadcrumb","itemListElement":[{"@type":"ListItem","position":1,"name":"\u0413\u043b\u0430\u0432\u043d\u0430\u044f \u0441\u0442\u0440\u0430\u043d\u0438\u0446\u0430","item":"https:\/\/idakorea.ee\/"},{"@type":"ListItem","position":2,"name":"Shop","item":"https:\/\/idakorea.ee\/shop-2\/"},{"@type":"ListItem","position":3,"name":"Taastav \u0161ampoon keraamidega Masil 3 Salon Hair CMC Shampoo, 8ml EXP 11.05.2026"}]},{"@type":"WebSite","@id":"https:\/\/idakorea.ee\/#website","url":"https:\/\/idakorea.ee\/","name":"IDA.KOREA","description":"Korean kosmetiikan verkkokauppa","publisher":{"@id":"https:\/\/idakorea.ee\/#organization"},"alternateName":"Beauty Shop","potentialAction":[{"@type":"SearchAction","target":{"@type":"EntryPoint","urlTemplate":"https:\/\/idakorea.ee\/?s={search_term_string}"},"query-input":{"@type":"PropertyValueSpecification","valueRequired":true,"valueName":"search_term_string"}}],"inLanguage":"fi"},{"@type":"Organization","@id":"https:\/\/idakorea.ee\/#organization","name":"IDA.KOREA","url":"https:\/\/idakorea.ee\/","logo":{"@type":"ImageObject","inLanguage":"fi","@id":"https:\/\/idakorea.ee\/#\/schema\/logo\/image\/","url":"https:\/\/idakorea.ee\/wp-content\/uploads\/2024\/05\/cropped-korea3.png","contentUrl":"https:\/\/idakorea.ee\/wp-content\/uploads\/2024\/05\/cropped-korea3.png","width":688,"height":126,"caption":"IDA.KOREA"},"image":{"@id":"https:\/\/idakorea.ee\/#\/schema\/logo\/image\/"},"sameAs":["https:\/\/www.instagram.com\/ida.korea\/"]}]}},"jetpack_sharing_enabled":true,"brands":[{"id":489,"name":"MASIL","slug":"masil"}],"_links":{"self":[{"href":"https:\/\/idakorea.ee\/fi\/wp-json\/wp\/v2\/product\/14993","targetHints":{"allow":["GET"]}}],"collection":[{"href":"https:\/\/idakorea.ee\/fi\/wp-json\/wp\/v2\/product"}],"about":[{"href":"https:\/\/idakorea.ee\/fi\/wp-json\/wp\/v2\/types\/product"}],"replies":[{"embeddable":true,"href":"https:\/\/idakorea.ee\/fi\/wp-json\/wp\/v2\/comments?post=14993"}],"version-history":[{"count":5,"href":"https:\/\/idakorea.ee\/fi\/wp-json\/wp\/v2\/product\/14993\/revisions"}],"predecessor-version":[{"id":17794,"href":"https:\/\/idakorea.ee\/fi\/wp-json\/wp\/v2\/product\/14993\/revisions\/17794"}],"wp:featuredmedia":[{"embeddable":true,"href":"https:\/\/idakorea.ee\/fi\/wp-json\/wp\/v2\/media\/14994"}],"wp:attachment":[{"href":"https:\/\/idakorea.ee\/fi\/wp-json\/wp\/v2\/media?parent=14993"}],"wp:term":[{"taxonomy":"pwb-brand","embeddable":true,"href":"https:\/\/idakorea.ee\/fi\/wp-json\/wp\/v2\/pwb-brand?post=14993"},{"taxonomy":"product_brand","embeddable":true,"href":"https:\/\/idakorea.ee\/fi\/wp-json\/wp\/v2\/product_brand?post=14993"},{"taxonomy":"product_cat","embeddable":true,"href":"https:\/\/idakorea.ee\/fi\/wp-json\/wp\/v2\/product_cat?post=14993"},{"taxonomy":"product_tag","embeddable":true,"href":"https:\/\/idakorea.ee\/fi\/wp-json\/wp\/v2\/product_tag?post=14993"}],"curies":[{"name":"wp","href":"https:\/\/api.w.org\/{rel}","templated":true}]}}