{"id":15066,"date":"2025-07-05T14:47:07","date_gmt":"2025-07-05T11:47:07","guid":{"rendered":"https:\/\/idakorea.ee\/?post_type=product&#038;p=15066"},"modified":"2026-04-03T09:22:23","modified_gmt":"2026-04-03T07:22:23","slug":"intensiivselt-taastav-naomask-medicube-pdrn-pink-vita-coating-mask-22g","status":"publish","type":"product","link":"https:\/\/idakorea.ee\/fi\/product\/intensiivselt-taastav-naomask-medicube-pdrn-pink-vita-coating-mask-22g\/","title":{"rendered":"Tehokkaasti palauttava kasvonaamio Medicube PDRN Pink Vita Coating Mask, 22g"},"content":{"rendered":"<p>Tehokkaasti palauttava ja kosteuttava kangasnaamio, joka antaa iholle ruusuisen hehkun ja vahvistaa sen elinvoimaa.<\/p>\n<p><strong>T\u00e4rkeimm\u00e4t ominaisuudet:<\/strong><\/p>\n<p><strong>Vaaleanpunaista hehkua ja vitamiinipitoista hoitoa:<\/strong><br \/>\nNaamio sis\u00e4lt\u00e4\u00e4 yhdeks\u00e4\u00e4 vitamiinia ja niasiiniamidia, jotka auttavat kirkastamaan sameaa ja v\u00e4synytt\u00e4 ihoa ja palauttamaan sen luonnollisen s\u00e4vyn.<\/p>\n<p><strong>Syv\u00e4kosteutus ja suojakerros:<\/strong><br \/>\nViiden hyaluronihappomolekyylin ansiosta naamio kosteuttaa tehokkaasti kaikkia ihon kerroksia ja palauttaa kosteustasapainon.<\/p>\n<p><strong>PDRN (polydeoksiribonukleotidi):<\/strong><br \/>\nL\u00e4\u00e4ketieteellisesti k\u00e4ytetty vaikuttava aine, joka edist\u00e4\u00e4 solujen uusiutumista ja ihon uudistumista. Parantaa ihon kimmoisuutta ja auttaa v\u00e4hent\u00e4m\u00e4\u00e4n hienoja juonteita.<\/p>\n<p><strong>Rauhoittava ja hoitava koostumus:<\/strong><br \/>\nSis\u00e4lt\u00e4\u00e4 my\u00f6s allantoiinia ja pantenolia, jotka rauhoittavat \u00e4rtynytt\u00e4 ihoa ja vahvistavat sen luonnollista suojakerrosta.<\/p>\n<p><strong>Kenelle sopii:<\/strong><\/p>\n<ul>\n<li>Samealle ja ep\u00e4tasaiselle ihons\u00e4vylle<\/li>\n<li>Kuivalle tai kosteusk\u00f6yh\u00e4lle iholle<\/li>\n<li>Herk\u00e4lle iholle, joka kaipaa elvytt\u00e4mist\u00e4<\/li>\n<li>Iholle, joka kaipaa hehkua ja elinvoimaa<\/li>\n<\/ul>\n<p><strong>K\u00e4ytt\u00f6:<\/strong><br \/>\nPuhdista ja kasvovesi. Aseta naamio kasvoillesi ja anna vaikuttaa 10\u201320 minuuttia. Poista naamio ja taputtele j\u00e4ljell\u00e4 oleva seerumi hell\u00e4varaisesti ihoosi.<\/p>\n<p>&nbsp;<\/p>","protected":false},"excerpt":{"rendered":"<p>Tehokkaasti uudistava ja kosteuttava kangasnaamio, joka antaa iholle ruusunpunaisen hehkun ja vahvistaa sen elinvoimaa. T\u00e4rkeimm\u00e4t ominaisuudet: Vaaleanpunainen hehku ja vitamiinipitoinen hoito: Naamio sis\u00e4lt\u00e4\u00e4 9 vitamiinia ja niasiiniamidia, jotka auttavat kirkastamaan sameaa ja v\u00e4synytt\u00e4 ihoa ja palauttamaan sen luonnollisen s\u00e4vyn. Syv\u00e4kosteutus ja suojakerros: Viiden hyaluronihappomolekyylin ansiosta naamio kosteuttaa tehokkaasti kaikkia ihon kerroksia ja palauttaa\u2026<\/p>","protected":false},"featured_media":15067,"comment_status":"open","ping_status":"closed","template":"","meta":{"_uf_show_specific_survey":0,"_uf_disable_surveys":false,"_bst_post_transparent":"default","_bst_post_title":"","_bst_post_layout":"default","_bst_post_sidebar_id":"","_bst_post_content_style":"default","_bst_post_vertical_padding":"default","_bst_post_feature":"","_bst_post_feature_position":"","_bst_post_header":false,"_bst_post_footer":false},"pwb-brand":[490],"product_brand":[],"product_cat":[92,98],"product_tag":[614,721,789],"class_list":{"0":"post-15066","1":"product","2":"type-product","3":"status-publish","4":"has-post-thumbnail","6":"pwb-brand-medicube","7":"product_cat-nagu","8":"product_cat-naomaskid","9":"product_tag-mask","10":"product_tag-medicube","11":"product_tag-pdrn","13":"first","14":"instock","15":"sale","16":"shipping-taxable","17":"purchasable","18":"product-type-simple","19":"entry","20":"content-bg","21":"loop-entry"},"supplier_id":null,"supplier_sku":"","barcode":"8800289470165","atum_controlled":true,"out_stock_date":null,"out_stock_threshold":null,"inheritable":false,"inbound_stock":0,"stock_on_hold":0,"sold_today":0,"sales_last_days":2,"out_stock_days":0,"lost_sales":0,"has_location":false,"update_date":"2026-04-14T00:05:11","atum_locations":[],"atum_stock_status":"instock","restock_status":false,"low_stock_amount":"","sales_update_date":"2026-04-14T00:05:11","calc_backorders":null,"yoast_head":"<!-- This site is optimized with the Yoast SEO plugin v27.2 - https:\/\/yoast.com\/product\/yoast-seo-wordpress\/ -->\n<title>Medicube PDRN Pink Vita Coating Mask, 22g - IDA.KOREA<\/title>\n<meta name=\"description\" content=\"Medicube PDRN Pink Vita Coating Mask on vitamiinirikas n\u00e4omask, annab nahale s\u00e4ra ja soodustab taastumist t\u00e4nu PDRN-i ja h\u00fcaluroonhappe sisaldusele.\" \/>\n<meta name=\"robots\" content=\"index, follow, max-snippet:-1, max-image-preview:large, max-video-preview:-1\" \/>\n<link rel=\"canonical\" href=\"https:\/\/idakorea.ee\/fi\/product\/intensiivselt-taastav-naomask-medicube-pdrn-pink-vita-coating-mask-22g\/\" \/>\n<meta property=\"og:locale\" content=\"fi_FI\" \/>\n<meta property=\"og:type\" content=\"article\" \/>\n<meta property=\"og:title\" content=\"Medicube PDRN Pink Vita Coating Mask, 22g - IDA.KOREA\" \/>\n<meta property=\"og:description\" content=\"Medicube PDRN Pink Vita Coating Mask on vitamiinirikas n\u00e4omask, annab nahale s\u00e4ra ja soodustab taastumist t\u00e4nu PDRN-i ja h\u00fcaluroonhappe sisaldusele.\" \/>\n<meta property=\"og:url\" content=\"https:\/\/idakorea.ee\/fi\/product\/intensiivselt-taastav-naomask-medicube-pdrn-pink-vita-coating-mask-22g\/\" \/>\n<meta property=\"og:site_name\" content=\"IDA.KOREA\" \/>\n<meta property=\"article:modified_time\" content=\"2026-04-03T07:22:23+00:00\" \/>\n<meta property=\"og:image\" content=\"https:\/\/idakorea.ee\/wp-content\/uploads\/2025\/07\/idakorea-medicube-pink-pdrn-vita-coating-mask.webp\" \/>\n\t<meta property=\"og:image:width\" content=\"900\" \/>\n\t<meta property=\"og:image:height\" content=\"900\" \/>\n\t<meta property=\"og:image:type\" content=\"image\/webp\" \/>\n<meta name=\"twitter:card\" content=\"summary_large_image\" \/>\n<meta name=\"twitter:label1\" content=\"Arvioitu lukuaika\" \/>\n\t<meta name=\"twitter:data1\" content=\"1 minuutti\" \/>\n<script type=\"application\/ld+json\" class=\"yoast-schema-graph\">{\"@context\":\"https:\/\/schema.org\",\"@graph\":[{\"@type\":\"WebPage\",\"@id\":\"https:\/\/idakorea.ee\/product\/intensiivselt-taastav-naomask-medicube-pdrn-pink-vita-coating-mask-22g\/\",\"url\":\"https:\/\/idakorea.ee\/product\/intensiivselt-taastav-naomask-medicube-pdrn-pink-vita-coating-mask-22g\/\",\"name\":\"Medicube PDRN Pink Vita Coating Mask, 22g - IDA.KOREA\",\"isPartOf\":{\"@id\":\"https:\/\/idakorea.ee\/#website\"},\"primaryImageOfPage\":{\"@id\":\"https:\/\/idakorea.ee\/product\/intensiivselt-taastav-naomask-medicube-pdrn-pink-vita-coating-mask-22g\/#primaryimage\"},\"image\":{\"@id\":\"https:\/\/idakorea.ee\/product\/intensiivselt-taastav-naomask-medicube-pdrn-pink-vita-coating-mask-22g\/#primaryimage\"},\"thumbnailUrl\":\"https:\/\/idakorea.ee\/wp-content\/uploads\/2025\/07\/idakorea-medicube-pink-pdrn-vita-coating-mask.webp\",\"datePublished\":\"2025-07-05T11:47:07+00:00\",\"dateModified\":\"2026-04-03T07:22:23+00:00\",\"description\":\"Medicube PDRN Pink Vita Coating Mask on vitamiinirikas n\u00e4omask, annab nahale s\u00e4ra ja soodustab taastumist t\u00e4nu PDRN-i ja h\u00fcaluroonhappe sisaldusele.\",\"breadcrumb\":{\"@id\":\"https:\/\/idakorea.ee\/product\/intensiivselt-taastav-naomask-medicube-pdrn-pink-vita-coating-mask-22g\/#breadcrumb\"},\"inLanguage\":\"fi\",\"potentialAction\":[{\"@type\":\"ReadAction\",\"target\":[\"https:\/\/idakorea.ee\/product\/intensiivselt-taastav-naomask-medicube-pdrn-pink-vita-coating-mask-22g\/\"]}]},{\"@type\":\"ImageObject\",\"inLanguage\":\"fi\",\"@id\":\"https:\/\/idakorea.ee\/product\/intensiivselt-taastav-naomask-medicube-pdrn-pink-vita-coating-mask-22g\/#primaryimage\",\"url\":\"https:\/\/idakorea.ee\/wp-content\/uploads\/2025\/07\/idakorea-medicube-pink-pdrn-vita-coating-mask.webp\",\"contentUrl\":\"https:\/\/idakorea.ee\/wp-content\/uploads\/2025\/07\/idakorea-medicube-pink-pdrn-vita-coating-mask.webp\",\"width\":900,\"height\":900},{\"@type\":\"BreadcrumbList\",\"@id\":\"https:\/\/idakorea.ee\/product\/intensiivselt-taastav-naomask-medicube-pdrn-pink-vita-coating-mask-22g\/#breadcrumb\",\"itemListElement\":[{\"@type\":\"ListItem\",\"position\":1,\"name\":\"\u0413\u043b\u0430\u0432\u043d\u0430\u044f \u0441\u0442\u0440\u0430\u043d\u0438\u0446\u0430\",\"item\":\"https:\/\/idakorea.ee\/\"},{\"@type\":\"ListItem\",\"position\":2,\"name\":\"Shop\",\"item\":\"https:\/\/idakorea.ee\/shop-2\/\"},{\"@type\":\"ListItem\",\"position\":3,\"name\":\"Intensiivselt taastav n\u00e4omask Medicube PDRN Pink Vita Coating Mask, 22g\"}]},{\"@type\":\"WebSite\",\"@id\":\"https:\/\/idakorea.ee\/#website\",\"url\":\"https:\/\/idakorea.ee\/\",\"name\":\"IDA.KOREA\",\"description\":\"Korea kosmeetika e-pood\",\"publisher\":{\"@id\":\"https:\/\/idakorea.ee\/#organization\"},\"alternateName\":\"Beauty Shop\",\"potentialAction\":[{\"@type\":\"SearchAction\",\"target\":{\"@type\":\"EntryPoint\",\"urlTemplate\":\"https:\/\/idakorea.ee\/?s={search_term_string}\"},\"query-input\":{\"@type\":\"PropertyValueSpecification\",\"valueRequired\":true,\"valueName\":\"search_term_string\"}}],\"inLanguage\":\"fi\"},{\"@type\":\"Organization\",\"@id\":\"https:\/\/idakorea.ee\/#organization\",\"name\":\"IDA.KOREA\",\"url\":\"https:\/\/idakorea.ee\/\",\"logo\":{\"@type\":\"ImageObject\",\"inLanguage\":\"fi\",\"@id\":\"https:\/\/idakorea.ee\/#\/schema\/logo\/image\/\",\"url\":\"https:\/\/idakorea.ee\/wp-content\/uploads\/2024\/05\/cropped-korea3.png\",\"contentUrl\":\"https:\/\/idakorea.ee\/wp-content\/uploads\/2024\/05\/cropped-korea3.png\",\"width\":688,\"height\":126,\"caption\":\"IDA.KOREA\"},\"image\":{\"@id\":\"https:\/\/idakorea.ee\/#\/schema\/logo\/image\/\"},\"sameAs\":[\"https:\/\/www.instagram.com\/ida.korea\/\"]}]}<\/script>\n<!-- \/ Yoast SEO plugin. -->","yoast_head_json":{"title":"Medicube PDRN Pink Vita Coating Mask, 22g - IDA.KOREA","description":"Medicube PDRN Pink Vita Coating Mask on vitamiinipitoinen kasvonaamio, joka antaa iholle hehkun ja edist\u00e4\u00e4 uudistumista PDRN:n ja hyaluronihapon ansiosta.","robots":{"index":"index","follow":"follow","max-snippet":"max-snippet:-1","max-image-preview":"max-image-preview:large","max-video-preview":"max-video-preview:-1"},"canonical":"https:\/\/idakorea.ee\/fi\/product\/intensiivselt-taastav-naomask-medicube-pdrn-pink-vita-coating-mask-22g\/","og_locale":"fi_FI","og_type":"article","og_title":"Medicube PDRN Pink Vita Coating Mask, 22g - IDA.KOREA","og_description":"Medicube PDRN Pink Vita Coating Mask on vitamiinirikas n\u00e4omask, annab nahale s\u00e4ra ja soodustab taastumist t\u00e4nu PDRN-i ja h\u00fcaluroonhappe sisaldusele.","og_url":"https:\/\/idakorea.ee\/fi\/product\/intensiivselt-taastav-naomask-medicube-pdrn-pink-vita-coating-mask-22g\/","og_site_name":"IDA.KOREA","article_modified_time":"2026-04-03T07:22:23+00:00","og_image":[{"width":900,"height":900,"url":"https:\/\/idakorea.ee\/wp-content\/uploads\/2025\/07\/idakorea-medicube-pink-pdrn-vita-coating-mask.webp","type":"image\/webp"}],"twitter_card":"summary_large_image","twitter_misc":{"Arvioitu lukuaika":"1 minuutti"},"schema":{"@context":"https:\/\/schema.org","@graph":[{"@type":"WebPage","@id":"https:\/\/idakorea.ee\/product\/intensiivselt-taastav-naomask-medicube-pdrn-pink-vita-coating-mask-22g\/","url":"https:\/\/idakorea.ee\/product\/intensiivselt-taastav-naomask-medicube-pdrn-pink-vita-coating-mask-22g\/","name":"Medicube PDRN Pink Vita Coating Mask, 22g - IDA.KOREA","isPartOf":{"@id":"https:\/\/idakorea.ee\/#website"},"primaryImageOfPage":{"@id":"https:\/\/idakorea.ee\/product\/intensiivselt-taastav-naomask-medicube-pdrn-pink-vita-coating-mask-22g\/#primaryimage"},"image":{"@id":"https:\/\/idakorea.ee\/product\/intensiivselt-taastav-naomask-medicube-pdrn-pink-vita-coating-mask-22g\/#primaryimage"},"thumbnailUrl":"https:\/\/idakorea.ee\/wp-content\/uploads\/2025\/07\/idakorea-medicube-pink-pdrn-vita-coating-mask.webp","datePublished":"2025-07-05T11:47:07+00:00","dateModified":"2026-04-03T07:22:23+00:00","description":"Medicube PDRN Pink Vita Coating Mask on vitamiinipitoinen kasvonaamio, joka antaa iholle hehkun ja edist\u00e4\u00e4 uudistumista PDRN:n ja hyaluronihapon ansiosta.","breadcrumb":{"@id":"https:\/\/idakorea.ee\/product\/intensiivselt-taastav-naomask-medicube-pdrn-pink-vita-coating-mask-22g\/#breadcrumb"},"inLanguage":"fi","potentialAction":[{"@type":"ReadAction","target":["https:\/\/idakorea.ee\/product\/intensiivselt-taastav-naomask-medicube-pdrn-pink-vita-coating-mask-22g\/"]}]},{"@type":"ImageObject","inLanguage":"fi","@id":"https:\/\/idakorea.ee\/product\/intensiivselt-taastav-naomask-medicube-pdrn-pink-vita-coating-mask-22g\/#primaryimage","url":"https:\/\/idakorea.ee\/wp-content\/uploads\/2025\/07\/idakorea-medicube-pink-pdrn-vita-coating-mask.webp","contentUrl":"https:\/\/idakorea.ee\/wp-content\/uploads\/2025\/07\/idakorea-medicube-pink-pdrn-vita-coating-mask.webp","width":900,"height":900},{"@type":"BreadcrumbList","@id":"https:\/\/idakorea.ee\/product\/intensiivselt-taastav-naomask-medicube-pdrn-pink-vita-coating-mask-22g\/#breadcrumb","itemListElement":[{"@type":"ListItem","position":1,"name":"\u0413\u043b\u0430\u0432\u043d\u0430\u044f \u0441\u0442\u0440\u0430\u043d\u0438\u0446\u0430","item":"https:\/\/idakorea.ee\/"},{"@type":"ListItem","position":2,"name":"Shop","item":"https:\/\/idakorea.ee\/shop-2\/"},{"@type":"ListItem","position":3,"name":"Intensiivselt taastav n\u00e4omask Medicube PDRN Pink Vita Coating Mask, 22g"}]},{"@type":"WebSite","@id":"https:\/\/idakorea.ee\/#website","url":"https:\/\/idakorea.ee\/","name":"IDA.KOREA","description":"Korean kosmetiikan verkkokauppa","publisher":{"@id":"https:\/\/idakorea.ee\/#organization"},"alternateName":"Beauty Shop","potentialAction":[{"@type":"SearchAction","target":{"@type":"EntryPoint","urlTemplate":"https:\/\/idakorea.ee\/?s={search_term_string}"},"query-input":{"@type":"PropertyValueSpecification","valueRequired":true,"valueName":"search_term_string"}}],"inLanguage":"fi"},{"@type":"Organization","@id":"https:\/\/idakorea.ee\/#organization","name":"IDA.KOREA","url":"https:\/\/idakorea.ee\/","logo":{"@type":"ImageObject","inLanguage":"fi","@id":"https:\/\/idakorea.ee\/#\/schema\/logo\/image\/","url":"https:\/\/idakorea.ee\/wp-content\/uploads\/2024\/05\/cropped-korea3.png","contentUrl":"https:\/\/idakorea.ee\/wp-content\/uploads\/2024\/05\/cropped-korea3.png","width":688,"height":126,"caption":"IDA.KOREA"},"image":{"@id":"https:\/\/idakorea.ee\/#\/schema\/logo\/image\/"},"sameAs":["https:\/\/www.instagram.com\/ida.korea\/"]}]}},"jetpack_sharing_enabled":true,"brands":[{"id":490,"name":"MEDICUBE","slug":"medicube"}],"_links":{"self":[{"href":"https:\/\/idakorea.ee\/fi\/wp-json\/wp\/v2\/product\/15066","targetHints":{"allow":["GET"]}}],"collection":[{"href":"https:\/\/idakorea.ee\/fi\/wp-json\/wp\/v2\/product"}],"about":[{"href":"https:\/\/idakorea.ee\/fi\/wp-json\/wp\/v2\/types\/product"}],"replies":[{"embeddable":true,"href":"https:\/\/idakorea.ee\/fi\/wp-json\/wp\/v2\/comments?post=15066"}],"version-history":[{"count":1,"href":"https:\/\/idakorea.ee\/fi\/wp-json\/wp\/v2\/product\/15066\/revisions"}],"predecessor-version":[{"id":15070,"href":"https:\/\/idakorea.ee\/fi\/wp-json\/wp\/v2\/product\/15066\/revisions\/15070"}],"wp:featuredmedia":[{"embeddable":true,"href":"https:\/\/idakorea.ee\/fi\/wp-json\/wp\/v2\/media\/15067"}],"wp:attachment":[{"href":"https:\/\/idakorea.ee\/fi\/wp-json\/wp\/v2\/media?parent=15066"}],"wp:term":[{"taxonomy":"pwb-brand","embeddable":true,"href":"https:\/\/idakorea.ee\/fi\/wp-json\/wp\/v2\/pwb-brand?post=15066"},{"taxonomy":"product_brand","embeddable":true,"href":"https:\/\/idakorea.ee\/fi\/wp-json\/wp\/v2\/product_brand?post=15066"},{"taxonomy":"product_cat","embeddable":true,"href":"https:\/\/idakorea.ee\/fi\/wp-json\/wp\/v2\/product_cat?post=15066"},{"taxonomy":"product_tag","embeddable":true,"href":"https:\/\/idakorea.ee\/fi\/wp-json\/wp\/v2\/product_tag?post=15066"}],"curies":[{"name":"wp","href":"https:\/\/api.w.org\/{rel}","templated":true}]}}