{"id":15071,"date":"2025-07-05T15:10:57","date_gmt":"2025-07-05T12:10:57","guid":{"rendered":"https:\/\/idakorea.ee\/?post_type=product&#038;p=15071"},"modified":"2026-01-29T16:37:37","modified_gmt":"2026-01-29T14:37:37","slug":"dalba-vita-toning-capsule-cream-55g","status":"publish","type":"product","link":"https:\/\/idakorea.ee\/fi\/product\/dalba-vita-toning-capsule-cream-55g\/","title":{"rendered":"Innovatiivinen vegaaninen kasvovoide d&#039;Alba Vita Toning Capsule Cream, 55g"},"content":{"rendered":"<p data-start=\"186\" data-end=\"315\"><strong>d'Alba Vita Toning Capsule Cream\u00a0<\/strong>on innovatiivinen vegaaninen kasvovoide, joka on suunniteltu kosteuttamaan syv\u00e4lt\u00e4, tasoittamaan ihon s\u00e4vy\u00e4 ja palauttamaan terveen hehkun. Kapseliteknologian ansiosta aktiiviset ainesosat vapautuvat v\u00e4litt\u00f6m\u00e4sti levityksen j\u00e4lkeen, mik\u00e4 varmistaa maksimaalisen tehon.<\/p>\n<p data-start=\"317\" data-end=\"341\"><strong data-start=\"320\" data-end=\"341\">Vaikutukset ja hy\u00f6dyt:<\/strong><\/p>\n<ul data-start=\"342\" data-end=\"519\">\n<li data-start=\"342\" data-end=\"435\">\n<p data-start=\"344\" data-end=\"435\">Auttaa kirkastamaan ja tasoittamaan sameaa, ep\u00e4tasaista ja ryppyihin taipuvaa ihoa<\/p>\n<\/li>\n<li data-start=\"436\" data-end=\"519\">\n<p data-start=\"438\" data-end=\"519\">Sis\u00e4lt\u00e4\u00e4 eritt\u00e4in v\u00e4kevi\u00e4 aktiiviaineita, jotka palauttavat ihon elinvoiman ja hehkun<\/p>\n<\/li>\n<\/ul>\n<p data-start=\"521\" data-end=\"546\"><strong data-start=\"524\" data-end=\"546\">Truvita\u2122-kompleksi:<\/strong><\/p>\n<ul data-start=\"547\" data-end=\"720\">\n<li data-start=\"547\" data-end=\"582\">\n<p data-start=\"549\" data-end=\"582\">53% tyrnimarjan vitamiini vesipohjainen<\/p>\n<\/li>\n<li data-start=\"583\" data-end=\"598\">\n<p data-start=\"585\" data-end=\"598\">Valkoinen tryffeli<\/p>\n<\/li>\n<li data-start=\"599\" data-end=\"621\">\n<p data-start=\"601\" data-end=\"621\">99% Puhdas C-vitamiini<\/p>\n<\/li>\n<li data-start=\"622\" data-end=\"720\">\n<p data-start=\"624\" data-end=\"720\">98% puhdas glutationi<br data-start=\"644\" data-end=\"647\" \/>\u2192 Kaikki t\u00e4m\u00e4 t\u00e4ydellisess\u00e4 kultaisessa leikkauksessa s\u00e4teilev\u00e4n ja kirkkaan ihon saavuttamiseksi<\/p>\n<\/li>\n<\/ul>\n<p data-start=\"722\" data-end=\"739\"><strong data-start=\"724\" data-end=\"739\">Aktiiviset ainesosat:<\/strong><\/p>\n<ul data-start=\"740\" data-end=\"921\">\n<li data-start=\"740\" data-end=\"806\">\n<p data-start=\"742\" data-end=\"806\"><strong data-start=\"742\" data-end=\"776\">Korkealaatuinen C-vitamiini<\/strong> \u2013 ihoa kirkastava antioksidantti<\/p>\n<\/li>\n<li data-start=\"807\" data-end=\"857\">\n<p data-start=\"809\" data-end=\"857\"><strong data-start=\"809\" data-end=\"835\">Glutationi-liposomit<\/strong> \u2013 ihon nuorentamiseen<\/p>\n<\/li>\n<li data-start=\"858\" data-end=\"921\">\n<p data-start=\"860\" data-end=\"921\"><strong data-start=\"860\" data-end=\"881\">2%-niasiiniamidi<\/strong> \u2013 tehokas valkaiseva ja kosteuttava ainesosa<\/p>\n<\/li>\n<\/ul>\n<p data-start=\"923\" data-end=\"1005\">V\u00e4h\u00e4\u00e4rsytt\u00e4v\u00e4 koostumus \u2013 testattu ihmisen iholla ja sopii herk\u00e4lle iholle.<\/p>\n<p data-start=\"1007\" data-end=\"1138\"><strong data-start=\"1010\" data-end=\"1050\">Iholla sulavat vitamiinikapselit:<\/strong><br data-start=\"1050\" data-end=\"1053\" \/>Ei kalvomaista tunnetta \u2013 mukava ja ylellinen koostumus, joka imeytyy nopeasti ja tehokkaasti.<\/p>\n<h3 data-start=\"1145\" data-end=\"1215\"><\/h3>\n<p data-start=\"1222\" data-end=\"1242\"><strong data-start=\"1226\" data-end=\"1240\">K\u00e4ytt\u00f6:<\/strong><\/p>\n<p data-start=\"1243\" data-end=\"1468\">Ota sopiva m\u00e4\u00e4r\u00e4 voidetta, levit\u00e4 kasvoillesi ja hiero kevyesti, kunnes se on imeytynyt.<\/p>","protected":false},"excerpt":{"rendered":"<p>d&#039;Alba Vita Toning Capsule Cream on innovatiivinen vegaaninen kasvovoide, joka on suunniteltu kosteuttamaan syv\u00e4lt\u00e4, tasoittamaan ihon s\u00e4vy\u00e4 ja palauttamaan terveen hehkun. Kapseliteknologian ansiosta aktiiviset ainesosat vapautuvat v\u00e4litt\u00f6m\u00e4sti levityksen j\u00e4lkeen, mik\u00e4 varmistaa maksimaalisen tehon. Vaikutukset ja hy\u00f6dyt: Auttaa kirkastamaan ja tasoittamaan sameaa, ep\u00e4tasaista ja ryppyihin taipuvaista ihoa Sis\u00e4lt\u00e4\u00e4 runsaasti aktiivisia ainesosia, jotka palauttavat ihon elinvoiman ja hehkun Truvita\u2122-kompleksi:\u2026<\/p>","protected":false},"featured_media":15072,"comment_status":"open","ping_status":"closed","template":"","meta":{"_uf_show_specific_survey":0,"_uf_disable_surveys":false,"_bst_post_transparent":"default","_bst_post_title":"","_bst_post_layout":"default","_bst_post_sidebar_id":"","_bst_post_content_style":"default","_bst_post_vertical_padding":"default","_bst_post_feature":"","_bst_post_feature_position":"","_bst_post_header":false,"_bst_post_footer":false},"pwb-brand":[105],"product_brand":[],"product_cat":[92,96],"product_tag":[127,772,960],"class_list":{"0":"post-15071","1":"product","2":"type-product","3":"status-publish","4":"has-post-thumbnail","6":"pwb-brand-dalba","7":"product_cat-nagu","8":"product_cat-naokreemid","9":"product_tag-dalba","10":"product_tag-truffle","11":"product_tag-vita","13":"first","14":"instock","15":"sale","16":"shipping-taxable","17":"purchasable","18":"product-type-simple","19":"entry","20":"content-bg","21":"loop-entry"},"supplier_id":null,"supplier_sku":"","barcode":null,"atum_controlled":true,"out_stock_date":null,"out_stock_threshold":null,"inheritable":false,"inbound_stock":0,"stock_on_hold":0,"sold_today":0,"sales_last_days":0,"out_stock_days":0,"lost_sales":0,"has_location":false,"update_date":"2026-04-14T00:05:04","atum_locations":[],"atum_stock_status":"instock","restock_status":false,"low_stock_amount":"","sales_update_date":"2026-04-14T00:05:04","calc_backorders":null,"yoast_head":"<!-- This site is optimized with the Yoast SEO plugin v27.2 - https:\/\/yoast.com\/product\/yoast-seo-wordpress\/ -->\n<title>d&#039;Alba Vita Toning Capsule Cream, 55g - IDA.KOREA<\/title>\n<meta name=\"description\" content=\"Igap\u00e4evane vitamiinikreem kapslite ja Truvita\u2122 valemiga aitab muuta tuhmi naha s\u00e4ravaks ja siledaks. Sisaldab C-vitamiini, glutatiooni ja niatsiinamiidi.\" \/>\n<meta name=\"robots\" content=\"index, follow, max-snippet:-1, max-image-preview:large, max-video-preview:-1\" \/>\n<link rel=\"canonical\" href=\"https:\/\/idakorea.ee\/fi\/product\/dalba-vita-toning-capsule-cream-55g\/\" \/>\n<meta property=\"og:locale\" content=\"fi_FI\" \/>\n<meta property=\"og:type\" content=\"article\" \/>\n<meta property=\"og:title\" content=\"d&#039;Alba Vita Toning Capsule Cream, 55g - IDA.KOREA\" \/>\n<meta property=\"og:description\" content=\"Igap\u00e4evane vitamiinikreem kapslite ja Truvita\u2122 valemiga aitab muuta tuhmi naha s\u00e4ravaks ja siledaks. Sisaldab C-vitamiini, glutatiooni ja niatsiinamiidi.\" \/>\n<meta property=\"og:url\" content=\"https:\/\/idakorea.ee\/fi\/product\/dalba-vita-toning-capsule-cream-55g\/\" \/>\n<meta property=\"og:site_name\" content=\"IDA.KOREA\" \/>\n<meta property=\"article:modified_time\" content=\"2026-01-29T14:37:37+00:00\" \/>\n<meta property=\"og:image\" content=\"https:\/\/idakorea.ee\/wp-content\/uploads\/2025\/07\/d_albavitatoningcapsulecream-idakorea.webp\" \/>\n\t<meta property=\"og:image:width\" content=\"950\" \/>\n\t<meta property=\"og:image:height\" content=\"950\" \/>\n\t<meta property=\"og:image:type\" content=\"image\/webp\" \/>\n<meta name=\"twitter:card\" content=\"summary_large_image\" \/>\n<meta name=\"twitter:label1\" content=\"Arvioitu lukuaika\" \/>\n\t<meta name=\"twitter:data1\" content=\"1 minuutti\" \/>\n<script type=\"application\/ld+json\" class=\"yoast-schema-graph\">{\"@context\":\"https:\/\/schema.org\",\"@graph\":[{\"@type\":\"WebPage\",\"@id\":\"https:\/\/idakorea.ee\/product\/dalba-vita-toning-capsule-cream-55g\/\",\"url\":\"https:\/\/idakorea.ee\/product\/dalba-vita-toning-capsule-cream-55g\/\",\"name\":\"d'Alba Vita Toning Capsule Cream, 55g - IDA.KOREA\",\"isPartOf\":{\"@id\":\"https:\/\/idakorea.ee\/#website\"},\"primaryImageOfPage\":{\"@id\":\"https:\/\/idakorea.ee\/product\/dalba-vita-toning-capsule-cream-55g\/#primaryimage\"},\"image\":{\"@id\":\"https:\/\/idakorea.ee\/product\/dalba-vita-toning-capsule-cream-55g\/#primaryimage\"},\"thumbnailUrl\":\"https:\/\/idakorea.ee\/wp-content\/uploads\/2025\/07\/d_albavitatoningcapsulecream-idakorea.webp\",\"datePublished\":\"2025-07-05T12:10:57+00:00\",\"dateModified\":\"2026-01-29T14:37:37+00:00\",\"description\":\"Igap\u00e4evane vitamiinikreem kapslite ja Truvita\u2122 valemiga aitab muuta tuhmi naha s\u00e4ravaks ja siledaks. Sisaldab C-vitamiini, glutatiooni ja niatsiinamiidi.\",\"breadcrumb\":{\"@id\":\"https:\/\/idakorea.ee\/product\/dalba-vita-toning-capsule-cream-55g\/#breadcrumb\"},\"inLanguage\":\"fi\",\"potentialAction\":[{\"@type\":\"ReadAction\",\"target\":[\"https:\/\/idakorea.ee\/product\/dalba-vita-toning-capsule-cream-55g\/\"]}]},{\"@type\":\"ImageObject\",\"inLanguage\":\"fi\",\"@id\":\"https:\/\/idakorea.ee\/product\/dalba-vita-toning-capsule-cream-55g\/#primaryimage\",\"url\":\"https:\/\/idakorea.ee\/wp-content\/uploads\/2025\/07\/d_albavitatoningcapsulecream-idakorea.webp\",\"contentUrl\":\"https:\/\/idakorea.ee\/wp-content\/uploads\/2025\/07\/d_albavitatoningcapsulecream-idakorea.webp\",\"width\":950,\"height\":950},{\"@type\":\"BreadcrumbList\",\"@id\":\"https:\/\/idakorea.ee\/product\/dalba-vita-toning-capsule-cream-55g\/#breadcrumb\",\"itemListElement\":[{\"@type\":\"ListItem\",\"position\":1,\"name\":\"\u0413\u043b\u0430\u0432\u043d\u0430\u044f \u0441\u0442\u0440\u0430\u043d\u0438\u0446\u0430\",\"item\":\"https:\/\/idakorea.ee\/\"},{\"@type\":\"ListItem\",\"position\":2,\"name\":\"Shop\",\"item\":\"https:\/\/idakorea.ee\/shop-2\/\"},{\"@type\":\"ListItem\",\"position\":3,\"name\":\"Innovatiivne vegan n\u00e4okreem d&#8217;Alba Vita Toning Capsule Cream, 55g\"}]},{\"@type\":\"WebSite\",\"@id\":\"https:\/\/idakorea.ee\/#website\",\"url\":\"https:\/\/idakorea.ee\/\",\"name\":\"IDA.KOREA\",\"description\":\"Korea kosmeetika e-pood\",\"publisher\":{\"@id\":\"https:\/\/idakorea.ee\/#organization\"},\"alternateName\":\"Beauty Shop\",\"potentialAction\":[{\"@type\":\"SearchAction\",\"target\":{\"@type\":\"EntryPoint\",\"urlTemplate\":\"https:\/\/idakorea.ee\/?s={search_term_string}\"},\"query-input\":{\"@type\":\"PropertyValueSpecification\",\"valueRequired\":true,\"valueName\":\"search_term_string\"}}],\"inLanguage\":\"fi\"},{\"@type\":\"Organization\",\"@id\":\"https:\/\/idakorea.ee\/#organization\",\"name\":\"IDA.KOREA\",\"url\":\"https:\/\/idakorea.ee\/\",\"logo\":{\"@type\":\"ImageObject\",\"inLanguage\":\"fi\",\"@id\":\"https:\/\/idakorea.ee\/#\/schema\/logo\/image\/\",\"url\":\"https:\/\/idakorea.ee\/wp-content\/uploads\/2024\/05\/cropped-korea3.png\",\"contentUrl\":\"https:\/\/idakorea.ee\/wp-content\/uploads\/2024\/05\/cropped-korea3.png\",\"width\":688,\"height\":126,\"caption\":\"IDA.KOREA\"},\"image\":{\"@id\":\"https:\/\/idakorea.ee\/#\/schema\/logo\/image\/\"},\"sameAs\":[\"https:\/\/www.instagram.com\/ida.korea\/\"]}]}<\/script>\n<!-- \/ Yoast SEO plugin. -->","yoast_head_json":{"title":"d&#039;Alba Vita Toning -kapselivoide, 55 g - IDA.KOREA","description":"P\u00e4ivitt\u00e4in k\u00e4ytett\u00e4v\u00e4 vitamiinivoide kapseleilla ja Truvita\u2122-koostumuksella auttaa kirkastamaan ja tasoittamaan sameaa ihoa. Sis\u00e4lt\u00e4\u00e4 C-vitamiinia, glutationia ja niasiiniamidia.","robots":{"index":"index","follow":"follow","max-snippet":"max-snippet:-1","max-image-preview":"max-image-preview:large","max-video-preview":"max-video-preview:-1"},"canonical":"https:\/\/idakorea.ee\/fi\/product\/dalba-vita-toning-capsule-cream-55g\/","og_locale":"fi_FI","og_type":"article","og_title":"d'Alba Vita Toning Capsule Cream, 55g - IDA.KOREA","og_description":"Igap\u00e4evane vitamiinikreem kapslite ja Truvita\u2122 valemiga aitab muuta tuhmi naha s\u00e4ravaks ja siledaks. Sisaldab C-vitamiini, glutatiooni ja niatsiinamiidi.","og_url":"https:\/\/idakorea.ee\/fi\/product\/dalba-vita-toning-capsule-cream-55g\/","og_site_name":"IDA.KOREA","article_modified_time":"2026-01-29T14:37:37+00:00","og_image":[{"width":950,"height":950,"url":"https:\/\/idakorea.ee\/wp-content\/uploads\/2025\/07\/d_albavitatoningcapsulecream-idakorea.webp","type":"image\/webp"}],"twitter_card":"summary_large_image","twitter_misc":{"Arvioitu lukuaika":"1 minuutti"},"schema":{"@context":"https:\/\/schema.org","@graph":[{"@type":"WebPage","@id":"https:\/\/idakorea.ee\/product\/dalba-vita-toning-capsule-cream-55g\/","url":"https:\/\/idakorea.ee\/product\/dalba-vita-toning-capsule-cream-55g\/","name":"d&#039;Alba Vita Toning -kapselivoide, 55 g - IDA.KOREA","isPartOf":{"@id":"https:\/\/idakorea.ee\/#website"},"primaryImageOfPage":{"@id":"https:\/\/idakorea.ee\/product\/dalba-vita-toning-capsule-cream-55g\/#primaryimage"},"image":{"@id":"https:\/\/idakorea.ee\/product\/dalba-vita-toning-capsule-cream-55g\/#primaryimage"},"thumbnailUrl":"https:\/\/idakorea.ee\/wp-content\/uploads\/2025\/07\/d_albavitatoningcapsulecream-idakorea.webp","datePublished":"2025-07-05T12:10:57+00:00","dateModified":"2026-01-29T14:37:37+00:00","description":"P\u00e4ivitt\u00e4in k\u00e4ytett\u00e4v\u00e4 vitamiinivoide kapseleilla ja Truvita\u2122-koostumuksella auttaa kirkastamaan ja tasoittamaan sameaa ihoa. Sis\u00e4lt\u00e4\u00e4 C-vitamiinia, glutationia ja niasiiniamidia.","breadcrumb":{"@id":"https:\/\/idakorea.ee\/product\/dalba-vita-toning-capsule-cream-55g\/#breadcrumb"},"inLanguage":"fi","potentialAction":[{"@type":"ReadAction","target":["https:\/\/idakorea.ee\/product\/dalba-vita-toning-capsule-cream-55g\/"]}]},{"@type":"ImageObject","inLanguage":"fi","@id":"https:\/\/idakorea.ee\/product\/dalba-vita-toning-capsule-cream-55g\/#primaryimage","url":"https:\/\/idakorea.ee\/wp-content\/uploads\/2025\/07\/d_albavitatoningcapsulecream-idakorea.webp","contentUrl":"https:\/\/idakorea.ee\/wp-content\/uploads\/2025\/07\/d_albavitatoningcapsulecream-idakorea.webp","width":950,"height":950},{"@type":"BreadcrumbList","@id":"https:\/\/idakorea.ee\/product\/dalba-vita-toning-capsule-cream-55g\/#breadcrumb","itemListElement":[{"@type":"ListItem","position":1,"name":"\u0413\u043b\u0430\u0432\u043d\u0430\u044f \u0441\u0442\u0440\u0430\u043d\u0438\u0446\u0430","item":"https:\/\/idakorea.ee\/"},{"@type":"ListItem","position":2,"name":"Shop","item":"https:\/\/idakorea.ee\/shop-2\/"},{"@type":"ListItem","position":3,"name":"Innovatiivne vegan n\u00e4okreem d&#8217;Alba Vita Toning Capsule Cream, 55g"}]},{"@type":"WebSite","@id":"https:\/\/idakorea.ee\/#website","url":"https:\/\/idakorea.ee\/","name":"IDA.KOREA","description":"Korean kosmetiikan verkkokauppa","publisher":{"@id":"https:\/\/idakorea.ee\/#organization"},"alternateName":"Beauty Shop","potentialAction":[{"@type":"SearchAction","target":{"@type":"EntryPoint","urlTemplate":"https:\/\/idakorea.ee\/?s={search_term_string}"},"query-input":{"@type":"PropertyValueSpecification","valueRequired":true,"valueName":"search_term_string"}}],"inLanguage":"fi"},{"@type":"Organization","@id":"https:\/\/idakorea.ee\/#organization","name":"IDA.KOREA","url":"https:\/\/idakorea.ee\/","logo":{"@type":"ImageObject","inLanguage":"fi","@id":"https:\/\/idakorea.ee\/#\/schema\/logo\/image\/","url":"https:\/\/idakorea.ee\/wp-content\/uploads\/2024\/05\/cropped-korea3.png","contentUrl":"https:\/\/idakorea.ee\/wp-content\/uploads\/2024\/05\/cropped-korea3.png","width":688,"height":126,"caption":"IDA.KOREA"},"image":{"@id":"https:\/\/idakorea.ee\/#\/schema\/logo\/image\/"},"sameAs":["https:\/\/www.instagram.com\/ida.korea\/"]}]}},"jetpack_sharing_enabled":true,"brands":[{"id":105,"name":"d'ALBA","slug":"dalba"}],"_links":{"self":[{"href":"https:\/\/idakorea.ee\/fi\/wp-json\/wp\/v2\/product\/15071","targetHints":{"allow":["GET"]}}],"collection":[{"href":"https:\/\/idakorea.ee\/fi\/wp-json\/wp\/v2\/product"}],"about":[{"href":"https:\/\/idakorea.ee\/fi\/wp-json\/wp\/v2\/types\/product"}],"replies":[{"embeddable":true,"href":"https:\/\/idakorea.ee\/fi\/wp-json\/wp\/v2\/comments?post=15071"}],"version-history":[{"count":2,"href":"https:\/\/idakorea.ee\/fi\/wp-json\/wp\/v2\/product\/15071\/revisions"}],"predecessor-version":[{"id":17485,"href":"https:\/\/idakorea.ee\/fi\/wp-json\/wp\/v2\/product\/15071\/revisions\/17485"}],"wp:featuredmedia":[{"embeddable":true,"href":"https:\/\/idakorea.ee\/fi\/wp-json\/wp\/v2\/media\/15072"}],"wp:attachment":[{"href":"https:\/\/idakorea.ee\/fi\/wp-json\/wp\/v2\/media?parent=15071"}],"wp:term":[{"taxonomy":"pwb-brand","embeddable":true,"href":"https:\/\/idakorea.ee\/fi\/wp-json\/wp\/v2\/pwb-brand?post=15071"},{"taxonomy":"product_brand","embeddable":true,"href":"https:\/\/idakorea.ee\/fi\/wp-json\/wp\/v2\/product_brand?post=15071"},{"taxonomy":"product_cat","embeddable":true,"href":"https:\/\/idakorea.ee\/fi\/wp-json\/wp\/v2\/product_cat?post=15071"},{"taxonomy":"product_tag","embeddable":true,"href":"https:\/\/idakorea.ee\/fi\/wp-json\/wp\/v2\/product_tag?post=15071"}],"curies":[{"name":"wp","href":"https:\/\/api.w.org\/{rel}","templated":true}]}}