{"id":15099,"date":"2025-07-08T13:44:15","date_gmt":"2025-07-08T10:44:15","guid":{"rendered":"https:\/\/idakorea.ee\/?post_type=product&#038;p=15099"},"modified":"2026-03-22T00:17:16","modified_gmt":"2026-03-21T22:17:16","slug":"vt-cosmetics-spot-patch-48tk","status":"publish","type":"product","link":"https:\/\/idakorea.ee\/fi\/product\/vt-cosmetics-spot-patch-48tk\/","title":{"rendered":"VT Cosmetics Spot Patch,  48 kpl"},"content":{"rendered":"<p><strong>VT Cosmetics <\/strong>Paikalliset finninalaastarit auttavat nopeuttamaan finnin kypsymist\u00e4, stimuloivat paranemisprosesseja ja lievitt\u00e4v\u00e4t tulehdusta j\u00e4tt\u00e4m\u00e4tt\u00e4 iho\u00e4rsytyst\u00e4 tai punoitusta. Niill\u00e4 on voimakas antibakteerinen ja desinfioiva vaikutus, ja ne rauhoittavat tehokkaasti \u00e4rtyneit\u00e4 ihoalueita.<\/p>\n<p>Laastarit v\u00e4hent\u00e4v\u00e4t nopeasti ep\u00e4mukavuutta ja kutinaa, tasoittavat ihon s\u00e4vy\u00e4 ja est\u00e4v\u00e4t pigmenttil\u00e4iskien muodostumista. Finnien kehitysvaiheesta riippuen laastarit voivat joko pys\u00e4ytt\u00e4\u00e4 tulehduksen kokonaan tai nopeuttaa m\u00e4r\u00e4n kypsymist\u00e4. Ei aiheuta ihon kuivumista tai hilseily\u00e4.<\/p>\n<p>L\u00e4pin\u00e4kyv\u00e4t laastarit pysyv\u00e4t tiukasti iholla ja ovat k\u00e4yt\u00f6ss\u00e4 l\u00e4hes n\u00e4kym\u00e4tt\u00f6mi\u00e4. Eri halkaisijaltaan olevia laastareita voidaan k\u00e4ytt\u00e4\u00e4 sek\u00e4 yksitt\u00e4isiin finneihin ett\u00e4 useisiin tulehtuneisiin alueisiin.<\/p>\n<p>Laastarin keskell\u00e4 oleva kaksinkertainen kerros on valmistettu hydrokolloidista \u2013 erityisest\u00e4 materiaalista, joka on kyll\u00e4stetty antibakteerisella liuoksella. Se imee iholta myrkkyj\u00e4 ja likaa nopeuttaen finnin paranemista. Ulompi l\u00e4pin\u00e4kyv\u00e4 kerros kiinnitt\u00e4\u00e4 laastarin tiukasti ja suojaa sit\u00e4 kosteudelta ja ulkoisilta vaikutuksilta.<\/p>\n<p>Erikoisen perforoinnin ansiosta laastari on helppo irrottaa taustapaperista koskematta sis\u00e4kerrokseen, mik\u00e4 v\u00e4hent\u00e4\u00e4 bakteerien p\u00e4\u00e4syn riski\u00e4 sis\u00e4\u00e4n.<\/p>\n<p>&nbsp;<\/p>\n<p>Sopii ongelmaiholle.<\/p>\n<p><strong>K\u00e4ytt\u00f6:<\/strong> Aseta laastari puhdistetulle tulehtuneelle alueelle ja anna vaikuttaa useita tunteja. Poista se varovasti, kun laastari on muuttunut valkoiseksi.<\/p>\n<p>&nbsp;<\/p>","protected":false},"excerpt":{"rendered":"<p>VT Cosmeticsin paikallisesti k\u00e4ytett\u00e4v\u00e4t aknelaastarit auttavat nopeuttamaan finnien kypsymist\u00e4, stimuloivat paranemisprosesseja ja lievitt\u00e4v\u00e4t tulehdusta j\u00e4tt\u00e4m\u00e4tt\u00e4 iho\u00e4rsytyst\u00e4 tai punoitusta. Niill\u00e4 on voimakas antibakteerinen ja desinfioiva vaikutus, ja ne rauhoittavat tehokkaasti \u00e4rtyneit\u00e4 ihoalueita. Laastarit v\u00e4hent\u00e4v\u00e4t nopeasti ep\u00e4mukavuutta ja kutinaa, tasoittavat ihon s\u00e4vy\u00e4 ja est\u00e4v\u00e4t pigmenttil\u00e4iskien muodostumista. Finnin kehitysvaiheesta riippuen laastarit voivat joko pys\u00e4ytt\u00e4\u00e4 tulehduksen kokonaan tai nopeuttaa m\u00e4rk\u00e4p\u00e4\u00e4n kypsymist\u00e4\u2026.<\/p>","protected":false},"featured_media":15104,"comment_status":"open","ping_status":"closed","template":"","meta":{"_uf_show_specific_survey":0,"_uf_disable_surveys":false,"_bst_post_transparent":"default","_bst_post_title":"","_bst_post_layout":"default","_bst_post_sidebar_id":"","_bst_post_content_style":"default","_bst_post_vertical_padding":"default","_bst_post_feature":"","_bst_post_feature_position":"","_bst_post_header":false,"_bst_post_footer":false},"pwb-brand":[493],"product_brand":[],"product_cat":[1122],"product_tag":[545,648,462],"class_list":{"0":"post-15099","1":"product","2":"type-product","3":"status-publish","4":"has-post-thumbnail","6":"pwb-brand-vt","7":"product_cat-lokaalne-hooldus","8":"product_tag-cica","9":"product_tag-spot","10":"product_tag-vt","12":"first","13":"instock","14":"sale","15":"shipping-taxable","16":"purchasable","17":"product-type-simple","18":"entry","19":"content-bg","20":"loop-entry"},"supplier_id":null,"supplier_sku":"","barcode":null,"atum_controlled":true,"out_stock_date":null,"out_stock_threshold":null,"inheritable":false,"inbound_stock":0,"stock_on_hold":0,"sold_today":0,"sales_last_days":1,"out_stock_days":0,"lost_sales":0,"has_location":false,"update_date":"2026-04-14T00:05:09","atum_locations":[],"atum_stock_status":"instock","restock_status":false,"low_stock_amount":"","sales_update_date":"2026-04-14T00:05:09","calc_backorders":null,"yoast_head":"<!-- This site is optimized with the Yoast SEO plugin v27.2 - https:\/\/yoast.com\/product\/yoast-seo-wordpress\/ -->\n<title>VT Cosmetics Spot Patch, 48tk - IDA.KOREA<\/title>\n<meta name=\"description\" content=\"L\u00e4bipaistvad vistriplaastrid VT Cosmetics aitavad kiirendada vistrike paranemist, leevendavad p\u00f5letikku ja rahustavad \u00e4rritunud nahka.\" \/>\n<meta name=\"robots\" content=\"index, follow, max-snippet:-1, max-image-preview:large, max-video-preview:-1\" \/>\n<link rel=\"canonical\" href=\"https:\/\/idakorea.ee\/fi\/product\/vt-cosmetics-spot-patch-48tk\/\" \/>\n<meta property=\"og:locale\" content=\"fi_FI\" \/>\n<meta property=\"og:type\" content=\"article\" \/>\n<meta property=\"og:title\" content=\"VT Cosmetics Spot Patch, 48tk - IDA.KOREA\" \/>\n<meta property=\"og:description\" content=\"L\u00e4bipaistvad vistriplaastrid VT Cosmetics aitavad kiirendada vistrike paranemist, leevendavad p\u00f5letikku ja rahustavad \u00e4rritunud nahka.\" \/>\n<meta property=\"og:url\" content=\"https:\/\/idakorea.ee\/fi\/product\/vt-cosmetics-spot-patch-48tk\/\" \/>\n<meta property=\"og:site_name\" content=\"IDA.KOREA\" \/>\n<meta property=\"article:modified_time\" content=\"2026-03-21T22:17:16+00:00\" \/>\n<meta property=\"og:image\" content=\"https:\/\/idakorea.ee\/wp-content\/uploads\/2025\/07\/vt_cosmetics_cica_care_spot_patch__idakorea.png\" \/>\n\t<meta property=\"og:image:width\" content=\"1188\" \/>\n\t<meta property=\"og:image:height\" content=\"1188\" \/>\n\t<meta property=\"og:image:type\" content=\"image\/png\" \/>\n<meta name=\"twitter:card\" content=\"summary_large_image\" \/>\n<meta name=\"twitter:label1\" content=\"Arvioitu lukuaika\" \/>\n\t<meta name=\"twitter:data1\" content=\"2 minuuttia\" \/>\n<script type=\"application\/ld+json\" class=\"yoast-schema-graph\">{\"@context\":\"https:\/\/schema.org\",\"@graph\":[{\"@type\":\"WebPage\",\"@id\":\"https:\/\/idakorea.ee\/product\/vt-cosmetics-spot-patch-48tk\/\",\"url\":\"https:\/\/idakorea.ee\/product\/vt-cosmetics-spot-patch-48tk\/\",\"name\":\"VT Cosmetics Spot Patch, 48tk - IDA.KOREA\",\"isPartOf\":{\"@id\":\"https:\/\/idakorea.ee\/#website\"},\"primaryImageOfPage\":{\"@id\":\"https:\/\/idakorea.ee\/product\/vt-cosmetics-spot-patch-48tk\/#primaryimage\"},\"image\":{\"@id\":\"https:\/\/idakorea.ee\/product\/vt-cosmetics-spot-patch-48tk\/#primaryimage\"},\"thumbnailUrl\":\"https:\/\/idakorea.ee\/wp-content\/uploads\/2025\/07\/vt_cosmetics_cica_care_spot_patch__idakorea.png\",\"datePublished\":\"2025-07-08T10:44:15+00:00\",\"dateModified\":\"2026-03-21T22:17:16+00:00\",\"description\":\"L\u00e4bipaistvad vistriplaastrid VT Cosmetics aitavad kiirendada vistrike paranemist, leevendavad p\u00f5letikku ja rahustavad \u00e4rritunud nahka.\",\"breadcrumb\":{\"@id\":\"https:\/\/idakorea.ee\/product\/vt-cosmetics-spot-patch-48tk\/#breadcrumb\"},\"inLanguage\":\"fi\",\"potentialAction\":[{\"@type\":\"ReadAction\",\"target\":[\"https:\/\/idakorea.ee\/product\/vt-cosmetics-spot-patch-48tk\/\"]}]},{\"@type\":\"ImageObject\",\"inLanguage\":\"fi\",\"@id\":\"https:\/\/idakorea.ee\/product\/vt-cosmetics-spot-patch-48tk\/#primaryimage\",\"url\":\"https:\/\/idakorea.ee\/wp-content\/uploads\/2025\/07\/vt_cosmetics_cica_care_spot_patch__idakorea.png\",\"contentUrl\":\"https:\/\/idakorea.ee\/wp-content\/uploads\/2025\/07\/vt_cosmetics_cica_care_spot_patch__idakorea.png\",\"width\":1188,\"height\":1188},{\"@type\":\"BreadcrumbList\",\"@id\":\"https:\/\/idakorea.ee\/product\/vt-cosmetics-spot-patch-48tk\/#breadcrumb\",\"itemListElement\":[{\"@type\":\"ListItem\",\"position\":1,\"name\":\"\u0413\u043b\u0430\u0432\u043d\u0430\u044f \u0441\u0442\u0440\u0430\u043d\u0438\u0446\u0430\",\"item\":\"https:\/\/idakorea.ee\/\"},{\"@type\":\"ListItem\",\"position\":2,\"name\":\"Shop\",\"item\":\"https:\/\/idakorea.ee\/shop-2\/\"},{\"@type\":\"ListItem\",\"position\":3,\"name\":\"Lokaalsed vistriplaastrid VT Cosmetics Spot Patch, 48tk\"}]},{\"@type\":\"WebSite\",\"@id\":\"https:\/\/idakorea.ee\/#website\",\"url\":\"https:\/\/idakorea.ee\/\",\"name\":\"IDA.KOREA\",\"description\":\"Korea kosmeetika e-pood\",\"publisher\":{\"@id\":\"https:\/\/idakorea.ee\/#organization\"},\"alternateName\":\"Beauty Shop\",\"potentialAction\":[{\"@type\":\"SearchAction\",\"target\":{\"@type\":\"EntryPoint\",\"urlTemplate\":\"https:\/\/idakorea.ee\/?s={search_term_string}\"},\"query-input\":{\"@type\":\"PropertyValueSpecification\",\"valueRequired\":true,\"valueName\":\"search_term_string\"}}],\"inLanguage\":\"fi\"},{\"@type\":\"Organization\",\"@id\":\"https:\/\/idakorea.ee\/#organization\",\"name\":\"IDA.KOREA\",\"url\":\"https:\/\/idakorea.ee\/\",\"logo\":{\"@type\":\"ImageObject\",\"inLanguage\":\"fi\",\"@id\":\"https:\/\/idakorea.ee\/#\/schema\/logo\/image\/\",\"url\":\"https:\/\/idakorea.ee\/wp-content\/uploads\/2024\/05\/cropped-korea3.png\",\"contentUrl\":\"https:\/\/idakorea.ee\/wp-content\/uploads\/2024\/05\/cropped-korea3.png\",\"width\":688,\"height\":126,\"caption\":\"IDA.KOREA\"},\"image\":{\"@id\":\"https:\/\/idakorea.ee\/#\/schema\/logo\/image\/\"},\"sameAs\":[\"https:\/\/www.instagram.com\/ida.korea\/\"]}]}<\/script>\n<!-- \/ Yoast SEO plugin. -->","yoast_head_json":{"title":"VT Cosmetics -tahranpoistoaine, 48 kpl - IDA.KOREA","description":"VT Cosmeticsin l\u00e4pin\u00e4kyv\u00e4t finnilaastarit auttavat nopeuttamaan finnien paranemista, lievitt\u00e4m\u00e4\u00e4n tulehdusta ja rauhoittamaan \u00e4rtynytt\u00e4 ihoa.","robots":{"index":"index","follow":"follow","max-snippet":"max-snippet:-1","max-image-preview":"max-image-preview:large","max-video-preview":"max-video-preview:-1"},"canonical":"https:\/\/idakorea.ee\/fi\/product\/vt-cosmetics-spot-patch-48tk\/","og_locale":"fi_FI","og_type":"article","og_title":"VT Cosmetics Spot Patch, 48tk - IDA.KOREA","og_description":"L\u00e4bipaistvad vistriplaastrid VT Cosmetics aitavad kiirendada vistrike paranemist, leevendavad p\u00f5letikku ja rahustavad \u00e4rritunud nahka.","og_url":"https:\/\/idakorea.ee\/fi\/product\/vt-cosmetics-spot-patch-48tk\/","og_site_name":"IDA.KOREA","article_modified_time":"2026-03-21T22:17:16+00:00","og_image":[{"width":1188,"height":1188,"url":"https:\/\/idakorea.ee\/wp-content\/uploads\/2025\/07\/vt_cosmetics_cica_care_spot_patch__idakorea.png","type":"image\/png"}],"twitter_card":"summary_large_image","twitter_misc":{"Arvioitu lukuaika":"2 minuuttia"},"schema":{"@context":"https:\/\/schema.org","@graph":[{"@type":"WebPage","@id":"https:\/\/idakorea.ee\/product\/vt-cosmetics-spot-patch-48tk\/","url":"https:\/\/idakorea.ee\/product\/vt-cosmetics-spot-patch-48tk\/","name":"VT Cosmetics -tahranpoistoaine, 48 kpl - IDA.KOREA","isPartOf":{"@id":"https:\/\/idakorea.ee\/#website"},"primaryImageOfPage":{"@id":"https:\/\/idakorea.ee\/product\/vt-cosmetics-spot-patch-48tk\/#primaryimage"},"image":{"@id":"https:\/\/idakorea.ee\/product\/vt-cosmetics-spot-patch-48tk\/#primaryimage"},"thumbnailUrl":"https:\/\/idakorea.ee\/wp-content\/uploads\/2025\/07\/vt_cosmetics_cica_care_spot_patch__idakorea.png","datePublished":"2025-07-08T10:44:15+00:00","dateModified":"2026-03-21T22:17:16+00:00","description":"VT Cosmeticsin l\u00e4pin\u00e4kyv\u00e4t finnilaastarit auttavat nopeuttamaan finnien paranemista, lievitt\u00e4m\u00e4\u00e4n tulehdusta ja rauhoittamaan \u00e4rtynytt\u00e4 ihoa.","breadcrumb":{"@id":"https:\/\/idakorea.ee\/product\/vt-cosmetics-spot-patch-48tk\/#breadcrumb"},"inLanguage":"fi","potentialAction":[{"@type":"ReadAction","target":["https:\/\/idakorea.ee\/product\/vt-cosmetics-spot-patch-48tk\/"]}]},{"@type":"ImageObject","inLanguage":"fi","@id":"https:\/\/idakorea.ee\/product\/vt-cosmetics-spot-patch-48tk\/#primaryimage","url":"https:\/\/idakorea.ee\/wp-content\/uploads\/2025\/07\/vt_cosmetics_cica_care_spot_patch__idakorea.png","contentUrl":"https:\/\/idakorea.ee\/wp-content\/uploads\/2025\/07\/vt_cosmetics_cica_care_spot_patch__idakorea.png","width":1188,"height":1188},{"@type":"BreadcrumbList","@id":"https:\/\/idakorea.ee\/product\/vt-cosmetics-spot-patch-48tk\/#breadcrumb","itemListElement":[{"@type":"ListItem","position":1,"name":"\u0413\u043b\u0430\u0432\u043d\u0430\u044f \u0441\u0442\u0440\u0430\u043d\u0438\u0446\u0430","item":"https:\/\/idakorea.ee\/"},{"@type":"ListItem","position":2,"name":"Shop","item":"https:\/\/idakorea.ee\/shop-2\/"},{"@type":"ListItem","position":3,"name":"Lokaalsed vistriplaastrid VT Cosmetics Spot Patch, 48tk"}]},{"@type":"WebSite","@id":"https:\/\/idakorea.ee\/#website","url":"https:\/\/idakorea.ee\/","name":"IDA.KOREA","description":"Korean kosmetiikan verkkokauppa","publisher":{"@id":"https:\/\/idakorea.ee\/#organization"},"alternateName":"Beauty Shop","potentialAction":[{"@type":"SearchAction","target":{"@type":"EntryPoint","urlTemplate":"https:\/\/idakorea.ee\/?s={search_term_string}"},"query-input":{"@type":"PropertyValueSpecification","valueRequired":true,"valueName":"search_term_string"}}],"inLanguage":"fi"},{"@type":"Organization","@id":"https:\/\/idakorea.ee\/#organization","name":"IDA.KOREA","url":"https:\/\/idakorea.ee\/","logo":{"@type":"ImageObject","inLanguage":"fi","@id":"https:\/\/idakorea.ee\/#\/schema\/logo\/image\/","url":"https:\/\/idakorea.ee\/wp-content\/uploads\/2024\/05\/cropped-korea3.png","contentUrl":"https:\/\/idakorea.ee\/wp-content\/uploads\/2024\/05\/cropped-korea3.png","width":688,"height":126,"caption":"IDA.KOREA"},"image":{"@id":"https:\/\/idakorea.ee\/#\/schema\/logo\/image\/"},"sameAs":["https:\/\/www.instagram.com\/ida.korea\/"]}]}},"jetpack_sharing_enabled":true,"brands":[{"id":493,"name":"VT COSMETICS","slug":"vt"}],"_links":{"self":[{"href":"https:\/\/idakorea.ee\/fi\/wp-json\/wp\/v2\/product\/15099","targetHints":{"allow":["GET"]}}],"collection":[{"href":"https:\/\/idakorea.ee\/fi\/wp-json\/wp\/v2\/product"}],"about":[{"href":"https:\/\/idakorea.ee\/fi\/wp-json\/wp\/v2\/types\/product"}],"replies":[{"embeddable":true,"href":"https:\/\/idakorea.ee\/fi\/wp-json\/wp\/v2\/comments?post=15099"}],"version-history":[{"count":1,"href":"https:\/\/idakorea.ee\/fi\/wp-json\/wp\/v2\/product\/15099\/revisions"}],"predecessor-version":[{"id":15103,"href":"https:\/\/idakorea.ee\/fi\/wp-json\/wp\/v2\/product\/15099\/revisions\/15103"}],"wp:featuredmedia":[{"embeddable":true,"href":"https:\/\/idakorea.ee\/fi\/wp-json\/wp\/v2\/media\/15104"}],"wp:attachment":[{"href":"https:\/\/idakorea.ee\/fi\/wp-json\/wp\/v2\/media?parent=15099"}],"wp:term":[{"taxonomy":"pwb-brand","embeddable":true,"href":"https:\/\/idakorea.ee\/fi\/wp-json\/wp\/v2\/pwb-brand?post=15099"},{"taxonomy":"product_brand","embeddable":true,"href":"https:\/\/idakorea.ee\/fi\/wp-json\/wp\/v2\/product_brand?post=15099"},{"taxonomy":"product_cat","embeddable":true,"href":"https:\/\/idakorea.ee\/fi\/wp-json\/wp\/v2\/product_cat?post=15099"},{"taxonomy":"product_tag","embeddable":true,"href":"https:\/\/idakorea.ee\/fi\/wp-json\/wp\/v2\/product_tag?post=15099"}],"curies":[{"name":"wp","href":"https:\/\/api.w.org\/{rel}","templated":true}]}}