{"id":15105,"date":"2025-07-08T14:16:15","date_gmt":"2025-07-08T11:16:15","guid":{"rendered":"https:\/\/idakorea.ee\/?post_type=product&#038;p=15105"},"modified":"2026-01-29T16:37:15","modified_gmt":"2026-01-29T14:37:15","slug":"purito-dermide-cica-barrier-sleeping-pack-80ml","status":"publish","type":"product","link":"https:\/\/idakorea.ee\/fi\/product\/purito-dermide-cica-barrier-sleeping-pack-80ml\/","title":{"rendered":"Purito Dermide Cica Barrier Sleeping Pack, 80ml"},"content":{"rendered":"<p data-start=\"177\" data-end=\"330\"><strong data-start=\"177\" data-end=\"222\">Purito Dermide Cica Barrier Sleeping Pack<\/strong> on y\u00f6n yli k\u00e4ytett\u00e4v\u00e4 kasvonaamio, joka sopii erinomaisesti herk\u00e4n ja ongelmallisen ihon syv\u00e4kosteutukseen ja elvytt\u00e4miseen.<\/p>\n<p data-start=\"332\" data-end=\"469\">Naamio lievitt\u00e4\u00e4 tulehdusta, ehk\u00e4isee aknea ja torjuu finnej\u00e4. V\u00e4hent\u00e4\u00e4 kapillaarien n\u00e4kyvyytt\u00e4 ja punoitusta, sopii my\u00f6s couperosa-iholle.<\/p>\n<p data-start=\"471\" data-end=\"593\">\u00d6ljykompleksin ansiosta tuote ravitsee ihoa, hidastaa ik\u00e4\u00e4ntymisprosessia, tasoittaa ilmejuonteita ja ehk\u00e4isee niiden ennenaikaista ilmestymist\u00e4.<\/p>\n<p data-start=\"595\" data-end=\"774\">Ei sis\u00e4ll\u00e4 parabeeneja, PEG-yhdisteit\u00e4, mineraali\u00f6ljyj\u00e4, silikoneja eik\u00e4 synteettisi\u00e4 hajusteita. Vegaaninen, ei testattu el\u00e4imill\u00e4. Kaikki ainesosat ovat EWG-tason 1-2 mukaisia \u2013 turvallisia ja ymp\u00e4rist\u00f6yst\u00e4v\u00e4llisi\u00e4.<\/p>\n<p data-start=\"776\" data-end=\"800\"><strong data-start=\"776\" data-end=\"800\">T\u00e4rkeimm\u00e4t vaikuttavat aineet:<\/strong><\/p>\n<ul data-start=\"802\" data-end=\"1966\">\n<li data-start=\"802\" data-end=\"966\">\n<p data-start=\"804\" data-end=\"966\"><strong data-start=\"804\" data-end=\"831\">Aasian vesikrassiuute<\/strong> \u2013 tulehdusta est\u00e4v\u00e4 ja haavaumia parantava vaikutus, vahvistaa ihon suojakerrosta, kosteuttaa ja rauhoittaa, v\u00e4hent\u00e4\u00e4 turvotusta ja vahvistaa verisuonia.<\/p>\n<\/li>\n<li data-start=\"967\" data-end=\"1067\">\n<p data-start=\"969\" data-end=\"1067\"><strong data-start=\"969\" data-end=\"986\">Aasialainen happo<\/strong> \u2013 antioksidanttinen ja ihoa rauhoittava vaikutus, vahvistaa ihon luonnollista puolustuskyky\u00e4.<\/p>\n<\/li>\n<li data-start=\"1068\" data-end=\"1198\">\n<p data-start=\"1070\" data-end=\"1198\"><strong data-start=\"1070\" data-end=\"1087\">Aasialainen laulukaskas<\/strong> \u2013 tasapainottaa ihon kosteus- ja talirauhasten tuotantoa, stimuloi kollageenin ja elastiinin tuotantoa, parantaa kimmoisuutta.<\/p>\n<\/li>\n<li data-start=\"1199\" data-end=\"1309\">\n<p data-start=\"1201\" data-end=\"1309\"><strong data-start=\"1201\" data-end=\"1218\">Madekassosidi<\/strong> \u2013 voimakkaasti rauhoittava ja uudistava, v\u00e4hent\u00e4\u00e4 punoitusta ja hilseily\u00e4, vahvistaa ihon suojakerrosta.<\/p>\n<\/li>\n<li data-start=\"1310\" data-end=\"1396\">\n<p data-start=\"1312\" data-end=\"1396\"><strong data-start=\"1312\" data-end=\"1329\">Madekassiinihappo<\/strong> \u2013 nopeuttaa ihon paranemista ja auttaa v\u00e4hent\u00e4m\u00e4\u00e4n aknearpia.<\/p>\n<\/li>\n<li data-start=\"1397\" data-end=\"1503\">\n<p data-start=\"1399\" data-end=\"1503\"><strong data-start=\"1399\" data-end=\"1414\">Keramidit<\/strong> \u2013 palauttaa ja vahvistaa ihon suojakerrosta, suojaa kuivumiselta ja ennenaikaiselta ik\u00e4\u00e4ntymiselt\u00e4.<\/p>\n<\/li>\n<li data-start=\"1504\" data-end=\"1602\">\n<p data-start=\"1506\" data-end=\"1602\"><strong data-start=\"1506\" data-end=\"1533\">Pantenoli (B5-vitamiini)<\/strong> \u2013 uudistava, punoitusta ja \u00e4rsytyst\u00e4 v\u00e4hent\u00e4v\u00e4, haavaumia parantava ainesosa.<\/p>\n<\/li>\n<li data-start=\"1603\" data-end=\"1707\">\n<p data-start=\"1605\" data-end=\"1707\"><strong data-start=\"1605\" data-end=\"1616\">Sheawi<\/strong> \u2013 pehment\u00e4\u00e4, korjaa ja nuorentaa ihoa, ei tuki ihohuokosia, rauhoittaa ja kosteuttaa syv\u00e4sti.<\/p>\n<\/li>\n<li data-start=\"1708\" data-end=\"1844\">\n<p data-start=\"1710\" data-end=\"1844\"><strong data-start=\"1710\" data-end=\"1727\">Hyaluronihappo<\/strong> \u2013 tarjoaa intensiivist\u00e4 ja pitk\u00e4kestoista kosteutta, suojaa kuivumiselta, silottaa ryppyj\u00e4 ja edist\u00e4\u00e4 ihosolujen uusiutumista.<\/p>\n<\/li>\n<li data-start=\"1845\" data-end=\"1966\">\n<p data-start=\"1847\" data-end=\"1966\"><strong data-start=\"1847\" data-end=\"1876\">Vihre\u00e4n teen lehtiuute<\/strong> \u2013 virkist\u00e4\u00e4, kiinteytt\u00e4\u00e4, torjuu vapaita radikaaleja ja v\u00e4hent\u00e4\u00e4 oksidatiivista stressi\u00e4.<\/p>\n<\/li>\n<\/ul>\n<p data-start=\"1968\" data-end=\"2012\">Sopii herk\u00e4lle ja ongelmaiholle.<\/p>\n<p data-start=\"2014\" data-end=\"2143\"><strong data-start=\"2014\" data-end=\"2029\">K\u00e4ytt\u00f6:<\/strong> Levit\u00e4 kasvoille iltaisen ihonhoitorutiinisi viimeisen\u00e4 vaiheena ja anna imeyty\u00e4. Voimakkaamman vaikutuksen saavuttamiseksi levit\u00e4 2\u20133 kerrosta.<\/p>","protected":false},"excerpt":{"rendered":"<p>Purito Dermide Cica Barrier Sleeping Pack on y\u00f6ksi k\u00e4ytett\u00e4v\u00e4 kasvonaamio, joka sopii ihanteellisesti herk\u00e4n ja ongelmallisen ihon syv\u00e4kosteutukseen ja elvytt\u00e4miseen. Naamio lievitt\u00e4\u00e4 tulehdusta, ehk\u00e4isee aknea ja taistelee finnej\u00e4 vastaan. V\u00e4hent\u00e4\u00e4 kapillaarien ja punoituksen n\u00e4kyvyytt\u00e4, sopii my\u00f6s couperosa-iholle. \u00d6ljykompleksin ansiosta tuote ravitsee ihoa, hidastaa ik\u00e4\u00e4ntymisprosessia, silottaa ilmejuonteita ja ehk\u00e4isee niiden ennenaikaista ilmestymist\u00e4. Ei sis\u00e4ll\u00e4 parabeeneja, PEG-yhdisteit\u00e4,\u2026<\/p>","protected":false},"featured_media":15106,"comment_status":"open","ping_status":"closed","template":"","meta":{"_uf_show_specific_survey":0,"_uf_disable_surveys":false,"_bst_post_transparent":"default","_bst_post_title":"","_bst_post_layout":"default","_bst_post_sidebar_id":"","_bst_post_content_style":"default","_bst_post_vertical_padding":"default","_bst_post_feature":"","_bst_post_feature_position":"","_bst_post_header":false,"_bst_post_footer":false},"pwb-brand":[491],"product_brand":[],"product_cat":[92,98],"product_tag":[929,545,614,677],"class_list":{"0":"post-15105","1":"product","2":"type-product","3":"status-publish","4":"has-post-thumbnail","6":"pwb-brand-purito","7":"product_cat-nagu","8":"product_cat-naomaskid","9":"product_tag-barrier","10":"product_tag-cica","11":"product_tag-mask","12":"product_tag-purito","14":"first","15":"instock","16":"sale","17":"shipping-taxable","18":"purchasable","19":"product-type-simple","20":"entry","21":"content-bg","22":"loop-entry"},"supplier_id":null,"supplier_sku":"","barcode":"8809563102136","atum_controlled":true,"out_stock_date":null,"out_stock_threshold":null,"inheritable":false,"inbound_stock":0,"stock_on_hold":0,"sold_today":0,"sales_last_days":0,"out_stock_days":0,"lost_sales":0,"has_location":false,"update_date":"2026-04-16T00:05:55","atum_locations":[],"atum_stock_status":"instock","restock_status":false,"low_stock_amount":"","sales_update_date":"2026-04-16T00:05:55","calc_backorders":null,"yoast_head":"<!-- This site is optimized with the Yoast SEO plugin v27.2 - https:\/\/yoast.com\/product\/yoast-seo-wordpress\/ -->\n<title>Purito Dermide Cica Barrier Sleeping Pack, 80ml - IDA.KOREA<\/title>\n<meta name=\"description\" content=\"\u00d6ine n\u00e4omask Purito Dermide Cica Barrier Sleeping Pack niisutab ja taastab tundlikku ning probleemset nahka. Vegan koostis, ei sisalda kahjulikke aineid.\" \/>\n<meta name=\"robots\" content=\"index, follow, max-snippet:-1, max-image-preview:large, max-video-preview:-1\" \/>\n<link rel=\"canonical\" href=\"https:\/\/idakorea.ee\/fi\/product\/purito-dermide-cica-barrier-sleeping-pack-80ml\/\" \/>\n<meta property=\"og:locale\" content=\"fi_FI\" \/>\n<meta property=\"og:type\" content=\"article\" \/>\n<meta property=\"og:title\" content=\"Purito Dermide Cica Barrier Sleeping Pack, 80ml - IDA.KOREA\" \/>\n<meta property=\"og:description\" content=\"\u00d6ine n\u00e4omask Purito Dermide Cica Barrier Sleeping Pack niisutab ja taastab tundlikku ning probleemset nahka. Vegan koostis, ei sisalda kahjulikke aineid.\" \/>\n<meta property=\"og:url\" content=\"https:\/\/idakorea.ee\/fi\/product\/purito-dermide-cica-barrier-sleeping-pack-80ml\/\" \/>\n<meta property=\"og:site_name\" content=\"IDA.KOREA\" \/>\n<meta property=\"article:modified_time\" content=\"2026-01-29T14:37:15+00:00\" \/>\n<meta property=\"og:image\" content=\"https:\/\/idakorea.ee\/wp-content\/uploads\/2025\/07\/purito-dermide-cica-barrier-sleeping-pack_idakorea.ee_.jpg\" \/>\n\t<meta property=\"og:image:width\" content=\"1000\" \/>\n\t<meta property=\"og:image:height\" content=\"1000\" \/>\n\t<meta property=\"og:image:type\" content=\"image\/jpeg\" \/>\n<meta name=\"twitter:card\" content=\"summary_large_image\" \/>\n<meta name=\"twitter:label1\" content=\"Arvioitu lukuaika\" \/>\n\t<meta name=\"twitter:data1\" content=\"2 minuuttia\" \/>\n<script type=\"application\/ld+json\" class=\"yoast-schema-graph\">{\"@context\":\"https:\/\/schema.org\",\"@graph\":[{\"@type\":\"WebPage\",\"@id\":\"https:\/\/idakorea.ee\/product\/purito-dermide-cica-barrier-sleeping-pack-80ml\/\",\"url\":\"https:\/\/idakorea.ee\/product\/purito-dermide-cica-barrier-sleeping-pack-80ml\/\",\"name\":\"Purito Dermide Cica Barrier Sleeping Pack, 80ml - IDA.KOREA\",\"isPartOf\":{\"@id\":\"https:\/\/idakorea.ee\/#website\"},\"primaryImageOfPage\":{\"@id\":\"https:\/\/idakorea.ee\/product\/purito-dermide-cica-barrier-sleeping-pack-80ml\/#primaryimage\"},\"image\":{\"@id\":\"https:\/\/idakorea.ee\/product\/purito-dermide-cica-barrier-sleeping-pack-80ml\/#primaryimage\"},\"thumbnailUrl\":\"https:\/\/idakorea.ee\/wp-content\/uploads\/2025\/07\/purito-dermide-cica-barrier-sleeping-pack_idakorea.ee_.jpg\",\"datePublished\":\"2025-07-08T11:16:15+00:00\",\"dateModified\":\"2026-01-29T14:37:15+00:00\",\"description\":\"\u00d6ine n\u00e4omask Purito Dermide Cica Barrier Sleeping Pack niisutab ja taastab tundlikku ning probleemset nahka. Vegan koostis, ei sisalda kahjulikke aineid.\",\"breadcrumb\":{\"@id\":\"https:\/\/idakorea.ee\/product\/purito-dermide-cica-barrier-sleeping-pack-80ml\/#breadcrumb\"},\"inLanguage\":\"fi\",\"potentialAction\":[{\"@type\":\"ReadAction\",\"target\":[\"https:\/\/idakorea.ee\/product\/purito-dermide-cica-barrier-sleeping-pack-80ml\/\"]}]},{\"@type\":\"ImageObject\",\"inLanguage\":\"fi\",\"@id\":\"https:\/\/idakorea.ee\/product\/purito-dermide-cica-barrier-sleeping-pack-80ml\/#primaryimage\",\"url\":\"https:\/\/idakorea.ee\/wp-content\/uploads\/2025\/07\/purito-dermide-cica-barrier-sleeping-pack_idakorea.ee_.jpg\",\"contentUrl\":\"https:\/\/idakorea.ee\/wp-content\/uploads\/2025\/07\/purito-dermide-cica-barrier-sleeping-pack_idakorea.ee_.jpg\",\"width\":1000,\"height\":1000},{\"@type\":\"BreadcrumbList\",\"@id\":\"https:\/\/idakorea.ee\/product\/purito-dermide-cica-barrier-sleeping-pack-80ml\/#breadcrumb\",\"itemListElement\":[{\"@type\":\"ListItem\",\"position\":1,\"name\":\"\u0413\u043b\u0430\u0432\u043d\u0430\u044f \u0441\u0442\u0440\u0430\u043d\u0438\u0446\u0430\",\"item\":\"https:\/\/idakorea.ee\/\"},{\"@type\":\"ListItem\",\"position\":2,\"name\":\"Shop\",\"item\":\"https:\/\/idakorea.ee\/shop-2\/\"},{\"@type\":\"ListItem\",\"position\":3,\"name\":\"\u00d6ine taastav n\u00e4omask Purito Dermide Cica Barrier Sleeping Pack, 80ml\"}]},{\"@type\":\"WebSite\",\"@id\":\"https:\/\/idakorea.ee\/#website\",\"url\":\"https:\/\/idakorea.ee\/\",\"name\":\"IDA.KOREA\",\"description\":\"Korea kosmeetika e-pood\",\"publisher\":{\"@id\":\"https:\/\/idakorea.ee\/#organization\"},\"alternateName\":\"Beauty Shop\",\"potentialAction\":[{\"@type\":\"SearchAction\",\"target\":{\"@type\":\"EntryPoint\",\"urlTemplate\":\"https:\/\/idakorea.ee\/?s={search_term_string}\"},\"query-input\":{\"@type\":\"PropertyValueSpecification\",\"valueRequired\":true,\"valueName\":\"search_term_string\"}}],\"inLanguage\":\"fi\"},{\"@type\":\"Organization\",\"@id\":\"https:\/\/idakorea.ee\/#organization\",\"name\":\"IDA.KOREA\",\"url\":\"https:\/\/idakorea.ee\/\",\"logo\":{\"@type\":\"ImageObject\",\"inLanguage\":\"fi\",\"@id\":\"https:\/\/idakorea.ee\/#\/schema\/logo\/image\/\",\"url\":\"https:\/\/idakorea.ee\/wp-content\/uploads\/2024\/05\/cropped-korea3.png\",\"contentUrl\":\"https:\/\/idakorea.ee\/wp-content\/uploads\/2024\/05\/cropped-korea3.png\",\"width\":688,\"height\":126,\"caption\":\"IDA.KOREA\"},\"image\":{\"@id\":\"https:\/\/idakorea.ee\/#\/schema\/logo\/image\/\"},\"sameAs\":[\"https:\/\/www.instagram.com\/ida.korea\/\"]}]}<\/script>\n<!-- \/ Yoast SEO plugin. -->","yoast_head_json":{"title":"Purito Dermide Cica Barrier -unipakkaus, 80ml - IDA.KOREA","description":"Purito Dermide Cica Barrier Sleeping Pack on y\u00f6ksi k\u00e4ytett\u00e4v\u00e4 kasvonaamio, joka kosteuttaa ja palauttaa herkk\u00e4\u00e4 ja ongelmallista ihoa. Vegaaninen koostumus, ei sis\u00e4ll\u00e4 haitallisia aineita.","robots":{"index":"index","follow":"follow","max-snippet":"max-snippet:-1","max-image-preview":"max-image-preview:large","max-video-preview":"max-video-preview:-1"},"canonical":"https:\/\/idakorea.ee\/fi\/product\/purito-dermide-cica-barrier-sleeping-pack-80ml\/","og_locale":"fi_FI","og_type":"article","og_title":"Purito Dermide Cica Barrier Sleeping Pack, 80ml - IDA.KOREA","og_description":"\u00d6ine n\u00e4omask Purito Dermide Cica Barrier Sleeping Pack niisutab ja taastab tundlikku ning probleemset nahka. Vegan koostis, ei sisalda kahjulikke aineid.","og_url":"https:\/\/idakorea.ee\/fi\/product\/purito-dermide-cica-barrier-sleeping-pack-80ml\/","og_site_name":"IDA.KOREA","article_modified_time":"2026-01-29T14:37:15+00:00","og_image":[{"width":1000,"height":1000,"url":"https:\/\/idakorea.ee\/wp-content\/uploads\/2025\/07\/purito-dermide-cica-barrier-sleeping-pack_idakorea.ee_.jpg","type":"image\/jpeg"}],"twitter_card":"summary_large_image","twitter_misc":{"Arvioitu lukuaika":"2 minuuttia"},"schema":{"@context":"https:\/\/schema.org","@graph":[{"@type":"WebPage","@id":"https:\/\/idakorea.ee\/product\/purito-dermide-cica-barrier-sleeping-pack-80ml\/","url":"https:\/\/idakorea.ee\/product\/purito-dermide-cica-barrier-sleeping-pack-80ml\/","name":"Purito Dermide Cica Barrier -unipakkaus, 80ml - IDA.KOREA","isPartOf":{"@id":"https:\/\/idakorea.ee\/#website"},"primaryImageOfPage":{"@id":"https:\/\/idakorea.ee\/product\/purito-dermide-cica-barrier-sleeping-pack-80ml\/#primaryimage"},"image":{"@id":"https:\/\/idakorea.ee\/product\/purito-dermide-cica-barrier-sleeping-pack-80ml\/#primaryimage"},"thumbnailUrl":"https:\/\/idakorea.ee\/wp-content\/uploads\/2025\/07\/purito-dermide-cica-barrier-sleeping-pack_idakorea.ee_.jpg","datePublished":"2025-07-08T11:16:15+00:00","dateModified":"2026-01-29T14:37:15+00:00","description":"Purito Dermide Cica Barrier Sleeping Pack on y\u00f6ksi k\u00e4ytett\u00e4v\u00e4 kasvonaamio, joka kosteuttaa ja palauttaa herkk\u00e4\u00e4 ja ongelmallista ihoa. Vegaaninen koostumus, ei sis\u00e4ll\u00e4 haitallisia aineita.","breadcrumb":{"@id":"https:\/\/idakorea.ee\/product\/purito-dermide-cica-barrier-sleeping-pack-80ml\/#breadcrumb"},"inLanguage":"fi","potentialAction":[{"@type":"ReadAction","target":["https:\/\/idakorea.ee\/product\/purito-dermide-cica-barrier-sleeping-pack-80ml\/"]}]},{"@type":"ImageObject","inLanguage":"fi","@id":"https:\/\/idakorea.ee\/product\/purito-dermide-cica-barrier-sleeping-pack-80ml\/#primaryimage","url":"https:\/\/idakorea.ee\/wp-content\/uploads\/2025\/07\/purito-dermide-cica-barrier-sleeping-pack_idakorea.ee_.jpg","contentUrl":"https:\/\/idakorea.ee\/wp-content\/uploads\/2025\/07\/purito-dermide-cica-barrier-sleeping-pack_idakorea.ee_.jpg","width":1000,"height":1000},{"@type":"BreadcrumbList","@id":"https:\/\/idakorea.ee\/product\/purito-dermide-cica-barrier-sleeping-pack-80ml\/#breadcrumb","itemListElement":[{"@type":"ListItem","position":1,"name":"\u0413\u043b\u0430\u0432\u043d\u0430\u044f \u0441\u0442\u0440\u0430\u043d\u0438\u0446\u0430","item":"https:\/\/idakorea.ee\/"},{"@type":"ListItem","position":2,"name":"Shop","item":"https:\/\/idakorea.ee\/shop-2\/"},{"@type":"ListItem","position":3,"name":"\u00d6ine taastav n\u00e4omask Purito Dermide Cica Barrier Sleeping Pack, 80ml"}]},{"@type":"WebSite","@id":"https:\/\/idakorea.ee\/#website","url":"https:\/\/idakorea.ee\/","name":"IDA.KOREA","description":"Korean kosmetiikan verkkokauppa","publisher":{"@id":"https:\/\/idakorea.ee\/#organization"},"alternateName":"Beauty Shop","potentialAction":[{"@type":"SearchAction","target":{"@type":"EntryPoint","urlTemplate":"https:\/\/idakorea.ee\/?s={search_term_string}"},"query-input":{"@type":"PropertyValueSpecification","valueRequired":true,"valueName":"search_term_string"}}],"inLanguage":"fi"},{"@type":"Organization","@id":"https:\/\/idakorea.ee\/#organization","name":"IDA.KOREA","url":"https:\/\/idakorea.ee\/","logo":{"@type":"ImageObject","inLanguage":"fi","@id":"https:\/\/idakorea.ee\/#\/schema\/logo\/image\/","url":"https:\/\/idakorea.ee\/wp-content\/uploads\/2024\/05\/cropped-korea3.png","contentUrl":"https:\/\/idakorea.ee\/wp-content\/uploads\/2024\/05\/cropped-korea3.png","width":688,"height":126,"caption":"IDA.KOREA"},"image":{"@id":"https:\/\/idakorea.ee\/#\/schema\/logo\/image\/"},"sameAs":["https:\/\/www.instagram.com\/ida.korea\/"]}]}},"jetpack_sharing_enabled":true,"brands":[{"id":491,"name":"PURITO","slug":"purito"}],"_links":{"self":[{"href":"https:\/\/idakorea.ee\/fi\/wp-json\/wp\/v2\/product\/15105","targetHints":{"allow":["GET"]}}],"collection":[{"href":"https:\/\/idakorea.ee\/fi\/wp-json\/wp\/v2\/product"}],"about":[{"href":"https:\/\/idakorea.ee\/fi\/wp-json\/wp\/v2\/types\/product"}],"replies":[{"embeddable":true,"href":"https:\/\/idakorea.ee\/fi\/wp-json\/wp\/v2\/comments?post=15105"}],"version-history":[{"count":2,"href":"https:\/\/idakorea.ee\/fi\/wp-json\/wp\/v2\/product\/15105\/revisions"}],"predecessor-version":[{"id":17484,"href":"https:\/\/idakorea.ee\/fi\/wp-json\/wp\/v2\/product\/15105\/revisions\/17484"}],"wp:featuredmedia":[{"embeddable":true,"href":"https:\/\/idakorea.ee\/fi\/wp-json\/wp\/v2\/media\/15106"}],"wp:attachment":[{"href":"https:\/\/idakorea.ee\/fi\/wp-json\/wp\/v2\/media?parent=15105"}],"wp:term":[{"taxonomy":"pwb-brand","embeddable":true,"href":"https:\/\/idakorea.ee\/fi\/wp-json\/wp\/v2\/pwb-brand?post=15105"},{"taxonomy":"product_brand","embeddable":true,"href":"https:\/\/idakorea.ee\/fi\/wp-json\/wp\/v2\/product_brand?post=15105"},{"taxonomy":"product_cat","embeddable":true,"href":"https:\/\/idakorea.ee\/fi\/wp-json\/wp\/v2\/product_cat?post=15105"},{"taxonomy":"product_tag","embeddable":true,"href":"https:\/\/idakorea.ee\/fi\/wp-json\/wp\/v2\/product_tag?post=15105"}],"curies":[{"name":"wp","href":"https:\/\/api.w.org\/{rel}","templated":true}]}}