{"id":15250,"date":"2025-07-21T11:27:56","date_gmt":"2025-07-21T08:27:56","guid":{"rendered":"https:\/\/idakorea.ee\/?post_type=product&#038;p=15250"},"modified":"2026-03-27T14:36:20","modified_gmt":"2026-03-27T12:36:20","slug":"medipeel-pearl-collagen-mask","status":"publish","type":"product","link":"https:\/\/idakorea.ee\/fi\/product\/medipeel-pearl-collagen-mask\/","title":{"rendered":"MediPeel Pearl Collagen Mask"},"content":{"rendered":"<p>Silottava helmi- ja kollageeninaamio<strong> MediPeel Pearl -kollageeninaamio<\/strong> on voimakkaasti uudistava, parantaa merkitt\u00e4v\u00e4sti ihon kimmoisuutta ja kiinteytt\u00e4, poistaa kuivuutta ja hilseily\u00e4.<\/p>\n<p>Tuote stimuloi kollageeni- ja elastiinikuitujen tuotantoa, torjuu ik\u00e4\u00e4ntymisen merkkej\u00e4, silottaa ryppyj\u00e4 ja ehk\u00e4isee uusien muodostumista. Sill\u00e4 on voimakas tulehdusta ja turvotusta ehk\u00e4isev\u00e4 vaikutus, ja se s\u00e4\u00e4telee talin erityst\u00e4.<\/p>\n<p>Naamio kosteuttaa tehokkaasti ja lukitsee kosteuden ihon syvempiin kerroksiin, tasoittaa ihon s\u00e4vy\u00e4 ja antaa iholle luonnollisen ja terveen hehkun. Tekee ihosta pehme\u00e4n ja sile\u00e4n sek\u00e4 tasoittaa sen rakennetta.<\/p>\n<p>Naamioon kyll\u00e4stetty uute parantaa verenkiertoa ja k\u00e4ynnist\u00e4\u00e4 solujen uusiutumisprosesseja. Vaalentaa kevyesti pigmenttil\u00e4iski\u00e4 ja suojaa ihoa ulkoisilta ymp\u00e4rist\u00f6tekij\u00f6ilt\u00e4 - kylm\u00e4lt\u00e4, kuumuudelta, kuivalta ilmalta ja UV-s\u00e4teilylt\u00e4.<\/p>\n<p><strong>T\u00e4rkeimm\u00e4t vaikuttavat aineet:<\/strong><\/p>\n<ul>\n<li><strong>Helmijauhe (10 ppm)<\/strong> ja <strong>helmiuutetta (1,75 ppm)<\/strong> \u2013 voimakkaasti nuorentavalla vaikutuksella, hieman kirkastava, auttaa v\u00e4hent\u00e4m\u00e4\u00e4n tummia silm\u00e4nalusia ja ei-toivottua pigmenttimuutosta.<\/li>\n<li><strong>5 kollageenityyppi\u00e4<\/strong> \u2013 parantavat ihon yleiskuntoa, silottavat ja kiinteytt\u00e4v\u00e4t, tukevat pienten ryppyjen silottamista, nopeuttavat paranemisprosesseja ja s\u00e4ilytt\u00e4v\u00e4t kosteutta ihon syviss\u00e4 kerroksissa.<\/li>\n<li><strong>Hyaluronihappo<\/strong> \u2013 kosteuttaa syv\u00e4lt\u00e4 ja yll\u00e4pit\u00e4\u00e4 ihon luonnollista pH-tasapainoa, muodostaa suojaavan kerroksen, joka est\u00e4\u00e4 kosteuden haihtumista ja antaa raikkauden tunteen.<\/li>\n<li><strong>Adenos<\/strong> \u2013 tehokas ik\u00e4\u00e4ntymist\u00e4 ehk\u00e4isev\u00e4 ainesosa, hidastaa ihon ik\u00e4\u00e4ntymist\u00e4.<\/li>\n<li><strong>Allantoiin<\/strong> \u2013 pehment\u00e4\u00e4, kosteuttaa tehokkaasti, supistaa ihohuokosia, normalisoi talirauhasten erityst\u00e4 ja rauhoittaa \u00e4rtynytt\u00e4 ihoa.<\/li>\n<li><strong>Macadamiap\u00e4hkin\u00e4\u00f6ljy<\/strong> \u2013 ravitsee ja pehment\u00e4\u00e4, imeytyy nopeasti, edist\u00e4\u00e4 ihon uusiutumista, on antioksidantti ja sopii kuivalle ja ik\u00e4\u00e4ntyv\u00e4lle iholle.<\/li>\n<li><strong>Argan\u00f6ljy<\/strong> \u2013 palauttaa ihon hydrolipidikerroksen, lis\u00e4\u00e4 kimmoisuutta, toimii vahvana antioksidanttina ja rauhoittaa herkk\u00e4\u00e4 ihoa.<\/li>\n<li><strong>Betaiini<\/strong> \u2013 aktiivinen kosteuttaja, pehment\u00e4\u00e4 ja rauhoittaa ihoa, tehostaa muiden ainesosien hoitavaa vaikutusta ja parantaa ihon ulkon\u00e4k\u00f6\u00e4.<\/li>\n<li><strong>Yrttiuutteiden kompleksi<\/strong> \u2013 virkist\u00e4\u00e4 ja rauhoittaa, sill\u00e4 on antibakteerinen vaikutus, rikastuttaa ihoa ravinteilla, parantaa ihonv\u00e4ri\u00e4.<\/li>\n<\/ul>\n<p>&nbsp;<\/p>\n<p>Sopii kuivalle, kosteusk\u00f6yh\u00e4lle ja ik\u00e4\u00e4ntyv\u00e4lle iholle.<\/p>\n<p><strong>K\u00e4ytt\u00f6:<\/strong><\/p>\n<p>Puhdista iho ja levit\u00e4 kasvovett\u00e4. Aseta kangasnaamio kasvoille ja anna vaikuttaa 20\u201330 minuuttia. Hiero j\u00e4ljelle j\u00e4\u00e4nyt naamio hell\u00e4varaisesti kasvoihin, kaulaan ja dekoltee-alueelle.<\/p>","protected":false},"excerpt":{"rendered":"<p>Silottava kasvonaamio helmi\u00e4 ja kollageenia. MediPeel Pearl Collagen Maskilla on voimakas uudistava vaikutus, se parantaa merkitt\u00e4v\u00e4sti ihon kimmoisuutta ja kiinteytt\u00e4, poistaa kuivuutta ja hilseily\u00e4. Tuote stimuloi kollageeni- ja elastiinikuitujen tuotantoa, torjuu ik\u00e4\u00e4ntymisen merkkej\u00e4, silottaa ryppyj\u00e4 ja ehk\u00e4isee uusien syntymist\u00e4. Sill\u00e4 on voimakas tulehdusta ja turvotusta ehk\u00e4isev\u00e4 vaikutus, ja se s\u00e4\u00e4telee talin erityst\u00e4. Naamio kosteuttaa tehokkaasti ja lukitsee kosteuden ihon syvempiin kerroksiin\u2026<\/p>","protected":false},"featured_media":15251,"comment_status":"open","ping_status":"closed","template":"","meta":{"_uf_show_specific_survey":0,"_uf_disable_surveys":false,"_bst_post_transparent":"default","_bst_post_title":"","_bst_post_layout":"default","_bst_post_sidebar_id":"","_bst_post_content_style":"default","_bst_post_vertical_padding":"default","_bst_post_feature":"","_bst_post_feature_position":"","_bst_post_header":false,"_bst_post_footer":false},"pwb-brand":[107],"product_brand":[],"product_cat":[92,98],"product_tag":[614,381],"class_list":{"0":"post-15250","1":"product","2":"type-product","3":"status-publish","4":"has-post-thumbnail","6":"pwb-brand-medipeel","7":"product_cat-nagu","8":"product_cat-naomaskid","9":"product_tag-mask","10":"product_tag-medipeel","12":"first","13":"outofstock","14":"sale","15":"shipping-taxable","16":"purchasable","17":"product-type-simple","18":"entry","19":"content-bg","20":"loop-entry"},"supplier_id":null,"supplier_sku":"","barcode":null,"atum_controlled":true,"out_stock_date":"2026-03-27 14:36:20","out_stock_threshold":null,"inheritable":false,"inbound_stock":0,"stock_on_hold":0,"sold_today":0,"sales_last_days":5,"out_stock_days":17,"lost_sales":30,"has_location":false,"update_date":"2026-04-14T00:05:11","atum_locations":[],"atum_stock_status":"outofstock","restock_status":false,"low_stock_amount":"","sales_update_date":"2026-04-14T00:05:11","calc_backorders":null,"yoast_head":"<!-- This site is optimized with the Yoast SEO plugin v27.2 - https:\/\/yoast.com\/product\/yoast-seo-wordpress\/ -->\n<title>MediPeel Pearl Collagen Mask - IDA.KOREA<\/title>\n<meta name=\"description\" content=\"Avasta Medi-Peel Pearl Collagen Mask \u2013 n\u00e4omask p\u00e4rli ja kollageeniga, mis niisutab s\u00fcgavalt, silub kortse ja taastab naha s\u00e4ra. - Telli kohe!\" \/>\n<meta name=\"robots\" content=\"index, follow, max-snippet:-1, max-image-preview:large, max-video-preview:-1\" \/>\n<link rel=\"canonical\" href=\"https:\/\/idakorea.ee\/fi\/product\/medipeel-pearl-collagen-mask\/\" \/>\n<meta property=\"og:locale\" content=\"fi_FI\" \/>\n<meta property=\"og:type\" content=\"article\" \/>\n<meta property=\"og:title\" content=\"MediPeel Pearl Collagen Mask - IDA.KOREA\" \/>\n<meta property=\"og:description\" content=\"Avasta Medi-Peel Pearl Collagen Mask \u2013 n\u00e4omask p\u00e4rli ja kollageeniga, mis niisutab s\u00fcgavalt, silub kortse ja taastab naha s\u00e4ra. - Telli kohe!\" \/>\n<meta property=\"og:url\" content=\"https:\/\/idakorea.ee\/fi\/product\/medipeel-pearl-collagen-mask\/\" \/>\n<meta property=\"og:site_name\" content=\"IDA.KOREA\" \/>\n<meta property=\"article:modified_time\" content=\"2026-03-27T12:36:20+00:00\" \/>\n<meta property=\"og:image\" content=\"https:\/\/idakorea.ee\/wp-content\/uploads\/2025\/07\/medi-peel-pearl-collagen-mask-idakorea.ee_.webp\" \/>\n\t<meta property=\"og:image:width\" content=\"650\" \/>\n\t<meta property=\"og:image:height\" content=\"650\" \/>\n\t<meta property=\"og:image:type\" content=\"image\/webp\" \/>\n<meta name=\"twitter:card\" content=\"summary_large_image\" \/>\n<meta name=\"twitter:label1\" content=\"Arvioitu lukuaika\" \/>\n\t<meta name=\"twitter:data1\" content=\"2 minuuttia\" \/>\n<script type=\"application\/ld+json\" class=\"yoast-schema-graph\">{\"@context\":\"https:\/\/schema.org\",\"@graph\":[{\"@type\":\"WebPage\",\"@id\":\"https:\/\/idakorea.ee\/product\/medipeel-pearl-collagen-mask\/\",\"url\":\"https:\/\/idakorea.ee\/product\/medipeel-pearl-collagen-mask\/\",\"name\":\"MediPeel Pearl Collagen Mask - IDA.KOREA\",\"isPartOf\":{\"@id\":\"https:\/\/idakorea.ee\/#website\"},\"primaryImageOfPage\":{\"@id\":\"https:\/\/idakorea.ee\/product\/medipeel-pearl-collagen-mask\/#primaryimage\"},\"image\":{\"@id\":\"https:\/\/idakorea.ee\/product\/medipeel-pearl-collagen-mask\/#primaryimage\"},\"thumbnailUrl\":\"https:\/\/idakorea.ee\/wp-content\/uploads\/2025\/07\/medi-peel-pearl-collagen-mask-idakorea.ee_.webp\",\"datePublished\":\"2025-07-21T08:27:56+00:00\",\"dateModified\":\"2026-03-27T12:36:20+00:00\",\"description\":\"Avasta Medi-Peel Pearl Collagen Mask \u2013 n\u00e4omask p\u00e4rli ja kollageeniga, mis niisutab s\u00fcgavalt, silub kortse ja taastab naha s\u00e4ra. - Telli kohe!\",\"breadcrumb\":{\"@id\":\"https:\/\/idakorea.ee\/product\/medipeel-pearl-collagen-mask\/#breadcrumb\"},\"inLanguage\":\"fi\",\"potentialAction\":[{\"@type\":\"ReadAction\",\"target\":[\"https:\/\/idakorea.ee\/product\/medipeel-pearl-collagen-mask\/\"]}]},{\"@type\":\"ImageObject\",\"inLanguage\":\"fi\",\"@id\":\"https:\/\/idakorea.ee\/product\/medipeel-pearl-collagen-mask\/#primaryimage\",\"url\":\"https:\/\/idakorea.ee\/wp-content\/uploads\/2025\/07\/medi-peel-pearl-collagen-mask-idakorea.ee_.webp\",\"contentUrl\":\"https:\/\/idakorea.ee\/wp-content\/uploads\/2025\/07\/medi-peel-pearl-collagen-mask-idakorea.ee_.webp\",\"width\":650,\"height\":650},{\"@type\":\"BreadcrumbList\",\"@id\":\"https:\/\/idakorea.ee\/product\/medipeel-pearl-collagen-mask\/#breadcrumb\",\"itemListElement\":[{\"@type\":\"ListItem\",\"position\":1,\"name\":\"\u0413\u043b\u0430\u0432\u043d\u0430\u044f \u0441\u0442\u0440\u0430\u043d\u0438\u0446\u0430\",\"item\":\"https:\/\/idakorea.ee\/\"},{\"@type\":\"ListItem\",\"position\":2,\"name\":\"Shop\",\"item\":\"https:\/\/idakorea.ee\/shop-2\/\"},{\"@type\":\"ListItem\",\"position\":3,\"name\":\"Silendav n\u00e4omask MediPeel Pearl Collagen Mask\"}]},{\"@type\":\"WebSite\",\"@id\":\"https:\/\/idakorea.ee\/#website\",\"url\":\"https:\/\/idakorea.ee\/\",\"name\":\"IDA.KOREA\",\"description\":\"Korea kosmeetika e-pood\",\"publisher\":{\"@id\":\"https:\/\/idakorea.ee\/#organization\"},\"alternateName\":\"Beauty Shop\",\"potentialAction\":[{\"@type\":\"SearchAction\",\"target\":{\"@type\":\"EntryPoint\",\"urlTemplate\":\"https:\/\/idakorea.ee\/?s={search_term_string}\"},\"query-input\":{\"@type\":\"PropertyValueSpecification\",\"valueRequired\":true,\"valueName\":\"search_term_string\"}}],\"inLanguage\":\"fi\"},{\"@type\":\"Organization\",\"@id\":\"https:\/\/idakorea.ee\/#organization\",\"name\":\"IDA.KOREA\",\"url\":\"https:\/\/idakorea.ee\/\",\"logo\":{\"@type\":\"ImageObject\",\"inLanguage\":\"fi\",\"@id\":\"https:\/\/idakorea.ee\/#\/schema\/logo\/image\/\",\"url\":\"https:\/\/idakorea.ee\/wp-content\/uploads\/2024\/05\/cropped-korea3.png\",\"contentUrl\":\"https:\/\/idakorea.ee\/wp-content\/uploads\/2024\/05\/cropped-korea3.png\",\"width\":688,\"height\":126,\"caption\":\"IDA.KOREA\"},\"image\":{\"@id\":\"https:\/\/idakorea.ee\/#\/schema\/logo\/image\/\"},\"sameAs\":[\"https:\/\/www.instagram.com\/ida.korea\/\"]}]}<\/script>\n<!-- \/ Yoast SEO plugin. -->","yoast_head_json":{"title":"MediPeel Pearl -kollageeninaamio - IDA.KOREA","description":"Tutustu Medi-Peel Pearl Collagen Mask -kasvonaamioon, joka sis\u00e4lt\u00e4\u00e4 helmi\u00e4 ja kollageenia ja joka kosteuttaa syv\u00e4lt\u00e4, silottaa ryppyj\u00e4 ja palauttaa ihon hehkun. - Tilaa nyt!","robots":{"index":"index","follow":"follow","max-snippet":"max-snippet:-1","max-image-preview":"max-image-preview:large","max-video-preview":"max-video-preview:-1"},"canonical":"https:\/\/idakorea.ee\/fi\/product\/medipeel-pearl-collagen-mask\/","og_locale":"fi_FI","og_type":"article","og_title":"MediPeel Pearl Collagen Mask - IDA.KOREA","og_description":"Avasta Medi-Peel Pearl Collagen Mask \u2013 n\u00e4omask p\u00e4rli ja kollageeniga, mis niisutab s\u00fcgavalt, silub kortse ja taastab naha s\u00e4ra. - Telli kohe!","og_url":"https:\/\/idakorea.ee\/fi\/product\/medipeel-pearl-collagen-mask\/","og_site_name":"IDA.KOREA","article_modified_time":"2026-03-27T12:36:20+00:00","og_image":[{"width":650,"height":650,"url":"https:\/\/idakorea.ee\/wp-content\/uploads\/2025\/07\/medi-peel-pearl-collagen-mask-idakorea.ee_.webp","type":"image\/webp"}],"twitter_card":"summary_large_image","twitter_misc":{"Arvioitu lukuaika":"2 minuuttia"},"schema":{"@context":"https:\/\/schema.org","@graph":[{"@type":"WebPage","@id":"https:\/\/idakorea.ee\/product\/medipeel-pearl-collagen-mask\/","url":"https:\/\/idakorea.ee\/product\/medipeel-pearl-collagen-mask\/","name":"MediPeel Pearl -kollageeninaamio - IDA.KOREA","isPartOf":{"@id":"https:\/\/idakorea.ee\/#website"},"primaryImageOfPage":{"@id":"https:\/\/idakorea.ee\/product\/medipeel-pearl-collagen-mask\/#primaryimage"},"image":{"@id":"https:\/\/idakorea.ee\/product\/medipeel-pearl-collagen-mask\/#primaryimage"},"thumbnailUrl":"https:\/\/idakorea.ee\/wp-content\/uploads\/2025\/07\/medi-peel-pearl-collagen-mask-idakorea.ee_.webp","datePublished":"2025-07-21T08:27:56+00:00","dateModified":"2026-03-27T12:36:20+00:00","description":"Tutustu Medi-Peel Pearl Collagen Mask -kasvonaamioon, joka sis\u00e4lt\u00e4\u00e4 helmi\u00e4 ja kollageenia ja joka kosteuttaa syv\u00e4lt\u00e4, silottaa ryppyj\u00e4 ja palauttaa ihon hehkun. - Tilaa nyt!","breadcrumb":{"@id":"https:\/\/idakorea.ee\/product\/medipeel-pearl-collagen-mask\/#breadcrumb"},"inLanguage":"fi","potentialAction":[{"@type":"ReadAction","target":["https:\/\/idakorea.ee\/product\/medipeel-pearl-collagen-mask\/"]}]},{"@type":"ImageObject","inLanguage":"fi","@id":"https:\/\/idakorea.ee\/product\/medipeel-pearl-collagen-mask\/#primaryimage","url":"https:\/\/idakorea.ee\/wp-content\/uploads\/2025\/07\/medi-peel-pearl-collagen-mask-idakorea.ee_.webp","contentUrl":"https:\/\/idakorea.ee\/wp-content\/uploads\/2025\/07\/medi-peel-pearl-collagen-mask-idakorea.ee_.webp","width":650,"height":650},{"@type":"BreadcrumbList","@id":"https:\/\/idakorea.ee\/product\/medipeel-pearl-collagen-mask\/#breadcrumb","itemListElement":[{"@type":"ListItem","position":1,"name":"\u0413\u043b\u0430\u0432\u043d\u0430\u044f \u0441\u0442\u0440\u0430\u043d\u0438\u0446\u0430","item":"https:\/\/idakorea.ee\/"},{"@type":"ListItem","position":2,"name":"Shop","item":"https:\/\/idakorea.ee\/shop-2\/"},{"@type":"ListItem","position":3,"name":"Silendav n\u00e4omask MediPeel Pearl Collagen Mask"}]},{"@type":"WebSite","@id":"https:\/\/idakorea.ee\/#website","url":"https:\/\/idakorea.ee\/","name":"IDA.KOREA","description":"Korean kosmetiikan verkkokauppa","publisher":{"@id":"https:\/\/idakorea.ee\/#organization"},"alternateName":"Beauty Shop","potentialAction":[{"@type":"SearchAction","target":{"@type":"EntryPoint","urlTemplate":"https:\/\/idakorea.ee\/?s={search_term_string}"},"query-input":{"@type":"PropertyValueSpecification","valueRequired":true,"valueName":"search_term_string"}}],"inLanguage":"fi"},{"@type":"Organization","@id":"https:\/\/idakorea.ee\/#organization","name":"IDA.KOREA","url":"https:\/\/idakorea.ee\/","logo":{"@type":"ImageObject","inLanguage":"fi","@id":"https:\/\/idakorea.ee\/#\/schema\/logo\/image\/","url":"https:\/\/idakorea.ee\/wp-content\/uploads\/2024\/05\/cropped-korea3.png","contentUrl":"https:\/\/idakorea.ee\/wp-content\/uploads\/2024\/05\/cropped-korea3.png","width":688,"height":126,"caption":"IDA.KOREA"},"image":{"@id":"https:\/\/idakorea.ee\/#\/schema\/logo\/image\/"},"sameAs":["https:\/\/www.instagram.com\/ida.korea\/"]}]}},"jetpack_sharing_enabled":true,"brands":[{"id":107,"name":"MEDIPEEL+","slug":"medipeel"}],"_links":{"self":[{"href":"https:\/\/idakorea.ee\/fi\/wp-json\/wp\/v2\/product\/15250","targetHints":{"allow":["GET"]}}],"collection":[{"href":"https:\/\/idakorea.ee\/fi\/wp-json\/wp\/v2\/product"}],"about":[{"href":"https:\/\/idakorea.ee\/fi\/wp-json\/wp\/v2\/types\/product"}],"replies":[{"embeddable":true,"href":"https:\/\/idakorea.ee\/fi\/wp-json\/wp\/v2\/comments?post=15250"}],"version-history":[{"count":1,"href":"https:\/\/idakorea.ee\/fi\/wp-json\/wp\/v2\/product\/15250\/revisions"}],"predecessor-version":[{"id":15253,"href":"https:\/\/idakorea.ee\/fi\/wp-json\/wp\/v2\/product\/15250\/revisions\/15253"}],"wp:featuredmedia":[{"embeddable":true,"href":"https:\/\/idakorea.ee\/fi\/wp-json\/wp\/v2\/media\/15251"}],"wp:attachment":[{"href":"https:\/\/idakorea.ee\/fi\/wp-json\/wp\/v2\/media?parent=15250"}],"wp:term":[{"taxonomy":"pwb-brand","embeddable":true,"href":"https:\/\/idakorea.ee\/fi\/wp-json\/wp\/v2\/pwb-brand?post=15250"},{"taxonomy":"product_brand","embeddable":true,"href":"https:\/\/idakorea.ee\/fi\/wp-json\/wp\/v2\/product_brand?post=15250"},{"taxonomy":"product_cat","embeddable":true,"href":"https:\/\/idakorea.ee\/fi\/wp-json\/wp\/v2\/product_cat?post=15250"},{"taxonomy":"product_tag","embeddable":true,"href":"https:\/\/idakorea.ee\/fi\/wp-json\/wp\/v2\/product_tag?post=15250"}],"curies":[{"name":"wp","href":"https:\/\/api.w.org\/{rel}","templated":true}]}}