{"id":15262,"date":"2025-07-22T09:34:01","date_gmt":"2025-07-22T06:34:01","guid":{"rendered":"https:\/\/idakorea.ee\/?post_type=product&#038;p=15262"},"modified":"2026-03-01T10:47:55","modified_gmt":"2026-03-01T08:47:55","slug":"masil-5-probiotics-color-radiance-shampoo-8ml","status":"publish","type":"product","link":"https:\/\/idakorea.ee\/fi\/product\/masil-5-probiotics-color-radiance-shampoo-8ml\/","title":{"rendered":"Probioottishampoo v\u00e4rj\u00e4tyille hiuksille Masil 5 Probiotics Color Radiance -shampoo, 8ml"},"content":{"rendered":"<p data-start=\"138\" data-end=\"341\">Masil 5 Probiotics Color Radiance -shampoo probiooteilla palauttaa terveen hiusv\u00e4rin ja ehk\u00e4isee hiusten sameutta. Puhdistaa hell\u00e4varaisesti, vahvistaa hiusjuuria ja tekee hiuksista sile\u00e4mm\u00e4t ja pehme\u00e4mm\u00e4t.<\/p>\n<p data-start=\"343\" data-end=\"660\">Est\u00e4\u00e4 hiustenkuivaajan l\u00e4mm\u00f6n ja UV-s\u00e4teilyn aiheuttamaa haalistumista ja auttaa s\u00e4ilytt\u00e4m\u00e4\u00e4n luonnollisen s\u00e4vyn. Vahvistaa hiusten rakennetta, v\u00e4hent\u00e4\u00e4 katkeilua ja p\u00f6rr\u00f6isyytt\u00e4, helpottaa kampaamista ja muotoilua. Muodostaa n\u00e4kym\u00e4tt\u00f6m\u00e4n suojakerroksen, parantaa ihon suojakerrosta ja yll\u00e4pit\u00e4\u00e4 optimaalista hydrolipiditasapainoa.<\/p>\n<p data-start=\"662\" data-end=\"781\">Sulfaatiton shampoo puhdistaa hell\u00e4varaisesti mutta tehokkaasti sek\u00e4 hiukset ett\u00e4 p\u00e4\u00e4nahan lievitt\u00e4en kutinaa ja ep\u00e4mukavuutta.<\/p>\n<p data-start=\"783\" data-end=\"807\"><strong data-start=\"783\" data-end=\"807\">T\u00e4rkeimm\u00e4t vaikuttavat aineet:<\/strong><\/p>\n<ul data-start=\"808\" data-end=\"1548\">\n<li data-start=\"808\" data-end=\"978\">\n<p data-start=\"810\" data-end=\"978\"><strong data-start=\"810\" data-end=\"838\">Lactobacillus-entsyymit<\/strong> tasapainottaa p\u00e4\u00e4nahan mikrobiomia, lievitt\u00e4\u00e4 kutinaa ja hilseily\u00e4, vahvistaen siten hiuksia ja antaen niille sileytt\u00e4 ja vahvuutta.<\/p>\n<\/li>\n<li data-start=\"979\" data-end=\"1081\">\n<p data-start=\"981\" data-end=\"1081\"><strong data-start=\"981\" data-end=\"997\">Riisilese\u00f6ljy<\/strong> On antioksidanttinen vaikutus, joka suojaa hiusv\u00e4rin loistoa. Ravitsee ja pehment\u00e4\u00e4 hiuksia.<\/p>\n<\/li>\n<li data-start=\"1082\" data-end=\"1227\">\n<p data-start=\"1084\" data-end=\"1227\"><strong data-start=\"1084\" data-end=\"1105\">Polykvaternium-10<\/strong> on polymeeri, joka vahvistaa hiusten suojakerrosta. V\u00e4hent\u00e4\u00e4 p\u00f6rr\u00f6isyytt\u00e4, helpottaa kampaamista ja muotoilua sek\u00e4 lis\u00e4\u00e4 volyymia.<\/p>\n<\/li>\n<li data-start=\"1228\" data-end=\"1336\">\n<p data-start=\"1230\" data-end=\"1336\"><strong data-start=\"1230\" data-end=\"1251\">Rintamaitouute<\/strong> vahvistaa suojakerrosta, v\u00e4hent\u00e4\u00e4 katkeilua ja eloisuutta sek\u00e4 antaa hiuksille elinvoimaa.<\/p>\n<\/li>\n<li data-start=\"1337\" data-end=\"1441\">\n<p data-start=\"1339\" data-end=\"1441\"><strong data-start=\"1339\" data-end=\"1362\">Piparminttu-uute<\/strong> viilent\u00e4\u00e4 miellytt\u00e4v\u00e4sti, rauhoittaa kutinaa ja ehk\u00e4isee hilsett\u00e4 ja \u00e4rsytyst\u00e4.<\/p>\n<\/li>\n<li data-start=\"1442\" data-end=\"1548\">\n<p data-start=\"1444\" data-end=\"1548\"><strong data-start=\"1444\" data-end=\"1463\">Teepuuuute<\/strong> s\u00e4\u00e4telee talirauhasten toimintaa, ehk\u00e4isee rasvoittumista ja auttaa pit\u00e4m\u00e4\u00e4n hiukset puhtaina pidemp\u00e4\u00e4n.<\/p>\n<\/li>\n<\/ul>\n<p data-start=\"1550\" data-end=\"1584\">Sopii kaikille hiustyypeille.<\/p>\n<p data-start=\"1586\" data-end=\"1731\"><strong data-start=\"1586\" data-end=\"1602\">K\u00e4ytt\u00f6ohjeet:<\/strong><br data-start=\"1602\" data-end=\"1605\" \/>Levit\u00e4 shampoota puhtaisiin, kosteisiin hiuksiin ja p\u00e4\u00e4nahkaan, hiero hell\u00e4varaisesti 2\u20133 minuuttia ja huuhtele huolellisesti l\u00e4mpim\u00e4ll\u00e4 vedell\u00e4.<\/p>","protected":false},"excerpt":{"rendered":"<p>Masil 5 Probiotics Color Radiance -shampoo probiooteilla palauttaa terveen hiusv\u00e4rin ja ehk\u00e4isee hiusten sameutta. Puhdistaa hell\u00e4varaisesti, vahvistaa hiusjuuria ja tekee hiuksista sile\u00e4mm\u00e4t ja silkkisemm\u00e4t. Est\u00e4\u00e4 hiustenkuivaajan l\u00e4mm\u00f6n ja UV-s\u00e4teilyn aiheuttamaa haalistumista ja auttaa s\u00e4ilytt\u00e4m\u00e4\u00e4n luonnollisen v\u00e4rin. Vahvistaa hiusten rakennetta, v\u00e4hent\u00e4\u00e4 katkeilua ja p\u00f6rr\u00f6isyytt\u00e4, helpottaa kampaamista ja muotoilua. Muodostaa n\u00e4kym\u00e4tt\u00f6m\u00e4n suojakerroksen, parantaa ihon\u2026<\/p>","protected":false},"featured_media":15263,"comment_status":"open","ping_status":"closed","template":"","meta":{"_uf_show_specific_survey":0,"_uf_disable_surveys":false,"_bst_post_transparent":"default","_bst_post_title":"","_bst_post_layout":"default","_bst_post_sidebar_id":"","_bst_post_content_style":"default","_bst_post_vertical_padding":"default","_bst_post_feature":"","_bst_post_feature_position":"","_bst_post_header":false,"_bst_post_footer":false},"pwb-brand":[489],"product_brand":[],"product_cat":[923],"product_tag":[961,941],"class_list":{"0":"post-15262","1":"product","2":"type-product","3":"status-publish","4":"has-post-thumbnail","6":"pwb-brand-masil","7":"product_cat-juuksed","8":"product_tag-color","9":"product_tag-masil","11":"first","12":"instock","13":"sale","14":"shipping-taxable","15":"purchasable","16":"product-type-simple","17":"entry","18":"content-bg","19":"loop-entry"},"supplier_id":null,"supplier_sku":"","barcode":null,"atum_controlled":true,"out_stock_date":null,"out_stock_threshold":null,"inheritable":false,"inbound_stock":0,"stock_on_hold":0,"sold_today":0,"sales_last_days":0,"out_stock_days":0,"lost_sales":0,"has_location":false,"update_date":"2026-04-14T00:05:08","atum_locations":[],"atum_stock_status":"instock","restock_status":false,"low_stock_amount":"","sales_update_date":"2026-04-14T00:05:08","calc_backorders":null,"yoast_head":"<!-- This site is optimized with the Yoast SEO plugin v27.2 - https:\/\/yoast.com\/product\/yoast-seo-wordpress\/ -->\n<title>Masil 5 Probiotics Color Radiance Shampoo, 8ml - IDA.KOREA<\/title>\n<meta name=\"description\" content=\"Sulfaatideta probiootikumidega \u0161ampoon Masil 5 taastab juuksev\u00e4rvi kirkuse, tugevdab juuri, v\u00e4hendab s\u00fcgelust ja kaitseb UV-kahjustuste eest. - Telli kohe!\" \/>\n<meta name=\"robots\" content=\"index, follow, max-snippet:-1, max-image-preview:large, max-video-preview:-1\" \/>\n<link rel=\"canonical\" href=\"https:\/\/idakorea.ee\/fi\/product\/masil-5-probiotics-color-radiance-shampoo-8ml\/\" \/>\n<meta property=\"og:locale\" content=\"fi_FI\" \/>\n<meta property=\"og:type\" content=\"article\" \/>\n<meta property=\"og:title\" content=\"Masil 5 Probiotics Color Radiance Shampoo, 8ml - IDA.KOREA\" \/>\n<meta property=\"og:description\" content=\"Sulfaatideta probiootikumidega \u0161ampoon Masil 5 taastab juuksev\u00e4rvi kirkuse, tugevdab juuri, v\u00e4hendab s\u00fcgelust ja kaitseb UV-kahjustuste eest. - Telli kohe!\" \/>\n<meta property=\"og:url\" content=\"https:\/\/idakorea.ee\/fi\/product\/masil-5-probiotics-color-radiance-shampoo-8ml\/\" \/>\n<meta property=\"og:site_name\" content=\"IDA.KOREA\" \/>\n<meta property=\"article:modified_time\" content=\"2026-03-01T08:47:55+00:00\" \/>\n<meta property=\"og:image\" content=\"https:\/\/idakorea.ee\/wp-content\/uploads\/2025\/07\/masil-5-probiotics-color-radiance-shampoo8ml-idakorea.jpg\" \/>\n\t<meta property=\"og:image:width\" content=\"1000\" \/>\n\t<meta property=\"og:image:height\" content=\"1000\" \/>\n\t<meta property=\"og:image:type\" content=\"image\/jpeg\" \/>\n<meta name=\"twitter:card\" content=\"summary_large_image\" \/>\n<meta name=\"twitter:label1\" content=\"Arvioitu lukuaika\" \/>\n\t<meta name=\"twitter:data1\" content=\"2 minuuttia\" \/>\n<script type=\"application\/ld+json\" class=\"yoast-schema-graph\">{\"@context\":\"https:\/\/schema.org\",\"@graph\":[{\"@type\":\"WebPage\",\"@id\":\"https:\/\/idakorea.ee\/product\/masil-5-probiotics-color-radiance-shampoo-8ml\/\",\"url\":\"https:\/\/idakorea.ee\/product\/masil-5-probiotics-color-radiance-shampoo-8ml\/\",\"name\":\"Masil 5 Probiotics Color Radiance Shampoo, 8ml - IDA.KOREA\",\"isPartOf\":{\"@id\":\"https:\/\/idakorea.ee\/#website\"},\"primaryImageOfPage\":{\"@id\":\"https:\/\/idakorea.ee\/product\/masil-5-probiotics-color-radiance-shampoo-8ml\/#primaryimage\"},\"image\":{\"@id\":\"https:\/\/idakorea.ee\/product\/masil-5-probiotics-color-radiance-shampoo-8ml\/#primaryimage\"},\"thumbnailUrl\":\"https:\/\/idakorea.ee\/wp-content\/uploads\/2025\/07\/masil-5-probiotics-color-radiance-shampoo8ml-idakorea.jpg\",\"datePublished\":\"2025-07-22T06:34:01+00:00\",\"dateModified\":\"2026-03-01T08:47:55+00:00\",\"description\":\"Sulfaatideta probiootikumidega \u0161ampoon Masil 5 taastab juuksev\u00e4rvi kirkuse, tugevdab juuri, v\u00e4hendab s\u00fcgelust ja kaitseb UV-kahjustuste eest. - Telli kohe!\",\"breadcrumb\":{\"@id\":\"https:\/\/idakorea.ee\/product\/masil-5-probiotics-color-radiance-shampoo-8ml\/#breadcrumb\"},\"inLanguage\":\"fi\",\"potentialAction\":[{\"@type\":\"ReadAction\",\"target\":[\"https:\/\/idakorea.ee\/product\/masil-5-probiotics-color-radiance-shampoo-8ml\/\"]}]},{\"@type\":\"ImageObject\",\"inLanguage\":\"fi\",\"@id\":\"https:\/\/idakorea.ee\/product\/masil-5-probiotics-color-radiance-shampoo-8ml\/#primaryimage\",\"url\":\"https:\/\/idakorea.ee\/wp-content\/uploads\/2025\/07\/masil-5-probiotics-color-radiance-shampoo8ml-idakorea.jpg\",\"contentUrl\":\"https:\/\/idakorea.ee\/wp-content\/uploads\/2025\/07\/masil-5-probiotics-color-radiance-shampoo8ml-idakorea.jpg\",\"width\":1000,\"height\":1000},{\"@type\":\"BreadcrumbList\",\"@id\":\"https:\/\/idakorea.ee\/product\/masil-5-probiotics-color-radiance-shampoo-8ml\/#breadcrumb\",\"itemListElement\":[{\"@type\":\"ListItem\",\"position\":1,\"name\":\"\u0413\u043b\u0430\u0432\u043d\u0430\u044f \u0441\u0442\u0440\u0430\u043d\u0438\u0446\u0430\",\"item\":\"https:\/\/idakorea.ee\/\"},{\"@type\":\"ListItem\",\"position\":2,\"name\":\"Shop\",\"item\":\"https:\/\/idakorea.ee\/shop-2\/\"},{\"@type\":\"ListItem\",\"position\":3,\"name\":\"Probiootikumidega \u0161ampoon v\u00e4rvitud juustele Masil 5 Probiotics Color Radiance Shampoo, 8ml\"}]},{\"@type\":\"WebSite\",\"@id\":\"https:\/\/idakorea.ee\/#website\",\"url\":\"https:\/\/idakorea.ee\/\",\"name\":\"IDA.KOREA\",\"description\":\"Korea kosmeetika e-pood\",\"publisher\":{\"@id\":\"https:\/\/idakorea.ee\/#organization\"},\"alternateName\":\"Beauty Shop\",\"potentialAction\":[{\"@type\":\"SearchAction\",\"target\":{\"@type\":\"EntryPoint\",\"urlTemplate\":\"https:\/\/idakorea.ee\/?s={search_term_string}\"},\"query-input\":{\"@type\":\"PropertyValueSpecification\",\"valueRequired\":true,\"valueName\":\"search_term_string\"}}],\"inLanguage\":\"fi\"},{\"@type\":\"Organization\",\"@id\":\"https:\/\/idakorea.ee\/#organization\",\"name\":\"IDA.KOREA\",\"url\":\"https:\/\/idakorea.ee\/\",\"logo\":{\"@type\":\"ImageObject\",\"inLanguage\":\"fi\",\"@id\":\"https:\/\/idakorea.ee\/#\/schema\/logo\/image\/\",\"url\":\"https:\/\/idakorea.ee\/wp-content\/uploads\/2024\/05\/cropped-korea3.png\",\"contentUrl\":\"https:\/\/idakorea.ee\/wp-content\/uploads\/2024\/05\/cropped-korea3.png\",\"width\":688,\"height\":126,\"caption\":\"IDA.KOREA\"},\"image\":{\"@id\":\"https:\/\/idakorea.ee\/#\/schema\/logo\/image\/\"},\"sameAs\":[\"https:\/\/www.instagram.com\/ida.korea\/\"]}]}<\/script>\n<!-- \/ Yoast SEO plugin. -->","yoast_head_json":{"title":"Masil 5 Probiotics Color Radiance -shampoo, 8ml - IDA.KOREA","description":"Masil 5 sulfaatiton probioottinen shampoo palauttaa hiusv\u00e4rin kirkkautta, vahvistaa tyve\u00e4, v\u00e4hent\u00e4\u00e4 kutinaa ja suojaa UV-s\u00e4teilyn aiheuttamilta vaurioilta. - Tilaa nyt!","robots":{"index":"index","follow":"follow","max-snippet":"max-snippet:-1","max-image-preview":"max-image-preview:large","max-video-preview":"max-video-preview:-1"},"canonical":"https:\/\/idakorea.ee\/fi\/product\/masil-5-probiotics-color-radiance-shampoo-8ml\/","og_locale":"fi_FI","og_type":"article","og_title":"Masil 5 Probiotics Color Radiance Shampoo, 8ml - IDA.KOREA","og_description":"Sulfaatideta probiootikumidega \u0161ampoon Masil 5 taastab juuksev\u00e4rvi kirkuse, tugevdab juuri, v\u00e4hendab s\u00fcgelust ja kaitseb UV-kahjustuste eest. - Telli kohe!","og_url":"https:\/\/idakorea.ee\/fi\/product\/masil-5-probiotics-color-radiance-shampoo-8ml\/","og_site_name":"IDA.KOREA","article_modified_time":"2026-03-01T08:47:55+00:00","og_image":[{"width":1000,"height":1000,"url":"https:\/\/idakorea.ee\/wp-content\/uploads\/2025\/07\/masil-5-probiotics-color-radiance-shampoo8ml-idakorea.jpg","type":"image\/jpeg"}],"twitter_card":"summary_large_image","twitter_misc":{"Arvioitu lukuaika":"2 minuuttia"},"schema":{"@context":"https:\/\/schema.org","@graph":[{"@type":"WebPage","@id":"https:\/\/idakorea.ee\/product\/masil-5-probiotics-color-radiance-shampoo-8ml\/","url":"https:\/\/idakorea.ee\/product\/masil-5-probiotics-color-radiance-shampoo-8ml\/","name":"Masil 5 Probiotics Color Radiance -shampoo, 8ml - IDA.KOREA","isPartOf":{"@id":"https:\/\/idakorea.ee\/#website"},"primaryImageOfPage":{"@id":"https:\/\/idakorea.ee\/product\/masil-5-probiotics-color-radiance-shampoo-8ml\/#primaryimage"},"image":{"@id":"https:\/\/idakorea.ee\/product\/masil-5-probiotics-color-radiance-shampoo-8ml\/#primaryimage"},"thumbnailUrl":"https:\/\/idakorea.ee\/wp-content\/uploads\/2025\/07\/masil-5-probiotics-color-radiance-shampoo8ml-idakorea.jpg","datePublished":"2025-07-22T06:34:01+00:00","dateModified":"2026-03-01T08:47:55+00:00","description":"Masil 5 sulfaatiton probioottinen shampoo palauttaa hiusv\u00e4rin kirkkautta, vahvistaa tyve\u00e4, v\u00e4hent\u00e4\u00e4 kutinaa ja suojaa UV-s\u00e4teilyn aiheuttamilta vaurioilta. - Tilaa nyt!","breadcrumb":{"@id":"https:\/\/idakorea.ee\/product\/masil-5-probiotics-color-radiance-shampoo-8ml\/#breadcrumb"},"inLanguage":"fi","potentialAction":[{"@type":"ReadAction","target":["https:\/\/idakorea.ee\/product\/masil-5-probiotics-color-radiance-shampoo-8ml\/"]}]},{"@type":"ImageObject","inLanguage":"fi","@id":"https:\/\/idakorea.ee\/product\/masil-5-probiotics-color-radiance-shampoo-8ml\/#primaryimage","url":"https:\/\/idakorea.ee\/wp-content\/uploads\/2025\/07\/masil-5-probiotics-color-radiance-shampoo8ml-idakorea.jpg","contentUrl":"https:\/\/idakorea.ee\/wp-content\/uploads\/2025\/07\/masil-5-probiotics-color-radiance-shampoo8ml-idakorea.jpg","width":1000,"height":1000},{"@type":"BreadcrumbList","@id":"https:\/\/idakorea.ee\/product\/masil-5-probiotics-color-radiance-shampoo-8ml\/#breadcrumb","itemListElement":[{"@type":"ListItem","position":1,"name":"\u0413\u043b\u0430\u0432\u043d\u0430\u044f \u0441\u0442\u0440\u0430\u043d\u0438\u0446\u0430","item":"https:\/\/idakorea.ee\/"},{"@type":"ListItem","position":2,"name":"Shop","item":"https:\/\/idakorea.ee\/shop-2\/"},{"@type":"ListItem","position":3,"name":"Probiootikumidega \u0161ampoon v\u00e4rvitud juustele Masil 5 Probiotics Color Radiance Shampoo, 8ml"}]},{"@type":"WebSite","@id":"https:\/\/idakorea.ee\/#website","url":"https:\/\/idakorea.ee\/","name":"IDA.KOREA","description":"Korean kosmetiikan verkkokauppa","publisher":{"@id":"https:\/\/idakorea.ee\/#organization"},"alternateName":"Beauty Shop","potentialAction":[{"@type":"SearchAction","target":{"@type":"EntryPoint","urlTemplate":"https:\/\/idakorea.ee\/?s={search_term_string}"},"query-input":{"@type":"PropertyValueSpecification","valueRequired":true,"valueName":"search_term_string"}}],"inLanguage":"fi"},{"@type":"Organization","@id":"https:\/\/idakorea.ee\/#organization","name":"IDA.KOREA","url":"https:\/\/idakorea.ee\/","logo":{"@type":"ImageObject","inLanguage":"fi","@id":"https:\/\/idakorea.ee\/#\/schema\/logo\/image\/","url":"https:\/\/idakorea.ee\/wp-content\/uploads\/2024\/05\/cropped-korea3.png","contentUrl":"https:\/\/idakorea.ee\/wp-content\/uploads\/2024\/05\/cropped-korea3.png","width":688,"height":126,"caption":"IDA.KOREA"},"image":{"@id":"https:\/\/idakorea.ee\/#\/schema\/logo\/image\/"},"sameAs":["https:\/\/www.instagram.com\/ida.korea\/"]}]}},"jetpack_sharing_enabled":true,"brands":[{"id":489,"name":"MASIL","slug":"masil"}],"_links":{"self":[{"href":"https:\/\/idakorea.ee\/fi\/wp-json\/wp\/v2\/product\/15262","targetHints":{"allow":["GET"]}}],"collection":[{"href":"https:\/\/idakorea.ee\/fi\/wp-json\/wp\/v2\/product"}],"about":[{"href":"https:\/\/idakorea.ee\/fi\/wp-json\/wp\/v2\/types\/product"}],"replies":[{"embeddable":true,"href":"https:\/\/idakorea.ee\/fi\/wp-json\/wp\/v2\/comments?post=15262"}],"version-history":[{"count":2,"href":"https:\/\/idakorea.ee\/fi\/wp-json\/wp\/v2\/product\/15262\/revisions"}],"predecessor-version":[{"id":17482,"href":"https:\/\/idakorea.ee\/fi\/wp-json\/wp\/v2\/product\/15262\/revisions\/17482"}],"wp:featuredmedia":[{"embeddable":true,"href":"https:\/\/idakorea.ee\/fi\/wp-json\/wp\/v2\/media\/15263"}],"wp:attachment":[{"href":"https:\/\/idakorea.ee\/fi\/wp-json\/wp\/v2\/media?parent=15262"}],"wp:term":[{"taxonomy":"pwb-brand","embeddable":true,"href":"https:\/\/idakorea.ee\/fi\/wp-json\/wp\/v2\/pwb-brand?post=15262"},{"taxonomy":"product_brand","embeddable":true,"href":"https:\/\/idakorea.ee\/fi\/wp-json\/wp\/v2\/product_brand?post=15262"},{"taxonomy":"product_cat","embeddable":true,"href":"https:\/\/idakorea.ee\/fi\/wp-json\/wp\/v2\/product_cat?post=15262"},{"taxonomy":"product_tag","embeddable":true,"href":"https:\/\/idakorea.ee\/fi\/wp-json\/wp\/v2\/product_tag?post=15262"}],"curies":[{"name":"wp","href":"https:\/\/api.w.org\/{rel}","templated":true}]}}