{"id":15265,"date":"2025-07-22T09:48:19","date_gmt":"2025-07-22T06:48:19","guid":{"rendered":"https:\/\/idakorea.ee\/?post_type=product&#038;p=15265"},"modified":"2026-01-29T16:35:06","modified_gmt":"2026-01-29T14:35:06","slug":"masil-5-probiotics-perfect-volume-shampoo-8ml","status":"publish","type":"product","link":"https:\/\/idakorea.ee\/fi\/product\/masil-5-probiotics-perfect-volume-shampoo-8ml\/","title":{"rendered":"Probioottishampoo hiusten volyymin palauttamiseen Masil 5 Probiotics Perfect Volume -shampoo, 8ml"},"content":{"rendered":"<p data-start=\"201\" data-end=\"446\">Masil 5 Probiotics Perfect Volume -shampoo &quot;elvytt\u00e4\u00e4&quot; hiuksia, poistaa sameutta ja palauttaa kiillon, tehden kiharoista silkkisen pehme\u00e4t ja helposti k\u00e4sitelt\u00e4v\u00e4t. Se s\u00e4\u00e4telee talirauhasten toimintaa, v\u00e4hent\u00e4\u00e4 p\u00e4\u00e4nahan rasvaisuutta ja kuorii hell\u00e4varaisesti kuolleita ihosoluja.<\/p>\n<p data-start=\"448\" data-end=\"752\">Shampoo vahvistaa suojakerrosta ja parantaa solujen suojakerrosta, auttaen s\u00e4ilytt\u00e4m\u00e4\u00e4n kosteutta. Lievitt\u00e4\u00e4 kuivuutta ja hilseily\u00e4, palauttaa p\u00e4\u00e4nahan mikrobiomin ja lis\u00e4\u00e4 ravinteiden virtausta hiusjuuriin. Parantaa vaurioituneiden hiusten rakennetta, palauttaa luonnollisen volyymin ja silottaa keratiinikerrosta.<\/p>\n<p data-start=\"754\" data-end=\"917\">Tuote on miellytt\u00e4v\u00e4n raikas, muodostaa runsaan vaahdon ja huuhtoutuu helposti pois. Ei sis\u00e4ll\u00e4 silikoneja eik\u00e4 sulfaatteja. Shampoon pH on hieman hapan \u2013 5,0\u20136,0.<\/p>\n<p data-start=\"919\" data-end=\"943\"><strong data-start=\"919\" data-end=\"943\">T\u00e4rkeimm\u00e4t vaikuttavat aineet:<\/strong><\/p>\n<ul data-start=\"944\" data-end=\"1797\">\n<li data-start=\"944\" data-end=\"1090\">\n<p data-start=\"946\" data-end=\"1090\"><strong data-start=\"946\" data-end=\"974\">Lactobacillus-entsyymit<\/strong> vahvistaa hiuksia, tukee suojakerrosta, lis\u00e4\u00e4 vastustuskyky\u00e4 ymp\u00e4rist\u00f6tekij\u00f6ille, lis\u00e4\u00e4 sileytt\u00e4 ja vahvuutta.<\/p>\n<\/li>\n<li data-start=\"1091\" data-end=\"1225\">\n<p data-start=\"1093\" data-end=\"1225\"><strong data-start=\"1093\" data-end=\"1114\">Polykvaternium-10<\/strong> Vahvistaa hiusten suojakerrosta, v\u00e4hent\u00e4\u00e4 staattista s\u00e4hk\u00f6\u00e4, helpottaa kampaamista ja muotoilua sek\u00e4 lis\u00e4\u00e4 volyymia.<\/p>\n<\/li>\n<li data-start=\"1226\" data-end=\"1363\">\n<p data-start=\"1228\" data-end=\"1363\"><strong data-start=\"1228\" data-end=\"1251\">Centella-uute<\/strong> Parantaa hiusten kimmoisuutta ja kosteuttaa soluja muodostaen suojaavan kerroksen UV-s\u00e4teily\u00e4 ja ymp\u00e4rist\u00f6n vaikutuksia vastaan.<\/p>\n<\/li>\n<li data-start=\"1364\" data-end=\"1491\">\n<p data-start=\"1366\" data-end=\"1491\"><strong data-start=\"1366\" data-end=\"1391\">Kurpitsauute<\/strong> on antibakteerinen ja rauhoittava, s\u00e4\u00e4telee talirauhasten toimintaa ja v\u00e4hent\u00e4\u00e4 rasvaisuutta.<\/p>\n<\/li>\n<li data-start=\"1492\" data-end=\"1663\">\n<p data-start=\"1494\" data-end=\"1663\"><strong data-start=\"1494\" data-end=\"1517\">Piparminttu-uute<\/strong> viilent\u00e4\u00e4 ja rauhoittaa ihoa, lievitt\u00e4\u00e4 \u00e4rsytyst\u00e4 ja tulehdusta, normalisoi talin erityst\u00e4, edist\u00e4\u00e4 ihon paranemista ja sill\u00e4 on antiseptinen vaikutus.<\/p>\n<\/li>\n<li data-start=\"1664\" data-end=\"1797\">\n<p data-start=\"1666\" data-end=\"1797\"><strong data-start=\"1666\" data-end=\"1687\">Lakritsiuute<\/strong> tukee ihon luonnollista mikrobiflooraa, parantaa palautumis- ja uusiutumisprosesseja sek\u00e4 edist\u00e4\u00e4 mikroverenkiertoa.<\/p>\n<\/li>\n<\/ul>\n<p data-start=\"1799\" data-end=\"1828\">Sopii rasvoittuvalle p\u00e4\u00e4nahalle.<\/p>\n<p data-start=\"1830\" data-end=\"1974\"><strong data-start=\"1830\" data-end=\"1846\">K\u00e4ytt\u00f6ohjeet:<\/strong><br data-start=\"1846\" data-end=\"1849\" \/>Levit\u00e4 shampoota puhtaisiin, m\u00e4rkiin hiuksiin ja p\u00e4\u00e4nahkaan, hiero hell\u00e4varaisesti 2\u20133 minuuttia ja huuhtele huolellisesti l\u00e4mpim\u00e4ll\u00e4 vedell\u00e4.<\/p>","protected":false},"excerpt":{"rendered":"<p>Masil 5 Probiotics Perfect Volume -shampoo &quot;elvytt\u00e4\u00e4&quot; hiuksia, poistaa sameutta ja palauttaa kiillon, tehden kiharoista silkkisen ja helposti k\u00e4sitelt\u00e4v\u00e4n. S\u00e4\u00e4telee talirauhasten toimintaa, v\u00e4hent\u00e4\u00e4 p\u00e4\u00e4nahan rasvaisuutta ja kuorii hell\u00e4varaisesti kuolleita ihosoluja. Shampoo vahvistaa suojakerrosta ja parantaa solujen estetoimintoja, auttaen s\u00e4ilytt\u00e4m\u00e4\u00e4n kosteuden. Lievitt\u00e4\u00e4 kuivuutta ja hilseily\u00e4, palauttaa p\u00e4\u00e4nahan mikrobiomin ja lis\u00e4\u00e4 ravinteiden virtausta hiusjuuriin. Korjaa vaurioituneita hiuksia\u2026<\/p>","protected":false},"featured_media":15266,"comment_status":"open","ping_status":"closed","template":"","meta":{"_uf_show_specific_survey":0,"_uf_disable_surveys":false,"_bst_post_transparent":"default","_bst_post_title":"","_bst_post_layout":"default","_bst_post_sidebar_id":"","_bst_post_content_style":"default","_bst_post_vertical_padding":"default","_bst_post_feature":"","_bst_post_feature_position":"","_bst_post_header":false,"_bst_post_footer":false},"pwb-brand":[489],"product_brand":[],"product_cat":[923],"product_tag":[941,962,963],"class_list":{"0":"post-15265","1":"product","2":"type-product","3":"status-publish","4":"has-post-thumbnail","6":"pwb-brand-masil","7":"product_cat-juuksed","8":"product_tag-masil","9":"product_tag-masil-sampoon","10":"product_tag-voluumi-andev-sampoon","12":"first","13":"instock","14":"sale","15":"shipping-taxable","16":"purchasable","17":"product-type-simple","18":"entry","19":"content-bg","20":"loop-entry"},"supplier_id":null,"supplier_sku":"","barcode":null,"atum_controlled":true,"out_stock_date":null,"out_stock_threshold":null,"inheritable":false,"inbound_stock":0,"stock_on_hold":0,"sold_today":0,"sales_last_days":0,"out_stock_days":0,"lost_sales":0,"has_location":false,"update_date":"2026-04-14T00:05:07","atum_locations":[],"atum_stock_status":"instock","restock_status":false,"low_stock_amount":"","sales_update_date":"2026-04-14T00:05:07","calc_backorders":null,"yoast_head":"<!-- This site is optimized with the Yoast SEO plugin v27.2 - https:\/\/yoast.com\/product\/yoast-seo-wordpress\/ -->\n<title>Masil 5 Probiotics Perfect Volume Shampoo, 8ml - IDA.KOREA<\/title>\n<meta name=\"description\" content=\"Probiootikumidega vol\u00fc\u00fcmi\u0161ampoon Masil 5 tugevdab juukseid, v\u00e4hendab rasusust, taastab loomuliku kohevuse ja niisutab peanahka. Sulfaadi- ja silikoonivaba.\" \/>\n<meta name=\"robots\" content=\"index, follow, max-snippet:-1, max-image-preview:large, max-video-preview:-1\" \/>\n<link rel=\"canonical\" href=\"https:\/\/idakorea.ee\/fi\/product\/masil-5-probiotics-perfect-volume-shampoo-8ml\/\" \/>\n<meta property=\"og:locale\" content=\"fi_FI\" \/>\n<meta property=\"og:type\" content=\"article\" \/>\n<meta property=\"og:title\" content=\"Masil 5 Probiotics Perfect Volume Shampoo, 8ml - IDA.KOREA\" \/>\n<meta property=\"og:description\" content=\"Probiootikumidega vol\u00fc\u00fcmi\u0161ampoon Masil 5 tugevdab juukseid, v\u00e4hendab rasusust, taastab loomuliku kohevuse ja niisutab peanahka. Sulfaadi- ja silikoonivaba.\" \/>\n<meta property=\"og:url\" content=\"https:\/\/idakorea.ee\/fi\/product\/masil-5-probiotics-perfect-volume-shampoo-8ml\/\" \/>\n<meta property=\"og:site_name\" content=\"IDA.KOREA\" \/>\n<meta property=\"article:modified_time\" content=\"2026-01-29T14:35:06+00:00\" \/>\n<meta property=\"og:image\" content=\"https:\/\/idakorea.ee\/wp-content\/uploads\/2025\/07\/masil-5-probiotics-perfect-volume-shampoo-idakorea.jpg\" \/>\n\t<meta property=\"og:image:width\" content=\"1062\" \/>\n\t<meta property=\"og:image:height\" content=\"1042\" \/>\n\t<meta property=\"og:image:type\" content=\"image\/jpeg\" \/>\n<meta name=\"twitter:card\" content=\"summary_large_image\" \/>\n<meta name=\"twitter:label1\" content=\"Arvioitu lukuaika\" \/>\n\t<meta name=\"twitter:data1\" content=\"2 minuuttia\" \/>\n<script type=\"application\/ld+json\" class=\"yoast-schema-graph\">{\"@context\":\"https:\/\/schema.org\",\"@graph\":[{\"@type\":\"WebPage\",\"@id\":\"https:\/\/idakorea.ee\/product\/masil-5-probiotics-perfect-volume-shampoo-8ml\/\",\"url\":\"https:\/\/idakorea.ee\/product\/masil-5-probiotics-perfect-volume-shampoo-8ml\/\",\"name\":\"Masil 5 Probiotics Perfect Volume Shampoo, 8ml - IDA.KOREA\",\"isPartOf\":{\"@id\":\"https:\/\/idakorea.ee\/#website\"},\"primaryImageOfPage\":{\"@id\":\"https:\/\/idakorea.ee\/product\/masil-5-probiotics-perfect-volume-shampoo-8ml\/#primaryimage\"},\"image\":{\"@id\":\"https:\/\/idakorea.ee\/product\/masil-5-probiotics-perfect-volume-shampoo-8ml\/#primaryimage\"},\"thumbnailUrl\":\"https:\/\/idakorea.ee\/wp-content\/uploads\/2025\/07\/masil-5-probiotics-perfect-volume-shampoo-idakorea.jpg\",\"datePublished\":\"2025-07-22T06:48:19+00:00\",\"dateModified\":\"2026-01-29T14:35:06+00:00\",\"description\":\"Probiootikumidega vol\u00fc\u00fcmi\u0161ampoon Masil 5 tugevdab juukseid, v\u00e4hendab rasusust, taastab loomuliku kohevuse ja niisutab peanahka. Sulfaadi- ja silikoonivaba.\",\"breadcrumb\":{\"@id\":\"https:\/\/idakorea.ee\/product\/masil-5-probiotics-perfect-volume-shampoo-8ml\/#breadcrumb\"},\"inLanguage\":\"fi\",\"potentialAction\":[{\"@type\":\"ReadAction\",\"target\":[\"https:\/\/idakorea.ee\/product\/masil-5-probiotics-perfect-volume-shampoo-8ml\/\"]}]},{\"@type\":\"ImageObject\",\"inLanguage\":\"fi\",\"@id\":\"https:\/\/idakorea.ee\/product\/masil-5-probiotics-perfect-volume-shampoo-8ml\/#primaryimage\",\"url\":\"https:\/\/idakorea.ee\/wp-content\/uploads\/2025\/07\/masil-5-probiotics-perfect-volume-shampoo-idakorea.jpg\",\"contentUrl\":\"https:\/\/idakorea.ee\/wp-content\/uploads\/2025\/07\/masil-5-probiotics-perfect-volume-shampoo-idakorea.jpg\",\"width\":1062,\"height\":1042},{\"@type\":\"BreadcrumbList\",\"@id\":\"https:\/\/idakorea.ee\/product\/masil-5-probiotics-perfect-volume-shampoo-8ml\/#breadcrumb\",\"itemListElement\":[{\"@type\":\"ListItem\",\"position\":1,\"name\":\"\u0413\u043b\u0430\u0432\u043d\u0430\u044f \u0441\u0442\u0440\u0430\u043d\u0438\u0446\u0430\",\"item\":\"https:\/\/idakorea.ee\/\"},{\"@type\":\"ListItem\",\"position\":2,\"name\":\"Shop\",\"item\":\"https:\/\/idakorea.ee\/shop-2\/\"},{\"@type\":\"ListItem\",\"position\":3,\"name\":\"Probiootikumidega \u0161ampoon juuste vol\u00fc\u00fcmi taastamiseks Masil 5 Probiotics Perfect Volume Shampoo, 8ml\"}]},{\"@type\":\"WebSite\",\"@id\":\"https:\/\/idakorea.ee\/#website\",\"url\":\"https:\/\/idakorea.ee\/\",\"name\":\"IDA.KOREA\",\"description\":\"Korea kosmeetika e-pood\",\"publisher\":{\"@id\":\"https:\/\/idakorea.ee\/#organization\"},\"alternateName\":\"Beauty Shop\",\"potentialAction\":[{\"@type\":\"SearchAction\",\"target\":{\"@type\":\"EntryPoint\",\"urlTemplate\":\"https:\/\/idakorea.ee\/?s={search_term_string}\"},\"query-input\":{\"@type\":\"PropertyValueSpecification\",\"valueRequired\":true,\"valueName\":\"search_term_string\"}}],\"inLanguage\":\"fi\"},{\"@type\":\"Organization\",\"@id\":\"https:\/\/idakorea.ee\/#organization\",\"name\":\"IDA.KOREA\",\"url\":\"https:\/\/idakorea.ee\/\",\"logo\":{\"@type\":\"ImageObject\",\"inLanguage\":\"fi\",\"@id\":\"https:\/\/idakorea.ee\/#\/schema\/logo\/image\/\",\"url\":\"https:\/\/idakorea.ee\/wp-content\/uploads\/2024\/05\/cropped-korea3.png\",\"contentUrl\":\"https:\/\/idakorea.ee\/wp-content\/uploads\/2024\/05\/cropped-korea3.png\",\"width\":688,\"height\":126,\"caption\":\"IDA.KOREA\"},\"image\":{\"@id\":\"https:\/\/idakorea.ee\/#\/schema\/logo\/image\/\"},\"sameAs\":[\"https:\/\/www.instagram.com\/ida.korea\/\"]}]}<\/script>\n<!-- \/ Yoast SEO plugin. -->","yoast_head_json":{"title":"Masil 5 Probiotics T\u00e4ydellinen Volume -shampoo, 8ml - IDA.KOREA","description":"Masil 5 volume -shampoo probiooteilla vahvistaa hiuksia, v\u00e4hent\u00e4\u00e4 rasvoittumista, palauttaa luonnollisen volyymin ja kosteuttaa p\u00e4\u00e4nahkaa. Sulfaatiton ja silikoniton.","robots":{"index":"index","follow":"follow","max-snippet":"max-snippet:-1","max-image-preview":"max-image-preview:large","max-video-preview":"max-video-preview:-1"},"canonical":"https:\/\/idakorea.ee\/fi\/product\/masil-5-probiotics-perfect-volume-shampoo-8ml\/","og_locale":"fi_FI","og_type":"article","og_title":"Masil 5 Probiotics Perfect Volume Shampoo, 8ml - IDA.KOREA","og_description":"Probiootikumidega vol\u00fc\u00fcmi\u0161ampoon Masil 5 tugevdab juukseid, v\u00e4hendab rasusust, taastab loomuliku kohevuse ja niisutab peanahka. Sulfaadi- ja silikoonivaba.","og_url":"https:\/\/idakorea.ee\/fi\/product\/masil-5-probiotics-perfect-volume-shampoo-8ml\/","og_site_name":"IDA.KOREA","article_modified_time":"2026-01-29T14:35:06+00:00","og_image":[{"width":1062,"height":1042,"url":"https:\/\/idakorea.ee\/wp-content\/uploads\/2025\/07\/masil-5-probiotics-perfect-volume-shampoo-idakorea.jpg","type":"image\/jpeg"}],"twitter_card":"summary_large_image","twitter_misc":{"Arvioitu lukuaika":"2 minuuttia"},"schema":{"@context":"https:\/\/schema.org","@graph":[{"@type":"WebPage","@id":"https:\/\/idakorea.ee\/product\/masil-5-probiotics-perfect-volume-shampoo-8ml\/","url":"https:\/\/idakorea.ee\/product\/masil-5-probiotics-perfect-volume-shampoo-8ml\/","name":"Masil 5 Probiotics T\u00e4ydellinen Volume -shampoo, 8ml - IDA.KOREA","isPartOf":{"@id":"https:\/\/idakorea.ee\/#website"},"primaryImageOfPage":{"@id":"https:\/\/idakorea.ee\/product\/masil-5-probiotics-perfect-volume-shampoo-8ml\/#primaryimage"},"image":{"@id":"https:\/\/idakorea.ee\/product\/masil-5-probiotics-perfect-volume-shampoo-8ml\/#primaryimage"},"thumbnailUrl":"https:\/\/idakorea.ee\/wp-content\/uploads\/2025\/07\/masil-5-probiotics-perfect-volume-shampoo-idakorea.jpg","datePublished":"2025-07-22T06:48:19+00:00","dateModified":"2026-01-29T14:35:06+00:00","description":"Masil 5 volume -shampoo probiooteilla vahvistaa hiuksia, v\u00e4hent\u00e4\u00e4 rasvoittumista, palauttaa luonnollisen volyymin ja kosteuttaa p\u00e4\u00e4nahkaa. Sulfaatiton ja silikoniton.","breadcrumb":{"@id":"https:\/\/idakorea.ee\/product\/masil-5-probiotics-perfect-volume-shampoo-8ml\/#breadcrumb"},"inLanguage":"fi","potentialAction":[{"@type":"ReadAction","target":["https:\/\/idakorea.ee\/product\/masil-5-probiotics-perfect-volume-shampoo-8ml\/"]}]},{"@type":"ImageObject","inLanguage":"fi","@id":"https:\/\/idakorea.ee\/product\/masil-5-probiotics-perfect-volume-shampoo-8ml\/#primaryimage","url":"https:\/\/idakorea.ee\/wp-content\/uploads\/2025\/07\/masil-5-probiotics-perfect-volume-shampoo-idakorea.jpg","contentUrl":"https:\/\/idakorea.ee\/wp-content\/uploads\/2025\/07\/masil-5-probiotics-perfect-volume-shampoo-idakorea.jpg","width":1062,"height":1042},{"@type":"BreadcrumbList","@id":"https:\/\/idakorea.ee\/product\/masil-5-probiotics-perfect-volume-shampoo-8ml\/#breadcrumb","itemListElement":[{"@type":"ListItem","position":1,"name":"\u0413\u043b\u0430\u0432\u043d\u0430\u044f \u0441\u0442\u0440\u0430\u043d\u0438\u0446\u0430","item":"https:\/\/idakorea.ee\/"},{"@type":"ListItem","position":2,"name":"Shop","item":"https:\/\/idakorea.ee\/shop-2\/"},{"@type":"ListItem","position":3,"name":"Probiootikumidega \u0161ampoon juuste vol\u00fc\u00fcmi taastamiseks Masil 5 Probiotics Perfect Volume Shampoo, 8ml"}]},{"@type":"WebSite","@id":"https:\/\/idakorea.ee\/#website","url":"https:\/\/idakorea.ee\/","name":"IDA.KOREA","description":"Korean kosmetiikan verkkokauppa","publisher":{"@id":"https:\/\/idakorea.ee\/#organization"},"alternateName":"Beauty Shop","potentialAction":[{"@type":"SearchAction","target":{"@type":"EntryPoint","urlTemplate":"https:\/\/idakorea.ee\/?s={search_term_string}"},"query-input":{"@type":"PropertyValueSpecification","valueRequired":true,"valueName":"search_term_string"}}],"inLanguage":"fi"},{"@type":"Organization","@id":"https:\/\/idakorea.ee\/#organization","name":"IDA.KOREA","url":"https:\/\/idakorea.ee\/","logo":{"@type":"ImageObject","inLanguage":"fi","@id":"https:\/\/idakorea.ee\/#\/schema\/logo\/image\/","url":"https:\/\/idakorea.ee\/wp-content\/uploads\/2024\/05\/cropped-korea3.png","contentUrl":"https:\/\/idakorea.ee\/wp-content\/uploads\/2024\/05\/cropped-korea3.png","width":688,"height":126,"caption":"IDA.KOREA"},"image":{"@id":"https:\/\/idakorea.ee\/#\/schema\/logo\/image\/"},"sameAs":["https:\/\/www.instagram.com\/ida.korea\/"]}]}},"jetpack_sharing_enabled":true,"brands":[{"id":489,"name":"MASIL","slug":"masil"}],"_links":{"self":[{"href":"https:\/\/idakorea.ee\/fi\/wp-json\/wp\/v2\/product\/15265","targetHints":{"allow":["GET"]}}],"collection":[{"href":"https:\/\/idakorea.ee\/fi\/wp-json\/wp\/v2\/product"}],"about":[{"href":"https:\/\/idakorea.ee\/fi\/wp-json\/wp\/v2\/types\/product"}],"replies":[{"embeddable":true,"href":"https:\/\/idakorea.ee\/fi\/wp-json\/wp\/v2\/comments?post=15265"}],"version-history":[{"count":2,"href":"https:\/\/idakorea.ee\/fi\/wp-json\/wp\/v2\/product\/15265\/revisions"}],"predecessor-version":[{"id":17481,"href":"https:\/\/idakorea.ee\/fi\/wp-json\/wp\/v2\/product\/15265\/revisions\/17481"}],"wp:featuredmedia":[{"embeddable":true,"href":"https:\/\/idakorea.ee\/fi\/wp-json\/wp\/v2\/media\/15266"}],"wp:attachment":[{"href":"https:\/\/idakorea.ee\/fi\/wp-json\/wp\/v2\/media?parent=15265"}],"wp:term":[{"taxonomy":"pwb-brand","embeddable":true,"href":"https:\/\/idakorea.ee\/fi\/wp-json\/wp\/v2\/pwb-brand?post=15265"},{"taxonomy":"product_brand","embeddable":true,"href":"https:\/\/idakorea.ee\/fi\/wp-json\/wp\/v2\/product_brand?post=15265"},{"taxonomy":"product_cat","embeddable":true,"href":"https:\/\/idakorea.ee\/fi\/wp-json\/wp\/v2\/product_cat?post=15265"},{"taxonomy":"product_tag","embeddable":true,"href":"https:\/\/idakorea.ee\/fi\/wp-json\/wp\/v2\/product_tag?post=15265"}],"curies":[{"name":"wp","href":"https:\/\/api.w.org\/{rel}","templated":true}]}}