{"id":15291,"date":"2025-07-23T20:28:29","date_gmt":"2025-07-23T17:28:29","guid":{"rendered":"https:\/\/idakorea.ee\/?post_type=product&#038;p=15291"},"modified":"2026-03-20T10:30:45","modified_gmt":"2026-03-20T08:30:45","slug":"skin1004-madagascar-centella-tone-brightening-capsule-ampoule","status":"publish","type":"product","link":"https:\/\/idakorea.ee\/fi\/product\/skin1004-madagascar-centella-tone-brightening-capsule-ampoule\/","title":{"rendered":"Ampulliseerumi SKIN1004 Madagaskarin Centella Tone kirkastava kapseliampulli, 100ml"},"content":{"rendered":"<p data-start=\"133\" data-end=\"437\"><strong data-start=\"133\" data-end=\"198\">SKIN1004 Madagascar Centella Tone Brightening Capsule Ampoule <\/strong>on kirkastava ja tasaisen s\u00e4vyinen ampulliseerumi, joka antaa iholle terveen ja s\u00e4teilev\u00e4n s\u00e4vyn ilman \u00e4rsytyst\u00e4 tai vaurioita. Rauhoittaa, kosteuttaa ja pehment\u00e4\u00e4 ihoa. Kevyt koostumus kapseleineen imeytyy nopeasti ja vapauttaa aktiiviset ainesosat.<\/p>\n<p data-start=\"439\" data-end=\"667\">Tuote auttaa v\u00e4hent\u00e4m\u00e4\u00e4n ik\u00e4l\u00e4iski\u00e4 ja aknearpia eik\u00e4 aiheuta valoherkkyytt\u00e4 \u2013 sopii k\u00e4ytett\u00e4v\u00e4ksi p\u00e4iv\u00e4ll\u00e4. Neutraali pH-arvo, joka on l\u00e4hell\u00e4 terveen ihon luonnollista tasapainoa, vahvistaa ihon suojakerrosta.<\/p>\n<p data-start=\"669\" data-end=\"928\">P\u00e4\u00e4ainesosa on Madagaskarin centella asiatica -uute, jota saadaan kasveista, jotka kasvavat 700 metrin korkeudessa merenpinnan yl\u00e4puolella 17 alueella, joiden keskim\u00e4\u00e4r\u00e4inen vuotuinen l\u00e4mp\u00f6tila on 24\u201327 \u00b0C. Korkealaatuiset ainesosat takaavat maksimaalisen tehon.<\/p>\n<p data-start=\"930\" data-end=\"1116\">Centella-uutteella on rauhoittava ja pehment\u00e4v\u00e4 vaikutus \u2013 se lievitt\u00e4\u00e4 punoitusta ja \u00e4rsytyst\u00e4, parantaa kimmoisuutta ja vahvistaa ihon luonnollista puolustuskyky\u00e4 tehden ihosta joustavan ja silkkisen.<\/p>\n<p data-start=\"1118\" data-end=\"1155\"><strong data-start=\"1118\" data-end=\"1155\">Muita aktiivisia ainesosia:<\/strong><\/p>\n<ul data-start=\"1157\" data-end=\"2077\">\n<li data-start=\"1157\" data-end=\"1338\">\n<p data-start=\"1159\" data-end=\"1338\"><strong data-start=\"1159\" data-end=\"1173\">MadeWhite\u2122<\/strong> \u2013 madekassosidin (centella-johdannainen) ja pentyleeniglykolin kompleksi. Est\u00e4\u00e4 syklo-oksigenaasientsyymin toimintaa, mik\u00e4 v\u00e4hent\u00e4\u00e4 tulehdusta ja aknearpien muodostumista.<\/p>\n<\/li>\n<li data-start=\"1339\" data-end=\"1521\">\n<p data-start=\"1341\" data-end=\"1521\"><strong data-start=\"1341\" data-end=\"1362\">4%-niasiiniamidi<\/strong> (B3-vitamiini) \u2013 tasoittaa ihon s\u00e4vy\u00e4, parantaa ihonv\u00e4ri\u00e4, stimuloi kollageenin tuotantoa, v\u00e4hent\u00e4\u00e4 melaniinin liikkumista epidermiksess\u00e4 ja vahvistaa ihon suojakerrosta.<\/p>\n<\/li>\n<li data-start=\"1522\" data-end=\"1706\">\n<p data-start=\"1524\" data-end=\"1706\"><strong data-start=\"1524\" data-end=\"1546\">2% traneksaamihappo<\/strong> \u2013 tehokas kirkastava ainesosa, joka est\u00e4\u00e4 tyrosinaasin toimintaa ja melaniinisynteesi\u00e4. Ei aiheuta valoherkkyytt\u00e4 \u2013 sopii p\u00e4iv\u00e4k\u00e4ytt\u00f6\u00f6n.<\/p>\n<\/li>\n<li data-start=\"1707\" data-end=\"1905\">\n<p data-start=\"1709\" data-end=\"1905\"><strong data-start=\"1709\" data-end=\"1735\">3-O-etyyliaskorbiinihappo<\/strong> \u2013 stabiili, rasvaliukoinen C-vitamiinin muoto, joka toimii voimakkaana antioksidanttina ja tulehdusta ehk\u00e4isev\u00e4n\u00e4 aineena. Hidastaa ik\u00e4\u00e4ntymist\u00e4, kirkastaa ihoa ja edist\u00e4\u00e4 kollageenisynteesi\u00e4.<\/p>\n<\/li>\n<li data-start=\"1906\" data-end=\"2077\">\n<p data-start=\"1908\" data-end=\"2077\"><strong data-start=\"1908\" data-end=\"1920\">Aquaxyl\u00ae<\/strong> \u2013 kosteuttava kompleksi glukoosia ja ksylidia sis\u00e4lt\u00e4v\u00e4n\u00e4, joka parantaa ihon kosteustasapainoa, stimuloi hyaluronihapon tuotantoa, silottaa ryppyj\u00e4 ja vahvistaa ihon rakennetta.<\/p>\n<\/li>\n<\/ul>\n<p data-start=\"2079\" data-end=\"2113\">Sopii kaikille ihotyypeille.<\/p>\n<p data-start=\"2115\" data-end=\"2221\"><strong data-start=\"2115\" data-end=\"2130\">K\u00e4ytt\u00f6:<\/strong><br data-start=\"2130\" data-end=\"2133\" \/>Ihon puhdistuksen ja kasvoveden k\u00e4yt\u00f6n j\u00e4lkeen levit\u00e4 ampulli kasvoille ja tasaisesti.<\/p>","protected":false},"excerpt":{"rendered":"<p>SKIN1004 Madagascar Centella Tone Brightening Capsule Ampoule on kirkastava ja tasaisen s\u00e4vyinen ampulliseerumi, joka antaa iholle terveen ja hehkuvan s\u00e4vyn ilman \u00e4rsytyst\u00e4 tai vaurioita. Rauhoittaa, kosteuttaa ja pehment\u00e4\u00e4 ihoa. Kevyt koostumus kapseleineen imeytyy nopeasti ja vapauttaa vaikuttavat aineet. Tuote auttaa v\u00e4hent\u00e4m\u00e4\u00e4n pigmenttil\u00e4iski\u00e4 ja aknearpia eik\u00e4 aiheuta valoherkkyytt\u00e4 - sopii k\u00e4ytett\u00e4v\u00e4ksi p\u00e4iv\u00e4ll\u00e4. Neutraali\u2026<\/p>","protected":false},"featured_media":15292,"comment_status":"open","ping_status":"closed","template":"","meta":{"_uf_show_specific_survey":0,"_uf_disable_surveys":false,"_bst_post_transparent":"default","_bst_post_title":"","_bst_post_layout":"default","_bst_post_sidebar_id":"","_bst_post_content_style":"default","_bst_post_vertical_padding":"default","_bst_post_feature":"","_bst_post_feature_position":"","_bst_post_header":false,"_bst_post_footer":false},"pwb-brand":[186],"product_brand":[],"product_cat":[92,97],"product_tag":[230,441],"class_list":{"0":"post-15291","1":"product","2":"type-product","3":"status-publish","4":"has-post-thumbnail","6":"pwb-brand-skin1004","7":"product_cat-nagu","8":"product_cat-naoseerumid-ja-olid","9":"product_tag-pigment","10":"product_tag-skin1004","12":"first","13":"instock","14":"sale","15":"shipping-taxable","16":"purchasable","17":"product-type-simple","18":"entry","19":"content-bg","20":"loop-entry"},"supplier_id":null,"supplier_sku":"","barcode":null,"atum_controlled":true,"out_stock_date":null,"out_stock_threshold":null,"inheritable":false,"inbound_stock":0,"stock_on_hold":0,"sold_today":0,"sales_last_days":0,"out_stock_days":0,"lost_sales":0,"has_location":false,"update_date":"2026-04-15T00:05:13","atum_locations":[],"atum_stock_status":"instock","restock_status":false,"low_stock_amount":"","sales_update_date":"2026-04-15T00:05:13","calc_backorders":null,"yoast_head":"<!-- This site is optimized with the Yoast SEO plugin v27.2 - https:\/\/yoast.com\/product\/yoast-seo-wordpress\/ -->\n<title>SKIN1004 Madagascar Centella Tone Brightening Capsule Ampoule - IDA.KOREA<\/title>\n<meta name=\"description\" content=\"Kirkastav ampull niisutab, rahustab ja \u00fchtlustab nahatooni. Sisaldab centella asiatica ekstrakti, niatsiinamiidi, traneksaamhapet ja C-vitamiini.\" \/>\n<meta name=\"robots\" content=\"index, follow, max-snippet:-1, max-image-preview:large, max-video-preview:-1\" \/>\n<link rel=\"canonical\" href=\"https:\/\/idakorea.ee\/fi\/product\/skin1004-madagascar-centella-tone-brightening-capsule-ampoule\/\" \/>\n<meta property=\"og:locale\" content=\"fi_FI\" \/>\n<meta property=\"og:type\" content=\"article\" \/>\n<meta property=\"og:title\" content=\"SKIN1004 Madagascar Centella Tone Brightening Capsule Ampoule - IDA.KOREA\" \/>\n<meta property=\"og:description\" content=\"Kirkastav ampull niisutab, rahustab ja \u00fchtlustab nahatooni. Sisaldab centella asiatica ekstrakti, niatsiinamiidi, traneksaamhapet ja C-vitamiini.\" \/>\n<meta property=\"og:url\" content=\"https:\/\/idakorea.ee\/fi\/product\/skin1004-madagascar-centella-tone-brightening-capsule-ampoule\/\" \/>\n<meta property=\"og:site_name\" content=\"IDA.KOREA\" \/>\n<meta property=\"article:modified_time\" content=\"2026-03-20T08:30:45+00:00\" \/>\n<meta property=\"og:image\" content=\"https:\/\/idakorea.ee\/wp-content\/uploads\/2025\/07\/skin1004-madagascar-centella-tone-brightening-capsule-ampoule_50ml-idakorea.jpg\" \/>\n\t<meta property=\"og:image:width\" content=\"1000\" \/>\n\t<meta property=\"og:image:height\" content=\"1000\" \/>\n\t<meta property=\"og:image:type\" content=\"image\/jpeg\" \/>\n<meta name=\"twitter:card\" content=\"summary_large_image\" \/>\n<meta name=\"twitter:label1\" content=\"Arvioitu lukuaika\" \/>\n\t<meta name=\"twitter:data1\" content=\"2 minuuttia\" \/>\n<script type=\"application\/ld+json\" class=\"yoast-schema-graph\">{\"@context\":\"https:\/\/schema.org\",\"@graph\":[{\"@type\":\"WebPage\",\"@id\":\"https:\/\/idakorea.ee\/product\/skin1004-madagascar-centella-tone-brightening-capsule-ampoule\/\",\"url\":\"https:\/\/idakorea.ee\/product\/skin1004-madagascar-centella-tone-brightening-capsule-ampoule\/\",\"name\":\"SKIN1004 Madagascar Centella Tone Brightening Capsule Ampoule - IDA.KOREA\",\"isPartOf\":{\"@id\":\"https:\/\/idakorea.ee\/#website\"},\"primaryImageOfPage\":{\"@id\":\"https:\/\/idakorea.ee\/product\/skin1004-madagascar-centella-tone-brightening-capsule-ampoule\/#primaryimage\"},\"image\":{\"@id\":\"https:\/\/idakorea.ee\/product\/skin1004-madagascar-centella-tone-brightening-capsule-ampoule\/#primaryimage\"},\"thumbnailUrl\":\"https:\/\/idakorea.ee\/wp-content\/uploads\/2025\/07\/skin1004-madagascar-centella-tone-brightening-capsule-ampoule_50ml-idakorea.jpg\",\"datePublished\":\"2025-07-23T17:28:29+00:00\",\"dateModified\":\"2026-03-20T08:30:45+00:00\",\"description\":\"Kirkastav ampull niisutab, rahustab ja \u00fchtlustab nahatooni. Sisaldab centella asiatica ekstrakti, niatsiinamiidi, traneksaamhapet ja C-vitamiini.\",\"breadcrumb\":{\"@id\":\"https:\/\/idakorea.ee\/product\/skin1004-madagascar-centella-tone-brightening-capsule-ampoule\/#breadcrumb\"},\"inLanguage\":\"fi\",\"potentialAction\":[{\"@type\":\"ReadAction\",\"target\":[\"https:\/\/idakorea.ee\/product\/skin1004-madagascar-centella-tone-brightening-capsule-ampoule\/\"]}]},{\"@type\":\"ImageObject\",\"inLanguage\":\"fi\",\"@id\":\"https:\/\/idakorea.ee\/product\/skin1004-madagascar-centella-tone-brightening-capsule-ampoule\/#primaryimage\",\"url\":\"https:\/\/idakorea.ee\/wp-content\/uploads\/2025\/07\/skin1004-madagascar-centella-tone-brightening-capsule-ampoule_50ml-idakorea.jpg\",\"contentUrl\":\"https:\/\/idakorea.ee\/wp-content\/uploads\/2025\/07\/skin1004-madagascar-centella-tone-brightening-capsule-ampoule_50ml-idakorea.jpg\",\"width\":1000,\"height\":1000},{\"@type\":\"BreadcrumbList\",\"@id\":\"https:\/\/idakorea.ee\/product\/skin1004-madagascar-centella-tone-brightening-capsule-ampoule\/#breadcrumb\",\"itemListElement\":[{\"@type\":\"ListItem\",\"position\":1,\"name\":\"\u0413\u043b\u0430\u0432\u043d\u0430\u044f \u0441\u0442\u0440\u0430\u043d\u0438\u0446\u0430\",\"item\":\"https:\/\/idakorea.ee\/\"},{\"@type\":\"ListItem\",\"position\":2,\"name\":\"Shop\",\"item\":\"https:\/\/idakorea.ee\/shop-2\/\"},{\"@type\":\"ListItem\",\"position\":3,\"name\":\"Ampullseerum SKIN1004 Madagascar Centella Tone Brightening Capsule Ampoule, 100ml\"}]},{\"@type\":\"WebSite\",\"@id\":\"https:\/\/idakorea.ee\/#website\",\"url\":\"https:\/\/idakorea.ee\/\",\"name\":\"IDA.KOREA\",\"description\":\"Korea kosmeetika e-pood\",\"publisher\":{\"@id\":\"https:\/\/idakorea.ee\/#organization\"},\"alternateName\":\"Beauty Shop\",\"potentialAction\":[{\"@type\":\"SearchAction\",\"target\":{\"@type\":\"EntryPoint\",\"urlTemplate\":\"https:\/\/idakorea.ee\/?s={search_term_string}\"},\"query-input\":{\"@type\":\"PropertyValueSpecification\",\"valueRequired\":true,\"valueName\":\"search_term_string\"}}],\"inLanguage\":\"fi\"},{\"@type\":\"Organization\",\"@id\":\"https:\/\/idakorea.ee\/#organization\",\"name\":\"IDA.KOREA\",\"url\":\"https:\/\/idakorea.ee\/\",\"logo\":{\"@type\":\"ImageObject\",\"inLanguage\":\"fi\",\"@id\":\"https:\/\/idakorea.ee\/#\/schema\/logo\/image\/\",\"url\":\"https:\/\/idakorea.ee\/wp-content\/uploads\/2024\/05\/cropped-korea3.png\",\"contentUrl\":\"https:\/\/idakorea.ee\/wp-content\/uploads\/2024\/05\/cropped-korea3.png\",\"width\":688,\"height\":126,\"caption\":\"IDA.KOREA\"},\"image\":{\"@id\":\"https:\/\/idakorea.ee\/#\/schema\/logo\/image\/\"},\"sameAs\":[\"https:\/\/www.instagram.com\/ida.korea\/\"]}]}<\/script>\n<!-- \/ Yoast SEO plugin. -->","yoast_head_json":{"title":"SKIN1004 Madagascar Centella Tone Brightening Capsule Ampull - IDA.KOREA","description":"Kirkastava ampulli kosteuttaa, rauhoittaa ja tasoittaa ihon s\u00e4vy\u00e4. Sis\u00e4lt\u00e4\u00e4 Centella asiatica -uutetta, niasiiniamidia, traneksaamihappoa ja C-vitamiinia.","robots":{"index":"index","follow":"follow","max-snippet":"max-snippet:-1","max-image-preview":"max-image-preview:large","max-video-preview":"max-video-preview:-1"},"canonical":"https:\/\/idakorea.ee\/fi\/product\/skin1004-madagascar-centella-tone-brightening-capsule-ampoule\/","og_locale":"fi_FI","og_type":"article","og_title":"SKIN1004 Madagascar Centella Tone Brightening Capsule Ampoule - IDA.KOREA","og_description":"Kirkastav ampull niisutab, rahustab ja \u00fchtlustab nahatooni. Sisaldab centella asiatica ekstrakti, niatsiinamiidi, traneksaamhapet ja C-vitamiini.","og_url":"https:\/\/idakorea.ee\/fi\/product\/skin1004-madagascar-centella-tone-brightening-capsule-ampoule\/","og_site_name":"IDA.KOREA","article_modified_time":"2026-03-20T08:30:45+00:00","og_image":[{"width":1000,"height":1000,"url":"https:\/\/idakorea.ee\/wp-content\/uploads\/2025\/07\/skin1004-madagascar-centella-tone-brightening-capsule-ampoule_50ml-idakorea.jpg","type":"image\/jpeg"}],"twitter_card":"summary_large_image","twitter_misc":{"Arvioitu lukuaika":"2 minuuttia"},"schema":{"@context":"https:\/\/schema.org","@graph":[{"@type":"WebPage","@id":"https:\/\/idakorea.ee\/product\/skin1004-madagascar-centella-tone-brightening-capsule-ampoule\/","url":"https:\/\/idakorea.ee\/product\/skin1004-madagascar-centella-tone-brightening-capsule-ampoule\/","name":"SKIN1004 Madagascar Centella Tone Brightening Capsule Ampull - IDA.KOREA","isPartOf":{"@id":"https:\/\/idakorea.ee\/#website"},"primaryImageOfPage":{"@id":"https:\/\/idakorea.ee\/product\/skin1004-madagascar-centella-tone-brightening-capsule-ampoule\/#primaryimage"},"image":{"@id":"https:\/\/idakorea.ee\/product\/skin1004-madagascar-centella-tone-brightening-capsule-ampoule\/#primaryimage"},"thumbnailUrl":"https:\/\/idakorea.ee\/wp-content\/uploads\/2025\/07\/skin1004-madagascar-centella-tone-brightening-capsule-ampoule_50ml-idakorea.jpg","datePublished":"2025-07-23T17:28:29+00:00","dateModified":"2026-03-20T08:30:45+00:00","description":"Kirkastava ampulli kosteuttaa, rauhoittaa ja tasoittaa ihon s\u00e4vy\u00e4. Sis\u00e4lt\u00e4\u00e4 Centella asiatica -uutetta, niasiiniamidia, traneksaamihappoa ja C-vitamiinia.","breadcrumb":{"@id":"https:\/\/idakorea.ee\/product\/skin1004-madagascar-centella-tone-brightening-capsule-ampoule\/#breadcrumb"},"inLanguage":"fi","potentialAction":[{"@type":"ReadAction","target":["https:\/\/idakorea.ee\/product\/skin1004-madagascar-centella-tone-brightening-capsule-ampoule\/"]}]},{"@type":"ImageObject","inLanguage":"fi","@id":"https:\/\/idakorea.ee\/product\/skin1004-madagascar-centella-tone-brightening-capsule-ampoule\/#primaryimage","url":"https:\/\/idakorea.ee\/wp-content\/uploads\/2025\/07\/skin1004-madagascar-centella-tone-brightening-capsule-ampoule_50ml-idakorea.jpg","contentUrl":"https:\/\/idakorea.ee\/wp-content\/uploads\/2025\/07\/skin1004-madagascar-centella-tone-brightening-capsule-ampoule_50ml-idakorea.jpg","width":1000,"height":1000},{"@type":"BreadcrumbList","@id":"https:\/\/idakorea.ee\/product\/skin1004-madagascar-centella-tone-brightening-capsule-ampoule\/#breadcrumb","itemListElement":[{"@type":"ListItem","position":1,"name":"\u0413\u043b\u0430\u0432\u043d\u0430\u044f \u0441\u0442\u0440\u0430\u043d\u0438\u0446\u0430","item":"https:\/\/idakorea.ee\/"},{"@type":"ListItem","position":2,"name":"Shop","item":"https:\/\/idakorea.ee\/shop-2\/"},{"@type":"ListItem","position":3,"name":"Ampullseerum SKIN1004 Madagascar Centella Tone Brightening Capsule Ampoule, 100ml"}]},{"@type":"WebSite","@id":"https:\/\/idakorea.ee\/#website","url":"https:\/\/idakorea.ee\/","name":"IDA.KOREA","description":"Korean kosmetiikan verkkokauppa","publisher":{"@id":"https:\/\/idakorea.ee\/#organization"},"alternateName":"Beauty Shop","potentialAction":[{"@type":"SearchAction","target":{"@type":"EntryPoint","urlTemplate":"https:\/\/idakorea.ee\/?s={search_term_string}"},"query-input":{"@type":"PropertyValueSpecification","valueRequired":true,"valueName":"search_term_string"}}],"inLanguage":"fi"},{"@type":"Organization","@id":"https:\/\/idakorea.ee\/#organization","name":"IDA.KOREA","url":"https:\/\/idakorea.ee\/","logo":{"@type":"ImageObject","inLanguage":"fi","@id":"https:\/\/idakorea.ee\/#\/schema\/logo\/image\/","url":"https:\/\/idakorea.ee\/wp-content\/uploads\/2024\/05\/cropped-korea3.png","contentUrl":"https:\/\/idakorea.ee\/wp-content\/uploads\/2024\/05\/cropped-korea3.png","width":688,"height":126,"caption":"IDA.KOREA"},"image":{"@id":"https:\/\/idakorea.ee\/#\/schema\/logo\/image\/"},"sameAs":["https:\/\/www.instagram.com\/ida.korea\/"]}]}},"jetpack_sharing_enabled":true,"brands":[{"id":186,"name":"SKIN1004","slug":"skin1004"}],"_links":{"self":[{"href":"https:\/\/idakorea.ee\/fi\/wp-json\/wp\/v2\/product\/15291","targetHints":{"allow":["GET"]}}],"collection":[{"href":"https:\/\/idakorea.ee\/fi\/wp-json\/wp\/v2\/product"}],"about":[{"href":"https:\/\/idakorea.ee\/fi\/wp-json\/wp\/v2\/types\/product"}],"replies":[{"embeddable":true,"href":"https:\/\/idakorea.ee\/fi\/wp-json\/wp\/v2\/comments?post=15291"}],"version-history":[{"count":4,"href":"https:\/\/idakorea.ee\/fi\/wp-json\/wp\/v2\/product\/15291\/revisions"}],"predecessor-version":[{"id":17478,"href":"https:\/\/idakorea.ee\/fi\/wp-json\/wp\/v2\/product\/15291\/revisions\/17478"}],"wp:featuredmedia":[{"embeddable":true,"href":"https:\/\/idakorea.ee\/fi\/wp-json\/wp\/v2\/media\/15292"}],"wp:attachment":[{"href":"https:\/\/idakorea.ee\/fi\/wp-json\/wp\/v2\/media?parent=15291"}],"wp:term":[{"taxonomy":"pwb-brand","embeddable":true,"href":"https:\/\/idakorea.ee\/fi\/wp-json\/wp\/v2\/pwb-brand?post=15291"},{"taxonomy":"product_brand","embeddable":true,"href":"https:\/\/idakorea.ee\/fi\/wp-json\/wp\/v2\/product_brand?post=15291"},{"taxonomy":"product_cat","embeddable":true,"href":"https:\/\/idakorea.ee\/fi\/wp-json\/wp\/v2\/product_cat?post=15291"},{"taxonomy":"product_tag","embeddable":true,"href":"https:\/\/idakorea.ee\/fi\/wp-json\/wp\/v2\/product_tag?post=15291"}],"curies":[{"name":"wp","href":"https:\/\/api.w.org\/{rel}","templated":true}]}}