{"id":15298,"date":"2025-07-24T10:03:56","date_gmt":"2025-07-24T07:03:56","guid":{"rendered":"https:\/\/idakorea.ee\/?post_type=product&#038;p=15298"},"modified":"2026-04-09T09:36:07","modified_gmt":"2026-04-09T07:36:07","slug":"axis-y-vegan-collagen-eye-serum-10ml","status":"publish","type":"product","link":"https:\/\/idakorea.ee\/fi\/product\/axis-y-vegan-collagen-eye-serum-10ml\/","title":{"rendered":"AXIS-Y Vegan Collagen Eye Serum, 10ml"},"content":{"rendered":"<p data-start=\"184\" data-end=\"433\"><strong data-start=\"184\" data-end=\"219\">AXIS-Y Vegan Collagen Eye Serum<\/strong> Silottaa herkk\u00e4\u00e4 silm\u00e4nymp\u00e4rysihoa, v\u00e4hent\u00e4\u00e4 ryppyjen syvyytt\u00e4, kiinteytt\u00e4\u00e4 ja vahvistaa ihon rakennetta.<br data-start=\"315\" data-end=\"318\" \/>Ehk\u00e4isee kuivuutta, v\u00e4hent\u00e4\u00e4 tummia silm\u00e4nalusia ja poistaa v\u00e4symyksen merkkej\u00e4, tehden silmist\u00e4 raikkaimmat ja lev\u00e4nneet.<\/p>\n<p data-start=\"435\" data-end=\"586\">Rullalevitin mahdollistaa kevyen hieronnan silm\u00e4nymp\u00e4rysiholle, mik\u00e4 edist\u00e4\u00e4 mikroverenkiertoa, rentouttaa ja v\u00e4hent\u00e4\u00e4 turvotusta.<\/p>\n<p data-start=\"588\" data-end=\"691\">Seerumia voidaan k\u00e4ytt\u00e4\u00e4 paitsi silmien ymp\u00e4rill\u00e4, my\u00f6s nen\u00e4n ja huulien alueella, otsassa ja kaulassa.<\/p>\n<p data-start=\"698\" data-end=\"717\"><strong data-start=\"702\" data-end=\"717\">Aktiiviset ainesosat:<\/strong><\/p>\n<ul data-start=\"719\" data-end=\"1694\">\n<li data-start=\"719\" data-end=\"915\">\n<p data-start=\"721\" data-end=\"915\"><strong data-start=\"721\" data-end=\"735\">5 peptidi\u00e4<\/strong> \u2013 stimuloi solujen uusiutumista, v\u00e4hent\u00e4\u00e4 ryppyj\u00e4 ja silottaa ihon pintaa. Botuliinin kaltainen peptidi argireliini rentouttaa kasvolihaksia ja auttaa ehk\u00e4isem\u00e4\u00e4n uusien ryppyjen muodostumista.<\/p>\n<\/li>\n<li data-start=\"916\" data-end=\"1016\">\n<p data-start=\"918\" data-end=\"1016\"><strong data-start=\"918\" data-end=\"937\">Vegaaninen kollageeni<\/strong> \u2013 palauttaa ihon kimmoisuuden ja tiheyden, kosteuttaa ja antaa nuorekkaamman ulkon\u00e4\u00f6n.<\/p>\n<\/li>\n<li data-start=\"1017\" data-end=\"1167\">\n<p data-start=\"1019\" data-end=\"1167\"><strong data-start=\"1019\" data-end=\"1034\">Keramidit<\/strong> \u2013 vahvistavat ihon lipidikerrosta, lievitt\u00e4v\u00e4t kuivuutta ja hilseily\u00e4, edist\u00e4v\u00e4t mikrovaurioiden paranemista ja tasoittavat ihon pintaa.<\/p>\n<\/li>\n<li data-start=\"1168\" data-end=\"1320\">\n<p data-start=\"1170\" data-end=\"1320\"><strong data-start=\"1170\" data-end=\"1214\">Aasiansalviauute (Centella Asiatica)<\/strong> \u2013 rauhoittaa, v\u00e4hent\u00e4\u00e4 punoitusta ja tulehdusta, vahvistaa kapillaareja ja suojaa ihoa ulkoisilta \u00e4rsykkeilt\u00e4.<\/p>\n<\/li>\n<li data-start=\"1321\" data-end=\"1426\">\n<p data-start=\"1323\" data-end=\"1426\"><strong data-start=\"1323\" data-end=\"1348\">Papaijansiemenuute<\/strong> \u2013 hell\u00e4varainen kuoriva ja puhdistava ainesosa, jolla on hieman ihoa kirkastava vaikutus.<\/p>\n<\/li>\n<li data-start=\"1427\" data-end=\"1581\">\n<p data-start=\"1429\" data-end=\"1581\"><strong data-start=\"1429\" data-end=\"1471\">Jojoba-, auringonkukka- ja mesiangervo\u00f6ljy<\/strong> \u2013 runsaasti vitamiineja ja antioksidantteja, ravitsevat ihoa, lievitt\u00e4v\u00e4t kuivuutta ja parantavat sen kimmoisuutta.<\/p>\n<\/li>\n<li data-start=\"1582\" data-end=\"1694\">\n<p data-start=\"1584\" data-end=\"1694\"><strong data-start=\"1584\" data-end=\"1610\">3 erilaista hyaluronihappoa<\/strong> \u2013 kosteuttavat, vahvistavat ihon suojakerrosta ja auttavat yll\u00e4pit\u00e4m\u00e4\u00e4n kosteustasapainoa.<\/p>\n<\/li>\n<\/ul>\n<p data-start=\"1701\" data-end=\"1722\"><strong data-start=\"1705\" data-end=\"1720\">K\u00e4ytt\u00f6:<\/strong><\/p>\n<p data-start=\"1723\" data-end=\"1900\">Paina annostelijaa kevyesti, kunnes seerumi saavuttaa applikaattorin. Levit\u00e4 silm\u00e4nymp\u00e4rysiholle hell\u00e4varaisesti hierovin liikkein. K\u00e4yt\u00f6n j\u00e4lkeen puhdista applikaattori paperilla.<\/p>\n<p data-start=\"1902\" data-end=\"2009\"><strong data-start=\"1905\" data-end=\"1920\">Huomio:<\/strong> On suositeltavaa s\u00e4ilytt\u00e4\u00e4 huoneenl\u00e4mm\u00f6ss\u00e4. Seerumin koostumus voi muuttua, jos sit\u00e4 s\u00e4ilytet\u00e4\u00e4n j\u00e4\u00e4kaapissa.<\/p>","protected":false},"excerpt":{"rendered":"<p>AXIS-Y Vegan Collagen Eye Serum silottaa herkk\u00e4\u00e4 silm\u00e4nymp\u00e4rysihoa, v\u00e4hent\u00e4\u00e4 ryppyjen syvyytt\u00e4, kiinteytt\u00e4\u00e4 ja vahvistaa ihon rakennetta. Ehk\u00e4isee kuivumista, h\u00e4ivytt\u00e4\u00e4 tummia silm\u00e4nalusia ja poistaa v\u00e4symyksen merkkej\u00e4 tehden ilmeest\u00e4 raikkaan ja lev\u00e4nneen. Rullalevittimell\u00e4 voit hieroa kevyesti silm\u00e4nymp\u00e4rysihoa, mik\u00e4 edist\u00e4\u00e4 mikroverenkiertoa, rentouttaa ja v\u00e4hent\u00e4\u00e4 turvotusta. Seerumia voidaan k\u00e4ytt\u00e4\u00e4 paitsi silmien ymp\u00e4rill\u00e4 my\u00f6s nen\u00e4n ja huulien alueella, otsassa ja\u2026<\/p>","protected":false},"featured_media":15299,"comment_status":"open","ping_status":"closed","template":"","meta":{"_uf_show_specific_survey":0,"_uf_disable_surveys":false,"_bst_post_transparent":"default","_bst_post_title":"","_bst_post_layout":"default","_bst_post_sidebar_id":"","_bst_post_content_style":"default","_bst_post_vertical_padding":"default","_bst_post_feature":"","_bst_post_feature_position":"","_bst_post_header":false,"_bst_post_footer":false},"pwb-brand":[565],"product_brand":[],"product_cat":[92,99,201],"product_tag":[517,616],"class_list":{"0":"post-15298","1":"product","2":"type-product","3":"status-publish","4":"has-post-thumbnail","6":"pwb-brand-axis-y","7":"product_cat-nagu","8":"product_cat-silmad-ja-huuled-2","9":"product_cat-silmakreem","10":"product_tag-collagen","11":"product_tag-eye-serum","13":"first","14":"instock","15":"sale","16":"shipping-taxable","17":"purchasable","18":"product-type-simple","19":"entry","20":"content-bg","21":"loop-entry"},"supplier_id":null,"supplier_sku":"","barcode":null,"atum_controlled":true,"out_stock_date":null,"out_stock_threshold":null,"inheritable":false,"inbound_stock":0,"stock_on_hold":0,"sold_today":0,"sales_last_days":0,"out_stock_days":0,"lost_sales":0,"has_location":false,"update_date":"2026-04-14T00:05:11","atum_locations":[],"atum_stock_status":"instock","restock_status":false,"low_stock_amount":"","sales_update_date":"2026-04-14T00:05:11","calc_backorders":null,"yoast_head":"<!-- This site is optimized with the Yoast SEO plugin v27.2 - https:\/\/yoast.com\/product\/yoast-seo-wordpress\/ -->\n<title>AXIS-Y Vegan Collagen Eye Serum, 10ml - IDA.KOREA<\/title>\n<meta name=\"description\" content=\"AXIS-Y silmaseerum kollageeni ja peptiididega silub kortsud, v\u00e4hendab turseid ja tumedaid silmaaluseid. Rullotsikuga aplikaator, sobib ka otsaesisele ja kaelale.\" \/>\n<meta name=\"robots\" content=\"index, follow, max-snippet:-1, max-image-preview:large, max-video-preview:-1\" \/>\n<link rel=\"canonical\" href=\"https:\/\/idakorea.ee\/fi\/product\/axis-y-vegan-collagen-eye-serum-10ml\/\" \/>\n<meta property=\"og:locale\" content=\"fi_FI\" \/>\n<meta property=\"og:type\" content=\"article\" \/>\n<meta property=\"og:title\" content=\"AXIS-Y Vegan Collagen Eye Serum, 10ml - IDA.KOREA\" \/>\n<meta property=\"og:description\" content=\"AXIS-Y silmaseerum kollageeni ja peptiididega silub kortsud, v\u00e4hendab turseid ja tumedaid silmaaluseid. Rullotsikuga aplikaator, sobib ka otsaesisele ja kaelale.\" \/>\n<meta property=\"og:url\" content=\"https:\/\/idakorea.ee\/fi\/product\/axis-y-vegan-collagen-eye-serum-10ml\/\" \/>\n<meta property=\"og:site_name\" content=\"IDA.KOREA\" \/>\n<meta property=\"article:modified_time\" content=\"2026-04-09T07:36:07+00:00\" \/>\n<meta property=\"og:image\" content=\"https:\/\/idakorea.ee\/wp-content\/uploads\/2025\/07\/axis_y-vegan-collagen-eye-serum-idakorea.jpg\" \/>\n\t<meta property=\"og:image:width\" content=\"1000\" \/>\n\t<meta property=\"og:image:height\" content=\"1000\" \/>\n\t<meta property=\"og:image:type\" content=\"image\/jpeg\" \/>\n<meta name=\"twitter:card\" content=\"summary_large_image\" \/>\n<meta name=\"twitter:label1\" content=\"Arvioitu lukuaika\" \/>\n\t<meta name=\"twitter:data1\" content=\"2 minuuttia\" \/>\n<script type=\"application\/ld+json\" class=\"yoast-schema-graph\">{\"@context\":\"https:\/\/schema.org\",\"@graph\":[{\"@type\":\"WebPage\",\"@id\":\"https:\/\/idakorea.ee\/product\/axis-y-vegan-collagen-eye-serum-10ml\/\",\"url\":\"https:\/\/idakorea.ee\/product\/axis-y-vegan-collagen-eye-serum-10ml\/\",\"name\":\"AXIS-Y Vegan Collagen Eye Serum, 10ml - IDA.KOREA\",\"isPartOf\":{\"@id\":\"https:\/\/idakorea.ee\/#website\"},\"primaryImageOfPage\":{\"@id\":\"https:\/\/idakorea.ee\/product\/axis-y-vegan-collagen-eye-serum-10ml\/#primaryimage\"},\"image\":{\"@id\":\"https:\/\/idakorea.ee\/product\/axis-y-vegan-collagen-eye-serum-10ml\/#primaryimage\"},\"thumbnailUrl\":\"https:\/\/idakorea.ee\/wp-content\/uploads\/2025\/07\/axis_y-vegan-collagen-eye-serum-idakorea.jpg\",\"datePublished\":\"2025-07-24T07:03:56+00:00\",\"dateModified\":\"2026-04-09T07:36:07+00:00\",\"description\":\"AXIS-Y silmaseerum kollageeni ja peptiididega silub kortsud, v\u00e4hendab turseid ja tumedaid silmaaluseid. Rullotsikuga aplikaator, sobib ka otsaesisele ja kaelale.\",\"breadcrumb\":{\"@id\":\"https:\/\/idakorea.ee\/product\/axis-y-vegan-collagen-eye-serum-10ml\/#breadcrumb\"},\"inLanguage\":\"fi\",\"potentialAction\":[{\"@type\":\"ReadAction\",\"target\":[\"https:\/\/idakorea.ee\/product\/axis-y-vegan-collagen-eye-serum-10ml\/\"]}]},{\"@type\":\"ImageObject\",\"inLanguage\":\"fi\",\"@id\":\"https:\/\/idakorea.ee\/product\/axis-y-vegan-collagen-eye-serum-10ml\/#primaryimage\",\"url\":\"https:\/\/idakorea.ee\/wp-content\/uploads\/2025\/07\/axis_y-vegan-collagen-eye-serum-idakorea.jpg\",\"contentUrl\":\"https:\/\/idakorea.ee\/wp-content\/uploads\/2025\/07\/axis_y-vegan-collagen-eye-serum-idakorea.jpg\",\"width\":1000,\"height\":1000},{\"@type\":\"BreadcrumbList\",\"@id\":\"https:\/\/idakorea.ee\/product\/axis-y-vegan-collagen-eye-serum-10ml\/#breadcrumb\",\"itemListElement\":[{\"@type\":\"ListItem\",\"position\":1,\"name\":\"\u0413\u043b\u0430\u0432\u043d\u0430\u044f \u0441\u0442\u0440\u0430\u043d\u0438\u0446\u0430\",\"item\":\"https:\/\/idakorea.ee\/\"},{\"@type\":\"ListItem\",\"position\":2,\"name\":\"Shop\",\"item\":\"https:\/\/idakorea.ee\/shop-2\/\"},{\"@type\":\"ListItem\",\"position\":3,\"name\":\"Silmaseerum AXIS-Y Vegan Collagen Eye Serum, 10ml\"}]},{\"@type\":\"WebSite\",\"@id\":\"https:\/\/idakorea.ee\/#website\",\"url\":\"https:\/\/idakorea.ee\/\",\"name\":\"IDA.KOREA\",\"description\":\"Korea kosmeetika e-pood\",\"publisher\":{\"@id\":\"https:\/\/idakorea.ee\/#organization\"},\"alternateName\":\"Beauty Shop\",\"potentialAction\":[{\"@type\":\"SearchAction\",\"target\":{\"@type\":\"EntryPoint\",\"urlTemplate\":\"https:\/\/idakorea.ee\/?s={search_term_string}\"},\"query-input\":{\"@type\":\"PropertyValueSpecification\",\"valueRequired\":true,\"valueName\":\"search_term_string\"}}],\"inLanguage\":\"fi\"},{\"@type\":\"Organization\",\"@id\":\"https:\/\/idakorea.ee\/#organization\",\"name\":\"IDA.KOREA\",\"url\":\"https:\/\/idakorea.ee\/\",\"logo\":{\"@type\":\"ImageObject\",\"inLanguage\":\"fi\",\"@id\":\"https:\/\/idakorea.ee\/#\/schema\/logo\/image\/\",\"url\":\"https:\/\/idakorea.ee\/wp-content\/uploads\/2024\/05\/cropped-korea3.png\",\"contentUrl\":\"https:\/\/idakorea.ee\/wp-content\/uploads\/2024\/05\/cropped-korea3.png\",\"width\":688,\"height\":126,\"caption\":\"IDA.KOREA\"},\"image\":{\"@id\":\"https:\/\/idakorea.ee\/#\/schema\/logo\/image\/\"},\"sameAs\":[\"https:\/\/www.instagram.com\/ida.korea\/\"]}]}<\/script>\n<!-- \/ Yoast SEO plugin. -->","yoast_head_json":{"title":"AXIS-Y Vegaaninen kollageenisilm\u00e4nymp\u00e4rysseerumi, 10ml - IDA.KOREA","description":"AXIS-Y-silm\u00e4nymp\u00e4rysseerumi kollageenilla ja peptideill\u00e4 silottaa ryppyj\u00e4, v\u00e4hent\u00e4\u00e4 turvotusta ja tummia silm\u00e4nalusia. Rullalevitin sopii my\u00f6s otsalle ja kaulalle.","robots":{"index":"index","follow":"follow","max-snippet":"max-snippet:-1","max-image-preview":"max-image-preview:large","max-video-preview":"max-video-preview:-1"},"canonical":"https:\/\/idakorea.ee\/fi\/product\/axis-y-vegan-collagen-eye-serum-10ml\/","og_locale":"fi_FI","og_type":"article","og_title":"AXIS-Y Vegan Collagen Eye Serum, 10ml - IDA.KOREA","og_description":"AXIS-Y silmaseerum kollageeni ja peptiididega silub kortsud, v\u00e4hendab turseid ja tumedaid silmaaluseid. Rullotsikuga aplikaator, sobib ka otsaesisele ja kaelale.","og_url":"https:\/\/idakorea.ee\/fi\/product\/axis-y-vegan-collagen-eye-serum-10ml\/","og_site_name":"IDA.KOREA","article_modified_time":"2026-04-09T07:36:07+00:00","og_image":[{"width":1000,"height":1000,"url":"https:\/\/idakorea.ee\/wp-content\/uploads\/2025\/07\/axis_y-vegan-collagen-eye-serum-idakorea.jpg","type":"image\/jpeg"}],"twitter_card":"summary_large_image","twitter_misc":{"Arvioitu lukuaika":"2 minuuttia"},"schema":{"@context":"https:\/\/schema.org","@graph":[{"@type":"WebPage","@id":"https:\/\/idakorea.ee\/product\/axis-y-vegan-collagen-eye-serum-10ml\/","url":"https:\/\/idakorea.ee\/product\/axis-y-vegan-collagen-eye-serum-10ml\/","name":"AXIS-Y Vegaaninen kollageenisilm\u00e4nymp\u00e4rysseerumi, 10ml - IDA.KOREA","isPartOf":{"@id":"https:\/\/idakorea.ee\/#website"},"primaryImageOfPage":{"@id":"https:\/\/idakorea.ee\/product\/axis-y-vegan-collagen-eye-serum-10ml\/#primaryimage"},"image":{"@id":"https:\/\/idakorea.ee\/product\/axis-y-vegan-collagen-eye-serum-10ml\/#primaryimage"},"thumbnailUrl":"https:\/\/idakorea.ee\/wp-content\/uploads\/2025\/07\/axis_y-vegan-collagen-eye-serum-idakorea.jpg","datePublished":"2025-07-24T07:03:56+00:00","dateModified":"2026-04-09T07:36:07+00:00","description":"AXIS-Y-silm\u00e4nymp\u00e4rysseerumi kollageenilla ja peptideill\u00e4 silottaa ryppyj\u00e4, v\u00e4hent\u00e4\u00e4 turvotusta ja tummia silm\u00e4nalusia. Rullalevitin sopii my\u00f6s otsalle ja kaulalle.","breadcrumb":{"@id":"https:\/\/idakorea.ee\/product\/axis-y-vegan-collagen-eye-serum-10ml\/#breadcrumb"},"inLanguage":"fi","potentialAction":[{"@type":"ReadAction","target":["https:\/\/idakorea.ee\/product\/axis-y-vegan-collagen-eye-serum-10ml\/"]}]},{"@type":"ImageObject","inLanguage":"fi","@id":"https:\/\/idakorea.ee\/product\/axis-y-vegan-collagen-eye-serum-10ml\/#primaryimage","url":"https:\/\/idakorea.ee\/wp-content\/uploads\/2025\/07\/axis_y-vegan-collagen-eye-serum-idakorea.jpg","contentUrl":"https:\/\/idakorea.ee\/wp-content\/uploads\/2025\/07\/axis_y-vegan-collagen-eye-serum-idakorea.jpg","width":1000,"height":1000},{"@type":"BreadcrumbList","@id":"https:\/\/idakorea.ee\/product\/axis-y-vegan-collagen-eye-serum-10ml\/#breadcrumb","itemListElement":[{"@type":"ListItem","position":1,"name":"\u0413\u043b\u0430\u0432\u043d\u0430\u044f \u0441\u0442\u0440\u0430\u043d\u0438\u0446\u0430","item":"https:\/\/idakorea.ee\/"},{"@type":"ListItem","position":2,"name":"Shop","item":"https:\/\/idakorea.ee\/shop-2\/"},{"@type":"ListItem","position":3,"name":"Silmaseerum AXIS-Y Vegan Collagen Eye Serum, 10ml"}]},{"@type":"WebSite","@id":"https:\/\/idakorea.ee\/#website","url":"https:\/\/idakorea.ee\/","name":"IDA.KOREA","description":"Korean kosmetiikan verkkokauppa","publisher":{"@id":"https:\/\/idakorea.ee\/#organization"},"alternateName":"Beauty Shop","potentialAction":[{"@type":"SearchAction","target":{"@type":"EntryPoint","urlTemplate":"https:\/\/idakorea.ee\/?s={search_term_string}"},"query-input":{"@type":"PropertyValueSpecification","valueRequired":true,"valueName":"search_term_string"}}],"inLanguage":"fi"},{"@type":"Organization","@id":"https:\/\/idakorea.ee\/#organization","name":"IDA.KOREA","url":"https:\/\/idakorea.ee\/","logo":{"@type":"ImageObject","inLanguage":"fi","@id":"https:\/\/idakorea.ee\/#\/schema\/logo\/image\/","url":"https:\/\/idakorea.ee\/wp-content\/uploads\/2024\/05\/cropped-korea3.png","contentUrl":"https:\/\/idakorea.ee\/wp-content\/uploads\/2024\/05\/cropped-korea3.png","width":688,"height":126,"caption":"IDA.KOREA"},"image":{"@id":"https:\/\/idakorea.ee\/#\/schema\/logo\/image\/"},"sameAs":["https:\/\/www.instagram.com\/ida.korea\/"]}]}},"jetpack_sharing_enabled":true,"brands":[{"id":565,"name":"AXIS-Y","slug":"axis-y"}],"_links":{"self":[{"href":"https:\/\/idakorea.ee\/fi\/wp-json\/wp\/v2\/product\/15298","targetHints":{"allow":["GET"]}}],"collection":[{"href":"https:\/\/idakorea.ee\/fi\/wp-json\/wp\/v2\/product"}],"about":[{"href":"https:\/\/idakorea.ee\/fi\/wp-json\/wp\/v2\/types\/product"}],"replies":[{"embeddable":true,"href":"https:\/\/idakorea.ee\/fi\/wp-json\/wp\/v2\/comments?post=15298"}],"version-history":[{"count":2,"href":"https:\/\/idakorea.ee\/fi\/wp-json\/wp\/v2\/product\/15298\/revisions"}],"predecessor-version":[{"id":17477,"href":"https:\/\/idakorea.ee\/fi\/wp-json\/wp\/v2\/product\/15298\/revisions\/17477"}],"wp:featuredmedia":[{"embeddable":true,"href":"https:\/\/idakorea.ee\/fi\/wp-json\/wp\/v2\/media\/15299"}],"wp:attachment":[{"href":"https:\/\/idakorea.ee\/fi\/wp-json\/wp\/v2\/media?parent=15298"}],"wp:term":[{"taxonomy":"pwb-brand","embeddable":true,"href":"https:\/\/idakorea.ee\/fi\/wp-json\/wp\/v2\/pwb-brand?post=15298"},{"taxonomy":"product_brand","embeddable":true,"href":"https:\/\/idakorea.ee\/fi\/wp-json\/wp\/v2\/product_brand?post=15298"},{"taxonomy":"product_cat","embeddable":true,"href":"https:\/\/idakorea.ee\/fi\/wp-json\/wp\/v2\/product_cat?post=15298"},{"taxonomy":"product_tag","embeddable":true,"href":"https:\/\/idakorea.ee\/fi\/wp-json\/wp\/v2\/product_tag?post=15298"}],"curies":[{"name":"wp","href":"https:\/\/api.w.org\/{rel}","templated":true}]}}