{"id":15344,"date":"2025-07-27T19:49:19","date_gmt":"2025-07-27T16:49:19","guid":{"rendered":"https:\/\/idakorea.ee\/?post_type=product&#038;p=15344"},"modified":"2026-04-11T16:19:00","modified_gmt":"2026-04-11T14:19:00","slug":"medicube-age-r-glutathione-glow-capsule-cream","status":"publish","type":"product","link":"https:\/\/idakorea.ee\/fi\/product\/medicube-age-r-glutathione-glow-capsule-cream\/","title":{"rendered":"Kapselivoide glutationilla ja peptideill\u00e4 Medicube Age-R Glutathione Glow -kapselivoide, 50ml"},"content":{"rendered":"<p data-start=\"37\" data-end=\"233\">Kerma<strong data-start=\"37\" data-end=\"92\"> Medicube Age-R Glutathione Glow Capsule Cream<\/strong> Tarjoaa ik\u00e4\u00e4ntymist\u00e4 ehk\u00e4isev\u00e4\u00e4 hoitoa ja tehokasta kosteutta, samalla auttaen ehk\u00e4isem\u00e4\u00e4n pigmenttil\u00e4iskien muodostumista ja pit\u00e4en ihon sile\u00e4n\u00e4 ja hehkuvana.<\/p>\n<p data-start=\"235\" data-end=\"330\">Voide kirkastaa ihoa, poistaa sameutta, v\u00e4hent\u00e4\u00e4 ryppyjen n\u00e4kymist\u00e4 ja ehk\u00e4isee kuivumista.<\/p>\n<p data-start=\"332\" data-end=\"478\">S\u00e4\u00e4nn\u00f6llisesti k\u00e4ytettyn\u00e4 voide kiinteytt\u00e4\u00e4 ihoa otsalla, silmien ymp\u00e4rill\u00e4 ja nen\u00e4n ja huulien alueella. Nostavan vaikutuksen ansiosta voide supistaa laajentuneita ihohuokosia.<\/p>\n<p data-start=\"480\" data-end=\"546\">Kevyt geelim\u00e4inen koostumus sis\u00e4lt\u00e4\u00e4 iholla sulavia kermakapseleita.<\/p>\n<p data-start=\"548\" data-end=\"572\"><strong data-start=\"548\" data-end=\"572\">T\u00e4rkeimm\u00e4t vaikuttavat aineet:<\/strong><\/p>\n<ul data-start=\"573\" data-end=\"1639\">\n<li data-start=\"573\" data-end=\"763\">\n<p data-start=\"575\" data-end=\"763\"><strong data-start=\"575\" data-end=\"589\">Glutationi<\/strong> \u2013 voimakas antioksidantti, joka auttaa vaalentamaan ik\u00e4l\u00e4iski\u00e4 ja aknearpia, rauhoittaa punoitusta ja hidastaa ihon ik\u00e4\u00e4ntymisprosessia parantamalla kimmoisuutta ja silottamalla ryppyj\u00e4.<\/p>\n<\/li>\n<li data-start=\"764\" data-end=\"891\">\n<p data-start=\"766\" data-end=\"891\"><strong data-start=\"766\" data-end=\"803\">Argireliini (asetyyliheksapeptidi-8)<\/strong> \u2013 botoxin kaltainen peptidi, joka rentouttaa kasvolihaksia ja v\u00e4hent\u00e4\u00e4 ryppyj\u00e4.<\/p>\n<\/li>\n<li data-start=\"892\" data-end=\"1028\">\n<p data-start=\"894\" data-end=\"1028\"><strong data-start=\"894\" data-end=\"920\">Palmitoyylitripeptidi-5<\/strong> \u2013 vahvistaa soluv\u00e4liainetta, tekee ihosta kiinte\u00e4mm\u00e4n ja joustavamman sek\u00e4 auttaa supistamaan ihohuokosia.<\/p>\n<\/li>\n<li data-start=\"1029\" data-end=\"1197\">\n<p data-start=\"1031\" data-end=\"1197\"><strong data-start=\"1031\" data-end=\"1065\">Asetyylidipeptidi-1-setyyliesteri<\/strong> \u2013 v\u00e4hent\u00e4\u00e4 ulkoisten ymp\u00e4rist\u00f6tekij\u00f6iden aiheuttamaa \u00e4rsytyst\u00e4, est\u00e4\u00e4 fibroblastien glykaatiota ja lis\u00e4\u00e4 ihon kimmoisuutta.<\/p>\n<\/li>\n<li data-start=\"1198\" data-end=\"1321\">\n<p data-start=\"1200\" data-end=\"1321\"><strong data-start=\"1200\" data-end=\"1227\">Hydrolysoitu kollageeni<\/strong> \u2013 kosteuttaa tehokkaasti, parantaa ihon rakennetta, tukee uudistumisprosesseja ja silottaa ryppyj\u00e4.<\/p>\n<\/li>\n<li data-start=\"1322\" data-end=\"1496\">\n<p data-start=\"1324\" data-end=\"1496\"><strong data-start=\"1324\" data-end=\"1355\">Niasiiniamidi (B3-vitamiini)<\/strong> \u2013 tasoittaa ihonv\u00e4ri\u00e4, stimuloi kollageenin tuotantoa, kirkastaa ja vahvistaa ihon suojakerrosta hidastamalla melaniinin siirtymist\u00e4 epidermikseen.<\/p>\n<\/li>\n<li data-start=\"1497\" data-end=\"1639\">\n<p data-start=\"1499\" data-end=\"1639\"><strong data-start=\"1499\" data-end=\"1514\">Keramidit<\/strong> \u2013 ihon luonnollisten lipidien kaltaiset, vahvistavat suojakerrosta, est\u00e4v\u00e4t kosteuden haihtumista, rauhoittavat ja v\u00e4hent\u00e4v\u00e4t herkkyytt\u00e4.<\/p>\n<\/li>\n<\/ul>\n<p data-start=\"1641\" data-end=\"1675\">Sopii kaikille ihotyypeille.<\/p>\n<p data-start=\"1677\" data-end=\"1785\" data-is-last-node=\"\" data-is-only-node=\"\"><strong data-start=\"1677\" data-end=\"1692\">K\u00e4ytt\u00f6:<\/strong> Kun iho on puhdistettu kasvovedell\u00e4 ja seerumilla, levit\u00e4 voide kasvoille ja levit\u00e4 tasaisesti.<\/p>","protected":false},"excerpt":{"rendered":"<p>Medicube Age-R Glutathione Glow -kapselivoide tarjoaa ik\u00e4\u00e4ntymist\u00e4 ehk\u00e4isev\u00e4\u00e4 hoitoa ja tehokasta kosteutta, samalla auttaen ehk\u00e4isem\u00e4\u00e4n pigmenttil\u00e4iskien muodostumista ja pit\u00e4en ihon sile\u00e4n\u00e4 ja hehkuvana. Voide kirkastaa ihoa, poistaa sameutta, v\u00e4hent\u00e4\u00e4 ryppyjen n\u00e4kymist\u00e4 ja ehk\u00e4isee kuivumista. S\u00e4\u00e4nn\u00f6llisesti k\u00e4ytettyn\u00e4 se kiinteytt\u00e4\u00e4 ihoa otsalla, silmien ymp\u00e4rill\u00e4 ja nen\u00e4n ja huulien alueella. Nostavan vaikutuksen ansiosta voide supistaa laajentuneita ihohuokosia. Kevyt geelim\u00e4inen koostumus sis\u00e4lt\u00e4\u00e4\u2026<\/p>","protected":false},"featured_media":15345,"comment_status":"open","ping_status":"closed","template":"","meta":{"_uf_show_specific_survey":0,"_uf_disable_surveys":false,"_bst_post_transparent":"default","_bst_post_title":"","_bst_post_layout":"default","_bst_post_sidebar_id":"","_bst_post_content_style":"default","_bst_post_vertical_padding":"default","_bst_post_feature":"","_bst_post_feature_position":"","_bst_post_header":false,"_bst_post_footer":false},"pwb-brand":[490],"product_brand":[],"product_cat":[92,96],"product_tag":[567,965,721],"class_list":{"0":"post-15344","1":"product","2":"type-product","3":"status-publish","4":"has-post-thumbnail","6":"pwb-brand-medicube","7":"product_cat-nagu","8":"product_cat-naokreemid","9":"product_tag-glow","10":"product_tag-glutathione","11":"product_tag-medicube","13":"first","14":"instock","15":"sale","16":"shipping-taxable","17":"purchasable","18":"product-type-simple","19":"entry","20":"content-bg","21":"loop-entry"},"supplier_id":null,"supplier_sku":"","barcode":null,"atum_controlled":true,"out_stock_date":null,"out_stock_threshold":null,"inheritable":false,"inbound_stock":0,"stock_on_hold":0,"sold_today":0,"sales_last_days":1,"out_stock_days":0,"lost_sales":0,"has_location":false,"update_date":"2026-04-14T11:13:10","atum_locations":[],"atum_stock_status":"instock","restock_status":false,"low_stock_amount":"","sales_update_date":"2026-04-14T11:13:10","calc_backorders":null,"yoast_head":"<!-- This site is optimized with the Yoast SEO plugin v27.2 - https:\/\/yoast.com\/product\/yoast-seo-wordpress\/ -->\n<title>Medicube Age-R Glutathione Glow Capsule Cream, 50ml - IDA.KOREA<\/title>\n<meta name=\"description\" content=\"Luksuslik vananemisvastane kapselkreem glutatiooni ja peptiididega. Pinguldab, niisutab, silub kortse ja \u00fchtlustab nahatooni. Sobib k\u00f5ikidele nahat\u00fc\u00fcpidele.\" \/>\n<meta name=\"robots\" content=\"index, follow, max-snippet:-1, max-image-preview:large, max-video-preview:-1\" \/>\n<link rel=\"canonical\" href=\"https:\/\/idakorea.ee\/fi\/product\/medicube-age-r-glutathione-glow-capsule-cream\/\" \/>\n<meta property=\"og:locale\" content=\"fi_FI\" \/>\n<meta property=\"og:type\" content=\"article\" \/>\n<meta property=\"og:title\" content=\"Medicube Age-R Glutathione Glow Capsule Cream, 50ml - IDA.KOREA\" \/>\n<meta property=\"og:description\" content=\"Luksuslik vananemisvastane kapselkreem glutatiooni ja peptiididega. Pinguldab, niisutab, silub kortse ja \u00fchtlustab nahatooni. Sobib k\u00f5ikidele nahat\u00fc\u00fcpidele.\" \/>\n<meta property=\"og:url\" content=\"https:\/\/idakorea.ee\/fi\/product\/medicube-age-r-glutathione-glow-capsule-cream\/\" \/>\n<meta property=\"og:site_name\" content=\"IDA.KOREA\" \/>\n<meta property=\"article:modified_time\" content=\"2026-04-11T14:19:00+00:00\" \/>\n<meta property=\"og:image\" content=\"https:\/\/idakorea.ee\/wp-content\/uploads\/2025\/07\/medicube-age_r-glutathione-glow-capsule-cream-idakorea.jpg\" \/>\n\t<meta property=\"og:image:width\" content=\"1000\" \/>\n\t<meta property=\"og:image:height\" content=\"1000\" \/>\n\t<meta property=\"og:image:type\" content=\"image\/jpeg\" \/>\n<meta name=\"twitter:card\" content=\"summary_large_image\" \/>\n<meta name=\"twitter:label1\" content=\"Arvioitu lukuaika\" \/>\n\t<meta name=\"twitter:data1\" content=\"2 minuuttia\" \/>\n<script type=\"application\/ld+json\" class=\"yoast-schema-graph\">{\"@context\":\"https:\/\/schema.org\",\"@graph\":[{\"@type\":\"WebPage\",\"@id\":\"https:\/\/idakorea.ee\/product\/medicube-age-r-glutathione-glow-capsule-cream\/\",\"url\":\"https:\/\/idakorea.ee\/product\/medicube-age-r-glutathione-glow-capsule-cream\/\",\"name\":\"Medicube Age-R Glutathione Glow Capsule Cream, 50ml - IDA.KOREA\",\"isPartOf\":{\"@id\":\"https:\/\/idakorea.ee\/#website\"},\"primaryImageOfPage\":{\"@id\":\"https:\/\/idakorea.ee\/product\/medicube-age-r-glutathione-glow-capsule-cream\/#primaryimage\"},\"image\":{\"@id\":\"https:\/\/idakorea.ee\/product\/medicube-age-r-glutathione-glow-capsule-cream\/#primaryimage\"},\"thumbnailUrl\":\"https:\/\/idakorea.ee\/wp-content\/uploads\/2025\/07\/medicube-age_r-glutathione-glow-capsule-cream-idakorea.jpg\",\"datePublished\":\"2025-07-27T16:49:19+00:00\",\"dateModified\":\"2026-04-11T14:19:00+00:00\",\"description\":\"Luksuslik vananemisvastane kapselkreem glutatiooni ja peptiididega. Pinguldab, niisutab, silub kortse ja \u00fchtlustab nahatooni. Sobib k\u00f5ikidele nahat\u00fc\u00fcpidele.\",\"breadcrumb\":{\"@id\":\"https:\/\/idakorea.ee\/product\/medicube-age-r-glutathione-glow-capsule-cream\/#breadcrumb\"},\"inLanguage\":\"fi\",\"potentialAction\":[{\"@type\":\"ReadAction\",\"target\":[\"https:\/\/idakorea.ee\/product\/medicube-age-r-glutathione-glow-capsule-cream\/\"]}]},{\"@type\":\"ImageObject\",\"inLanguage\":\"fi\",\"@id\":\"https:\/\/idakorea.ee\/product\/medicube-age-r-glutathione-glow-capsule-cream\/#primaryimage\",\"url\":\"https:\/\/idakorea.ee\/wp-content\/uploads\/2025\/07\/medicube-age_r-glutathione-glow-capsule-cream-idakorea.jpg\",\"contentUrl\":\"https:\/\/idakorea.ee\/wp-content\/uploads\/2025\/07\/medicube-age_r-glutathione-glow-capsule-cream-idakorea.jpg\",\"width\":1000,\"height\":1000},{\"@type\":\"BreadcrumbList\",\"@id\":\"https:\/\/idakorea.ee\/product\/medicube-age-r-glutathione-glow-capsule-cream\/#breadcrumb\",\"itemListElement\":[{\"@type\":\"ListItem\",\"position\":1,\"name\":\"\u0413\u043b\u0430\u0432\u043d\u0430\u044f \u0441\u0442\u0440\u0430\u043d\u0438\u0446\u0430\",\"item\":\"https:\/\/idakorea.ee\/\"},{\"@type\":\"ListItem\",\"position\":2,\"name\":\"Shop\",\"item\":\"https:\/\/idakorea.ee\/shop-2\/\"},{\"@type\":\"ListItem\",\"position\":3,\"name\":\"Kapselkreem glutatiooni ja peptiididega Medicube Age-R Glutathione Glow Capsule Cream, 50ml\"}]},{\"@type\":\"WebSite\",\"@id\":\"https:\/\/idakorea.ee\/#website\",\"url\":\"https:\/\/idakorea.ee\/\",\"name\":\"IDA.KOREA\",\"description\":\"Korea kosmeetika e-pood\",\"publisher\":{\"@id\":\"https:\/\/idakorea.ee\/#organization\"},\"alternateName\":\"Beauty Shop\",\"potentialAction\":[{\"@type\":\"SearchAction\",\"target\":{\"@type\":\"EntryPoint\",\"urlTemplate\":\"https:\/\/idakorea.ee\/?s={search_term_string}\"},\"query-input\":{\"@type\":\"PropertyValueSpecification\",\"valueRequired\":true,\"valueName\":\"search_term_string\"}}],\"inLanguage\":\"fi\"},{\"@type\":\"Organization\",\"@id\":\"https:\/\/idakorea.ee\/#organization\",\"name\":\"IDA.KOREA\",\"url\":\"https:\/\/idakorea.ee\/\",\"logo\":{\"@type\":\"ImageObject\",\"inLanguage\":\"fi\",\"@id\":\"https:\/\/idakorea.ee\/#\/schema\/logo\/image\/\",\"url\":\"https:\/\/idakorea.ee\/wp-content\/uploads\/2024\/05\/cropped-korea3.png\",\"contentUrl\":\"https:\/\/idakorea.ee\/wp-content\/uploads\/2024\/05\/cropped-korea3.png\",\"width\":688,\"height\":126,\"caption\":\"IDA.KOREA\"},\"image\":{\"@id\":\"https:\/\/idakorea.ee\/#\/schema\/logo\/image\/\"},\"sameAs\":[\"https:\/\/www.instagram.com\/ida.korea\/\"]}]}<\/script>\n<!-- \/ Yoast SEO plugin. -->","yoast_head_json":{"title":"Medicube Age-R Glutathione Glow -kapselivoide, 50ml - IDA.KOREA","description":"Ylellinen ik\u00e4\u00e4ntymist\u00e4 ehk\u00e4isev\u00e4 kapselivoide glutationilla ja peptideill\u00e4. Kiinteytt\u00e4\u00e4, kosteuttaa, silottaa ryppyj\u00e4 ja tasoittaa ihon s\u00e4vy\u00e4. Sopii kaikille ihotyypeille.","robots":{"index":"index","follow":"follow","max-snippet":"max-snippet:-1","max-image-preview":"max-image-preview:large","max-video-preview":"max-video-preview:-1"},"canonical":"https:\/\/idakorea.ee\/fi\/product\/medicube-age-r-glutathione-glow-capsule-cream\/","og_locale":"fi_FI","og_type":"article","og_title":"Medicube Age-R Glutathione Glow Capsule Cream, 50ml - IDA.KOREA","og_description":"Luksuslik vananemisvastane kapselkreem glutatiooni ja peptiididega. Pinguldab, niisutab, silub kortse ja \u00fchtlustab nahatooni. Sobib k\u00f5ikidele nahat\u00fc\u00fcpidele.","og_url":"https:\/\/idakorea.ee\/fi\/product\/medicube-age-r-glutathione-glow-capsule-cream\/","og_site_name":"IDA.KOREA","article_modified_time":"2026-04-11T14:19:00+00:00","og_image":[{"width":1000,"height":1000,"url":"https:\/\/idakorea.ee\/wp-content\/uploads\/2025\/07\/medicube-age_r-glutathione-glow-capsule-cream-idakorea.jpg","type":"image\/jpeg"}],"twitter_card":"summary_large_image","twitter_misc":{"Arvioitu lukuaika":"2 minuuttia"},"schema":{"@context":"https:\/\/schema.org","@graph":[{"@type":"WebPage","@id":"https:\/\/idakorea.ee\/product\/medicube-age-r-glutathione-glow-capsule-cream\/","url":"https:\/\/idakorea.ee\/product\/medicube-age-r-glutathione-glow-capsule-cream\/","name":"Medicube Age-R Glutathione Glow -kapselivoide, 50ml - IDA.KOREA","isPartOf":{"@id":"https:\/\/idakorea.ee\/#website"},"primaryImageOfPage":{"@id":"https:\/\/idakorea.ee\/product\/medicube-age-r-glutathione-glow-capsule-cream\/#primaryimage"},"image":{"@id":"https:\/\/idakorea.ee\/product\/medicube-age-r-glutathione-glow-capsule-cream\/#primaryimage"},"thumbnailUrl":"https:\/\/idakorea.ee\/wp-content\/uploads\/2025\/07\/medicube-age_r-glutathione-glow-capsule-cream-idakorea.jpg","datePublished":"2025-07-27T16:49:19+00:00","dateModified":"2026-04-11T14:19:00+00:00","description":"Ylellinen ik\u00e4\u00e4ntymist\u00e4 ehk\u00e4isev\u00e4 kapselivoide glutationilla ja peptideill\u00e4. Kiinteytt\u00e4\u00e4, kosteuttaa, silottaa ryppyj\u00e4 ja tasoittaa ihon s\u00e4vy\u00e4. Sopii kaikille ihotyypeille.","breadcrumb":{"@id":"https:\/\/idakorea.ee\/product\/medicube-age-r-glutathione-glow-capsule-cream\/#breadcrumb"},"inLanguage":"fi","potentialAction":[{"@type":"ReadAction","target":["https:\/\/idakorea.ee\/product\/medicube-age-r-glutathione-glow-capsule-cream\/"]}]},{"@type":"ImageObject","inLanguage":"fi","@id":"https:\/\/idakorea.ee\/product\/medicube-age-r-glutathione-glow-capsule-cream\/#primaryimage","url":"https:\/\/idakorea.ee\/wp-content\/uploads\/2025\/07\/medicube-age_r-glutathione-glow-capsule-cream-idakorea.jpg","contentUrl":"https:\/\/idakorea.ee\/wp-content\/uploads\/2025\/07\/medicube-age_r-glutathione-glow-capsule-cream-idakorea.jpg","width":1000,"height":1000},{"@type":"BreadcrumbList","@id":"https:\/\/idakorea.ee\/product\/medicube-age-r-glutathione-glow-capsule-cream\/#breadcrumb","itemListElement":[{"@type":"ListItem","position":1,"name":"\u0413\u043b\u0430\u0432\u043d\u0430\u044f \u0441\u0442\u0440\u0430\u043d\u0438\u0446\u0430","item":"https:\/\/idakorea.ee\/"},{"@type":"ListItem","position":2,"name":"Shop","item":"https:\/\/idakorea.ee\/shop-2\/"},{"@type":"ListItem","position":3,"name":"Kapselkreem glutatiooni ja peptiididega Medicube Age-R Glutathione Glow Capsule Cream, 50ml"}]},{"@type":"WebSite","@id":"https:\/\/idakorea.ee\/#website","url":"https:\/\/idakorea.ee\/","name":"IDA.KOREA","description":"Korean kosmetiikan verkkokauppa","publisher":{"@id":"https:\/\/idakorea.ee\/#organization"},"alternateName":"Beauty Shop","potentialAction":[{"@type":"SearchAction","target":{"@type":"EntryPoint","urlTemplate":"https:\/\/idakorea.ee\/?s={search_term_string}"},"query-input":{"@type":"PropertyValueSpecification","valueRequired":true,"valueName":"search_term_string"}}],"inLanguage":"fi"},{"@type":"Organization","@id":"https:\/\/idakorea.ee\/#organization","name":"IDA.KOREA","url":"https:\/\/idakorea.ee\/","logo":{"@type":"ImageObject","inLanguage":"fi","@id":"https:\/\/idakorea.ee\/#\/schema\/logo\/image\/","url":"https:\/\/idakorea.ee\/wp-content\/uploads\/2024\/05\/cropped-korea3.png","contentUrl":"https:\/\/idakorea.ee\/wp-content\/uploads\/2024\/05\/cropped-korea3.png","width":688,"height":126,"caption":"IDA.KOREA"},"image":{"@id":"https:\/\/idakorea.ee\/#\/schema\/logo\/image\/"},"sameAs":["https:\/\/www.instagram.com\/ida.korea\/"]}]}},"jetpack_sharing_enabled":true,"brands":[{"id":490,"name":"MEDICUBE","slug":"medicube"}],"_links":{"self":[{"href":"https:\/\/idakorea.ee\/fi\/wp-json\/wp\/v2\/product\/15344","targetHints":{"allow":["GET"]}}],"collection":[{"href":"https:\/\/idakorea.ee\/fi\/wp-json\/wp\/v2\/product"}],"about":[{"href":"https:\/\/idakorea.ee\/fi\/wp-json\/wp\/v2\/types\/product"}],"replies":[{"embeddable":true,"href":"https:\/\/idakorea.ee\/fi\/wp-json\/wp\/v2\/comments?post=15344"}],"version-history":[{"count":3,"href":"https:\/\/idakorea.ee\/fi\/wp-json\/wp\/v2\/product\/15344\/revisions"}],"predecessor-version":[{"id":15350,"href":"https:\/\/idakorea.ee\/fi\/wp-json\/wp\/v2\/product\/15344\/revisions\/15350"}],"wp:featuredmedia":[{"embeddable":true,"href":"https:\/\/idakorea.ee\/fi\/wp-json\/wp\/v2\/media\/15345"}],"wp:attachment":[{"href":"https:\/\/idakorea.ee\/fi\/wp-json\/wp\/v2\/media?parent=15344"}],"wp:term":[{"taxonomy":"pwb-brand","embeddable":true,"href":"https:\/\/idakorea.ee\/fi\/wp-json\/wp\/v2\/pwb-brand?post=15344"},{"taxonomy":"product_brand","embeddable":true,"href":"https:\/\/idakorea.ee\/fi\/wp-json\/wp\/v2\/product_brand?post=15344"},{"taxonomy":"product_cat","embeddable":true,"href":"https:\/\/idakorea.ee\/fi\/wp-json\/wp\/v2\/product_cat?post=15344"},{"taxonomy":"product_tag","embeddable":true,"href":"https:\/\/idakorea.ee\/fi\/wp-json\/wp\/v2\/product_tag?post=15344"}],"curies":[{"name":"wp","href":"https:\/\/api.w.org\/{rel}","templated":true}]}}